{"id":226077,"date":"2024-12-19T02:18:40","date_gmt":"2024-12-19T01:18:40","guid":{"rendered":"https:\/\/www.csj-emballages.com\/produit\/pistacho-aroma-liquido-50-ml\/"},"modified":"2026-03-12T16:05:29","modified_gmt":"2026-03-12T15:05:29","slug":"pistacho-aroma-liquido-50-ml","status":"publish","type":"product","link":"https:\/\/www.csj-emballages.com\/es\/produit\/pistacho-aroma-liquido-50-ml\/","title":{"rendered":"Pistacho aroma l\u00edquido 50 ml"},"content":{"rendered":"<h2>Aroma l\u00edquido<\/h2>\n<hr>\n<h3>Descripci\u00f3n de nuestro pistacho sabor l\u00edquido 50 ml<\/h3>\n<p><!--more--><\/p>\n<p>Descubra nuestro <strong>aromatizante<\/strong> l\u00edquido con su delicado y aut\u00e9ntico sabor <strong>a pistacho<\/strong>. Este producto ha sido cuidadosamente desarrollado para a\u00f1adir una nota dulce y refinada a sus preparaciones culinarias. Tanto si prepara una bebida como un postre o un pastel, este <strong>aroma de pista<\/strong> cho se adapta perfectamente a sus recetas. Gracias a su pr\u00e1ctico formato <strong>de 50 ml<\/strong>, satisface las necesidades de aficionados y profesionales por igual, a la vez que resulta f\u00e1cil de dosificar para obtener resultados \u00f3ptimos. La utilizaci\u00f3n de este <strong>aroma l\u00edquido de<\/strong> <strong>pistacho<\/strong> es sencilla y flexible. S\u00f3lo necesita unas gotas para aromatizar sus creaciones, y su sabor sutil se extiende armoniosamente por sus recetas. Puede utilizarlo para cremas, helados, reposter\u00eda o incluso bebidas fr\u00edas y calientes. Por ejemplo, dar\u00e1 un toque gourmet a un capuchino o a un caf\u00e9 con leche, o a\u00f1adir\u00e1 profundidad a un pastel o a una mousse de chocolate.       <\/p>\n<p>&nbsp;<\/p>\n<p><!--more--><\/p>\n<h4>Un aroma vers\u00e1til<\/h4>\n<p>Este <strong>sabor a pistacho<\/strong> es tambi\u00e9n un ingrediente muy vers\u00e1til. Adem\u00e1s de los postres tradicionales, se presta perfectamente a recetas creativas. Por ejemplo, puede a\u00f1adirlo a cremas o salsas para platos salados, aportando un toque dulce y original. Puede resultar especialmente interesante en platos de aves o en mezclas de frutos secos. Con este <strong>aromatizante<\/strong> l\u00edquido, puede crear recetas atrevidas tanto para cocinar como para hornear.    <\/p>\n<p>Adem\u00e1s de ser f\u00e1cil de usar, este <strong>sabor l\u00edquido<\/strong> de pistacho se conserva bien gracias a su botella herm\u00e9tica. Despu\u00e9s de cada uso, vuelva a cerrar el frasco para preservar la calidad del producto. As\u00ed podr\u00e1 disfrutar de su sabor rico y natural durante mucho tiempo. Adem\u00e1s, el frasco es pr\u00e1ctico y f\u00e1cil de guardar, una gran ventaja para la cocina diaria.   <\/p>\n<p>&nbsp;<\/p>\n<p><!--more--><\/p>\n<h4>Un toque refinado para todas sus recetas<\/h4>\n<p><strong>El aroma l\u00edquido de<\/strong> pistacho es el ingrediente perfecto para dar un toque sofisticado a sus preparaciones. Su sabor suave y sutil combina bien con muchos otros sabores, como la fruta, el chocolate y la vainilla. De hecho, este <strong>aroma de pistacho<\/strong> es ideal para a\u00f1adir un matiz delicado a sus pasteles, helados y otros postres, d\u00e1ndoles un sabor refinado y equilibrado. Puede utilizarlo para aromatizar ganaches y mousses, o incluso para enriquecer salsas dulces.   <\/p>\n<p>Este producto tambi\u00e9n es muy popular entre los pasteleros profesionales, que lo utilizan para crear recetas \u00fanicas y creativas. Al incorporarlo a tartas, macarons o eclairs, se a\u00f1ade un sabor sutil pero distintivo que har\u00e1 las delicias de los paladares m\u00e1s exigentes. Adem\u00e1s, este <strong>aroma l\u00edquido<\/strong> de pistacho puede utilizarse en bebidas como batidos, smoothies o c\u00f3cteles. Aportar\u00e1 un toque de sofisticaci\u00f3n y originalidad a sus creaciones.   <\/p>\n<p>En resumen,<strong>el aroma l\u00edquido<\/strong> de pistacho es un producto esencial para cualquiera que desee a\u00f1adir un toque refinado a sus creaciones culinarias. Es f\u00e1cil de usar, vers\u00e1til y ofrece un sabor aut\u00e9ntico que combina a la perfecci\u00f3n con numerosas recetas. No espere m\u00e1s para probar este <strong>aroma de pista<\/strong> cho y dar rienda suelta a su creatividad culinaria.  <\/p>\n<p>&nbsp;<\/p>\n<p><!--more--><\/p>\n<h4>Ventajas:<\/h4>\n<ul>\n<li><strong>Sabor sutil y refinado<\/strong>:<strong>el aroma de pistacho<\/strong> aporta un sabor dulce y aut\u00e9ntico, ideal para diversificar sus recetas.<\/li>\n<li><strong>F\u00e1cil de dosificar<\/strong>: Gracias a su frasco de 50 ml, es f\u00e1cil a\u00f1adir la cantidad perfecta para cada preparaci\u00f3n.<\/li>\n<li><strong>Vers\u00e1til<\/strong>: Apto para una amplia gama de recetas, tanto dulces como saladas, para una cocina creativa.<\/li>\n<li><strong>Conservaci\u00f3n optimizada<\/strong>: el tap\u00f3n herm\u00e9tico garantiza la frescura y la calidad del<strong>sabor l\u00edquido<\/strong> durante varios meses.<\/li>\n<\/ul>\n<p>&nbsp;<\/p>\n<p><!--more--><\/p>\n<h4>Informaci\u00f3n adicional :<\/h4>\n<ul>\n<li><b>Altura: <\/b>115 mm<\/li>\n<li><strong>Embalaje<\/strong>: Por unidad<\/li>\n<li><strong>Volumen<\/strong>: 50 ml<\/li>\n<li><b>Sabor : <\/b>Pistacho<\/li>\n<li><strong>Dosis<\/strong>: 4g\/kg<\/li>\n<\/ul>\n<p>&nbsp;<\/p>\n<p><!--more--><\/p>\n<h4>Composici\u00f3n:<\/h4>\n<ul>\n<li><strong>Jarabe de az\u00facar<\/strong> \/ <strong>Agua<\/strong> \/ <strong>Aroma de pistacho<\/strong><\/li>\n<\/ul>\n<p>&nbsp;<\/p>\n<p><!--more--><\/p>\n<p>Disponible en varios sabores: <span style=\"color: #d12727;\"><a style=\"color: #d12727;\" href=\"https:\/\/www.csj-emballages.com\/produit\/arome-liquide-rose-50-ml\/\">Rosa<\/a><\/span> \/ <span style=\"color: #d12727;\"><a style=\"color: #d12727;\" href=\"https:\/\/www.csj-emballages.com\/produit\/arome-liquide-vanille-50-ml\/\">Vainilla<\/a><\/span> \/ <span style=\"color: #d12727;\"><a style=\"color: #d12727;\" href=\"https:\/\/www.csj-emballages.com\/de\/produit\/fluessiges-aroma-kakao-50-ml\/\">Cacao<\/a><\/span> \/ <span style=\"color: #d12727;\"><a style=\"color: #d12727;\" href=\"https:\/\/www.csj-emballages.com\/es\/produit\/platano-sabor-liquido-50-ml\/\">Pl\u00e1tano<\/a><\/span> \/ <span style=\"color: #d12727;\"><a style=\"color: #d12727;\" href=\"https:\/\/www.csj-emballages.com\/produit\/arome-liquide-fraise-50-ml\/\">Fresa<\/a><\/span> \/ <span style=\"color: #d12727;\"><a style=\"color: #d12727;\" href=\"https:\/\/www.csj-emballages.com\/de\/produit\/fluessiges-aroma-bittermandel-50-ml\/\">Almendra amarga<\/a><\/span><\/p>\n<p>&nbsp;<\/p>\n<p><!--more--><\/p>\n<p><a href=\"https:\/\/www.csj-emballages.com\/es\/categorie-produit\/alimentacion-es\/pasteleria\/sabores\/\">Descubra el resto de nuestra gama de sabores<\/a><\/p>\n","protected":false},"excerpt":{"rendered":"<p>Aroma l\u00edquido Descripci\u00f3n de nuestro pistacho sabor l\u00edquido 50 ml<\/p>\n","protected":false},"featured_media":219242,"template":"","meta":{"_acf_changed":false},"product_brand":[],"product_cat":[1162,9211,9228],"product_tag":[],"class_list":{"0":"post-226077","1":"product","2":"type-product","3":"status-publish","4":"has-post-thumbnail","6":"product_cat-alimentacion-es","7":"product_cat-pasteleria","8":"product_cat-sabores","10":"first","11":"instock","12":"taxable","13":"shipping-taxable","14":"purchasable","15":"product-type-simple"},"acf":[],"yoast_head":"<!-- This site is optimized with the Yoast SEO Premium plugin v26.6 (Yoast SEO v26.6) - https:\/\/yoast.com\/wordpress\/plugins\/seo\/ -->\n<title>Aroma l\u00edquido de pistacho - 50 ml<\/title>\n<meta name=\"description\" content=\"Sabor l\u00edquido de pistacho 50 ml: un sabor natural y vers\u00e1til para realzar sus recetas dulces y saladas. Pr\u00e1ctico formato, f\u00e1cil de dosificar\" \/>\n<meta name=\"robots\" content=\"index, follow, max-snippet:-1, max-image-preview:large, max-video-preview:-1\" \/>\n<link rel=\"canonical\" href=\"https:\/\/www.csj-emballages.com\/es\/produit\/pistacho-aroma-liquido-50-ml\/\" \/>\n<meta property=\"og:locale\" content=\"es_ES\" \/>\n<meta property=\"og:type\" content=\"article\" \/>\n<meta property=\"og:title\" content=\"Pistacho aroma l\u00edquido 50 ml\" \/>\n<meta property=\"og:description\" content=\"Sabor l\u00edquido de pistacho 50 ml: un sabor natural y vers\u00e1til para realzar sus recetas dulces y saladas. Pr\u00e1ctico formato, f\u00e1cil de dosificar\" \/>\n<meta property=\"og:url\" content=\"https:\/\/www.csj-emballages.com\/es\/produit\/pistacho-aroma-liquido-50-ml\/\" \/>\n<meta property=\"og:site_name\" content=\"CSJ Emballages\" \/>\n<meta property=\"article:publisher\" content=\"https:\/\/www.facebook.com\/csjemballages\" \/>\n<meta property=\"article:modified_time\" content=\"2026-03-12T15:05:29+00:00\" \/>\n<meta property=\"og:image\" content=\"https:\/\/www.csj-emballages.com\/wp-content\/uploads\/2024\/12\/Arome-pistache.webp\" \/>\n\t<meta property=\"og:image:width\" content=\"800\" \/>\n\t<meta property=\"og:image:height\" content=\"800\" \/>\n\t<meta property=\"og:image:type\" content=\"image\/webp\" \/>\n<meta name=\"twitter:card\" content=\"summary_large_image\" \/>\n<meta name=\"twitter:label1\" content=\"Tiempo de lectura\" \/>\n\t<meta name=\"twitter:data1\" content=\"3 minutos\" \/>\n<script type=\"application\/ld+json\" class=\"yoast-schema-graph\">{\"@context\":\"https:\/\/schema.org\",\"@graph\":[{\"@type\":\"WebPage\",\"@id\":\"https:\/\/www.csj-emballages.com\/es\/produit\/pistacho-aroma-liquido-50-ml\/\",\"url\":\"https:\/\/www.csj-emballages.com\/es\/produit\/pistacho-aroma-liquido-50-ml\/\",\"name\":\"Aroma l\u00edquido de pistacho - 50 ml\",\"isPartOf\":{\"@id\":\"https:\/\/www.csj-emballages.com\/es\/#website\"},\"primaryImageOfPage\":{\"@id\":\"https:\/\/www.csj-emballages.com\/es\/produit\/pistacho-aroma-liquido-50-ml\/#primaryimage\"},\"image\":{\"@id\":\"https:\/\/www.csj-emballages.com\/es\/produit\/pistacho-aroma-liquido-50-ml\/#primaryimage\"},\"thumbnailUrl\":\"https:\/\/www.csj-emballages.com\/wp-content\/uploads\/2024\/12\/Arome-pistache.webp\",\"datePublished\":\"2024-12-19T01:18:40+00:00\",\"dateModified\":\"2026-03-12T15:05:29+00:00\",\"description\":\"Sabor l\u00edquido de pistacho 50 ml: un sabor natural y vers\u00e1til para realzar sus recetas dulces y saladas. Pr\u00e1ctico formato, f\u00e1cil de dosificar\",\"breadcrumb\":{\"@id\":\"https:\/\/www.csj-emballages.com\/es\/produit\/pistacho-aroma-liquido-50-ml\/#breadcrumb\"},\"inLanguage\":\"es\",\"potentialAction\":[{\"@type\":\"ReadAction\",\"target\":[\"https:\/\/www.csj-emballages.com\/es\/produit\/pistacho-aroma-liquido-50-ml\/\"]}]},{\"@type\":\"ImageObject\",\"inLanguage\":\"es\",\"@id\":\"https:\/\/www.csj-emballages.com\/es\/produit\/pistacho-aroma-liquido-50-ml\/#primaryimage\",\"url\":\"https:\/\/www.csj-emballages.com\/wp-content\/uploads\/2024\/12\/Arome-pistache.webp\",\"contentUrl\":\"https:\/\/www.csj-emballages.com\/wp-content\/uploads\/2024\/12\/Arome-pistache.webp\",\"width\":800,\"height\":800,\"caption\":\"Ar\u00f4me liquide pistache\"},{\"@type\":\"BreadcrumbList\",\"@id\":\"https:\/\/www.csj-emballages.com\/es\/produit\/pistacho-aroma-liquido-50-ml\/#breadcrumb\",\"itemListElement\":[{\"@type\":\"ListItem\",\"position\":1,\"name\":\"Accueil\",\"item\":\"https:\/\/www.csj-emballages.com\/es\/universo-del-envasado-alimentario\/\"},{\"@type\":\"ListItem\",\"position\":2,\"name\":\"Tienda\",\"item\":\"https:\/\/www.csj-emballages.com\/tienda\/\"},{\"@type\":\"ListItem\",\"position\":3,\"name\":\"Pistacho aroma l\u00edquido 50 ml\"}]},{\"@type\":\"WebSite\",\"@id\":\"https:\/\/www.csj-emballages.com\/es\/#website\",\"url\":\"https:\/\/www.csj-emballages.com\/es\/\",\"name\":\"CSJ Emballages\",\"description\":\"\",\"publisher\":{\"@id\":\"https:\/\/www.csj-emballages.com\/es\/#organization\"},\"potentialAction\":[{\"@type\":\"SearchAction\",\"target\":{\"@type\":\"EntryPoint\",\"urlTemplate\":\"https:\/\/www.csj-emballages.com\/es\/?s={search_term_string}\"},\"query-input\":{\"@type\":\"PropertyValueSpecification\",\"valueRequired\":true,\"valueName\":\"search_term_string\"}}],\"inLanguage\":\"es\"},{\"@type\":\"Organization\",\"@id\":\"https:\/\/www.csj-emballages.com\/es\/#Organization\/\",\"name\":\"CSJ Emballages\",\"url\":\"https:\/\/www.csj-emballages.com\/es\/\",\"logo\":{\"@type\":\"ImageObject\",\"inLanguage\":\"es\",\"@id\":\"https:\/\/www.csj-emballages.com\/es\/#\/schema\/logo\/image\/\",\"url\":\"https:\/\/www.csj-emballages.com\/wp-content\/uploads\/2023\/10\/logo_csj.webp\",\"contentUrl\":\"https:\/\/www.csj-emballages.com\/wp-content\/uploads\/2023\/10\/logo_csj.webp\",\"width\":250,\"height\":95,\"caption\":\"CSJ Emballages\"},\"image\":{\"@id\":\"https:\/\/www.csj-emballages.com\/es\/#\/schema\/logo\/image\/\"},\"sameAs\":[\"https:\/\/www.facebook.com\/csjemballages\"],\"address\":{\"@type\":\"PostalAddress\",\"streetAddress\":\"ZI La Lechere\",\"addressLocality\":\"Patornay\",\"postalCode\":\"39130\",\"addressCountry\":\"FR\"},\"contactPoint\":[{\"@type\":\"ContactPoint\",\"contactType\":\"Service client\",\"telephone\":\"0384254272\",\"email\":\"contact@csj-emballages.com\"}]}]}<\/script>\n<!-- \/ Yoast SEO Premium plugin. -->","yoast_head_json":{"title":"Aroma l\u00edquido de pistacho - 50 ml","description":"Sabor l\u00edquido de pistacho 50 ml: un sabor natural y vers\u00e1til para realzar sus recetas dulces y saladas. Pr\u00e1ctico formato, f\u00e1cil de dosificar","robots":{"index":"index","follow":"follow","max-snippet":"max-snippet:-1","max-image-preview":"max-image-preview:large","max-video-preview":"max-video-preview:-1"},"canonical":"https:\/\/www.csj-emballages.com\/es\/produit\/pistacho-aroma-liquido-50-ml\/","og_locale":"es_ES","og_type":"article","og_title":"Pistacho aroma l\u00edquido 50 ml","og_description":"Sabor l\u00edquido de pistacho 50 ml: un sabor natural y vers\u00e1til para realzar sus recetas dulces y saladas. Pr\u00e1ctico formato, f\u00e1cil de dosificar","og_url":"https:\/\/www.csj-emballages.com\/es\/produit\/pistacho-aroma-liquido-50-ml\/","og_site_name":"CSJ Emballages","article_publisher":"https:\/\/www.facebook.com\/csjemballages","article_modified_time":"2026-03-12T15:05:29+00:00","og_image":[{"width":800,"height":800,"url":"https:\/\/www.csj-emballages.com\/wp-content\/uploads\/2024\/12\/Arome-pistache.webp","type":"image\/webp"}],"twitter_card":"summary_large_image","twitter_misc":{"Tiempo de lectura":"3 minutos"},"schema":{"@context":"https:\/\/schema.org","@graph":[{"@type":"WebPage","@id":"https:\/\/www.csj-emballages.com\/es\/produit\/pistacho-aroma-liquido-50-ml\/","url":"https:\/\/www.csj-emballages.com\/es\/produit\/pistacho-aroma-liquido-50-ml\/","name":"Aroma l\u00edquido de pistacho - 50 ml","isPartOf":{"@id":"https:\/\/www.csj-emballages.com\/es\/#website"},"primaryImageOfPage":{"@id":"https:\/\/www.csj-emballages.com\/es\/produit\/pistacho-aroma-liquido-50-ml\/#primaryimage"},"image":{"@id":"https:\/\/www.csj-emballages.com\/es\/produit\/pistacho-aroma-liquido-50-ml\/#primaryimage"},"thumbnailUrl":"https:\/\/www.csj-emballages.com\/wp-content\/uploads\/2024\/12\/Arome-pistache.webp","datePublished":"2024-12-19T01:18:40+00:00","dateModified":"2026-03-12T15:05:29+00:00","description":"Sabor l\u00edquido de pistacho 50 ml: un sabor natural y vers\u00e1til para realzar sus recetas dulces y saladas. Pr\u00e1ctico formato, f\u00e1cil de dosificar","breadcrumb":{"@id":"https:\/\/www.csj-emballages.com\/es\/produit\/pistacho-aroma-liquido-50-ml\/#breadcrumb"},"inLanguage":"es","potentialAction":[{"@type":"ReadAction","target":["https:\/\/www.csj-emballages.com\/es\/produit\/pistacho-aroma-liquido-50-ml\/"]}]},{"@type":"ImageObject","inLanguage":"es","@id":"https:\/\/www.csj-emballages.com\/es\/produit\/pistacho-aroma-liquido-50-ml\/#primaryimage","url":"https:\/\/www.csj-emballages.com\/wp-content\/uploads\/2024\/12\/Arome-pistache.webp","contentUrl":"https:\/\/www.csj-emballages.com\/wp-content\/uploads\/2024\/12\/Arome-pistache.webp","width":800,"height":800,"caption":"Ar\u00f4me liquide pistache"},{"@type":"BreadcrumbList","@id":"https:\/\/www.csj-emballages.com\/es\/produit\/pistacho-aroma-liquido-50-ml\/#breadcrumb","itemListElement":[{"@type":"ListItem","position":1,"name":"Accueil","item":"https:\/\/www.csj-emballages.com\/es\/universo-del-envasado-alimentario\/"},{"@type":"ListItem","position":2,"name":"Tienda","item":"https:\/\/www.csj-emballages.com\/tienda\/"},{"@type":"ListItem","position":3,"name":"Pistacho aroma l\u00edquido 50 ml"}]},{"@type":"WebSite","@id":"https:\/\/www.csj-emballages.com\/es\/#website","url":"https:\/\/www.csj-emballages.com\/es\/","name":"CSJ Emballages","description":"","publisher":{"@id":"https:\/\/www.csj-emballages.com\/es\/#organization"},"potentialAction":[{"@type":"SearchAction","target":{"@type":"EntryPoint","urlTemplate":"https:\/\/www.csj-emballages.com\/es\/?s={search_term_string}"},"query-input":{"@type":"PropertyValueSpecification","valueRequired":true,"valueName":"search_term_string"}}],"inLanguage":"es"},{"@type":"Organization","@id":"https:\/\/www.csj-emballages.com\/es\/#Organization\/","name":"CSJ Emballages","url":"https:\/\/www.csj-emballages.com\/es\/","logo":{"@type":"ImageObject","inLanguage":"es","@id":"https:\/\/www.csj-emballages.com\/es\/#\/schema\/logo\/image\/","url":"https:\/\/www.csj-emballages.com\/wp-content\/uploads\/2023\/10\/logo_csj.webp","contentUrl":"https:\/\/www.csj-emballages.com\/wp-content\/uploads\/2023\/10\/logo_csj.webp","width":250,"height":95,"caption":"CSJ Emballages"},"image":{"@id":"https:\/\/www.csj-emballages.com\/es\/#\/schema\/logo\/image\/"},"sameAs":["https:\/\/www.facebook.com\/csjemballages"],"address":{"@type":"PostalAddress","streetAddress":"ZI La Lechere","addressLocality":"Patornay","postalCode":"39130","addressCountry":"FR"},"contactPoint":[{"@type":"ContactPoint","contactType":"Service client","telephone":"0384254272","email":"contact@csj-emballages.com"}]}]}},"df_price":1.87,"df_sale_price":"","df_regular_price":1.87,"df_image_link":"https:\/\/www.csj-emballages.com\/wp-content\/uploads\/2024\/12\/Arome-pistache-300x300.webp","tiered_pricing_type":"fixed","tiered_pricing_fixed_rules":[],"tiered_pricing_percentage_rules":[],"tiered_pricing_minimum":1,"tiered_pricing_roles_data":[],"_links":{"self":[{"href":"https:\/\/www.csj-emballages.com\/es\/wp-json\/wp\/v2\/product\/226077","targetHints":{"allow":["GET"]}}],"collection":[{"href":"https:\/\/www.csj-emballages.com\/es\/wp-json\/wp\/v2\/product"}],"about":[{"href":"https:\/\/www.csj-emballages.com\/es\/wp-json\/wp\/v2\/types\/product"}],"wp:featuredmedia":[{"embeddable":true,"href":"https:\/\/www.csj-emballages.com\/es\/wp-json\/wp\/v2\/media\/219242"}],"wp:attachment":[{"href":"https:\/\/www.csj-emballages.com\/es\/wp-json\/wp\/v2\/media?parent=226077"}],"wp:term":[{"taxonomy":"product_brand","embeddable":true,"href":"https:\/\/www.csj-emballages.com\/es\/wp-json\/wp\/v2\/product_brand?post=226077"},{"taxonomy":"product_cat","embeddable":true,"href":"https:\/\/www.csj-emballages.com\/es\/wp-json\/wp\/v2\/product_cat?post=226077"},{"taxonomy":"product_tag","embeddable":true,"href":"https:\/\/www.csj-emballages.com\/es\/wp-json\/wp\/v2\/product_tag?post=226077"}],"curies":[{"name":"wp","href":"https:\/\/api.w.org\/{rel}","templated":true}]}}