{"id":226068,"date":"2024-12-19T02:18:28","date_gmt":"2024-12-19T01:18:28","guid":{"rendered":"https:\/\/www.csj-emballages.com\/produit\/liquido-sabor-cafe-50-ml\/"},"modified":"2026-03-12T16:05:26","modified_gmt":"2026-03-12T15:05:26","slug":"liquido-sabor-cafe-50-ml","status":"publish","type":"product","link":"https:\/\/www.csj-emballages.com\/es\/produit\/liquido-sabor-cafe-50-ml\/","title":{"rendered":"L\u00edquido sabor caf\u00e9 50 ml"},"content":{"rendered":"<h2><\/h2>\n<h2>Aroma l\u00edquido<\/h2>\n<hr>\n<h3>Descripci\u00f3n de nuestro aroma de caf\u00e9 l\u00edquido 50 ml<\/h3>\n<p><!--more--><\/p>\n<p>Descubra nuestro <strong>aromatizante l\u00edquido de<\/strong> <strong>caf\u00e9<\/strong>, un producto dise\u00f1ado para aportar un sabor intenso y gourmet a sus creaciones culinarias. Este frasco <strong>de 50 ml<\/strong> es perfecto para realzar sus postres, bebidas o pasteles con una nota de caf\u00e9 natural y equilibrada. Pr\u00e1ctico y f\u00e1cil de usar, responde a las necesidades tanto de los aficionados a la cocina como de los profesionales. La utilizaci\u00f3n de este <strong>aroma de<\/strong> caf\u00e9 es sencilla e intuitiva. Bastan unas gotas para transformar sus preparaciones. Perfecto para realzar cremas, pasteles o bebidas, se integra perfectamente en sus recetas. Puede utilizarlo para aromatizar un tiramis\u00fa, un fondant de chocolate o incluso un c\u00f3ctel gourmet. Gracias a su tama\u00f1o compacto, este <strong>aromatizante l\u00edquido<\/strong> es f\u00e1cil de dosificar y almacenar, por lo que no hay necesidad de desperdiciarlo. Este producto destaca por su versatilidad.        <\/p>\n<p>&nbsp;<\/p>\n<p><!--more--><\/p>\n<h4>Un sabor a caf\u00e9 para una gran variedad de creaciones gourmet<\/h4>\n<p><strong>El aroma de<\/strong> <strong>caf\u00e9<\/strong><strong>l\u00edquido<\/strong> es imprescindible para quienes aprecian el sabor rico e intenso del caf\u00e9. A\u00f1ade una nota arom\u00e1tica \u00fanica a sus preparaciones. Desde postres cl\u00e1sicos como la mousse de chocolate hasta creaciones m\u00e1s sofisticadas, este <strong>aromatizante de<\/strong> caf\u00e9 garantiza resultados deliciosos. El formato <strong>de 50<\/strong> ml se adapta perfectamente a un uso regular. Compacto y pr\u00e1ctico, se adapta f\u00e1cilmente al espacio de su cocina. Su dosificaci\u00f3n precisa le permite ajustar la cantidad de<strong>aroma de<\/strong> caf\u00e9 a sus gustos, ya sean intensos o m\u00e1s sutiles.     <\/p>\n<p>Una de las grandes ventajas de este <strong>aromatizante l\u00edquido<\/strong> es su relaci\u00f3n calidad-precio. Unas pocas gotas bastan para aromatizar sus preparaciones, lo que lo convierte en un producto econ\u00f3mico y duradero. Adem\u00e1s, ahorra tiempo al simplificar sus preparaciones. No necesita preparar caf\u00e9 l\u00edquido ni utilizar granos molidos para obtener un sabor aut\u00e9ntico.   <\/p>\n<p>&nbsp;<\/p>\n<p><!--more--><\/p>\n<h4>Un aliado indispensable para sus recetas<\/h4>\n<p><strong>El aroma de<\/strong> <strong>caf\u00e9 l\u00edquido<\/strong> es mucho m\u00e1s que un ingrediente, es un verdadero activo para sus creaciones culinarias. Ofrece un sabor aut\u00e9ntico e intenso que realza tanto las recetas sencillas como los platos sofisticados. Su facilidad de uso y versatilidad lo convierten en un producto imprescindible en la cocina.  <\/p>\n<p>Tanto si es un aficionado como un profesional, este <strong>sabor a caf\u00e9<\/strong> le permite personalizar sus recetas para adaptarlas a sus gustos. Al incorporarlo a sus preparaciones, obtendr\u00e1 un resultado delicioso y \u00fanico, sin esfuerzo. Pru\u00e9belo hoy mismo y explore las innumerables posibilidades que le ofrece. No querr\u00e1 prescindir de \u00e9l.   <\/p>\n<p>&nbsp;<\/p>\n<p><!--more--><\/p>\n<p>Pruebe hoy mismo este <strong>sabor a caf\u00e9<\/strong> y a\u00f1ada una nueva dimensi\u00f3n a sus recetas cotidianas.<\/p>\n<p>&nbsp;<\/p>\n<p><!--more--><\/p>\n<h4>Ventajas:<\/h4>\n<ul>\n<li><strong>Sabor aut\u00e9ntico e intenso<\/strong>: Un rico <strong>aroma a<\/strong> caf\u00e9 que reproduce fielmente el sabor del caf\u00e9 reci\u00e9n hecho.<\/li>\n<li><strong>F\u00e1cil de dosificar<\/strong>: unas pocas gotas bastan para aromatizar sus recetas, sin riesgo de sobrecargar los sabores.<\/li>\n<li><strong>Vers\u00e1til<\/strong>: Apto para una amplia gama de preparaciones dulces (postres, bebidas) y saladas (salsas, adobos).<\/li>\n<li><strong>Conservaci\u00f3n \u00f3ptima<\/strong>: una botella herm\u00e9tica conserva la frescura y la intensidad del<strong>sabor l\u00edquido<\/strong> durante varios meses.<\/li>\n<\/ul>\n<p>&nbsp;<\/p>\n<p><!--more--><\/p>\n<h4>Informaci\u00f3n adicional :<\/h4>\n<ul>\n<li><b>Altura: <\/b>115 mm<\/li>\n<li><strong>Embalaje<\/strong>: Por unidad<\/li>\n<li><strong>Volumen<\/strong>: 50 ml<\/li>\n<li><b>Sabor : <\/b>Caf\u00e9<\/li>\n<li><strong>Dosis<\/strong>: 6g\/kg<\/li>\n<\/ul>\n<p>&nbsp;<\/p>\n<p><!--more--><\/p>\n<h4>Composici\u00f3n:<\/h4>\n<ul>\n<li><strong>Jarabe de az\u00facar<\/strong> \/ <strong>Aroma de caf\u00e9 \/ Colorante caramelo \/ Cafe\u00edna<\/strong><\/li>\n<\/ul>\n<p>&nbsp;<\/p>\n<p><!--more--><\/p>\n<p>Disponible en varios sabores: <span style=\"color: #d12727;\"><a style=\"color: #d12727;\" href=\"https:\/\/www.csj-emballages.com\/produit\/arome-liquide-vanille-50-ml\/\">Vainilla<\/a><\/span> \/ <span style=\"color: #d12727;\"><a style=\"color: #d12727;\" href=\"https:\/\/www.csj-emballages.com\/produit\/arome-liquide-pistache-50-ml\/\">Pistacho<\/a><\/span> \/ <span style=\"color: #d12727;\"><a style=\"color: #d12727;\" href=\"https:\/\/www.csj-emballages.com\/es\/produit\/aroma-de-cacao-liquido-50-ml\/\">Cacao<\/a><\/span> \/ <span style=\"color: #d12727;\"><a style=\"color: #d12727;\" href=\"https:\/\/www.csj-emballages.com\/en\/produit\/lemon-liquid-flavour-50-ml\/\">Lim\u00f3n<\/a><\/span> \/ <span style=\"color: #d12727;\"><a style=\"color: #d12727;\" href=\"https:\/\/www.csj-emballages.com\/en\/produit\/pineapple-liquid-flavor-50-ml\/\">Pi\u00f1a<\/a><\/span> \/ <span style=\"color: #d12727;\"><a style=\"color: #d12727;\" href=\"https:\/\/www.csj-emballages.com\/produit\/arome-liquide-orange-50-ml\/\">Naranja<\/a><\/span><\/p>\n<p>&nbsp;<\/p>\n<p><!--more--><\/p>\n<p><a href=\"https:\/\/www.csj-emballages.com\/es\/categorie-produit\/alimentacion-es\/pasteleria\/sabores\/\">Descubra el resto de nuestra gama de sabores<\/a><\/p>\n","protected":false},"excerpt":{"rendered":"<p>Aroma l\u00edquido Descripci\u00f3n de nuestro aroma de caf\u00e9 l\u00edquido 50 ml<\/p>\n","protected":false},"featured_media":219187,"template":"","meta":{"_acf_changed":false},"product_brand":[],"product_cat":[1162,9211,9228],"product_tag":[],"class_list":{"0":"post-226068","1":"product","2":"type-product","3":"status-publish","4":"has-post-thumbnail","6":"product_cat-alimentacion-es","7":"product_cat-pasteleria","8":"product_cat-sabores","10":"first","11":"instock","12":"taxable","13":"shipping-taxable","14":"purchasable","15":"product-type-simple"},"acf":[],"yoast_head":"<!-- This site is optimized with the Yoast SEO Premium plugin v26.6 (Yoast SEO v26.6) - https:\/\/yoast.com\/wordpress\/plugins\/seo\/ -->\n<title>L\u00edquido Sabor Caf\u00e9 - 50 ml<\/title>\n<meta name=\"description\" content=\"Descubra el aroma de caf\u00e9 l\u00edquido 50 ml: un aroma natural y vers\u00e1til para realzar sus recetas dulces y saladas. Formato pr\u00e1ctico, f\u00e1cil de dosificar\" \/>\n<meta name=\"robots\" content=\"index, follow, max-snippet:-1, max-image-preview:large, max-video-preview:-1\" \/>\n<link rel=\"canonical\" href=\"https:\/\/www.csj-emballages.com\/es\/produit\/liquido-sabor-cafe-50-ml\/\" \/>\n<meta property=\"og:locale\" content=\"es_ES\" \/>\n<meta property=\"og:type\" content=\"article\" \/>\n<meta property=\"og:title\" content=\"L\u00edquido sabor caf\u00e9 50 ml\" \/>\n<meta property=\"og:description\" content=\"Descubra el aroma de caf\u00e9 l\u00edquido 50 ml: un aroma natural y vers\u00e1til para realzar sus recetas dulces y saladas. Formato pr\u00e1ctico, f\u00e1cil de dosificar\" \/>\n<meta property=\"og:url\" content=\"https:\/\/www.csj-emballages.com\/es\/produit\/liquido-sabor-cafe-50-ml\/\" \/>\n<meta property=\"og:site_name\" content=\"CSJ Emballages\" \/>\n<meta property=\"article:publisher\" content=\"https:\/\/www.facebook.com\/csjemballages\" \/>\n<meta property=\"article:modified_time\" content=\"2026-03-12T15:05:26+00:00\" \/>\n<meta property=\"og:image\" content=\"https:\/\/www.csj-emballages.com\/wp-content\/uploads\/2024\/12\/Arome-cafe.webp\" \/>\n\t<meta property=\"og:image:width\" content=\"800\" \/>\n\t<meta property=\"og:image:height\" content=\"800\" \/>\n\t<meta property=\"og:image:type\" content=\"image\/webp\" \/>\n<meta name=\"twitter:card\" content=\"summary_large_image\" \/>\n<meta name=\"twitter:label1\" content=\"Tiempo de lectura\" \/>\n\t<meta name=\"twitter:data1\" content=\"3 minutos\" \/>\n<script type=\"application\/ld+json\" class=\"yoast-schema-graph\">{\"@context\":\"https:\/\/schema.org\",\"@graph\":[{\"@type\":\"WebPage\",\"@id\":\"https:\/\/www.csj-emballages.com\/es\/produit\/liquido-sabor-cafe-50-ml\/\",\"url\":\"https:\/\/www.csj-emballages.com\/es\/produit\/liquido-sabor-cafe-50-ml\/\",\"name\":\"L\u00edquido Sabor Caf\u00e9 - 50 ml\",\"isPartOf\":{\"@id\":\"https:\/\/www.csj-emballages.com\/es\/#website\"},\"primaryImageOfPage\":{\"@id\":\"https:\/\/www.csj-emballages.com\/es\/produit\/liquido-sabor-cafe-50-ml\/#primaryimage\"},\"image\":{\"@id\":\"https:\/\/www.csj-emballages.com\/es\/produit\/liquido-sabor-cafe-50-ml\/#primaryimage\"},\"thumbnailUrl\":\"https:\/\/www.csj-emballages.com\/wp-content\/uploads\/2024\/12\/Arome-cafe.webp\",\"datePublished\":\"2024-12-19T01:18:28+00:00\",\"dateModified\":\"2026-03-12T15:05:26+00:00\",\"description\":\"Descubra el aroma de caf\u00e9 l\u00edquido 50 ml: un aroma natural y vers\u00e1til para realzar sus recetas dulces y saladas. Formato pr\u00e1ctico, f\u00e1cil de dosificar\",\"breadcrumb\":{\"@id\":\"https:\/\/www.csj-emballages.com\/es\/produit\/liquido-sabor-cafe-50-ml\/#breadcrumb\"},\"inLanguage\":\"es\",\"potentialAction\":[{\"@type\":\"ReadAction\",\"target\":[\"https:\/\/www.csj-emballages.com\/es\/produit\/liquido-sabor-cafe-50-ml\/\"]}]},{\"@type\":\"ImageObject\",\"inLanguage\":\"es\",\"@id\":\"https:\/\/www.csj-emballages.com\/es\/produit\/liquido-sabor-cafe-50-ml\/#primaryimage\",\"url\":\"https:\/\/www.csj-emballages.com\/wp-content\/uploads\/2024\/12\/Arome-cafe.webp\",\"contentUrl\":\"https:\/\/www.csj-emballages.com\/wp-content\/uploads\/2024\/12\/Arome-cafe.webp\",\"width\":800,\"height\":800,\"caption\":\"Ar\u00f4me liquide caf\u00e9\"},{\"@type\":\"BreadcrumbList\",\"@id\":\"https:\/\/www.csj-emballages.com\/es\/produit\/liquido-sabor-cafe-50-ml\/#breadcrumb\",\"itemListElement\":[{\"@type\":\"ListItem\",\"position\":1,\"name\":\"Accueil\",\"item\":\"https:\/\/www.csj-emballages.com\/es\/universo-del-envasado-alimentario\/\"},{\"@type\":\"ListItem\",\"position\":2,\"name\":\"Tienda\",\"item\":\"https:\/\/www.csj-emballages.com\/tienda\/\"},{\"@type\":\"ListItem\",\"position\":3,\"name\":\"L\u00edquido sabor caf\u00e9 50 ml\"}]},{\"@type\":\"WebSite\",\"@id\":\"https:\/\/www.csj-emballages.com\/es\/#website\",\"url\":\"https:\/\/www.csj-emballages.com\/es\/\",\"name\":\"CSJ Emballages\",\"description\":\"\",\"publisher\":{\"@id\":\"https:\/\/www.csj-emballages.com\/es\/#organization\"},\"potentialAction\":[{\"@type\":\"SearchAction\",\"target\":{\"@type\":\"EntryPoint\",\"urlTemplate\":\"https:\/\/www.csj-emballages.com\/es\/?s={search_term_string}\"},\"query-input\":{\"@type\":\"PropertyValueSpecification\",\"valueRequired\":true,\"valueName\":\"search_term_string\"}}],\"inLanguage\":\"es\"},{\"@type\":\"Organization\",\"@id\":\"https:\/\/www.csj-emballages.com\/es\/#Organization\/\",\"name\":\"CSJ Emballages\",\"url\":\"https:\/\/www.csj-emballages.com\/es\/\",\"logo\":{\"@type\":\"ImageObject\",\"inLanguage\":\"es\",\"@id\":\"https:\/\/www.csj-emballages.com\/es\/#\/schema\/logo\/image\/\",\"url\":\"https:\/\/www.csj-emballages.com\/wp-content\/uploads\/2023\/10\/logo_csj.webp\",\"contentUrl\":\"https:\/\/www.csj-emballages.com\/wp-content\/uploads\/2023\/10\/logo_csj.webp\",\"width\":250,\"height\":95,\"caption\":\"CSJ Emballages\"},\"image\":{\"@id\":\"https:\/\/www.csj-emballages.com\/es\/#\/schema\/logo\/image\/\"},\"sameAs\":[\"https:\/\/www.facebook.com\/csjemballages\"],\"address\":{\"@type\":\"PostalAddress\",\"streetAddress\":\"ZI La Lechere\",\"addressLocality\":\"Patornay\",\"postalCode\":\"39130\",\"addressCountry\":\"FR\"},\"contactPoint\":[{\"@type\":\"ContactPoint\",\"contactType\":\"Service client\",\"telephone\":\"0384254272\",\"email\":\"contact@csj-emballages.com\"}]}]}<\/script>\n<!-- \/ Yoast SEO Premium plugin. -->","yoast_head_json":{"title":"L\u00edquido Sabor Caf\u00e9 - 50 ml","description":"Descubra el aroma de caf\u00e9 l\u00edquido 50 ml: un aroma natural y vers\u00e1til para realzar sus recetas dulces y saladas. Formato pr\u00e1ctico, f\u00e1cil de dosificar","robots":{"index":"index","follow":"follow","max-snippet":"max-snippet:-1","max-image-preview":"max-image-preview:large","max-video-preview":"max-video-preview:-1"},"canonical":"https:\/\/www.csj-emballages.com\/es\/produit\/liquido-sabor-cafe-50-ml\/","og_locale":"es_ES","og_type":"article","og_title":"L\u00edquido sabor caf\u00e9 50 ml","og_description":"Descubra el aroma de caf\u00e9 l\u00edquido 50 ml: un aroma natural y vers\u00e1til para realzar sus recetas dulces y saladas. Formato pr\u00e1ctico, f\u00e1cil de dosificar","og_url":"https:\/\/www.csj-emballages.com\/es\/produit\/liquido-sabor-cafe-50-ml\/","og_site_name":"CSJ Emballages","article_publisher":"https:\/\/www.facebook.com\/csjemballages","article_modified_time":"2026-03-12T15:05:26+00:00","og_image":[{"width":800,"height":800,"url":"https:\/\/www.csj-emballages.com\/wp-content\/uploads\/2024\/12\/Arome-cafe.webp","type":"image\/webp"}],"twitter_card":"summary_large_image","twitter_misc":{"Tiempo de lectura":"3 minutos"},"schema":{"@context":"https:\/\/schema.org","@graph":[{"@type":"WebPage","@id":"https:\/\/www.csj-emballages.com\/es\/produit\/liquido-sabor-cafe-50-ml\/","url":"https:\/\/www.csj-emballages.com\/es\/produit\/liquido-sabor-cafe-50-ml\/","name":"L\u00edquido Sabor Caf\u00e9 - 50 ml","isPartOf":{"@id":"https:\/\/www.csj-emballages.com\/es\/#website"},"primaryImageOfPage":{"@id":"https:\/\/www.csj-emballages.com\/es\/produit\/liquido-sabor-cafe-50-ml\/#primaryimage"},"image":{"@id":"https:\/\/www.csj-emballages.com\/es\/produit\/liquido-sabor-cafe-50-ml\/#primaryimage"},"thumbnailUrl":"https:\/\/www.csj-emballages.com\/wp-content\/uploads\/2024\/12\/Arome-cafe.webp","datePublished":"2024-12-19T01:18:28+00:00","dateModified":"2026-03-12T15:05:26+00:00","description":"Descubra el aroma de caf\u00e9 l\u00edquido 50 ml: un aroma natural y vers\u00e1til para realzar sus recetas dulces y saladas. Formato pr\u00e1ctico, f\u00e1cil de dosificar","breadcrumb":{"@id":"https:\/\/www.csj-emballages.com\/es\/produit\/liquido-sabor-cafe-50-ml\/#breadcrumb"},"inLanguage":"es","potentialAction":[{"@type":"ReadAction","target":["https:\/\/www.csj-emballages.com\/es\/produit\/liquido-sabor-cafe-50-ml\/"]}]},{"@type":"ImageObject","inLanguage":"es","@id":"https:\/\/www.csj-emballages.com\/es\/produit\/liquido-sabor-cafe-50-ml\/#primaryimage","url":"https:\/\/www.csj-emballages.com\/wp-content\/uploads\/2024\/12\/Arome-cafe.webp","contentUrl":"https:\/\/www.csj-emballages.com\/wp-content\/uploads\/2024\/12\/Arome-cafe.webp","width":800,"height":800,"caption":"Ar\u00f4me liquide caf\u00e9"},{"@type":"BreadcrumbList","@id":"https:\/\/www.csj-emballages.com\/es\/produit\/liquido-sabor-cafe-50-ml\/#breadcrumb","itemListElement":[{"@type":"ListItem","position":1,"name":"Accueil","item":"https:\/\/www.csj-emballages.com\/es\/universo-del-envasado-alimentario\/"},{"@type":"ListItem","position":2,"name":"Tienda","item":"https:\/\/www.csj-emballages.com\/tienda\/"},{"@type":"ListItem","position":3,"name":"L\u00edquido sabor caf\u00e9 50 ml"}]},{"@type":"WebSite","@id":"https:\/\/www.csj-emballages.com\/es\/#website","url":"https:\/\/www.csj-emballages.com\/es\/","name":"CSJ Emballages","description":"","publisher":{"@id":"https:\/\/www.csj-emballages.com\/es\/#organization"},"potentialAction":[{"@type":"SearchAction","target":{"@type":"EntryPoint","urlTemplate":"https:\/\/www.csj-emballages.com\/es\/?s={search_term_string}"},"query-input":{"@type":"PropertyValueSpecification","valueRequired":true,"valueName":"search_term_string"}}],"inLanguage":"es"},{"@type":"Organization","@id":"https:\/\/www.csj-emballages.com\/es\/#Organization\/","name":"CSJ Emballages","url":"https:\/\/www.csj-emballages.com\/es\/","logo":{"@type":"ImageObject","inLanguage":"es","@id":"https:\/\/www.csj-emballages.com\/es\/#\/schema\/logo\/image\/","url":"https:\/\/www.csj-emballages.com\/wp-content\/uploads\/2023\/10\/logo_csj.webp","contentUrl":"https:\/\/www.csj-emballages.com\/wp-content\/uploads\/2023\/10\/logo_csj.webp","width":250,"height":95,"caption":"CSJ Emballages"},"image":{"@id":"https:\/\/www.csj-emballages.com\/es\/#\/schema\/logo\/image\/"},"sameAs":["https:\/\/www.facebook.com\/csjemballages"],"address":{"@type":"PostalAddress","streetAddress":"ZI La Lechere","addressLocality":"Patornay","postalCode":"39130","addressCountry":"FR"},"contactPoint":[{"@type":"ContactPoint","contactType":"Service client","telephone":"0384254272","email":"contact@csj-emballages.com"}]}]}},"df_price":2.9,"df_sale_price":"","df_regular_price":2.9,"df_image_link":"https:\/\/www.csj-emballages.com\/wp-content\/uploads\/2024\/12\/Arome-cafe-300x300.webp","tiered_pricing_type":"fixed","tiered_pricing_fixed_rules":[],"tiered_pricing_percentage_rules":[],"tiered_pricing_minimum":1,"tiered_pricing_roles_data":[],"_links":{"self":[{"href":"https:\/\/www.csj-emballages.com\/es\/wp-json\/wp\/v2\/product\/226068","targetHints":{"allow":["GET"]}}],"collection":[{"href":"https:\/\/www.csj-emballages.com\/es\/wp-json\/wp\/v2\/product"}],"about":[{"href":"https:\/\/www.csj-emballages.com\/es\/wp-json\/wp\/v2\/types\/product"}],"wp:featuredmedia":[{"embeddable":true,"href":"https:\/\/www.csj-emballages.com\/es\/wp-json\/wp\/v2\/media\/219187"}],"wp:attachment":[{"href":"https:\/\/www.csj-emballages.com\/es\/wp-json\/wp\/v2\/media?parent=226068"}],"wp:term":[{"taxonomy":"product_brand","embeddable":true,"href":"https:\/\/www.csj-emballages.com\/es\/wp-json\/wp\/v2\/product_brand?post=226068"},{"taxonomy":"product_cat","embeddable":true,"href":"https:\/\/www.csj-emballages.com\/es\/wp-json\/wp\/v2\/product_cat?post=226068"},{"taxonomy":"product_tag","embeddable":true,"href":"https:\/\/www.csj-emballages.com\/es\/wp-json\/wp\/v2\/product_tag?post=226068"}],"curies":[{"name":"wp","href":"https:\/\/api.w.org\/{rel}","templated":true}]}}