{"id":226067,"date":"2024-12-19T02:18:31","date_gmt":"2024-12-19T01:18:31","guid":{"rendered":"https:\/\/www.csj-emballages.com\/produit\/liquido-sabor-limon-50-ml\/"},"modified":"2026-03-12T16:05:27","modified_gmt":"2026-03-12T15:05:27","slug":"liquido-sabor-limon-50-ml","status":"publish","type":"product","link":"https:\/\/www.csj-emballages.com\/es\/produit\/liquido-sabor-limon-50-ml\/","title":{"rendered":"L\u00edquido sabor lim\u00f3n 50 ml"},"content":{"rendered":"<h2>Aroma l\u00edquido<\/h2>\n<hr>\n<h3>Descripci\u00f3n de nuestro l\u00edquido sabor lim\u00f3n 50 ml<\/h3>\n<p><!--more--><\/p>\n<p>Descubra nuestro <strong>aroma l\u00edquido<\/strong> <strong>de lim\u00f3n<\/strong>, ideal para dar un toque de acidez y frescor a sus recetas. Este aroma, disponible en frasco de <strong>50 ml<\/strong>, destaca por su autenticidad y practicidad. Perfecto tanto para los cocineros aficionados como para los profesionales, puede incorporarse f\u00e1cilmente a una gran variedad de preparaciones, desde postres hasta platos salados. Utilizar este <strong>aromatizante l\u00edquido de<\/strong> <strong>lim\u00f3n<\/strong> es r\u00e1pido y sencillo. Unas gotas bastan para aromatizar sus recetas con un equilibrado y agradable sabor a lim\u00f3n. Este producto es ideal para realzar sus pasteles, cremas, tartas o c\u00f3cteles. Tambi\u00e9n puede utilizarse para dar un toque \u00e1cido a platos salados como <span style=\"color: #d12727;\"><a style=\"color: #d12727;\" href=\"https:\/\/www.csj-emballages.com\/es\/categorie-produit\/alimentacion-es\/adobos\/\">adobos<\/a><\/span>salsas o ali\u00f1os. Gracias a su formato <strong>de 50 ml<\/strong>, podr\u00e1 dosificar exactamente lo que necesite sin desperdiciar nada.       <\/p>\n<p>&nbsp;<\/p>\n<p><!--more--><\/p>\n<h4>F\u00e1cil uso a largo plazo<\/h4>\n<p>Adem\u00e1s, este <strong>sabor a lim\u00f3n<\/strong> es f\u00e1cil de incorporar a sus recetas. Tanto si prepara un pastel de lim\u00f3n como una tarta de merengue o una bebida refrescante, a\u00f1ade una dimensi\u00f3n de sabor \u00fanica. Su sabor fresco y natural se adapta a todos los gustos culinarios. Con este <strong>aromatizante l\u00edquido<\/strong>, simplificar\u00e1 la preparaci\u00f3n de sus platos y garantizar\u00e1 unos resultados siempre sabrosos. En t\u00e9rminos de almacenamiento, este producto est\u00e1 dise\u00f1ado para durar. Su botella herm\u00e9tica protege el contenido del aire, manteniendo la frescura y la intensidad del sabor durante mucho tiempo. Despu\u00e9s de cada uso, aseg\u00farese de volver a cerrar la botella para preservar toda su calidad. Compacto y f\u00e1cil de guardar, encajar\u00e1 perfectamente en su cocina.       <\/p>\n<p><strong>El aroma l\u00edquido de<\/strong> <strong>lim\u00f3n<\/strong> est\u00e1 especialmente indicado tanto para principiantes como para profesionales. Su facilidad de uso y su formato pr\u00e1ctico lo hacen indispensable para crear platos originales o cl\u00e1sicos. Garantiza un sabor homog\u00e9neo, sin variaciones debidas a la temporada o a la calidad de los <strong>limones<\/strong> frescos.  <\/p>\n<p>&nbsp;<\/p>\n<p><!--more--><\/p>\n<h4>Un toque pr\u00e1ctico y sabroso<\/h4>\n<p>En resumen, nuestro <strong>aroma l\u00edquido<\/strong> <strong>de lim\u00f3n<\/strong> es una soluci\u00f3n ideal para a\u00f1adir un sabor \u00e1cido y natural a sus platos y postres. Gracias a su versatilidad, se adapta a todas sus ideas culinarias, ya sean cl\u00e1sicas o innovadoras. Este frasco <strong>de 50 ml<\/strong> es f\u00e1cil de guardar, sencillo de usar y est\u00e1 dise\u00f1ado para satisfacer las necesidades de todos los cocineros.  <\/p>\n<p>Pruebe hoy mismo este <strong>sabor a<\/strong> lim\u00f3n para transformar sus recetas cotidianas en creaciones \u00fanicas, frescas y sabrosas. Es una forma pr\u00e1ctica y eficaz de mejorar a\u00fan m\u00e1s sus preparaciones en un abrir y cerrar de ojos. <\/p>\n<p>&nbsp;<\/p>\n<p><!--more--><\/p>\n<p>Pruebe hoy mismo este <strong>sabor a lim\u00f3n<\/strong> y a\u00f1ada una nueva dimensi\u00f3n a sus recetas cotidianas.<\/p>\n<p>&nbsp;<\/p>\n<p><!--more--><\/p>\n<h4>Ventajas:<\/h4>\n<ul>\n<li><strong>Sabor aut\u00e9ntico y fresco<\/strong>: Un sabor a lim\u00f3n natural para realzar sus recetas dulces y saladas.<\/li>\n<li><strong>Vers\u00e1til<\/strong>: Apto para postres, bebidas, reposter\u00eda e incluso platos salados.<\/li>\n<li><strong>Conservaci\u00f3n optimizada<\/strong>: botella herm\u00e9tica para preservar la frescura y la intensidad del aroma.<\/li>\n<li><strong>Econ\u00f3mico<\/strong>: una peque\u00f1a cantidad es todo lo que necesita para aromatizar sus preparaciones, lo que hace que el producto sea de larga duraci\u00f3n.<\/li>\n<\/ul>\n<p>&nbsp;<\/p>\n<p><!--more--><\/p>\n<h4>Informaci\u00f3n adicional :<\/h4>\n<ul>\n<li><b>Altura: <\/b>115 mm<\/li>\n<li><strong>Embalaje<\/strong>: Por unidad<\/li>\n<li><strong>Volumen<\/strong>: 50 ml<\/li>\n<li><b>Sabor: <\/b>Lim\u00f3n<\/li>\n<li><strong>Posolog\u00eda<\/strong>: 5g\/kg<\/li>\n<\/ul>\n<p>&nbsp;<\/p>\n<p><!--more--><\/p>\n<h4>Composici\u00f3n:<\/h4>\n<ul>\n<li><strong>Jarabe de az\u00facar<\/strong> \/ <strong>Agua<\/strong> \/ <strong>Aroma de lim\u00f3n<\/strong><\/li>\n<\/ul>\n<p>&nbsp;<\/p>\n<p><!--more--><\/p>\n<p>Disponible en varios sabores: <span style=\"color: #d12727;\"><a style=\"color: #d12727;\" href=\"https:\/\/www.csj-emballages.com\/es\/produit\/liquido-sabor-almendra-amarga-50-ml\/\">Almendra amarga<\/a><\/span> \/ <span style=\"color: #d12727;\"><a style=\"color: #d12727;\" href=\"https:\/\/www.csj-emballages.com\/produit\/arome-liquide-pistache-50-ml\/\">Pistacho<\/a><\/span> \/ <span style=\"color: #d12727;\"><a style=\"color: #d12727;\" href=\"https:\/\/www.csj-emballages.com\/en\/produit\/liquid-cocoa-flavor-50-ml\/\">Cacao<\/a><\/span> \/ <span style=\"color: #d12727;\"><a style=\"color: #d12727;\" href=\"https:\/\/www.csj-emballages.com\/es\/produit\/platano-sabor-liquido-50-ml\/\">Pl\u00e1tano<\/a><\/span> \/ <span style=\"color: #d12727;\"><a style=\"color: #d12727;\" href=\"https:\/\/www.csj-emballages.com\/produit\/arome-liquide-rose-50-ml\/\">Rosa<\/a><\/span> \/ <span style=\"color: #d12727;\"><a style=\"color: #d12727;\" href=\"https:\/\/www.csj-emballages.com\/produit\/arome-liquide-orange-50-ml\/\">Naranja<\/a><\/span><\/p>\n<p>&nbsp;<\/p>\n<p><!--more--><\/p>\n<p><a href=\"https:\/\/www.csj-emballages.com\/es\/categorie-produit\/alimentacion-es\/pasteleria\/sabores\/\">Descubra el resto de nuestra gama de sabores<\/a><\/p>\n","protected":false},"excerpt":{"rendered":"<p>Aroma l\u00edquido Descripci\u00f3n de nuestro l\u00edquido sabor lim\u00f3n 50 ml<\/p>\n","protected":false},"featured_media":219156,"template":"","meta":{"_acf_changed":false},"product_brand":[],"product_cat":[1162,9211,9228],"product_tag":[],"class_list":{"0":"post-226067","1":"product","2":"type-product","3":"status-publish","4":"has-post-thumbnail","6":"product_cat-alimentacion-es","7":"product_cat-pasteleria","8":"product_cat-sabores","10":"first","11":"instock","12":"taxable","13":"shipping-taxable","14":"purchasable","15":"product-type-simple"},"acf":[],"yoast_head":"<!-- This site is optimized with the Yoast SEO Premium plugin v26.6 (Yoast SEO v26.6) - https:\/\/yoast.com\/wordpress\/plugins\/seo\/ -->\n<title>L\u00edquido sabor lim\u00f3n - 50 ml<\/title>\n<meta name=\"description\" content=\"Descubra el aroma l\u00edquido de lim\u00f3n 50 ml: un sabor natural y vers\u00e1til para realzar sus recetas dulces y saladas. Pr\u00e1ctico formato, f\u00e1cil de dosificar\" \/>\n<meta name=\"robots\" content=\"index, follow, max-snippet:-1, max-image-preview:large, max-video-preview:-1\" \/>\n<link rel=\"canonical\" href=\"https:\/\/www.csj-emballages.com\/es\/produit\/liquido-sabor-limon-50-ml\/\" \/>\n<meta property=\"og:locale\" content=\"es_ES\" \/>\n<meta property=\"og:type\" content=\"article\" \/>\n<meta property=\"og:title\" content=\"L\u00edquido sabor lim\u00f3n 50 ml\" \/>\n<meta property=\"og:description\" content=\"Descubra el aroma l\u00edquido de lim\u00f3n 50 ml: un sabor natural y vers\u00e1til para realzar sus recetas dulces y saladas. Pr\u00e1ctico formato, f\u00e1cil de dosificar\" \/>\n<meta property=\"og:url\" content=\"https:\/\/www.csj-emballages.com\/es\/produit\/liquido-sabor-limon-50-ml\/\" \/>\n<meta property=\"og:site_name\" content=\"CSJ Emballages\" \/>\n<meta property=\"article:publisher\" content=\"https:\/\/www.facebook.com\/csjemballages\" \/>\n<meta property=\"article:modified_time\" content=\"2026-03-12T15:05:27+00:00\" \/>\n<meta property=\"og:image\" content=\"https:\/\/www.csj-emballages.com\/wp-content\/uploads\/2024\/12\/Arome-citron.webp\" \/>\n\t<meta property=\"og:image:width\" content=\"800\" \/>\n\t<meta property=\"og:image:height\" content=\"800\" \/>\n\t<meta property=\"og:image:type\" content=\"image\/webp\" \/>\n<meta name=\"twitter:card\" content=\"summary_large_image\" \/>\n<meta name=\"twitter:label1\" content=\"Tiempo de lectura\" \/>\n\t<meta name=\"twitter:data1\" content=\"3 minutos\" \/>\n<script type=\"application\/ld+json\" class=\"yoast-schema-graph\">{\"@context\":\"https:\/\/schema.org\",\"@graph\":[{\"@type\":\"WebPage\",\"@id\":\"https:\/\/www.csj-emballages.com\/es\/produit\/liquido-sabor-limon-50-ml\/\",\"url\":\"https:\/\/www.csj-emballages.com\/es\/produit\/liquido-sabor-limon-50-ml\/\",\"name\":\"L\u00edquido sabor lim\u00f3n - 50 ml\",\"isPartOf\":{\"@id\":\"https:\/\/www.csj-emballages.com\/es\/#website\"},\"primaryImageOfPage\":{\"@id\":\"https:\/\/www.csj-emballages.com\/es\/produit\/liquido-sabor-limon-50-ml\/#primaryimage\"},\"image\":{\"@id\":\"https:\/\/www.csj-emballages.com\/es\/produit\/liquido-sabor-limon-50-ml\/#primaryimage\"},\"thumbnailUrl\":\"https:\/\/www.csj-emballages.com\/wp-content\/uploads\/2024\/12\/Arome-citron.webp\",\"datePublished\":\"2024-12-19T01:18:31+00:00\",\"dateModified\":\"2026-03-12T15:05:27+00:00\",\"description\":\"Descubra el aroma l\u00edquido de lim\u00f3n 50 ml: un sabor natural y vers\u00e1til para realzar sus recetas dulces y saladas. Pr\u00e1ctico formato, f\u00e1cil de dosificar\",\"breadcrumb\":{\"@id\":\"https:\/\/www.csj-emballages.com\/es\/produit\/liquido-sabor-limon-50-ml\/#breadcrumb\"},\"inLanguage\":\"es\",\"potentialAction\":[{\"@type\":\"ReadAction\",\"target\":[\"https:\/\/www.csj-emballages.com\/es\/produit\/liquido-sabor-limon-50-ml\/\"]}]},{\"@type\":\"ImageObject\",\"inLanguage\":\"es\",\"@id\":\"https:\/\/www.csj-emballages.com\/es\/produit\/liquido-sabor-limon-50-ml\/#primaryimage\",\"url\":\"https:\/\/www.csj-emballages.com\/wp-content\/uploads\/2024\/12\/Arome-citron.webp\",\"contentUrl\":\"https:\/\/www.csj-emballages.com\/wp-content\/uploads\/2024\/12\/Arome-citron.webp\",\"width\":800,\"height\":800,\"caption\":\"Ar\u00f4me liquide citron\"},{\"@type\":\"BreadcrumbList\",\"@id\":\"https:\/\/www.csj-emballages.com\/es\/produit\/liquido-sabor-limon-50-ml\/#breadcrumb\",\"itemListElement\":[{\"@type\":\"ListItem\",\"position\":1,\"name\":\"Accueil\",\"item\":\"https:\/\/www.csj-emballages.com\/es\/universo-del-envasado-alimentario\/\"},{\"@type\":\"ListItem\",\"position\":2,\"name\":\"Tienda\",\"item\":\"https:\/\/www.csj-emballages.com\/tienda\/\"},{\"@type\":\"ListItem\",\"position\":3,\"name\":\"L\u00edquido sabor lim\u00f3n 50 ml\"}]},{\"@type\":\"WebSite\",\"@id\":\"https:\/\/www.csj-emballages.com\/es\/#website\",\"url\":\"https:\/\/www.csj-emballages.com\/es\/\",\"name\":\"CSJ Emballages\",\"description\":\"\",\"publisher\":{\"@id\":\"https:\/\/www.csj-emballages.com\/es\/#organization\"},\"potentialAction\":[{\"@type\":\"SearchAction\",\"target\":{\"@type\":\"EntryPoint\",\"urlTemplate\":\"https:\/\/www.csj-emballages.com\/es\/?s={search_term_string}\"},\"query-input\":{\"@type\":\"PropertyValueSpecification\",\"valueRequired\":true,\"valueName\":\"search_term_string\"}}],\"inLanguage\":\"es\"},{\"@type\":\"Organization\",\"@id\":\"https:\/\/www.csj-emballages.com\/es\/#Organization\/\",\"name\":\"CSJ Emballages\",\"url\":\"https:\/\/www.csj-emballages.com\/es\/\",\"logo\":{\"@type\":\"ImageObject\",\"inLanguage\":\"es\",\"@id\":\"https:\/\/www.csj-emballages.com\/es\/#\/schema\/logo\/image\/\",\"url\":\"https:\/\/www.csj-emballages.com\/wp-content\/uploads\/2023\/10\/logo_csj.webp\",\"contentUrl\":\"https:\/\/www.csj-emballages.com\/wp-content\/uploads\/2023\/10\/logo_csj.webp\",\"width\":250,\"height\":95,\"caption\":\"CSJ Emballages\"},\"image\":{\"@id\":\"https:\/\/www.csj-emballages.com\/es\/#\/schema\/logo\/image\/\"},\"sameAs\":[\"https:\/\/www.facebook.com\/csjemballages\"],\"address\":{\"@type\":\"PostalAddress\",\"streetAddress\":\"ZI La Lechere\",\"addressLocality\":\"Patornay\",\"postalCode\":\"39130\",\"addressCountry\":\"FR\"},\"contactPoint\":[{\"@type\":\"ContactPoint\",\"contactType\":\"Service client\",\"telephone\":\"0384254272\",\"email\":\"contact@csj-emballages.com\"}]}]}<\/script>\n<!-- \/ Yoast SEO Premium plugin. -->","yoast_head_json":{"title":"L\u00edquido sabor lim\u00f3n - 50 ml","description":"Descubra el aroma l\u00edquido de lim\u00f3n 50 ml: un sabor natural y vers\u00e1til para realzar sus recetas dulces y saladas. Pr\u00e1ctico formato, f\u00e1cil de dosificar","robots":{"index":"index","follow":"follow","max-snippet":"max-snippet:-1","max-image-preview":"max-image-preview:large","max-video-preview":"max-video-preview:-1"},"canonical":"https:\/\/www.csj-emballages.com\/es\/produit\/liquido-sabor-limon-50-ml\/","og_locale":"es_ES","og_type":"article","og_title":"L\u00edquido sabor lim\u00f3n 50 ml","og_description":"Descubra el aroma l\u00edquido de lim\u00f3n 50 ml: un sabor natural y vers\u00e1til para realzar sus recetas dulces y saladas. Pr\u00e1ctico formato, f\u00e1cil de dosificar","og_url":"https:\/\/www.csj-emballages.com\/es\/produit\/liquido-sabor-limon-50-ml\/","og_site_name":"CSJ Emballages","article_publisher":"https:\/\/www.facebook.com\/csjemballages","article_modified_time":"2026-03-12T15:05:27+00:00","og_image":[{"width":800,"height":800,"url":"https:\/\/www.csj-emballages.com\/wp-content\/uploads\/2024\/12\/Arome-citron.webp","type":"image\/webp"}],"twitter_card":"summary_large_image","twitter_misc":{"Tiempo de lectura":"3 minutos"},"schema":{"@context":"https:\/\/schema.org","@graph":[{"@type":"WebPage","@id":"https:\/\/www.csj-emballages.com\/es\/produit\/liquido-sabor-limon-50-ml\/","url":"https:\/\/www.csj-emballages.com\/es\/produit\/liquido-sabor-limon-50-ml\/","name":"L\u00edquido sabor lim\u00f3n - 50 ml","isPartOf":{"@id":"https:\/\/www.csj-emballages.com\/es\/#website"},"primaryImageOfPage":{"@id":"https:\/\/www.csj-emballages.com\/es\/produit\/liquido-sabor-limon-50-ml\/#primaryimage"},"image":{"@id":"https:\/\/www.csj-emballages.com\/es\/produit\/liquido-sabor-limon-50-ml\/#primaryimage"},"thumbnailUrl":"https:\/\/www.csj-emballages.com\/wp-content\/uploads\/2024\/12\/Arome-citron.webp","datePublished":"2024-12-19T01:18:31+00:00","dateModified":"2026-03-12T15:05:27+00:00","description":"Descubra el aroma l\u00edquido de lim\u00f3n 50 ml: un sabor natural y vers\u00e1til para realzar sus recetas dulces y saladas. Pr\u00e1ctico formato, f\u00e1cil de dosificar","breadcrumb":{"@id":"https:\/\/www.csj-emballages.com\/es\/produit\/liquido-sabor-limon-50-ml\/#breadcrumb"},"inLanguage":"es","potentialAction":[{"@type":"ReadAction","target":["https:\/\/www.csj-emballages.com\/es\/produit\/liquido-sabor-limon-50-ml\/"]}]},{"@type":"ImageObject","inLanguage":"es","@id":"https:\/\/www.csj-emballages.com\/es\/produit\/liquido-sabor-limon-50-ml\/#primaryimage","url":"https:\/\/www.csj-emballages.com\/wp-content\/uploads\/2024\/12\/Arome-citron.webp","contentUrl":"https:\/\/www.csj-emballages.com\/wp-content\/uploads\/2024\/12\/Arome-citron.webp","width":800,"height":800,"caption":"Ar\u00f4me liquide citron"},{"@type":"BreadcrumbList","@id":"https:\/\/www.csj-emballages.com\/es\/produit\/liquido-sabor-limon-50-ml\/#breadcrumb","itemListElement":[{"@type":"ListItem","position":1,"name":"Accueil","item":"https:\/\/www.csj-emballages.com\/es\/universo-del-envasado-alimentario\/"},{"@type":"ListItem","position":2,"name":"Tienda","item":"https:\/\/www.csj-emballages.com\/tienda\/"},{"@type":"ListItem","position":3,"name":"L\u00edquido sabor lim\u00f3n 50 ml"}]},{"@type":"WebSite","@id":"https:\/\/www.csj-emballages.com\/es\/#website","url":"https:\/\/www.csj-emballages.com\/es\/","name":"CSJ Emballages","description":"","publisher":{"@id":"https:\/\/www.csj-emballages.com\/es\/#organization"},"potentialAction":[{"@type":"SearchAction","target":{"@type":"EntryPoint","urlTemplate":"https:\/\/www.csj-emballages.com\/es\/?s={search_term_string}"},"query-input":{"@type":"PropertyValueSpecification","valueRequired":true,"valueName":"search_term_string"}}],"inLanguage":"es"},{"@type":"Organization","@id":"https:\/\/www.csj-emballages.com\/es\/#Organization\/","name":"CSJ Emballages","url":"https:\/\/www.csj-emballages.com\/es\/","logo":{"@type":"ImageObject","inLanguage":"es","@id":"https:\/\/www.csj-emballages.com\/es\/#\/schema\/logo\/image\/","url":"https:\/\/www.csj-emballages.com\/wp-content\/uploads\/2023\/10\/logo_csj.webp","contentUrl":"https:\/\/www.csj-emballages.com\/wp-content\/uploads\/2023\/10\/logo_csj.webp","width":250,"height":95,"caption":"CSJ Emballages"},"image":{"@id":"https:\/\/www.csj-emballages.com\/es\/#\/schema\/logo\/image\/"},"sameAs":["https:\/\/www.facebook.com\/csjemballages"],"address":{"@type":"PostalAddress","streetAddress":"ZI La Lechere","addressLocality":"Patornay","postalCode":"39130","addressCountry":"FR"},"contactPoint":[{"@type":"ContactPoint","contactType":"Service client","telephone":"0384254272","email":"contact@csj-emballages.com"}]}]}},"df_price":2.81,"df_sale_price":"","df_regular_price":2.81,"df_image_link":"https:\/\/www.csj-emballages.com\/wp-content\/uploads\/2024\/12\/Arome-citron-300x300.webp","tiered_pricing_type":"fixed","tiered_pricing_fixed_rules":[],"tiered_pricing_percentage_rules":[],"tiered_pricing_minimum":1,"tiered_pricing_roles_data":[],"_links":{"self":[{"href":"https:\/\/www.csj-emballages.com\/es\/wp-json\/wp\/v2\/product\/226067","targetHints":{"allow":["GET"]}}],"collection":[{"href":"https:\/\/www.csj-emballages.com\/es\/wp-json\/wp\/v2\/product"}],"about":[{"href":"https:\/\/www.csj-emballages.com\/es\/wp-json\/wp\/v2\/types\/product"}],"wp:featuredmedia":[{"embeddable":true,"href":"https:\/\/www.csj-emballages.com\/es\/wp-json\/wp\/v2\/media\/219156"}],"wp:attachment":[{"href":"https:\/\/www.csj-emballages.com\/es\/wp-json\/wp\/v2\/media?parent=226067"}],"wp:term":[{"taxonomy":"product_brand","embeddable":true,"href":"https:\/\/www.csj-emballages.com\/es\/wp-json\/wp\/v2\/product_brand?post=226067"},{"taxonomy":"product_cat","embeddable":true,"href":"https:\/\/www.csj-emballages.com\/es\/wp-json\/wp\/v2\/product_cat?post=226067"},{"taxonomy":"product_tag","embeddable":true,"href":"https:\/\/www.csj-emballages.com\/es\/wp-json\/wp\/v2\/product_tag?post=226067"}],"curies":[{"name":"wp","href":"https:\/\/api.w.org\/{rel}","templated":true}]}}