{"id":226062,"date":"2024-12-19T02:18:25","date_gmt":"2024-12-19T01:18:25","guid":{"rendered":"https:\/\/www.csj-emballages.com\/produit\/aroma-de-cacao-liquido-50-ml\/"},"modified":"2026-03-12T16:05:25","modified_gmt":"2026-03-12T15:05:25","slug":"aroma-de-cacao-liquido-50-ml","status":"publish","type":"product","link":"https:\/\/www.csj-emballages.com\/es\/produit\/aroma-de-cacao-liquido-50-ml\/","title":{"rendered":"Aroma de cacao l\u00edquido 50 ml"},"content":{"rendered":"<h2>Aroma l\u00edquido<\/h2>\n<hr>\n<h3>Descripci\u00f3n de nuestro cacao l\u00edquido aroma 50 ml<\/h3>\n<p><!--more--><\/p>\n<p>Descubra nuestro <strong>aroma de<\/strong> <strong>cacao<\/strong> <strong>l\u00edquido<\/strong>, un concentrado de aromas que realzar\u00e1 sus creaciones culinarias. Este producto ha sido especialmente dise\u00f1ado para aportar a sus recetas una nota de chocolate rica e intensa. Tanto si prepara un postre como una bebida caliente o un pastel, este <strong>aroma de cacao<\/strong> se adaptar\u00e1 perfectamente a sus preparaciones. Con su pr\u00e1ctico formato <strong>de 50 ml<\/strong>, es perfecto tanto para aficionados como para profesionales. El uso de este <strong>aromatizante l\u00edquido<\/strong> es sencillo y eficaz. Unas gotas bastan para enriquecer sus platos con el sabor \u00fanico del <strong>cacao<\/strong>. Ya sea para aromatizar una mousse, una tarta de chocolate o incluso un caf\u00e9, con este producto podr\u00e1 a\u00f1adir un toque gourmet sin esfuerzo. Gracias a su tama\u00f1o compacto, podr\u00e1 dosificarlo con precisi\u00f3n y evitar desperdicios. Este pr\u00e1ctico frasco le acompa\u00f1ar\u00e1 en todos sus experimentos culinarios, garantiz\u00e1ndole resultados consistentes y sabrosos.        <\/p>\n<p>&nbsp;<\/p>\n<p><!--more--><\/p>\n<h4>Un aroma vers\u00e1til<\/h4>\n<p>Este vers\u00e1til <strong>sabor a cacao<\/strong> puede utilizarse tanto en recetas dulces como en preparaciones m\u00e1s creativas. A\u00f1\u00e1dalo al ganache, los batidos o la masa de galletas para realzar su sabor. Incluso puede incorporarlo a recetas saladas, como una salsa de chocolate para acompa\u00f1ar platos mexicanos o carnes. Esta flexibilidad lo convierte en un producto imprescindible en las cocinas de aficionados y profesionales.   <\/p>\n<p>Para garantizar una conservaci\u00f3n \u00f3ptima, aseg\u00farese de cerrar bien el frasco despu\u00e9s de cada uso. De este modo, el<strong>aromatizante l\u00edquido<\/strong> conservar\u00e1 todas sus propiedades e intensidad arom\u00e1tica durante varios meses. F\u00e1cil de guardar en sus armarios, este formato <strong>de 50<\/strong> ml se adapta perfectamente a su menaje de cocina, al tiempo que garantiza un uso prolongado.  <\/p>\n<h3><\/h3>\n<p><!--more--><\/p>\n<h4>Un irresistible toque de chocolate<\/h4>\n<p><strong>El aroma de<\/strong> <strong>cacao<\/strong><strong>l\u00edquido<\/strong> es el aliado perfecto para aportar un rico y aut\u00e9ntico sabor a chocolate a sus creaciones. Con su intenso sabor, transforma recetas sencillas en aut\u00e9nticas delicias. Adem\u00e1s de para postres, este producto es ideal para personalizar sus bebidas. A\u00f1ada unas gotas a su caf\u00e9, chocolate caliente o batido para darle un toque extra de chocolate. Tambi\u00e9n es perfecto para los amantes de la reposter\u00eda que quieran experimentar y realzar sus creaciones. Gracias a su sabor sutil pero potente,<strong>el aroma de<\/strong> <em>cacao<\/em><strong>l\u00edquido<\/strong> se adapta a todos sus deseos culinarios. Adem\u00e1s, este producto es econ\u00f3mico y pr\u00e1ctico. Una peque\u00f1a cantidad es todo lo que necesita para aromatizar una gran cantidad de alimentos, por lo que puede hacer muchas recetas con un solo frasco. Adem\u00e1s, su formato compacto y herm\u00e9ticamente cerrado garantiza una conservaci\u00f3n \u00f3ptima, incluso despu\u00e9s de abierto.        <\/p>\n<p>&nbsp;<\/p>\n<p><!--more--><\/p>\n<p>En resumen,<strong>el aroma de<\/strong> <strong>cacao<\/strong><strong>l\u00edquido<\/strong> es una soluci\u00f3n sencilla, econ\u00f3mica y vers\u00e1til para enriquecer sus recetas. Tanto si es un cocinero profesional como un aficionado, es f\u00e1cil de utilizar en todas sus creaciones, ya sean dulces o saladas. Este frasco <strong>de 50 ml<\/strong> est\u00e1 dise\u00f1ado para durar, al tiempo que ofrece una intensidad arom\u00e1tica constante. Pruebe hoy mismo este <strong>aroma de cacao<\/strong> y descubra una nueva forma de realzar sus preparaciones cotidianas.   <\/p>\n<p>&nbsp;<\/p>\n<p><!--more--><\/p>\n<p>Pruebe hoy mismo este <strong>sabor a cacao<\/strong> y a\u00f1ada una nueva dimensi\u00f3n a sus recetas cotidianas.<\/p>\n<p>&nbsp;<\/p>\n<p><!--more--><\/p>\n<h4>Ventajas:<\/h4>\n<ul>\n<li><strong>Sabor intenso y aut\u00e9ntico<\/strong>: Un rico y aut\u00e9ntico sabor a cacao, ideal para realzar sus recetas.<\/li>\n<li><strong>F\u00e1cil de usar<\/strong>: unas gotas bastan para aromatizar sus platos.<\/li>\n<li><strong>Versatilidad<\/strong>: Adecuado para una gran variedad de recetas, tanto dulces (postres, bebidas) como saladas (salsas, platos picantes).<\/li>\n<li><strong>Conservaci\u00f3n \u00f3ptima<\/strong>: el frasco herm\u00e9ticamente cerrado preserva la frescura y la intensidad del aroma.<\/li>\n<li><strong>Creatividad culinaria<\/strong>: Perfecto para experimentar con nuevas recetas y a\u00f1adir un toque original.<\/li>\n<\/ul>\n<p>&nbsp;<\/p>\n<p><!--more--><\/p>\n<h4>Informaci\u00f3n adicional :<\/h4>\n<ul>\n<li><b>Altura: <\/b>115 mm<\/li>\n<li><strong>Embalaje<\/strong>: Por unidad<\/li>\n<li><strong>Volumen<\/strong>: 50 ml<\/li>\n<li><b>Sabor : <\/b>Cacao<\/li>\n<li><strong>Dosis<\/strong>: 6g\/kg<\/li>\n<\/ul>\n<p>&nbsp;<\/p>\n<p><!--more--><\/p>\n<h4>Composici\u00f3n:<\/h4>\n<ul>\n<li><strong>Jarabe de az\u00facar<\/strong> \/ <strong>Aroma de cacao \/ Colorante caramelo \/ Cafe\u00edna<\/strong><\/li>\n<\/ul>\n<p>&nbsp;<\/p>\n<p><!--more--><\/p>\n<p>Disponible en varios sabores: <span style=\"color: #d12727;\"><a style=\"color: #d12727;\" href=\"https:\/\/www.csj-emballages.com\/produit\/arome-liquide-cafe-50-ml\/\">Caf\u00e9<\/a><\/span> \/ <span style=\"color: #d12727;\"><a style=\"color: #d12727;\" href=\"https:\/\/www.csj-emballages.com\/produit\/arome-liquide-pistache-50-ml\/\">Pistacho<\/a><\/span> \/ <span style=\"color: #d12727;\"><a style=\"color: #d12727;\" href=\"https:\/\/www.csj-emballages.com\/es\/produit\/pina-sabor-liquido-50-ml\/\">Pi\u00f1a<\/a><\/span> \/ <span style=\"color: #d12727;\"><a style=\"color: #d12727;\" href=\"https:\/\/www.csj-emballages.com\/produit\/arome-liquide-citron-50-ml\/\">Lim\u00f3n<\/a><\/span> \/ <span style=\"color: #d12727;\"><a style=\"color: #d12727;\" href=\"https:\/\/www.csj-emballages.com\/produit\/arome-liquide-fraise-50-ml\/\">Fresa<\/a><\/span> \/ <span style=\"color: #d12727;\"><a style=\"color: #d12727;\" href=\"https:\/\/www.csj-emballages.com\/produit\/arome-liquide-vanille-50-ml\/\">Vainilla<\/a><\/span><\/p>\n<p>&nbsp;<\/p>\n<p><!--more--><\/p>\n<p><a href=\"https:\/\/www.csj-emballages.com\/es\/categorie-produit\/alimentacion-es\/pasteleria\/sabores\/\">Descubra el resto de nuestra gama de sabores<\/a><\/p>\n","protected":false},"excerpt":{"rendered":"<p>Aroma l\u00edquido Descripci\u00f3n de nuestro cacao l\u00edquido aroma 50 ml<\/p>\n","protected":false},"featured_media":219148,"template":"","meta":{"_acf_changed":false},"product_brand":[],"product_cat":[1162,9211,9228],"product_tag":[],"class_list":{"0":"post-226062","1":"product","2":"type-product","3":"status-publish","4":"has-post-thumbnail","6":"product_cat-alimentacion-es","7":"product_cat-pasteleria","8":"product_cat-sabores","10":"first","11":"instock","12":"taxable","13":"shipping-taxable","14":"purchasable","15":"product-type-simple"},"acf":[],"yoast_head":"<!-- This site is optimized with the Yoast SEO Premium plugin v26.6 (Yoast SEO v26.6) - https:\/\/yoast.com\/wordpress\/plugins\/seo\/ -->\n<title>L\u00edquido Sabor Cacao - 50 ml<\/title>\n<meta name=\"description\" content=\"Descubra cacap sabor l\u00edquido 50 ml: un sabor natural y vers\u00e1til para realzar sus recetas dulces y saladas. Formato pr\u00e1ctico, f\u00e1cil de dosificar\" \/>\n<meta name=\"robots\" content=\"index, follow, max-snippet:-1, max-image-preview:large, max-video-preview:-1\" \/>\n<link rel=\"canonical\" href=\"https:\/\/www.csj-emballages.com\/es\/produit\/aroma-de-cacao-liquido-50-ml\/\" \/>\n<meta property=\"og:locale\" content=\"es_ES\" \/>\n<meta property=\"og:type\" content=\"article\" \/>\n<meta property=\"og:title\" content=\"Aroma de cacao l\u00edquido 50 ml\" \/>\n<meta property=\"og:description\" content=\"Descubra cacap sabor l\u00edquido 50 ml: un sabor natural y vers\u00e1til para realzar sus recetas dulces y saladas. Formato pr\u00e1ctico, f\u00e1cil de dosificar\" \/>\n<meta property=\"og:url\" content=\"https:\/\/www.csj-emballages.com\/es\/produit\/aroma-de-cacao-liquido-50-ml\/\" \/>\n<meta property=\"og:site_name\" content=\"CSJ Emballages\" \/>\n<meta property=\"article:publisher\" content=\"https:\/\/www.facebook.com\/csjemballages\" \/>\n<meta property=\"article:modified_time\" content=\"2026-03-12T15:05:25+00:00\" \/>\n<meta property=\"og:image\" content=\"https:\/\/www.csj-emballages.com\/wp-content\/uploads\/2024\/12\/Arome-caco.webp\" \/>\n\t<meta property=\"og:image:width\" content=\"800\" \/>\n\t<meta property=\"og:image:height\" content=\"800\" \/>\n\t<meta property=\"og:image:type\" content=\"image\/webp\" \/>\n<meta name=\"twitter:card\" content=\"summary_large_image\" \/>\n<meta name=\"twitter:label1\" content=\"Tiempo de lectura\" \/>\n\t<meta name=\"twitter:data1\" content=\"3 minutos\" \/>\n<script type=\"application\/ld+json\" class=\"yoast-schema-graph\">{\"@context\":\"https:\/\/schema.org\",\"@graph\":[{\"@type\":\"WebPage\",\"@id\":\"https:\/\/www.csj-emballages.com\/es\/produit\/aroma-de-cacao-liquido-50-ml\/\",\"url\":\"https:\/\/www.csj-emballages.com\/es\/produit\/aroma-de-cacao-liquido-50-ml\/\",\"name\":\"L\u00edquido Sabor Cacao - 50 ml\",\"isPartOf\":{\"@id\":\"https:\/\/www.csj-emballages.com\/es\/#website\"},\"primaryImageOfPage\":{\"@id\":\"https:\/\/www.csj-emballages.com\/es\/produit\/aroma-de-cacao-liquido-50-ml\/#primaryimage\"},\"image\":{\"@id\":\"https:\/\/www.csj-emballages.com\/es\/produit\/aroma-de-cacao-liquido-50-ml\/#primaryimage\"},\"thumbnailUrl\":\"https:\/\/www.csj-emballages.com\/wp-content\/uploads\/2024\/12\/Arome-caco.webp\",\"datePublished\":\"2024-12-19T01:18:25+00:00\",\"dateModified\":\"2026-03-12T15:05:25+00:00\",\"description\":\"Descubra cacap sabor l\u00edquido 50 ml: un sabor natural y vers\u00e1til para realzar sus recetas dulces y saladas. Formato pr\u00e1ctico, f\u00e1cil de dosificar\",\"breadcrumb\":{\"@id\":\"https:\/\/www.csj-emballages.com\/es\/produit\/aroma-de-cacao-liquido-50-ml\/#breadcrumb\"},\"inLanguage\":\"es\",\"potentialAction\":[{\"@type\":\"ReadAction\",\"target\":[\"https:\/\/www.csj-emballages.com\/es\/produit\/aroma-de-cacao-liquido-50-ml\/\"]}]},{\"@type\":\"ImageObject\",\"inLanguage\":\"es\",\"@id\":\"https:\/\/www.csj-emballages.com\/es\/produit\/aroma-de-cacao-liquido-50-ml\/#primaryimage\",\"url\":\"https:\/\/www.csj-emballages.com\/wp-content\/uploads\/2024\/12\/Arome-caco.webp\",\"contentUrl\":\"https:\/\/www.csj-emballages.com\/wp-content\/uploads\/2024\/12\/Arome-caco.webp\",\"width\":800,\"height\":800,\"caption\":\"ar\u00f4me liquide cacao\"},{\"@type\":\"BreadcrumbList\",\"@id\":\"https:\/\/www.csj-emballages.com\/es\/produit\/aroma-de-cacao-liquido-50-ml\/#breadcrumb\",\"itemListElement\":[{\"@type\":\"ListItem\",\"position\":1,\"name\":\"Accueil\",\"item\":\"https:\/\/www.csj-emballages.com\/es\/universo-del-envasado-alimentario\/\"},{\"@type\":\"ListItem\",\"position\":2,\"name\":\"Tienda\",\"item\":\"https:\/\/www.csj-emballages.com\/tienda\/\"},{\"@type\":\"ListItem\",\"position\":3,\"name\":\"Aroma de cacao l\u00edquido 50 ml\"}]},{\"@type\":\"WebSite\",\"@id\":\"https:\/\/www.csj-emballages.com\/es\/#website\",\"url\":\"https:\/\/www.csj-emballages.com\/es\/\",\"name\":\"CSJ Emballages\",\"description\":\"\",\"publisher\":{\"@id\":\"https:\/\/www.csj-emballages.com\/es\/#organization\"},\"potentialAction\":[{\"@type\":\"SearchAction\",\"target\":{\"@type\":\"EntryPoint\",\"urlTemplate\":\"https:\/\/www.csj-emballages.com\/es\/?s={search_term_string}\"},\"query-input\":{\"@type\":\"PropertyValueSpecification\",\"valueRequired\":true,\"valueName\":\"search_term_string\"}}],\"inLanguage\":\"es\"},{\"@type\":\"Organization\",\"@id\":\"https:\/\/www.csj-emballages.com\/es\/#Organization\/\",\"name\":\"CSJ Emballages\",\"url\":\"https:\/\/www.csj-emballages.com\/es\/\",\"logo\":{\"@type\":\"ImageObject\",\"inLanguage\":\"es\",\"@id\":\"https:\/\/www.csj-emballages.com\/es\/#\/schema\/logo\/image\/\",\"url\":\"https:\/\/www.csj-emballages.com\/wp-content\/uploads\/2023\/10\/logo_csj.webp\",\"contentUrl\":\"https:\/\/www.csj-emballages.com\/wp-content\/uploads\/2023\/10\/logo_csj.webp\",\"width\":250,\"height\":95,\"caption\":\"CSJ Emballages\"},\"image\":{\"@id\":\"https:\/\/www.csj-emballages.com\/es\/#\/schema\/logo\/image\/\"},\"sameAs\":[\"https:\/\/www.facebook.com\/csjemballages\"],\"address\":{\"@type\":\"PostalAddress\",\"streetAddress\":\"ZI La Lechere\",\"addressLocality\":\"Patornay\",\"postalCode\":\"39130\",\"addressCountry\":\"FR\"},\"contactPoint\":[{\"@type\":\"ContactPoint\",\"contactType\":\"Service client\",\"telephone\":\"0384254272\",\"email\":\"contact@csj-emballages.com\"}]}]}<\/script>\n<!-- \/ Yoast SEO Premium plugin. -->","yoast_head_json":{"title":"L\u00edquido Sabor Cacao - 50 ml","description":"Descubra cacap sabor l\u00edquido 50 ml: un sabor natural y vers\u00e1til para realzar sus recetas dulces y saladas. Formato pr\u00e1ctico, f\u00e1cil de dosificar","robots":{"index":"index","follow":"follow","max-snippet":"max-snippet:-1","max-image-preview":"max-image-preview:large","max-video-preview":"max-video-preview:-1"},"canonical":"https:\/\/www.csj-emballages.com\/es\/produit\/aroma-de-cacao-liquido-50-ml\/","og_locale":"es_ES","og_type":"article","og_title":"Aroma de cacao l\u00edquido 50 ml","og_description":"Descubra cacap sabor l\u00edquido 50 ml: un sabor natural y vers\u00e1til para realzar sus recetas dulces y saladas. Formato pr\u00e1ctico, f\u00e1cil de dosificar","og_url":"https:\/\/www.csj-emballages.com\/es\/produit\/aroma-de-cacao-liquido-50-ml\/","og_site_name":"CSJ Emballages","article_publisher":"https:\/\/www.facebook.com\/csjemballages","article_modified_time":"2026-03-12T15:05:25+00:00","og_image":[{"width":800,"height":800,"url":"https:\/\/www.csj-emballages.com\/wp-content\/uploads\/2024\/12\/Arome-caco.webp","type":"image\/webp"}],"twitter_card":"summary_large_image","twitter_misc":{"Tiempo de lectura":"3 minutos"},"schema":{"@context":"https:\/\/schema.org","@graph":[{"@type":"WebPage","@id":"https:\/\/www.csj-emballages.com\/es\/produit\/aroma-de-cacao-liquido-50-ml\/","url":"https:\/\/www.csj-emballages.com\/es\/produit\/aroma-de-cacao-liquido-50-ml\/","name":"L\u00edquido Sabor Cacao - 50 ml","isPartOf":{"@id":"https:\/\/www.csj-emballages.com\/es\/#website"},"primaryImageOfPage":{"@id":"https:\/\/www.csj-emballages.com\/es\/produit\/aroma-de-cacao-liquido-50-ml\/#primaryimage"},"image":{"@id":"https:\/\/www.csj-emballages.com\/es\/produit\/aroma-de-cacao-liquido-50-ml\/#primaryimage"},"thumbnailUrl":"https:\/\/www.csj-emballages.com\/wp-content\/uploads\/2024\/12\/Arome-caco.webp","datePublished":"2024-12-19T01:18:25+00:00","dateModified":"2026-03-12T15:05:25+00:00","description":"Descubra cacap sabor l\u00edquido 50 ml: un sabor natural y vers\u00e1til para realzar sus recetas dulces y saladas. Formato pr\u00e1ctico, f\u00e1cil de dosificar","breadcrumb":{"@id":"https:\/\/www.csj-emballages.com\/es\/produit\/aroma-de-cacao-liquido-50-ml\/#breadcrumb"},"inLanguage":"es","potentialAction":[{"@type":"ReadAction","target":["https:\/\/www.csj-emballages.com\/es\/produit\/aroma-de-cacao-liquido-50-ml\/"]}]},{"@type":"ImageObject","inLanguage":"es","@id":"https:\/\/www.csj-emballages.com\/es\/produit\/aroma-de-cacao-liquido-50-ml\/#primaryimage","url":"https:\/\/www.csj-emballages.com\/wp-content\/uploads\/2024\/12\/Arome-caco.webp","contentUrl":"https:\/\/www.csj-emballages.com\/wp-content\/uploads\/2024\/12\/Arome-caco.webp","width":800,"height":800,"caption":"ar\u00f4me liquide cacao"},{"@type":"BreadcrumbList","@id":"https:\/\/www.csj-emballages.com\/es\/produit\/aroma-de-cacao-liquido-50-ml\/#breadcrumb","itemListElement":[{"@type":"ListItem","position":1,"name":"Accueil","item":"https:\/\/www.csj-emballages.com\/es\/universo-del-envasado-alimentario\/"},{"@type":"ListItem","position":2,"name":"Tienda","item":"https:\/\/www.csj-emballages.com\/tienda\/"},{"@type":"ListItem","position":3,"name":"Aroma de cacao l\u00edquido 50 ml"}]},{"@type":"WebSite","@id":"https:\/\/www.csj-emballages.com\/es\/#website","url":"https:\/\/www.csj-emballages.com\/es\/","name":"CSJ Emballages","description":"","publisher":{"@id":"https:\/\/www.csj-emballages.com\/es\/#organization"},"potentialAction":[{"@type":"SearchAction","target":{"@type":"EntryPoint","urlTemplate":"https:\/\/www.csj-emballages.com\/es\/?s={search_term_string}"},"query-input":{"@type":"PropertyValueSpecification","valueRequired":true,"valueName":"search_term_string"}}],"inLanguage":"es"},{"@type":"Organization","@id":"https:\/\/www.csj-emballages.com\/es\/#Organization\/","name":"CSJ Emballages","url":"https:\/\/www.csj-emballages.com\/es\/","logo":{"@type":"ImageObject","inLanguage":"es","@id":"https:\/\/www.csj-emballages.com\/es\/#\/schema\/logo\/image\/","url":"https:\/\/www.csj-emballages.com\/wp-content\/uploads\/2023\/10\/logo_csj.webp","contentUrl":"https:\/\/www.csj-emballages.com\/wp-content\/uploads\/2023\/10\/logo_csj.webp","width":250,"height":95,"caption":"CSJ Emballages"},"image":{"@id":"https:\/\/www.csj-emballages.com\/es\/#\/schema\/logo\/image\/"},"sameAs":["https:\/\/www.facebook.com\/csjemballages"],"address":{"@type":"PostalAddress","streetAddress":"ZI La Lechere","addressLocality":"Patornay","postalCode":"39130","addressCountry":"FR"},"contactPoint":[{"@type":"ContactPoint","contactType":"Service client","telephone":"0384254272","email":"contact@csj-emballages.com"}]}]}},"df_price":3.14,"df_sale_price":"","df_regular_price":3.14,"df_image_link":"https:\/\/www.csj-emballages.com\/wp-content\/uploads\/2024\/12\/Arome-caco-300x300.webp","tiered_pricing_type":"fixed","tiered_pricing_fixed_rules":[],"tiered_pricing_percentage_rules":[],"tiered_pricing_minimum":1,"tiered_pricing_roles_data":[],"_links":{"self":[{"href":"https:\/\/www.csj-emballages.com\/es\/wp-json\/wp\/v2\/product\/226062","targetHints":{"allow":["GET"]}}],"collection":[{"href":"https:\/\/www.csj-emballages.com\/es\/wp-json\/wp\/v2\/product"}],"about":[{"href":"https:\/\/www.csj-emballages.com\/es\/wp-json\/wp\/v2\/types\/product"}],"wp:featuredmedia":[{"embeddable":true,"href":"https:\/\/www.csj-emballages.com\/es\/wp-json\/wp\/v2\/media\/219148"}],"wp:attachment":[{"href":"https:\/\/www.csj-emballages.com\/es\/wp-json\/wp\/v2\/media?parent=226062"}],"wp:term":[{"taxonomy":"product_brand","embeddable":true,"href":"https:\/\/www.csj-emballages.com\/es\/wp-json\/wp\/v2\/product_brand?post=226062"},{"taxonomy":"product_cat","embeddable":true,"href":"https:\/\/www.csj-emballages.com\/es\/wp-json\/wp\/v2\/product_cat?post=226062"},{"taxonomy":"product_tag","embeddable":true,"href":"https:\/\/www.csj-emballages.com\/es\/wp-json\/wp\/v2\/product_tag?post=226062"}],"curies":[{"name":"wp","href":"https:\/\/api.w.org\/{rel}","templated":true}]}}