{"id":226061,"date":"2024-12-19T02:18:22","date_gmt":"2024-12-19T01:18:22","guid":{"rendered":"https:\/\/www.csj-emballages.com\/produit\/platano-sabor-liquido-50-ml\/"},"modified":"2026-04-25T02:10:37","modified_gmt":"2026-04-25T00:10:37","slug":"platano-sabor-liquido-50-ml","status":"publish","type":"product","link":"https:\/\/www.csj-emballages.com\/es\/produit\/platano-sabor-liquido-50-ml\/","title":{"rendered":"Pl\u00e1tano sabor l\u00edquido 50 ml"},"content":{"rendered":"<h2>Aroma l\u00edquido<\/h2>\n<hr>\n<h3>Descripci\u00f3n de nuestro l\u00edquido sabor pl\u00e1tano 50 ml<\/h3>\n<p><!--more--><\/p>\n<p>Descubra nuestro <strong>aromatizante<\/strong> l\u00edquido con el sabor dulce y aut\u00e9ntico del <strong>pl\u00e1tano<\/strong>. Este producto ha sido dise\u00f1ado para a\u00f1adir un toque de fruta natural a sus recetas. Tanto si prepara una bebida como un postre o un pastel, este <strong>aromatizante de pl<\/strong> \u00e1tano encajar\u00e1 perfectamente en sus creaciones. Con su pr\u00e1ctico formato <strong>de 50 ml<\/strong>, es ideal para el uso diario, tanto si es un cocinero aficionado como un profesional. El uso de este <strong>aromatizante l\u00edquido<\/strong> es sencillo y muy flexible. Puede a\u00f1adirlo a sus recetas favoritas, ya sea para aromatizar cremas, pasteles, batidos o incluso c\u00f3cteles. Basta con a\u00f1adir unas gotas para obtener el sabor deseado, y notar\u00e1 que la intensidad del aroma es siempre equilibrada.      <\/p>\n<p>&nbsp;<\/p>\n<p><!--more--><\/p>\n<p>Funciona igual de bien en productos horneados como panes, brioches y magdalenas. Tanto si prepara un postre casero como una bebida refrescante, el aroma de <strong>pl\u00e1tano<\/strong> a\u00f1adir\u00e1 una dimensi\u00f3n extra a sus recetas. Otra ventaja de este <strong>aromatizante l\u00edquido<\/strong> es que es f\u00e1cil de guardar. Su botella herm\u00e9tica protege su contenido del aire, por lo que se mantiene fresco y eficaz durante varios meses. As\u00ed que puede disfrutar de este producto durante mucho tiempo, sin preocuparse de que pierda su sabor natural. Vuelva a cerrar siempre el frasco despu\u00e9s de usarlo para asegurarse de que el sabor no se degrade y se mantenga en su mejor estado.     <\/p>\n<p>&nbsp;<\/p>\n<p><!--more--><\/p>\n<h4>Un toque ex\u00f3tico para sus creaciones<\/h4>\n<p>El<strong>aroma l\u00edquido de<\/strong> pl\u00e1tano no es s\u00f3lo una soluci\u00f3n pr\u00e1ctica, sino que tambi\u00e9n a\u00f1ade un toque ex\u00f3tico y gourmet a sus recetas. El pl\u00e1tano es una de las frutas m\u00e1s populares por su sabor dulce y su agradable textura, y este <strong>aroma<\/strong> de pl\u00e1tano es el reflejo perfecto de ello. La idea es a\u00f1adir una nota dulce y afrutada para contrastar con ingredientes m\u00e1s picantes o salados. Esta versatilidad hace del<strong>aroma de pl\u00e1tano<\/strong> un elemento indispensable de la cocina moderna.   <\/p>\n<p>Este producto tambi\u00e9n es perfecto para quienes les gusta experimentar y descubrir nuevos sabores. Puede utilizarse para a\u00f1adir un sabor \u00fanico a platos sencillos y transformar una receta b\u00e1sica en una creaci\u00f3n m\u00e1s refinada y original. Adem\u00e1s, este <strong>aromatizante l\u00edquido<\/strong> est\u00e1 dise\u00f1ado para incorporarse f\u00e1cilmente a las preparaciones sin necesidad de t\u00e9cnicas complejas. Basta con a\u00f1adirlo y remover, y obtendr\u00e1 al instante un sabor lleno de frescura.   <\/p>\n<p>En resumen,<strong>el aroma l\u00edquido de<\/strong> pl\u00e1tano es un producto sencillo y econ\u00f3mico. Se puede utilizar en multitud de recetas, tanto dulces como saladas, y permite a\u00f1adir f\u00e1cilmente un toque afrutado y natural a sus creaciones. Gracias a su pr\u00e1ctico formato <strong>de 50 ml<\/strong>, es f\u00e1cil de usar y almacenar, lo que lo convierte en una opci\u00f3n ideal tanto para los aficionados a la cocina como para los profesionales.  <\/p>\n<p>&nbsp;<\/p>\n<p><!--more--><\/p>\n<p>Pruebe hoy mismo este <strong>sabor a pl\u00e1tano<\/strong> y a\u00f1ada una nueva dimensi\u00f3n a sus recetas cotidianas.<\/p>\n<p>&nbsp;<\/p>\n<p><!--more--><\/p>\n<h4>Ventajas:<\/h4>\n<ul>\n<li><strong>Sabor natural y aut\u00e9ntico<\/strong>: Un <strong>sabor a pl\u00e1tano<\/strong> fiel a la fruta, ideal para realzar sus recetas dulces y saladas.<\/li>\n<li><strong>F\u00e1cil de dosificar<\/strong>: unas pocas gotas bastan para aromatizar sus platos, sin riesgo de potenciar los sabores.<\/li>\n<li><strong>Formato pr\u00e1ctico<\/strong>: Un frasco de 50 ml compacto y f\u00e1cil de guardar, perfecto para uso dom\u00e9stico o profesional.<\/li>\n<li><strong>Vers\u00e1til<\/strong>: Adecuado para una amplia variedad de recetas, incluyendo postres, bebidas, pasteles e incluso platos salados.<\/li>\n<li><strong>Conservaci\u00f3n optimizada<\/strong>: el envase es f\u00e1cil de volver a cerrar, lo que garantiza una frescura duradera y evita el desperdicio.<\/li>\n<\/ul>\n<p>&nbsp;<\/p>\n<p><!--more--><\/p>\n<h4>Informaci\u00f3n adicional :<\/h4>\n<ul>\n<li><b>Altura: <\/b>115 mm<\/li>\n<li><strong>Embalaje<\/strong>: Por unidad<\/li>\n<li><strong>Volumen<\/strong>: 50 ml<\/li>\n<li><b>Sabor : <\/b>Pl\u00e1tano<\/li>\n<li><strong>Dosis<\/strong>: 4g\/kg<\/li>\n<\/ul>\n<p>&nbsp;<\/p>\n<p><!--more--><\/p>\n<h4>Composici\u00f3n:<\/h4>\n<ul>\n<li><strong>Jarabe de az\u00facar<\/strong> \/ <strong>Agua<\/strong> \/ <strong>Aroma de pl\u00e1tano<\/strong><\/li>\n<\/ul>\n<p>&nbsp;<\/p>\n<p><!--more--><\/p>\n<p>Disponible en varios sabores: <span style=\"color: #d12727;\"><a style=\"color: #d12727;\" href=\"https:\/\/www.csj-emballages.com\/produit\/arome-liquide-cafe-50-ml\/\">Caf\u00e9<\/a><\/span> \/ <span style=\"color: #d12727;\"><a style=\"color: #d12727;\" href=\"https:\/\/www.csj-emballages.com\/produit\/arome-liquide-pistache-50-ml\/\">Pistacho<\/a><\/span> \/ <span style=\"color: #d12727;\"><a style=\"color: #d12727;\" href=\"https:\/\/www.csj-emballages.com\/es\/produit\/aroma-de-cacao-liquido-50-ml\/\">Cacao<\/a><\/span> \/ <span style=\"color: #d12727;\"><a style=\"color: #d12727;\" href=\"https:\/\/www.csj-emballages.com\/produit\/arome-liquide-citron-50-ml\/\">Lim\u00f3n<\/a><\/span> \/ <span style=\"color: #d12727;\"><a style=\"color: #d12727;\" href=\"https:\/\/www.csj-emballages.com\/produit\/arome-liquide-fraise-50-ml\/\">Fresa<\/a><\/span> \/ <span style=\"color: #d12727;\"><a style=\"color: #d12727;\" href=\"https:\/\/www.csj-emballages.com\/produit\/arome-liquide-orange-50-ml\/\">Naranja<\/a><\/span><\/p>\n<p>&nbsp;<\/p>\n<p><!--more--><\/p>\n<p><a href=\"https:\/\/www.csj-emballages.com\/es\/categorie-produit\/alimentacion-es\/pasteleria\/sabores\/\">Descubra el resto de nuestra gama de sabores<\/a><\/p>\n","protected":false},"excerpt":{"rendered":"<p>Aroma l\u00edquido Descripci\u00f3n de nuestro l\u00edquido sabor pl\u00e1tano 50 ml<\/p>\n","protected":false},"featured_media":218742,"template":"","meta":{"_acf_changed":false},"product_brand":[],"product_cat":[1162,9211,9228],"product_tag":[],"class_list":{"0":"post-226061","1":"product","2":"type-product","3":"status-publish","4":"has-post-thumbnail","6":"product_cat-alimentacion-es","7":"product_cat-pasteleria","8":"product_cat-sabores","10":"first","11":"instock","12":"taxable","13":"shipping-taxable","14":"purchasable","15":"product-type-simple"},"acf":[],"yoast_head":"<!-- This site is optimized with the Yoast SEO Premium plugin v26.6 (Yoast SEO v26.6) - https:\/\/yoast.com\/wordpress\/plugins\/seo\/ -->\n<title>L\u00edquido Sabor Pl\u00e1tano - 50 ml<\/title>\n<meta name=\"description\" content=\"Descubra el aroma de pl\u00e1tano l\u00edquido 50 ml: un sabor natural y vers\u00e1til para realzar sus recetas dulces y saladas. Pr\u00e1ctico formato, f\u00e1cil de dosificar\" \/>\n<meta name=\"robots\" content=\"index, follow, max-snippet:-1, max-image-preview:large, max-video-preview:-1\" \/>\n<link rel=\"canonical\" href=\"https:\/\/www.csj-emballages.com\/es\/produit\/platano-sabor-liquido-50-ml\/\" \/>\n<meta property=\"og:locale\" content=\"es_ES\" \/>\n<meta property=\"og:type\" content=\"article\" \/>\n<meta property=\"og:title\" content=\"Pl\u00e1tano sabor l\u00edquido 50 ml\" \/>\n<meta property=\"og:description\" content=\"Descubra el aroma de pl\u00e1tano l\u00edquido 50 ml: un sabor natural y vers\u00e1til para realzar sus recetas dulces y saladas. Pr\u00e1ctico formato, f\u00e1cil de dosificar\" \/>\n<meta property=\"og:url\" content=\"https:\/\/www.csj-emballages.com\/es\/produit\/platano-sabor-liquido-50-ml\/\" \/>\n<meta property=\"og:site_name\" content=\"CSJ Emballages\" \/>\n<meta property=\"article:publisher\" content=\"https:\/\/www.facebook.com\/csjemballages\" \/>\n<meta property=\"article:modified_time\" content=\"2026-04-25T00:10:37+00:00\" \/>\n<meta property=\"og:image\" content=\"https:\/\/www.csj-emballages.com\/wp-content\/uploads\/2024\/12\/Arome-banane.webp\" \/>\n\t<meta property=\"og:image:width\" content=\"800\" \/>\n\t<meta property=\"og:image:height\" content=\"800\" \/>\n\t<meta property=\"og:image:type\" content=\"image\/webp\" \/>\n<meta name=\"twitter:card\" content=\"summary_large_image\" \/>\n<meta name=\"twitter:label1\" content=\"Tiempo de lectura\" \/>\n\t<meta name=\"twitter:data1\" content=\"3 minutos\" \/>\n<script type=\"application\/ld+json\" class=\"yoast-schema-graph\">{\"@context\":\"https:\/\/schema.org\",\"@graph\":[{\"@type\":\"WebPage\",\"@id\":\"https:\/\/www.csj-emballages.com\/es\/produit\/platano-sabor-liquido-50-ml\/\",\"url\":\"https:\/\/www.csj-emballages.com\/es\/produit\/platano-sabor-liquido-50-ml\/\",\"name\":\"L\u00edquido Sabor Pl\u00e1tano - 50 ml\",\"isPartOf\":{\"@id\":\"https:\/\/www.csj-emballages.com\/es\/#website\"},\"primaryImageOfPage\":{\"@id\":\"https:\/\/www.csj-emballages.com\/es\/produit\/platano-sabor-liquido-50-ml\/#primaryimage\"},\"image\":{\"@id\":\"https:\/\/www.csj-emballages.com\/es\/produit\/platano-sabor-liquido-50-ml\/#primaryimage\"},\"thumbnailUrl\":\"https:\/\/www.csj-emballages.com\/wp-content\/uploads\/2024\/12\/Arome-banane.webp\",\"datePublished\":\"2024-12-19T01:18:22+00:00\",\"dateModified\":\"2026-04-25T00:10:37+00:00\",\"description\":\"Descubra el aroma de pl\u00e1tano l\u00edquido 50 ml: un sabor natural y vers\u00e1til para realzar sus recetas dulces y saladas. Pr\u00e1ctico formato, f\u00e1cil de dosificar\",\"breadcrumb\":{\"@id\":\"https:\/\/www.csj-emballages.com\/es\/produit\/platano-sabor-liquido-50-ml\/#breadcrumb\"},\"inLanguage\":\"es\",\"potentialAction\":[{\"@type\":\"ReadAction\",\"target\":[\"https:\/\/www.csj-emballages.com\/es\/produit\/platano-sabor-liquido-50-ml\/\"]}]},{\"@type\":\"ImageObject\",\"inLanguage\":\"es\",\"@id\":\"https:\/\/www.csj-emballages.com\/es\/produit\/platano-sabor-liquido-50-ml\/#primaryimage\",\"url\":\"https:\/\/www.csj-emballages.com\/wp-content\/uploads\/2024\/12\/Arome-banane.webp\",\"contentUrl\":\"https:\/\/www.csj-emballages.com\/wp-content\/uploads\/2024\/12\/Arome-banane.webp\",\"width\":800,\"height\":800,\"caption\":\"ar\u00f4me liquide banane\"},{\"@type\":\"BreadcrumbList\",\"@id\":\"https:\/\/www.csj-emballages.com\/es\/produit\/platano-sabor-liquido-50-ml\/#breadcrumb\",\"itemListElement\":[{\"@type\":\"ListItem\",\"position\":1,\"name\":\"Accueil\",\"item\":\"https:\/\/www.csj-emballages.com\/es\/universo-del-envasado-alimentario\/\"},{\"@type\":\"ListItem\",\"position\":2,\"name\":\"Tienda\",\"item\":\"https:\/\/www.csj-emballages.com\/tienda\/\"},{\"@type\":\"ListItem\",\"position\":3,\"name\":\"Pl\u00e1tano sabor l\u00edquido 50 ml\"}]},{\"@type\":\"WebSite\",\"@id\":\"https:\/\/www.csj-emballages.com\/es\/#website\",\"url\":\"https:\/\/www.csj-emballages.com\/es\/\",\"name\":\"CSJ Emballages\",\"description\":\"\",\"publisher\":{\"@id\":\"https:\/\/www.csj-emballages.com\/es\/#organization\"},\"potentialAction\":[{\"@type\":\"SearchAction\",\"target\":{\"@type\":\"EntryPoint\",\"urlTemplate\":\"https:\/\/www.csj-emballages.com\/es\/?s={search_term_string}\"},\"query-input\":{\"@type\":\"PropertyValueSpecification\",\"valueRequired\":true,\"valueName\":\"search_term_string\"}}],\"inLanguage\":\"es\"},{\"@type\":\"Organization\",\"@id\":\"https:\/\/www.csj-emballages.com\/es\/#Organization\/\",\"name\":\"CSJ Emballages\",\"url\":\"https:\/\/www.csj-emballages.com\/es\/\",\"logo\":{\"@type\":\"ImageObject\",\"inLanguage\":\"es\",\"@id\":\"https:\/\/www.csj-emballages.com\/es\/#\/schema\/logo\/image\/\",\"url\":\"https:\/\/www.csj-emballages.com\/wp-content\/uploads\/2023\/10\/logo_csj.webp\",\"contentUrl\":\"https:\/\/www.csj-emballages.com\/wp-content\/uploads\/2023\/10\/logo_csj.webp\",\"width\":250,\"height\":95,\"caption\":\"CSJ Emballages\"},\"image\":{\"@id\":\"https:\/\/www.csj-emballages.com\/es\/#\/schema\/logo\/image\/\"},\"sameAs\":[\"https:\/\/www.facebook.com\/csjemballages\"],\"address\":{\"@type\":\"PostalAddress\",\"streetAddress\":\"ZI La Lechere\",\"addressLocality\":\"Patornay\",\"postalCode\":\"39130\",\"addressCountry\":\"FR\"},\"contactPoint\":[{\"@type\":\"ContactPoint\",\"contactType\":\"Service client\",\"telephone\":\"0384254272\",\"email\":\"contact@csj-emballages.com\"}]}]}<\/script>\n<!-- \/ Yoast SEO Premium plugin. -->","yoast_head_json":{"title":"L\u00edquido Sabor Pl\u00e1tano - 50 ml","description":"Descubra el aroma de pl\u00e1tano l\u00edquido 50 ml: un sabor natural y vers\u00e1til para realzar sus recetas dulces y saladas. Pr\u00e1ctico formato, f\u00e1cil de dosificar","robots":{"index":"index","follow":"follow","max-snippet":"max-snippet:-1","max-image-preview":"max-image-preview:large","max-video-preview":"max-video-preview:-1"},"canonical":"https:\/\/www.csj-emballages.com\/es\/produit\/platano-sabor-liquido-50-ml\/","og_locale":"es_ES","og_type":"article","og_title":"Pl\u00e1tano sabor l\u00edquido 50 ml","og_description":"Descubra el aroma de pl\u00e1tano l\u00edquido 50 ml: un sabor natural y vers\u00e1til para realzar sus recetas dulces y saladas. Pr\u00e1ctico formato, f\u00e1cil de dosificar","og_url":"https:\/\/www.csj-emballages.com\/es\/produit\/platano-sabor-liquido-50-ml\/","og_site_name":"CSJ Emballages","article_publisher":"https:\/\/www.facebook.com\/csjemballages","article_modified_time":"2026-04-25T00:10:37+00:00","og_image":[{"width":800,"height":800,"url":"https:\/\/www.csj-emballages.com\/wp-content\/uploads\/2024\/12\/Arome-banane.webp","type":"image\/webp"}],"twitter_card":"summary_large_image","twitter_misc":{"Tiempo de lectura":"3 minutos"},"schema":{"@context":"https:\/\/schema.org","@graph":[{"@type":"WebPage","@id":"https:\/\/www.csj-emballages.com\/es\/produit\/platano-sabor-liquido-50-ml\/","url":"https:\/\/www.csj-emballages.com\/es\/produit\/platano-sabor-liquido-50-ml\/","name":"L\u00edquido Sabor Pl\u00e1tano - 50 ml","isPartOf":{"@id":"https:\/\/www.csj-emballages.com\/es\/#website"},"primaryImageOfPage":{"@id":"https:\/\/www.csj-emballages.com\/es\/produit\/platano-sabor-liquido-50-ml\/#primaryimage"},"image":{"@id":"https:\/\/www.csj-emballages.com\/es\/produit\/platano-sabor-liquido-50-ml\/#primaryimage"},"thumbnailUrl":"https:\/\/www.csj-emballages.com\/wp-content\/uploads\/2024\/12\/Arome-banane.webp","datePublished":"2024-12-19T01:18:22+00:00","dateModified":"2026-04-25T00:10:37+00:00","description":"Descubra el aroma de pl\u00e1tano l\u00edquido 50 ml: un sabor natural y vers\u00e1til para realzar sus recetas dulces y saladas. Pr\u00e1ctico formato, f\u00e1cil de dosificar","breadcrumb":{"@id":"https:\/\/www.csj-emballages.com\/es\/produit\/platano-sabor-liquido-50-ml\/#breadcrumb"},"inLanguage":"es","potentialAction":[{"@type":"ReadAction","target":["https:\/\/www.csj-emballages.com\/es\/produit\/platano-sabor-liquido-50-ml\/"]}]},{"@type":"ImageObject","inLanguage":"es","@id":"https:\/\/www.csj-emballages.com\/es\/produit\/platano-sabor-liquido-50-ml\/#primaryimage","url":"https:\/\/www.csj-emballages.com\/wp-content\/uploads\/2024\/12\/Arome-banane.webp","contentUrl":"https:\/\/www.csj-emballages.com\/wp-content\/uploads\/2024\/12\/Arome-banane.webp","width":800,"height":800,"caption":"ar\u00f4me liquide banane"},{"@type":"BreadcrumbList","@id":"https:\/\/www.csj-emballages.com\/es\/produit\/platano-sabor-liquido-50-ml\/#breadcrumb","itemListElement":[{"@type":"ListItem","position":1,"name":"Accueil","item":"https:\/\/www.csj-emballages.com\/es\/universo-del-envasado-alimentario\/"},{"@type":"ListItem","position":2,"name":"Tienda","item":"https:\/\/www.csj-emballages.com\/tienda\/"},{"@type":"ListItem","position":3,"name":"Pl\u00e1tano sabor l\u00edquido 50 ml"}]},{"@type":"WebSite","@id":"https:\/\/www.csj-emballages.com\/es\/#website","url":"https:\/\/www.csj-emballages.com\/es\/","name":"CSJ Emballages","description":"","publisher":{"@id":"https:\/\/www.csj-emballages.com\/es\/#organization"},"potentialAction":[{"@type":"SearchAction","target":{"@type":"EntryPoint","urlTemplate":"https:\/\/www.csj-emballages.com\/es\/?s={search_term_string}"},"query-input":{"@type":"PropertyValueSpecification","valueRequired":true,"valueName":"search_term_string"}}],"inLanguage":"es"},{"@type":"Organization","@id":"https:\/\/www.csj-emballages.com\/es\/#Organization\/","name":"CSJ Emballages","url":"https:\/\/www.csj-emballages.com\/es\/","logo":{"@type":"ImageObject","inLanguage":"es","@id":"https:\/\/www.csj-emballages.com\/es\/#\/schema\/logo\/image\/","url":"https:\/\/www.csj-emballages.com\/wp-content\/uploads\/2023\/10\/logo_csj.webp","contentUrl":"https:\/\/www.csj-emballages.com\/wp-content\/uploads\/2023\/10\/logo_csj.webp","width":250,"height":95,"caption":"CSJ Emballages"},"image":{"@id":"https:\/\/www.csj-emballages.com\/es\/#\/schema\/logo\/image\/"},"sameAs":["https:\/\/www.facebook.com\/csjemballages"],"address":{"@type":"PostalAddress","streetAddress":"ZI La Lechere","addressLocality":"Patornay","postalCode":"39130","addressCountry":"FR"},"contactPoint":[{"@type":"ContactPoint","contactType":"Service client","telephone":"0384254272","email":"contact@csj-emballages.com"}]}]}},"df_price":2.12,"df_sale_price":"","df_regular_price":2.12,"df_image_link":"https:\/\/www.csj-emballages.com\/wp-content\/uploads\/2024\/12\/Arome-banane-300x300.webp","tiered_pricing_type":"fixed","tiered_pricing_fixed_rules":[],"tiered_pricing_percentage_rules":[],"tiered_pricing_minimum":1,"tiered_pricing_roles_data":[],"_links":{"self":[{"href":"https:\/\/www.csj-emballages.com\/es\/wp-json\/wp\/v2\/product\/226061","targetHints":{"allow":["GET"]}}],"collection":[{"href":"https:\/\/www.csj-emballages.com\/es\/wp-json\/wp\/v2\/product"}],"about":[{"href":"https:\/\/www.csj-emballages.com\/es\/wp-json\/wp\/v2\/types\/product"}],"wp:featuredmedia":[{"embeddable":true,"href":"https:\/\/www.csj-emballages.com\/es\/wp-json\/wp\/v2\/media\/218742"}],"wp:attachment":[{"href":"https:\/\/www.csj-emballages.com\/es\/wp-json\/wp\/v2\/media?parent=226061"}],"wp:term":[{"taxonomy":"product_brand","embeddable":true,"href":"https:\/\/www.csj-emballages.com\/es\/wp-json\/wp\/v2\/product_brand?post=226061"},{"taxonomy":"product_cat","embeddable":true,"href":"https:\/\/www.csj-emballages.com\/es\/wp-json\/wp\/v2\/product_cat?post=226061"},{"taxonomy":"product_tag","embeddable":true,"href":"https:\/\/www.csj-emballages.com\/es\/wp-json\/wp\/v2\/product_tag?post=226061"}],"curies":[{"name":"wp","href":"https:\/\/api.w.org\/{rel}","templated":true}]}}