{"id":226046,"date":"2024-12-18T14:40:24","date_gmt":"2024-12-18T13:40:24","guid":{"rendered":"https:\/\/www.csj-emballages.com\/produit\/liquido-sabor-almendra-amarga-50-ml\/"},"modified":"2026-03-12T16:05:20","modified_gmt":"2026-03-12T15:05:20","slug":"liquido-sabor-almendra-amarga-50-ml","status":"publish","type":"product","link":"https:\/\/www.csj-emballages.com\/es\/produit\/liquido-sabor-almendra-amarga-50-ml\/","title":{"rendered":"L\u00edquido sabor almendra amarga 50 ml"},"content":{"rendered":"<h2>Aroma l\u00edquido<\/h2>\n<hr>\n<h3>Descripci\u00f3n de nuestro aroma l\u00edquido de almendra amarga 50 ml<\/h3>\n<p><!--more--><\/p>\n<p>Descubra nuestro <strong>aroma l\u00edquido de<\/strong><strong>almendra<\/strong> amarga, un sabor intenso y elegante para realzar sus recetas. Con su fragancia \u00fanica, este <strong>aroma de almendra amar<\/strong> ga es ideal para realzar postres, pasteles y bebidas. Su pr\u00e1ctico frasco de <strong>50 ml<\/strong> permite un uso f\u00e1cil y preciso, apto tanto para aficionados como para profesionales. El uso de este <strong>aroma l\u00edquido<\/strong> es intuitivo y econ\u00f3mico. Una peque\u00f1a cantidad es todo lo que necesita para aromatizar sutilmente sus preparaciones. Ya se trate de una cr\u00e8me p\u00e2tissi\u00e8re, de un financier o de un helado casero, bastan unas gotas para a\u00f1adir una notable profundidad de sabor. Gracias a su \u00f3ptima concentraci\u00f3n, este <strong>aroma de almendra amarga<\/strong> se mezcla f\u00e1cilmente con otros ingredientes, sin alterar la textura de sus creaciones.      <\/p>\n<p>&nbsp;<\/p>\n<p><!--more--><\/p>\n<h4>Uso vers\u00e1til<\/h4>\n<p>Adem\u00e1s de utilizarse en recetas dulces, este <strong>aromatizante l\u00edquido<\/strong> tambi\u00e9n puede utilizarse para sorprender con platos salados. Este producto tambi\u00e9n es ideal para bebidas. Unas gotas en el caf\u00e9, la leche caliente o un batido aportar\u00e1n un toque arom\u00e1tico y reconfortante. Si le gusta experimentar, puede utilizarlo en c\u00f3cteles o infusiones para crear mezclas originales y sofisticadas. Su versatilidad lo convierte en un ingrediente de elecci\u00f3n para variar sus preparaciones y sorprender a sus invitados. Para una conservaci\u00f3n \u00f3ptima, el frasco est\u00e1 herm\u00e9ticamente cerrado para garantizar la frescura del sabor a largo plazo. Ci\u00e9rrelo cuidadosamente despu\u00e9s de cada uso para preservar la calidad y la potencia de este <strong>aroma de almendra amarga<\/strong>.      <\/p>\n<h3><\/h3>\n<p><!--more--><\/p>\n<h4>Un sabor elegante y vers\u00e1til<\/h4>\n<p><strong>El aroma l\u00edquido de<\/strong> <strong>almendra amarga<\/strong> es un aut\u00e9ntico aliado para dar un toque sofisticado a sus recetas. Su intenso sabor evoca la reposter\u00eda tradicional y los postres gourmet. Es especialmente popular para realzar preparaciones cl\u00e1sicas como el clafoutis, el pan de especias o los macarrones. Con este <strong>sabor a almendra amarga<\/strong>, cada receta adquiere una dimensi\u00f3n m\u00e1s delicada y aut\u00e9ntica. Gracias a su pr\u00e1ctico formato <strong>de 50 ml<\/strong>, este <strong>aroma l\u00edquido<\/strong> es tan adecuado para el uso diario como para necesidades m\u00e1s espec\u00edficas. Es f\u00e1cil de dosificar, por lo que no se desperdicia nada y la intensidad del sabor est\u00e1 siempre bajo control. Su versatilidad lo convierte en un producto imprescindible para los aficionados a la cocina, panaderos y pasteleros que buscan un sabor inconfundible y atemporal.      <\/p>\n<p>En resumen, este <strong>aroma l\u00edquido de<\/strong><strong>almendra amarga<\/strong> es una soluci\u00f3n sencilla, eficaz y elegante para transformar sus recetas. Su intenso sabor, su versatilidad y su pr\u00e1ctico formato lo convierten en un producto imprescindible para la cocina diaria. Tanto si prepara postres tradicionales como bebidas originales o platos atrevidos, este <strong>aroma de almendra<\/strong> amarga seducir\u00e1 a los paladares m\u00e1s exigentes.  <\/p>\n<p>&nbsp;<\/p>\n<p><!--more--><\/p>\n<p>Pruebe hoy mismo este <strong>sabor a almendra amarga<\/strong> y a\u00f1ada una nueva dimensi\u00f3n a sus recetas cotidianas.<\/p>\n<p>&nbsp;<\/p>\n<p><!--more--><\/p>\n<h4>Ventajas:<\/h4>\n<ul>\n<li><strong>Sabor intenso y refinado<\/strong>: una aut\u00e9ntica fragancia de almendra amarga para realzar sus creaciones culinarias.<\/li>\n<li><strong>Versatilidad<\/strong>: Apto para postres, reposter\u00eda, bebidas e incluso originales platos salados.<\/li>\n<li><strong>F\u00e1cil de usar<\/strong>: formato de 50 ml, preciso y f\u00e1cil de dosificar para evitar desperdicios.<\/li>\n<li><strong>Conservaci\u00f3n duradera<\/strong>: la botella herm\u00e9ticamente cerrada preserva la calidad y la frescura del sabor.<\/li>\n<\/ul>\n<p>&nbsp;<\/p>\n<p><!--more--><\/p>\n<h4>Informaci\u00f3n adicional :<\/h4>\n<ul>\n<li><b>Altura: <\/b>115 mm<\/li>\n<li><strong>Embalaje<\/strong>: Por unidad<\/li>\n<li><strong>Volumen<\/strong>: 50 ml<\/li>\n<li><b>Sabor : <\/b>Almendra amarga<\/li>\n<li><strong>Dosis<\/strong>: 3g\/kg<\/li>\n<\/ul>\n<p>&nbsp;<\/p>\n<p><!--more--><\/p>\n<h4>Composici\u00f3n:<\/h4>\n<ul>\n<li><strong>Monopropilenglicol<\/strong> \/ <strong>Aroma de almendra amarga<\/strong><\/li>\n<\/ul>\n<p>&nbsp;<\/p>\n<p><!--more--><\/p>\n<p>Disponible en varios sabores: <span style=\"color: #d12727;\"><a style=\"color: #d12727;\" href=\"https:\/\/www.csj-emballages.com\/produit\/arome-liquide-cafe-50-ml\/\">Caf\u00e9<\/a><\/span> \/ <span style=\"color: #d12727;\"><a style=\"color: #d12727;\" href=\"https:\/\/www.csj-emballages.com\/produit\/arome-liquide-rose-50-ml\/\">Rosa<\/a><\/span> \/ <span style=\"color: #d12727;\"><a style=\"color: #d12727;\" href=\"https:\/\/www.csj-emballages.com\/produit\/arome-liquide-cacao-50-ml\/\">Cacao<\/a><\/span> \/ <span style=\"color: #d12727;\"><a style=\"color: #d12727;\" href=\"https:\/\/www.csj-emballages.com\/produit\/arome-liquide-citron-50-ml\/\">Lim\u00f3n<\/a><\/span> \/ <span style=\"color: #d12727;\"><a style=\"color: #d12727;\" href=\"https:\/\/www.csj-emballages.com\/produit\/arome-liquide-fleur-doranger-50-ml\/\">Azahar<\/a><\/span> \/ <span style=\"color: #d12727;\"><a style=\"color: #d12727;\" href=\"https:\/\/www.csj-emballages.com\/produit\/arome-liquide-orange-50-ml\/\">Naranja<\/a><\/span><\/p>\n<p>&nbsp;<\/p>\n<p><!--more--><\/p>\n<p><a href=\"https:\/\/www.csj-emballages.com\/es\/categorie-produit\/alimentacion-es\/pasteleria\/sabores\/\">Descubra el resto de nuestra gama de sabores<\/a><\/p>\n","protected":false},"excerpt":{"rendered":"<p>Aroma l\u00edquido Descripci\u00f3n de nuestro aroma l\u00edquido de almendra amarga 50 ml<\/p>\n","protected":false},"featured_media":219193,"template":"","meta":{"_acf_changed":false},"product_brand":[],"product_cat":[1162,9211,9228],"product_tag":[],"class_list":{"0":"post-226046","1":"product","2":"type-product","3":"status-publish","4":"has-post-thumbnail","6":"product_cat-alimentacion-es","7":"product_cat-pasteleria","8":"product_cat-sabores","10":"first","11":"instock","12":"taxable","13":"shipping-taxable","14":"purchasable","15":"product-type-simple"},"acf":[],"yoast_head":"<!-- This site is optimized with the Yoast SEO Premium plugin v26.6 (Yoast SEO v26.6) - https:\/\/yoast.com\/wordpress\/plugins\/seo\/ -->\n<title>Ar\u00f4me Liquide Amande Am\u00e8re - 50 ml<\/title>\n<meta name=\"description\" content=\"Sabor l\u00edquido de almendra amarga 50 ml: un sabor natural y vers\u00e1til para realzar sus recetas dulces y saladas. Pr\u00e1ctico formato, f\u00e1cil de dosificar\" \/>\n<meta name=\"robots\" content=\"index, follow, max-snippet:-1, max-image-preview:large, max-video-preview:-1\" \/>\n<link rel=\"canonical\" href=\"https:\/\/www.csj-emballages.com\/es\/produit\/liquido-sabor-almendra-amarga-50-ml\/\" \/>\n<meta property=\"og:locale\" content=\"es_ES\" \/>\n<meta property=\"og:type\" content=\"article\" \/>\n<meta property=\"og:title\" content=\"L\u00edquido sabor almendra amarga 50 ml\" \/>\n<meta property=\"og:description\" content=\"Sabor l\u00edquido de almendra amarga 50 ml: un sabor natural y vers\u00e1til para realzar sus recetas dulces y saladas. Pr\u00e1ctico formato, f\u00e1cil de dosificar\" \/>\n<meta property=\"og:url\" content=\"https:\/\/www.csj-emballages.com\/es\/produit\/liquido-sabor-almendra-amarga-50-ml\/\" \/>\n<meta property=\"og:site_name\" content=\"CSJ Emballages\" \/>\n<meta property=\"article:publisher\" content=\"https:\/\/www.facebook.com\/csjemballages\" \/>\n<meta property=\"article:modified_time\" content=\"2026-03-12T15:05:20+00:00\" \/>\n<meta property=\"og:image\" content=\"https:\/\/www.csj-emballages.com\/wp-content\/uploads\/2024\/12\/Arome-amande-amere.webp\" \/>\n\t<meta property=\"og:image:width\" content=\"800\" \/>\n\t<meta property=\"og:image:height\" content=\"800\" \/>\n\t<meta property=\"og:image:type\" content=\"image\/webp\" \/>\n<meta name=\"twitter:card\" content=\"summary_large_image\" \/>\n<meta name=\"twitter:label1\" content=\"Tiempo de lectura\" \/>\n\t<meta name=\"twitter:data1\" content=\"3 minutos\" \/>\n<script type=\"application\/ld+json\" class=\"yoast-schema-graph\">{\"@context\":\"https:\/\/schema.org\",\"@graph\":[{\"@type\":\"WebPage\",\"@id\":\"https:\/\/www.csj-emballages.com\/es\/produit\/liquido-sabor-almendra-amarga-50-ml\/\",\"url\":\"https:\/\/www.csj-emballages.com\/es\/produit\/liquido-sabor-almendra-amarga-50-ml\/\",\"name\":\"Ar\u00f4me Liquide Amande Am\u00e8re - 50 ml\",\"isPartOf\":{\"@id\":\"https:\/\/www.csj-emballages.com\/es\/#website\"},\"primaryImageOfPage\":{\"@id\":\"https:\/\/www.csj-emballages.com\/es\/produit\/liquido-sabor-almendra-amarga-50-ml\/#primaryimage\"},\"image\":{\"@id\":\"https:\/\/www.csj-emballages.com\/es\/produit\/liquido-sabor-almendra-amarga-50-ml\/#primaryimage\"},\"thumbnailUrl\":\"https:\/\/www.csj-emballages.com\/wp-content\/uploads\/2024\/12\/Arome-amande-amere.webp\",\"datePublished\":\"2024-12-18T13:40:24+00:00\",\"dateModified\":\"2026-03-12T15:05:20+00:00\",\"description\":\"Sabor l\u00edquido de almendra amarga 50 ml: un sabor natural y vers\u00e1til para realzar sus recetas dulces y saladas. Pr\u00e1ctico formato, f\u00e1cil de dosificar\",\"breadcrumb\":{\"@id\":\"https:\/\/www.csj-emballages.com\/es\/produit\/liquido-sabor-almendra-amarga-50-ml\/#breadcrumb\"},\"inLanguage\":\"es\",\"potentialAction\":[{\"@type\":\"ReadAction\",\"target\":[\"https:\/\/www.csj-emballages.com\/es\/produit\/liquido-sabor-almendra-amarga-50-ml\/\"]}]},{\"@type\":\"ImageObject\",\"inLanguage\":\"es\",\"@id\":\"https:\/\/www.csj-emballages.com\/es\/produit\/liquido-sabor-almendra-amarga-50-ml\/#primaryimage\",\"url\":\"https:\/\/www.csj-emballages.com\/wp-content\/uploads\/2024\/12\/Arome-amande-amere.webp\",\"contentUrl\":\"https:\/\/www.csj-emballages.com\/wp-content\/uploads\/2024\/12\/Arome-amande-amere.webp\",\"width\":800,\"height\":800,\"caption\":\"Ar\u00f4me liquide amande am\u00e8re\"},{\"@type\":\"BreadcrumbList\",\"@id\":\"https:\/\/www.csj-emballages.com\/es\/produit\/liquido-sabor-almendra-amarga-50-ml\/#breadcrumb\",\"itemListElement\":[{\"@type\":\"ListItem\",\"position\":1,\"name\":\"Accueil\",\"item\":\"https:\/\/www.csj-emballages.com\/es\/universo-del-envasado-alimentario\/\"},{\"@type\":\"ListItem\",\"position\":2,\"name\":\"Tienda\",\"item\":\"https:\/\/www.csj-emballages.com\/tienda\/\"},{\"@type\":\"ListItem\",\"position\":3,\"name\":\"L\u00edquido sabor almendra amarga 50 ml\"}]},{\"@type\":\"WebSite\",\"@id\":\"https:\/\/www.csj-emballages.com\/es\/#website\",\"url\":\"https:\/\/www.csj-emballages.com\/es\/\",\"name\":\"CSJ Emballages\",\"description\":\"\",\"publisher\":{\"@id\":\"https:\/\/www.csj-emballages.com\/es\/#organization\"},\"potentialAction\":[{\"@type\":\"SearchAction\",\"target\":{\"@type\":\"EntryPoint\",\"urlTemplate\":\"https:\/\/www.csj-emballages.com\/es\/?s={search_term_string}\"},\"query-input\":{\"@type\":\"PropertyValueSpecification\",\"valueRequired\":true,\"valueName\":\"search_term_string\"}}],\"inLanguage\":\"es\"},{\"@type\":\"Organization\",\"@id\":\"https:\/\/www.csj-emballages.com\/es\/#Organization\/\",\"name\":\"CSJ Emballages\",\"url\":\"https:\/\/www.csj-emballages.com\/es\/\",\"logo\":{\"@type\":\"ImageObject\",\"inLanguage\":\"es\",\"@id\":\"https:\/\/www.csj-emballages.com\/es\/#\/schema\/logo\/image\/\",\"url\":\"https:\/\/www.csj-emballages.com\/wp-content\/uploads\/2023\/10\/logo_csj.webp\",\"contentUrl\":\"https:\/\/www.csj-emballages.com\/wp-content\/uploads\/2023\/10\/logo_csj.webp\",\"width\":250,\"height\":95,\"caption\":\"CSJ Emballages\"},\"image\":{\"@id\":\"https:\/\/www.csj-emballages.com\/es\/#\/schema\/logo\/image\/\"},\"sameAs\":[\"https:\/\/www.facebook.com\/csjemballages\"],\"address\":{\"@type\":\"PostalAddress\",\"streetAddress\":\"ZI La Lechere\",\"addressLocality\":\"Patornay\",\"postalCode\":\"39130\",\"addressCountry\":\"FR\"},\"contactPoint\":[{\"@type\":\"ContactPoint\",\"contactType\":\"Service client\",\"telephone\":\"0384254272\",\"email\":\"contact@csj-emballages.com\"}]}]}<\/script>\n<!-- \/ Yoast SEO Premium plugin. -->","yoast_head_json":{"title":"Ar\u00f4me Liquide Amande Am\u00e8re - 50 ml","description":"Sabor l\u00edquido de almendra amarga 50 ml: un sabor natural y vers\u00e1til para realzar sus recetas dulces y saladas. Pr\u00e1ctico formato, f\u00e1cil de dosificar","robots":{"index":"index","follow":"follow","max-snippet":"max-snippet:-1","max-image-preview":"max-image-preview:large","max-video-preview":"max-video-preview:-1"},"canonical":"https:\/\/www.csj-emballages.com\/es\/produit\/liquido-sabor-almendra-amarga-50-ml\/","og_locale":"es_ES","og_type":"article","og_title":"L\u00edquido sabor almendra amarga 50 ml","og_description":"Sabor l\u00edquido de almendra amarga 50 ml: un sabor natural y vers\u00e1til para realzar sus recetas dulces y saladas. Pr\u00e1ctico formato, f\u00e1cil de dosificar","og_url":"https:\/\/www.csj-emballages.com\/es\/produit\/liquido-sabor-almendra-amarga-50-ml\/","og_site_name":"CSJ Emballages","article_publisher":"https:\/\/www.facebook.com\/csjemballages","article_modified_time":"2026-03-12T15:05:20+00:00","og_image":[{"width":800,"height":800,"url":"https:\/\/www.csj-emballages.com\/wp-content\/uploads\/2024\/12\/Arome-amande-amere.webp","type":"image\/webp"}],"twitter_card":"summary_large_image","twitter_misc":{"Tiempo de lectura":"3 minutos"},"schema":{"@context":"https:\/\/schema.org","@graph":[{"@type":"WebPage","@id":"https:\/\/www.csj-emballages.com\/es\/produit\/liquido-sabor-almendra-amarga-50-ml\/","url":"https:\/\/www.csj-emballages.com\/es\/produit\/liquido-sabor-almendra-amarga-50-ml\/","name":"Ar\u00f4me Liquide Amande Am\u00e8re - 50 ml","isPartOf":{"@id":"https:\/\/www.csj-emballages.com\/es\/#website"},"primaryImageOfPage":{"@id":"https:\/\/www.csj-emballages.com\/es\/produit\/liquido-sabor-almendra-amarga-50-ml\/#primaryimage"},"image":{"@id":"https:\/\/www.csj-emballages.com\/es\/produit\/liquido-sabor-almendra-amarga-50-ml\/#primaryimage"},"thumbnailUrl":"https:\/\/www.csj-emballages.com\/wp-content\/uploads\/2024\/12\/Arome-amande-amere.webp","datePublished":"2024-12-18T13:40:24+00:00","dateModified":"2026-03-12T15:05:20+00:00","description":"Sabor l\u00edquido de almendra amarga 50 ml: un sabor natural y vers\u00e1til para realzar sus recetas dulces y saladas. Pr\u00e1ctico formato, f\u00e1cil de dosificar","breadcrumb":{"@id":"https:\/\/www.csj-emballages.com\/es\/produit\/liquido-sabor-almendra-amarga-50-ml\/#breadcrumb"},"inLanguage":"es","potentialAction":[{"@type":"ReadAction","target":["https:\/\/www.csj-emballages.com\/es\/produit\/liquido-sabor-almendra-amarga-50-ml\/"]}]},{"@type":"ImageObject","inLanguage":"es","@id":"https:\/\/www.csj-emballages.com\/es\/produit\/liquido-sabor-almendra-amarga-50-ml\/#primaryimage","url":"https:\/\/www.csj-emballages.com\/wp-content\/uploads\/2024\/12\/Arome-amande-amere.webp","contentUrl":"https:\/\/www.csj-emballages.com\/wp-content\/uploads\/2024\/12\/Arome-amande-amere.webp","width":800,"height":800,"caption":"Ar\u00f4me liquide amande am\u00e8re"},{"@type":"BreadcrumbList","@id":"https:\/\/www.csj-emballages.com\/es\/produit\/liquido-sabor-almendra-amarga-50-ml\/#breadcrumb","itemListElement":[{"@type":"ListItem","position":1,"name":"Accueil","item":"https:\/\/www.csj-emballages.com\/es\/universo-del-envasado-alimentario\/"},{"@type":"ListItem","position":2,"name":"Tienda","item":"https:\/\/www.csj-emballages.com\/tienda\/"},{"@type":"ListItem","position":3,"name":"L\u00edquido sabor almendra amarga 50 ml"}]},{"@type":"WebSite","@id":"https:\/\/www.csj-emballages.com\/es\/#website","url":"https:\/\/www.csj-emballages.com\/es\/","name":"CSJ Emballages","description":"","publisher":{"@id":"https:\/\/www.csj-emballages.com\/es\/#organization"},"potentialAction":[{"@type":"SearchAction","target":{"@type":"EntryPoint","urlTemplate":"https:\/\/www.csj-emballages.com\/es\/?s={search_term_string}"},"query-input":{"@type":"PropertyValueSpecification","valueRequired":true,"valueName":"search_term_string"}}],"inLanguage":"es"},{"@type":"Organization","@id":"https:\/\/www.csj-emballages.com\/es\/#Organization\/","name":"CSJ Emballages","url":"https:\/\/www.csj-emballages.com\/es\/","logo":{"@type":"ImageObject","inLanguage":"es","@id":"https:\/\/www.csj-emballages.com\/es\/#\/schema\/logo\/image\/","url":"https:\/\/www.csj-emballages.com\/wp-content\/uploads\/2023\/10\/logo_csj.webp","contentUrl":"https:\/\/www.csj-emballages.com\/wp-content\/uploads\/2023\/10\/logo_csj.webp","width":250,"height":95,"caption":"CSJ Emballages"},"image":{"@id":"https:\/\/www.csj-emballages.com\/es\/#\/schema\/logo\/image\/"},"sameAs":["https:\/\/www.facebook.com\/csjemballages"],"address":{"@type":"PostalAddress","streetAddress":"ZI La Lechere","addressLocality":"Patornay","postalCode":"39130","addressCountry":"FR"},"contactPoint":[{"@type":"ContactPoint","contactType":"Service client","telephone":"0384254272","email":"contact@csj-emballages.com"}]}]}},"df_price":2.38,"df_sale_price":"","df_regular_price":2.38,"df_image_link":"https:\/\/www.csj-emballages.com\/wp-content\/uploads\/2024\/12\/Arome-amande-amere-300x300.webp","tiered_pricing_type":"fixed","tiered_pricing_fixed_rules":[],"tiered_pricing_percentage_rules":[],"tiered_pricing_minimum":1,"tiered_pricing_roles_data":[],"_links":{"self":[{"href":"https:\/\/www.csj-emballages.com\/es\/wp-json\/wp\/v2\/product\/226046","targetHints":{"allow":["GET"]}}],"collection":[{"href":"https:\/\/www.csj-emballages.com\/es\/wp-json\/wp\/v2\/product"}],"about":[{"href":"https:\/\/www.csj-emballages.com\/es\/wp-json\/wp\/v2\/types\/product"}],"wp:featuredmedia":[{"embeddable":true,"href":"https:\/\/www.csj-emballages.com\/es\/wp-json\/wp\/v2\/media\/219193"}],"wp:attachment":[{"href":"https:\/\/www.csj-emballages.com\/es\/wp-json\/wp\/v2\/media?parent=226046"}],"wp:term":[{"taxonomy":"product_brand","embeddable":true,"href":"https:\/\/www.csj-emballages.com\/es\/wp-json\/wp\/v2\/product_brand?post=226046"},{"taxonomy":"product_cat","embeddable":true,"href":"https:\/\/www.csj-emballages.com\/es\/wp-json\/wp\/v2\/product_cat?post=226046"},{"taxonomy":"product_tag","embeddable":true,"href":"https:\/\/www.csj-emballages.com\/es\/wp-json\/wp\/v2\/product_tag?post=226046"}],"curies":[{"name":"wp","href":"https:\/\/api.w.org\/{rel}","templated":true}]}}