{"id":22599,"date":"2024-03-01T16:50:31","date_gmt":"2024-03-01T15:50:31","guid":{"rendered":"https:\/\/u15jnbdpoq.preview.infomaniak.website\/produit\/25-bandejas-de-autocarton-29-x-38-cm\/"},"modified":"2026-04-03T02:18:47","modified_gmt":"2026-04-03T00:18:47","slug":"25-bandejas-de-autocarton-29-x-38-cm","status":"publish","type":"product","link":"https:\/\/www.csj-emballages.com\/es\/produit\/25-bandejas-de-autocarton-29-x-38-cm\/","title":{"rendered":"Bandeja de cart\u00f3n 29 x 38 cm, paquete de 25"},"content":{"rendered":"<h2>Bandeja de autoservicio<\/h2>\n<hr>\n<h3>Descripci\u00f3n de nuestra bandeja autoportante de cart\u00f3n de 29 x 38 cm, paquete de 25<\/h3>\n<p><!--more--><\/p>\n<p data-start=\"152\" data-end=\"619\">La <strong data-start=\"155\" data-end=\"192\">bandeja de autoservicio de cart\u00f3n de 29 x 38 cm<\/strong> es indispensable para los profesionales de la restauraci\u00f3n, la comida para llevar y los buf\u00e9s. Pr\u00e1ctica y robusta, ha sido especialmente dise\u00f1ada para facilitar el <strong data-start=\"391\" data-end=\"418\">autoservicio<\/strong> o la presentaci\u00f3n de sus platos y postres. Gracias a sus generosas dimensiones, puede contener varios recipientes, <span style=\"color: #d12727;\"><a style=\"color: #d12727;\" href=\"https:\/\/www.csj-emballages.com\/es\/categorie-produit\/envasado-de-alimentos\/catering-es\/platos-cubiertos-desechables-pajitas\/\">platos<\/a><\/span> o <span style=\"color: #d12727;\"><a style=\"color: #d12727;\" href=\"https:\/\/www.csj-emballages.com\/es\/categorie-produit\/envasado-de-alimentos\/catering-es\/tazas-vasos-cubos-botellas\/\">tazas<\/a><\/span> sin perder estabilidad durante el transporte.  <\/p>\n<p data-start=\"621\" data-end=\"1022\">Fabricada en <strong data-start=\"633\" data-end=\"661\">cart\u00f3n r\u00edgido de alta calidad<\/strong>, esta <strong>bandeja autoportante<\/strong> es extremadamente resistente, incluso cuando est\u00e1 cargada. Su dise\u00f1o eco-responsable la convierte en una alternativa sostenible a las bandejas de pl\u00e1stico, al tiempo que satisface las expectativas de los consumidores sensibles al impacto medioambiental. Ligera pero resistente, es f\u00e1cil y c\u00f3moda de manejar tanto para sus clientes como para su personal.  <\/p>\n<p data-start=\"1024\" data-end=\"1381\">Ideal para comedores, cafeter\u00edas y bares, pero tambi\u00e9n para eventos puntuales como recepciones, c\u00f3cteles o comidas de empresa, la <strong>bandeja de<\/strong> <strong>autoservicio<\/strong> es una soluci\u00f3n <strong data-start=\"1238\" data-end=\"1278\">higi\u00e9nica, econ\u00f3mica y atractiva<\/strong>. Su formato est\u00e1ndar (29 x 38 cm) se adapta perfectamente a las necesidades cotidianas del catering. <\/p>\n<p data-start=\"1383\" data-end=\"1679\">Tanto si es un <strong data-start=\"1401\" data-end=\"1431\">restaurador profesional<\/strong> como un <strong data-start=\"1438\" data-end=\"1466\">organizador de eventos<\/strong>, estas <strong>bandejas<\/strong> se venden en paquetes de <strong>25 unidades<\/strong>. F\u00e1ciles de almacenar y utilizar, le ahorrar\u00e1n tiempo y mejorar\u00e1n la calidad del servicio que presta a sus clientes. <\/p>\n<p data-start=\"1681\" data-end=\"1840\">En resumen, con esta <strong>bandeja<\/strong> podr\u00e1 combinar <strong data-start=\"1717\" data-end=\"1770\">practicidad, robustez y respeto por el medio ambiente<\/strong>.<\/p>\n<p data-start=\"1681\" data-end=\"1840\">\n<p><!--more--><\/p>\n<h4>Ventajas :<\/h4>\n<ul>\n<li>Fuerte y r\u00edgido, adecuado para transportar comidas completas.<\/li>\n<li>Pr\u00e1ctico formato para autoservicio, cafeter\u00eda o catering.<\/li>\n<li>Una alternativa ecol\u00f3gica a las bandejas de pl\u00e1stico.<\/li>\n<li>Ligero y f\u00e1cil de manejar.<\/li>\n<li>Envasados en paquetes de 25 para un uso econ\u00f3mico.<\/li>\n<\/ul>\n<p>&nbsp;<\/p>\n<p><!--more--><\/p>\n<h4>Informaci\u00f3n adicional :<\/h4>\n<ul>\n<li><strong>Envase<\/strong>: Paquete de 25<\/li>\n<li><strong>Dimensiones exteriores<\/strong> 290 x 380 (L x A en mm)<\/li>\n<li><strong>Dimensiones interiores<\/strong>: 250 x 340 mm (L x A en mm)<\/li>\n<li><strong>Color<\/strong>: blanco<\/li>\n<li><strong>Material<\/strong>: Microcanal<\/li>\n<\/ul>\n<p>&nbsp;<\/p>\n<p><!--more--><\/p>\n<p>M\u00e1s informaci\u00f3n sobre nuestra bandeja de cart\u00f3n de autoservicio en 65 : <span style=\"color: #d12727;\"><a style=\"color: #d12727;\" href=\"https:\/\/www.csj-emballages.com\/es\/produit\/65-bandejas-kraft-para-llevar\/\">PLK<\/a><\/span><\/p>\n<p>&nbsp;<\/p>\n<p><!--more--><\/p>\n<p><a href=\"https:\/\/www.csj-emballages.com\/es\/categorie-produit\/envasado-de-alimentos\/carniceria-y-charcuteria\/bandejas\/bandejas-de-autoservicio\/\">Ver el resto de nuestra gama de bandejas de autoservicio<\/a><\/p>\n","protected":false},"excerpt":{"rendered":"<p>Bandeja de autoservicio Descripci\u00f3n de nuestra bandeja autoportante de cart\u00f3n de 29 x 38 cm, paquete de 25<\/p>\n","protected":false},"featured_media":177190,"template":"","meta":{"_acf_changed":false},"product_brand":[],"product_cat":[1150,1143,1288,3113,1179,1302,3106],"product_tag":[],"class_list":{"0":"post-22599","1":"product","2":"type-product","3":"status-publish","4":"has-post-thumbnail","6":"product_cat-envasado-de-alimentos","7":"product_cat-carniceria-y-charcuteria","8":"product_cat-bandejas","9":"product_cat-bandejas-de-autoservicio","10":"product_cat-catering-es","11":"product_cat-bandejas-es","12":"product_cat-bandejas-desechables-de-autoservicio","14":"first","15":"instock","16":"taxable","17":"shipping-taxable","18":"purchasable","19":"product-type-simple"},"acf":[],"yoast_head":"<!-- This site is optimized with the Yoast SEO Premium plugin v26.6 (Yoast SEO v26.6) - https:\/\/yoast.com\/wordpress\/plugins\/seo\/ -->\n<title>Bandeja Self Carton 29 x 38 cm por 25<\/title>\n<meta name=\"description\" content=\"Bandeja de autoservicio de cart\u00f3n de 29 x 38 cm. Resistente, pr\u00e1ctica y eco-responsable, ideal para autoservicio, catering y restauraci\u00f3n colectiva.\" \/>\n<meta name=\"robots\" content=\"index, follow, max-snippet:-1, max-image-preview:large, max-video-preview:-1\" \/>\n<link rel=\"canonical\" href=\"https:\/\/www.csj-emballages.com\/es\/produit\/25-bandejas-de-autocarton-29-x-38-cm\/\" \/>\n<meta property=\"og:locale\" content=\"es_ES\" \/>\n<meta property=\"og:type\" content=\"article\" \/>\n<meta property=\"og:title\" content=\"Bandeja de cart\u00f3n 29 x 38 cm, paquete de 25\" \/>\n<meta property=\"og:description\" content=\"Bandeja de autoservicio de cart\u00f3n de 29 x 38 cm. Resistente, pr\u00e1ctica y eco-responsable, ideal para autoservicio, catering y restauraci\u00f3n colectiva.\" \/>\n<meta property=\"og:url\" content=\"https:\/\/www.csj-emballages.com\/es\/produit\/25-bandejas-de-autocarton-29-x-38-cm\/\" \/>\n<meta property=\"og:site_name\" content=\"CSJ Emballages\" \/>\n<meta property=\"article:publisher\" content=\"https:\/\/www.facebook.com\/csjemballages\" \/>\n<meta property=\"article:modified_time\" content=\"2026-04-03T00:18:47+00:00\" \/>\n<meta property=\"og:image\" content=\"https:\/\/www.csj-emballages.com\/wp-content\/uploads\/2024\/03\/Plateauself.webp\" \/>\n\t<meta property=\"og:image:width\" content=\"800\" \/>\n\t<meta property=\"og:image:height\" content=\"800\" \/>\n\t<meta property=\"og:image:type\" content=\"image\/webp\" \/>\n<meta name=\"twitter:card\" content=\"summary_large_image\" \/>\n<meta name=\"twitter:label1\" content=\"Tiempo de lectura\" \/>\n\t<meta name=\"twitter:data1\" content=\"2 minutos\" \/>\n<script type=\"application\/ld+json\" class=\"yoast-schema-graph\">{\"@context\":\"https:\/\/schema.org\",\"@graph\":[{\"@type\":\"WebPage\",\"@id\":\"https:\/\/www.csj-emballages.com\/es\/produit\/25-bandejas-de-autocarton-29-x-38-cm\/\",\"url\":\"https:\/\/www.csj-emballages.com\/es\/produit\/25-bandejas-de-autocarton-29-x-38-cm\/\",\"name\":\"Bandeja Self Carton 29 x 38 cm por 25\",\"isPartOf\":{\"@id\":\"https:\/\/www.csj-emballages.com\/es\/#website\"},\"primaryImageOfPage\":{\"@id\":\"https:\/\/www.csj-emballages.com\/es\/produit\/25-bandejas-de-autocarton-29-x-38-cm\/#primaryimage\"},\"image\":{\"@id\":\"https:\/\/www.csj-emballages.com\/es\/produit\/25-bandejas-de-autocarton-29-x-38-cm\/#primaryimage\"},\"thumbnailUrl\":\"https:\/\/www.csj-emballages.com\/wp-content\/uploads\/2024\/03\/Plateauself.webp\",\"datePublished\":\"2024-03-01T15:50:31+00:00\",\"dateModified\":\"2026-04-03T00:18:47+00:00\",\"description\":\"Bandeja de autoservicio de cart\u00f3n de 29 x 38 cm. Resistente, pr\u00e1ctica y eco-responsable, ideal para autoservicio, catering y restauraci\u00f3n colectiva.\",\"breadcrumb\":{\"@id\":\"https:\/\/www.csj-emballages.com\/es\/produit\/25-bandejas-de-autocarton-29-x-38-cm\/#breadcrumb\"},\"inLanguage\":\"es\",\"potentialAction\":[{\"@type\":\"ReadAction\",\"target\":[\"https:\/\/www.csj-emballages.com\/es\/produit\/25-bandejas-de-autocarton-29-x-38-cm\/\"]}]},{\"@type\":\"ImageObject\",\"inLanguage\":\"es\",\"@id\":\"https:\/\/www.csj-emballages.com\/es\/produit\/25-bandejas-de-autocarton-29-x-38-cm\/#primaryimage\",\"url\":\"https:\/\/www.csj-emballages.com\/wp-content\/uploads\/2024\/03\/Plateauself.webp\",\"contentUrl\":\"https:\/\/www.csj-emballages.com\/wp-content\/uploads\/2024\/03\/Plateauself.webp\",\"width\":800,\"height\":800,\"caption\":\"Plateau self\"},{\"@type\":\"BreadcrumbList\",\"@id\":\"https:\/\/www.csj-emballages.com\/es\/produit\/25-bandejas-de-autocarton-29-x-38-cm\/#breadcrumb\",\"itemListElement\":[{\"@type\":\"ListItem\",\"position\":1,\"name\":\"Accueil\",\"item\":\"https:\/\/www.csj-emballages.com\/es\/universo-del-envasado-alimentario\/\"},{\"@type\":\"ListItem\",\"position\":2,\"name\":\"Tienda\",\"item\":\"https:\/\/www.csj-emballages.com\/tienda\/\"},{\"@type\":\"ListItem\",\"position\":3,\"name\":\"Bandeja de cart\u00f3n 29 x 38 cm, paquete de 25\"}]},{\"@type\":\"WebSite\",\"@id\":\"https:\/\/www.csj-emballages.com\/es\/#website\",\"url\":\"https:\/\/www.csj-emballages.com\/es\/\",\"name\":\"CSJ Emballages\",\"description\":\"\",\"publisher\":{\"@id\":\"https:\/\/www.csj-emballages.com\/es\/#organization\"},\"potentialAction\":[{\"@type\":\"SearchAction\",\"target\":{\"@type\":\"EntryPoint\",\"urlTemplate\":\"https:\/\/www.csj-emballages.com\/es\/?s={search_term_string}\"},\"query-input\":{\"@type\":\"PropertyValueSpecification\",\"valueRequired\":true,\"valueName\":\"search_term_string\"}}],\"inLanguage\":\"es\"},{\"@type\":\"Organization\",\"@id\":\"https:\/\/www.csj-emballages.com\/es\/#Organization\/\",\"name\":\"CSJ Emballages\",\"url\":\"https:\/\/www.csj-emballages.com\/es\/\",\"logo\":{\"@type\":\"ImageObject\",\"inLanguage\":\"es\",\"@id\":\"https:\/\/www.csj-emballages.com\/es\/#\/schema\/logo\/image\/\",\"url\":\"https:\/\/www.csj-emballages.com\/wp-content\/uploads\/2023\/10\/logo_csj.webp\",\"contentUrl\":\"https:\/\/www.csj-emballages.com\/wp-content\/uploads\/2023\/10\/logo_csj.webp\",\"width\":250,\"height\":95,\"caption\":\"CSJ Emballages\"},\"image\":{\"@id\":\"https:\/\/www.csj-emballages.com\/es\/#\/schema\/logo\/image\/\"},\"sameAs\":[\"https:\/\/www.facebook.com\/csjemballages\"],\"address\":{\"@type\":\"PostalAddress\",\"streetAddress\":\"ZI La Lechere\",\"addressLocality\":\"Patornay\",\"postalCode\":\"39130\",\"addressCountry\":\"FR\"},\"contactPoint\":[{\"@type\":\"ContactPoint\",\"contactType\":\"Service client\",\"telephone\":\"0384254272\",\"email\":\"contact@csj-emballages.com\"}]}]}<\/script>\n<!-- \/ Yoast SEO Premium plugin. -->","yoast_head_json":{"title":"Bandeja Self Carton 29 x 38 cm por 25","description":"Bandeja de autoservicio de cart\u00f3n de 29 x 38 cm. Resistente, pr\u00e1ctica y eco-responsable, ideal para autoservicio, catering y restauraci\u00f3n colectiva.","robots":{"index":"index","follow":"follow","max-snippet":"max-snippet:-1","max-image-preview":"max-image-preview:large","max-video-preview":"max-video-preview:-1"},"canonical":"https:\/\/www.csj-emballages.com\/es\/produit\/25-bandejas-de-autocarton-29-x-38-cm\/","og_locale":"es_ES","og_type":"article","og_title":"Bandeja de cart\u00f3n 29 x 38 cm, paquete de 25","og_description":"Bandeja de autoservicio de cart\u00f3n de 29 x 38 cm. Resistente, pr\u00e1ctica y eco-responsable, ideal para autoservicio, catering y restauraci\u00f3n colectiva.","og_url":"https:\/\/www.csj-emballages.com\/es\/produit\/25-bandejas-de-autocarton-29-x-38-cm\/","og_site_name":"CSJ Emballages","article_publisher":"https:\/\/www.facebook.com\/csjemballages","article_modified_time":"2026-04-03T00:18:47+00:00","og_image":[{"width":800,"height":800,"url":"https:\/\/www.csj-emballages.com\/wp-content\/uploads\/2024\/03\/Plateauself.webp","type":"image\/webp"}],"twitter_card":"summary_large_image","twitter_misc":{"Tiempo de lectura":"2 minutos"},"schema":{"@context":"https:\/\/schema.org","@graph":[{"@type":"WebPage","@id":"https:\/\/www.csj-emballages.com\/es\/produit\/25-bandejas-de-autocarton-29-x-38-cm\/","url":"https:\/\/www.csj-emballages.com\/es\/produit\/25-bandejas-de-autocarton-29-x-38-cm\/","name":"Bandeja Self Carton 29 x 38 cm por 25","isPartOf":{"@id":"https:\/\/www.csj-emballages.com\/es\/#website"},"primaryImageOfPage":{"@id":"https:\/\/www.csj-emballages.com\/es\/produit\/25-bandejas-de-autocarton-29-x-38-cm\/#primaryimage"},"image":{"@id":"https:\/\/www.csj-emballages.com\/es\/produit\/25-bandejas-de-autocarton-29-x-38-cm\/#primaryimage"},"thumbnailUrl":"https:\/\/www.csj-emballages.com\/wp-content\/uploads\/2024\/03\/Plateauself.webp","datePublished":"2024-03-01T15:50:31+00:00","dateModified":"2026-04-03T00:18:47+00:00","description":"Bandeja de autoservicio de cart\u00f3n de 29 x 38 cm. Resistente, pr\u00e1ctica y eco-responsable, ideal para autoservicio, catering y restauraci\u00f3n colectiva.","breadcrumb":{"@id":"https:\/\/www.csj-emballages.com\/es\/produit\/25-bandejas-de-autocarton-29-x-38-cm\/#breadcrumb"},"inLanguage":"es","potentialAction":[{"@type":"ReadAction","target":["https:\/\/www.csj-emballages.com\/es\/produit\/25-bandejas-de-autocarton-29-x-38-cm\/"]}]},{"@type":"ImageObject","inLanguage":"es","@id":"https:\/\/www.csj-emballages.com\/es\/produit\/25-bandejas-de-autocarton-29-x-38-cm\/#primaryimage","url":"https:\/\/www.csj-emballages.com\/wp-content\/uploads\/2024\/03\/Plateauself.webp","contentUrl":"https:\/\/www.csj-emballages.com\/wp-content\/uploads\/2024\/03\/Plateauself.webp","width":800,"height":800,"caption":"Plateau self"},{"@type":"BreadcrumbList","@id":"https:\/\/www.csj-emballages.com\/es\/produit\/25-bandejas-de-autocarton-29-x-38-cm\/#breadcrumb","itemListElement":[{"@type":"ListItem","position":1,"name":"Accueil","item":"https:\/\/www.csj-emballages.com\/es\/universo-del-envasado-alimentario\/"},{"@type":"ListItem","position":2,"name":"Tienda","item":"https:\/\/www.csj-emballages.com\/tienda\/"},{"@type":"ListItem","position":3,"name":"Bandeja de cart\u00f3n 29 x 38 cm, paquete de 25"}]},{"@type":"WebSite","@id":"https:\/\/www.csj-emballages.com\/es\/#website","url":"https:\/\/www.csj-emballages.com\/es\/","name":"CSJ Emballages","description":"","publisher":{"@id":"https:\/\/www.csj-emballages.com\/es\/#organization"},"potentialAction":[{"@type":"SearchAction","target":{"@type":"EntryPoint","urlTemplate":"https:\/\/www.csj-emballages.com\/es\/?s={search_term_string}"},"query-input":{"@type":"PropertyValueSpecification","valueRequired":true,"valueName":"search_term_string"}}],"inLanguage":"es"},{"@type":"Organization","@id":"https:\/\/www.csj-emballages.com\/es\/#Organization\/","name":"CSJ Emballages","url":"https:\/\/www.csj-emballages.com\/es\/","logo":{"@type":"ImageObject","inLanguage":"es","@id":"https:\/\/www.csj-emballages.com\/es\/#\/schema\/logo\/image\/","url":"https:\/\/www.csj-emballages.com\/wp-content\/uploads\/2023\/10\/logo_csj.webp","contentUrl":"https:\/\/www.csj-emballages.com\/wp-content\/uploads\/2023\/10\/logo_csj.webp","width":250,"height":95,"caption":"CSJ Emballages"},"image":{"@id":"https:\/\/www.csj-emballages.com\/es\/#\/schema\/logo\/image\/"},"sameAs":["https:\/\/www.facebook.com\/csjemballages"],"address":{"@type":"PostalAddress","streetAddress":"ZI La Lechere","addressLocality":"Patornay","postalCode":"39130","addressCountry":"FR"},"contactPoint":[{"@type":"ContactPoint","contactType":"Service client","telephone":"0384254272","email":"contact@csj-emballages.com"}]}]}},"df_price":10.06,"df_sale_price":"","df_regular_price":10.06,"df_image_link":"https:\/\/www.csj-emballages.com\/wp-content\/uploads\/2024\/03\/Plateauself-300x300.webp","tiered_pricing_type":"fixed","tiered_pricing_fixed_rules":[],"tiered_pricing_percentage_rules":[],"tiered_pricing_minimum":1,"tiered_pricing_roles_data":[],"_links":{"self":[{"href":"https:\/\/www.csj-emballages.com\/es\/wp-json\/wp\/v2\/product\/22599","targetHints":{"allow":["GET"]}}],"collection":[{"href":"https:\/\/www.csj-emballages.com\/es\/wp-json\/wp\/v2\/product"}],"about":[{"href":"https:\/\/www.csj-emballages.com\/es\/wp-json\/wp\/v2\/types\/product"}],"wp:featuredmedia":[{"embeddable":true,"href":"https:\/\/www.csj-emballages.com\/es\/wp-json\/wp\/v2\/media\/177190"}],"wp:attachment":[{"href":"https:\/\/www.csj-emballages.com\/es\/wp-json\/wp\/v2\/media?parent=22599"}],"wp:term":[{"taxonomy":"product_brand","embeddable":true,"href":"https:\/\/www.csj-emballages.com\/es\/wp-json\/wp\/v2\/product_brand?post=22599"},{"taxonomy":"product_cat","embeddable":true,"href":"https:\/\/www.csj-emballages.com\/es\/wp-json\/wp\/v2\/product_cat?post=22599"},{"taxonomy":"product_tag","embeddable":true,"href":"https:\/\/www.csj-emballages.com\/es\/wp-json\/wp\/v2\/product_tag?post=22599"}],"curies":[{"name":"wp","href":"https:\/\/api.w.org\/{rel}","templated":true}]}}