{"id":225649,"date":"2025-02-27T16:31:21","date_gmt":"2025-02-27T15:31:21","guid":{"rendered":"https:\/\/www.csj-emballages.com\/produit\/bandeja-freidora-de-carton-de-2-compartimentos-de-520-ml-100-uds\/"},"modified":"2026-03-12T16:19:53","modified_gmt":"2026-03-12T15:19:53","slug":"bandeja-freidora-de-carton-de-2-compartimentos-de-520-ml-100-uds","status":"publish","type":"product","link":"https:\/\/www.csj-emballages.com\/es\/produit\/bandeja-freidora-de-carton-de-2-compartimentos-de-520-ml-100-uds\/","title":{"rendered":"Bandeja de cart\u00f3n para virutas de 520 ml y 2 compartimentos, paquete de 50"},"content":{"rendered":"<h2 class=\"p1\">Bandeja de cart\u00f3n frito<\/h2>\n<hr>\n<h3>Descripci\u00f3n de nuestra bandeja de cart\u00f3n para virutas de 520 ml y 2 compartimentos (50 unidades)<\/h3>\n<p><!--more--><\/p>\n<p class=\"\" data-start=\"292\" data-end=\"616\">Robusta, pr\u00e1ctica y dise\u00f1ada pensando en los profesionales de la restauraci\u00f3n, esta <strong>bandeja para fritos de cart\u00f3n kraft de 2 compartimentos<\/strong> <strong>y 520 ml<\/strong> es ideal para servir patatas fritas, nuggets, aperitivos o incluso peque\u00f1os platos para llevar. Se vende en paquetes de <strong>50<\/strong> unidades y ofrece un excelente compromiso entre practicidad, higiene y presentaci\u00f3n. Dise\u00f1ada para <strong data-start=\"630\" data-end=\"662\">soportar alimentos calientes<\/strong>, esta <strong>bandeja de cart\u00f3n<\/strong> no se reblandece en contacto con el calor o la humedad. Se mantiene en su sitio, incluso con <strong>patatas fritas<\/strong> o salsas grasientas. Fabricada con cart\u00f3n grueso apto para uso alimentario, es <strong data-start=\"883\" data-end=\"897\">respetuosa con el medio ambiente<\/strong> y <strong data-start=\"901\" data-end=\"927\">totalmente reciclable<\/strong>, lo que la convierte en una soluci\u00f3n m\u00e1s responsable que los envases de pl\u00e1stico tradicionales.    <\/p>\n<p class=\"\" data-start=\"1020\" data-end=\"1377\">Tanto si es un <strong data-start=\"1038\" data-end=\"1061\">restaurante de comida r\u00e1pida<\/strong>, un <strong data-start=\"1066\" data-end=\"1080\">food truck<\/strong>, un <strong data-start=\"1085\" data-end=\"1110\">servicio de catering para eventos<\/strong> o incluso un particular que organiza una fiesta, esta bandeja le garantizar\u00e1 un servicio esmerado, f\u00e1cil de sujetar y realmente pr\u00e1ctico para el uso diario. Su formato es perfecto para colocarla en horizontal o sostenerla en la mano para degustarla sobre la marcha. <\/p>\n<p class=\"\" data-start=\"1379\" data-end=\"1497\">Esta <strong>bandeja frita<\/strong>, que se vende en paquetes de <strong>50 unidades<\/strong>, facilita la gesti\u00f3n de sus necesidades de envases sin sobrecargar su almac\u00e9n.<\/p>\n<p class=\"\" data-start=\"1499\" data-end=\"1594\">Imprescindible para quien quiera combinar <strong data-start=\"1551\" data-end=\"1593\">eficacia, sencillez y presentaci\u00f3n<\/strong>.<\/p>\n<p data-start=\"100\" data-end=\"556\"><!--more--><\/p>\n<h4 data-start=\"100\" data-end=\"556\">Sus ventajas:<\/h4>\n<ul>\n<li data-start=\"576\" data-end=\"677\"><strong data-start=\"578\" data-end=\"597\">2 compartimentos<\/strong>: Separa las patatas fritas y las guarniciones para una mejor experiencia del cliente.<\/li>\n<li data-start=\"678\" data-end=\"771\"><strong data-start=\"680\" data-end=\"703\">Material ecol\u00f3gico<\/strong>: fabricado con cart\u00f3n reciclable y respetuoso con el medio ambiente.<\/li>\n<li data-start=\"772\" data-end=\"865\"><strong data-start=\"774\" data-end=\"798\">Fuerte y resistente<\/strong>: No se reblandece con el calor ni con la humedad de los alimentos.<\/li>\n<li data-start=\"866\" data-end=\"963\"><strong data-start=\"868\" data-end=\"905\">Pr\u00e1ctico para la venta de comida para llevar<\/strong>: Adecuado para profesionales de la comida r\u00e1pida.<\/li>\n<li data-start=\"964\" data-end=\"1046\" data-is-only-node=\"\"><strong data-start=\"966\" data-end=\"986\">Dise\u00f1o atractivo<\/strong>: presentaci\u00f3n cuidada para mostrar sus platos.<\/li>\n<\/ul>\n<p>&nbsp;<\/p>\n<p><!--more--><\/p>\n<h4 data-start=\"558\" data-end=\"575\">Informaci\u00f3n adicional :<\/h4>\n<ul>\n<li><strong>Envase<\/strong>: Paquete de 50<\/li>\n<li><strong>Dimensiones totales<\/strong>: 200 x 105 x 46 (L x A x A en mm)<\/li>\n<li><strong>Dimensiones del compartimento peque\u00f1o<\/strong>: 105 x 60 x 46 (L x A x A en mm)<\/li>\n<li><strong>Dimensiones del compartimento grande <\/strong>: 140 x 105 x 35 (L x A x A en mm)<\/li>\n<li><strong>Material<\/strong>: Cart\u00f3n<\/li>\n<li><strong>Color<\/strong>: Marr\u00f3n<\/li>\n<\/ul>\n<p>&nbsp;<\/p>\n<p><!--more--><\/p>\n<p>Esta bandeja frita est\u00e1 disponible en varios tama\u00f1os: <span style=\"color: #d12727;\"><a style=\"color: #d12727;\" href=\"https:\/\/www.csj-emballages.com\/es\/produit\/frito-carton-250-ml-por-200\/\">250 ml<\/a><\/span> \/ <span style=\"color: #d12727;\"><a style=\"color: #d12727;\" href=\"https:\/\/www.csj-emballages.com\/produit\/100-barquette-frite-carton-300-ml-restauration-emporter\/\">300 ml<\/a><\/span> \/ <span style=\"color: #d12727;\"><a style=\"color: #d12727;\" href=\"https:\/\/www.csj-emballages.com\/produit\/100-barquette-frite-carton-400-ml-restauration-emporter\/\">400 ml<\/a><\/span> \/ <span style=\"color: #d12727;\"><a style=\"color: #d12727;\" href=\"https:\/\/www.csj-emballages.com\/es\/produit\/bandeja-de-carton-para-virutas-de-680-ml-100\/\">680 ml<\/a><\/span> \/ <span style=\"color: #d12727;\"><a style=\"color: #d12727;\" href=\"https:\/\/www.csj-emballages.com\/es\/produit\/50-bandejas-de-patatas-fritas-carton-de-1000-ml\/\">1000 ml <\/a><\/span> <\/p>\n<p>&nbsp;<\/p>\n<p><!--more--><\/p>\n<p><a href=\"https:\/\/www.csj-emballages.com\/es\/categorie-produit\/envasado-de-alimentos\/catering-es\/cajas-bandejas-bolsas-conos\/bandejas-cajas-de-carton\/bandejas-de-carton-para-virutas\/\">Ver el resto de nuestra gama de bandejas de cart\u00f3n para patatas fritas<\/a><\/p>\n","protected":false},"excerpt":{"rendered":"<p>Bandeja de cart\u00f3n frito Descripci\u00f3n de nuestra bandeja de cart\u00f3n para virutas de 520 ml y 2 compartimentos (50 unidades)<\/p>\n","protected":false},"featured_media":225644,"template":"","meta":{"_acf_changed":false},"product_brand":[],"product_cat":[1150,1179,3878,1478,3849],"product_tag":[],"class_list":{"0":"post-225649","1":"product","2":"type-product","3":"status-publish","4":"has-post-thumbnail","6":"product_cat-envasado-de-alimentos","7":"product_cat-catering-es","8":"product_cat-cajas-bandejas-bolsas-conos","9":"product_cat-bandejas-cajas-de-carton","10":"product_cat-bandejas-de-carton-para-virutas","12":"first","13":"instock","14":"taxable","15":"shipping-taxable","16":"purchasable","17":"product-type-simple"},"acf":[],"yoast_head":"<!-- This site is optimized with the Yoast SEO Premium plugin v26.6 (Yoast SEO v26.6) - https:\/\/yoast.com\/wordpress\/plugins\/seo\/ -->\n<title>520 ml Bandeja de fre\u00edr de cart\u00f3n de 2 compartimentos 50 uds.<\/title>\n<meta name=\"description\" content=\"Bandeja de cart\u00f3n para patatas fritas de 520 ml con 2 compartimentos. Perfecto para separar patatas fritas y salsas. Ecol\u00f3gico, duradero e ideal para la venta para llevar\" \/>\n<meta name=\"robots\" content=\"index, follow, max-snippet:-1, max-image-preview:large, max-video-preview:-1\" \/>\n<link rel=\"canonical\" href=\"https:\/\/www.csj-emballages.com\/es\/produit\/bandeja-freidora-de-carton-de-2-compartimentos-de-520-ml-100-uds\/\" \/>\n<meta property=\"og:locale\" content=\"es_ES\" \/>\n<meta property=\"og:type\" content=\"article\" \/>\n<meta property=\"og:title\" content=\"Bandeja de cart\u00f3n para virutas de 520 ml y 2 compartimentos, paquete de 50\" \/>\n<meta property=\"og:description\" content=\"Bandeja de cart\u00f3n para patatas fritas de 520 ml con 2 compartimentos. Perfecto para separar patatas fritas y salsas. Ecol\u00f3gico, duradero e ideal para la venta para llevar\" \/>\n<meta property=\"og:url\" content=\"https:\/\/www.csj-emballages.com\/es\/produit\/bandeja-freidora-de-carton-de-2-compartimentos-de-520-ml-100-uds\/\" \/>\n<meta property=\"og:site_name\" content=\"CSJ Emballages\" \/>\n<meta property=\"article:publisher\" content=\"https:\/\/www.facebook.com\/csjemballages\" \/>\n<meta property=\"article:modified_time\" content=\"2026-03-12T15:19:53+00:00\" \/>\n<meta property=\"og:image\" content=\"https:\/\/www.csj-emballages.com\/wp-content\/uploads\/2025\/02\/CH5202COMP.webp\" \/>\n\t<meta property=\"og:image:width\" content=\"801\" \/>\n\t<meta property=\"og:image:height\" content=\"800\" \/>\n\t<meta property=\"og:image:type\" content=\"image\/webp\" \/>\n<meta name=\"twitter:card\" content=\"summary_large_image\" \/>\n<meta name=\"twitter:label1\" content=\"Tiempo de lectura\" \/>\n\t<meta name=\"twitter:data1\" content=\"2 minutos\" \/>\n<script type=\"application\/ld+json\" class=\"yoast-schema-graph\">{\"@context\":\"https:\/\/schema.org\",\"@graph\":[{\"@type\":\"WebPage\",\"@id\":\"https:\/\/www.csj-emballages.com\/es\/produit\/bandeja-freidora-de-carton-de-2-compartimentos-de-520-ml-100-uds\/\",\"url\":\"https:\/\/www.csj-emballages.com\/es\/produit\/bandeja-freidora-de-carton-de-2-compartimentos-de-520-ml-100-uds\/\",\"name\":\"520 ml Bandeja de fre\u00edr de cart\u00f3n de 2 compartimentos 50 uds.\",\"isPartOf\":{\"@id\":\"https:\/\/www.csj-emballages.com\/es\/#website\"},\"primaryImageOfPage\":{\"@id\":\"https:\/\/www.csj-emballages.com\/es\/produit\/bandeja-freidora-de-carton-de-2-compartimentos-de-520-ml-100-uds\/#primaryimage\"},\"image\":{\"@id\":\"https:\/\/www.csj-emballages.com\/es\/produit\/bandeja-freidora-de-carton-de-2-compartimentos-de-520-ml-100-uds\/#primaryimage\"},\"thumbnailUrl\":\"https:\/\/www.csj-emballages.com\/wp-content\/uploads\/2025\/02\/CH5202COMP.webp\",\"datePublished\":\"2025-02-27T15:31:21+00:00\",\"dateModified\":\"2026-03-12T15:19:53+00:00\",\"description\":\"Bandeja de cart\u00f3n para patatas fritas de 520 ml con 2 compartimentos. Perfecto para separar patatas fritas y salsas. Ecol\u00f3gico, duradero e ideal para la venta para llevar\",\"breadcrumb\":{\"@id\":\"https:\/\/www.csj-emballages.com\/es\/produit\/bandeja-freidora-de-carton-de-2-compartimentos-de-520-ml-100-uds\/#breadcrumb\"},\"inLanguage\":\"es\",\"potentialAction\":[{\"@type\":\"ReadAction\",\"target\":[\"https:\/\/www.csj-emballages.com\/es\/produit\/bandeja-freidora-de-carton-de-2-compartimentos-de-520-ml-100-uds\/\"]}]},{\"@type\":\"ImageObject\",\"inLanguage\":\"es\",\"@id\":\"https:\/\/www.csj-emballages.com\/es\/produit\/bandeja-freidora-de-carton-de-2-compartimentos-de-520-ml-100-uds\/#primaryimage\",\"url\":\"https:\/\/www.csj-emballages.com\/wp-content\/uploads\/2025\/02\/CH5202COMP.webp\",\"contentUrl\":\"https:\/\/www.csj-emballages.com\/wp-content\/uploads\/2025\/02\/CH5202COMP.webp\",\"width\":801,\"height\":800,\"caption\":\"Barquette frite carton 520 ml 2 compartiments par 100\"},{\"@type\":\"BreadcrumbList\",\"@id\":\"https:\/\/www.csj-emballages.com\/es\/produit\/bandeja-freidora-de-carton-de-2-compartimentos-de-520-ml-100-uds\/#breadcrumb\",\"itemListElement\":[{\"@type\":\"ListItem\",\"position\":1,\"name\":\"Accueil\",\"item\":\"https:\/\/www.csj-emballages.com\/es\/universo-del-envasado-alimentario\/\"},{\"@type\":\"ListItem\",\"position\":2,\"name\":\"Tienda\",\"item\":\"https:\/\/www.csj-emballages.com\/tienda\/\"},{\"@type\":\"ListItem\",\"position\":3,\"name\":\"Bandeja de cart\u00f3n para virutas de 520 ml y 2 compartimentos, paquete de 50\"}]},{\"@type\":\"WebSite\",\"@id\":\"https:\/\/www.csj-emballages.com\/es\/#website\",\"url\":\"https:\/\/www.csj-emballages.com\/es\/\",\"name\":\"CSJ Emballages\",\"description\":\"\",\"publisher\":{\"@id\":\"https:\/\/www.csj-emballages.com\/es\/#organization\"},\"potentialAction\":[{\"@type\":\"SearchAction\",\"target\":{\"@type\":\"EntryPoint\",\"urlTemplate\":\"https:\/\/www.csj-emballages.com\/es\/?s={search_term_string}\"},\"query-input\":{\"@type\":\"PropertyValueSpecification\",\"valueRequired\":true,\"valueName\":\"search_term_string\"}}],\"inLanguage\":\"es\"},{\"@type\":\"Organization\",\"@id\":\"https:\/\/www.csj-emballages.com\/es\/#Organization\/\",\"name\":\"CSJ Emballages\",\"url\":\"https:\/\/www.csj-emballages.com\/es\/\",\"logo\":{\"@type\":\"ImageObject\",\"inLanguage\":\"es\",\"@id\":\"https:\/\/www.csj-emballages.com\/es\/#\/schema\/logo\/image\/\",\"url\":\"https:\/\/www.csj-emballages.com\/wp-content\/uploads\/2023\/10\/logo_csj.webp\",\"contentUrl\":\"https:\/\/www.csj-emballages.com\/wp-content\/uploads\/2023\/10\/logo_csj.webp\",\"width\":250,\"height\":95,\"caption\":\"CSJ Emballages\"},\"image\":{\"@id\":\"https:\/\/www.csj-emballages.com\/es\/#\/schema\/logo\/image\/\"},\"sameAs\":[\"https:\/\/www.facebook.com\/csjemballages\"],\"address\":{\"@type\":\"PostalAddress\",\"streetAddress\":\"ZI La Lechere\",\"addressLocality\":\"Patornay\",\"postalCode\":\"39130\",\"addressCountry\":\"FR\"},\"contactPoint\":[{\"@type\":\"ContactPoint\",\"contactType\":\"Service client\",\"telephone\":\"0384254272\",\"email\":\"contact@csj-emballages.com\"}]}]}<\/script>\n<!-- \/ Yoast SEO Premium plugin. -->","yoast_head_json":{"title":"520 ml Bandeja de fre\u00edr de cart\u00f3n de 2 compartimentos 50 uds.","description":"Bandeja de cart\u00f3n para patatas fritas de 520 ml con 2 compartimentos. Perfecto para separar patatas fritas y salsas. Ecol\u00f3gico, duradero e ideal para la venta para llevar","robots":{"index":"index","follow":"follow","max-snippet":"max-snippet:-1","max-image-preview":"max-image-preview:large","max-video-preview":"max-video-preview:-1"},"canonical":"https:\/\/www.csj-emballages.com\/es\/produit\/bandeja-freidora-de-carton-de-2-compartimentos-de-520-ml-100-uds\/","og_locale":"es_ES","og_type":"article","og_title":"Bandeja de cart\u00f3n para virutas de 520 ml y 2 compartimentos, paquete de 50","og_description":"Bandeja de cart\u00f3n para patatas fritas de 520 ml con 2 compartimentos. Perfecto para separar patatas fritas y salsas. Ecol\u00f3gico, duradero e ideal para la venta para llevar","og_url":"https:\/\/www.csj-emballages.com\/es\/produit\/bandeja-freidora-de-carton-de-2-compartimentos-de-520-ml-100-uds\/","og_site_name":"CSJ Emballages","article_publisher":"https:\/\/www.facebook.com\/csjemballages","article_modified_time":"2026-03-12T15:19:53+00:00","og_image":[{"width":801,"height":800,"url":"https:\/\/www.csj-emballages.com\/wp-content\/uploads\/2025\/02\/CH5202COMP.webp","type":"image\/webp"}],"twitter_card":"summary_large_image","twitter_misc":{"Tiempo de lectura":"2 minutos"},"schema":{"@context":"https:\/\/schema.org","@graph":[{"@type":"WebPage","@id":"https:\/\/www.csj-emballages.com\/es\/produit\/bandeja-freidora-de-carton-de-2-compartimentos-de-520-ml-100-uds\/","url":"https:\/\/www.csj-emballages.com\/es\/produit\/bandeja-freidora-de-carton-de-2-compartimentos-de-520-ml-100-uds\/","name":"520 ml Bandeja de fre\u00edr de cart\u00f3n de 2 compartimentos 50 uds.","isPartOf":{"@id":"https:\/\/www.csj-emballages.com\/es\/#website"},"primaryImageOfPage":{"@id":"https:\/\/www.csj-emballages.com\/es\/produit\/bandeja-freidora-de-carton-de-2-compartimentos-de-520-ml-100-uds\/#primaryimage"},"image":{"@id":"https:\/\/www.csj-emballages.com\/es\/produit\/bandeja-freidora-de-carton-de-2-compartimentos-de-520-ml-100-uds\/#primaryimage"},"thumbnailUrl":"https:\/\/www.csj-emballages.com\/wp-content\/uploads\/2025\/02\/CH5202COMP.webp","datePublished":"2025-02-27T15:31:21+00:00","dateModified":"2026-03-12T15:19:53+00:00","description":"Bandeja de cart\u00f3n para patatas fritas de 520 ml con 2 compartimentos. Perfecto para separar patatas fritas y salsas. Ecol\u00f3gico, duradero e ideal para la venta para llevar","breadcrumb":{"@id":"https:\/\/www.csj-emballages.com\/es\/produit\/bandeja-freidora-de-carton-de-2-compartimentos-de-520-ml-100-uds\/#breadcrumb"},"inLanguage":"es","potentialAction":[{"@type":"ReadAction","target":["https:\/\/www.csj-emballages.com\/es\/produit\/bandeja-freidora-de-carton-de-2-compartimentos-de-520-ml-100-uds\/"]}]},{"@type":"ImageObject","inLanguage":"es","@id":"https:\/\/www.csj-emballages.com\/es\/produit\/bandeja-freidora-de-carton-de-2-compartimentos-de-520-ml-100-uds\/#primaryimage","url":"https:\/\/www.csj-emballages.com\/wp-content\/uploads\/2025\/02\/CH5202COMP.webp","contentUrl":"https:\/\/www.csj-emballages.com\/wp-content\/uploads\/2025\/02\/CH5202COMP.webp","width":801,"height":800,"caption":"Barquette frite carton 520 ml 2 compartiments par 100"},{"@type":"BreadcrumbList","@id":"https:\/\/www.csj-emballages.com\/es\/produit\/bandeja-freidora-de-carton-de-2-compartimentos-de-520-ml-100-uds\/#breadcrumb","itemListElement":[{"@type":"ListItem","position":1,"name":"Accueil","item":"https:\/\/www.csj-emballages.com\/es\/universo-del-envasado-alimentario\/"},{"@type":"ListItem","position":2,"name":"Tienda","item":"https:\/\/www.csj-emballages.com\/tienda\/"},{"@type":"ListItem","position":3,"name":"Bandeja de cart\u00f3n para virutas de 520 ml y 2 compartimentos, paquete de 50"}]},{"@type":"WebSite","@id":"https:\/\/www.csj-emballages.com\/es\/#website","url":"https:\/\/www.csj-emballages.com\/es\/","name":"CSJ Emballages","description":"","publisher":{"@id":"https:\/\/www.csj-emballages.com\/es\/#organization"},"potentialAction":[{"@type":"SearchAction","target":{"@type":"EntryPoint","urlTemplate":"https:\/\/www.csj-emballages.com\/es\/?s={search_term_string}"},"query-input":{"@type":"PropertyValueSpecification","valueRequired":true,"valueName":"search_term_string"}}],"inLanguage":"es"},{"@type":"Organization","@id":"https:\/\/www.csj-emballages.com\/es\/#Organization\/","name":"CSJ Emballages","url":"https:\/\/www.csj-emballages.com\/es\/","logo":{"@type":"ImageObject","inLanguage":"es","@id":"https:\/\/www.csj-emballages.com\/es\/#\/schema\/logo\/image\/","url":"https:\/\/www.csj-emballages.com\/wp-content\/uploads\/2023\/10\/logo_csj.webp","contentUrl":"https:\/\/www.csj-emballages.com\/wp-content\/uploads\/2023\/10\/logo_csj.webp","width":250,"height":95,"caption":"CSJ Emballages"},"image":{"@id":"https:\/\/www.csj-emballages.com\/es\/#\/schema\/logo\/image\/"},"sameAs":["https:\/\/www.facebook.com\/csjemballages"],"address":{"@type":"PostalAddress","streetAddress":"ZI La Lechere","addressLocality":"Patornay","postalCode":"39130","addressCountry":"FR"},"contactPoint":[{"@type":"ContactPoint","contactType":"Service client","telephone":"0384254272","email":"contact@csj-emballages.com"}]}]}},"df_price":11.36,"df_sale_price":"","df_regular_price":11.36,"df_image_link":"https:\/\/www.csj-emballages.com\/wp-content\/uploads\/2025\/02\/CH5202COMP-300x300.webp","tiered_pricing_type":"fixed","tiered_pricing_fixed_rules":[],"tiered_pricing_percentage_rules":[],"tiered_pricing_minimum":1,"tiered_pricing_roles_data":[],"_links":{"self":[{"href":"https:\/\/www.csj-emballages.com\/es\/wp-json\/wp\/v2\/product\/225649","targetHints":{"allow":["GET"]}}],"collection":[{"href":"https:\/\/www.csj-emballages.com\/es\/wp-json\/wp\/v2\/product"}],"about":[{"href":"https:\/\/www.csj-emballages.com\/es\/wp-json\/wp\/v2\/types\/product"}],"wp:featuredmedia":[{"embeddable":true,"href":"https:\/\/www.csj-emballages.com\/es\/wp-json\/wp\/v2\/media\/225644"}],"wp:attachment":[{"href":"https:\/\/www.csj-emballages.com\/es\/wp-json\/wp\/v2\/media?parent=225649"}],"wp:term":[{"taxonomy":"product_brand","embeddable":true,"href":"https:\/\/www.csj-emballages.com\/es\/wp-json\/wp\/v2\/product_brand?post=225649"},{"taxonomy":"product_cat","embeddable":true,"href":"https:\/\/www.csj-emballages.com\/es\/wp-json\/wp\/v2\/product_cat?post=225649"},{"taxonomy":"product_tag","embeddable":true,"href":"https:\/\/www.csj-emballages.com\/es\/wp-json\/wp\/v2\/product_tag?post=225649"}],"curies":[{"name":"wp","href":"https:\/\/api.w.org\/{rel}","templated":true}]}}