{"id":22564,"date":"2024-03-01T16:50:29","date_gmt":"2024-03-01T15:50:29","guid":{"rendered":"https:\/\/u15jnbdpoq.preview.infomaniak.website\/produit\/25-bandejas-de-catering-doradas-32-x-42-cm\/"},"modified":"2026-04-18T02:15:53","modified_gmt":"2026-04-18T00:15:53","slug":"25-bandejas-de-catering-doradas-32-x-42-cm","status":"publish","type":"product","link":"https:\/\/www.csj-emballages.com\/es\/produit\/25-bandejas-de-catering-doradas-32-x-42-cm\/","title":{"rendered":"Bandeja de catering dorada 32 x 42 cm por 25"},"content":{"rendered":"<h2>Bandeja de catering<\/h2>\n<hr>\n<h3><span style=\"font-weight: bold;\">Descubra nuestra bandeja de oro para catering de 32 x 42 cm por 25<\/span><\/h3>\n<p><!--more--><\/p>\n<p data-start=\"152\" data-end=\"512\">Pr\u00e1ctica, elegante y funcional, la <strong data-start=\"189\" data-end=\"234\">bandeja de catering de 32 x 42 cm por 25 de oro<\/strong> es un aliado indispensable para los profesionales de la restauraci\u00f3n, el catering y la organizaci\u00f3n de eventos. Dise\u00f1ada para combinar <strong data-start=\"367\" data-end=\"381\">solidez<\/strong> y <strong data-start=\"385\" data-end=\"399\">est\u00e9tica<\/strong>, esta <strong>bandeja<\/strong> le permite presentar sus preparaciones de forma refinada, al tiempo que garantiza una excelente estabilidad. <\/p>\n<p data-start=\"514\" data-end=\"881\">Su <strong data-start=\"517\" data-end=\"537\">superficie dorada<\/strong> le confiere un aspecto elegante y chic, ideal para presentar sus amuse-bouches, petits fours, pasteles o bocados salados. Con unas medidas <strong>de 32 x 42 cm<\/strong>, es un formato vers\u00e1til: lo bastante grande para exponer varias piezas, pero lo bastante compacto para resultar pr\u00e1ctico en buffets, c\u00f3cteles o servicio de mesa. <\/p>\n<p data-start=\"883\" data-end=\"1197\">Fabricada en cart\u00f3n, la <strong data-start=\"929\" data-end=\"949\">bandeja de catering<\/strong> es f\u00e1cil de manejar y garantiza un transporte seguro de sus preparaciones. Tambi\u00e9n est\u00e1 disponible en <strong data-start=\"1074\" data-end=\"1087\">paquetes de 25<\/strong> unidades, perfectos para anticiparse a sus necesidades en recepciones, bodas, cumplea\u00f1os o eventos corporativos. <\/p>\n<p data-start=\"1199\" data-end=\"1489\">Tanto si es un profesional que busca una base fiable como si es un cliente particular que desea realzar la presentaci\u00f3n de sus comidas caseras, esta bandeja tiene algo para todos. Su acabado <strong>dorado<\/strong> a\u00f1ade un <strong data-start=\"1409\" data-end=\"1433\">toque de alta gama<\/strong> que realza al instante sus creaciones culinarias. <\/p>\n<p data-start=\"1491\" data-end=\"1603\">En resumen, al elegir este modelo, estar\u00e1 combinando <strong data-start=\"1531\" data-end=\"1548\">ahorro de tiempo<\/strong>, <strong data-start=\"1550\" data-end=\"1570\">calidad visual<\/strong> y <strong data-start=\"1574\" data-end=\"1587\">practicidad<\/strong> cotidiana.<\/p>\n<p data-start=\"1491\" data-end=\"1603\"><!--more--><\/p>\n<h4>Ventajas :<\/h4>\n<ul>\n<li><strong data-start=\"1853\" data-end=\"1870\">Cart\u00f3n r\u00edgido<\/strong>: fuerte y resistente.<\/li>\n<li>Elegante acabado dorado para un aspecto refinado.<\/li>\n<li>Su formato de 32 x 42 cm la hace vers\u00e1til y pr\u00e1ctica.<\/li>\n<li>Paquete de 25 bandejas ideal para recepciones y buffets.<\/li>\n<li><strong data-start=\"2063\" data-end=\"2074\">Desechables<\/strong>: no hay vajilla que gestionar tras su uso.<\/li>\n<\/ul>\n<p>&nbsp;<\/p>\n<p><!--more--><\/p>\n<h4>Informaci\u00f3n adicional :<\/h4>\n<ul>\n<li><strong>Envase<\/strong>: Paquete de 25<\/li>\n<li><strong>Dimensiones<\/strong>: 320 x 420 x 12 (L x A x A en mm).<\/li>\n<li><strong>Color<\/strong>: dorado<\/li>\n<li><strong>Material<\/strong>: Cart\u00f3n<\/li>\n<\/ul>\n<p>&nbsp;<\/p>\n<p><!--more--><\/p>\n<p>Este producto est\u00e1 disponible en diferentes tama\u00f1os: <span style=\"color: #d12727;\"><a style=\"color: #d12727;\" href=\"https:\/\/www.csj-emballages.com\/es\/produit\/25-bandejas-doradas-para-catering-19-x-28-cm\/\">19 x 28 cm<\/a><\/span> \/ <span style=\"color: #d12727;\"><a style=\"color: #d12727;\" href=\"https:\/\/www.csj-emballages.com\/es\/produit\/25-bandejas-de-catering-doradas-25-x-34-cm\/\">25 x 34 cm<\/a> <\/span>\/ <span style=\"color: #d12727;\"><a style=\"color: #d12727;\" href=\"https:\/\/www.csj-emballages.com\/es\/produit\/25-bandejas-doradas-para-catering-28-x-42-cm\/\">28 x 42 cm<\/a><\/span><\/p>\n<p>&nbsp;<\/p>\n<p><!--more--><\/p>\n<p><a href=\"\/?product_cat=plateaux-traiteurs\">Ver el resto de nuestra gama de bandejas de hosteler\u00eda<\/a><\/p>\n","protected":false},"excerpt":{"rendered":"<p>Bandeja de catering Descubra nuestra bandeja de oro para catering de 32 x 42 cm por 25<\/p>\n","protected":false},"featured_media":187688,"template":"","meta":{"_acf_changed":false},"product_brand":[],"product_cat":[1150,1143,2296,1142,1288,2820,1179,1302,2821],"product_tag":[],"class_list":{"0":"post-22564","1":"product","2":"type-product","3":"status-publish","4":"has-post-thumbnail","6":"product_cat-envasado-de-alimentos","7":"product_cat-carniceria-y-charcuteria","8":"product_cat-bandejas-latas-y-tarros","9":"product_cat-cajas-almuerzos-para-catering","10":"product_cat-bandejas","11":"product_cat-bandejas-de-catering","12":"product_cat-catering-es","13":"product_cat-bandejas-es","14":"product_cat-bandejas-de-catering-es","16":"first","17":"instock","18":"taxable","19":"shipping-taxable","20":"purchasable","21":"product-type-simple"},"acf":[],"yoast_head":"<!-- This site is optimized with the Yoast SEO Premium plugin v26.6 (Yoast SEO v26.6) - https:\/\/yoast.com\/wordpress\/plugins\/seo\/ -->\n<title>Bandeja de cart\u00f3n Oro - 320 x 420 mm<\/title>\n<meta name=\"description\" content=\"Descubra nuestra bandeja de oro para catering, ideal para sus buffets de mignardise o sus recepciones de verrines dulces y salados. Disponible en paquetes de 25 unidades.\" \/>\n<meta name=\"robots\" content=\"index, follow, max-snippet:-1, max-image-preview:large, max-video-preview:-1\" \/>\n<link rel=\"canonical\" href=\"https:\/\/www.csj-emballages.com\/es\/produit\/25-bandejas-de-catering-doradas-32-x-42-cm\/\" \/>\n<meta property=\"og:locale\" content=\"es_ES\" \/>\n<meta property=\"og:type\" content=\"article\" \/>\n<meta property=\"og:title\" content=\"Bandeja de catering dorada 32 x 42 cm por 25\" \/>\n<meta property=\"og:description\" content=\"Descubra nuestra bandeja de oro para catering, ideal para sus buffets de mignardise o sus recepciones de verrines dulces y salados. Disponible en paquetes de 25 unidades.\" \/>\n<meta property=\"og:url\" content=\"https:\/\/www.csj-emballages.com\/es\/produit\/25-bandejas-de-catering-doradas-32-x-42-cm\/\" \/>\n<meta property=\"og:site_name\" content=\"CSJ Emballages\" \/>\n<meta property=\"article:publisher\" content=\"https:\/\/www.facebook.com\/csjemballages\" \/>\n<meta property=\"article:modified_time\" content=\"2026-04-18T00:15:53+00:00\" \/>\n<meta property=\"og:image\" content=\"https:\/\/www.csj-emballages.com\/wp-content\/uploads\/2024\/03\/PLO3242.webp\" \/>\n\t<meta property=\"og:image:width\" content=\"800\" \/>\n\t<meta property=\"og:image:height\" content=\"800\" \/>\n\t<meta property=\"og:image:type\" content=\"image\/webp\" \/>\n<meta name=\"twitter:card\" content=\"summary_large_image\" \/>\n<meta name=\"twitter:label1\" content=\"Tiempo de lectura\" \/>\n\t<meta name=\"twitter:data1\" content=\"2 minutos\" \/>\n<script type=\"application\/ld+json\" class=\"yoast-schema-graph\">{\"@context\":\"https:\/\/schema.org\",\"@graph\":[{\"@type\":\"WebPage\",\"@id\":\"https:\/\/www.csj-emballages.com\/es\/produit\/25-bandejas-de-catering-doradas-32-x-42-cm\/\",\"url\":\"https:\/\/www.csj-emballages.com\/es\/produit\/25-bandejas-de-catering-doradas-32-x-42-cm\/\",\"name\":\"Bandeja de cart\u00f3n Oro - 320 x 420 mm\",\"isPartOf\":{\"@id\":\"https:\/\/www.csj-emballages.com\/es\/#website\"},\"primaryImageOfPage\":{\"@id\":\"https:\/\/www.csj-emballages.com\/es\/produit\/25-bandejas-de-catering-doradas-32-x-42-cm\/#primaryimage\"},\"image\":{\"@id\":\"https:\/\/www.csj-emballages.com\/es\/produit\/25-bandejas-de-catering-doradas-32-x-42-cm\/#primaryimage\"},\"thumbnailUrl\":\"https:\/\/www.csj-emballages.com\/wp-content\/uploads\/2024\/03\/PLO3242.webp\",\"datePublished\":\"2024-03-01T15:50:29+00:00\",\"dateModified\":\"2026-04-18T00:15:53+00:00\",\"description\":\"Descubra nuestra bandeja de oro para catering, ideal para sus buffets de mignardise o sus recepciones de verrines dulces y salados. Disponible en paquetes de 25 unidades.\",\"breadcrumb\":{\"@id\":\"https:\/\/www.csj-emballages.com\/es\/produit\/25-bandejas-de-catering-doradas-32-x-42-cm\/#breadcrumb\"},\"inLanguage\":\"es\",\"potentialAction\":[{\"@type\":\"ReadAction\",\"target\":[\"https:\/\/www.csj-emballages.com\/es\/produit\/25-bandejas-de-catering-doradas-32-x-42-cm\/\"]}]},{\"@type\":\"ImageObject\",\"inLanguage\":\"es\",\"@id\":\"https:\/\/www.csj-emballages.com\/es\/produit\/25-bandejas-de-catering-doradas-32-x-42-cm\/#primaryimage\",\"url\":\"https:\/\/www.csj-emballages.com\/wp-content\/uploads\/2024\/03\/PLO3242.webp\",\"contentUrl\":\"https:\/\/www.csj-emballages.com\/wp-content\/uploads\/2024\/03\/PLO3242.webp\",\"width\":800,\"height\":800,\"caption\":\"Plateau Traiteur\"},{\"@type\":\"BreadcrumbList\",\"@id\":\"https:\/\/www.csj-emballages.com\/es\/produit\/25-bandejas-de-catering-doradas-32-x-42-cm\/#breadcrumb\",\"itemListElement\":[{\"@type\":\"ListItem\",\"position\":1,\"name\":\"Accueil\",\"item\":\"https:\/\/www.csj-emballages.com\/es\/universo-del-envasado-alimentario\/\"},{\"@type\":\"ListItem\",\"position\":2,\"name\":\"Tienda\",\"item\":\"https:\/\/www.csj-emballages.com\/tienda\/\"},{\"@type\":\"ListItem\",\"position\":3,\"name\":\"Bandeja de catering dorada 32 x 42 cm por 25\"}]},{\"@type\":\"WebSite\",\"@id\":\"https:\/\/www.csj-emballages.com\/es\/#website\",\"url\":\"https:\/\/www.csj-emballages.com\/es\/\",\"name\":\"CSJ Emballages\",\"description\":\"\",\"publisher\":{\"@id\":\"https:\/\/www.csj-emballages.com\/es\/#organization\"},\"potentialAction\":[{\"@type\":\"SearchAction\",\"target\":{\"@type\":\"EntryPoint\",\"urlTemplate\":\"https:\/\/www.csj-emballages.com\/es\/?s={search_term_string}\"},\"query-input\":{\"@type\":\"PropertyValueSpecification\",\"valueRequired\":true,\"valueName\":\"search_term_string\"}}],\"inLanguage\":\"es\"},{\"@type\":\"Organization\",\"@id\":\"https:\/\/www.csj-emballages.com\/es\/#Organization\/\",\"name\":\"CSJ Emballages\",\"url\":\"https:\/\/www.csj-emballages.com\/es\/\",\"logo\":{\"@type\":\"ImageObject\",\"inLanguage\":\"es\",\"@id\":\"https:\/\/www.csj-emballages.com\/es\/#\/schema\/logo\/image\/\",\"url\":\"https:\/\/www.csj-emballages.com\/wp-content\/uploads\/2023\/10\/logo_csj.webp\",\"contentUrl\":\"https:\/\/www.csj-emballages.com\/wp-content\/uploads\/2023\/10\/logo_csj.webp\",\"width\":250,\"height\":95,\"caption\":\"CSJ Emballages\"},\"image\":{\"@id\":\"https:\/\/www.csj-emballages.com\/es\/#\/schema\/logo\/image\/\"},\"sameAs\":[\"https:\/\/www.facebook.com\/csjemballages\"],\"address\":{\"@type\":\"PostalAddress\",\"streetAddress\":\"ZI La Lechere\",\"addressLocality\":\"Patornay\",\"postalCode\":\"39130\",\"addressCountry\":\"FR\"},\"contactPoint\":[{\"@type\":\"ContactPoint\",\"contactType\":\"Service client\",\"telephone\":\"0384254272\",\"email\":\"contact@csj-emballages.com\"}]}]}<\/script>\n<!-- \/ Yoast SEO Premium plugin. -->","yoast_head_json":{"title":"Bandeja de cart\u00f3n Oro - 320 x 420 mm","description":"Descubra nuestra bandeja de oro para catering, ideal para sus buffets de mignardise o sus recepciones de verrines dulces y salados. Disponible en paquetes de 25 unidades.","robots":{"index":"index","follow":"follow","max-snippet":"max-snippet:-1","max-image-preview":"max-image-preview:large","max-video-preview":"max-video-preview:-1"},"canonical":"https:\/\/www.csj-emballages.com\/es\/produit\/25-bandejas-de-catering-doradas-32-x-42-cm\/","og_locale":"es_ES","og_type":"article","og_title":"Bandeja de catering dorada 32 x 42 cm por 25","og_description":"Descubra nuestra bandeja de oro para catering, ideal para sus buffets de mignardise o sus recepciones de verrines dulces y salados. Disponible en paquetes de 25 unidades.","og_url":"https:\/\/www.csj-emballages.com\/es\/produit\/25-bandejas-de-catering-doradas-32-x-42-cm\/","og_site_name":"CSJ Emballages","article_publisher":"https:\/\/www.facebook.com\/csjemballages","article_modified_time":"2026-04-18T00:15:53+00:00","og_image":[{"width":800,"height":800,"url":"https:\/\/www.csj-emballages.com\/wp-content\/uploads\/2024\/03\/PLO3242.webp","type":"image\/webp"}],"twitter_card":"summary_large_image","twitter_misc":{"Tiempo de lectura":"2 minutos"},"schema":{"@context":"https:\/\/schema.org","@graph":[{"@type":"WebPage","@id":"https:\/\/www.csj-emballages.com\/es\/produit\/25-bandejas-de-catering-doradas-32-x-42-cm\/","url":"https:\/\/www.csj-emballages.com\/es\/produit\/25-bandejas-de-catering-doradas-32-x-42-cm\/","name":"Bandeja de cart\u00f3n Oro - 320 x 420 mm","isPartOf":{"@id":"https:\/\/www.csj-emballages.com\/es\/#website"},"primaryImageOfPage":{"@id":"https:\/\/www.csj-emballages.com\/es\/produit\/25-bandejas-de-catering-doradas-32-x-42-cm\/#primaryimage"},"image":{"@id":"https:\/\/www.csj-emballages.com\/es\/produit\/25-bandejas-de-catering-doradas-32-x-42-cm\/#primaryimage"},"thumbnailUrl":"https:\/\/www.csj-emballages.com\/wp-content\/uploads\/2024\/03\/PLO3242.webp","datePublished":"2024-03-01T15:50:29+00:00","dateModified":"2026-04-18T00:15:53+00:00","description":"Descubra nuestra bandeja de oro para catering, ideal para sus buffets de mignardise o sus recepciones de verrines dulces y salados. Disponible en paquetes de 25 unidades.","breadcrumb":{"@id":"https:\/\/www.csj-emballages.com\/es\/produit\/25-bandejas-de-catering-doradas-32-x-42-cm\/#breadcrumb"},"inLanguage":"es","potentialAction":[{"@type":"ReadAction","target":["https:\/\/www.csj-emballages.com\/es\/produit\/25-bandejas-de-catering-doradas-32-x-42-cm\/"]}]},{"@type":"ImageObject","inLanguage":"es","@id":"https:\/\/www.csj-emballages.com\/es\/produit\/25-bandejas-de-catering-doradas-32-x-42-cm\/#primaryimage","url":"https:\/\/www.csj-emballages.com\/wp-content\/uploads\/2024\/03\/PLO3242.webp","contentUrl":"https:\/\/www.csj-emballages.com\/wp-content\/uploads\/2024\/03\/PLO3242.webp","width":800,"height":800,"caption":"Plateau Traiteur"},{"@type":"BreadcrumbList","@id":"https:\/\/www.csj-emballages.com\/es\/produit\/25-bandejas-de-catering-doradas-32-x-42-cm\/#breadcrumb","itemListElement":[{"@type":"ListItem","position":1,"name":"Accueil","item":"https:\/\/www.csj-emballages.com\/es\/universo-del-envasado-alimentario\/"},{"@type":"ListItem","position":2,"name":"Tienda","item":"https:\/\/www.csj-emballages.com\/tienda\/"},{"@type":"ListItem","position":3,"name":"Bandeja de catering dorada 32 x 42 cm por 25"}]},{"@type":"WebSite","@id":"https:\/\/www.csj-emballages.com\/es\/#website","url":"https:\/\/www.csj-emballages.com\/es\/","name":"CSJ Emballages","description":"","publisher":{"@id":"https:\/\/www.csj-emballages.com\/es\/#organization"},"potentialAction":[{"@type":"SearchAction","target":{"@type":"EntryPoint","urlTemplate":"https:\/\/www.csj-emballages.com\/es\/?s={search_term_string}"},"query-input":{"@type":"PropertyValueSpecification","valueRequired":true,"valueName":"search_term_string"}}],"inLanguage":"es"},{"@type":"Organization","@id":"https:\/\/www.csj-emballages.com\/es\/#Organization\/","name":"CSJ Emballages","url":"https:\/\/www.csj-emballages.com\/es\/","logo":{"@type":"ImageObject","inLanguage":"es","@id":"https:\/\/www.csj-emballages.com\/es\/#\/schema\/logo\/image\/","url":"https:\/\/www.csj-emballages.com\/wp-content\/uploads\/2023\/10\/logo_csj.webp","contentUrl":"https:\/\/www.csj-emballages.com\/wp-content\/uploads\/2023\/10\/logo_csj.webp","width":250,"height":95,"caption":"CSJ Emballages"},"image":{"@id":"https:\/\/www.csj-emballages.com\/es\/#\/schema\/logo\/image\/"},"sameAs":["https:\/\/www.facebook.com\/csjemballages"],"address":{"@type":"PostalAddress","streetAddress":"ZI La Lechere","addressLocality":"Patornay","postalCode":"39130","addressCountry":"FR"},"contactPoint":[{"@type":"ContactPoint","contactType":"Service client","telephone":"0384254272","email":"contact@csj-emballages.com"}]}]}},"df_price":15.12,"df_sale_price":"","df_regular_price":15.12,"df_image_link":"https:\/\/www.csj-emballages.com\/wp-content\/uploads\/2024\/03\/PLO3242-300x300.webp","tiered_pricing_type":"fixed","tiered_pricing_fixed_rules":[],"tiered_pricing_percentage_rules":[],"tiered_pricing_minimum":1,"tiered_pricing_roles_data":[],"_links":{"self":[{"href":"https:\/\/www.csj-emballages.com\/es\/wp-json\/wp\/v2\/product\/22564","targetHints":{"allow":["GET"]}}],"collection":[{"href":"https:\/\/www.csj-emballages.com\/es\/wp-json\/wp\/v2\/product"}],"about":[{"href":"https:\/\/www.csj-emballages.com\/es\/wp-json\/wp\/v2\/types\/product"}],"wp:featuredmedia":[{"embeddable":true,"href":"https:\/\/www.csj-emballages.com\/es\/wp-json\/wp\/v2\/media\/187688"}],"wp:attachment":[{"href":"https:\/\/www.csj-emballages.com\/es\/wp-json\/wp\/v2\/media?parent=22564"}],"wp:term":[{"taxonomy":"product_brand","embeddable":true,"href":"https:\/\/www.csj-emballages.com\/es\/wp-json\/wp\/v2\/product_brand?post=22564"},{"taxonomy":"product_cat","embeddable":true,"href":"https:\/\/www.csj-emballages.com\/es\/wp-json\/wp\/v2\/product_cat?post=22564"},{"taxonomy":"product_tag","embeddable":true,"href":"https:\/\/www.csj-emballages.com\/es\/wp-json\/wp\/v2\/product_tag?post=22564"}],"curies":[{"name":"wp","href":"https:\/\/api.w.org\/{rel}","templated":true}]}}