{"id":22547,"date":"2024-03-01T16:50:33","date_gmt":"2024-03-01T15:50:33","guid":{"rendered":"https:\/\/u15jnbdpoq.preview.infomaniak.website\/produit\/5-bandejas-de-buffet-negras-reutilizables-275-x-190-x-8-mm\/"},"modified":"2026-04-23T02:15:12","modified_gmt":"2026-04-23T00:15:12","slug":"5-bandejas-de-buffet-negras-reutilizables-275-x-190-x-8-mm","status":"publish","type":"product","link":"https:\/\/www.csj-emballages.com\/es\/produit\/5-bandejas-de-buffet-negras-reutilizables-275-x-190-x-8-mm\/","title":{"rendered":"Bandeja de catering reutilizable negra 275 x 190 x 8 mm, paquete de 5"},"content":{"rendered":"<h2>Bandeja de catering<\/h2>\n<hr>\n<h3>Descripci\u00f3n de nuestra bandeja de catering reutilizable negra 275 x 190 x 8 mm, paquete de 5<\/h3>\n<p><!--more--><\/p>\n<p data-start=\"80\" data-end=\"526\">Ofrezca a sus platos una presentaci\u00f3n ordenada y pr\u00e1ctica con la <strong data-start=\"152\" data-end=\"213\">bandeja de catering reutilizable negra de 275 x 190 x 8 mm (juego de 5)<\/strong>. Dise\u00f1ada para profesionales de la restauraci\u00f3n y clientes particulares exigentes, esta <strong>bandeja<\/strong> combina elegancia y practicidad. Su formato compacto de <strong data-start=\"381\" data-end=\"397\">275 x 190 mm<\/strong> es ideal para servir aperitivos, petits fours, mignardises o porciones individuales de platos preparados. Su <strong data-start=\"531\" data-end=\"548\">color negro<\/strong> a\u00f1ade un toque refinado que realza sus creaciones culinarias, sin dejar de ser neutro y adecuado para todas las ocasiones: buffets, c\u00f3cteles, eventos familiares o de negocios. A diferencia de las bandejas desechables tradicionales, este modelo es <strong data-start=\"802\" data-end=\"818\">reutilizable<\/strong>, lo que lo convierte en una soluci\u00f3n m\u00e1s <strong data-start=\"853\" data-end=\"867\">ecol\u00f3gica<\/strong> y <strong data-start=\"871\" data-end=\"885\">econ\u00f3mica<\/strong> a largo plazo. F\u00e1cil de limpiar, puede utilizarse varias veces sin perder calidad ni rigidez.     <\/p>\n<p data-start=\"996\" data-end=\"1409\">Fabricada en pl\u00e1stico resistente, la <strong data-start=\"1035\" data-end=\"1068\">bandeja de catering reutilizable<\/strong> garantiza que sus productos se mantengan perfectamente en su sitio, incluso durante el transporte. Su baja altura <strong data-start=\"1158\" data-end=\"1166\">de 8 mm<\/strong> facilita su apilamiento, optimizando el almacenamiento en la cocina o el almac\u00e9n. Suministradas en paquetes de <strong data-start=\"1267\" data-end=\"1281\">5 bandejas<\/strong>, se adaptan a las distintas necesidades de profesionales y particulares que buscan una buena relaci\u00f3n calidad-precio.  <\/p>\n<p data-start=\"1411\" data-end=\"1681\">Tanto si planea una recepci\u00f3n elegante, un servicio de catering organizado o una comida sencilla y distendida, esta <strong data-start=\"1514\" data-end=\"1539\">bandeja de catering negra<\/strong> se convertir\u00e1 r\u00e1pidamente en una parte esencial de su equipo de presentaci\u00f3n. Con ella, podr\u00e1 combinar <strong data-start=\"1639\" data-end=\"1678\">est\u00e9tica, practicidad y durabilidad<\/strong>. <\/p>\n<p data-start=\"1411\" data-end=\"1681\"><!--more--><\/p>\n<h4 data-start=\"1411\" data-end=\"1681\">Ventajas :<\/h4>\n<ul>\n<li><strong data-start=\"1903\" data-end=\"1919\">Reutilizable<\/strong>: una soluci\u00f3n ecol\u00f3gica y econ\u00f3mica.<\/li>\n<li><strong data-start=\"1960\" data-end=\"1971\">Elegante<\/strong>: negro para realzar sus preparativos.<\/li>\n<li><strong data-start=\"2019\" data-end=\"2031\">Pr\u00e1ctico<\/strong>: formato compacto, f\u00e1cil de apilar y almacenar.<\/li>\n<li><strong data-start=\"2084\" data-end=\"2095\">Robusto<\/strong>: pl\u00e1stico resistente para un transporte seguro.<\/li>\n<li><strong data-start=\"2149\" data-end=\"2163\">Vers\u00e1til<\/strong>: adecuado para empresas de catering, restaurantes y clientes particulares.<\/li>\n<\/ul>\n<p>&nbsp;<\/p>\n<p><!--more--><\/p>\n<h4>Informaci\u00f3n adicional :<\/h4>\n<ul>\n<li><strong>Envase<\/strong>: Paquete de 5<\/li>\n<li><strong>Dimensiones<\/strong>: 275 x 190 x 8 mm<\/li>\n<li><strong>Color<\/strong>: Negro<\/li>\n<li><strong>Material<\/strong>: PS (Poliestireno)<\/li>\n<li><strong>Temperatura de funcionamiento<\/strong>: -5\u00b0C \/ +80\u00b0C<\/li>\n<\/ul>\n<p>&nbsp;<\/p>\n<p><!--more--><\/p>\n<p>Este producto est\u00e1 disponible en diferentes tama\u00f1os: <span style=\"color: #d12727;\"><a style=\"color: #d12727;\" href=\"https:\/\/www.csj-emballages.com\/es\/produit\/5-bandejas-de-buffet-negras-reutilizables-350-x-240-x-20-mm\/\">350 x 240 x 20 mm<\/a><\/span> \/ <span style=\"color: #d12727;\"><a style=\"color: #d12727;\" href=\"https:\/\/www.csj-emballages.com\/es\/produit\/5-bandejas-de-buffet-negras-reutilizables-460-x-300-x-20-mm\/\">460 x 300 x 20 mm<\/a><\/span><\/p>\n<p>&nbsp;<\/p>\n<p><!--more--><\/p>\n<p><a href=\"\/?product_cat=plateaux-traiteurs\">Ver el resto de nuestra gama de bandejas de hosteler\u00eda<\/a><\/p>\n","protected":false},"excerpt":{"rendered":"<p>Bandeja de catering Descripci\u00f3n de nuestra bandeja de catering reutilizable negra 275 x 190 x 8 mm, paquete de 5<\/p>\n","protected":false},"featured_media":177277,"template":"","meta":{"_acf_changed":false},"product_brand":[],"product_cat":[1150,1143,1288,2820,2885,1324,1179,1302,2821,3118],"product_tag":[],"class_list":{"0":"post-22547","1":"product","2":"type-product","3":"status-publish","4":"has-post-thumbnail","6":"product_cat-envasado-de-alimentos","7":"product_cat-carniceria-y-charcuteria","8":"product_cat-bandejas","9":"product_cat-bandejas-de-catering","10":"product_cat-bandejas-verrines-mignardise","11":"product_cat-tazas-tarros-vasos","12":"product_cat-catering-es","13":"product_cat-bandejas-es","14":"product_cat-bandejas-de-catering-es","15":"product_cat-bandejas-de-recepcion","17":"first","18":"instock","19":"taxable","20":"shipping-taxable","21":"purchasable","22":"product-type-simple"},"acf":[],"yoast_head":"<!-- This site is optimized with the Yoast SEO Premium plugin v26.6 (Yoast SEO v26.6) - https:\/\/yoast.com\/wordpress\/plugins\/seo\/ -->\n<title>Bandeja negra reutilizable para catering - 275 x 190 x 8 mm<\/title>\n<meta name=\"description\" content=\"Descubra nuestra bandeja de catering, ideal para presentar sus verrines, platos u otras peque\u00f1as delicias. Dimensiones: 27,5 x 19 x 0,8 cm.\" \/>\n<meta name=\"robots\" content=\"index, follow, max-snippet:-1, max-image-preview:large, max-video-preview:-1\" \/>\n<link rel=\"canonical\" href=\"https:\/\/www.csj-emballages.com\/es\/produit\/5-bandejas-de-buffet-negras-reutilizables-275-x-190-x-8-mm\/\" \/>\n<meta property=\"og:locale\" content=\"es_ES\" \/>\n<meta property=\"og:type\" content=\"article\" \/>\n<meta property=\"og:title\" content=\"Bandeja de catering reutilizable negra 275 x 190 x 8 mm, paquete de 5\" \/>\n<meta property=\"og:description\" content=\"Descubra nuestra bandeja de catering, ideal para presentar sus verrines, platos u otras peque\u00f1as delicias. Dimensiones: 27,5 x 19 x 0,8 cm.\" \/>\n<meta property=\"og:url\" content=\"https:\/\/www.csj-emballages.com\/es\/produit\/5-bandejas-de-buffet-negras-reutilizables-275-x-190-x-8-mm\/\" \/>\n<meta property=\"og:site_name\" content=\"CSJ Emballages\" \/>\n<meta property=\"article:publisher\" content=\"https:\/\/www.facebook.com\/csjemballages\" \/>\n<meta property=\"article:modified_time\" content=\"2026-04-23T00:15:12+00:00\" \/>\n<meta property=\"og:image\" content=\"https:\/\/www.csj-emballages.com\/wp-content\/uploads\/2024\/03\/plateaunoir1-jpeg.webp\" \/>\n\t<meta property=\"og:image:width\" content=\"801\" \/>\n\t<meta property=\"og:image:height\" content=\"802\" \/>\n\t<meta property=\"og:image:type\" content=\"image\/jpeg\" \/>\n<meta name=\"twitter:card\" content=\"summary_large_image\" \/>\n<meta name=\"twitter:label1\" content=\"Tiempo de lectura\" \/>\n\t<meta name=\"twitter:data1\" content=\"2 minutos\" \/>\n<script type=\"application\/ld+json\" class=\"yoast-schema-graph\">{\"@context\":\"https:\/\/schema.org\",\"@graph\":[{\"@type\":\"WebPage\",\"@id\":\"https:\/\/www.csj-emballages.com\/es\/produit\/5-bandejas-de-buffet-negras-reutilizables-275-x-190-x-8-mm\/\",\"url\":\"https:\/\/www.csj-emballages.com\/es\/produit\/5-bandejas-de-buffet-negras-reutilizables-275-x-190-x-8-mm\/\",\"name\":\"Bandeja negra reutilizable para catering - 275 x 190 x 8 mm\",\"isPartOf\":{\"@id\":\"https:\/\/www.csj-emballages.com\/es\/#website\"},\"primaryImageOfPage\":{\"@id\":\"https:\/\/www.csj-emballages.com\/es\/produit\/5-bandejas-de-buffet-negras-reutilizables-275-x-190-x-8-mm\/#primaryimage\"},\"image\":{\"@id\":\"https:\/\/www.csj-emballages.com\/es\/produit\/5-bandejas-de-buffet-negras-reutilizables-275-x-190-x-8-mm\/#primaryimage\"},\"thumbnailUrl\":\"https:\/\/www.csj-emballages.com\/wp-content\/uploads\/2024\/03\/plateaunoir1-jpeg.webp\",\"datePublished\":\"2024-03-01T15:50:33+00:00\",\"dateModified\":\"2026-04-23T00:15:12+00:00\",\"description\":\"Descubra nuestra bandeja de catering, ideal para presentar sus verrines, platos u otras peque\u00f1as delicias. Dimensiones: 27,5 x 19 x 0,8 cm.\",\"breadcrumb\":{\"@id\":\"https:\/\/www.csj-emballages.com\/es\/produit\/5-bandejas-de-buffet-negras-reutilizables-275-x-190-x-8-mm\/#breadcrumb\"},\"inLanguage\":\"es\",\"potentialAction\":[{\"@type\":\"ReadAction\",\"target\":[\"https:\/\/www.csj-emballages.com\/es\/produit\/5-bandejas-de-buffet-negras-reutilizables-275-x-190-x-8-mm\/\"]}]},{\"@type\":\"ImageObject\",\"inLanguage\":\"es\",\"@id\":\"https:\/\/www.csj-emballages.com\/es\/produit\/5-bandejas-de-buffet-negras-reutilizables-275-x-190-x-8-mm\/#primaryimage\",\"url\":\"https:\/\/www.csj-emballages.com\/wp-content\/uploads\/2024\/03\/plateaunoir1-jpeg.webp\",\"contentUrl\":\"https:\/\/www.csj-emballages.com\/wp-content\/uploads\/2024\/03\/plateaunoir1-jpeg.webp\",\"width\":801,\"height\":802,\"caption\":\"Plateau traiteur\"},{\"@type\":\"BreadcrumbList\",\"@id\":\"https:\/\/www.csj-emballages.com\/es\/produit\/5-bandejas-de-buffet-negras-reutilizables-275-x-190-x-8-mm\/#breadcrumb\",\"itemListElement\":[{\"@type\":\"ListItem\",\"position\":1,\"name\":\"Accueil\",\"item\":\"https:\/\/www.csj-emballages.com\/es\/universo-del-envasado-alimentario\/\"},{\"@type\":\"ListItem\",\"position\":2,\"name\":\"Tienda\",\"item\":\"https:\/\/www.csj-emballages.com\/tienda\/\"},{\"@type\":\"ListItem\",\"position\":3,\"name\":\"Bandeja de catering reutilizable negra 275 x 190 x 8 mm, paquete de 5\"}]},{\"@type\":\"WebSite\",\"@id\":\"https:\/\/www.csj-emballages.com\/es\/#website\",\"url\":\"https:\/\/www.csj-emballages.com\/es\/\",\"name\":\"CSJ Emballages\",\"description\":\"\",\"publisher\":{\"@id\":\"https:\/\/www.csj-emballages.com\/es\/#organization\"},\"potentialAction\":[{\"@type\":\"SearchAction\",\"target\":{\"@type\":\"EntryPoint\",\"urlTemplate\":\"https:\/\/www.csj-emballages.com\/es\/?s={search_term_string}\"},\"query-input\":{\"@type\":\"PropertyValueSpecification\",\"valueRequired\":true,\"valueName\":\"search_term_string\"}}],\"inLanguage\":\"es\"},{\"@type\":\"Organization\",\"@id\":\"https:\/\/www.csj-emballages.com\/es\/#Organization\/\",\"name\":\"CSJ Emballages\",\"url\":\"https:\/\/www.csj-emballages.com\/es\/\",\"logo\":{\"@type\":\"ImageObject\",\"inLanguage\":\"es\",\"@id\":\"https:\/\/www.csj-emballages.com\/es\/#\/schema\/logo\/image\/\",\"url\":\"https:\/\/www.csj-emballages.com\/wp-content\/uploads\/2023\/10\/logo_csj.webp\",\"contentUrl\":\"https:\/\/www.csj-emballages.com\/wp-content\/uploads\/2023\/10\/logo_csj.webp\",\"width\":250,\"height\":95,\"caption\":\"CSJ Emballages\"},\"image\":{\"@id\":\"https:\/\/www.csj-emballages.com\/es\/#\/schema\/logo\/image\/\"},\"sameAs\":[\"https:\/\/www.facebook.com\/csjemballages\"],\"address\":{\"@type\":\"PostalAddress\",\"streetAddress\":\"ZI La Lechere\",\"addressLocality\":\"Patornay\",\"postalCode\":\"39130\",\"addressCountry\":\"FR\"},\"contactPoint\":[{\"@type\":\"ContactPoint\",\"contactType\":\"Service client\",\"telephone\":\"0384254272\",\"email\":\"contact@csj-emballages.com\"}]}]}<\/script>\n<!-- \/ Yoast SEO Premium plugin. -->","yoast_head_json":{"title":"Bandeja negra reutilizable para catering - 275 x 190 x 8 mm","description":"Descubra nuestra bandeja de catering, ideal para presentar sus verrines, platos u otras peque\u00f1as delicias. Dimensiones: 27,5 x 19 x 0,8 cm.","robots":{"index":"index","follow":"follow","max-snippet":"max-snippet:-1","max-image-preview":"max-image-preview:large","max-video-preview":"max-video-preview:-1"},"canonical":"https:\/\/www.csj-emballages.com\/es\/produit\/5-bandejas-de-buffet-negras-reutilizables-275-x-190-x-8-mm\/","og_locale":"es_ES","og_type":"article","og_title":"Bandeja de catering reutilizable negra 275 x 190 x 8 mm, paquete de 5","og_description":"Descubra nuestra bandeja de catering, ideal para presentar sus verrines, platos u otras peque\u00f1as delicias. Dimensiones: 27,5 x 19 x 0,8 cm.","og_url":"https:\/\/www.csj-emballages.com\/es\/produit\/5-bandejas-de-buffet-negras-reutilizables-275-x-190-x-8-mm\/","og_site_name":"CSJ Emballages","article_publisher":"https:\/\/www.facebook.com\/csjemballages","article_modified_time":"2026-04-23T00:15:12+00:00","og_image":[{"width":801,"height":802,"url":"https:\/\/www.csj-emballages.com\/wp-content\/uploads\/2024\/03\/plateaunoir1-jpeg.webp","type":"image\/jpeg"}],"twitter_card":"summary_large_image","twitter_misc":{"Tiempo de lectura":"2 minutos"},"schema":{"@context":"https:\/\/schema.org","@graph":[{"@type":"WebPage","@id":"https:\/\/www.csj-emballages.com\/es\/produit\/5-bandejas-de-buffet-negras-reutilizables-275-x-190-x-8-mm\/","url":"https:\/\/www.csj-emballages.com\/es\/produit\/5-bandejas-de-buffet-negras-reutilizables-275-x-190-x-8-mm\/","name":"Bandeja negra reutilizable para catering - 275 x 190 x 8 mm","isPartOf":{"@id":"https:\/\/www.csj-emballages.com\/es\/#website"},"primaryImageOfPage":{"@id":"https:\/\/www.csj-emballages.com\/es\/produit\/5-bandejas-de-buffet-negras-reutilizables-275-x-190-x-8-mm\/#primaryimage"},"image":{"@id":"https:\/\/www.csj-emballages.com\/es\/produit\/5-bandejas-de-buffet-negras-reutilizables-275-x-190-x-8-mm\/#primaryimage"},"thumbnailUrl":"https:\/\/www.csj-emballages.com\/wp-content\/uploads\/2024\/03\/plateaunoir1-jpeg.webp","datePublished":"2024-03-01T15:50:33+00:00","dateModified":"2026-04-23T00:15:12+00:00","description":"Descubra nuestra bandeja de catering, ideal para presentar sus verrines, platos u otras peque\u00f1as delicias. Dimensiones: 27,5 x 19 x 0,8 cm.","breadcrumb":{"@id":"https:\/\/www.csj-emballages.com\/es\/produit\/5-bandejas-de-buffet-negras-reutilizables-275-x-190-x-8-mm\/#breadcrumb"},"inLanguage":"es","potentialAction":[{"@type":"ReadAction","target":["https:\/\/www.csj-emballages.com\/es\/produit\/5-bandejas-de-buffet-negras-reutilizables-275-x-190-x-8-mm\/"]}]},{"@type":"ImageObject","inLanguage":"es","@id":"https:\/\/www.csj-emballages.com\/es\/produit\/5-bandejas-de-buffet-negras-reutilizables-275-x-190-x-8-mm\/#primaryimage","url":"https:\/\/www.csj-emballages.com\/wp-content\/uploads\/2024\/03\/plateaunoir1-jpeg.webp","contentUrl":"https:\/\/www.csj-emballages.com\/wp-content\/uploads\/2024\/03\/plateaunoir1-jpeg.webp","width":801,"height":802,"caption":"Plateau traiteur"},{"@type":"BreadcrumbList","@id":"https:\/\/www.csj-emballages.com\/es\/produit\/5-bandejas-de-buffet-negras-reutilizables-275-x-190-x-8-mm\/#breadcrumb","itemListElement":[{"@type":"ListItem","position":1,"name":"Accueil","item":"https:\/\/www.csj-emballages.com\/es\/universo-del-envasado-alimentario\/"},{"@type":"ListItem","position":2,"name":"Tienda","item":"https:\/\/www.csj-emballages.com\/tienda\/"},{"@type":"ListItem","position":3,"name":"Bandeja de catering reutilizable negra 275 x 190 x 8 mm, paquete de 5"}]},{"@type":"WebSite","@id":"https:\/\/www.csj-emballages.com\/es\/#website","url":"https:\/\/www.csj-emballages.com\/es\/","name":"CSJ Emballages","description":"","publisher":{"@id":"https:\/\/www.csj-emballages.com\/es\/#organization"},"potentialAction":[{"@type":"SearchAction","target":{"@type":"EntryPoint","urlTemplate":"https:\/\/www.csj-emballages.com\/es\/?s={search_term_string}"},"query-input":{"@type":"PropertyValueSpecification","valueRequired":true,"valueName":"search_term_string"}}],"inLanguage":"es"},{"@type":"Organization","@id":"https:\/\/www.csj-emballages.com\/es\/#Organization\/","name":"CSJ Emballages","url":"https:\/\/www.csj-emballages.com\/es\/","logo":{"@type":"ImageObject","inLanguage":"es","@id":"https:\/\/www.csj-emballages.com\/es\/#\/schema\/logo\/image\/","url":"https:\/\/www.csj-emballages.com\/wp-content\/uploads\/2023\/10\/logo_csj.webp","contentUrl":"https:\/\/www.csj-emballages.com\/wp-content\/uploads\/2023\/10\/logo_csj.webp","width":250,"height":95,"caption":"CSJ Emballages"},"image":{"@id":"https:\/\/www.csj-emballages.com\/es\/#\/schema\/logo\/image\/"},"sameAs":["https:\/\/www.facebook.com\/csjemballages"],"address":{"@type":"PostalAddress","streetAddress":"ZI La Lechere","addressLocality":"Patornay","postalCode":"39130","addressCountry":"FR"},"contactPoint":[{"@type":"ContactPoint","contactType":"Service client","telephone":"0384254272","email":"contact@csj-emballages.com"}]}]}},"df_price":3.67,"df_sale_price":"","df_regular_price":3.67,"df_image_link":"https:\/\/www.csj-emballages.com\/wp-content\/uploads\/2024\/03\/plateaunoir1-300x300.webp","tiered_pricing_type":"fixed","tiered_pricing_fixed_rules":[],"tiered_pricing_percentage_rules":[],"tiered_pricing_minimum":1,"tiered_pricing_roles_data":[],"_links":{"self":[{"href":"https:\/\/www.csj-emballages.com\/es\/wp-json\/wp\/v2\/product\/22547","targetHints":{"allow":["GET"]}}],"collection":[{"href":"https:\/\/www.csj-emballages.com\/es\/wp-json\/wp\/v2\/product"}],"about":[{"href":"https:\/\/www.csj-emballages.com\/es\/wp-json\/wp\/v2\/types\/product"}],"wp:featuredmedia":[{"embeddable":true,"href":"https:\/\/www.csj-emballages.com\/es\/wp-json\/wp\/v2\/media\/177277"}],"wp:attachment":[{"href":"https:\/\/www.csj-emballages.com\/es\/wp-json\/wp\/v2\/media?parent=22547"}],"wp:term":[{"taxonomy":"product_brand","embeddable":true,"href":"https:\/\/www.csj-emballages.com\/es\/wp-json\/wp\/v2\/product_brand?post=22547"},{"taxonomy":"product_cat","embeddable":true,"href":"https:\/\/www.csj-emballages.com\/es\/wp-json\/wp\/v2\/product_cat?post=22547"},{"taxonomy":"product_tag","embeddable":true,"href":"https:\/\/www.csj-emballages.com\/es\/wp-json\/wp\/v2\/product_tag?post=22547"}],"curies":[{"name":"wp","href":"https:\/\/api.w.org\/{rel}","templated":true}]}}