{"id":22537,"date":"2024-03-01T16:50:36","date_gmt":"2024-03-01T15:50:36","guid":{"rendered":"https:\/\/u15jnbdpoq.preview.infomaniak.website\/produit\/50-bandejas-pequenas-de-5-compartimentos-biodegradables-y-compostables-para-llevar\/"},"modified":"2026-03-12T16:33:02","modified_gmt":"2026-03-12T15:33:02","slug":"50-bandejas-pequenas-de-5-compartimentos-biodegradables-y-compostables-para-llevar","status":"publish","type":"product","link":"https:\/\/www.csj-emballages.com\/es\/produit\/50-bandejas-pequenas-de-5-compartimentos-biodegradables-y-compostables-para-llevar\/","title":{"rendered":"50 bandejas peque\u00f1as de 5 compartimentos biodegradables y compostables para llevar"},"content":{"rendered":"<h2 style=\"text-align: left;\"><span style=\"font-weight: bold; font-style: italic; text-decoration: underline; color: #eb4600;\">Bandejas de comida de fibra biodegradables y compostables  <\/span><\/h2>\n<div style=\"text-align: left;\">\n<p><span style=\"font-weight: bold; text-decoration: underline; color: #00a000;\">Descripci\u00f3n <\/span><\/p>\n<h3 style=\"text-align: left;\">Descubre nuestras 50 bandejas de comida vegetal<\/h3>\n<div style=\"text-align: left;\">\n<p>Bandejas de comida de 5 compartimentos fabricadas con fibra de ca\u00f1a de az\u00facar de alta calidad, dise\u00f1adas para empresas de catering, restaurantes y asociaciones.<\/p>\n<p>Utilizada principalmente para comidas de asociaci\u00f3n porque se adapta a cualquier plato, esta bandeja tambi\u00e9n puede servir para separar platos gracias a sus 5 compartimentos y lucir tus creaciones de la mejor manera. Tiene varias ventajas: es 100% natural y 100% compostable.<\/p>\n<p>Apto para el contacto con alimentos<\/p>\n<p>5 compartimentos<\/p>\n<p>Extra fuerte<\/p>\n<div style=\"text-align: left;\">\n<p>&nbsp;<\/p>\n<div style=\"text-align: left;\">\n<p><span style=\"font-style: italic; text-decoration: underline;\">Ver el resto de nuestra gama de envases biodegradables<\/span><\/p>\n<div style=\"text-align: left;\">\n<p>&nbsp;<\/p>\n<h3 style=\"text-align: left;\"><span style=\"font-weight: bold; text-decoration: underline; color: #00a000;\">Caracter\u00edsticas de las bandejas de comida ecol\u00f3gicas  <\/span><\/h3>\n<h2 style=\"text-align: left;\"><\/h2>\n<div style=\"text-align: left;\">\n<p>Temperatura de funcionamiento: -18\u00b0C\/+150\u00b0C Compartimento 5 Dimensiones exteriores: 265 x 215 x 25 (L x A x A en mm) Embalaje Paquete de 50 bandejas M\u00e9todo de embalaje Envuelto en film protector Material: Pulpa de ca\u00f1a de az\u00facar<\/p>\n<div style=\"text-align: center;\">\n<p>&nbsp;<\/p>\n<div style=\"text-align: center;\">\n<p>&nbsp;<\/p>\n<div style=\"text-align: center;\">\n<p>&nbsp;<\/p>\n<div style=\"text-align: center;\">\n<p>&nbsp;<\/p>\n<div style=\"text-align: center;\">\n<p>&nbsp;<\/p>\n<div style=\"text-align: center;\">\n<p>&nbsp;<\/p>\n<div style=\"text-align: center;\">\n<p>&nbsp;<\/p>\n<div style=\"text-align: center;\">\n<p>&nbsp;<\/p>\n<div style=\"text-align: center;\">\n<p>&nbsp;<\/p>\n<div style=\"text-align: center;\">\n<ul id=\"vmenu\" style=\"box-sizing: inherit; z-index: 150; list-style-type: none; margin: 0px; padding: 0px; font-family: Roboto, sans-serif; font-size: 12px;\">\n<li style=\"box-sizing: inherit; z-index: 100; position: relative; text-align: center; color: #ffffff; margin: 5px 0px;\">\n \t<\/li>\n<li style=\"box-sizing: inherit; z-index: 100; position: relative; text-align: left; color: #ffffff; height: 10px;\">\n<\/li>\n<\/ul>\n<div style=\"text-align: center;\">\n<p>&nbsp;<\/p>\n<div style=\"text-align: center;\">\n<p>&nbsp;<\/p>\n<div style=\"text-align: center;\">\n<p>&nbsp;<\/p>\n<div style=\"text-align: center;\">\n<p>&nbsp;<\/p>\n<\/div>\n<\/div>\n<\/div>\n<\/div>\n<\/div>\n<\/div>\n<\/div>\n<\/div>\n<\/div>\n<\/div>\n<\/div>\n<\/div>\n<\/div>\n<\/div>\n<\/div>\n<\/div>\n<\/div>\n<\/div>\n<\/div>\n<\/div>\n","protected":false},"excerpt":{"rendered":"<p>Bandejas de comida de fibra biodegradables y compostables Descripci\u00f3n Descubre nuestras 50 bandejas de comida vegetal Bandejas de comida de 5 compartimentos fabricadas con fibra de ca\u00f1a de az\u00facar de alta calidad, dise\u00f1adas para empresas de catering, restaurantes y asociaciones. Utilizada principalmente para comidas de asociaci\u00f3n porque se adapta a cualquier plato, esta bandeja tambi\u00e9n [&hellip;]<\/p>\n","protected":false},"featured_media":13617,"template":"","meta":{"_acf_changed":false},"product_brand":[],"product_cat":[1150,1143,1288,1293,2387,1179,1302,1305,2388,1163],"product_tag":[],"class_list":{"0":"post-22537","1":"product","2":"type-product","3":"status-publish","4":"has-post-thumbnail","6":"product_cat-envasado-de-alimentos","7":"product_cat-carniceria-y-charcuteria","8":"product_cat-bandejas","9":"product_cat-bandejas-de-comida","10":"product_cat-bandejas-de-comida-biodegradables","11":"product_cat-catering-es","12":"product_cat-bandejas-es","13":"product_cat-bandejas-de-comida-desechables","14":"product_cat-bandejas-de-comida-biodegradables-es","15":"product_cat-gama-ecologica","17":"first","18":"instock","19":"taxable","20":"shipping-taxable","21":"purchasable","22":"product-type-simple"},"acf":[],"yoast_head":"<!-- This site is optimized with the Yoast SEO Premium plugin v26.6 (Yoast SEO v26.6) - https:\/\/yoast.com\/wordpress\/plugins\/seo\/ -->\n<title>50 Bandejas Desechables de 5 Compartimentos de Pl\u00e1stico Ecol\u00f3gico 262 x 215 x 25 mm \/ csj-emballages.com<\/title>\n<meta name=\"description\" content=\"\u00a1Comprar Bandeja de Fibra BIODEGRADABLE de 5 compartimentos! Te ofrecemos un Pack de 50 Bandejas de Comida a Precio de Descuento\" \/>\n<meta name=\"robots\" content=\"index, follow, max-snippet:-1, max-image-preview:large, max-video-preview:-1\" \/>\n<link rel=\"canonical\" href=\"https:\/\/www.csj-emballages.com\/es\/produit\/50-bandejas-pequenas-de-5-compartimentos-biodegradables-y-compostables-para-llevar\/\" \/>\n<meta property=\"og:locale\" content=\"es_ES\" \/>\n<meta property=\"og:type\" content=\"article\" \/>\n<meta property=\"og:title\" content=\"50 bandejas peque\u00f1as de 5 compartimentos biodegradables y compostables para llevar\" \/>\n<meta property=\"og:description\" content=\"\u00a1Comprar Bandeja de Fibra BIODEGRADABLE de 5 compartimentos! Te ofrecemos un Pack de 50 Bandejas de Comida a Precio de Descuento\" \/>\n<meta property=\"og:url\" content=\"https:\/\/www.csj-emballages.com\/es\/produit\/50-bandejas-pequenas-de-5-compartimentos-biodegradables-y-compostables-para-llevar\/\" \/>\n<meta property=\"og:site_name\" content=\"CSJ Emballages\" \/>\n<meta property=\"article:publisher\" content=\"https:\/\/www.facebook.com\/csjemballages\" \/>\n<meta property=\"article:modified_time\" content=\"2026-03-12T15:33:02+00:00\" \/>\n<meta property=\"og:image\" content=\"https:\/\/www.csj-emballages.com\/wp-content\/uploads\/2024\/03\/Capture-decran-2024-03-15-a-16.12.58.png\" \/>\n\t<meta property=\"og:image:width\" content=\"300\" \/>\n\t<meta property=\"og:image:height\" content=\"301\" \/>\n\t<meta property=\"og:image:type\" content=\"image\/png\" \/>\n<meta name=\"twitter:card\" content=\"summary_large_image\" \/>\n<meta name=\"twitter:label1\" content=\"Tiempo de lectura\" \/>\n\t<meta name=\"twitter:data1\" content=\"1 minuto\" \/>\n<script type=\"application\/ld+json\" class=\"yoast-schema-graph\">{\"@context\":\"https:\/\/schema.org\",\"@graph\":[{\"@type\":\"WebPage\",\"@id\":\"https:\/\/www.csj-emballages.com\/es\/produit\/50-bandejas-pequenas-de-5-compartimentos-biodegradables-y-compostables-para-llevar\/\",\"url\":\"https:\/\/www.csj-emballages.com\/es\/produit\/50-bandejas-pequenas-de-5-compartimentos-biodegradables-y-compostables-para-llevar\/\",\"name\":\"50 Bandejas Desechables de 5 Compartimentos de Pl\u00e1stico Ecol\u00f3gico 262 x 215 x 25 mm \/ csj-emballages.com\",\"isPartOf\":{\"@id\":\"https:\/\/www.csj-emballages.com\/es\/#website\"},\"primaryImageOfPage\":{\"@id\":\"https:\/\/www.csj-emballages.com\/es\/produit\/50-bandejas-pequenas-de-5-compartimentos-biodegradables-y-compostables-para-llevar\/#primaryimage\"},\"image\":{\"@id\":\"https:\/\/www.csj-emballages.com\/es\/produit\/50-bandejas-pequenas-de-5-compartimentos-biodegradables-y-compostables-para-llevar\/#primaryimage\"},\"thumbnailUrl\":\"https:\/\/www.csj-emballages.com\/wp-content\/uploads\/2024\/03\/Capture-decran-2024-03-15-a-16.12.58.png\",\"datePublished\":\"2024-03-01T15:50:36+00:00\",\"dateModified\":\"2026-03-12T15:33:02+00:00\",\"description\":\"\u00a1Comprar Bandeja de Fibra BIODEGRADABLE de 5 compartimentos! Te ofrecemos un Pack de 50 Bandejas de Comida a Precio de Descuento\",\"breadcrumb\":{\"@id\":\"https:\/\/www.csj-emballages.com\/es\/produit\/50-bandejas-pequenas-de-5-compartimentos-biodegradables-y-compostables-para-llevar\/#breadcrumb\"},\"inLanguage\":\"es\",\"potentialAction\":[{\"@type\":\"ReadAction\",\"target\":[\"https:\/\/www.csj-emballages.com\/es\/produit\/50-bandejas-pequenas-de-5-compartimentos-biodegradables-y-compostables-para-llevar\/\"]}]},{\"@type\":\"ImageObject\",\"inLanguage\":\"es\",\"@id\":\"https:\/\/www.csj-emballages.com\/es\/produit\/50-bandejas-pequenas-de-5-compartimentos-biodegradables-y-compostables-para-llevar\/#primaryimage\",\"url\":\"https:\/\/www.csj-emballages.com\/wp-content\/uploads\/2024\/03\/Capture-decran-2024-03-15-a-16.12.58.png\",\"contentUrl\":\"https:\/\/www.csj-emballages.com\/wp-content\/uploads\/2024\/03\/Capture-decran-2024-03-15-a-16.12.58.png\",\"width\":300,\"height\":301},{\"@type\":\"BreadcrumbList\",\"@id\":\"https:\/\/www.csj-emballages.com\/es\/produit\/50-bandejas-pequenas-de-5-compartimentos-biodegradables-y-compostables-para-llevar\/#breadcrumb\",\"itemListElement\":[{\"@type\":\"ListItem\",\"position\":1,\"name\":\"Accueil\",\"item\":\"https:\/\/www.csj-emballages.com\/es\/universo-del-envasado-alimentario\/\"},{\"@type\":\"ListItem\",\"position\":2,\"name\":\"Tienda\",\"item\":\"https:\/\/www.csj-emballages.com\/tienda\/\"},{\"@type\":\"ListItem\",\"position\":3,\"name\":\"50 bandejas peque\u00f1as de 5 compartimentos biodegradables y compostables para llevar\"}]},{\"@type\":\"WebSite\",\"@id\":\"https:\/\/www.csj-emballages.com\/es\/#website\",\"url\":\"https:\/\/www.csj-emballages.com\/es\/\",\"name\":\"CSJ Emballages\",\"description\":\"\",\"publisher\":{\"@id\":\"https:\/\/www.csj-emballages.com\/es\/#organization\"},\"potentialAction\":[{\"@type\":\"SearchAction\",\"target\":{\"@type\":\"EntryPoint\",\"urlTemplate\":\"https:\/\/www.csj-emballages.com\/es\/?s={search_term_string}\"},\"query-input\":{\"@type\":\"PropertyValueSpecification\",\"valueRequired\":true,\"valueName\":\"search_term_string\"}}],\"inLanguage\":\"es\"},{\"@type\":\"Organization\",\"@id\":\"https:\/\/www.csj-emballages.com\/es\/#Organization\/\",\"name\":\"CSJ Emballages\",\"url\":\"https:\/\/www.csj-emballages.com\/es\/\",\"logo\":{\"@type\":\"ImageObject\",\"inLanguage\":\"es\",\"@id\":\"https:\/\/www.csj-emballages.com\/es\/#\/schema\/logo\/image\/\",\"url\":\"https:\/\/www.csj-emballages.com\/wp-content\/uploads\/2023\/10\/logo_csj.webp\",\"contentUrl\":\"https:\/\/www.csj-emballages.com\/wp-content\/uploads\/2023\/10\/logo_csj.webp\",\"width\":250,\"height\":95,\"caption\":\"CSJ Emballages\"},\"image\":{\"@id\":\"https:\/\/www.csj-emballages.com\/es\/#\/schema\/logo\/image\/\"},\"sameAs\":[\"https:\/\/www.facebook.com\/csjemballages\"],\"address\":{\"@type\":\"PostalAddress\",\"streetAddress\":\"ZI La Lechere\",\"addressLocality\":\"Patornay\",\"postalCode\":\"39130\",\"addressCountry\":\"FR\"},\"contactPoint\":[{\"@type\":\"ContactPoint\",\"contactType\":\"Service client\",\"telephone\":\"0384254272\",\"email\":\"contact@csj-emballages.com\"}]}]}<\/script>\n<!-- \/ Yoast SEO Premium plugin. -->","yoast_head_json":{"title":"50 Bandejas Desechables de 5 Compartimentos de Pl\u00e1stico Ecol\u00f3gico 262 x 215 x 25 mm \/ csj-emballages.com","description":"\u00a1Comprar Bandeja de Fibra BIODEGRADABLE de 5 compartimentos! Te ofrecemos un Pack de 50 Bandejas de Comida a Precio de Descuento","robots":{"index":"index","follow":"follow","max-snippet":"max-snippet:-1","max-image-preview":"max-image-preview:large","max-video-preview":"max-video-preview:-1"},"canonical":"https:\/\/www.csj-emballages.com\/es\/produit\/50-bandejas-pequenas-de-5-compartimentos-biodegradables-y-compostables-para-llevar\/","og_locale":"es_ES","og_type":"article","og_title":"50 bandejas peque\u00f1as de 5 compartimentos biodegradables y compostables para llevar","og_description":"\u00a1Comprar Bandeja de Fibra BIODEGRADABLE de 5 compartimentos! Te ofrecemos un Pack de 50 Bandejas de Comida a Precio de Descuento","og_url":"https:\/\/www.csj-emballages.com\/es\/produit\/50-bandejas-pequenas-de-5-compartimentos-biodegradables-y-compostables-para-llevar\/","og_site_name":"CSJ Emballages","article_publisher":"https:\/\/www.facebook.com\/csjemballages","article_modified_time":"2026-03-12T15:33:02+00:00","og_image":[{"width":300,"height":301,"url":"https:\/\/www.csj-emballages.com\/wp-content\/uploads\/2024\/03\/Capture-decran-2024-03-15-a-16.12.58.png","type":"image\/png"}],"twitter_card":"summary_large_image","twitter_misc":{"Tiempo de lectura":"1 minuto"},"schema":{"@context":"https:\/\/schema.org","@graph":[{"@type":"WebPage","@id":"https:\/\/www.csj-emballages.com\/es\/produit\/50-bandejas-pequenas-de-5-compartimentos-biodegradables-y-compostables-para-llevar\/","url":"https:\/\/www.csj-emballages.com\/es\/produit\/50-bandejas-pequenas-de-5-compartimentos-biodegradables-y-compostables-para-llevar\/","name":"50 Bandejas Desechables de 5 Compartimentos de Pl\u00e1stico Ecol\u00f3gico 262 x 215 x 25 mm \/ csj-emballages.com","isPartOf":{"@id":"https:\/\/www.csj-emballages.com\/es\/#website"},"primaryImageOfPage":{"@id":"https:\/\/www.csj-emballages.com\/es\/produit\/50-bandejas-pequenas-de-5-compartimentos-biodegradables-y-compostables-para-llevar\/#primaryimage"},"image":{"@id":"https:\/\/www.csj-emballages.com\/es\/produit\/50-bandejas-pequenas-de-5-compartimentos-biodegradables-y-compostables-para-llevar\/#primaryimage"},"thumbnailUrl":"https:\/\/www.csj-emballages.com\/wp-content\/uploads\/2024\/03\/Capture-decran-2024-03-15-a-16.12.58.png","datePublished":"2024-03-01T15:50:36+00:00","dateModified":"2026-03-12T15:33:02+00:00","description":"\u00a1Comprar Bandeja de Fibra BIODEGRADABLE de 5 compartimentos! Te ofrecemos un Pack de 50 Bandejas de Comida a Precio de Descuento","breadcrumb":{"@id":"https:\/\/www.csj-emballages.com\/es\/produit\/50-bandejas-pequenas-de-5-compartimentos-biodegradables-y-compostables-para-llevar\/#breadcrumb"},"inLanguage":"es","potentialAction":[{"@type":"ReadAction","target":["https:\/\/www.csj-emballages.com\/es\/produit\/50-bandejas-pequenas-de-5-compartimentos-biodegradables-y-compostables-para-llevar\/"]}]},{"@type":"ImageObject","inLanguage":"es","@id":"https:\/\/www.csj-emballages.com\/es\/produit\/50-bandejas-pequenas-de-5-compartimentos-biodegradables-y-compostables-para-llevar\/#primaryimage","url":"https:\/\/www.csj-emballages.com\/wp-content\/uploads\/2024\/03\/Capture-decran-2024-03-15-a-16.12.58.png","contentUrl":"https:\/\/www.csj-emballages.com\/wp-content\/uploads\/2024\/03\/Capture-decran-2024-03-15-a-16.12.58.png","width":300,"height":301},{"@type":"BreadcrumbList","@id":"https:\/\/www.csj-emballages.com\/es\/produit\/50-bandejas-pequenas-de-5-compartimentos-biodegradables-y-compostables-para-llevar\/#breadcrumb","itemListElement":[{"@type":"ListItem","position":1,"name":"Accueil","item":"https:\/\/www.csj-emballages.com\/es\/universo-del-envasado-alimentario\/"},{"@type":"ListItem","position":2,"name":"Tienda","item":"https:\/\/www.csj-emballages.com\/tienda\/"},{"@type":"ListItem","position":3,"name":"50 bandejas peque\u00f1as de 5 compartimentos biodegradables y compostables para llevar"}]},{"@type":"WebSite","@id":"https:\/\/www.csj-emballages.com\/es\/#website","url":"https:\/\/www.csj-emballages.com\/es\/","name":"CSJ Emballages","description":"","publisher":{"@id":"https:\/\/www.csj-emballages.com\/es\/#organization"},"potentialAction":[{"@type":"SearchAction","target":{"@type":"EntryPoint","urlTemplate":"https:\/\/www.csj-emballages.com\/es\/?s={search_term_string}"},"query-input":{"@type":"PropertyValueSpecification","valueRequired":true,"valueName":"search_term_string"}}],"inLanguage":"es"},{"@type":"Organization","@id":"https:\/\/www.csj-emballages.com\/es\/#Organization\/","name":"CSJ Emballages","url":"https:\/\/www.csj-emballages.com\/es\/","logo":{"@type":"ImageObject","inLanguage":"es","@id":"https:\/\/www.csj-emballages.com\/es\/#\/schema\/logo\/image\/","url":"https:\/\/www.csj-emballages.com\/wp-content\/uploads\/2023\/10\/logo_csj.webp","contentUrl":"https:\/\/www.csj-emballages.com\/wp-content\/uploads\/2023\/10\/logo_csj.webp","width":250,"height":95,"caption":"CSJ Emballages"},"image":{"@id":"https:\/\/www.csj-emballages.com\/es\/#\/schema\/logo\/image\/"},"sameAs":["https:\/\/www.facebook.com\/csjemballages"],"address":{"@type":"PostalAddress","streetAddress":"ZI La Lechere","addressLocality":"Patornay","postalCode":"39130","addressCountry":"FR"},"contactPoint":[{"@type":"ContactPoint","contactType":"Service client","telephone":"0384254272","email":"contact@csj-emballages.com"}]}]}},"df_price":13.45,"df_sale_price":"","df_regular_price":13.45,"df_image_link":"https:\/\/www.csj-emballages.com\/wp-content\/uploads\/2024\/03\/Capture-decran-2024-03-15-a-16.12.58.png","tiered_pricing_type":"fixed","tiered_pricing_fixed_rules":[],"tiered_pricing_percentage_rules":[],"tiered_pricing_minimum":1,"tiered_pricing_roles_data":[],"_links":{"self":[{"href":"https:\/\/www.csj-emballages.com\/es\/wp-json\/wp\/v2\/product\/22537","targetHints":{"allow":["GET"]}}],"collection":[{"href":"https:\/\/www.csj-emballages.com\/es\/wp-json\/wp\/v2\/product"}],"about":[{"href":"https:\/\/www.csj-emballages.com\/es\/wp-json\/wp\/v2\/types\/product"}],"wp:featuredmedia":[{"embeddable":true,"href":"https:\/\/www.csj-emballages.com\/es\/wp-json\/wp\/v2\/media\/13617"}],"wp:attachment":[{"href":"https:\/\/www.csj-emballages.com\/es\/wp-json\/wp\/v2\/media?parent=22537"}],"wp:term":[{"taxonomy":"product_brand","embeddable":true,"href":"https:\/\/www.csj-emballages.com\/es\/wp-json\/wp\/v2\/product_brand?post=22537"},{"taxonomy":"product_cat","embeddable":true,"href":"https:\/\/www.csj-emballages.com\/es\/wp-json\/wp\/v2\/product_cat?post=22537"},{"taxonomy":"product_tag","embeddable":true,"href":"https:\/\/www.csj-emballages.com\/es\/wp-json\/wp\/v2\/product_tag?post=22537"}],"curies":[{"name":"wp","href":"https:\/\/api.w.org\/{rel}","templated":true}]}}