{"id":22522,"date":"2024-03-01T16:50:35","date_gmt":"2024-03-01T15:50:35","guid":{"rendered":"https:\/\/u15jnbdpoq.preview.infomaniak.website\/produit\/25-placas-doradas-40-x-60-cm\/"},"modified":"2026-04-29T02:16:27","modified_gmt":"2026-04-29T00:16:27","slug":"25-placas-doradas-40-x-60-cm","status":"publish","type":"product","link":"https:\/\/www.csj-emballages.com\/es\/produit\/25-placas-doradas-40-x-60-cm\/","title":{"rendered":"Placa de cart\u00f3n dorado 40 x 60 cm por 25"},"content":{"rendered":"<h2><strong>Placa de cart\u00f3n dorada<\/strong><\/h2>\n<hr>\n<h3>Descripci\u00f3n de nuestra placa de cart\u00f3n dorado 40 x 60 cm, paquete de 25<\/h3>\n<p><!--more--><\/p>\n<p data-start=\"496\" data-end=\"979\">El <strong>plato dorado de cart\u00f3n<\/strong> <strong>r\u00edgido de 40 x 60 cm<\/strong> es <strong data-start=\"544\" data-end=\"604\">indispensable para los profesionales de la restauraci\u00f3n<\/strong>, pasteleros, restauradores e incluso particulares que deseen mostrar sus creaciones culinarias garantizando un transporte limpio y fiable. Su acabado <strong>dorado<\/strong> a\u00f1ade <strong data-start=\"787\" data-end=\"825\">un toque chic y profesional<\/strong> a todas sus presentaciones. Tanto si se trata de tartas, pasteles, entremeses o platos salados, como de bandejas de embutidos y quesos.  <\/p>\n<p data-start=\"981\" data-end=\"1256\">Fabricado en <strong>cart\u00f3n<\/strong> de alta calidad, este <strong>plato<\/strong> es lo suficientemente r\u00edgido como para soportar creaciones pesadas, pero ligero y f\u00e1cil de manejar. Es resistente a la humedad, por lo que no se ablanda al contacto con alimentos fr\u00edos o ligeramente h\u00famedos. <\/p>\n<p data-start=\"1258\" data-end=\"1548\">Su generoso tama\u00f1o permite presentar varias raciones o una pieza grande, garantizando al mismo tiempo un acabado limpio y profesional. Muy utilizado para eventos, recepciones, buffets o pedidos para llevar, este <strong>plato dorado en caja para<\/strong> catering es <strong data-start=\"1506\" data-end=\"1547\">atractivo y funcional<\/strong>. <\/p>\n<p data-start=\"1550\" data-end=\"1767\">Tambi\u00e9n es una soluci\u00f3n excelente para quienes desean ofrecer una tarta casera con una presentaci\u00f3n digna de un profesional.<\/p>\n<p data-start=\"1550\" data-end=\"1767\"><!--more--><\/p>\n<h4>Sus ventajas:<\/h4>\n<ul>\n<li><strong>Est\u00e9tica<\/strong>: Su brillante superficie dorada a\u00f1ade un toque de sofisticaci\u00f3n y refinamiento, realzando la belleza de los postres.<\/li>\n<li><strong>Variedad<\/strong>: Disponible en diferentes tama\u00f1os en funci\u00f3n de las necesidades.<\/li>\n<li><strong>Solidez<\/strong>: Fabricados con materiales resistentes, proporcionan una base s\u00f3lida para los postres, garantizando que permanezcan intactos y bien presentados.<\/li>\n<li><strong>Transporte seguro<\/strong>: con un tama\u00f1o perfecto para caber en cajas de catering, garantizan un transporte seguro de los postres.<\/li>\n<li><strong>Versatilidad<\/strong>: Ideales para una gran variedad de postres, desde entremeses hasta copas de postre, se adaptan a diferentes estilos y tipos de creaciones pasteleras.<\/li>\n<\/ul>\n<p>&nbsp;<\/p>\n<p><!--more--><\/p>\n<h4>Informaci\u00f3n adicional :<\/h4>\n<ul>\n<li><strong>Envase<\/strong>: Paquete de 25<\/li>\n<li><strong>Dimensiones<\/strong>: 40 x 60 cm<\/li>\n<li><strong>Material<\/strong>: Cart\u00f3n<\/li>\n<li><strong>Color<\/strong>: Oro \/ Negro<\/li>\n<\/ul>\n<p>&nbsp;<\/p>\n<p><!--more--><\/p>\n<p>Tambi\u00e9n disponible en <span style=\"color: #d62727;\"><a style=\"color: #d62727;\" href=\"https:\/\/www.csj-emballages.com\/es\/produit\/25-placas-doradas-28-x-42-cm\/\">25<\/a> <a style=\"color: #d62727;\" href=\"https:\/\/www.csj-emballages.com\/produit\/25-plaques-or-30-x-40-cm\/\">placasdoradas 28 x 42 cm \/ 25 placas 30 x 40 cm<\/a><\/span><\/p>\n<p>&nbsp;<\/p>\n<p><!--more--><\/p>\n<p><a href=\"https:\/\/u15jnbdpoq.preview.infomaniak.website\/categorie-produit\/emballages\/boucherie-traiteur-primeur\/barquettes-boites-et-pots\/boites-traiteurs-lunchs\/\">Ver el resto de nuestra gama de cajas \/ almuerzos de catering<\/a><\/p>\n","protected":false},"excerpt":{"rendered":"<p>Placa de cart\u00f3n dorada Descripci\u00f3n de nuestra placa de cart\u00f3n dorado 40 x 60 cm, paquete de 25<\/p>\n","protected":false},"featured_media":234215,"template":"","meta":{"_acf_changed":false},"product_brand":[],"product_cat":[1150,1143,1142,1145,3868,1259,3120,1911,3121,3122],"product_tag":[],"class_list":{"0":"post-22522","1":"product","2":"type-product","3":"status-publish","4":"has-post-thumbnail","6":"product_cat-envasado-de-alimentos","7":"product_cat-carniceria-y-charcuteria","8":"product_cat-cajas-almuerzos-para-catering","9":"product_cat-panaderia-y-pasteleria","10":"product_cat-cajas-y-estuches","11":"product_cat-cajas-para-pasteles","12":"product_cat-latas-de-postre","13":"product_cat-soportes-de-base-para-tartas","14":"product_cat-soportes-dorados-para-tartas","15":"product_cat-soporte-rectangular-dorado-para-tartas","17":"first","18":"instock","19":"taxable","20":"shipping-taxable","21":"purchasable","22":"product-type-simple"},"acf":[],"yoast_head":"<!-- This site is optimized with the Yoast SEO Premium plugin v26.6 (Yoast SEO v26.6) - https:\/\/yoast.com\/wordpress\/plugins\/seo\/ -->\n<title>Placa de cart\u00f3n dorado 40 x 60 cm por 25<\/title>\n<meta name=\"description\" content=\"Plato de cart\u00f3n dorado r\u00edgido y elegante de 40 x 60 cm. Perfecto para realzar sus presentaciones de tartas, decorados o platos de catering.\" \/>\n<meta name=\"robots\" content=\"index, follow, max-snippet:-1, max-image-preview:large, max-video-preview:-1\" \/>\n<link rel=\"canonical\" href=\"https:\/\/www.csj-emballages.com\/es\/produit\/25-placas-doradas-40-x-60-cm\/\" \/>\n<meta property=\"og:locale\" content=\"es_ES\" \/>\n<meta property=\"og:type\" content=\"article\" \/>\n<meta property=\"og:title\" content=\"Placa de cart\u00f3n dorado 40 x 60 cm por 25\" \/>\n<meta property=\"og:description\" content=\"Plato de cart\u00f3n dorado r\u00edgido y elegante de 40 x 60 cm. Perfecto para realzar sus presentaciones de tartas, decorados o platos de catering.\" \/>\n<meta property=\"og:url\" content=\"https:\/\/www.csj-emballages.com\/es\/produit\/25-placas-doradas-40-x-60-cm\/\" \/>\n<meta property=\"og:site_name\" content=\"CSJ Emballages\" \/>\n<meta property=\"article:publisher\" content=\"https:\/\/www.facebook.com\/csjemballages\" \/>\n<meta property=\"article:modified_time\" content=\"2026-04-29T00:16:27+00:00\" \/>\n<meta property=\"og:image\" content=\"https:\/\/www.csj-emballages.com\/wp-content\/uploads\/2025\/04\/PLAQOR2842.webp\" \/>\n\t<meta property=\"og:image:width\" content=\"800\" \/>\n\t<meta property=\"og:image:height\" content=\"800\" \/>\n\t<meta property=\"og:image:type\" content=\"image\/webp\" \/>\n<meta name=\"twitter:card\" content=\"summary_large_image\" \/>\n<meta name=\"twitter:label1\" content=\"Tiempo de lectura\" \/>\n\t<meta name=\"twitter:data1\" content=\"2 minutos\" \/>\n<script type=\"application\/ld+json\" class=\"yoast-schema-graph\">{\"@context\":\"https:\/\/schema.org\",\"@graph\":[{\"@type\":\"WebPage\",\"@id\":\"https:\/\/www.csj-emballages.com\/es\/produit\/25-placas-doradas-40-x-60-cm\/\",\"url\":\"https:\/\/www.csj-emballages.com\/es\/produit\/25-placas-doradas-40-x-60-cm\/\",\"name\":\"Placa de cart\u00f3n dorado 40 x 60 cm por 25\",\"isPartOf\":{\"@id\":\"https:\/\/www.csj-emballages.com\/es\/#website\"},\"primaryImageOfPage\":{\"@id\":\"https:\/\/www.csj-emballages.com\/es\/produit\/25-placas-doradas-40-x-60-cm\/#primaryimage\"},\"image\":{\"@id\":\"https:\/\/www.csj-emballages.com\/es\/produit\/25-placas-doradas-40-x-60-cm\/#primaryimage\"},\"thumbnailUrl\":\"https:\/\/www.csj-emballages.com\/wp-content\/uploads\/2025\/04\/PLAQOR2842.webp\",\"datePublished\":\"2024-03-01T15:50:35+00:00\",\"dateModified\":\"2026-04-29T00:16:27+00:00\",\"description\":\"Plato de cart\u00f3n dorado r\u00edgido y elegante de 40 x 60 cm. Perfecto para realzar sus presentaciones de tartas, decorados o platos de catering.\",\"breadcrumb\":{\"@id\":\"https:\/\/www.csj-emballages.com\/es\/produit\/25-placas-doradas-40-x-60-cm\/#breadcrumb\"},\"inLanguage\":\"es\",\"potentialAction\":[{\"@type\":\"ReadAction\",\"target\":[\"https:\/\/www.csj-emballages.com\/es\/produit\/25-placas-doradas-40-x-60-cm\/\"]}]},{\"@type\":\"ImageObject\",\"inLanguage\":\"es\",\"@id\":\"https:\/\/www.csj-emballages.com\/es\/produit\/25-placas-doradas-40-x-60-cm\/#primaryimage\",\"url\":\"https:\/\/www.csj-emballages.com\/wp-content\/uploads\/2025\/04\/PLAQOR2842.webp\",\"contentUrl\":\"https:\/\/www.csj-emballages.com\/wp-content\/uploads\/2025\/04\/PLAQOR2842.webp\",\"width\":800,\"height\":800,\"caption\":\"Plaque or carton\"},{\"@type\":\"BreadcrumbList\",\"@id\":\"https:\/\/www.csj-emballages.com\/es\/produit\/25-placas-doradas-40-x-60-cm\/#breadcrumb\",\"itemListElement\":[{\"@type\":\"ListItem\",\"position\":1,\"name\":\"Accueil\",\"item\":\"https:\/\/www.csj-emballages.com\/es\/universo-del-envasado-alimentario\/\"},{\"@type\":\"ListItem\",\"position\":2,\"name\":\"Tienda\",\"item\":\"https:\/\/www.csj-emballages.com\/tienda\/\"},{\"@type\":\"ListItem\",\"position\":3,\"name\":\"Placa de cart\u00f3n dorado 40 x 60 cm por 25\"}]},{\"@type\":\"WebSite\",\"@id\":\"https:\/\/www.csj-emballages.com\/es\/#website\",\"url\":\"https:\/\/www.csj-emballages.com\/es\/\",\"name\":\"CSJ Emballages\",\"description\":\"\",\"publisher\":{\"@id\":\"https:\/\/www.csj-emballages.com\/es\/#organization\"},\"potentialAction\":[{\"@type\":\"SearchAction\",\"target\":{\"@type\":\"EntryPoint\",\"urlTemplate\":\"https:\/\/www.csj-emballages.com\/es\/?s={search_term_string}\"},\"query-input\":{\"@type\":\"PropertyValueSpecification\",\"valueRequired\":true,\"valueName\":\"search_term_string\"}}],\"inLanguage\":\"es\"},{\"@type\":\"Organization\",\"@id\":\"https:\/\/www.csj-emballages.com\/es\/#Organization\/\",\"name\":\"CSJ Emballages\",\"url\":\"https:\/\/www.csj-emballages.com\/es\/\",\"logo\":{\"@type\":\"ImageObject\",\"inLanguage\":\"es\",\"@id\":\"https:\/\/www.csj-emballages.com\/es\/#\/schema\/logo\/image\/\",\"url\":\"https:\/\/www.csj-emballages.com\/wp-content\/uploads\/2023\/10\/logo_csj.webp\",\"contentUrl\":\"https:\/\/www.csj-emballages.com\/wp-content\/uploads\/2023\/10\/logo_csj.webp\",\"width\":250,\"height\":95,\"caption\":\"CSJ Emballages\"},\"image\":{\"@id\":\"https:\/\/www.csj-emballages.com\/es\/#\/schema\/logo\/image\/\"},\"sameAs\":[\"https:\/\/www.facebook.com\/csjemballages\"],\"address\":{\"@type\":\"PostalAddress\",\"streetAddress\":\"ZI La Lechere\",\"addressLocality\":\"Patornay\",\"postalCode\":\"39130\",\"addressCountry\":\"FR\"},\"contactPoint\":[{\"@type\":\"ContactPoint\",\"contactType\":\"Service client\",\"telephone\":\"0384254272\",\"email\":\"contact@csj-emballages.com\"}]}]}<\/script>\n<!-- \/ Yoast SEO Premium plugin. -->","yoast_head_json":{"title":"Placa de cart\u00f3n dorado 40 x 60 cm por 25","description":"Plato de cart\u00f3n dorado r\u00edgido y elegante de 40 x 60 cm. Perfecto para realzar sus presentaciones de tartas, decorados o platos de catering.","robots":{"index":"index","follow":"follow","max-snippet":"max-snippet:-1","max-image-preview":"max-image-preview:large","max-video-preview":"max-video-preview:-1"},"canonical":"https:\/\/www.csj-emballages.com\/es\/produit\/25-placas-doradas-40-x-60-cm\/","og_locale":"es_ES","og_type":"article","og_title":"Placa de cart\u00f3n dorado 40 x 60 cm por 25","og_description":"Plato de cart\u00f3n dorado r\u00edgido y elegante de 40 x 60 cm. Perfecto para realzar sus presentaciones de tartas, decorados o platos de catering.","og_url":"https:\/\/www.csj-emballages.com\/es\/produit\/25-placas-doradas-40-x-60-cm\/","og_site_name":"CSJ Emballages","article_publisher":"https:\/\/www.facebook.com\/csjemballages","article_modified_time":"2026-04-29T00:16:27+00:00","og_image":[{"width":800,"height":800,"url":"https:\/\/www.csj-emballages.com\/wp-content\/uploads\/2025\/04\/PLAQOR2842.webp","type":"image\/webp"}],"twitter_card":"summary_large_image","twitter_misc":{"Tiempo de lectura":"2 minutos"},"schema":{"@context":"https:\/\/schema.org","@graph":[{"@type":"WebPage","@id":"https:\/\/www.csj-emballages.com\/es\/produit\/25-placas-doradas-40-x-60-cm\/","url":"https:\/\/www.csj-emballages.com\/es\/produit\/25-placas-doradas-40-x-60-cm\/","name":"Placa de cart\u00f3n dorado 40 x 60 cm por 25","isPartOf":{"@id":"https:\/\/www.csj-emballages.com\/es\/#website"},"primaryImageOfPage":{"@id":"https:\/\/www.csj-emballages.com\/es\/produit\/25-placas-doradas-40-x-60-cm\/#primaryimage"},"image":{"@id":"https:\/\/www.csj-emballages.com\/es\/produit\/25-placas-doradas-40-x-60-cm\/#primaryimage"},"thumbnailUrl":"https:\/\/www.csj-emballages.com\/wp-content\/uploads\/2025\/04\/PLAQOR2842.webp","datePublished":"2024-03-01T15:50:35+00:00","dateModified":"2026-04-29T00:16:27+00:00","description":"Plato de cart\u00f3n dorado r\u00edgido y elegante de 40 x 60 cm. Perfecto para realzar sus presentaciones de tartas, decorados o platos de catering.","breadcrumb":{"@id":"https:\/\/www.csj-emballages.com\/es\/produit\/25-placas-doradas-40-x-60-cm\/#breadcrumb"},"inLanguage":"es","potentialAction":[{"@type":"ReadAction","target":["https:\/\/www.csj-emballages.com\/es\/produit\/25-placas-doradas-40-x-60-cm\/"]}]},{"@type":"ImageObject","inLanguage":"es","@id":"https:\/\/www.csj-emballages.com\/es\/produit\/25-placas-doradas-40-x-60-cm\/#primaryimage","url":"https:\/\/www.csj-emballages.com\/wp-content\/uploads\/2025\/04\/PLAQOR2842.webp","contentUrl":"https:\/\/www.csj-emballages.com\/wp-content\/uploads\/2025\/04\/PLAQOR2842.webp","width":800,"height":800,"caption":"Plaque or carton"},{"@type":"BreadcrumbList","@id":"https:\/\/www.csj-emballages.com\/es\/produit\/25-placas-doradas-40-x-60-cm\/#breadcrumb","itemListElement":[{"@type":"ListItem","position":1,"name":"Accueil","item":"https:\/\/www.csj-emballages.com\/es\/universo-del-envasado-alimentario\/"},{"@type":"ListItem","position":2,"name":"Tienda","item":"https:\/\/www.csj-emballages.com\/tienda\/"},{"@type":"ListItem","position":3,"name":"Placa de cart\u00f3n dorado 40 x 60 cm por 25"}]},{"@type":"WebSite","@id":"https:\/\/www.csj-emballages.com\/es\/#website","url":"https:\/\/www.csj-emballages.com\/es\/","name":"CSJ Emballages","description":"","publisher":{"@id":"https:\/\/www.csj-emballages.com\/es\/#organization"},"potentialAction":[{"@type":"SearchAction","target":{"@type":"EntryPoint","urlTemplate":"https:\/\/www.csj-emballages.com\/es\/?s={search_term_string}"},"query-input":{"@type":"PropertyValueSpecification","valueRequired":true,"valueName":"search_term_string"}}],"inLanguage":"es"},{"@type":"Organization","@id":"https:\/\/www.csj-emballages.com\/es\/#Organization\/","name":"CSJ Emballages","url":"https:\/\/www.csj-emballages.com\/es\/","logo":{"@type":"ImageObject","inLanguage":"es","@id":"https:\/\/www.csj-emballages.com\/es\/#\/schema\/logo\/image\/","url":"https:\/\/www.csj-emballages.com\/wp-content\/uploads\/2023\/10\/logo_csj.webp","contentUrl":"https:\/\/www.csj-emballages.com\/wp-content\/uploads\/2023\/10\/logo_csj.webp","width":250,"height":95,"caption":"CSJ Emballages"},"image":{"@id":"https:\/\/www.csj-emballages.com\/es\/#\/schema\/logo\/image\/"},"sameAs":["https:\/\/www.facebook.com\/csjemballages"],"address":{"@type":"PostalAddress","streetAddress":"ZI La Lechere","addressLocality":"Patornay","postalCode":"39130","addressCountry":"FR"},"contactPoint":[{"@type":"ContactPoint","contactType":"Service client","telephone":"0384254272","email":"contact@csj-emballages.com"}]}]}},"df_price":25.18,"df_sale_price":"","df_regular_price":25.18,"df_image_link":"https:\/\/www.csj-emballages.com\/wp-content\/uploads\/2025\/04\/PLAQOR2842-300x300.webp","tiered_pricing_type":"fixed","tiered_pricing_fixed_rules":[],"tiered_pricing_percentage_rules":[],"tiered_pricing_minimum":1,"tiered_pricing_roles_data":[],"_links":{"self":[{"href":"https:\/\/www.csj-emballages.com\/es\/wp-json\/wp\/v2\/product\/22522","targetHints":{"allow":["GET"]}}],"collection":[{"href":"https:\/\/www.csj-emballages.com\/es\/wp-json\/wp\/v2\/product"}],"about":[{"href":"https:\/\/www.csj-emballages.com\/es\/wp-json\/wp\/v2\/types\/product"}],"wp:featuredmedia":[{"embeddable":true,"href":"https:\/\/www.csj-emballages.com\/es\/wp-json\/wp\/v2\/media\/234215"}],"wp:attachment":[{"href":"https:\/\/www.csj-emballages.com\/es\/wp-json\/wp\/v2\/media?parent=22522"}],"wp:term":[{"taxonomy":"product_brand","embeddable":true,"href":"https:\/\/www.csj-emballages.com\/es\/wp-json\/wp\/v2\/product_brand?post=22522"},{"taxonomy":"product_cat","embeddable":true,"href":"https:\/\/www.csj-emballages.com\/es\/wp-json\/wp\/v2\/product_cat?post=22522"},{"taxonomy":"product_tag","embeddable":true,"href":"https:\/\/www.csj-emballages.com\/es\/wp-json\/wp\/v2\/product_tag?post=22522"}],"curies":[{"name":"wp","href":"https:\/\/api.w.org\/{rel}","templated":true}]}}