{"id":22506,"date":"2024-03-01T16:50:35","date_gmt":"2024-03-01T15:50:35","guid":{"rendered":"https:\/\/u15jnbdpoq.preview.infomaniak.website\/produit\/25-bandejas-de-lujo-de-5-compartimentos-para-llevar\/"},"modified":"2026-04-10T02:14:41","modified_gmt":"2026-04-10T00:14:41","slug":"25-bandejas-de-lujo-de-5-compartimentos-para-llevar","status":"publish","type":"product","link":"https:\/\/www.csj-emballages.com\/es\/produit\/25-bandejas-de-lujo-de-5-compartimentos-para-llevar\/","title":{"rendered":"Bandeja de lujo de 5 compartimentos para llevar, 25 uds."},"content":{"rendered":"<h2>Bandeja de comida<\/h2>\n<hr>\n<h3>Descripci\u00f3n de nuestra bandeja de lujo de 5 compartimentos para comida para llevar (25 piezas)<\/h3>\n<p><!--more--><\/p>\n<p data-start=\"182\" data-end=\"558\">Descubra la <strong data-start=\"195\" data-end=\"251\">bandeja de lujo par 25 de 5 compartimentos para comida para llevar<\/strong>, una soluci\u00f3n pr\u00e1ctica y elegante dise\u00f1ada para los profesionales de la restauraci\u00f3n, la comida para llevar y los eventos. Dise\u00f1ada para satisfacer las necesidades de los <b>profesionales<\/b>, esta <strong>bandeja negra<\/strong> es a la vez f\u00e1cil de usar y tiene una bonita presentaci\u00f3n. <\/p>\n<p data-start=\"560\" data-end=\"948\">Gracias a sus <strong data-start=\"569\" data-end=\"598\">5 compartimentos independientes<\/strong>, podr\u00e1 separar entrantes, platos principales, guarniciones, quesos y postres sin mezclar sabores. Su ingeniosa disposici\u00f3n permite aprovechar al m\u00e1ximo cada preparaci\u00f3n. Ideal para men\u00fas completos, esta <strong>bandeja de 5 compartimentos<\/strong> a\u00f1ade un toque de <strong data-start=\"912\" data-end=\"927\">refinamiento<\/strong> a sus eventos.  <\/p>\n<p data-start=\"950\" data-end=\"1326\">Fabricada con un material robusto y de alta calidad, la <strong data-start=\"1002\" data-end=\"1024\">bandeja de lujo para comidas<\/strong> combina resistencia y elegancia. Su robustez la hace adecuada tanto para platos fr\u00edos como calientes, al tiempo que se mantiene impecable durante el transporte. Su dise\u00f1o refinado ayuda a crear una experiencia de alta gama para sus clientes, sin dejar de ser pr\u00e1ctico para el uso diario.  <\/p>\n<p data-start=\"1328\" data-end=\"1702\">Envasada en <strong data-start=\"1344\" data-end=\"1357\">lotes de 25 unidades<\/strong>, es perfecta para los departamentos de catering m\u00e1s atareados, ya que ahorra tiempo y optimiza la organizaci\u00f3n. Ya sea para una comida de empresa, un c\u00f3ctel, una recepci\u00f3n privada o un servicio de catering colectivo, esta <strong>bandeja de comida negra<\/strong> es el aliado ideal para combinar practicidad, higiene y elegancia. <\/p>\n<p data-start=\"1704\" data-end=\"1889\">En resumen, al elegir esta <strong data-start=\"1722\" data-end=\"1771\">bandeja de comida<\/strong>, puede asegurarse de que sus invitados disfruten de una comida c\u00f3moda.<\/p>\n<p data-start=\"1704\" data-end=\"1889\"><!--more--><\/p>\n<p data-start=\"1704\" data-end=\"1889\"><strong><span style=\"color: #ff0000;\">*Esta bandeja se vende separada de su tapa (ver enlace m\u00e1s abajo).<\/span><\/strong><\/p>\n<p data-start=\"1704\" data-end=\"1889\"><!--more--><\/p>\n<h4>Ventajas :<\/h4>\n<ul>\n<li>5 compartimentos para separar y destacar cada preparaci\u00f3n.<\/li>\n<li>Dise\u00f1o refinado para una presentaci\u00f3n elegante.<\/li>\n<li>Su material resistente la hace adecuada tanto para platos fr\u00edos como calientes.<\/li>\n<li>Envasados en paquetes de 25 unidades para un uso pr\u00e1ctico y econ\u00f3mico.<\/li>\n<li>Perfecto para empresas de catering, restauradores y eventos.<\/li>\n<\/ul>\n<p>&nbsp;<\/p>\n<p><!--more--><\/p>\n<h4>Informaci\u00f3n adicional :<\/h4>\n<ul>\n<li><strong>Envase<\/strong>: Paquete de 25<\/li>\n<li><strong>Dimensiones<\/strong>: 310 x 250 x 30 mm<\/li>\n<li><strong>N\u00famero de compartimentos <\/strong>: 5<\/li>\n<li><strong>Color<\/strong>: Negro<\/li>\n<li><strong>Material<\/strong>: PS (Poliestireno)<\/li>\n<li><strong>Temperatura de funcionamiento<\/strong>: -5\u00b0C \/ +80\u00b0C<\/li>\n<\/ul>\n<p>&nbsp;<\/p>\n<p><!--more--><\/p>\n<p>Encuentre aqu\u00ed la tapa compatible con esta bandeja: <span style=\"color: #d12727;\"><a style=\"color: #d12727;\" href=\"https:\/\/www.csj-emballages.com\/produit\/25-couvercles-pour-plateaux-repas-a-emporter-5-compartiments-luxe-pl5cluxen\/\">COPL5CLUXEN<\/a><\/span><\/p>\n<p>&nbsp;<\/p>\n<p><!--more--><\/p>\n<p><a href=\"https:\/\/www.csj-emballages.com\/es\/categorie-produit\/envasado-de-alimentos\/carniceria-y-charcuteria\/bandejas\/bandejas-de-comida\/bandejas-de-plastico-para-comida\/bandejas-de-lujo\/\">Ver el resto de nuestra gama de bandejas \u00abLuxury<\/a><\/p>\n","protected":false},"excerpt":{"rendered":"<p>Bandeja de comida Descripci\u00f3n de nuestra bandeja de lujo de 5 compartimentos para comida para llevar (25 piezas)<\/p>\n","protected":false},"featured_media":241275,"template":"","meta":{"_acf_changed":false},"product_brand":[],"product_cat":[1150,1143,1288,1293,1298,7227,1179,1302,1305,1310],"product_tag":[],"class_list":{"0":"post-22506","1":"product","2":"type-product","3":"status-publish","4":"has-post-thumbnail","6":"product_cat-envasado-de-alimentos","7":"product_cat-carniceria-y-charcuteria","8":"product_cat-bandejas","9":"product_cat-bandejas-de-comida","10":"product_cat-bandejas-de-plastico-para-comida","11":"product_cat-bandejas-de-lujo","12":"product_cat-catering-es","13":"product_cat-bandejas-es","14":"product_cat-bandejas-de-comida-desechables","15":"product_cat-bandejas-de-plastico-para-comida-es","17":"first","18":"instock","19":"taxable","20":"shipping-taxable","21":"purchasable","22":"product-type-simple"},"acf":[],"yoast_head":"<!-- This site is optimized with the Yoast SEO Premium plugin v26.6 (Yoast SEO v26.6) - https:\/\/yoast.com\/wordpress\/plugins\/seo\/ -->\n<title>Bandeja de lujo de 5 compartimentos para comida para llevar por 25<\/title>\n<meta name=\"description\" content=\"Bandeja de lujo de 5 compartimentos para llevar de 25 unidades: elegante, pr\u00e1ctica y resistente para hosteleros y restauradores. La tapa se vende por separado.\" \/>\n<meta name=\"robots\" content=\"index, follow, max-snippet:-1, max-image-preview:large, max-video-preview:-1\" \/>\n<link rel=\"canonical\" href=\"https:\/\/www.csj-emballages.com\/es\/produit\/25-bandejas-de-lujo-de-5-compartimentos-para-llevar\/\" \/>\n<meta property=\"og:locale\" content=\"es_ES\" \/>\n<meta property=\"og:type\" content=\"article\" \/>\n<meta property=\"og:title\" content=\"Bandeja de lujo de 5 compartimentos para llevar, 25 uds.\" \/>\n<meta property=\"og:description\" content=\"Bandeja de lujo de 5 compartimentos para llevar de 25 unidades: elegante, pr\u00e1ctica y resistente para hosteleros y restauradores. La tapa se vende por separado.\" \/>\n<meta property=\"og:url\" content=\"https:\/\/www.csj-emballages.com\/es\/produit\/25-bandejas-de-lujo-de-5-compartimentos-para-llevar\/\" \/>\n<meta property=\"og:site_name\" content=\"CSJ Emballages\" \/>\n<meta property=\"article:publisher\" content=\"https:\/\/www.facebook.com\/csjemballages\" \/>\n<meta property=\"article:modified_time\" content=\"2026-04-10T00:14:41+00:00\" \/>\n<meta property=\"og:image\" content=\"https:\/\/www.csj-emballages.com\/wp-content\/uploads\/2024\/03\/PL5CLUXEN.webp\" \/>\n\t<meta property=\"og:image:width\" content=\"800\" \/>\n\t<meta property=\"og:image:height\" content=\"800\" \/>\n\t<meta property=\"og:image:type\" content=\"image\/webp\" \/>\n<meta name=\"twitter:card\" content=\"summary_large_image\" \/>\n<meta name=\"twitter:label1\" content=\"Tiempo de lectura\" \/>\n\t<meta name=\"twitter:data1\" content=\"2 minutos\" \/>\n<script type=\"application\/ld+json\" class=\"yoast-schema-graph\">{\"@context\":\"https:\/\/schema.org\",\"@graph\":[{\"@type\":\"WebPage\",\"@id\":\"https:\/\/www.csj-emballages.com\/es\/produit\/25-bandejas-de-lujo-de-5-compartimentos-para-llevar\/\",\"url\":\"https:\/\/www.csj-emballages.com\/es\/produit\/25-bandejas-de-lujo-de-5-compartimentos-para-llevar\/\",\"name\":\"Bandeja de lujo de 5 compartimentos para comida para llevar por 25\",\"isPartOf\":{\"@id\":\"https:\/\/www.csj-emballages.com\/es\/#website\"},\"primaryImageOfPage\":{\"@id\":\"https:\/\/www.csj-emballages.com\/es\/produit\/25-bandejas-de-lujo-de-5-compartimentos-para-llevar\/#primaryimage\"},\"image\":{\"@id\":\"https:\/\/www.csj-emballages.com\/es\/produit\/25-bandejas-de-lujo-de-5-compartimentos-para-llevar\/#primaryimage\"},\"thumbnailUrl\":\"https:\/\/www.csj-emballages.com\/wp-content\/uploads\/2024\/03\/PL5CLUXEN.webp\",\"datePublished\":\"2024-03-01T15:50:35+00:00\",\"dateModified\":\"2026-04-10T00:14:41+00:00\",\"description\":\"Bandeja de lujo de 5 compartimentos para llevar de 25 unidades: elegante, pr\u00e1ctica y resistente para hosteleros y restauradores. La tapa se vende por separado.\",\"breadcrumb\":{\"@id\":\"https:\/\/www.csj-emballages.com\/es\/produit\/25-bandejas-de-lujo-de-5-compartimentos-para-llevar\/#breadcrumb\"},\"inLanguage\":\"es\",\"potentialAction\":[{\"@type\":\"ReadAction\",\"target\":[\"https:\/\/www.csj-emballages.com\/es\/produit\/25-bandejas-de-lujo-de-5-compartimentos-para-llevar\/\"]}]},{\"@type\":\"ImageObject\",\"inLanguage\":\"es\",\"@id\":\"https:\/\/www.csj-emballages.com\/es\/produit\/25-bandejas-de-lujo-de-5-compartimentos-para-llevar\/#primaryimage\",\"url\":\"https:\/\/www.csj-emballages.com\/wp-content\/uploads\/2024\/03\/PL5CLUXEN.webp\",\"contentUrl\":\"https:\/\/www.csj-emballages.com\/wp-content\/uploads\/2024\/03\/PL5CLUXEN.webp\",\"width\":800,\"height\":800,\"caption\":\"Plateau repas\"},{\"@type\":\"BreadcrumbList\",\"@id\":\"https:\/\/www.csj-emballages.com\/es\/produit\/25-bandejas-de-lujo-de-5-compartimentos-para-llevar\/#breadcrumb\",\"itemListElement\":[{\"@type\":\"ListItem\",\"position\":1,\"name\":\"Accueil\",\"item\":\"https:\/\/www.csj-emballages.com\/es\/universo-del-envasado-alimentario\/\"},{\"@type\":\"ListItem\",\"position\":2,\"name\":\"Tienda\",\"item\":\"https:\/\/www.csj-emballages.com\/tienda\/\"},{\"@type\":\"ListItem\",\"position\":3,\"name\":\"Bandeja de lujo de 5 compartimentos para llevar, 25 uds.\"}]},{\"@type\":\"WebSite\",\"@id\":\"https:\/\/www.csj-emballages.com\/es\/#website\",\"url\":\"https:\/\/www.csj-emballages.com\/es\/\",\"name\":\"CSJ Emballages\",\"description\":\"\",\"publisher\":{\"@id\":\"https:\/\/www.csj-emballages.com\/es\/#organization\"},\"potentialAction\":[{\"@type\":\"SearchAction\",\"target\":{\"@type\":\"EntryPoint\",\"urlTemplate\":\"https:\/\/www.csj-emballages.com\/es\/?s={search_term_string}\"},\"query-input\":{\"@type\":\"PropertyValueSpecification\",\"valueRequired\":true,\"valueName\":\"search_term_string\"}}],\"inLanguage\":\"es\"},{\"@type\":\"Organization\",\"@id\":\"https:\/\/www.csj-emballages.com\/es\/#Organization\/\",\"name\":\"CSJ Emballages\",\"url\":\"https:\/\/www.csj-emballages.com\/es\/\",\"logo\":{\"@type\":\"ImageObject\",\"inLanguage\":\"es\",\"@id\":\"https:\/\/www.csj-emballages.com\/es\/#\/schema\/logo\/image\/\",\"url\":\"https:\/\/www.csj-emballages.com\/wp-content\/uploads\/2023\/10\/logo_csj.webp\",\"contentUrl\":\"https:\/\/www.csj-emballages.com\/wp-content\/uploads\/2023\/10\/logo_csj.webp\",\"width\":250,\"height\":95,\"caption\":\"CSJ Emballages\"},\"image\":{\"@id\":\"https:\/\/www.csj-emballages.com\/es\/#\/schema\/logo\/image\/\"},\"sameAs\":[\"https:\/\/www.facebook.com\/csjemballages\"],\"address\":{\"@type\":\"PostalAddress\",\"streetAddress\":\"ZI La Lechere\",\"addressLocality\":\"Patornay\",\"postalCode\":\"39130\",\"addressCountry\":\"FR\"},\"contactPoint\":[{\"@type\":\"ContactPoint\",\"contactType\":\"Service client\",\"telephone\":\"0384254272\",\"email\":\"contact@csj-emballages.com\"}]}]}<\/script>\n<!-- \/ Yoast SEO Premium plugin. -->","yoast_head_json":{"title":"Bandeja de lujo de 5 compartimentos para comida para llevar por 25","description":"Bandeja de lujo de 5 compartimentos para llevar de 25 unidades: elegante, pr\u00e1ctica y resistente para hosteleros y restauradores. La tapa se vende por separado.","robots":{"index":"index","follow":"follow","max-snippet":"max-snippet:-1","max-image-preview":"max-image-preview:large","max-video-preview":"max-video-preview:-1"},"canonical":"https:\/\/www.csj-emballages.com\/es\/produit\/25-bandejas-de-lujo-de-5-compartimentos-para-llevar\/","og_locale":"es_ES","og_type":"article","og_title":"Bandeja de lujo de 5 compartimentos para llevar, 25 uds.","og_description":"Bandeja de lujo de 5 compartimentos para llevar de 25 unidades: elegante, pr\u00e1ctica y resistente para hosteleros y restauradores. La tapa se vende por separado.","og_url":"https:\/\/www.csj-emballages.com\/es\/produit\/25-bandejas-de-lujo-de-5-compartimentos-para-llevar\/","og_site_name":"CSJ Emballages","article_publisher":"https:\/\/www.facebook.com\/csjemballages","article_modified_time":"2026-04-10T00:14:41+00:00","og_image":[{"width":800,"height":800,"url":"https:\/\/www.csj-emballages.com\/wp-content\/uploads\/2024\/03\/PL5CLUXEN.webp","type":"image\/webp"}],"twitter_card":"summary_large_image","twitter_misc":{"Tiempo de lectura":"2 minutos"},"schema":{"@context":"https:\/\/schema.org","@graph":[{"@type":"WebPage","@id":"https:\/\/www.csj-emballages.com\/es\/produit\/25-bandejas-de-lujo-de-5-compartimentos-para-llevar\/","url":"https:\/\/www.csj-emballages.com\/es\/produit\/25-bandejas-de-lujo-de-5-compartimentos-para-llevar\/","name":"Bandeja de lujo de 5 compartimentos para comida para llevar por 25","isPartOf":{"@id":"https:\/\/www.csj-emballages.com\/es\/#website"},"primaryImageOfPage":{"@id":"https:\/\/www.csj-emballages.com\/es\/produit\/25-bandejas-de-lujo-de-5-compartimentos-para-llevar\/#primaryimage"},"image":{"@id":"https:\/\/www.csj-emballages.com\/es\/produit\/25-bandejas-de-lujo-de-5-compartimentos-para-llevar\/#primaryimage"},"thumbnailUrl":"https:\/\/www.csj-emballages.com\/wp-content\/uploads\/2024\/03\/PL5CLUXEN.webp","datePublished":"2024-03-01T15:50:35+00:00","dateModified":"2026-04-10T00:14:41+00:00","description":"Bandeja de lujo de 5 compartimentos para llevar de 25 unidades: elegante, pr\u00e1ctica y resistente para hosteleros y restauradores. La tapa se vende por separado.","breadcrumb":{"@id":"https:\/\/www.csj-emballages.com\/es\/produit\/25-bandejas-de-lujo-de-5-compartimentos-para-llevar\/#breadcrumb"},"inLanguage":"es","potentialAction":[{"@type":"ReadAction","target":["https:\/\/www.csj-emballages.com\/es\/produit\/25-bandejas-de-lujo-de-5-compartimentos-para-llevar\/"]}]},{"@type":"ImageObject","inLanguage":"es","@id":"https:\/\/www.csj-emballages.com\/es\/produit\/25-bandejas-de-lujo-de-5-compartimentos-para-llevar\/#primaryimage","url":"https:\/\/www.csj-emballages.com\/wp-content\/uploads\/2024\/03\/PL5CLUXEN.webp","contentUrl":"https:\/\/www.csj-emballages.com\/wp-content\/uploads\/2024\/03\/PL5CLUXEN.webp","width":800,"height":800,"caption":"Plateau repas"},{"@type":"BreadcrumbList","@id":"https:\/\/www.csj-emballages.com\/es\/produit\/25-bandejas-de-lujo-de-5-compartimentos-para-llevar\/#breadcrumb","itemListElement":[{"@type":"ListItem","position":1,"name":"Accueil","item":"https:\/\/www.csj-emballages.com\/es\/universo-del-envasado-alimentario\/"},{"@type":"ListItem","position":2,"name":"Tienda","item":"https:\/\/www.csj-emballages.com\/tienda\/"},{"@type":"ListItem","position":3,"name":"Bandeja de lujo de 5 compartimentos para llevar, 25 uds."}]},{"@type":"WebSite","@id":"https:\/\/www.csj-emballages.com\/es\/#website","url":"https:\/\/www.csj-emballages.com\/es\/","name":"CSJ Emballages","description":"","publisher":{"@id":"https:\/\/www.csj-emballages.com\/es\/#organization"},"potentialAction":[{"@type":"SearchAction","target":{"@type":"EntryPoint","urlTemplate":"https:\/\/www.csj-emballages.com\/es\/?s={search_term_string}"},"query-input":{"@type":"PropertyValueSpecification","valueRequired":true,"valueName":"search_term_string"}}],"inLanguage":"es"},{"@type":"Organization","@id":"https:\/\/www.csj-emballages.com\/es\/#Organization\/","name":"CSJ Emballages","url":"https:\/\/www.csj-emballages.com\/es\/","logo":{"@type":"ImageObject","inLanguage":"es","@id":"https:\/\/www.csj-emballages.com\/es\/#\/schema\/logo\/image\/","url":"https:\/\/www.csj-emballages.com\/wp-content\/uploads\/2023\/10\/logo_csj.webp","contentUrl":"https:\/\/www.csj-emballages.com\/wp-content\/uploads\/2023\/10\/logo_csj.webp","width":250,"height":95,"caption":"CSJ Emballages"},"image":{"@id":"https:\/\/www.csj-emballages.com\/es\/#\/schema\/logo\/image\/"},"sameAs":["https:\/\/www.facebook.com\/csjemballages"],"address":{"@type":"PostalAddress","streetAddress":"ZI La Lechere","addressLocality":"Patornay","postalCode":"39130","addressCountry":"FR"},"contactPoint":[{"@type":"ContactPoint","contactType":"Service client","telephone":"0384254272","email":"contact@csj-emballages.com"}]}]}},"df_price":18.71,"df_sale_price":"","df_regular_price":18.71,"df_image_link":"https:\/\/www.csj-emballages.com\/wp-content\/uploads\/2024\/03\/PL5CLUXEN-300x300.webp","tiered_pricing_type":"fixed","tiered_pricing_fixed_rules":[],"tiered_pricing_percentage_rules":[],"tiered_pricing_minimum":1,"tiered_pricing_roles_data":[],"_links":{"self":[{"href":"https:\/\/www.csj-emballages.com\/es\/wp-json\/wp\/v2\/product\/22506","targetHints":{"allow":["GET"]}}],"collection":[{"href":"https:\/\/www.csj-emballages.com\/es\/wp-json\/wp\/v2\/product"}],"about":[{"href":"https:\/\/www.csj-emballages.com\/es\/wp-json\/wp\/v2\/types\/product"}],"wp:featuredmedia":[{"embeddable":true,"href":"https:\/\/www.csj-emballages.com\/es\/wp-json\/wp\/v2\/media\/241275"}],"wp:attachment":[{"href":"https:\/\/www.csj-emballages.com\/es\/wp-json\/wp\/v2\/media?parent=22506"}],"wp:term":[{"taxonomy":"product_brand","embeddable":true,"href":"https:\/\/www.csj-emballages.com\/es\/wp-json\/wp\/v2\/product_brand?post=22506"},{"taxonomy":"product_cat","embeddable":true,"href":"https:\/\/www.csj-emballages.com\/es\/wp-json\/wp\/v2\/product_cat?post=22506"},{"taxonomy":"product_tag","embeddable":true,"href":"https:\/\/www.csj-emballages.com\/es\/wp-json\/wp\/v2\/product_tag?post=22506"}],"curies":[{"name":"wp","href":"https:\/\/api.w.org\/{rel}","templated":true}]}}