{"id":22504,"date":"2024-03-01T16:50:36","date_gmt":"2024-03-01T15:50:36","guid":{"rendered":"https:\/\/u15jnbdpoq.preview.infomaniak.website\/produit\/50-bandejas-biodegradables-y-compostables-de-5-compartimentos-para-llevar\/"},"modified":"2026-04-17T02:15:04","modified_gmt":"2026-04-17T00:15:04","slug":"50-bandejas-biodegradables-y-compostables-de-5-compartimentos-para-llevar","status":"publish","type":"product","link":"https:\/\/www.csj-emballages.com\/es\/produit\/50-bandejas-biodegradables-y-compostables-de-5-compartimentos-para-llevar\/","title":{"rendered":"Bandeja biodegradable para comida para llevar 5 compartimentos por 50"},"content":{"rendered":"<h2>Bandeja de comida<\/h2>\n<hr>\n<h3>Descripci\u00f3n de nuestra bandeja biodegradable para comida para llevar con 5 compartimentos por 50<\/h3>\n<p><!--more--><\/p>\n<p>Descubra nuestra <strong>bandeja biodegradable de 5 compartimentos<\/strong>, perfecta para comidas para llevar y eventos de empresa. Fabricada con bagazo de ca\u00f1a, esta bandeja es respetuosa con el medio ambiente y f\u00e1cil de compostar despu\u00e9s de su uso. Cada bandeja tiene cinco compartimentos, ideales para separar los distintos alimentos y mantenerlos frescos. Una transici\u00f3n perfecta, estas bandejas <strong>para comidas<\/strong> ofrecen una soluci\u00f3n pr\u00e1ctica y sostenible para empresas de catering, restaurantes y servicios de reparto.   <\/p>\n<p>Compatible con tapas <span style=\"color: #d12727;\"><a style=\"color: #d12727;\" href=\"https:\/\/www.csj-emballages.com\/produit\/50-couvercles-biodegradables-pour-plateaux-repas-pl5cbioal\/\">COPL5CBIOAL<\/a><\/span>ofrecen una protecci\u00f3n \u00f3ptima de las comidas durante el transporte. Tanto si organiza un evento al aire libre como un reparto de comida, estas <strong>bandejas biodegradables<\/strong> satisfar\u00e1n todas sus necesidades. Son robustas y resistentes, por lo que resultan ideales tanto para platos fr\u00edos como calientes.<\/p>\n<p>Adem\u00e1s, su dise\u00f1o ergon\u00f3mico las hace r\u00e1pidas y f\u00e1ciles de manejar, mejorando la eficacia del servicio. Aprovecha una soluci\u00f3n de envasado responsable que ayuda a reducir los residuos pl\u00e1sticos y la huella de carbono.<\/p>\n<p>&nbsp;<\/p>\n<p><!--more--><\/p>\n<p>Ofrezca a sus clientes una experiencia gastron\u00f3mica respetuosa con el medio ambiente con nuestra <strong>bandeja de comida biodegradable<\/strong>.<\/p>\n<p>&nbsp;<\/p>\n<p><!--more--><\/p>\n<p><strong>Ventajas:<\/strong><\/p>\n<ul>\n<li><strong>Sostenibilidad ecol\u00f3gica<\/strong>: Fabricados con materiales biodegradables, reducen el impacto medioambiental de los pl\u00e1sticos tradicionales.<\/li>\n<li><strong>Compatibilidad \u00f3ptima<\/strong>: especialmente dise\u00f1ada para adaptarse perfectamente a las tapas COPL5CBIOAL.<\/li>\n<li><strong>Versatilidad de uso:<\/strong> Adaptadas a las diversas necesidades de catering, eventos o comidas para llevar, son adecuadas para una gran variedad de contextos profesionales.<\/li>\n<\/ul>\n<p>&nbsp;<\/p>\n<p><!--more--><\/p>\n<h4>Informaci\u00f3n adicional :<\/h4>\n<ul>\n<li>Temperatura m\u00ednima \/ m\u00e1xima -25\u00b0C a + 100\u00b0C<\/li>\n<\/ul>\n<p>&nbsp;<\/p>\n<p><!--more--><\/p>\n<p>Compatible con tapas <span style=\"color: #d12727;\"><br \/>\n  <a style=\"color: #d12727;\" href=\"https:\/\/www.csj-emballages.com\/produit\/50-couvercles-biodegradables-pour-plateaux-repas-pl5cbioal\/\">COPL5CBIOAL<\/a><br \/>\n<\/span><\/p>\n<p>&nbsp;<\/p>\n<p><!--more--><\/p>\n<p><a href=\"https:\/\/www.csj-emballages.com\/es\/categorie-produit\/envasado-de-alimentos\/gama-ecologica\/bandejas-ecologicas-es-2\/\">Ver el resto de nuestra gama de bandejas de comida biodegradables<\/a><\/p>\n","protected":false},"excerpt":{"rendered":"<p>Bandeja de comida Descripci\u00f3n de nuestra bandeja biodegradable para comida para llevar con 5 compartimentos por 50<\/p>\n","protected":false},"featured_media":177072,"template":"","meta":{"_acf_changed":false},"product_brand":[],"product_cat":[1150,1143,1288,1293,2387,1179,1302,1305,2388,1163,6863],"product_tag":[],"class_list":{"0":"post-22504","1":"product","2":"type-product","3":"status-publish","4":"has-post-thumbnail","6":"product_cat-envasado-de-alimentos","7":"product_cat-carniceria-y-charcuteria","8":"product_cat-bandejas","9":"product_cat-bandejas-de-comida","10":"product_cat-bandejas-de-comida-biodegradables","11":"product_cat-catering-es","12":"product_cat-bandejas-es","13":"product_cat-bandejas-de-comida-desechables","14":"product_cat-bandejas-de-comida-biodegradables-es","15":"product_cat-gama-ecologica","16":"product_cat-bandejas-ecologicas-es-2","18":"first","19":"instock","20":"taxable","21":"shipping-taxable","22":"purchasable","23":"product-type-simple"},"acf":[],"yoast_head":"<!-- This site is optimized with the Yoast SEO Premium plugin v26.6 (Yoast SEO v26.6) - https:\/\/yoast.com\/wordpress\/plugins\/seo\/ -->\n<title>Bandeja de comida biodegradable - 5 compartimentos<\/title>\n<meta name=\"description\" content=\"Descubra nuestra bandeja biodegradable de 5 compartimentos para comida para llevar. Te ofrecemos un paquete de 50 bandejas biodegradables y compostables.\" \/>\n<meta name=\"robots\" content=\"index, follow, max-snippet:-1, max-image-preview:large, max-video-preview:-1\" \/>\n<link rel=\"canonical\" href=\"https:\/\/www.csj-emballages.com\/es\/produit\/50-bandejas-biodegradables-y-compostables-de-5-compartimentos-para-llevar\/\" \/>\n<meta property=\"og:locale\" content=\"es_ES\" \/>\n<meta property=\"og:type\" content=\"article\" \/>\n<meta property=\"og:title\" content=\"Bandeja biodegradable para comida para llevar 5 compartimentos por 50\" \/>\n<meta property=\"og:description\" content=\"Descubra nuestra bandeja biodegradable de 5 compartimentos para comida para llevar. Te ofrecemos un paquete de 50 bandejas biodegradables y compostables.\" \/>\n<meta property=\"og:url\" content=\"https:\/\/www.csj-emballages.com\/es\/produit\/50-bandejas-biodegradables-y-compostables-de-5-compartimentos-para-llevar\/\" \/>\n<meta property=\"og:site_name\" content=\"CSJ Emballages\" \/>\n<meta property=\"article:publisher\" content=\"https:\/\/www.facebook.com\/csjemballages\" \/>\n<meta property=\"article:modified_time\" content=\"2026-04-17T00:15:04+00:00\" \/>\n<meta property=\"og:image\" content=\"https:\/\/www.csj-emballages.com\/wp-content\/uploads\/2024\/03\/carton-de-200-plateaux-repas-5-compartiments-fibre-vegetale-biodegradables-Photoroom-png.webp\" \/>\n\t<meta property=\"og:image:width\" content=\"800\" \/>\n\t<meta property=\"og:image:height\" content=\"800\" \/>\n\t<meta property=\"og:image:type\" content=\"image\/png\" \/>\n<meta name=\"twitter:card\" content=\"summary_large_image\" \/>\n<meta name=\"twitter:label1\" content=\"Tiempo de lectura\" \/>\n\t<meta name=\"twitter:data1\" content=\"1 minuto\" \/>\n<script type=\"application\/ld+json\" class=\"yoast-schema-graph\">{\"@context\":\"https:\/\/schema.org\",\"@graph\":[{\"@type\":\"WebPage\",\"@id\":\"https:\/\/www.csj-emballages.com\/es\/produit\/50-bandejas-biodegradables-y-compostables-de-5-compartimentos-para-llevar\/\",\"url\":\"https:\/\/www.csj-emballages.com\/es\/produit\/50-bandejas-biodegradables-y-compostables-de-5-compartimentos-para-llevar\/\",\"name\":\"Bandeja de comida biodegradable - 5 compartimentos\",\"isPartOf\":{\"@id\":\"https:\/\/www.csj-emballages.com\/es\/#website\"},\"primaryImageOfPage\":{\"@id\":\"https:\/\/www.csj-emballages.com\/es\/produit\/50-bandejas-biodegradables-y-compostables-de-5-compartimentos-para-llevar\/#primaryimage\"},\"image\":{\"@id\":\"https:\/\/www.csj-emballages.com\/es\/produit\/50-bandejas-biodegradables-y-compostables-de-5-compartimentos-para-llevar\/#primaryimage\"},\"thumbnailUrl\":\"https:\/\/www.csj-emballages.com\/wp-content\/uploads\/2024\/03\/carton-de-200-plateaux-repas-5-compartiments-fibre-vegetale-biodegradables-Photoroom-png.webp\",\"datePublished\":\"2024-03-01T15:50:36+00:00\",\"dateModified\":\"2026-04-17T00:15:04+00:00\",\"description\":\"Descubra nuestra bandeja biodegradable de 5 compartimentos para comida para llevar. Te ofrecemos un paquete de 50 bandejas biodegradables y compostables.\",\"breadcrumb\":{\"@id\":\"https:\/\/www.csj-emballages.com\/es\/produit\/50-bandejas-biodegradables-y-compostables-de-5-compartimentos-para-llevar\/#breadcrumb\"},\"inLanguage\":\"es\",\"potentialAction\":[{\"@type\":\"ReadAction\",\"target\":[\"https:\/\/www.csj-emballages.com\/es\/produit\/50-bandejas-biodegradables-y-compostables-de-5-compartimentos-para-llevar\/\"]}]},{\"@type\":\"ImageObject\",\"inLanguage\":\"es\",\"@id\":\"https:\/\/www.csj-emballages.com\/es\/produit\/50-bandejas-biodegradables-y-compostables-de-5-compartimentos-para-llevar\/#primaryimage\",\"url\":\"https:\/\/www.csj-emballages.com\/wp-content\/uploads\/2024\/03\/carton-de-200-plateaux-repas-5-compartiments-fibre-vegetale-biodegradables-Photoroom-png.webp\",\"contentUrl\":\"https:\/\/www.csj-emballages.com\/wp-content\/uploads\/2024\/03\/carton-de-200-plateaux-repas-5-compartiments-fibre-vegetale-biodegradables-Photoroom-png.webp\",\"width\":800,\"height\":800,\"caption\":\"plateau repas\"},{\"@type\":\"BreadcrumbList\",\"@id\":\"https:\/\/www.csj-emballages.com\/es\/produit\/50-bandejas-biodegradables-y-compostables-de-5-compartimentos-para-llevar\/#breadcrumb\",\"itemListElement\":[{\"@type\":\"ListItem\",\"position\":1,\"name\":\"Accueil\",\"item\":\"https:\/\/www.csj-emballages.com\/es\/universo-del-envasado-alimentario\/\"},{\"@type\":\"ListItem\",\"position\":2,\"name\":\"Tienda\",\"item\":\"https:\/\/www.csj-emballages.com\/tienda\/\"},{\"@type\":\"ListItem\",\"position\":3,\"name\":\"Bandeja biodegradable para comida para llevar 5 compartimentos por 50\"}]},{\"@type\":\"WebSite\",\"@id\":\"https:\/\/www.csj-emballages.com\/es\/#website\",\"url\":\"https:\/\/www.csj-emballages.com\/es\/\",\"name\":\"CSJ Emballages\",\"description\":\"\",\"publisher\":{\"@id\":\"https:\/\/www.csj-emballages.com\/es\/#organization\"},\"potentialAction\":[{\"@type\":\"SearchAction\",\"target\":{\"@type\":\"EntryPoint\",\"urlTemplate\":\"https:\/\/www.csj-emballages.com\/es\/?s={search_term_string}\"},\"query-input\":{\"@type\":\"PropertyValueSpecification\",\"valueRequired\":true,\"valueName\":\"search_term_string\"}}],\"inLanguage\":\"es\"},{\"@type\":\"Organization\",\"@id\":\"https:\/\/www.csj-emballages.com\/es\/#Organization\/\",\"name\":\"CSJ Emballages\",\"url\":\"https:\/\/www.csj-emballages.com\/es\/\",\"logo\":{\"@type\":\"ImageObject\",\"inLanguage\":\"es\",\"@id\":\"https:\/\/www.csj-emballages.com\/es\/#\/schema\/logo\/image\/\",\"url\":\"https:\/\/www.csj-emballages.com\/wp-content\/uploads\/2023\/10\/logo_csj.webp\",\"contentUrl\":\"https:\/\/www.csj-emballages.com\/wp-content\/uploads\/2023\/10\/logo_csj.webp\",\"width\":250,\"height\":95,\"caption\":\"CSJ Emballages\"},\"image\":{\"@id\":\"https:\/\/www.csj-emballages.com\/es\/#\/schema\/logo\/image\/\"},\"sameAs\":[\"https:\/\/www.facebook.com\/csjemballages\"],\"address\":{\"@type\":\"PostalAddress\",\"streetAddress\":\"ZI La Lechere\",\"addressLocality\":\"Patornay\",\"postalCode\":\"39130\",\"addressCountry\":\"FR\"},\"contactPoint\":[{\"@type\":\"ContactPoint\",\"contactType\":\"Service client\",\"telephone\":\"0384254272\",\"email\":\"contact@csj-emballages.com\"}]}]}<\/script>\n<!-- \/ Yoast SEO Premium plugin. -->","yoast_head_json":{"title":"Bandeja de comida biodegradable - 5 compartimentos","description":"Descubra nuestra bandeja biodegradable de 5 compartimentos para comida para llevar. Te ofrecemos un paquete de 50 bandejas biodegradables y compostables.","robots":{"index":"index","follow":"follow","max-snippet":"max-snippet:-1","max-image-preview":"max-image-preview:large","max-video-preview":"max-video-preview:-1"},"canonical":"https:\/\/www.csj-emballages.com\/es\/produit\/50-bandejas-biodegradables-y-compostables-de-5-compartimentos-para-llevar\/","og_locale":"es_ES","og_type":"article","og_title":"Bandeja biodegradable para comida para llevar 5 compartimentos por 50","og_description":"Descubra nuestra bandeja biodegradable de 5 compartimentos para comida para llevar. Te ofrecemos un paquete de 50 bandejas biodegradables y compostables.","og_url":"https:\/\/www.csj-emballages.com\/es\/produit\/50-bandejas-biodegradables-y-compostables-de-5-compartimentos-para-llevar\/","og_site_name":"CSJ Emballages","article_publisher":"https:\/\/www.facebook.com\/csjemballages","article_modified_time":"2026-04-17T00:15:04+00:00","og_image":[{"width":800,"height":800,"url":"https:\/\/www.csj-emballages.com\/wp-content\/uploads\/2024\/03\/carton-de-200-plateaux-repas-5-compartiments-fibre-vegetale-biodegradables-Photoroom-png.webp","type":"image\/png"}],"twitter_card":"summary_large_image","twitter_misc":{"Tiempo de lectura":"1 minuto"},"schema":{"@context":"https:\/\/schema.org","@graph":[{"@type":"WebPage","@id":"https:\/\/www.csj-emballages.com\/es\/produit\/50-bandejas-biodegradables-y-compostables-de-5-compartimentos-para-llevar\/","url":"https:\/\/www.csj-emballages.com\/es\/produit\/50-bandejas-biodegradables-y-compostables-de-5-compartimentos-para-llevar\/","name":"Bandeja de comida biodegradable - 5 compartimentos","isPartOf":{"@id":"https:\/\/www.csj-emballages.com\/es\/#website"},"primaryImageOfPage":{"@id":"https:\/\/www.csj-emballages.com\/es\/produit\/50-bandejas-biodegradables-y-compostables-de-5-compartimentos-para-llevar\/#primaryimage"},"image":{"@id":"https:\/\/www.csj-emballages.com\/es\/produit\/50-bandejas-biodegradables-y-compostables-de-5-compartimentos-para-llevar\/#primaryimage"},"thumbnailUrl":"https:\/\/www.csj-emballages.com\/wp-content\/uploads\/2024\/03\/carton-de-200-plateaux-repas-5-compartiments-fibre-vegetale-biodegradables-Photoroom-png.webp","datePublished":"2024-03-01T15:50:36+00:00","dateModified":"2026-04-17T00:15:04+00:00","description":"Descubra nuestra bandeja biodegradable de 5 compartimentos para comida para llevar. Te ofrecemos un paquete de 50 bandejas biodegradables y compostables.","breadcrumb":{"@id":"https:\/\/www.csj-emballages.com\/es\/produit\/50-bandejas-biodegradables-y-compostables-de-5-compartimentos-para-llevar\/#breadcrumb"},"inLanguage":"es","potentialAction":[{"@type":"ReadAction","target":["https:\/\/www.csj-emballages.com\/es\/produit\/50-bandejas-biodegradables-y-compostables-de-5-compartimentos-para-llevar\/"]}]},{"@type":"ImageObject","inLanguage":"es","@id":"https:\/\/www.csj-emballages.com\/es\/produit\/50-bandejas-biodegradables-y-compostables-de-5-compartimentos-para-llevar\/#primaryimage","url":"https:\/\/www.csj-emballages.com\/wp-content\/uploads\/2024\/03\/carton-de-200-plateaux-repas-5-compartiments-fibre-vegetale-biodegradables-Photoroom-png.webp","contentUrl":"https:\/\/www.csj-emballages.com\/wp-content\/uploads\/2024\/03\/carton-de-200-plateaux-repas-5-compartiments-fibre-vegetale-biodegradables-Photoroom-png.webp","width":800,"height":800,"caption":"plateau repas"},{"@type":"BreadcrumbList","@id":"https:\/\/www.csj-emballages.com\/es\/produit\/50-bandejas-biodegradables-y-compostables-de-5-compartimentos-para-llevar\/#breadcrumb","itemListElement":[{"@type":"ListItem","position":1,"name":"Accueil","item":"https:\/\/www.csj-emballages.com\/es\/universo-del-envasado-alimentario\/"},{"@type":"ListItem","position":2,"name":"Tienda","item":"https:\/\/www.csj-emballages.com\/tienda\/"},{"@type":"ListItem","position":3,"name":"Bandeja biodegradable para comida para llevar 5 compartimentos por 50"}]},{"@type":"WebSite","@id":"https:\/\/www.csj-emballages.com\/es\/#website","url":"https:\/\/www.csj-emballages.com\/es\/","name":"CSJ Emballages","description":"","publisher":{"@id":"https:\/\/www.csj-emballages.com\/es\/#organization"},"potentialAction":[{"@type":"SearchAction","target":{"@type":"EntryPoint","urlTemplate":"https:\/\/www.csj-emballages.com\/es\/?s={search_term_string}"},"query-input":{"@type":"PropertyValueSpecification","valueRequired":true,"valueName":"search_term_string"}}],"inLanguage":"es"},{"@type":"Organization","@id":"https:\/\/www.csj-emballages.com\/es\/#Organization\/","name":"CSJ Emballages","url":"https:\/\/www.csj-emballages.com\/es\/","logo":{"@type":"ImageObject","inLanguage":"es","@id":"https:\/\/www.csj-emballages.com\/es\/#\/schema\/logo\/image\/","url":"https:\/\/www.csj-emballages.com\/wp-content\/uploads\/2023\/10\/logo_csj.webp","contentUrl":"https:\/\/www.csj-emballages.com\/wp-content\/uploads\/2023\/10\/logo_csj.webp","width":250,"height":95,"caption":"CSJ Emballages"},"image":{"@id":"https:\/\/www.csj-emballages.com\/es\/#\/schema\/logo\/image\/"},"sameAs":["https:\/\/www.facebook.com\/csjemballages"],"address":{"@type":"PostalAddress","streetAddress":"ZI La Lechere","addressLocality":"Patornay","postalCode":"39130","addressCountry":"FR"},"contactPoint":[{"@type":"ContactPoint","contactType":"Service client","telephone":"0384254272","email":"contact@csj-emballages.com"}]}]}},"df_price":18.94,"df_sale_price":"","df_regular_price":18.94,"df_image_link":"https:\/\/www.csj-emballages.com\/wp-content\/uploads\/2024\/03\/carton-de-200-plateaux-repas-5-compartiments-fibre-vegetale-biodegradables-Photoroom-300x300.webp","tiered_pricing_type":"fixed","tiered_pricing_fixed_rules":[],"tiered_pricing_percentage_rules":[],"tiered_pricing_minimum":1,"tiered_pricing_roles_data":[],"_links":{"self":[{"href":"https:\/\/www.csj-emballages.com\/es\/wp-json\/wp\/v2\/product\/22504","targetHints":{"allow":["GET"]}}],"collection":[{"href":"https:\/\/www.csj-emballages.com\/es\/wp-json\/wp\/v2\/product"}],"about":[{"href":"https:\/\/www.csj-emballages.com\/es\/wp-json\/wp\/v2\/types\/product"}],"wp:featuredmedia":[{"embeddable":true,"href":"https:\/\/www.csj-emballages.com\/es\/wp-json\/wp\/v2\/media\/177072"}],"wp:attachment":[{"href":"https:\/\/www.csj-emballages.com\/es\/wp-json\/wp\/v2\/media?parent=22504"}],"wp:term":[{"taxonomy":"product_brand","embeddable":true,"href":"https:\/\/www.csj-emballages.com\/es\/wp-json\/wp\/v2\/product_brand?post=22504"},{"taxonomy":"product_cat","embeddable":true,"href":"https:\/\/www.csj-emballages.com\/es\/wp-json\/wp\/v2\/product_cat?post=22504"},{"taxonomy":"product_tag","embeddable":true,"href":"https:\/\/www.csj-emballages.com\/es\/wp-json\/wp\/v2\/product_tag?post=22504"}],"curies":[{"name":"wp","href":"https:\/\/api.w.org\/{rel}","templated":true}]}}