{"id":224879,"date":"2024-12-19T02:19:01","date_gmt":"2024-12-19T01:19:01","guid":{"rendered":"https:\/\/www.csj-emballages.com\/produit\/colorante-alimentario-verde-liquido-50-ml\/"},"modified":"2026-04-11T02:10:45","modified_gmt":"2026-04-11T00:10:45","slug":"colorante-alimentario-verde-liquido-50-ml","status":"publish","type":"product","link":"https:\/\/www.csj-emballages.com\/es\/produit\/colorante-alimentario-verde-liquido-50-ml\/","title":{"rendered":"Colorante alimentario verde l\u00edquido 50 ml"},"content":{"rendered":"<h2>Colorantes alimentarios<\/h2>\n<hr>\n<h3>Descripci\u00f3n de nuestro colorante alimentario l\u00edquido verde 50 ml<\/h3>\n<p><!--more--><\/p>\n<p><strong>El colorante alimentario verde l\u00edquido<\/strong> es un ingrediente esencial para dar un toque de color a sus recetas. Tanto si es un cocinero aficionado como un profesional, este producto es perfecto para sus necesidades. Gracias a su tono vivo y natural, transforma sus creaciones culinarias en verdaderas obras de arte. Presentado en un frasco de <strong>50 ml<\/strong>, este colorante es f\u00e1cil de usar y garantiza resultados uniformes.   <\/p>\n<p>La f\u00f3rmula l\u00edquida de este <strong>colorante alimentario<\/strong> permite una dosificaci\u00f3n precisa y una aplicaci\u00f3n uniforme. Bastan unas gotas para colorear sus glaseados, cremas, pastas o bebidas. Su textura fluida facilita su incorporaci\u00f3n, sin dejar grumos ni alterar la consistencia de sus preparaciones.  <\/p>\n<p>Adem\u00e1s, este <strong>colorante alimentario verde<\/strong> funciona igual de bien en platos dulces y salados. Puede utilizarlo para elaborar postres originales o para realzar salsas y velout\u00e9s. Su pr\u00e1ctico formato es ideal para un uso diario u ocasional, seg\u00fan sus necesidades.  <\/p>\n<p>&nbsp;<\/p>\n<p><!--more--><\/p>\n<h4>Instrucciones de uso<\/h4>\n<p>Para obtener los mejores resultados, utilice este <strong>colorante alimentario<\/strong> l\u00edquido en preparaciones de color claro. Por ejemplo, es perfecto para colorear pasta de az\u00facar blanca o glaseado a base de nata. A\u00f1\u00e1dalo gota a gota hasta alcanzar la intensidad de <strong>verde<\/strong> deseada. Mezcle bien para conseguir una distribuci\u00f3n uniforme.   <\/p>\n<p>Tambi\u00e9n es aconsejable probar primero una peque\u00f1a cantidad para ajustar la dosis. Este producto es concentrado, lo que significa que un frasco peque\u00f1o puede durar mucho tiempo. Por \u00faltimo, aseg\u00farese de cerrar bien el frasco despu\u00e9s de cada uso para preservar la calidad del producto.  <\/p>\n<p>&nbsp;<\/p>\n<p><!--more--><\/p>\n<h4>Ventajas :<\/h4>\n<ul>\n<li><strong>Resultados uniformes<\/strong>: su textura l\u00edquida garantiza una distribuci\u00f3n uniforme y sin esfuerzo.<\/li>\n<li><strong>Notable estabilidad<\/strong>: su color se mantiene brillante, incluso despu\u00e9s de la cocci\u00f3n o la congelaci\u00f3n.<\/li>\n<li><strong>Seguro y fiable<\/strong>: dise\u00f1ado seg\u00fan normas estrictas, es apto para uso alimentario.<\/li>\n<li><strong>Uso vers\u00e1til<\/strong>: ideal para recetas dulces y saladas, bebidas y postres.<\/li>\n<\/ul>\n<p>&nbsp;<\/p>\n<p><!--more--><\/p>\n<h4>Informaci\u00f3n adicional :<\/h4>\n<ul>\n<li><b>Altura: <\/b>115 mm<\/li>\n<li><strong>Embalaje<\/strong>: Por unidad<\/li>\n<li><strong>Volumen<\/strong>: 50 ml<\/li>\n<li><b>Color: <\/b>verde<\/li>\n<li><strong>Posolog\u00eda<\/strong>: 5g\/kg<\/li>\n<\/ul>\n<p>&nbsp;<\/p>\n<p><!--more--><\/p>\n<p>Producto disponible en varios colores: <span style=\"color: #d12727;\"><a style=\"color: #d12727;\" href=\"https:\/\/www.csj-emballages.com\/es\/produit\/colorante-alimentario-liquido-amarillo-50-ml\/\">Amarillo<\/a><\/span> \/ <span style=\"color: #d12727;\"><a style=\"color: #d12727;\" href=\"https:\/\/www.csj-emballages.com\/es\/produit\/colorante-alimentario-liquido-azul-50-ml\/\">Azul<\/a><\/span> \/ <span style=\"color: #d12727;\"><a style=\"color: #d12727;\" href=\"https:\/\/www.csj-emballages.com\/es\/produit\/colorante-alimentario-rojo-liquido-50-ml\/\">Rojo<\/a><\/span><\/p>\n<p>&nbsp;<\/p>\n<p><!--more--><\/p>\n<p><a href=\"https:\/\/www.csj-emballages.com\/es\/categorie-produit\/alimentacion-es\/pasteleria\/sabores\/\">Descubra el resto de nuestra gama de sabores<\/a><\/p>\n","protected":false},"excerpt":{"rendered":"<p>Colorantes alimentarios Descripci\u00f3n de nuestro colorante alimentario l\u00edquido verde 50 ml<\/p>\n","protected":false},"featured_media":219394,"template":"","meta":{"_acf_changed":false},"product_brand":[],"product_cat":[1162,9211,9212],"product_tag":[],"class_list":{"0":"post-224879","1":"product","2":"type-product","3":"status-publish","4":"has-post-thumbnail","6":"product_cat-alimentacion-es","7":"product_cat-pasteleria","8":"product_cat-colorantes-alimentarios","10":"first","11":"instock","12":"taxable","13":"shipping-taxable","14":"purchasable","15":"product-type-simple"},"acf":[],"yoast_head":"<!-- This site is optimized with the Yoast SEO Premium plugin v26.6 (Yoast SEO v26.6) - https:\/\/yoast.com\/wordpress\/plugins\/seo\/ -->\n<title>Colorante alimentario l\u00edquido verde - 50 ml<\/title>\n<meta name=\"description\" content=\"A\u00f1ada un toque de color a sus recetas con nuestro colorante alimentario verde l\u00edquido de 50 ml. Pr\u00e1ctico, vers\u00e1til y f\u00e1cil de usar.\" \/>\n<meta name=\"robots\" content=\"index, follow, max-snippet:-1, max-image-preview:large, max-video-preview:-1\" \/>\n<link rel=\"canonical\" href=\"https:\/\/www.csj-emballages.com\/es\/produit\/colorante-alimentario-verde-liquido-50-ml\/\" \/>\n<meta property=\"og:locale\" content=\"es_ES\" \/>\n<meta property=\"og:type\" content=\"article\" \/>\n<meta property=\"og:title\" content=\"Colorante alimentario verde l\u00edquido 50 ml\" \/>\n<meta property=\"og:description\" content=\"A\u00f1ada un toque de color a sus recetas con nuestro colorante alimentario verde l\u00edquido de 50 ml. Pr\u00e1ctico, vers\u00e1til y f\u00e1cil de usar.\" \/>\n<meta property=\"og:url\" content=\"https:\/\/www.csj-emballages.com\/es\/produit\/colorante-alimentario-verde-liquido-50-ml\/\" \/>\n<meta property=\"og:site_name\" content=\"CSJ Emballages\" \/>\n<meta property=\"article:publisher\" content=\"https:\/\/www.facebook.com\/csjemballages\" \/>\n<meta property=\"article:modified_time\" content=\"2026-04-11T00:10:45+00:00\" \/>\n<meta property=\"og:image\" content=\"https:\/\/www.csj-emballages.com\/wp-content\/uploads\/2024\/12\/Colorant-vert.webp\" \/>\n\t<meta property=\"og:image:width\" content=\"800\" \/>\n\t<meta property=\"og:image:height\" content=\"801\" \/>\n\t<meta property=\"og:image:type\" content=\"image\/webp\" \/>\n<meta name=\"twitter:card\" content=\"summary_large_image\" \/>\n<meta name=\"twitter:label1\" content=\"Tiempo de lectura\" \/>\n\t<meta name=\"twitter:data1\" content=\"2 minutos\" \/>\n<script type=\"application\/ld+json\" class=\"yoast-schema-graph\">{\"@context\":\"https:\/\/schema.org\",\"@graph\":[{\"@type\":\"WebPage\",\"@id\":\"https:\/\/www.csj-emballages.com\/es\/produit\/colorante-alimentario-verde-liquido-50-ml\/\",\"url\":\"https:\/\/www.csj-emballages.com\/es\/produit\/colorante-alimentario-verde-liquido-50-ml\/\",\"name\":\"Colorante alimentario l\u00edquido verde - 50 ml\",\"isPartOf\":{\"@id\":\"https:\/\/www.csj-emballages.com\/es\/#website\"},\"primaryImageOfPage\":{\"@id\":\"https:\/\/www.csj-emballages.com\/es\/produit\/colorante-alimentario-verde-liquido-50-ml\/#primaryimage\"},\"image\":{\"@id\":\"https:\/\/www.csj-emballages.com\/es\/produit\/colorante-alimentario-verde-liquido-50-ml\/#primaryimage\"},\"thumbnailUrl\":\"https:\/\/www.csj-emballages.com\/wp-content\/uploads\/2024\/12\/Colorant-vert.webp\",\"datePublished\":\"2024-12-19T01:19:01+00:00\",\"dateModified\":\"2026-04-11T00:10:45+00:00\",\"description\":\"A\u00f1ada un toque de color a sus recetas con nuestro colorante alimentario verde l\u00edquido de 50 ml. Pr\u00e1ctico, vers\u00e1til y f\u00e1cil de usar.\",\"breadcrumb\":{\"@id\":\"https:\/\/www.csj-emballages.com\/es\/produit\/colorante-alimentario-verde-liquido-50-ml\/#breadcrumb\"},\"inLanguage\":\"es\",\"potentialAction\":[{\"@type\":\"ReadAction\",\"target\":[\"https:\/\/www.csj-emballages.com\/es\/produit\/colorante-alimentario-verde-liquido-50-ml\/\"]}]},{\"@type\":\"ImageObject\",\"inLanguage\":\"es\",\"@id\":\"https:\/\/www.csj-emballages.com\/es\/produit\/colorante-alimentario-verde-liquido-50-ml\/#primaryimage\",\"url\":\"https:\/\/www.csj-emballages.com\/wp-content\/uploads\/2024\/12\/Colorant-vert.webp\",\"contentUrl\":\"https:\/\/www.csj-emballages.com\/wp-content\/uploads\/2024\/12\/Colorant-vert.webp\",\"width\":800,\"height\":801,\"caption\":\"Colorant vert\"},{\"@type\":\"BreadcrumbList\",\"@id\":\"https:\/\/www.csj-emballages.com\/es\/produit\/colorante-alimentario-verde-liquido-50-ml\/#breadcrumb\",\"itemListElement\":[{\"@type\":\"ListItem\",\"position\":1,\"name\":\"Accueil\",\"item\":\"https:\/\/www.csj-emballages.com\/es\/universo-del-envasado-alimentario\/\"},{\"@type\":\"ListItem\",\"position\":2,\"name\":\"Tienda\",\"item\":\"https:\/\/www.csj-emballages.com\/tienda\/\"},{\"@type\":\"ListItem\",\"position\":3,\"name\":\"Colorante alimentario verde l\u00edquido 50 ml\"}]},{\"@type\":\"WebSite\",\"@id\":\"https:\/\/www.csj-emballages.com\/es\/#website\",\"url\":\"https:\/\/www.csj-emballages.com\/es\/\",\"name\":\"CSJ Emballages\",\"description\":\"\",\"publisher\":{\"@id\":\"https:\/\/www.csj-emballages.com\/es\/#organization\"},\"potentialAction\":[{\"@type\":\"SearchAction\",\"target\":{\"@type\":\"EntryPoint\",\"urlTemplate\":\"https:\/\/www.csj-emballages.com\/es\/?s={search_term_string}\"},\"query-input\":{\"@type\":\"PropertyValueSpecification\",\"valueRequired\":true,\"valueName\":\"search_term_string\"}}],\"inLanguage\":\"es\"},{\"@type\":\"Organization\",\"@id\":\"https:\/\/www.csj-emballages.com\/es\/#Organization\/\",\"name\":\"CSJ Emballages\",\"url\":\"https:\/\/www.csj-emballages.com\/es\/\",\"logo\":{\"@type\":\"ImageObject\",\"inLanguage\":\"es\",\"@id\":\"https:\/\/www.csj-emballages.com\/es\/#\/schema\/logo\/image\/\",\"url\":\"https:\/\/www.csj-emballages.com\/wp-content\/uploads\/2023\/10\/logo_csj.webp\",\"contentUrl\":\"https:\/\/www.csj-emballages.com\/wp-content\/uploads\/2023\/10\/logo_csj.webp\",\"width\":250,\"height\":95,\"caption\":\"CSJ Emballages\"},\"image\":{\"@id\":\"https:\/\/www.csj-emballages.com\/es\/#\/schema\/logo\/image\/\"},\"sameAs\":[\"https:\/\/www.facebook.com\/csjemballages\"],\"address\":{\"@type\":\"PostalAddress\",\"streetAddress\":\"ZI La Lechere\",\"addressLocality\":\"Patornay\",\"postalCode\":\"39130\",\"addressCountry\":\"FR\"},\"contactPoint\":[{\"@type\":\"ContactPoint\",\"contactType\":\"Service client\",\"telephone\":\"0384254272\",\"email\":\"contact@csj-emballages.com\"}]}]}<\/script>\n<!-- \/ Yoast SEO Premium plugin. -->","yoast_head_json":{"title":"Colorante alimentario l\u00edquido verde - 50 ml","description":"A\u00f1ada un toque de color a sus recetas con nuestro colorante alimentario verde l\u00edquido de 50 ml. Pr\u00e1ctico, vers\u00e1til y f\u00e1cil de usar.","robots":{"index":"index","follow":"follow","max-snippet":"max-snippet:-1","max-image-preview":"max-image-preview:large","max-video-preview":"max-video-preview:-1"},"canonical":"https:\/\/www.csj-emballages.com\/es\/produit\/colorante-alimentario-verde-liquido-50-ml\/","og_locale":"es_ES","og_type":"article","og_title":"Colorante alimentario verde l\u00edquido 50 ml","og_description":"A\u00f1ada un toque de color a sus recetas con nuestro colorante alimentario verde l\u00edquido de 50 ml. Pr\u00e1ctico, vers\u00e1til y f\u00e1cil de usar.","og_url":"https:\/\/www.csj-emballages.com\/es\/produit\/colorante-alimentario-verde-liquido-50-ml\/","og_site_name":"CSJ Emballages","article_publisher":"https:\/\/www.facebook.com\/csjemballages","article_modified_time":"2026-04-11T00:10:45+00:00","og_image":[{"width":800,"height":801,"url":"https:\/\/www.csj-emballages.com\/wp-content\/uploads\/2024\/12\/Colorant-vert.webp","type":"image\/webp"}],"twitter_card":"summary_large_image","twitter_misc":{"Tiempo de lectura":"2 minutos"},"schema":{"@context":"https:\/\/schema.org","@graph":[{"@type":"WebPage","@id":"https:\/\/www.csj-emballages.com\/es\/produit\/colorante-alimentario-verde-liquido-50-ml\/","url":"https:\/\/www.csj-emballages.com\/es\/produit\/colorante-alimentario-verde-liquido-50-ml\/","name":"Colorante alimentario l\u00edquido verde - 50 ml","isPartOf":{"@id":"https:\/\/www.csj-emballages.com\/es\/#website"},"primaryImageOfPage":{"@id":"https:\/\/www.csj-emballages.com\/es\/produit\/colorante-alimentario-verde-liquido-50-ml\/#primaryimage"},"image":{"@id":"https:\/\/www.csj-emballages.com\/es\/produit\/colorante-alimentario-verde-liquido-50-ml\/#primaryimage"},"thumbnailUrl":"https:\/\/www.csj-emballages.com\/wp-content\/uploads\/2024\/12\/Colorant-vert.webp","datePublished":"2024-12-19T01:19:01+00:00","dateModified":"2026-04-11T00:10:45+00:00","description":"A\u00f1ada un toque de color a sus recetas con nuestro colorante alimentario verde l\u00edquido de 50 ml. Pr\u00e1ctico, vers\u00e1til y f\u00e1cil de usar.","breadcrumb":{"@id":"https:\/\/www.csj-emballages.com\/es\/produit\/colorante-alimentario-verde-liquido-50-ml\/#breadcrumb"},"inLanguage":"es","potentialAction":[{"@type":"ReadAction","target":["https:\/\/www.csj-emballages.com\/es\/produit\/colorante-alimentario-verde-liquido-50-ml\/"]}]},{"@type":"ImageObject","inLanguage":"es","@id":"https:\/\/www.csj-emballages.com\/es\/produit\/colorante-alimentario-verde-liquido-50-ml\/#primaryimage","url":"https:\/\/www.csj-emballages.com\/wp-content\/uploads\/2024\/12\/Colorant-vert.webp","contentUrl":"https:\/\/www.csj-emballages.com\/wp-content\/uploads\/2024\/12\/Colorant-vert.webp","width":800,"height":801,"caption":"Colorant vert"},{"@type":"BreadcrumbList","@id":"https:\/\/www.csj-emballages.com\/es\/produit\/colorante-alimentario-verde-liquido-50-ml\/#breadcrumb","itemListElement":[{"@type":"ListItem","position":1,"name":"Accueil","item":"https:\/\/www.csj-emballages.com\/es\/universo-del-envasado-alimentario\/"},{"@type":"ListItem","position":2,"name":"Tienda","item":"https:\/\/www.csj-emballages.com\/tienda\/"},{"@type":"ListItem","position":3,"name":"Colorante alimentario verde l\u00edquido 50 ml"}]},{"@type":"WebSite","@id":"https:\/\/www.csj-emballages.com\/es\/#website","url":"https:\/\/www.csj-emballages.com\/es\/","name":"CSJ Emballages","description":"","publisher":{"@id":"https:\/\/www.csj-emballages.com\/es\/#organization"},"potentialAction":[{"@type":"SearchAction","target":{"@type":"EntryPoint","urlTemplate":"https:\/\/www.csj-emballages.com\/es\/?s={search_term_string}"},"query-input":{"@type":"PropertyValueSpecification","valueRequired":true,"valueName":"search_term_string"}}],"inLanguage":"es"},{"@type":"Organization","@id":"https:\/\/www.csj-emballages.com\/es\/#Organization\/","name":"CSJ Emballages","url":"https:\/\/www.csj-emballages.com\/es\/","logo":{"@type":"ImageObject","inLanguage":"es","@id":"https:\/\/www.csj-emballages.com\/es\/#\/schema\/logo\/image\/","url":"https:\/\/www.csj-emballages.com\/wp-content\/uploads\/2023\/10\/logo_csj.webp","contentUrl":"https:\/\/www.csj-emballages.com\/wp-content\/uploads\/2023\/10\/logo_csj.webp","width":250,"height":95,"caption":"CSJ Emballages"},"image":{"@id":"https:\/\/www.csj-emballages.com\/es\/#\/schema\/logo\/image\/"},"sameAs":["https:\/\/www.facebook.com\/csjemballages"],"address":{"@type":"PostalAddress","streetAddress":"ZI La Lechere","addressLocality":"Patornay","postalCode":"39130","addressCountry":"FR"},"contactPoint":[{"@type":"ContactPoint","contactType":"Service client","telephone":"0384254272","email":"contact@csj-emballages.com"}]}]}},"df_price":2.16,"df_sale_price":"","df_regular_price":2.16,"df_image_link":"https:\/\/www.csj-emballages.com\/wp-content\/uploads\/2024\/12\/Colorant-vert-300x300.webp","tiered_pricing_type":"fixed","tiered_pricing_fixed_rules":[],"tiered_pricing_percentage_rules":[],"tiered_pricing_minimum":1,"tiered_pricing_roles_data":[],"_links":{"self":[{"href":"https:\/\/www.csj-emballages.com\/es\/wp-json\/wp\/v2\/product\/224879","targetHints":{"allow":["GET"]}}],"collection":[{"href":"https:\/\/www.csj-emballages.com\/es\/wp-json\/wp\/v2\/product"}],"about":[{"href":"https:\/\/www.csj-emballages.com\/es\/wp-json\/wp\/v2\/types\/product"}],"wp:featuredmedia":[{"embeddable":true,"href":"https:\/\/www.csj-emballages.com\/es\/wp-json\/wp\/v2\/media\/219394"}],"wp:attachment":[{"href":"https:\/\/www.csj-emballages.com\/es\/wp-json\/wp\/v2\/media?parent=224879"}],"wp:term":[{"taxonomy":"product_brand","embeddable":true,"href":"https:\/\/www.csj-emballages.com\/es\/wp-json\/wp\/v2\/product_brand?post=224879"},{"taxonomy":"product_cat","embeddable":true,"href":"https:\/\/www.csj-emballages.com\/es\/wp-json\/wp\/v2\/product_cat?post=224879"},{"taxonomy":"product_tag","embeddable":true,"href":"https:\/\/www.csj-emballages.com\/es\/wp-json\/wp\/v2\/product_tag?post=224879"}],"curies":[{"name":"wp","href":"https:\/\/api.w.org\/{rel}","templated":true}]}}