{"id":224842,"date":"2025-02-12T10:42:58","date_gmt":"2025-02-12T09:42:58","guid":{"rendered":"https:\/\/www.csj-emballages.com\/?post_type=product&#038;p=224842"},"modified":"2026-01-30T02:12:07","modified_gmt":"2026-01-30T01:12:07","slug":"vaso-de-postre-de-plastico-ps-155-ml-a-25","status":"publish","type":"product","link":"https:\/\/www.csj-emballages.com\/es\/produit\/vaso-de-postre-de-plastico-ps-155-ml-a-25\/","title":{"rendered":"Vaso de postre de pl\u00e1stico PS 155 ml \u00e0 25"},"content":{"rendered":"<h2>Taza de postre<\/h2>\n<hr>\n<h3>Descripci\u00f3n de nuestro vaso de postre de pl\u00e1stico PS 155 ml, paquete de 25<\/h3>\n<p><!--more--><\/p>\n<p data-start=\"214\" data-end=\"599\">\u00bfQuiere lucir sus postres con elegancia y sencillez? <strong data-start=\"286\" data-end=\"325\">Entonces, \u00a1el vaso de postre de pl\u00e1stico PS 155 ml<\/strong> es para usted! Pr\u00e1ctico y transparente, muestra sus creaciones gourmet sin exagerar. Ya sea <strong data-start=\"453\" data-end=\"475\">mousse de chocolate<\/strong>, <strong data-start=\"481\" data-end=\"497\">crema ligera<\/strong>, <strong data-start=\"502\" data-end=\"521\">tiramis\u00fa casero<\/strong> o una <strong data-start=\"529\" data-end=\"557\">colorida macedonia de frutas<\/strong>, todo tendr\u00e1 un aspecto a\u00fan m\u00e1s apetitoso.   <\/p>\n<p data-start=\"601\" data-end=\"1014\">Fabricado en <strong data-start=\"611\" data-end=\"641\">pl\u00e1stico poliestireno (PS)<\/strong>, este bol combina <strong data-start=\"661\" data-end=\"673\">resistencia<\/strong> y <strong data-start=\"677\" data-end=\"689\">ligereza<\/strong>. Su <strong data-start=\"694\" data-end=\"718\">transparencia cristalina<\/strong> deja ver perfectamente las capas y los colores de sus platos, lo que siempre causa una gran impresi\u00f3n a la hora de servir o en un buf\u00e9. Adem\u00e1s, su <strong data-start=\"883\" data-end=\"910\">dise\u00f1o sobrio y moderno<\/strong> es perfecto para cualquier ocasi\u00f3n: cumplea\u00f1os, recepciones, bodas o incluso comida para llevar.  <\/p>\n<p data-start=\"1016\" data-end=\"1364\">Este formato, que se vende <strong data-start=\"1022\" data-end=\"1039\">en envases de 25 unidades<\/strong>, es perfecto para <strong data-start=\"1072\" data-end=\"1109\">profesionales de la restauraci\u00f3n<\/strong>, <strong data-start=\"1115\" data-end=\"1128\">servicios de catering<\/strong> y <strong data-start=\"1143\" data-end=\"1157\">chefs pasteleros<\/strong> que buscan un envase <strong data-start=\"1197\" data-end=\"1211\">econ\u00f3mico<\/strong> y <strong data-start=\"1215\" data-end=\"1226\">elegante a la<\/strong> vez. Gracias a su capacidad <strong data-start=\"1253\" data-end=\"1263\">de 155 ml<\/strong>, podr\u00e1 gestionar f\u00e1cilmente las porciones, evitar el desperdicio y mantener una bonita presentaci\u00f3n. <\/p>\n<p data-start=\"1366\" data-end=\"1544\">Lo que tambi\u00e9n nos gusta es lo f\u00e1cil que es de <strong data-start=\"1396\" data-end=\"1422\">usar<\/strong> y el <strong data-start=\"1435\" data-end=\"1452\">tiempo que ahorra<\/strong>: no hay que lavar los platos, s\u00f3lo servir, disfrutar y luego tirar o reciclar.<\/p>\n<p data-start=\"1546\" data-end=\"1762\">En resumen, el <strong data-start=\"1560\" data-end=\"1599\">vaso de postre de pl\u00e1stico PS 155 ml<\/strong> cumple todos los requisitos: <strong data-start=\"1625\" data-end=\"1673\">bonito, pr\u00e1ctico, ligero, resistente y asequible<\/strong>. Har\u00e1 que sus postres destaquen y dar\u00e1 un toque profesional a todas sus presentaciones dulces. <\/p>\n<p data-start=\"1546\" data-end=\"1762\">\n<p data-start=\"1546\" data-end=\"1762\"><!--more--><\/p>\n<h4 data-start=\"1546\" data-end=\"1762\">Ventajas :<\/h4>\n<ul>\n<li data-start=\"1975\" data-end=\"2034\"><strong data-start=\"1975\" data-end=\"2003\">Transparente y elegante<\/strong>: para mostrar sus postres.<\/li>\n<li data-start=\"2037\" data-end=\"2087\"><strong data-start=\"2037\" data-end=\"2063\">Ligero pero resistente<\/strong>: f\u00e1cil de manejar.<\/li>\n<li data-start=\"2090\" data-end=\"2162\"><strong data-start=\"2090\" data-end=\"2119\">Pr\u00e1ctico formato de 155 ml<\/strong>: ideal para porciones individuales.<\/li>\n<li data-start=\"2165\" data-end=\"2215\"><strong data-start=\"2165\" data-end=\"2185\">Paquete de 25 tazas<\/strong>: econ\u00f3mico para profesionales.<\/li>\n<li data-start=\"2218\" data-end=\"2301\"><strong data-start=\"2218\" data-end=\"2252\">Adecuado para todo tipo de eventos<\/strong>: buffets, recepciones, catering, pasteler\u00edas.<\/li>\n<\/ul>\n<p>&nbsp;<\/p>\n<p><!--more--><\/p>\n<h4>Informaci\u00f3n adicional :<\/h4>\n<ul>\n<li><strong>Dimensiones<\/strong>: 90 x 45 (\u00d8 x H en mm).<\/li>\n<li><strong>Envases<\/strong>: Paquetes de 25<\/li>\n<li><strong>Volumen<\/strong>: 155 ml<\/li>\n<li><strong>Material<\/strong>: PS<\/li>\n<\/ul>\n<p>&nbsp;<\/p>\n<p><!--more--><\/p>\n<p>Encuentre aqu\u00ed las tapas que se venden por separado, compatibles con este cuenco de postre: <span style=\"color: #d12727;\"><a style=\"color: #d12727;\" href=\"https:\/\/www.csj-emballages.com\/produit\/50-couvercles-domes-jetables-pour-coupe-dessert-cp125\/\">DOMECP<\/a> <span style=\"color: #000000;\">\/<\/span> <a style=\"color: #d12727;\" href=\"https:\/\/www.csj-emballages.com\/es\/produit\/tapa-de-plastico-cuenco-de-postre-cp125-50-uds\/\">COUVCP<\/a><\/span><\/p>\n<p>&nbsp;<\/p>\n<p><!--more--><\/p>\n<p><a href=\"https:\/\/www.csj-emballages.com\/es\/categorie-produit\/envasado-de-alimentos\/carniceria-y-charcuteria\/tazas-tarros-vasos\/tazas-de-postre\/\">Descubre el resto de nuestra gama de cuencos de postre<\/a><\/p>\n","protected":false},"excerpt":{"rendered":"<p>Taza de postre Descripci\u00f3n de nuestro vaso de postre de pl\u00e1stico PS 155 ml, paquete de 25<\/p>\n","protected":false},"featured_media":251435,"template":"","meta":{"_acf_changed":false},"product_brand":[],"product_cat":[1150,1143,1324,1458],"product_tag":[],"class_list":{"0":"post-224842","1":"product","2":"type-product","3":"status-publish","4":"has-post-thumbnail","6":"product_cat-envasado-de-alimentos","7":"product_cat-carniceria-y-charcuteria","8":"product_cat-tazas-tarros-vasos","9":"product_cat-tazas-de-postre","11":"first","12":"outofstock","13":"taxable","14":"shipping-taxable","15":"purchasable","16":"product-type-simple"},"acf":[],"yoast_head":"<!-- This site is optimized with the Yoast SEO Premium plugin v26.6 (Yoast SEO v26.6) - https:\/\/yoast.com\/wordpress\/plugins\/seo\/ -->\n<title>Vaso de postre de pl\u00e1stico PS 155 ml \u00e0 25<\/title>\n<meta name=\"description\" content=\"Vaso de postre de 155 ml con tapa de pl\u00e1stico, ideal para presentar y transportar tus postres con total seguridad. Pr\u00e1ctico, elegante y herm\u00e9tico.\" \/>\n<meta name=\"robots\" content=\"index, follow, max-snippet:-1, max-image-preview:large, max-video-preview:-1\" \/>\n<link rel=\"canonical\" href=\"https:\/\/www.csj-emballages.com\/es\/produit\/vaso-de-postre-de-plastico-ps-155-ml-a-25\/\" \/>\n<meta property=\"og:locale\" content=\"es_ES\" \/>\n<meta property=\"og:type\" content=\"article\" \/>\n<meta property=\"og:title\" content=\"Vaso de postre de pl\u00e1stico PS 155 ml \u00e0 25\" \/>\n<meta property=\"og:description\" content=\"Vaso de postre de 155 ml con tapa de pl\u00e1stico, ideal para presentar y transportar tus postres con total seguridad. Pr\u00e1ctico, elegante y herm\u00e9tico.\" \/>\n<meta property=\"og:url\" content=\"https:\/\/www.csj-emballages.com\/es\/produit\/vaso-de-postre-de-plastico-ps-155-ml-a-25\/\" \/>\n<meta property=\"og:site_name\" content=\"CSJ Emballages\" \/>\n<meta property=\"article:publisher\" content=\"https:\/\/www.facebook.com\/csjemballages\" \/>\n<meta property=\"article:modified_time\" content=\"2026-01-30T01:12:07+00:00\" \/>\n<meta property=\"og:image\" content=\"https:\/\/www.csj-emballages.com\/wp-content\/uploads\/2025\/02\/CP125PS.webp\" \/>\n\t<meta property=\"og:image:width\" content=\"800\" \/>\n\t<meta property=\"og:image:height\" content=\"800\" \/>\n\t<meta property=\"og:image:type\" content=\"image\/webp\" \/>\n<meta name=\"twitter:card\" content=\"summary_large_image\" \/>\n<meta name=\"twitter:label1\" content=\"Tiempo de lectura\" \/>\n\t<meta name=\"twitter:data1\" content=\"2 minutos\" \/>\n<script type=\"application\/ld+json\" class=\"yoast-schema-graph\">{\"@context\":\"https:\/\/schema.org\",\"@graph\":[{\"@type\":\"WebPage\",\"@id\":\"https:\/\/www.csj-emballages.com\/es\/produit\/vaso-de-postre-de-plastico-ps-155-ml-a-25\/\",\"url\":\"https:\/\/www.csj-emballages.com\/es\/produit\/vaso-de-postre-de-plastico-ps-155-ml-a-25\/\",\"name\":\"Vaso de postre de pl\u00e1stico PS 155 ml \u00e0 25\",\"isPartOf\":{\"@id\":\"https:\/\/www.csj-emballages.com\/es\/#website\"},\"primaryImageOfPage\":{\"@id\":\"https:\/\/www.csj-emballages.com\/es\/produit\/vaso-de-postre-de-plastico-ps-155-ml-a-25\/#primaryimage\"},\"image\":{\"@id\":\"https:\/\/www.csj-emballages.com\/es\/produit\/vaso-de-postre-de-plastico-ps-155-ml-a-25\/#primaryimage\"},\"thumbnailUrl\":\"https:\/\/www.csj-emballages.com\/wp-content\/uploads\/2025\/02\/CP125PS.webp\",\"datePublished\":\"2025-02-12T09:42:58+00:00\",\"dateModified\":\"2026-01-30T01:12:07+00:00\",\"description\":\"Vaso de postre de 155 ml con tapa de pl\u00e1stico, ideal para presentar y transportar tus postres con total seguridad. Pr\u00e1ctico, elegante y herm\u00e9tico.\",\"breadcrumb\":{\"@id\":\"https:\/\/www.csj-emballages.com\/es\/produit\/vaso-de-postre-de-plastico-ps-155-ml-a-25\/#breadcrumb\"},\"inLanguage\":\"es\",\"potentialAction\":[{\"@type\":\"ReadAction\",\"target\":[\"https:\/\/www.csj-emballages.com\/es\/produit\/vaso-de-postre-de-plastico-ps-155-ml-a-25\/\"]}]},{\"@type\":\"ImageObject\",\"inLanguage\":\"es\",\"@id\":\"https:\/\/www.csj-emballages.com\/es\/produit\/vaso-de-postre-de-plastico-ps-155-ml-a-25\/#primaryimage\",\"url\":\"https:\/\/www.csj-emballages.com\/wp-content\/uploads\/2025\/02\/CP125PS.webp\",\"contentUrl\":\"https:\/\/www.csj-emballages.com\/wp-content\/uploads\/2025\/02\/CP125PS.webp\",\"width\":800,\"height\":800,\"caption\":\"Coupe \u00e0 dessert\"},{\"@type\":\"BreadcrumbList\",\"@id\":\"https:\/\/www.csj-emballages.com\/es\/produit\/vaso-de-postre-de-plastico-ps-155-ml-a-25\/#breadcrumb\",\"itemListElement\":[{\"@type\":\"ListItem\",\"position\":1,\"name\":\"Accueil\",\"item\":\"https:\/\/www.csj-emballages.com\/es\/universo-del-envasado-alimentario\/\"},{\"@type\":\"ListItem\",\"position\":2,\"name\":\"Tienda\",\"item\":\"https:\/\/www.csj-emballages.com\/tienda\/\"},{\"@type\":\"ListItem\",\"position\":3,\"name\":\"Vaso de postre de pl\u00e1stico PS 155 ml \u00e0 25\"}]},{\"@type\":\"WebSite\",\"@id\":\"https:\/\/www.csj-emballages.com\/es\/#website\",\"url\":\"https:\/\/www.csj-emballages.com\/es\/\",\"name\":\"CSJ Emballages\",\"description\":\"\",\"publisher\":{\"@id\":\"https:\/\/www.csj-emballages.com\/es\/#organization\"},\"potentialAction\":[{\"@type\":\"SearchAction\",\"target\":{\"@type\":\"EntryPoint\",\"urlTemplate\":\"https:\/\/www.csj-emballages.com\/es\/?s={search_term_string}\"},\"query-input\":{\"@type\":\"PropertyValueSpecification\",\"valueRequired\":true,\"valueName\":\"search_term_string\"}}],\"inLanguage\":\"es\"},{\"@type\":\"Organization\",\"@id\":\"https:\/\/www.csj-emballages.com\/es\/#Organization\/\",\"name\":\"CSJ Emballages\",\"url\":\"https:\/\/www.csj-emballages.com\/es\/\",\"logo\":{\"@type\":\"ImageObject\",\"inLanguage\":\"es\",\"@id\":\"https:\/\/www.csj-emballages.com\/es\/#\/schema\/logo\/image\/\",\"url\":\"https:\/\/www.csj-emballages.com\/wp-content\/uploads\/2023\/10\/logo_csj.webp\",\"contentUrl\":\"https:\/\/www.csj-emballages.com\/wp-content\/uploads\/2023\/10\/logo_csj.webp\",\"width\":250,\"height\":95,\"caption\":\"CSJ Emballages\"},\"image\":{\"@id\":\"https:\/\/www.csj-emballages.com\/es\/#\/schema\/logo\/image\/\"},\"sameAs\":[\"https:\/\/www.facebook.com\/csjemballages\"],\"address\":{\"@type\":\"PostalAddress\",\"streetAddress\":\"ZI La Lechere\",\"addressLocality\":\"Patornay\",\"postalCode\":\"39130\",\"addressCountry\":\"FR\"},\"contactPoint\":[{\"@type\":\"ContactPoint\",\"contactType\":\"Service client\",\"telephone\":\"0384254272\",\"email\":\"contact@csj-emballages.com\"}]}]}<\/script>\n<!-- \/ Yoast SEO Premium plugin. -->","yoast_head_json":{"title":"Vaso de postre de pl\u00e1stico PS 155 ml \u00e0 25","description":"Vaso de postre de 155 ml con tapa de pl\u00e1stico, ideal para presentar y transportar tus postres con total seguridad. Pr\u00e1ctico, elegante y herm\u00e9tico.","robots":{"index":"index","follow":"follow","max-snippet":"max-snippet:-1","max-image-preview":"max-image-preview:large","max-video-preview":"max-video-preview:-1"},"canonical":"https:\/\/www.csj-emballages.com\/es\/produit\/vaso-de-postre-de-plastico-ps-155-ml-a-25\/","og_locale":"es_ES","og_type":"article","og_title":"Vaso de postre de pl\u00e1stico PS 155 ml \u00e0 25","og_description":"Vaso de postre de 155 ml con tapa de pl\u00e1stico, ideal para presentar y transportar tus postres con total seguridad. Pr\u00e1ctico, elegante y herm\u00e9tico.","og_url":"https:\/\/www.csj-emballages.com\/es\/produit\/vaso-de-postre-de-plastico-ps-155-ml-a-25\/","og_site_name":"CSJ Emballages","article_publisher":"https:\/\/www.facebook.com\/csjemballages","article_modified_time":"2026-01-30T01:12:07+00:00","og_image":[{"width":800,"height":800,"url":"https:\/\/www.csj-emballages.com\/wp-content\/uploads\/2025\/02\/CP125PS.webp","type":"image\/webp"}],"twitter_card":"summary_large_image","twitter_misc":{"Tiempo de lectura":"2 minutos"},"schema":{"@context":"https:\/\/schema.org","@graph":[{"@type":"WebPage","@id":"https:\/\/www.csj-emballages.com\/es\/produit\/vaso-de-postre-de-plastico-ps-155-ml-a-25\/","url":"https:\/\/www.csj-emballages.com\/es\/produit\/vaso-de-postre-de-plastico-ps-155-ml-a-25\/","name":"Vaso de postre de pl\u00e1stico PS 155 ml \u00e0 25","isPartOf":{"@id":"https:\/\/www.csj-emballages.com\/es\/#website"},"primaryImageOfPage":{"@id":"https:\/\/www.csj-emballages.com\/es\/produit\/vaso-de-postre-de-plastico-ps-155-ml-a-25\/#primaryimage"},"image":{"@id":"https:\/\/www.csj-emballages.com\/es\/produit\/vaso-de-postre-de-plastico-ps-155-ml-a-25\/#primaryimage"},"thumbnailUrl":"https:\/\/www.csj-emballages.com\/wp-content\/uploads\/2025\/02\/CP125PS.webp","datePublished":"2025-02-12T09:42:58+00:00","dateModified":"2026-01-30T01:12:07+00:00","description":"Vaso de postre de 155 ml con tapa de pl\u00e1stico, ideal para presentar y transportar tus postres con total seguridad. Pr\u00e1ctico, elegante y herm\u00e9tico.","breadcrumb":{"@id":"https:\/\/www.csj-emballages.com\/es\/produit\/vaso-de-postre-de-plastico-ps-155-ml-a-25\/#breadcrumb"},"inLanguage":"es","potentialAction":[{"@type":"ReadAction","target":["https:\/\/www.csj-emballages.com\/es\/produit\/vaso-de-postre-de-plastico-ps-155-ml-a-25\/"]}]},{"@type":"ImageObject","inLanguage":"es","@id":"https:\/\/www.csj-emballages.com\/es\/produit\/vaso-de-postre-de-plastico-ps-155-ml-a-25\/#primaryimage","url":"https:\/\/www.csj-emballages.com\/wp-content\/uploads\/2025\/02\/CP125PS.webp","contentUrl":"https:\/\/www.csj-emballages.com\/wp-content\/uploads\/2025\/02\/CP125PS.webp","width":800,"height":800,"caption":"Coupe \u00e0 dessert"},{"@type":"BreadcrumbList","@id":"https:\/\/www.csj-emballages.com\/es\/produit\/vaso-de-postre-de-plastico-ps-155-ml-a-25\/#breadcrumb","itemListElement":[{"@type":"ListItem","position":1,"name":"Accueil","item":"https:\/\/www.csj-emballages.com\/es\/universo-del-envasado-alimentario\/"},{"@type":"ListItem","position":2,"name":"Tienda","item":"https:\/\/www.csj-emballages.com\/tienda\/"},{"@type":"ListItem","position":3,"name":"Vaso de postre de pl\u00e1stico PS 155 ml \u00e0 25"}]},{"@type":"WebSite","@id":"https:\/\/www.csj-emballages.com\/es\/#website","url":"https:\/\/www.csj-emballages.com\/es\/","name":"CSJ Emballages","description":"","publisher":{"@id":"https:\/\/www.csj-emballages.com\/es\/#organization"},"potentialAction":[{"@type":"SearchAction","target":{"@type":"EntryPoint","urlTemplate":"https:\/\/www.csj-emballages.com\/es\/?s={search_term_string}"},"query-input":{"@type":"PropertyValueSpecification","valueRequired":true,"valueName":"search_term_string"}}],"inLanguage":"es"},{"@type":"Organization","@id":"https:\/\/www.csj-emballages.com\/es\/#Organization\/","name":"CSJ Emballages","url":"https:\/\/www.csj-emballages.com\/es\/","logo":{"@type":"ImageObject","inLanguage":"es","@id":"https:\/\/www.csj-emballages.com\/es\/#\/schema\/logo\/image\/","url":"https:\/\/www.csj-emballages.com\/wp-content\/uploads\/2023\/10\/logo_csj.webp","contentUrl":"https:\/\/www.csj-emballages.com\/wp-content\/uploads\/2023\/10\/logo_csj.webp","width":250,"height":95,"caption":"CSJ Emballages"},"image":{"@id":"https:\/\/www.csj-emballages.com\/es\/#\/schema\/logo\/image\/"},"sameAs":["https:\/\/www.facebook.com\/csjemballages"],"address":{"@type":"PostalAddress","streetAddress":"ZI La Lechere","addressLocality":"Patornay","postalCode":"39130","addressCountry":"FR"},"contactPoint":[{"@type":"ContactPoint","contactType":"Service client","telephone":"0384254272","email":"contact@csj-emballages.com"}]}]}},"df_price":2.88,"df_sale_price":"","df_regular_price":2.88,"df_image_link":"https:\/\/www.csj-emballages.com\/wp-content\/uploads\/2025\/02\/CP125PS-300x300.webp","tiered_pricing_type":"fixed","tiered_pricing_fixed_rules":[],"tiered_pricing_percentage_rules":[],"tiered_pricing_minimum":1,"tiered_pricing_roles_data":[],"_links":{"self":[{"href":"https:\/\/www.csj-emballages.com\/es\/wp-json\/wp\/v2\/product\/224842","targetHints":{"allow":["GET"]}}],"collection":[{"href":"https:\/\/www.csj-emballages.com\/es\/wp-json\/wp\/v2\/product"}],"about":[{"href":"https:\/\/www.csj-emballages.com\/es\/wp-json\/wp\/v2\/types\/product"}],"wp:featuredmedia":[{"embeddable":true,"href":"https:\/\/www.csj-emballages.com\/es\/wp-json\/wp\/v2\/media\/251435"}],"wp:attachment":[{"href":"https:\/\/www.csj-emballages.com\/es\/wp-json\/wp\/v2\/media?parent=224842"}],"wp:term":[{"taxonomy":"product_brand","embeddable":true,"href":"https:\/\/www.csj-emballages.com\/es\/wp-json\/wp\/v2\/product_brand?post=224842"},{"taxonomy":"product_cat","embeddable":true,"href":"https:\/\/www.csj-emballages.com\/es\/wp-json\/wp\/v2\/product_cat?post=224842"},{"taxonomy":"product_tag","embeddable":true,"href":"https:\/\/www.csj-emballages.com\/es\/wp-json\/wp\/v2\/product_tag?post=224842"}],"curies":[{"name":"wp","href":"https:\/\/api.w.org\/{rel}","templated":true}]}}