{"id":22480,"date":"2024-03-01T16:50:37","date_gmt":"2024-03-01T15:50:37","guid":{"rendered":"https:\/\/u15jnbdpoq.preview.infomaniak.website\/produit\/100-tapas-para-ollas-t300-t350\/"},"modified":"2026-04-30T02:14:46","modified_gmt":"2026-04-30T00:14:46","slug":"100-tapas-para-ollas-t300-t350","status":"publish","type":"product","link":"https:\/\/www.csj-emballages.com\/es\/produit\/100-tapas-para-ollas-t300-t350\/","title":{"rendered":"Tapa de pl\u00e1stico para olla T300, 100 uds."},"content":{"rendered":"<h2>Tapa de pl\u00e1stico<\/h2>\n<hr>\n<h3>Descripci\u00f3n de nuestra tapa de pl\u00e1stico para salsera T300 por 100<\/h3>\n<p><!--more--><\/p>\n<p data-start=\"199\" data-end=\"534\">Cuando se ofrecen <strong>salsas para llevar<\/strong>, la <strong>tapa<\/strong> marca la diferencia. La <strong data-start=\"281\" data-end=\"326\">tapa de pl\u00e1stico para tarrina de salsa <span style=\"color: #d12727;\"><a style=\"color: #d12727;\" href=\"https:\/\/www.csj-emballages.com\/es\/produit\/100-tarros-transparentes-de-salsa-90-ml\/\">T300<\/a><\/span><\/strong> ha sido dise\u00f1ada para proteger las preparaciones y evitar sorpresas desagradables durante el transporte. Se engancha f\u00e1cilmente a la <strong>tarrina<\/strong> y se mantiene en su sitio, incluso cuando las bolsas se manipulan o se apilan.  <\/p>\n<p data-start=\"536\" data-end=\"834\">Gracias a su dise\u00f1o preciso, garantiza un cierre fiable que reduce en gran medida el riesgo de fugas. Sus <strong>salsas<\/strong> permanecen en su sitio, los envases se mantienen limpios y los clientes ya no tienen que desconfiar al abrir su pedido. Es una verdadera ventaja en cuanto a comodidad, tanto para usted como para ellos.  <\/p>\n<p data-start=\"836\" data-end=\"1137\">De hecho, su <strong>pl\u00e1stico transparente<\/strong> permite ver inmediatamente el contenido de la tarrina sin tener que abrirla. Esto simplifica la preparaci\u00f3n de los pedidos, sobre todo cuando se ofrecen varias salsas diferentes. En la cocina, se va m\u00e1s r\u00e1pido. En el comedor o en la entrega, se evitan errores. Todo el mundo gana.    <\/p>\n<p data-start=\"1139\" data-end=\"1468\">Esta <strong>tapa<\/strong> se puede utilizar tanto para salsas fr\u00edas como para preparaciones un poco m\u00e1s espesas. Es lo suficientemente r\u00edgida como para mantener su forma, sin dejar de ser f\u00e1cil de manipular. Y como se vende <strong data-start=\"1352\" data-end=\"1370\">en lotes de 100<\/strong>, se integra perfectamente en una organizaci\u00f3n profesional, sin exceso de existencias ni roturas de stock imprevistas.  <\/p>\n<p data-start=\"1470\" data-end=\"1649\">En resumen, esta <strong>tapa para tarrina de salsa<\/strong> no se limita a cerrar una tarrina: asegura su servicio, mejora la presentaci\u00f3n y contribuye a una experiencia del cliente m\u00e1s limpia y agradable.<\/p>\n<p data-start=\"1470\" data-end=\"1649\">\n<p data-start=\"1470\" data-end=\"1649\"><!--more--><\/p>\n<h4 data-start=\"1470\" data-end=\"1649\">Ventajas :<\/h4>\n<ul>\n<li data-start=\"1677\" data-end=\"1711\">Cierre fiable y bien ajustado.<\/li>\n<li data-start=\"1714\" data-end=\"1754\">Reduce las fugas durante el transporte.<\/li>\n<li data-start=\"1757\" data-end=\"1811\"><strong>Pl\u00e1stico transparente<\/strong> para una identificaci\u00f3n r\u00e1pida.<\/li>\n<li data-start=\"1814\" data-end=\"1845\">F\u00e1cil de enganchar y quitar.<\/li>\n<li data-start=\"1848\" data-end=\"1894\">Paquete de <strong>100<\/strong> ideal para uso profesional.<\/li>\n<\/ul>\n<p data-start=\"1470\" data-end=\"1649\">\n<p><!--more--><\/p>\n<h4>Informaci\u00f3n adicional :<\/h4>\n<ul>\n<li><strong>Di\u00e1metro<\/strong>: \u00d878 mm<\/li>\n<li><strong>Altura<\/strong>: 7 mm<\/li>\n<li><strong>Embalaje<\/strong>: Paquete de 100<\/li>\n<li><strong>Material<\/strong>: PET<\/li>\n<\/ul>\n<p>&nbsp;<\/p>\n<p><!--more--><\/p>\n<p><a href=\"https:\/\/www.csj-emballages.com\/es\/categorie-produit\/envasado-de-alimentos\/catering-es\/ollas-cuencos-portavasos\/salseras\/\">Consulte el resto de nuestra gama de tarrinas para salsas<\/a><\/p>\n","protected":false},"excerpt":{"rendered":"<p>Tapa de pl\u00e1stico Descripci\u00f3n de nuestra tapa de pl\u00e1stico para salsera T300 por 100<\/p>\n","protected":false},"featured_media":204253,"template":"","meta":{"_acf_changed":false},"product_brand":[],"product_cat":[1179,3096],"product_tag":[],"class_list":{"0":"post-22480","1":"product","2":"type-product","3":"status-publish","4":"has-post-thumbnail","6":"product_cat-catering-es","7":"product_cat-salseras","9":"first","10":"instock","11":"taxable","12":"shipping-taxable","13":"purchasable","14":"product-type-simple"},"acf":[],"yoast_head":"<!-- This site is optimized with the Yoast SEO Premium plugin v26.6 (Yoast SEO v26.6) - https:\/\/yoast.com\/wordpress\/plugins\/seo\/ -->\n<title>Tapa de pl\u00e1stico para olla T300<\/title>\n<meta name=\"description\" content=\"Tapa de pl\u00e1stico transparente para tarrina de salsa T300, se vende por 100 unidades. Cierre eficaz, pr\u00e1ctico para la venta para llevar y la entrega a domicilio.\" \/>\n<meta name=\"robots\" content=\"index, follow, max-snippet:-1, max-image-preview:large, max-video-preview:-1\" \/>\n<link rel=\"canonical\" href=\"https:\/\/www.csj-emballages.com\/es\/produit\/100-tapas-para-ollas-t300-t350\/\" \/>\n<meta property=\"og:locale\" content=\"es_ES\" \/>\n<meta property=\"og:type\" content=\"article\" \/>\n<meta property=\"og:title\" content=\"Tapa de pl\u00e1stico para olla T300, 100 uds.\" \/>\n<meta property=\"og:description\" content=\"Tapa de pl\u00e1stico transparente para tarrina de salsa T300, se vende por 100 unidades. Cierre eficaz, pr\u00e1ctico para la venta para llevar y la entrega a domicilio.\" \/>\n<meta property=\"og:url\" content=\"https:\/\/www.csj-emballages.com\/es\/produit\/100-tapas-para-ollas-t300-t350\/\" \/>\n<meta property=\"og:site_name\" content=\"CSJ Emballages\" \/>\n<meta property=\"article:publisher\" content=\"https:\/\/www.facebook.com\/csjemballages\" \/>\n<meta property=\"article:modified_time\" content=\"2026-04-30T00:14:46+00:00\" \/>\n<meta property=\"og:image\" content=\"https:\/\/www.csj-emballages.com\/wp-content\/uploads\/2024\/03\/PL3.webp\" \/>\n\t<meta property=\"og:image:width\" content=\"800\" \/>\n\t<meta property=\"og:image:height\" content=\"800\" \/>\n\t<meta property=\"og:image:type\" content=\"image\/webp\" \/>\n<meta name=\"twitter:card\" content=\"summary_large_image\" \/>\n<meta name=\"twitter:label1\" content=\"Tiempo de lectura\" \/>\n\t<meta name=\"twitter:data1\" content=\"2 minutos\" \/>\n<script type=\"application\/ld+json\" class=\"yoast-schema-graph\">{\"@context\":\"https:\/\/schema.org\",\"@graph\":[{\"@type\":\"WebPage\",\"@id\":\"https:\/\/www.csj-emballages.com\/es\/produit\/100-tapas-para-ollas-t300-t350\/\",\"url\":\"https:\/\/www.csj-emballages.com\/es\/produit\/100-tapas-para-ollas-t300-t350\/\",\"name\":\"Tapa de pl\u00e1stico para olla T300\",\"isPartOf\":{\"@id\":\"https:\/\/www.csj-emballages.com\/es\/#website\"},\"primaryImageOfPage\":{\"@id\":\"https:\/\/www.csj-emballages.com\/es\/produit\/100-tapas-para-ollas-t300-t350\/#primaryimage\"},\"image\":{\"@id\":\"https:\/\/www.csj-emballages.com\/es\/produit\/100-tapas-para-ollas-t300-t350\/#primaryimage\"},\"thumbnailUrl\":\"https:\/\/www.csj-emballages.com\/wp-content\/uploads\/2024\/03\/PL3.webp\",\"datePublished\":\"2024-03-01T15:50:37+00:00\",\"dateModified\":\"2026-04-30T00:14:46+00:00\",\"description\":\"Tapa de pl\u00e1stico transparente para tarrina de salsa T300, se vende por 100 unidades. Cierre eficaz, pr\u00e1ctico para la venta para llevar y la entrega a domicilio.\",\"breadcrumb\":{\"@id\":\"https:\/\/www.csj-emballages.com\/es\/produit\/100-tapas-para-ollas-t300-t350\/#breadcrumb\"},\"inLanguage\":\"es\",\"potentialAction\":[{\"@type\":\"ReadAction\",\"target\":[\"https:\/\/www.csj-emballages.com\/es\/produit\/100-tapas-para-ollas-t300-t350\/\"]}]},{\"@type\":\"ImageObject\",\"inLanguage\":\"es\",\"@id\":\"https:\/\/www.csj-emballages.com\/es\/produit\/100-tapas-para-ollas-t300-t350\/#primaryimage\",\"url\":\"https:\/\/www.csj-emballages.com\/wp-content\/uploads\/2024\/03\/PL3.webp\",\"contentUrl\":\"https:\/\/www.csj-emballages.com\/wp-content\/uploads\/2024\/03\/PL3.webp\",\"width\":800,\"height\":800,\"caption\":\"Couvercle plastique\"},{\"@type\":\"BreadcrumbList\",\"@id\":\"https:\/\/www.csj-emballages.com\/es\/produit\/100-tapas-para-ollas-t300-t350\/#breadcrumb\",\"itemListElement\":[{\"@type\":\"ListItem\",\"position\":1,\"name\":\"Accueil\",\"item\":\"https:\/\/www.csj-emballages.com\/es\/universo-del-envasado-alimentario\/\"},{\"@type\":\"ListItem\",\"position\":2,\"name\":\"Tienda\",\"item\":\"https:\/\/www.csj-emballages.com\/tienda\/\"},{\"@type\":\"ListItem\",\"position\":3,\"name\":\"Tapa de pl\u00e1stico para olla T300, 100 uds.\"}]},{\"@type\":\"WebSite\",\"@id\":\"https:\/\/www.csj-emballages.com\/es\/#website\",\"url\":\"https:\/\/www.csj-emballages.com\/es\/\",\"name\":\"CSJ Emballages\",\"description\":\"\",\"publisher\":{\"@id\":\"https:\/\/www.csj-emballages.com\/es\/#organization\"},\"potentialAction\":[{\"@type\":\"SearchAction\",\"target\":{\"@type\":\"EntryPoint\",\"urlTemplate\":\"https:\/\/www.csj-emballages.com\/es\/?s={search_term_string}\"},\"query-input\":{\"@type\":\"PropertyValueSpecification\",\"valueRequired\":true,\"valueName\":\"search_term_string\"}}],\"inLanguage\":\"es\"},{\"@type\":\"Organization\",\"@id\":\"https:\/\/www.csj-emballages.com\/es\/#Organization\/\",\"name\":\"CSJ Emballages\",\"url\":\"https:\/\/www.csj-emballages.com\/es\/\",\"logo\":{\"@type\":\"ImageObject\",\"inLanguage\":\"es\",\"@id\":\"https:\/\/www.csj-emballages.com\/es\/#\/schema\/logo\/image\/\",\"url\":\"https:\/\/www.csj-emballages.com\/wp-content\/uploads\/2023\/10\/logo_csj.webp\",\"contentUrl\":\"https:\/\/www.csj-emballages.com\/wp-content\/uploads\/2023\/10\/logo_csj.webp\",\"width\":250,\"height\":95,\"caption\":\"CSJ Emballages\"},\"image\":{\"@id\":\"https:\/\/www.csj-emballages.com\/es\/#\/schema\/logo\/image\/\"},\"sameAs\":[\"https:\/\/www.facebook.com\/csjemballages\"],\"address\":{\"@type\":\"PostalAddress\",\"streetAddress\":\"ZI La Lechere\",\"addressLocality\":\"Patornay\",\"postalCode\":\"39130\",\"addressCountry\":\"FR\"},\"contactPoint\":[{\"@type\":\"ContactPoint\",\"contactType\":\"Service client\",\"telephone\":\"0384254272\",\"email\":\"contact@csj-emballages.com\"}]}]}<\/script>\n<!-- \/ Yoast SEO Premium plugin. -->","yoast_head_json":{"title":"Tapa de pl\u00e1stico para olla T300","description":"Tapa de pl\u00e1stico transparente para tarrina de salsa T300, se vende por 100 unidades. Cierre eficaz, pr\u00e1ctico para la venta para llevar y la entrega a domicilio.","robots":{"index":"index","follow":"follow","max-snippet":"max-snippet:-1","max-image-preview":"max-image-preview:large","max-video-preview":"max-video-preview:-1"},"canonical":"https:\/\/www.csj-emballages.com\/es\/produit\/100-tapas-para-ollas-t300-t350\/","og_locale":"es_ES","og_type":"article","og_title":"Tapa de pl\u00e1stico para olla T300, 100 uds.","og_description":"Tapa de pl\u00e1stico transparente para tarrina de salsa T300, se vende por 100 unidades. Cierre eficaz, pr\u00e1ctico para la venta para llevar y la entrega a domicilio.","og_url":"https:\/\/www.csj-emballages.com\/es\/produit\/100-tapas-para-ollas-t300-t350\/","og_site_name":"CSJ Emballages","article_publisher":"https:\/\/www.facebook.com\/csjemballages","article_modified_time":"2026-04-30T00:14:46+00:00","og_image":[{"width":800,"height":800,"url":"https:\/\/www.csj-emballages.com\/wp-content\/uploads\/2024\/03\/PL3.webp","type":"image\/webp"}],"twitter_card":"summary_large_image","twitter_misc":{"Tiempo de lectura":"2 minutos"},"schema":{"@context":"https:\/\/schema.org","@graph":[{"@type":"WebPage","@id":"https:\/\/www.csj-emballages.com\/es\/produit\/100-tapas-para-ollas-t300-t350\/","url":"https:\/\/www.csj-emballages.com\/es\/produit\/100-tapas-para-ollas-t300-t350\/","name":"Tapa de pl\u00e1stico para olla T300","isPartOf":{"@id":"https:\/\/www.csj-emballages.com\/es\/#website"},"primaryImageOfPage":{"@id":"https:\/\/www.csj-emballages.com\/es\/produit\/100-tapas-para-ollas-t300-t350\/#primaryimage"},"image":{"@id":"https:\/\/www.csj-emballages.com\/es\/produit\/100-tapas-para-ollas-t300-t350\/#primaryimage"},"thumbnailUrl":"https:\/\/www.csj-emballages.com\/wp-content\/uploads\/2024\/03\/PL3.webp","datePublished":"2024-03-01T15:50:37+00:00","dateModified":"2026-04-30T00:14:46+00:00","description":"Tapa de pl\u00e1stico transparente para tarrina de salsa T300, se vende por 100 unidades. Cierre eficaz, pr\u00e1ctico para la venta para llevar y la entrega a domicilio.","breadcrumb":{"@id":"https:\/\/www.csj-emballages.com\/es\/produit\/100-tapas-para-ollas-t300-t350\/#breadcrumb"},"inLanguage":"es","potentialAction":[{"@type":"ReadAction","target":["https:\/\/www.csj-emballages.com\/es\/produit\/100-tapas-para-ollas-t300-t350\/"]}]},{"@type":"ImageObject","inLanguage":"es","@id":"https:\/\/www.csj-emballages.com\/es\/produit\/100-tapas-para-ollas-t300-t350\/#primaryimage","url":"https:\/\/www.csj-emballages.com\/wp-content\/uploads\/2024\/03\/PL3.webp","contentUrl":"https:\/\/www.csj-emballages.com\/wp-content\/uploads\/2024\/03\/PL3.webp","width":800,"height":800,"caption":"Couvercle plastique"},{"@type":"BreadcrumbList","@id":"https:\/\/www.csj-emballages.com\/es\/produit\/100-tapas-para-ollas-t300-t350\/#breadcrumb","itemListElement":[{"@type":"ListItem","position":1,"name":"Accueil","item":"https:\/\/www.csj-emballages.com\/es\/universo-del-envasado-alimentario\/"},{"@type":"ListItem","position":2,"name":"Tienda","item":"https:\/\/www.csj-emballages.com\/tienda\/"},{"@type":"ListItem","position":3,"name":"Tapa de pl\u00e1stico para olla T300, 100 uds."}]},{"@type":"WebSite","@id":"https:\/\/www.csj-emballages.com\/es\/#website","url":"https:\/\/www.csj-emballages.com\/es\/","name":"CSJ Emballages","description":"","publisher":{"@id":"https:\/\/www.csj-emballages.com\/es\/#organization"},"potentialAction":[{"@type":"SearchAction","target":{"@type":"EntryPoint","urlTemplate":"https:\/\/www.csj-emballages.com\/es\/?s={search_term_string}"},"query-input":{"@type":"PropertyValueSpecification","valueRequired":true,"valueName":"search_term_string"}}],"inLanguage":"es"},{"@type":"Organization","@id":"https:\/\/www.csj-emballages.com\/es\/#Organization\/","name":"CSJ Emballages","url":"https:\/\/www.csj-emballages.com\/es\/","logo":{"@type":"ImageObject","inLanguage":"es","@id":"https:\/\/www.csj-emballages.com\/es\/#\/schema\/logo\/image\/","url":"https:\/\/www.csj-emballages.com\/wp-content\/uploads\/2023\/10\/logo_csj.webp","contentUrl":"https:\/\/www.csj-emballages.com\/wp-content\/uploads\/2023\/10\/logo_csj.webp","width":250,"height":95,"caption":"CSJ Emballages"},"image":{"@id":"https:\/\/www.csj-emballages.com\/es\/#\/schema\/logo\/image\/"},"sameAs":["https:\/\/www.facebook.com\/csjemballages"],"address":{"@type":"PostalAddress","streetAddress":"ZI La Lechere","addressLocality":"Patornay","postalCode":"39130","addressCountry":"FR"},"contactPoint":[{"@type":"ContactPoint","contactType":"Service client","telephone":"0384254272","email":"contact@csj-emballages.com"}]}]}},"df_price":3.26,"df_sale_price":"","df_regular_price":3.26,"df_image_link":"https:\/\/www.csj-emballages.com\/wp-content\/uploads\/2024\/03\/PL3-300x300.webp","tiered_pricing_type":"fixed","tiered_pricing_fixed_rules":[],"tiered_pricing_percentage_rules":[],"tiered_pricing_minimum":1,"tiered_pricing_roles_data":[],"_links":{"self":[{"href":"https:\/\/www.csj-emballages.com\/es\/wp-json\/wp\/v2\/product\/22480","targetHints":{"allow":["GET"]}}],"collection":[{"href":"https:\/\/www.csj-emballages.com\/es\/wp-json\/wp\/v2\/product"}],"about":[{"href":"https:\/\/www.csj-emballages.com\/es\/wp-json\/wp\/v2\/types\/product"}],"wp:featuredmedia":[{"embeddable":true,"href":"https:\/\/www.csj-emballages.com\/es\/wp-json\/wp\/v2\/media\/204253"}],"wp:attachment":[{"href":"https:\/\/www.csj-emballages.com\/es\/wp-json\/wp\/v2\/media?parent=22480"}],"wp:term":[{"taxonomy":"product_brand","embeddable":true,"href":"https:\/\/www.csj-emballages.com\/es\/wp-json\/wp\/v2\/product_brand?post=22480"},{"taxonomy":"product_cat","embeddable":true,"href":"https:\/\/www.csj-emballages.com\/es\/wp-json\/wp\/v2\/product_cat?post=22480"},{"taxonomy":"product_tag","embeddable":true,"href":"https:\/\/www.csj-emballages.com\/es\/wp-json\/wp\/v2\/product_tag?post=22480"}],"curies":[{"name":"wp","href":"https:\/\/api.w.org\/{rel}","templated":true}]}}