{"id":224798,"date":"2025-01-21T17:57:53","date_gmt":"2025-01-21T16:57:53","guid":{"rendered":"https:\/\/www.csj-emballages.com\/produit\/tarrina-de-helado-de-carton-blanco-180-ml-por-50\/"},"modified":"2026-04-28T02:17:06","modified_gmt":"2026-04-28T00:17:06","slug":"tarrina-de-helado-de-carton-blanco-180-ml-por-50","status":"publish","type":"product","link":"https:\/\/www.csj-emballages.com\/es\/produit\/tarrina-de-helado-de-carton-blanco-180-ml-por-50\/","title":{"rendered":"Tarrina de helado de cart\u00f3n blanco 180 ml por 50"},"content":{"rendered":"<h2>Tarro de helado<\/h2>\n<hr>\n<h3>Descripci\u00f3n de nuestra tarrina de helado de cart\u00f3n blanco de 180 ml, paquete de 50<\/h3>\n<p><!--more--><\/p>\n<p data-start=\"244\" data-end=\"595\">El <strong>envase para helado de cart\u00f3n blanco de 180 ml<\/strong> es un indispensable para el servicio y la venta de <strong>helados, sorbetes y postres fr\u00edos<\/strong>, tanto para llevar como para consumir en el local. En primer lugar, su forma <strong>redonda<\/strong> ligeramente ensanchada ofrece un excelente agarre y una gran estabilidad, facilitando el servicio para los profesionales y la comodidad de uso para los clientes. <\/p>\n<p data-start=\"597\" data-end=\"990\">Fabricado en <strong>cart\u00f3n<\/strong> r\u00edgido de calidad alimentaria, este envase est\u00e1 especialmente dise\u00f1ado para resistir las bajas temperaturas. Conserva su forma incluso en contacto prolongado con el fr\u00edo, sin ablandarse ni deformarse. De hecho, su <strong>capacidad de 180 ml<\/strong> es ideal para las <strong>porciones individuales<\/strong>, lo que permite una dosificaci\u00f3n precisa y una presentaci\u00f3n cuidada de los <strong>helados artesanales, sorbetes, yogures helados o postres frescos<\/strong>.  <\/p>\n<p data-start=\"992\" data-end=\"1337\">Su <strong>color blanco<\/strong> aporta un acabado sobrio, limpio y profesional, resaltando a la perfecci\u00f3n los colores y las texturas de las preparaciones servidas. Este dise\u00f1o neutro se integra f\u00e1cilmente en todos los conceptos de venta y puede personalizarse con pegatinas, sellos o impresiones seg\u00fan la identidad visual del establecimiento. <\/p>\n<p data-start=\"1339\" data-end=\"1665\">Pr\u00e1ctico en el d\u00eda a d\u00eda, este <strong>envase<\/strong> es ligero, f\u00e1cil de apilar y sencillo de almacenar, optimizando el espacio en la reserva o en el laboratorio. Es perfecto para helader\u00edas, restaurantes, food trucks, empresas de catering, pasteler\u00edas u organizadores de eventos que deseen ofrecer una soluci\u00f3n de envasado higi\u00e9nica, fiable y est\u00e9tica. <\/p>\n<p data-start=\"1667\" data-end=\"1849\">Acondicionado por <strong>lotes de 50 unidades<\/strong>, el <strong>envase para helado de cart\u00f3n blanco de 180 ml<\/strong> se adapta a las necesidades de las peque\u00f1as y medianas estructuras, as\u00ed como a los usos puntuales o estacionales.<\/p>\n<p data-start=\"1667\" data-end=\"1849\">\n<p><!--more--><\/p>\n<p><strong><span style=\"color: #ff0000;\">*Opciones de personalizaci\u00f3n<\/span><\/strong><\/p>\n<p>&nbsp;<\/p>\n<p><!--more--><\/p>\n<h4>Ventajas :<\/h4>\n<ul>\n<li>Perfecto para helados, cremas y postres fr\u00edos.<\/li>\n<li>Cart\u00f3n grueso y resistente a la humedad.<\/li>\n<li>Reciclable y respetuoso con el medio ambiente.<\/li>\n<li>Capacidad de 180 ml, ideal para porciones individuales.<\/li>\n<li>Adecuado para profesionales y particulares.<\/li>\n<li>Superficie blanca adaptada para a\u00f1adir logo o etiquetas<\/li>\n<\/ul>\n<p>&nbsp;<\/p>\n<p><!--more--><\/p>\n<h4>Informaci\u00f3n adicional :<\/h4>\n<ul>\n<li><strong>Envase<\/strong>: Paquete de 50<\/li>\n<li><strong>Di\u00e1metro inferior<\/strong>: 80 mm<\/li>\n<li><strong>Di\u00e1metro superior<\/strong>: 95 mm<\/li>\n<li><strong>Altura<\/strong>: 51 mm<\/li>\n<li><strong>Volumen<\/strong>: 180 ml<\/li>\n<li><strong>Material<\/strong>: Cart\u00f3n<\/li>\n<li><strong>Color<\/strong>: blanco<\/li>\n<\/ul>\n<p>&nbsp;<\/p>\n<p><!--more--><\/p>\n<p>Este producto tambi\u00e9n est\u00e1 disponible en <span style=\"color: #d12727;\"><a style=\"color: #d12727;\" href=\"https:\/\/www.csj-emballages.com\/es\/categorie-produit\/envasado-de-alimentos\/catering-es\/ollas-cuencos-portavasos\/ollas-kraft\/tarrinas-de-helado\/\">90 ml<\/a><\/span> \/ <span style=\"color: #d12727;\"><a style=\"color: #d12727;\" href=\"https:\/\/www.csj-emballages.com\/es\/produit\/tarrina-de-helado-de-carton-blanco-120-ml-por-50\/\">120 ml<\/a><\/span> \/ <span style=\"color: #d12727;\"><a style=\"color: #d12727;\" href=\"https:\/\/www.csj-emballages.com\/es\/produit\/tarrina-de-helado-de-carton-blanco-240-ml-por-50\/\">240 ml<\/a><\/span> \/ <span style=\"color: #d12727;\"><a style=\"color: #d12727;\" href=\"https:\/\/www.csj-emballages.com\/es\/produit\/tarrina-de-helado-de-carton-blanco-360-ml-por-50\/\">360 ml<\/a><\/span><\/p>\n<p>&nbsp;<\/p>\n<p><!--more--><\/p>\n<p><a href=\"https:\/\/www.csj-emballages.com\/es\/categorie-produit\/envasado-de-alimentos\/carniceria-y-charcuteria\/bolsas-y-fundas\/bolsas-de-vacio\/bolsas-de-vacio-negras-lisas\/\">Ver el resto de nuestra gama de tarrinas para helado<\/a><\/p>\n","protected":false},"excerpt":{"rendered":"<p>Tarro de helado Descripci\u00f3n de nuestra tarrina de helado de cart\u00f3n blanco de 180 ml, paquete de 50<\/p>\n","protected":false},"featured_media":222594,"template":"","meta":{"_acf_changed":false},"product_brand":[],"product_cat":[1150,1179,3879,1277,9208],"product_tag":[],"class_list":{"0":"post-224798","1":"product","2":"type-product","3":"status-publish","4":"has-post-thumbnail","6":"product_cat-envasado-de-alimentos","7":"product_cat-catering-es","8":"product_cat-ollas-cuencos-portavasos","9":"product_cat-ollas-kraft","10":"product_cat-tarrinas-de-helado","12":"first","13":"instock","14":"taxable","15":"shipping-taxable","16":"purchasable","17":"product-type-simple"},"acf":[],"yoast_head":"<!-- This site is optimized with the Yoast SEO Premium plugin v26.6 (Yoast SEO v26.6) - https:\/\/yoast.com\/wordpress\/plugins\/seo\/ -->\n<title>Tarro de hielo cart\u00f3n blanco 180 ml por 50<\/title>\n<meta name=\"description\" content=\"Descubra nuestro envase para helado de cart\u00f3n blanco de 180 ml, perfecto para sus eventos y ventas para llevar. Resistente, reciclable y adaptado a los postres helados.\" \/>\n<meta name=\"robots\" content=\"index, follow, max-snippet:-1, max-image-preview:large, max-video-preview:-1\" \/>\n<link rel=\"canonical\" href=\"https:\/\/www.csj-emballages.com\/es\/produit\/tarrina-de-helado-de-carton-blanco-180-ml-por-50\/\" \/>\n<meta property=\"og:locale\" content=\"es_ES\" \/>\n<meta property=\"og:type\" content=\"article\" \/>\n<meta property=\"og:title\" content=\"Tarrina de helado de cart\u00f3n blanco 180 ml por 50\" \/>\n<meta property=\"og:description\" content=\"Descubra nuestro envase para helado de cart\u00f3n blanco de 180 ml, perfecto para sus eventos y ventas para llevar. Resistente, reciclable y adaptado a los postres helados.\" \/>\n<meta property=\"og:url\" content=\"https:\/\/www.csj-emballages.com\/es\/produit\/tarrina-de-helado-de-carton-blanco-180-ml-por-50\/\" \/>\n<meta property=\"og:site_name\" content=\"CSJ Emballages\" \/>\n<meta property=\"article:publisher\" content=\"https:\/\/www.facebook.com\/csjemballages\" \/>\n<meta property=\"article:modified_time\" content=\"2026-04-28T00:17:06+00:00\" \/>\n<meta property=\"og:image\" content=\"https:\/\/www.csj-emballages.com\/wp-content\/uploads\/2025\/01\/Pot-de-glace-3.webp\" \/>\n\t<meta property=\"og:image:width\" content=\"800\" \/>\n\t<meta property=\"og:image:height\" content=\"800\" \/>\n\t<meta property=\"og:image:type\" content=\"image\/webp\" \/>\n<meta name=\"twitter:card\" content=\"summary_large_image\" \/>\n<meta name=\"twitter:label1\" content=\"Tiempo de lectura\" \/>\n\t<meta name=\"twitter:data1\" content=\"2 minutos\" \/>\n<script type=\"application\/ld+json\" class=\"yoast-schema-graph\">{\"@context\":\"https:\/\/schema.org\",\"@graph\":[{\"@type\":\"WebPage\",\"@id\":\"https:\/\/www.csj-emballages.com\/es\/produit\/tarrina-de-helado-de-carton-blanco-180-ml-por-50\/\",\"url\":\"https:\/\/www.csj-emballages.com\/es\/produit\/tarrina-de-helado-de-carton-blanco-180-ml-por-50\/\",\"name\":\"Tarro de hielo cart\u00f3n blanco 180 ml por 50\",\"isPartOf\":{\"@id\":\"https:\/\/www.csj-emballages.com\/es\/#website\"},\"primaryImageOfPage\":{\"@id\":\"https:\/\/www.csj-emballages.com\/es\/produit\/tarrina-de-helado-de-carton-blanco-180-ml-por-50\/#primaryimage\"},\"image\":{\"@id\":\"https:\/\/www.csj-emballages.com\/es\/produit\/tarrina-de-helado-de-carton-blanco-180-ml-por-50\/#primaryimage\"},\"thumbnailUrl\":\"https:\/\/www.csj-emballages.com\/wp-content\/uploads\/2025\/01\/Pot-de-glace-3.webp\",\"datePublished\":\"2025-01-21T16:57:53+00:00\",\"dateModified\":\"2026-04-28T00:17:06+00:00\",\"description\":\"Descubra nuestro envase para helado de cart\u00f3n blanco de 180 ml, perfecto para sus eventos y ventas para llevar. Resistente, reciclable y adaptado a los postres helados.\",\"breadcrumb\":{\"@id\":\"https:\/\/www.csj-emballages.com\/es\/produit\/tarrina-de-helado-de-carton-blanco-180-ml-por-50\/#breadcrumb\"},\"inLanguage\":\"es\",\"potentialAction\":[{\"@type\":\"ReadAction\",\"target\":[\"https:\/\/www.csj-emballages.com\/es\/produit\/tarrina-de-helado-de-carton-blanco-180-ml-por-50\/\"]}]},{\"@type\":\"ImageObject\",\"inLanguage\":\"es\",\"@id\":\"https:\/\/www.csj-emballages.com\/es\/produit\/tarrina-de-helado-de-carton-blanco-180-ml-por-50\/#primaryimage\",\"url\":\"https:\/\/www.csj-emballages.com\/wp-content\/uploads\/2025\/01\/Pot-de-glace-3.webp\",\"contentUrl\":\"https:\/\/www.csj-emballages.com\/wp-content\/uploads\/2025\/01\/Pot-de-glace-3.webp\",\"width\":800,\"height\":800,\"caption\":\"Pot de glace\"},{\"@type\":\"BreadcrumbList\",\"@id\":\"https:\/\/www.csj-emballages.com\/es\/produit\/tarrina-de-helado-de-carton-blanco-180-ml-por-50\/#breadcrumb\",\"itemListElement\":[{\"@type\":\"ListItem\",\"position\":1,\"name\":\"Accueil\",\"item\":\"https:\/\/www.csj-emballages.com\/es\/universo-del-envasado-alimentario\/\"},{\"@type\":\"ListItem\",\"position\":2,\"name\":\"Tienda\",\"item\":\"https:\/\/www.csj-emballages.com\/tienda\/\"},{\"@type\":\"ListItem\",\"position\":3,\"name\":\"Tarrina de helado de cart\u00f3n blanco 180 ml por 50\"}]},{\"@type\":\"WebSite\",\"@id\":\"https:\/\/www.csj-emballages.com\/es\/#website\",\"url\":\"https:\/\/www.csj-emballages.com\/es\/\",\"name\":\"CSJ Emballages\",\"description\":\"\",\"publisher\":{\"@id\":\"https:\/\/www.csj-emballages.com\/es\/#organization\"},\"potentialAction\":[{\"@type\":\"SearchAction\",\"target\":{\"@type\":\"EntryPoint\",\"urlTemplate\":\"https:\/\/www.csj-emballages.com\/es\/?s={search_term_string}\"},\"query-input\":{\"@type\":\"PropertyValueSpecification\",\"valueRequired\":true,\"valueName\":\"search_term_string\"}}],\"inLanguage\":\"es\"},{\"@type\":\"Organization\",\"@id\":\"https:\/\/www.csj-emballages.com\/es\/#Organization\/\",\"name\":\"CSJ Emballages\",\"url\":\"https:\/\/www.csj-emballages.com\/es\/\",\"logo\":{\"@type\":\"ImageObject\",\"inLanguage\":\"es\",\"@id\":\"https:\/\/www.csj-emballages.com\/es\/#\/schema\/logo\/image\/\",\"url\":\"https:\/\/www.csj-emballages.com\/wp-content\/uploads\/2023\/10\/logo_csj.webp\",\"contentUrl\":\"https:\/\/www.csj-emballages.com\/wp-content\/uploads\/2023\/10\/logo_csj.webp\",\"width\":250,\"height\":95,\"caption\":\"CSJ Emballages\"},\"image\":{\"@id\":\"https:\/\/www.csj-emballages.com\/es\/#\/schema\/logo\/image\/\"},\"sameAs\":[\"https:\/\/www.facebook.com\/csjemballages\"],\"address\":{\"@type\":\"PostalAddress\",\"streetAddress\":\"ZI La Lechere\",\"addressLocality\":\"Patornay\",\"postalCode\":\"39130\",\"addressCountry\":\"FR\"},\"contactPoint\":[{\"@type\":\"ContactPoint\",\"contactType\":\"Service client\",\"telephone\":\"0384254272\",\"email\":\"contact@csj-emballages.com\"}]}]}<\/script>\n<!-- \/ Yoast SEO Premium plugin. -->","yoast_head_json":{"title":"Tarro de hielo cart\u00f3n blanco 180 ml por 50","description":"Descubra nuestro envase para helado de cart\u00f3n blanco de 180 ml, perfecto para sus eventos y ventas para llevar. Resistente, reciclable y adaptado a los postres helados.","robots":{"index":"index","follow":"follow","max-snippet":"max-snippet:-1","max-image-preview":"max-image-preview:large","max-video-preview":"max-video-preview:-1"},"canonical":"https:\/\/www.csj-emballages.com\/es\/produit\/tarrina-de-helado-de-carton-blanco-180-ml-por-50\/","og_locale":"es_ES","og_type":"article","og_title":"Tarrina de helado de cart\u00f3n blanco 180 ml por 50","og_description":"Descubra nuestro envase para helado de cart\u00f3n blanco de 180 ml, perfecto para sus eventos y ventas para llevar. Resistente, reciclable y adaptado a los postres helados.","og_url":"https:\/\/www.csj-emballages.com\/es\/produit\/tarrina-de-helado-de-carton-blanco-180-ml-por-50\/","og_site_name":"CSJ Emballages","article_publisher":"https:\/\/www.facebook.com\/csjemballages","article_modified_time":"2026-04-28T00:17:06+00:00","og_image":[{"width":800,"height":800,"url":"https:\/\/www.csj-emballages.com\/wp-content\/uploads\/2025\/01\/Pot-de-glace-3.webp","type":"image\/webp"}],"twitter_card":"summary_large_image","twitter_misc":{"Tiempo de lectura":"2 minutos"},"schema":{"@context":"https:\/\/schema.org","@graph":[{"@type":"WebPage","@id":"https:\/\/www.csj-emballages.com\/es\/produit\/tarrina-de-helado-de-carton-blanco-180-ml-por-50\/","url":"https:\/\/www.csj-emballages.com\/es\/produit\/tarrina-de-helado-de-carton-blanco-180-ml-por-50\/","name":"Tarro de hielo cart\u00f3n blanco 180 ml por 50","isPartOf":{"@id":"https:\/\/www.csj-emballages.com\/es\/#website"},"primaryImageOfPage":{"@id":"https:\/\/www.csj-emballages.com\/es\/produit\/tarrina-de-helado-de-carton-blanco-180-ml-por-50\/#primaryimage"},"image":{"@id":"https:\/\/www.csj-emballages.com\/es\/produit\/tarrina-de-helado-de-carton-blanco-180-ml-por-50\/#primaryimage"},"thumbnailUrl":"https:\/\/www.csj-emballages.com\/wp-content\/uploads\/2025\/01\/Pot-de-glace-3.webp","datePublished":"2025-01-21T16:57:53+00:00","dateModified":"2026-04-28T00:17:06+00:00","description":"Descubra nuestro envase para helado de cart\u00f3n blanco de 180 ml, perfecto para sus eventos y ventas para llevar. Resistente, reciclable y adaptado a los postres helados.","breadcrumb":{"@id":"https:\/\/www.csj-emballages.com\/es\/produit\/tarrina-de-helado-de-carton-blanco-180-ml-por-50\/#breadcrumb"},"inLanguage":"es","potentialAction":[{"@type":"ReadAction","target":["https:\/\/www.csj-emballages.com\/es\/produit\/tarrina-de-helado-de-carton-blanco-180-ml-por-50\/"]}]},{"@type":"ImageObject","inLanguage":"es","@id":"https:\/\/www.csj-emballages.com\/es\/produit\/tarrina-de-helado-de-carton-blanco-180-ml-por-50\/#primaryimage","url":"https:\/\/www.csj-emballages.com\/wp-content\/uploads\/2025\/01\/Pot-de-glace-3.webp","contentUrl":"https:\/\/www.csj-emballages.com\/wp-content\/uploads\/2025\/01\/Pot-de-glace-3.webp","width":800,"height":800,"caption":"Pot de glace"},{"@type":"BreadcrumbList","@id":"https:\/\/www.csj-emballages.com\/es\/produit\/tarrina-de-helado-de-carton-blanco-180-ml-por-50\/#breadcrumb","itemListElement":[{"@type":"ListItem","position":1,"name":"Accueil","item":"https:\/\/www.csj-emballages.com\/es\/universo-del-envasado-alimentario\/"},{"@type":"ListItem","position":2,"name":"Tienda","item":"https:\/\/www.csj-emballages.com\/tienda\/"},{"@type":"ListItem","position":3,"name":"Tarrina de helado de cart\u00f3n blanco 180 ml por 50"}]},{"@type":"WebSite","@id":"https:\/\/www.csj-emballages.com\/es\/#website","url":"https:\/\/www.csj-emballages.com\/es\/","name":"CSJ Emballages","description":"","publisher":{"@id":"https:\/\/www.csj-emballages.com\/es\/#organization"},"potentialAction":[{"@type":"SearchAction","target":{"@type":"EntryPoint","urlTemplate":"https:\/\/www.csj-emballages.com\/es\/?s={search_term_string}"},"query-input":{"@type":"PropertyValueSpecification","valueRequired":true,"valueName":"search_term_string"}}],"inLanguage":"es"},{"@type":"Organization","@id":"https:\/\/www.csj-emballages.com\/es\/#Organization\/","name":"CSJ Emballages","url":"https:\/\/www.csj-emballages.com\/es\/","logo":{"@type":"ImageObject","inLanguage":"es","@id":"https:\/\/www.csj-emballages.com\/es\/#\/schema\/logo\/image\/","url":"https:\/\/www.csj-emballages.com\/wp-content\/uploads\/2023\/10\/logo_csj.webp","contentUrl":"https:\/\/www.csj-emballages.com\/wp-content\/uploads\/2023\/10\/logo_csj.webp","width":250,"height":95,"caption":"CSJ Emballages"},"image":{"@id":"https:\/\/www.csj-emballages.com\/es\/#\/schema\/logo\/image\/"},"sameAs":["https:\/\/www.facebook.com\/csjemballages"],"address":{"@type":"PostalAddress","streetAddress":"ZI La Lechere","addressLocality":"Patornay","postalCode":"39130","addressCountry":"FR"},"contactPoint":[{"@type":"ContactPoint","contactType":"Service client","telephone":"0384254272","email":"contact@csj-emballages.com"}]}]}},"df_price":3.42,"df_sale_price":"","df_regular_price":3.42,"df_image_link":"https:\/\/www.csj-emballages.com\/wp-content\/uploads\/2025\/01\/Pot-de-glace-3-300x300.webp","tiered_pricing_type":"fixed","tiered_pricing_fixed_rules":[],"tiered_pricing_percentage_rules":[],"tiered_pricing_minimum":1,"tiered_pricing_roles_data":[],"_links":{"self":[{"href":"https:\/\/www.csj-emballages.com\/es\/wp-json\/wp\/v2\/product\/224798","targetHints":{"allow":["GET"]}}],"collection":[{"href":"https:\/\/www.csj-emballages.com\/es\/wp-json\/wp\/v2\/product"}],"about":[{"href":"https:\/\/www.csj-emballages.com\/es\/wp-json\/wp\/v2\/types\/product"}],"wp:featuredmedia":[{"embeddable":true,"href":"https:\/\/www.csj-emballages.com\/es\/wp-json\/wp\/v2\/media\/222594"}],"wp:attachment":[{"href":"https:\/\/www.csj-emballages.com\/es\/wp-json\/wp\/v2\/media?parent=224798"}],"wp:term":[{"taxonomy":"product_brand","embeddable":true,"href":"https:\/\/www.csj-emballages.com\/es\/wp-json\/wp\/v2\/product_brand?post=224798"},{"taxonomy":"product_cat","embeddable":true,"href":"https:\/\/www.csj-emballages.com\/es\/wp-json\/wp\/v2\/product_cat?post=224798"},{"taxonomy":"product_tag","embeddable":true,"href":"https:\/\/www.csj-emballages.com\/es\/wp-json\/wp\/v2\/product_tag?post=224798"}],"curies":[{"name":"wp","href":"https:\/\/api.w.org\/{rel}","templated":true}]}}