{"id":224706,"date":"2024-12-18T16:15:26","date_gmt":"2024-12-18T15:15:26","guid":{"rendered":"https:\/\/www.csj-emballages.com\/produit\/caja-de-carton-para-pepitas-para-llevar-228-x-124-x-78-mm-paquete-de-50\/"},"modified":"2026-04-30T02:17:08","modified_gmt":"2026-04-30T00:17:08","slug":"caja-de-carton-para-pepitas-para-llevar-228-x-124-x-78-mm-paquete-de-50","status":"publish","type":"product","link":"https:\/\/www.csj-emballages.com\/es\/produit\/caja-de-carton-para-pepitas-para-llevar-228-x-124-x-78-mm-paquete-de-50\/","title":{"rendered":"Caja de cart\u00f3n para pepitas para llevar 228 x 124 x 78 mm, paquete de 50"},"content":{"rendered":"<h2>Caja de pepitas<\/h2>\n<hr>\n<h3>Descripci\u00f3n de nuestra caja de cart\u00f3n para pepitas para llevar 228 x 124 x 78 mm, paquete de 50<\/h3>\n<p><!--more--><\/p>\n<p data-start=\"244\" data-end=\"727\">Si busca un envase que sea pr\u00e1ctico, resistente y divertido de presentar a sus clientes, esta <strong data-start=\"346\" data-end=\"392\">caja de cart\u00f3n para pepitas de 228 x 124 x 78 mm<\/strong> es exactamente lo que necesita. En cuanto la tenga en la mano, notar\u00e1 su calidad: <strong>cart\u00f3n r\u00edgido<\/strong> y limpio perfectamente dise\u00f1ado para contener <strong>alimentos calientes<\/strong> sin deformarse. Gracias a su tama\u00f1o ideal, puede meter <strong>nuggets<\/strong>, <strong>tenders<\/strong>, <strong>tapas<\/strong>, <strong>donuts<\/strong>&#8230; o incluso una peque\u00f1a porci\u00f3n de patatas fritas.  <\/p>\n<p data-start=\"729\" data-end=\"1078\">Adem\u00e1s, se cierra f\u00e1cilmente gracias a su <strong>ingenioso sistema de solapas<\/strong>. Como resultado, sus productos se mantienen calientes durante el transporte, sin riesgo de fugas ni aperturas accidentales. Sus clientes se benefician de un envase limpio, pr\u00e1ctico y, sobre todo, agradable de abrir. Esto mejora directamente su experiencia y, por tanto, su imagen.   <\/p>\n<p data-start=\"1080\" data-end=\"1362\">Pero eso no es todo. Al estar hecha de cart\u00f3n, esta <strong>caja para pepitas<\/strong> es una opci\u00f3n m\u00e1s respetuosa con el medio ambiente que los envases de pl\u00e1stico tradicionales. Demuestra que cuidas tu cocina&#8230; pero tambi\u00e9n tu responsabilidad medioambiental. Y sus clientes lo notar\u00e1n.   <\/p>\n<p data-start=\"1364\" data-end=\"1568\">Su dise\u00f1o neutro tambi\u00e9n le da libertad para personalizar la <strong>caja<\/strong>: una <strong>pegatina<\/strong>, un <strong>sello<\/strong>, un <strong>logotipo<\/strong>&#8230; y su envase se convierte en un medio de comunicaci\u00f3n sencillo pero eficaz.<\/p>\n<p data-start=\"1570\" data-end=\"1754\">Tanto si tiene un snack bar, un food truck, una tienda de bocadillos o un servicio de reparto, esta caja le permitir\u00e1 trabajar m\u00e1s r\u00e1pido, de forma m\u00e1s limpia y con m\u00e1s estilo.<\/p>\n<p>&nbsp;<\/p>\n<p><!--more--><\/p>\n<p><strong><span style=\"color: #ff0000;\">*Opciones de personalizaci\u00f3n<\/span><\/strong><\/p>\n<p>&nbsp;<\/p>\n<p><!--more--><\/p>\n<h4>Ventajas :<\/h4>\n<ul>\n<li data-start=\"1446\" data-end=\"1510\">Caja s\u00f3lida que soporta muy bien los alimentos calientes y grasos.<\/li>\n<li data-start=\"1513\" data-end=\"1569\">Ideal para <strong>nuggets<\/strong>, <strong>tenders<\/strong> y <strong>porciones peque\u00f1as<\/strong>.<\/li>\n<li data-start=\"1572\" data-end=\"1624\">El cierre r\u00e1pido e intuitivo ahorra tiempo.<\/li>\n<li data-start=\"1627\" data-end=\"1683\"><strong>Cart\u00f3n<\/strong>: una soluci\u00f3n m\u00e1s responsable que el pl\u00e1stico.<\/li>\n<li data-start=\"1686\" data-end=\"1739\"><strong>Se venden en paquetes de 50 unidades<\/strong> y ofrecen una excelente relaci\u00f3n calidad-precio.<\/li>\n<li data-start=\"1742\" data-end=\"1799\">Presentaci\u00f3n limpia y profesional para sus clientes.<\/li>\n<\/ul>\n<p>&nbsp;<\/p>\n<p><!--more--><\/p>\n<h4>Informaci\u00f3n adicional :<\/h4>\n<ul>\n<li><strong>Envase<\/strong>: Paquete de 50<\/li>\n<li><strong>Dimensiones<\/strong>: 228 x 124 x 78 mm<\/li>\n<li><strong>Material<\/strong>: Cart\u00f3n<\/li>\n<li><strong>Color<\/strong>: Marr\u00f3n<\/li>\n<\/ul>\n<p>&nbsp;<\/p>\n<p><!--more--><\/p>\n<p>Haz clic aqu\u00ed para ver los diferentes tama\u00f1os disponibles para este producto: <span style=\"color: #d12727;\"><a style=\"color: #d12727;\" href=\"https:\/\/www.csj-emballages.com\/es\/produit\/50-cajas-kraft-para-llevar-144-x-85-x-60-mm\/\">144 x 85 x 60 mm<\/a><\/span> \/ <span style=\"color: #d12727;\"><a style=\"color: #d12727;\" href=\"https:\/\/www.csj-emballages.com\/es\/produit\/caja-de-carton-para-pepitas-para-llevar-175-x-105-x-75-mm-paquete-de-50\/\">175 x 105 x 75 mm<\/a><\/span><\/p>\n<p>&nbsp;<\/p>\n<p><!--more--><\/p>\n<p><a href=\"https:\/\/www.csj-emballages.com\/es\/categorie-produit\/envasado-de-alimentos\/catering-es\/cajas-bandejas-bolsas-conos\/bandejas-cajas-de-carton\/fiambreras\/\">Ver el resto de nuestra gama de fiambreras<\/a><\/p>\n","protected":false},"excerpt":{"rendered":"<p>Caja de pepitas Descripci\u00f3n de nuestra caja de cart\u00f3n para pepitas para llevar 228 x 124 x 78 mm, paquete de 50<\/p>\n","protected":false},"featured_media":224652,"template":"","meta":{"_acf_changed":false},"product_brand":[],"product_cat":[1150,1179,3878,1478,2796],"product_tag":[],"class_list":{"0":"post-224706","1":"product","2":"type-product","3":"status-publish","4":"has-post-thumbnail","6":"product_cat-envasado-de-alimentos","7":"product_cat-catering-es","8":"product_cat-cajas-bandejas-bolsas-conos","9":"product_cat-bandejas-cajas-de-carton","10":"product_cat-fiambreras","12":"first","13":"instock","14":"taxable","15":"shipping-taxable","16":"purchasable","17":"product-type-simple"},"acf":[],"yoast_head":"<!-- This site is optimized with the Yoast SEO Premium plugin v26.6 (Yoast SEO v26.6) - https:\/\/yoast.com\/wordpress\/plugins\/seo\/ -->\n<title>Nuggets Caja para llevar 228 x 124 x 78 mm, paquete de 50<\/title>\n<meta name=\"description\" content=\"Caja kraft para nuggets de 228 x 124 x 78 mm, perfecta para la venta para llevar. Resistente a la grasa, garantiza un transporte \u00f3ptimo de sus pepitas\" \/>\n<meta name=\"robots\" content=\"index, follow, max-snippet:-1, max-image-preview:large, max-video-preview:-1\" \/>\n<link rel=\"canonical\" href=\"https:\/\/www.csj-emballages.com\/es\/produit\/caja-de-carton-para-pepitas-para-llevar-228-x-124-x-78-mm-paquete-de-50\/\" \/>\n<meta property=\"og:locale\" content=\"es_ES\" \/>\n<meta property=\"og:type\" content=\"article\" \/>\n<meta property=\"og:title\" content=\"Caja de cart\u00f3n para pepitas para llevar 228 x 124 x 78 mm, paquete de 50\" \/>\n<meta property=\"og:description\" content=\"Caja kraft para nuggets de 228 x 124 x 78 mm, perfecta para la venta para llevar. Resistente a la grasa, garantiza un transporte \u00f3ptimo de sus pepitas\" \/>\n<meta property=\"og:url\" content=\"https:\/\/www.csj-emballages.com\/es\/produit\/caja-de-carton-para-pepitas-para-llevar-228-x-124-x-78-mm-paquete-de-50\/\" \/>\n<meta property=\"og:site_name\" content=\"CSJ Emballages\" \/>\n<meta property=\"article:publisher\" content=\"https:\/\/www.facebook.com\/csjemballages\" \/>\n<meta property=\"article:modified_time\" content=\"2026-04-30T00:17:08+00:00\" \/>\n<meta property=\"og:image\" content=\"https:\/\/www.csj-emballages.com\/wp-content\/uploads\/2024\/12\/TK22.webp\" \/>\n\t<meta property=\"og:image:width\" content=\"800\" \/>\n\t<meta property=\"og:image:height\" content=\"800\" \/>\n\t<meta property=\"og:image:type\" content=\"image\/webp\" \/>\n<meta name=\"twitter:card\" content=\"summary_large_image\" \/>\n<meta name=\"twitter:label1\" content=\"Tiempo de lectura\" \/>\n\t<meta name=\"twitter:data1\" content=\"2 minutos\" \/>\n<script type=\"application\/ld+json\" class=\"yoast-schema-graph\">{\"@context\":\"https:\/\/schema.org\",\"@graph\":[{\"@type\":\"WebPage\",\"@id\":\"https:\/\/www.csj-emballages.com\/es\/produit\/caja-de-carton-para-pepitas-para-llevar-228-x-124-x-78-mm-paquete-de-50\/\",\"url\":\"https:\/\/www.csj-emballages.com\/es\/produit\/caja-de-carton-para-pepitas-para-llevar-228-x-124-x-78-mm-paquete-de-50\/\",\"name\":\"Nuggets Caja para llevar 228 x 124 x 78 mm, paquete de 50\",\"isPartOf\":{\"@id\":\"https:\/\/www.csj-emballages.com\/es\/#website\"},\"primaryImageOfPage\":{\"@id\":\"https:\/\/www.csj-emballages.com\/es\/produit\/caja-de-carton-para-pepitas-para-llevar-228-x-124-x-78-mm-paquete-de-50\/#primaryimage\"},\"image\":{\"@id\":\"https:\/\/www.csj-emballages.com\/es\/produit\/caja-de-carton-para-pepitas-para-llevar-228-x-124-x-78-mm-paquete-de-50\/#primaryimage\"},\"thumbnailUrl\":\"https:\/\/www.csj-emballages.com\/wp-content\/uploads\/2024\/12\/TK22.webp\",\"datePublished\":\"2024-12-18T15:15:26+00:00\",\"dateModified\":\"2026-04-30T00:17:08+00:00\",\"description\":\"Caja kraft para nuggets de 228 x 124 x 78 mm, perfecta para la venta para llevar. Resistente a la grasa, garantiza un transporte \u00f3ptimo de sus pepitas\",\"breadcrumb\":{\"@id\":\"https:\/\/www.csj-emballages.com\/es\/produit\/caja-de-carton-para-pepitas-para-llevar-228-x-124-x-78-mm-paquete-de-50\/#breadcrumb\"},\"inLanguage\":\"es\",\"potentialAction\":[{\"@type\":\"ReadAction\",\"target\":[\"https:\/\/www.csj-emballages.com\/es\/produit\/caja-de-carton-para-pepitas-para-llevar-228-x-124-x-78-mm-paquete-de-50\/\"]}]},{\"@type\":\"ImageObject\",\"inLanguage\":\"es\",\"@id\":\"https:\/\/www.csj-emballages.com\/es\/produit\/caja-de-carton-para-pepitas-para-llevar-228-x-124-x-78-mm-paquete-de-50\/#primaryimage\",\"url\":\"https:\/\/www.csj-emballages.com\/wp-content\/uploads\/2024\/12\/TK22.webp\",\"contentUrl\":\"https:\/\/www.csj-emballages.com\/wp-content\/uploads\/2024\/12\/TK22.webp\",\"width\":800,\"height\":800,\"caption\":\"Boite nuggets\"},{\"@type\":\"BreadcrumbList\",\"@id\":\"https:\/\/www.csj-emballages.com\/es\/produit\/caja-de-carton-para-pepitas-para-llevar-228-x-124-x-78-mm-paquete-de-50\/#breadcrumb\",\"itemListElement\":[{\"@type\":\"ListItem\",\"position\":1,\"name\":\"Accueil\",\"item\":\"https:\/\/www.csj-emballages.com\/es\/universo-del-envasado-alimentario\/\"},{\"@type\":\"ListItem\",\"position\":2,\"name\":\"Tienda\",\"item\":\"https:\/\/www.csj-emballages.com\/tienda\/\"},{\"@type\":\"ListItem\",\"position\":3,\"name\":\"Caja de cart\u00f3n para pepitas para llevar 228 x 124 x 78 mm, paquete de 50\"}]},{\"@type\":\"WebSite\",\"@id\":\"https:\/\/www.csj-emballages.com\/es\/#website\",\"url\":\"https:\/\/www.csj-emballages.com\/es\/\",\"name\":\"CSJ Emballages\",\"description\":\"\",\"publisher\":{\"@id\":\"https:\/\/www.csj-emballages.com\/es\/#organization\"},\"potentialAction\":[{\"@type\":\"SearchAction\",\"target\":{\"@type\":\"EntryPoint\",\"urlTemplate\":\"https:\/\/www.csj-emballages.com\/es\/?s={search_term_string}\"},\"query-input\":{\"@type\":\"PropertyValueSpecification\",\"valueRequired\":true,\"valueName\":\"search_term_string\"}}],\"inLanguage\":\"es\"},{\"@type\":\"Organization\",\"@id\":\"https:\/\/www.csj-emballages.com\/es\/#Organization\/\",\"name\":\"CSJ Emballages\",\"url\":\"https:\/\/www.csj-emballages.com\/es\/\",\"logo\":{\"@type\":\"ImageObject\",\"inLanguage\":\"es\",\"@id\":\"https:\/\/www.csj-emballages.com\/es\/#\/schema\/logo\/image\/\",\"url\":\"https:\/\/www.csj-emballages.com\/wp-content\/uploads\/2023\/10\/logo_csj.webp\",\"contentUrl\":\"https:\/\/www.csj-emballages.com\/wp-content\/uploads\/2023\/10\/logo_csj.webp\",\"width\":250,\"height\":95,\"caption\":\"CSJ Emballages\"},\"image\":{\"@id\":\"https:\/\/www.csj-emballages.com\/es\/#\/schema\/logo\/image\/\"},\"sameAs\":[\"https:\/\/www.facebook.com\/csjemballages\"],\"address\":{\"@type\":\"PostalAddress\",\"streetAddress\":\"ZI La Lechere\",\"addressLocality\":\"Patornay\",\"postalCode\":\"39130\",\"addressCountry\":\"FR\"},\"contactPoint\":[{\"@type\":\"ContactPoint\",\"contactType\":\"Service client\",\"telephone\":\"0384254272\",\"email\":\"contact@csj-emballages.com\"}]}]}<\/script>\n<!-- \/ Yoast SEO Premium plugin. -->","yoast_head_json":{"title":"Nuggets Caja para llevar 228 x 124 x 78 mm, paquete de 50","description":"Caja kraft para nuggets de 228 x 124 x 78 mm, perfecta para la venta para llevar. Resistente a la grasa, garantiza un transporte \u00f3ptimo de sus pepitas","robots":{"index":"index","follow":"follow","max-snippet":"max-snippet:-1","max-image-preview":"max-image-preview:large","max-video-preview":"max-video-preview:-1"},"canonical":"https:\/\/www.csj-emballages.com\/es\/produit\/caja-de-carton-para-pepitas-para-llevar-228-x-124-x-78-mm-paquete-de-50\/","og_locale":"es_ES","og_type":"article","og_title":"Caja de cart\u00f3n para pepitas para llevar 228 x 124 x 78 mm, paquete de 50","og_description":"Caja kraft para nuggets de 228 x 124 x 78 mm, perfecta para la venta para llevar. Resistente a la grasa, garantiza un transporte \u00f3ptimo de sus pepitas","og_url":"https:\/\/www.csj-emballages.com\/es\/produit\/caja-de-carton-para-pepitas-para-llevar-228-x-124-x-78-mm-paquete-de-50\/","og_site_name":"CSJ Emballages","article_publisher":"https:\/\/www.facebook.com\/csjemballages","article_modified_time":"2026-04-30T00:17:08+00:00","og_image":[{"width":800,"height":800,"url":"https:\/\/www.csj-emballages.com\/wp-content\/uploads\/2024\/12\/TK22.webp","type":"image\/webp"}],"twitter_card":"summary_large_image","twitter_misc":{"Tiempo de lectura":"2 minutos"},"schema":{"@context":"https:\/\/schema.org","@graph":[{"@type":"WebPage","@id":"https:\/\/www.csj-emballages.com\/es\/produit\/caja-de-carton-para-pepitas-para-llevar-228-x-124-x-78-mm-paquete-de-50\/","url":"https:\/\/www.csj-emballages.com\/es\/produit\/caja-de-carton-para-pepitas-para-llevar-228-x-124-x-78-mm-paquete-de-50\/","name":"Nuggets Caja para llevar 228 x 124 x 78 mm, paquete de 50","isPartOf":{"@id":"https:\/\/www.csj-emballages.com\/es\/#website"},"primaryImageOfPage":{"@id":"https:\/\/www.csj-emballages.com\/es\/produit\/caja-de-carton-para-pepitas-para-llevar-228-x-124-x-78-mm-paquete-de-50\/#primaryimage"},"image":{"@id":"https:\/\/www.csj-emballages.com\/es\/produit\/caja-de-carton-para-pepitas-para-llevar-228-x-124-x-78-mm-paquete-de-50\/#primaryimage"},"thumbnailUrl":"https:\/\/www.csj-emballages.com\/wp-content\/uploads\/2024\/12\/TK22.webp","datePublished":"2024-12-18T15:15:26+00:00","dateModified":"2026-04-30T00:17:08+00:00","description":"Caja kraft para nuggets de 228 x 124 x 78 mm, perfecta para la venta para llevar. Resistente a la grasa, garantiza un transporte \u00f3ptimo de sus pepitas","breadcrumb":{"@id":"https:\/\/www.csj-emballages.com\/es\/produit\/caja-de-carton-para-pepitas-para-llevar-228-x-124-x-78-mm-paquete-de-50\/#breadcrumb"},"inLanguage":"es","potentialAction":[{"@type":"ReadAction","target":["https:\/\/www.csj-emballages.com\/es\/produit\/caja-de-carton-para-pepitas-para-llevar-228-x-124-x-78-mm-paquete-de-50\/"]}]},{"@type":"ImageObject","inLanguage":"es","@id":"https:\/\/www.csj-emballages.com\/es\/produit\/caja-de-carton-para-pepitas-para-llevar-228-x-124-x-78-mm-paquete-de-50\/#primaryimage","url":"https:\/\/www.csj-emballages.com\/wp-content\/uploads\/2024\/12\/TK22.webp","contentUrl":"https:\/\/www.csj-emballages.com\/wp-content\/uploads\/2024\/12\/TK22.webp","width":800,"height":800,"caption":"Boite nuggets"},{"@type":"BreadcrumbList","@id":"https:\/\/www.csj-emballages.com\/es\/produit\/caja-de-carton-para-pepitas-para-llevar-228-x-124-x-78-mm-paquete-de-50\/#breadcrumb","itemListElement":[{"@type":"ListItem","position":1,"name":"Accueil","item":"https:\/\/www.csj-emballages.com\/es\/universo-del-envasado-alimentario\/"},{"@type":"ListItem","position":2,"name":"Tienda","item":"https:\/\/www.csj-emballages.com\/tienda\/"},{"@type":"ListItem","position":3,"name":"Caja de cart\u00f3n para pepitas para llevar 228 x 124 x 78 mm, paquete de 50"}]},{"@type":"WebSite","@id":"https:\/\/www.csj-emballages.com\/es\/#website","url":"https:\/\/www.csj-emballages.com\/es\/","name":"CSJ Emballages","description":"","publisher":{"@id":"https:\/\/www.csj-emballages.com\/es\/#organization"},"potentialAction":[{"@type":"SearchAction","target":{"@type":"EntryPoint","urlTemplate":"https:\/\/www.csj-emballages.com\/es\/?s={search_term_string}"},"query-input":{"@type":"PropertyValueSpecification","valueRequired":true,"valueName":"search_term_string"}}],"inLanguage":"es"},{"@type":"Organization","@id":"https:\/\/www.csj-emballages.com\/es\/#Organization\/","name":"CSJ Emballages","url":"https:\/\/www.csj-emballages.com\/es\/","logo":{"@type":"ImageObject","inLanguage":"es","@id":"https:\/\/www.csj-emballages.com\/es\/#\/schema\/logo\/image\/","url":"https:\/\/www.csj-emballages.com\/wp-content\/uploads\/2023\/10\/logo_csj.webp","contentUrl":"https:\/\/www.csj-emballages.com\/wp-content\/uploads\/2023\/10\/logo_csj.webp","width":250,"height":95,"caption":"CSJ Emballages"},"image":{"@id":"https:\/\/www.csj-emballages.com\/es\/#\/schema\/logo\/image\/"},"sameAs":["https:\/\/www.facebook.com\/csjemballages"],"address":{"@type":"PostalAddress","streetAddress":"ZI La Lechere","addressLocality":"Patornay","postalCode":"39130","addressCountry":"FR"},"contactPoint":[{"@type":"ContactPoint","contactType":"Service client","telephone":"0384254272","email":"contact@csj-emballages.com"}]}]}},"df_price":18.78,"df_sale_price":"","df_regular_price":18.78,"df_image_link":"https:\/\/www.csj-emballages.com\/wp-content\/uploads\/2024\/12\/TK22-300x300.webp","tiered_pricing_type":"fixed","tiered_pricing_fixed_rules":[],"tiered_pricing_percentage_rules":[],"tiered_pricing_minimum":1,"tiered_pricing_roles_data":[],"_links":{"self":[{"href":"https:\/\/www.csj-emballages.com\/es\/wp-json\/wp\/v2\/product\/224706","targetHints":{"allow":["GET"]}}],"collection":[{"href":"https:\/\/www.csj-emballages.com\/es\/wp-json\/wp\/v2\/product"}],"about":[{"href":"https:\/\/www.csj-emballages.com\/es\/wp-json\/wp\/v2\/types\/product"}],"wp:featuredmedia":[{"embeddable":true,"href":"https:\/\/www.csj-emballages.com\/es\/wp-json\/wp\/v2\/media\/224652"}],"wp:attachment":[{"href":"https:\/\/www.csj-emballages.com\/es\/wp-json\/wp\/v2\/media?parent=224706"}],"wp:term":[{"taxonomy":"product_brand","embeddable":true,"href":"https:\/\/www.csj-emballages.com\/es\/wp-json\/wp\/v2\/product_brand?post=224706"},{"taxonomy":"product_cat","embeddable":true,"href":"https:\/\/www.csj-emballages.com\/es\/wp-json\/wp\/v2\/product_cat?post=224706"},{"taxonomy":"product_tag","embeddable":true,"href":"https:\/\/www.csj-emballages.com\/es\/wp-json\/wp\/v2\/product_tag?post=224706"}],"curies":[{"name":"wp","href":"https:\/\/api.w.org\/{rel}","templated":true}]}}