{"id":224685,"date":"2025-01-21T17:11:58","date_gmt":"2025-01-21T16:11:58","guid":{"rendered":"https:\/\/www.csj-emballages.com\/produit\/bandeja-dorada-negra-para-petit-fours-90-x-130-x-35-mm-paquete-de-50\/"},"modified":"2026-03-12T16:11:12","modified_gmt":"2026-03-12T15:11:12","slug":"bandeja-dorada-negra-para-petit-fours-90-x-130-x-35-mm-paquete-de-50","status":"publish","type":"product","link":"https:\/\/www.csj-emballages.com\/es\/produit\/bandeja-dorada-negra-para-petit-fours-90-x-130-x-35-mm-paquete-de-50\/","title":{"rendered":"Bandeja dorada\/negra para petit fours 90 x 130 x 35 mm, paquete de 50"},"content":{"rendered":"<h2>Bandeja de horno peque\u00f1a<\/h2>\n<div style=\"text-align: center;\">\n<hr>\n<h3 style=\"text-align: left;\">Descripci\u00f3n de la bandeja para petit fours oro\/negro 90 x 130 x 35 mm, paquete de 50<\/h3>\n<p style=\"text-align: left;\"><!--more--><\/p>\n<p style=\"text-align: left;\" data-start=\"162\" data-end=\"543\">La <strong data-start=\"165\" data-end=\"223\">bandeja dorada\/negra para petit fours de 90 x 130 x 35 mm por 50 unidades<\/strong> es el accesorio indispensable para hosteleros, pasteleros, panaderos y organizadores de recepciones que deseen exhibir sus creaciones. Esta <strong>bandeja<\/strong> realza sus delicias dulces y saladas garantizando una presentaci\u00f3n cuidada y profesional. Con unas dimensiones <strong data-start=\"556\" data-end=\"576\">de 90 x 130 x 35 mm<\/strong>, es ideal para exponer algunas piezas de petits fours, mignardises, amuse-bouches o bombones. El color <strong data-start=\"694\" data-end=\"702\">dorado y<\/strong> negro realza inmediatamente sus preparaciones reflejando la luz y reforzando su aspecto refinado.   <\/p>\n<p style=\"text-align: left;\" data-start=\"545\" data-end=\"947\">Esta <strong data-start=\"71\" data-end=\"105\">bandeja dorada\/negra para petit fours<\/strong> es <strong data-start=\"110\" data-end=\"124\">reversible<\/strong>, lo que le permite elegir entre un elegante lado negro o un deslumbrante lado dorado para adaptarse a su gusto y presentaci\u00f3n.<\/p>\n<p style=\"text-align: left;\" data-start=\"545\" data-end=\"947\">Adem\u00e1s, m\u00e1s all\u00e1 de su atractivo est\u00e9tico, esta <strong>bandeja<\/strong> destaca por su robustez y practicidad. Su peso especialmente estudiado le permite resistir incluso a las preparaciones m\u00e1s sustanciosas, por lo que es tan adecuada para los platos salados como para los dulces. Envasada en lotes de <strong data-start=\"1218\" data-end=\"1235\">50 bandejas<\/strong>, responde a las necesidades de los profesionales que organizan regularmente eventos o ventas para llevar. F\u00e1ciles de almacenar y manipular, estas <strong>bandejas<\/strong> tambi\u00e9n son muy populares entre los clientes particulares que desean dar un toque de alta gama a sus buffets dom\u00e9sticos o celebraciones familiares. Su dise\u00f1o elegante y vers\u00e1til le permite exhibir sus preparaciones sin dejar de ser accesible y pr\u00e1ctico de usar.    <\/p>\n<p style=\"text-align: left;\" data-start=\"1677\" data-end=\"1864\">En resumen, con la <strong data-start=\"1685\" data-end=\"1736\">bandeja para petit fours dorada\/negra de 90 x 130 x 35 mm<\/strong>, puede estar seguro de combinar est\u00e9tica, funcionalidad y calidad, para unas presentaciones impecables y exitosas en todo momento.<\/p>\n<p>&nbsp;<\/p>\n<p style=\"text-align: left;\"><!--more--><\/p>\n<h4 style=\"text-align: left;\"><strong>Ventajas :<\/strong><\/h4>\n<ul>\n<li style=\"text-align: left;\" data-start=\"481\" data-end=\"578\"><strong data-start=\"1779\" data-end=\"1804\">Elegante presentaci\u00f3n<\/strong> gracias al contraste oro\/negro.<\/li>\n<li style=\"text-align: left;\" data-start=\"579\" data-end=\"680\"><strong data-start=\"1837\" data-end=\"1856\">Pr\u00e1ctico formato<\/strong> (90 x 130 x 35 mm) ideal para petits fours y mignardises.<\/li>\n<li style=\"text-align: left;\" data-start=\"681\" data-end=\"761\"><strong data-start=\"683\" data-end=\"705\">Transporte seguro<\/strong>: bordes r\u00edgidos para sujetar bien los productos.<\/li>\n<li style=\"text-align: left;\" data-start=\"762\" data-end=\"860\"><strong data-start=\"764\" data-end=\"784\">Uso vers\u00e1til<\/strong>: Adecuado para eventos, buffets, recepciones y vitrinas de reposter\u00eda.<\/li>\n<li style=\"text-align: left;\" data-start=\"861\" data-end=\"960\"><strong data-start=\"863\" data-end=\"893\">Envase econ\u00f3mico<\/strong>: paquete de 50 para uso profesional o personal.<\/li>\n<\/ul>\n<\/div>\n<p>&nbsp;<\/p>\n<p><!--more--><\/p>\n<h4>Informaci\u00f3n adicional :<\/h4>\n<ul>\n<li><strong>Envase<\/strong>: Paquete de 50<\/li>\n<li><strong>Dimensiones<\/strong>: 90 x 130 x 35 mm<\/li>\n<li><strong>Material<\/strong>: Cart\u00f3n<\/li>\n<li><strong>Color<\/strong>: Oro \/ negro<\/li>\n<\/ul>\n<p>&nbsp;<\/p>\n<p><!--more--><\/p>\n<p>Producto disponible en varios tama\u00f1os: <span style=\"color: #d12727;\"><a style=\"color: #d12727;\" href=\"https:\/\/www.csj-emballages.com\/es\/produit\/bandeja-petit-fours-oro-negro-100-x-160-x-35-mm-50-por-bandeja\/\">100 x 160 x 35 mm<\/a><\/span> \/ <span style=\"color: #d12727;\"><a style=\"color: #d12727;\" href=\"https:\/\/www.csj-emballages.com\/es\/produit\/bandeja-dorada-negra-para-petit-fours-120-x-190-x-35-mm-paquete-de-50\/\">120 x 190 x 35 mm<\/a><\/span><\/p>\n<p>&nbsp;<\/p>\n<p><!--more--><\/p>\n<p><a href=\"\/?product_cat=plateaux-traiteurs\">Ver el resto de nuestra gama de bandejas de hosteler\u00eda<\/a><\/p>\n","protected":false},"excerpt":{"rendered":"<p>Bandeja de horno peque\u00f1a Descripci\u00f3n de la bandeja para petit fours oro\/negro 90 x 130 x 35 mm, paquete de 50<\/p>\n","protected":false},"featured_media":224673,"template":"","meta":{"_acf_changed":false},"product_brand":[],"product_cat":[1150,1143,1288,2820,1179,1302,2821],"product_tag":[],"class_list":{"0":"post-224685","1":"product","2":"type-product","3":"status-publish","4":"has-post-thumbnail","6":"product_cat-envasado-de-alimentos","7":"product_cat-carniceria-y-charcuteria","8":"product_cat-bandejas","9":"product_cat-bandejas-de-catering","10":"product_cat-catering-es","11":"product_cat-bandejas-es","12":"product_cat-bandejas-de-catering-es","14":"first","15":"instock","16":"taxable","17":"shipping-taxable","18":"purchasable","19":"product-type-simple"},"acf":[],"yoast_head":"<!-- This site is optimized with the Yoast SEO Premium plugin v26.6 (Yoast SEO v26.6) - https:\/\/yoast.com\/wordpress\/plugins\/seo\/ -->\n<title>Bandeja Petits Fours Oro\/Negro 90 x 130 x 35 mm, paquete de 50<\/title>\n<meta name=\"description\" content=\"Bandeja Petit fours oro\/negro 90 x 130 x 35 mm - Realza tus pastas y bocados con esta elegante bandeja, ideal para servicios de catering y clientes particulares.\" \/>\n<meta name=\"robots\" content=\"index, follow, max-snippet:-1, max-image-preview:large, max-video-preview:-1\" \/>\n<link rel=\"canonical\" href=\"https:\/\/www.csj-emballages.com\/es\/produit\/bandeja-dorada-negra-para-petit-fours-90-x-130-x-35-mm-paquete-de-50\/\" \/>\n<meta property=\"og:locale\" content=\"es_ES\" \/>\n<meta property=\"og:type\" content=\"article\" \/>\n<meta property=\"og:title\" content=\"Bandeja dorada\/negra para petit fours 90 x 130 x 35 mm, paquete de 50\" \/>\n<meta property=\"og:description\" content=\"Bandeja Petit fours oro\/negro 90 x 130 x 35 mm - Realza tus pastas y bocados con esta elegante bandeja, ideal para servicios de catering y clientes particulares.\" \/>\n<meta property=\"og:url\" content=\"https:\/\/www.csj-emballages.com\/es\/produit\/bandeja-dorada-negra-para-petit-fours-90-x-130-x-35-mm-paquete-de-50\/\" \/>\n<meta property=\"og:site_name\" content=\"CSJ Emballages\" \/>\n<meta property=\"article:publisher\" content=\"https:\/\/www.facebook.com\/csjemballages\" \/>\n<meta property=\"article:modified_time\" content=\"2026-03-12T15:11:12+00:00\" \/>\n<meta property=\"og:image\" content=\"https:\/\/www.csj-emballages.com\/wp-content\/uploads\/2025\/01\/BARQ9x13-1.webp\" \/>\n\t<meta property=\"og:image:width\" content=\"801\" \/>\n\t<meta property=\"og:image:height\" content=\"800\" \/>\n\t<meta property=\"og:image:type\" content=\"image\/webp\" \/>\n<meta name=\"twitter:card\" content=\"summary_large_image\" \/>\n<meta name=\"twitter:label1\" content=\"Tiempo de lectura\" \/>\n\t<meta name=\"twitter:data1\" content=\"2 minutos\" \/>\n<script type=\"application\/ld+json\" class=\"yoast-schema-graph\">{\"@context\":\"https:\/\/schema.org\",\"@graph\":[{\"@type\":\"WebPage\",\"@id\":\"https:\/\/www.csj-emballages.com\/es\/produit\/bandeja-dorada-negra-para-petit-fours-90-x-130-x-35-mm-paquete-de-50\/\",\"url\":\"https:\/\/www.csj-emballages.com\/es\/produit\/bandeja-dorada-negra-para-petit-fours-90-x-130-x-35-mm-paquete-de-50\/\",\"name\":\"Bandeja Petits Fours Oro\/Negro 90 x 130 x 35 mm, paquete de 50\",\"isPartOf\":{\"@id\":\"https:\/\/www.csj-emballages.com\/es\/#website\"},\"primaryImageOfPage\":{\"@id\":\"https:\/\/www.csj-emballages.com\/es\/produit\/bandeja-dorada-negra-para-petit-fours-90-x-130-x-35-mm-paquete-de-50\/#primaryimage\"},\"image\":{\"@id\":\"https:\/\/www.csj-emballages.com\/es\/produit\/bandeja-dorada-negra-para-petit-fours-90-x-130-x-35-mm-paquete-de-50\/#primaryimage\"},\"thumbnailUrl\":\"https:\/\/www.csj-emballages.com\/wp-content\/uploads\/2025\/01\/BARQ9x13-1.webp\",\"datePublished\":\"2025-01-21T16:11:58+00:00\",\"dateModified\":\"2026-03-12T15:11:12+00:00\",\"description\":\"Bandeja Petit fours oro\/negro 90 x 130 x 35 mm - Realza tus pastas y bocados con esta elegante bandeja, ideal para servicios de catering y clientes particulares.\",\"breadcrumb\":{\"@id\":\"https:\/\/www.csj-emballages.com\/es\/produit\/bandeja-dorada-negra-para-petit-fours-90-x-130-x-35-mm-paquete-de-50\/#breadcrumb\"},\"inLanguage\":\"es\",\"potentialAction\":[{\"@type\":\"ReadAction\",\"target\":[\"https:\/\/www.csj-emballages.com\/es\/produit\/bandeja-dorada-negra-para-petit-fours-90-x-130-x-35-mm-paquete-de-50\/\"]}]},{\"@type\":\"ImageObject\",\"inLanguage\":\"es\",\"@id\":\"https:\/\/www.csj-emballages.com\/es\/produit\/bandeja-dorada-negra-para-petit-fours-90-x-130-x-35-mm-paquete-de-50\/#primaryimage\",\"url\":\"https:\/\/www.csj-emballages.com\/wp-content\/uploads\/2025\/01\/BARQ9x13-1.webp\",\"contentUrl\":\"https:\/\/www.csj-emballages.com\/wp-content\/uploads\/2025\/01\/BARQ9x13-1.webp\",\"width\":801,\"height\":800,\"caption\":\"Barquette petits fours\"},{\"@type\":\"BreadcrumbList\",\"@id\":\"https:\/\/www.csj-emballages.com\/es\/produit\/bandeja-dorada-negra-para-petit-fours-90-x-130-x-35-mm-paquete-de-50\/#breadcrumb\",\"itemListElement\":[{\"@type\":\"ListItem\",\"position\":1,\"name\":\"Accueil\",\"item\":\"https:\/\/www.csj-emballages.com\/es\/universo-del-envasado-alimentario\/\"},{\"@type\":\"ListItem\",\"position\":2,\"name\":\"Tienda\",\"item\":\"https:\/\/www.csj-emballages.com\/tienda\/\"},{\"@type\":\"ListItem\",\"position\":3,\"name\":\"Bandeja dorada\/negra para petit fours 90 x 130 x 35 mm, paquete de 50\"}]},{\"@type\":\"WebSite\",\"@id\":\"https:\/\/www.csj-emballages.com\/es\/#website\",\"url\":\"https:\/\/www.csj-emballages.com\/es\/\",\"name\":\"CSJ Emballages\",\"description\":\"\",\"publisher\":{\"@id\":\"https:\/\/www.csj-emballages.com\/es\/#organization\"},\"potentialAction\":[{\"@type\":\"SearchAction\",\"target\":{\"@type\":\"EntryPoint\",\"urlTemplate\":\"https:\/\/www.csj-emballages.com\/es\/?s={search_term_string}\"},\"query-input\":{\"@type\":\"PropertyValueSpecification\",\"valueRequired\":true,\"valueName\":\"search_term_string\"}}],\"inLanguage\":\"es\"},{\"@type\":\"Organization\",\"@id\":\"https:\/\/www.csj-emballages.com\/es\/#Organization\/\",\"name\":\"CSJ Emballages\",\"url\":\"https:\/\/www.csj-emballages.com\/es\/\",\"logo\":{\"@type\":\"ImageObject\",\"inLanguage\":\"es\",\"@id\":\"https:\/\/www.csj-emballages.com\/es\/#\/schema\/logo\/image\/\",\"url\":\"https:\/\/www.csj-emballages.com\/wp-content\/uploads\/2023\/10\/logo_csj.webp\",\"contentUrl\":\"https:\/\/www.csj-emballages.com\/wp-content\/uploads\/2023\/10\/logo_csj.webp\",\"width\":250,\"height\":95,\"caption\":\"CSJ Emballages\"},\"image\":{\"@id\":\"https:\/\/www.csj-emballages.com\/es\/#\/schema\/logo\/image\/\"},\"sameAs\":[\"https:\/\/www.facebook.com\/csjemballages\"],\"address\":{\"@type\":\"PostalAddress\",\"streetAddress\":\"ZI La Lechere\",\"addressLocality\":\"Patornay\",\"postalCode\":\"39130\",\"addressCountry\":\"FR\"},\"contactPoint\":[{\"@type\":\"ContactPoint\",\"contactType\":\"Service client\",\"telephone\":\"0384254272\",\"email\":\"contact@csj-emballages.com\"}]}]}<\/script>\n<!-- \/ Yoast SEO Premium plugin. -->","yoast_head_json":{"title":"Bandeja Petits Fours Oro\/Negro 90 x 130 x 35 mm, paquete de 50","description":"Bandeja Petit fours oro\/negro 90 x 130 x 35 mm - Realza tus pastas y bocados con esta elegante bandeja, ideal para servicios de catering y clientes particulares.","robots":{"index":"index","follow":"follow","max-snippet":"max-snippet:-1","max-image-preview":"max-image-preview:large","max-video-preview":"max-video-preview:-1"},"canonical":"https:\/\/www.csj-emballages.com\/es\/produit\/bandeja-dorada-negra-para-petit-fours-90-x-130-x-35-mm-paquete-de-50\/","og_locale":"es_ES","og_type":"article","og_title":"Bandeja dorada\/negra para petit fours 90 x 130 x 35 mm, paquete de 50","og_description":"Bandeja Petit fours oro\/negro 90 x 130 x 35 mm - Realza tus pastas y bocados con esta elegante bandeja, ideal para servicios de catering y clientes particulares.","og_url":"https:\/\/www.csj-emballages.com\/es\/produit\/bandeja-dorada-negra-para-petit-fours-90-x-130-x-35-mm-paquete-de-50\/","og_site_name":"CSJ Emballages","article_publisher":"https:\/\/www.facebook.com\/csjemballages","article_modified_time":"2026-03-12T15:11:12+00:00","og_image":[{"width":801,"height":800,"url":"https:\/\/www.csj-emballages.com\/wp-content\/uploads\/2025\/01\/BARQ9x13-1.webp","type":"image\/webp"}],"twitter_card":"summary_large_image","twitter_misc":{"Tiempo de lectura":"2 minutos"},"schema":{"@context":"https:\/\/schema.org","@graph":[{"@type":"WebPage","@id":"https:\/\/www.csj-emballages.com\/es\/produit\/bandeja-dorada-negra-para-petit-fours-90-x-130-x-35-mm-paquete-de-50\/","url":"https:\/\/www.csj-emballages.com\/es\/produit\/bandeja-dorada-negra-para-petit-fours-90-x-130-x-35-mm-paquete-de-50\/","name":"Bandeja Petits Fours Oro\/Negro 90 x 130 x 35 mm, paquete de 50","isPartOf":{"@id":"https:\/\/www.csj-emballages.com\/es\/#website"},"primaryImageOfPage":{"@id":"https:\/\/www.csj-emballages.com\/es\/produit\/bandeja-dorada-negra-para-petit-fours-90-x-130-x-35-mm-paquete-de-50\/#primaryimage"},"image":{"@id":"https:\/\/www.csj-emballages.com\/es\/produit\/bandeja-dorada-negra-para-petit-fours-90-x-130-x-35-mm-paquete-de-50\/#primaryimage"},"thumbnailUrl":"https:\/\/www.csj-emballages.com\/wp-content\/uploads\/2025\/01\/BARQ9x13-1.webp","datePublished":"2025-01-21T16:11:58+00:00","dateModified":"2026-03-12T15:11:12+00:00","description":"Bandeja Petit fours oro\/negro 90 x 130 x 35 mm - Realza tus pastas y bocados con esta elegante bandeja, ideal para servicios de catering y clientes particulares.","breadcrumb":{"@id":"https:\/\/www.csj-emballages.com\/es\/produit\/bandeja-dorada-negra-para-petit-fours-90-x-130-x-35-mm-paquete-de-50\/#breadcrumb"},"inLanguage":"es","potentialAction":[{"@type":"ReadAction","target":["https:\/\/www.csj-emballages.com\/es\/produit\/bandeja-dorada-negra-para-petit-fours-90-x-130-x-35-mm-paquete-de-50\/"]}]},{"@type":"ImageObject","inLanguage":"es","@id":"https:\/\/www.csj-emballages.com\/es\/produit\/bandeja-dorada-negra-para-petit-fours-90-x-130-x-35-mm-paquete-de-50\/#primaryimage","url":"https:\/\/www.csj-emballages.com\/wp-content\/uploads\/2025\/01\/BARQ9x13-1.webp","contentUrl":"https:\/\/www.csj-emballages.com\/wp-content\/uploads\/2025\/01\/BARQ9x13-1.webp","width":801,"height":800,"caption":"Barquette petits fours"},{"@type":"BreadcrumbList","@id":"https:\/\/www.csj-emballages.com\/es\/produit\/bandeja-dorada-negra-para-petit-fours-90-x-130-x-35-mm-paquete-de-50\/#breadcrumb","itemListElement":[{"@type":"ListItem","position":1,"name":"Accueil","item":"https:\/\/www.csj-emballages.com\/es\/universo-del-envasado-alimentario\/"},{"@type":"ListItem","position":2,"name":"Tienda","item":"https:\/\/www.csj-emballages.com\/tienda\/"},{"@type":"ListItem","position":3,"name":"Bandeja dorada\/negra para petit fours 90 x 130 x 35 mm, paquete de 50"}]},{"@type":"WebSite","@id":"https:\/\/www.csj-emballages.com\/es\/#website","url":"https:\/\/www.csj-emballages.com\/es\/","name":"CSJ Emballages","description":"","publisher":{"@id":"https:\/\/www.csj-emballages.com\/es\/#organization"},"potentialAction":[{"@type":"SearchAction","target":{"@type":"EntryPoint","urlTemplate":"https:\/\/www.csj-emballages.com\/es\/?s={search_term_string}"},"query-input":{"@type":"PropertyValueSpecification","valueRequired":true,"valueName":"search_term_string"}}],"inLanguage":"es"},{"@type":"Organization","@id":"https:\/\/www.csj-emballages.com\/es\/#Organization\/","name":"CSJ Emballages","url":"https:\/\/www.csj-emballages.com\/es\/","logo":{"@type":"ImageObject","inLanguage":"es","@id":"https:\/\/www.csj-emballages.com\/es\/#\/schema\/logo\/image\/","url":"https:\/\/www.csj-emballages.com\/wp-content\/uploads\/2023\/10\/logo_csj.webp","contentUrl":"https:\/\/www.csj-emballages.com\/wp-content\/uploads\/2023\/10\/logo_csj.webp","width":250,"height":95,"caption":"CSJ Emballages"},"image":{"@id":"https:\/\/www.csj-emballages.com\/es\/#\/schema\/logo\/image\/"},"sameAs":["https:\/\/www.facebook.com\/csjemballages"],"address":{"@type":"PostalAddress","streetAddress":"ZI La Lechere","addressLocality":"Patornay","postalCode":"39130","addressCountry":"FR"},"contactPoint":[{"@type":"ContactPoint","contactType":"Service client","telephone":"0384254272","email":"contact@csj-emballages.com"}]}]}},"df_price":6.73,"df_sale_price":"","df_regular_price":6.73,"df_image_link":"https:\/\/www.csj-emballages.com\/wp-content\/uploads\/2025\/01\/BARQ9x13-1-300x300.webp","tiered_pricing_type":"fixed","tiered_pricing_fixed_rules":[],"tiered_pricing_percentage_rules":[],"tiered_pricing_minimum":1,"tiered_pricing_roles_data":[],"_links":{"self":[{"href":"https:\/\/www.csj-emballages.com\/es\/wp-json\/wp\/v2\/product\/224685","targetHints":{"allow":["GET"]}}],"collection":[{"href":"https:\/\/www.csj-emballages.com\/es\/wp-json\/wp\/v2\/product"}],"about":[{"href":"https:\/\/www.csj-emballages.com\/es\/wp-json\/wp\/v2\/types\/product"}],"wp:featuredmedia":[{"embeddable":true,"href":"https:\/\/www.csj-emballages.com\/es\/wp-json\/wp\/v2\/media\/224673"}],"wp:attachment":[{"href":"https:\/\/www.csj-emballages.com\/es\/wp-json\/wp\/v2\/media?parent=224685"}],"wp:term":[{"taxonomy":"product_brand","embeddable":true,"href":"https:\/\/www.csj-emballages.com\/es\/wp-json\/wp\/v2\/product_brand?post=224685"},{"taxonomy":"product_cat","embeddable":true,"href":"https:\/\/www.csj-emballages.com\/es\/wp-json\/wp\/v2\/product_cat?post=224685"},{"taxonomy":"product_tag","embeddable":true,"href":"https:\/\/www.csj-emballages.com\/es\/wp-json\/wp\/v2\/product_tag?post=224685"}],"curies":[{"name":"wp","href":"https:\/\/api.w.org\/{rel}","templated":true}]}}