{"id":22454,"date":"2024-03-01T16:51:21","date_gmt":"2024-03-01T15:51:21","guid":{"rendered":"https:\/\/u15jnbdpoq.preview.infomaniak.website\/produit\/50-platos-desechables-de-aluminio-6500ml\/"},"modified":"2026-04-30T02:14:38","modified_gmt":"2026-04-30T00:14:38","slug":"50-platos-desechables-de-aluminio-6500ml","status":"publish","type":"product","link":"https:\/\/www.csj-emballages.com\/es\/produit\/50-platos-desechables-de-aluminio-6500ml\/","title":{"rendered":"Plato gastr\u00f3nomo de aluminio 6500 ml por 50"},"content":{"rendered":"<h2>Plato gastron\u00f3mico<\/h2>\n<hr>\n<h3>Descripci\u00f3n de nuestro plato gastr\u00f3nomo de aluminio 6500 ml por 50<\/h3>\n<p><!--more--><\/p>\n<p class=\"\" data-start=\"31\" data-end=\"416\">El <strong data-start=\"34\" data-end=\"74\">plato gastr\u00f3nomo de aluminio de 6500 ml<\/strong> es una soluci\u00f3n ideal para <strong data-start=\"108\" data-end=\"136\">empresas de catering, restaurantes<\/strong> y <strong data-start=\"140\" data-end=\"156\">particulares<\/strong> que buscan un recipiente de gran capacidad, duradero y pr\u00e1ctico. Dise\u00f1ada para contener grandes preparaciones, esta <strong>fuente<\/strong> es perfecta para guisos, gratinados, carnes asadas y otros platos que requieran un envasado seguro. Gracias a su <strong data-start=\"429\" data-end=\"457\">composici\u00f3n de aluminio<\/strong>, ofrece una excelente resistencia al calor, manteniendo sus platos calientes y facilitando su recalentamiento en el horno. Su rigidez tambi\u00e9n garantiza un transporte seguro, sin riesgo de deformaci\u00f3n.   <\/p>\n<p class=\"\" data-start=\"686\" data-end=\"1002\">Ya sea para un buf\u00e9, un servicio de catering o un evento, este <strong>plato gourmet<\/strong> es imprescindible por su practicidad. Sus <strong data-start=\"34\" data-end=\"74\">6.500<\/strong><strong data-start=\"853\" data-end=\"864\"> ml de<\/strong> capacidad le permiten servir <strong data-start=\"885\" data-end=\"905\">grandes raciones<\/strong>, satisfaciendo las necesidades tanto de los profesionales de la restauraci\u00f3n como de las familias numerosas. <\/p>\n<p class=\"\" data-start=\"1004\" data-end=\"1133\">\n<p><!--more--><\/p>\n<h4>Sus ventajas:<\/h4>\n<ul>\n<li data-start=\"1063\" data-end=\"1163\"><strong data-start=\"1332\" data-end=\"1351\">Gran capacidad<\/strong>: 6500 ml, perfecto para platos grandes.<\/li>\n<li data-start=\"1164\" data-end=\"1241\"><strong data-start=\"1402\" data-end=\"1425\">Resistente y r\u00edgido<\/strong>: mantiene su forma, incluso con platos pesados.<\/li>\n<li data-start=\"1242\" data-end=\"1327\"><strong data-start=\"1480\" data-end=\"1507\">Uso vers\u00e1til<\/strong>: Este plato gourmet se puede utilizar caliente o fr\u00edo.<\/li>\n<li data-start=\"1328\" data-end=\"1424\"><strong data-start=\"1550\" data-end=\"1569\">Apto para el horno<\/strong>: Se puede recalentar directamente sin decantar.<\/li>\n<li data-start=\"1425\" data-end=\"1500\"><strong data-start=\"1628\" data-end=\"1658\">Pr\u00e1ctico para el transporte<\/strong>: Seguro para entregas y eventos.<\/li>\n<\/ul>\n<p>&nbsp;<\/p>\n<p><!--more--><\/p>\n<h4>Informaci\u00f3n adicional :<\/h4>\n<ul>\n<li><strong>Envase<\/strong>: Paquete de 50<\/li>\n<li><strong>Dimensiones<\/strong>: 525 x 325 x 50 ( L x A x A en mm )<\/li>\n<li><strong>Volumen<\/strong>: 6500 ml<\/li>\n<li><strong>Material<\/strong>: Aluminio<\/li>\n<li><strong>Temperatura de funcionamiento<\/strong>: -40\u00b0C \/ +350\u00b0C<\/li>\n<\/ul>\n<p>&nbsp;<\/p>\n<p><!--more--><\/p>\n<p>Encuentre aqu\u00ed la tapa compatible con este plato : <span style=\"color: #d12727\"><a style=\"color: #d12727\" href=\"https:\/\/www.csj-emballages.com\/produit\/50-couvercles-plats-gastronomes-aluminium-pg6800-pg8850-pg11450\/\">OP11PG<\/a><\/span><\/p>\n<p>&nbsp;<\/p>\n<p><!--more--><\/p>\n<p>Este producto est\u00e1 disponible en diferentes tama\u00f1os:<span style=\"color: #d12727\"> <a style=\"color: #d12727\" href=\"https:\/\/www.csj-emballages.com\/produit\/50-plats-gastronomes-jetables-aluminium-8850ml\/\">8850 ml<\/a> <span style=\"color: #000000\">\/<\/span> <a style=\"color: #d12727\" href=\"https:\/\/www.csj-emballages.com\/produit\/50-plats-gastronomes-jetables-aluminium-11450ml\/\">11450 ml<\/a><\/span><\/p>\n<p><!--more--><\/p>\n<p><a href=\"https:\/\/www.csj-emballages.com\/es\/categorie-produit\/envasado-de-alimentos\/carniceria-y-charcuteria\/bandejas-latas-y-tarros\/bandejas-platos-moldes-bandejas-de-comida-tazas-ramequines-pasteles-de-carne-de-aluminio\/platos-gourmet\/\">Ver el resto de nuestra gama de platos gourmet de aluminio<\/a><\/p>\n","protected":false},"excerpt":{"rendered":"<p>Plato gastron\u00f3mico Descripci\u00f3n de nuestro plato gastr\u00f3nomo de aluminio 6500 ml por 50<\/p>\n","protected":false},"featured_media":228947,"template":"","meta":{"_acf_changed":false},"product_brand":[],"product_cat":[1143,2006,2914],"product_tag":[],"class_list":{"0":"post-22454","1":"product","2":"type-product","3":"status-publish","4":"has-post-thumbnail","6":"product_cat-carniceria-y-charcuteria","7":"product_cat-bandejas-platos-moldes-bandejas-de-comida-tazas-ramequines-pasteles-de-carne-de-aluminio","8":"product_cat-platos-gourmet","10":"first","11":"instock","12":"taxable","13":"shipping-taxable","14":"purchasable","15":"product-type-simple"},"acf":[],"yoast_head":"<!-- This site is optimized with the Yoast SEO Premium plugin v26.6 (Yoast SEO v26.6) - https:\/\/yoast.com\/wordpress\/plugins\/seo\/ -->\n<title>Plato Gastronome de aluminio de 6500 ml, paquete de 50<\/title>\n<meta name=\"description\" content=\"Plato gastron\u00f3mico de aluminio de 6500 ml, ideal para cocinar, almacenar y transportar alimentos. Resistente, pr\u00e1ctico y apto para profesionales.\" \/>\n<meta name=\"robots\" content=\"index, follow, max-snippet:-1, max-image-preview:large, max-video-preview:-1\" \/>\n<link rel=\"canonical\" href=\"https:\/\/www.csj-emballages.com\/es\/produit\/50-platos-desechables-de-aluminio-6500ml\/\" \/>\n<meta property=\"og:locale\" content=\"es_ES\" \/>\n<meta property=\"og:type\" content=\"article\" \/>\n<meta property=\"og:title\" content=\"Plato gastr\u00f3nomo de aluminio 6500 ml por 50\" \/>\n<meta property=\"og:description\" content=\"Plato gastron\u00f3mico de aluminio de 6500 ml, ideal para cocinar, almacenar y transportar alimentos. Resistente, pr\u00e1ctico y apto para profesionales.\" \/>\n<meta property=\"og:url\" content=\"https:\/\/www.csj-emballages.com\/es\/produit\/50-platos-desechables-de-aluminio-6500ml\/\" \/>\n<meta property=\"og:site_name\" content=\"CSJ Emballages\" \/>\n<meta property=\"article:publisher\" content=\"https:\/\/www.facebook.com\/csjemballages\" \/>\n<meta property=\"article:modified_time\" content=\"2026-04-30T00:14:38+00:00\" \/>\n<meta property=\"og:image\" content=\"https:\/\/www.csj-emballages.com\/wp-content\/uploads\/2024\/03\/PG-6800.webp\" \/>\n\t<meta property=\"og:image:width\" content=\"800\" \/>\n\t<meta property=\"og:image:height\" content=\"800\" \/>\n\t<meta property=\"og:image:type\" content=\"image\/webp\" \/>\n<meta name=\"twitter:card\" content=\"summary_large_image\" \/>\n<meta name=\"twitter:label1\" content=\"Tiempo de lectura\" \/>\n\t<meta name=\"twitter:data1\" content=\"1 minuto\" \/>\n<script type=\"application\/ld+json\" class=\"yoast-schema-graph\">{\"@context\":\"https:\/\/schema.org\",\"@graph\":[{\"@type\":\"WebPage\",\"@id\":\"https:\/\/www.csj-emballages.com\/es\/produit\/50-platos-desechables-de-aluminio-6500ml\/\",\"url\":\"https:\/\/www.csj-emballages.com\/es\/produit\/50-platos-desechables-de-aluminio-6500ml\/\",\"name\":\"Plato Gastronome de aluminio de 6500 ml, paquete de 50\",\"isPartOf\":{\"@id\":\"https:\/\/www.csj-emballages.com\/es\/#website\"},\"primaryImageOfPage\":{\"@id\":\"https:\/\/www.csj-emballages.com\/es\/produit\/50-platos-desechables-de-aluminio-6500ml\/#primaryimage\"},\"image\":{\"@id\":\"https:\/\/www.csj-emballages.com\/es\/produit\/50-platos-desechables-de-aluminio-6500ml\/#primaryimage\"},\"thumbnailUrl\":\"https:\/\/www.csj-emballages.com\/wp-content\/uploads\/2024\/03\/PG-6800.webp\",\"datePublished\":\"2024-03-01T15:51:21+00:00\",\"dateModified\":\"2026-04-30T00:14:38+00:00\",\"description\":\"Plato gastron\u00f3mico de aluminio de 6500 ml, ideal para cocinar, almacenar y transportar alimentos. Resistente, pr\u00e1ctico y apto para profesionales.\",\"breadcrumb\":{\"@id\":\"https:\/\/www.csj-emballages.com\/es\/produit\/50-platos-desechables-de-aluminio-6500ml\/#breadcrumb\"},\"inLanguage\":\"es\",\"potentialAction\":[{\"@type\":\"ReadAction\",\"target\":[\"https:\/\/www.csj-emballages.com\/es\/produit\/50-platos-desechables-de-aluminio-6500ml\/\"]}]},{\"@type\":\"ImageObject\",\"inLanguage\":\"es\",\"@id\":\"https:\/\/www.csj-emballages.com\/es\/produit\/50-platos-desechables-de-aluminio-6500ml\/#primaryimage\",\"url\":\"https:\/\/www.csj-emballages.com\/wp-content\/uploads\/2024\/03\/PG-6800.webp\",\"contentUrl\":\"https:\/\/www.csj-emballages.com\/wp-content\/uploads\/2024\/03\/PG-6800.webp\",\"width\":800,\"height\":800,\"caption\":\"Plat gastronome\"},{\"@type\":\"BreadcrumbList\",\"@id\":\"https:\/\/www.csj-emballages.com\/es\/produit\/50-platos-desechables-de-aluminio-6500ml\/#breadcrumb\",\"itemListElement\":[{\"@type\":\"ListItem\",\"position\":1,\"name\":\"Accueil\",\"item\":\"https:\/\/www.csj-emballages.com\/es\/universo-del-envasado-alimentario\/\"},{\"@type\":\"ListItem\",\"position\":2,\"name\":\"Tienda\",\"item\":\"https:\/\/www.csj-emballages.com\/tienda\/\"},{\"@type\":\"ListItem\",\"position\":3,\"name\":\"Plato gastr\u00f3nomo de aluminio 6500 ml por 50\"}]},{\"@type\":\"WebSite\",\"@id\":\"https:\/\/www.csj-emballages.com\/es\/#website\",\"url\":\"https:\/\/www.csj-emballages.com\/es\/\",\"name\":\"CSJ Emballages\",\"description\":\"\",\"publisher\":{\"@id\":\"https:\/\/www.csj-emballages.com\/es\/#organization\"},\"potentialAction\":[{\"@type\":\"SearchAction\",\"target\":{\"@type\":\"EntryPoint\",\"urlTemplate\":\"https:\/\/www.csj-emballages.com\/es\/?s={search_term_string}\"},\"query-input\":{\"@type\":\"PropertyValueSpecification\",\"valueRequired\":true,\"valueName\":\"search_term_string\"}}],\"inLanguage\":\"es\"},{\"@type\":\"Organization\",\"@id\":\"https:\/\/www.csj-emballages.com\/es\/#Organization\/\",\"name\":\"CSJ Emballages\",\"url\":\"https:\/\/www.csj-emballages.com\/es\/\",\"logo\":{\"@type\":\"ImageObject\",\"inLanguage\":\"es\",\"@id\":\"https:\/\/www.csj-emballages.com\/es\/#\/schema\/logo\/image\/\",\"url\":\"https:\/\/www.csj-emballages.com\/wp-content\/uploads\/2023\/10\/logo_csj.webp\",\"contentUrl\":\"https:\/\/www.csj-emballages.com\/wp-content\/uploads\/2023\/10\/logo_csj.webp\",\"width\":250,\"height\":95,\"caption\":\"CSJ Emballages\"},\"image\":{\"@id\":\"https:\/\/www.csj-emballages.com\/es\/#\/schema\/logo\/image\/\"},\"sameAs\":[\"https:\/\/www.facebook.com\/csjemballages\"],\"address\":{\"@type\":\"PostalAddress\",\"streetAddress\":\"ZI La Lechere\",\"addressLocality\":\"Patornay\",\"postalCode\":\"39130\",\"addressCountry\":\"FR\"},\"contactPoint\":[{\"@type\":\"ContactPoint\",\"contactType\":\"Service client\",\"telephone\":\"0384254272\",\"email\":\"contact@csj-emballages.com\"}]}]}<\/script>\n<!-- \/ Yoast SEO Premium plugin. -->","yoast_head_json":{"title":"Plato Gastronome de aluminio de 6500 ml, paquete de 50","description":"Plato gastron\u00f3mico de aluminio de 6500 ml, ideal para cocinar, almacenar y transportar alimentos. Resistente, pr\u00e1ctico y apto para profesionales.","robots":{"index":"index","follow":"follow","max-snippet":"max-snippet:-1","max-image-preview":"max-image-preview:large","max-video-preview":"max-video-preview:-1"},"canonical":"https:\/\/www.csj-emballages.com\/es\/produit\/50-platos-desechables-de-aluminio-6500ml\/","og_locale":"es_ES","og_type":"article","og_title":"Plato gastr\u00f3nomo de aluminio 6500 ml por 50","og_description":"Plato gastron\u00f3mico de aluminio de 6500 ml, ideal para cocinar, almacenar y transportar alimentos. Resistente, pr\u00e1ctico y apto para profesionales.","og_url":"https:\/\/www.csj-emballages.com\/es\/produit\/50-platos-desechables-de-aluminio-6500ml\/","og_site_name":"CSJ Emballages","article_publisher":"https:\/\/www.facebook.com\/csjemballages","article_modified_time":"2026-04-30T00:14:38+00:00","og_image":[{"width":800,"height":800,"url":"https:\/\/www.csj-emballages.com\/wp-content\/uploads\/2024\/03\/PG-6800.webp","type":"image\/webp"}],"twitter_card":"summary_large_image","twitter_misc":{"Tiempo de lectura":"1 minuto"},"schema":{"@context":"https:\/\/schema.org","@graph":[{"@type":"WebPage","@id":"https:\/\/www.csj-emballages.com\/es\/produit\/50-platos-desechables-de-aluminio-6500ml\/","url":"https:\/\/www.csj-emballages.com\/es\/produit\/50-platos-desechables-de-aluminio-6500ml\/","name":"Plato Gastronome de aluminio de 6500 ml, paquete de 50","isPartOf":{"@id":"https:\/\/www.csj-emballages.com\/es\/#website"},"primaryImageOfPage":{"@id":"https:\/\/www.csj-emballages.com\/es\/produit\/50-platos-desechables-de-aluminio-6500ml\/#primaryimage"},"image":{"@id":"https:\/\/www.csj-emballages.com\/es\/produit\/50-platos-desechables-de-aluminio-6500ml\/#primaryimage"},"thumbnailUrl":"https:\/\/www.csj-emballages.com\/wp-content\/uploads\/2024\/03\/PG-6800.webp","datePublished":"2024-03-01T15:51:21+00:00","dateModified":"2026-04-30T00:14:38+00:00","description":"Plato gastron\u00f3mico de aluminio de 6500 ml, ideal para cocinar, almacenar y transportar alimentos. Resistente, pr\u00e1ctico y apto para profesionales.","breadcrumb":{"@id":"https:\/\/www.csj-emballages.com\/es\/produit\/50-platos-desechables-de-aluminio-6500ml\/#breadcrumb"},"inLanguage":"es","potentialAction":[{"@type":"ReadAction","target":["https:\/\/www.csj-emballages.com\/es\/produit\/50-platos-desechables-de-aluminio-6500ml\/"]}]},{"@type":"ImageObject","inLanguage":"es","@id":"https:\/\/www.csj-emballages.com\/es\/produit\/50-platos-desechables-de-aluminio-6500ml\/#primaryimage","url":"https:\/\/www.csj-emballages.com\/wp-content\/uploads\/2024\/03\/PG-6800.webp","contentUrl":"https:\/\/www.csj-emballages.com\/wp-content\/uploads\/2024\/03\/PG-6800.webp","width":800,"height":800,"caption":"Plat gastronome"},{"@type":"BreadcrumbList","@id":"https:\/\/www.csj-emballages.com\/es\/produit\/50-platos-desechables-de-aluminio-6500ml\/#breadcrumb","itemListElement":[{"@type":"ListItem","position":1,"name":"Accueil","item":"https:\/\/www.csj-emballages.com\/es\/universo-del-envasado-alimentario\/"},{"@type":"ListItem","position":2,"name":"Tienda","item":"https:\/\/www.csj-emballages.com\/tienda\/"},{"@type":"ListItem","position":3,"name":"Plato gastr\u00f3nomo de aluminio 6500 ml por 50"}]},{"@type":"WebSite","@id":"https:\/\/www.csj-emballages.com\/es\/#website","url":"https:\/\/www.csj-emballages.com\/es\/","name":"CSJ Emballages","description":"","publisher":{"@id":"https:\/\/www.csj-emballages.com\/es\/#organization"},"potentialAction":[{"@type":"SearchAction","target":{"@type":"EntryPoint","urlTemplate":"https:\/\/www.csj-emballages.com\/es\/?s={search_term_string}"},"query-input":{"@type":"PropertyValueSpecification","valueRequired":true,"valueName":"search_term_string"}}],"inLanguage":"es"},{"@type":"Organization","@id":"https:\/\/www.csj-emballages.com\/es\/#Organization\/","name":"CSJ Emballages","url":"https:\/\/www.csj-emballages.com\/es\/","logo":{"@type":"ImageObject","inLanguage":"es","@id":"https:\/\/www.csj-emballages.com\/es\/#\/schema\/logo\/image\/","url":"https:\/\/www.csj-emballages.com\/wp-content\/uploads\/2023\/10\/logo_csj.webp","contentUrl":"https:\/\/www.csj-emballages.com\/wp-content\/uploads\/2023\/10\/logo_csj.webp","width":250,"height":95,"caption":"CSJ Emballages"},"image":{"@id":"https:\/\/www.csj-emballages.com\/es\/#\/schema\/logo\/image\/"},"sameAs":["https:\/\/www.facebook.com\/csjemballages"],"address":{"@type":"PostalAddress","streetAddress":"ZI La Lechere","addressLocality":"Patornay","postalCode":"39130","addressCountry":"FR"},"contactPoint":[{"@type":"ContactPoint","contactType":"Service client","telephone":"0384254272","email":"contact@csj-emballages.com"}]}]}},"df_price":111.97,"df_sale_price":"","df_regular_price":111.97,"df_image_link":"https:\/\/www.csj-emballages.com\/wp-content\/uploads\/2024\/03\/PG-6800-300x300.webp","tiered_pricing_type":"fixed","tiered_pricing_fixed_rules":[],"tiered_pricing_percentage_rules":[],"tiered_pricing_minimum":1,"tiered_pricing_roles_data":[],"_links":{"self":[{"href":"https:\/\/www.csj-emballages.com\/es\/wp-json\/wp\/v2\/product\/22454","targetHints":{"allow":["GET"]}}],"collection":[{"href":"https:\/\/www.csj-emballages.com\/es\/wp-json\/wp\/v2\/product"}],"about":[{"href":"https:\/\/www.csj-emballages.com\/es\/wp-json\/wp\/v2\/types\/product"}],"wp:featuredmedia":[{"embeddable":true,"href":"https:\/\/www.csj-emballages.com\/es\/wp-json\/wp\/v2\/media\/228947"}],"wp:attachment":[{"href":"https:\/\/www.csj-emballages.com\/es\/wp-json\/wp\/v2\/media?parent=22454"}],"wp:term":[{"taxonomy":"product_brand","embeddable":true,"href":"https:\/\/www.csj-emballages.com\/es\/wp-json\/wp\/v2\/product_brand?post=22454"},{"taxonomy":"product_cat","embeddable":true,"href":"https:\/\/www.csj-emballages.com\/es\/wp-json\/wp\/v2\/product_cat?post=22454"},{"taxonomy":"product_tag","embeddable":true,"href":"https:\/\/www.csj-emballages.com\/es\/wp-json\/wp\/v2\/product_tag?post=22454"}],"curies":[{"name":"wp","href":"https:\/\/api.w.org\/{rel}","templated":true}]}}