{"id":224368,"date":"2024-03-01T16:55:45","date_gmt":"2024-03-01T15:55:45","guid":{"rendered":"https:\/\/www.csj-emballages.com\/produit\/25-bandejas-para-2-magdalenas-de-carton-blanco\/"},"modified":"2026-03-12T16:18:55","modified_gmt":"2026-03-12T15:18:55","slug":"25-bandejas-para-2-magdalenas-de-carton-blanco","status":"publish","type":"product","link":"https:\/\/www.csj-emballages.com\/es\/produit\/25-bandejas-para-2-magdalenas-de-carton-blanco\/","title":{"rendered":"Bandeja para magdalenas, 2 espacios, cart\u00f3n blanco, 25 unid."},"content":{"rendered":"<h2 style=\"text-align: left;\">Cu\u00f1a para magdalenas<\/h2>\n<hr>\n<h3 style=\"text-align: left;\"><span style=\"font-weight: bold;\">Descubra nuestra bandeja para magdalenas de cart\u00f3n blanco con 2 espacios, paquete de 25<\/span><\/h3>\n<p style=\"text-align: left;\"><!--more--><\/p>\n<p data-start=\"173\" data-end=\"770\">La <strong>bandeja para magdalenas de cart\u00f3n blanco de 2 espacios (25 unidades) <\/strong>es un accesorio indispensable para panaderos, pasteleros y restauradores que deseen presentar y transportar sus creaciones con elegancia y seguridad. Espec\u00edficamente dise\u00f1ada para alojar dos piezas, esta <strong data-start=\"441\" data-end=\"463\">bandeja de cart\u00f3n<\/strong> blanco garantiza un soporte \u00f3ptimo para sus magdalenas, muffins u otras delicias individuales. Se acabaron los pasteles que resbalan o se estropean durante el transporte: gracias a su corte preciso y a sus muescas especialmente adaptadas, cada pastel se mantiene perfectamente en su sitio, para una presentaci\u00f3n perfecta a su llegada.  <\/p>\n<p data-start=\"772\" data-end=\"1210\">Fabricada en <strong data-start=\"784\" data-end=\"807\">cart\u00f3n r\u00edgido blanco<\/strong>, esta bandeja ofrece una apreciable robustez conservando un aspecto sencillo y cuidado. Su color neutro realza sus creaciones gastron\u00f3micas sin eclipsarlas, ya sea para una boda, un cumplea\u00f1os, un bautizo o simplemente para llevar. El pr\u00e1ctico formato de <strong>25 piezas<\/strong> por lote permite satisfacer f\u00e1cilmente las necesidades de los profesionales, al tiempo que reduce al m\u00ednimo el almacenamiento.  <\/p>\n<p data-start=\"1212\" data-end=\"1527\">Utilizar este tipo de <strong data-start=\"1232\" data-end=\"1256\">bandeja para cupcakes<\/strong> es tambi\u00e9n una garant\u00eda de higiene: cada postre queda bien separado, evitando el roce y el contacto entre glaseados. F\u00e1cil de insertar en sus <strong data-start=\"1415\" data-end=\"1437\">cajas de cupcakes<\/strong>, se adapta a los tama\u00f1os est\u00e1ndar y ahorra tiempo a la hora de embalar. <\/p>\n<p data-start=\"1529\" data-end=\"1746\">Opte por esta <strong data-start=\"176\" data-end=\"217\">bandeja para 2 magdalenas<\/strong> y tendr\u00e1 la combinaci\u00f3n perfecta de practicidad, presentaci\u00f3n y protecci\u00f3n. Sus clientes agradecer\u00e1n encontrar sus cupcakes intactos, tan bonitos y deliciosos como en su vitrina. <\/p>\n<p data-start=\"1529\" data-end=\"1746\">\n<p style=\"text-align: left;\"><!--more--><\/p>\n<h4 style=\"text-align: left;\">Los beneficios:<\/h4>\n<ul style=\"text-align: left;\">\n<li>Sujeta con seguridad <strong data-start=\"1794\" data-end=\"1808\">2 magdalenas.<\/strong><\/li>\n<li><strong data-start=\"1813\" data-end=\"1836\">Cart\u00f3n blanco r\u00edgido.<\/strong><\/li>\n<li>Compatible con <strong data-start=\"1910\" data-end=\"1942\">moldes est\u00e1ndar para magdalenas<\/strong><\/li>\n<li>En paquetes de <strong data-start=\"1963\" data-end=\"1976\">25<\/strong> unidades, ideal para profesionales.<\/li>\n<\/ul>\n<p>&nbsp;<\/p>\n<p style=\"text-align: left;\"><!--more--><\/p>\n<h4 style=\"text-align: left;\">Informaci\u00f3n adicional :<\/h4>\n<ul style=\"text-align: left;\">\n<li><strong>Envase<\/strong>: Paquete de 25<\/li>\n<li><b>Longitud del borde sin plegar <\/b>: 237 mm<\/li>\n<li><strong>Longitud<\/strong> <b>del borde plegado <\/b>: 195 mm<\/li>\n<li><strong>Anchura<\/strong> <b>del borde sin plegar <\/b>: 148 mm<\/li>\n<li><strong>Anchura<\/strong> <b>del borde plegado <\/b>: 106 mm<\/li>\n<li><strong>Altura del canto<\/strong>: 20 mm<\/li>\n<li><strong>Di\u00e1metro de la ranura<\/strong>: 64 mm<\/li>\n<li><b>Color <\/b>: blanco<\/li>\n<li><strong>Material<\/strong>: Cart\u00f3n<\/li>\n<\/ul>\n<p>&nbsp;<\/p>\n<p style=\"text-align: left;\"><!--more--><\/p>\n<p style=\"text-align: left;\">Esta bandeja para cupcakes tambi\u00e9n est\u00e1 disponible en 4 ranuras: <span style=\"color: #d12727;\"><a style=\"color: #d12727;\" href=\"https:\/\/www.csj-emballages.com\/es\/produit\/25-bandejas-para-4-magdalenas-de-carton-blanco\/\">CALBCC4<\/a><\/span><\/p>\n<p>&nbsp;<\/p>\n<p><!--more--><\/p>\n<p>Aqu\u00ed encontrar\u00e1 todas las cajas adecuadas para nuestra bandeja para 2 magdalenas: <span style=\"color: #d12727;\"><a style=\"color: #d12727;\" href=\"https:\/\/www.csj-emballages.com\/es\/produit\/25-cajas-de-carton-para-tartas-de-cacao-de-20-x-11-x-9-cm-2\/\">BCC2CACAO<\/a><\/span> \/ <span style=\"color: #d12727;\"><a style=\"color: #d12727;\" href=\"https:\/\/www.csj-emballages.com\/es\/produit\/25-moldes-de-carton-blanco-20-x-11-x-9-cm\/\">BCC2BL<\/a><\/span> \/ <span style=\"color: #d12727;\"><a style=\"color: #d12727;\" href=\"https:\/\/www.csj-emballages.com\/es\/produit\/25-cajas-para-tartas-de-carton-kraft-20-x-11-x-9-cm\/\">BCC2KRA<\/a><\/span> \/ <span style=\"color: #d12727;\"><a style=\"color: #d12727;\" href=\"https:\/\/www.csj-emballages.com\/es\/produit\/25-cajas-de-carton-naranja-para-tartas-20-x-11-x-9-cm\/\">BCC2ORANG<\/a><\/span><\/p>\n<p>&nbsp;<\/p>\n<p style=\"text-align: left;\"><!--more--><\/p>\n<p style=\"text-align: left;\"><a href=\"https:\/\/www.csj-emballages.com\/es\/categorie-produit\/envasado-de-alimentos\/panaderia-y-pasteleria\/cajas-y-estuches\/cajas-para-magdalenas\/\">Vea el resto de nuestra gama de cajas para cupcakes aqu\u00ed<\/a><\/p>\n","protected":false},"excerpt":{"rendered":"<p>Cu\u00f1a para magdalenas Descubra nuestra bandeja para magdalenas de cart\u00f3n blanco con 2 espacios, paquete de 25<\/p>\n","protected":false},"featured_media":241669,"template":"","meta":{"_acf_changed":false},"product_brand":[],"product_cat":[1150,1145,2152,1270],"product_tag":[],"class_list":{"0":"post-224368","1":"product","2":"type-product","3":"status-publish","4":"has-post-thumbnail","6":"product_cat-envasado-de-alimentos","7":"product_cat-panaderia-y-pasteleria","8":"product_cat-cajas-para-magdalenas","9":"product_cat-descuentos","11":"first","12":"instock","13":"sale","14":"taxable","15":"shipping-taxable","16":"purchasable","17":"product-type-simple"},"acf":[],"yoast_head":"<!-- This site is optimized with the Yoast SEO Premium plugin v26.6 (Yoast SEO v26.6) - https:\/\/yoast.com\/wordpress\/plugins\/seo\/ -->\n<title>Cupcake capa 2 espacios Cartulina blanca 25 unid.<\/title>\n<meta name=\"description\" content=\"Bandeja para magdalenas de cart\u00f3n blanco con 2 espacios, 25 unidades: una soluci\u00f3n pr\u00e1ctica y elegante para transportar sus pasteles con total seguridad.\" \/>\n<meta name=\"robots\" content=\"index, follow, max-snippet:-1, max-image-preview:large, max-video-preview:-1\" \/>\n<link rel=\"canonical\" href=\"https:\/\/www.csj-emballages.com\/es\/produit\/25-bandejas-para-2-magdalenas-de-carton-blanco\/\" \/>\n<meta property=\"og:locale\" content=\"es_ES\" \/>\n<meta property=\"og:type\" content=\"article\" \/>\n<meta property=\"og:title\" content=\"Bandeja para magdalenas, 2 espacios, cart\u00f3n blanco, 25 unid.\" \/>\n<meta property=\"og:description\" content=\"Bandeja para magdalenas de cart\u00f3n blanco con 2 espacios, 25 unidades: una soluci\u00f3n pr\u00e1ctica y elegante para transportar sus pasteles con total seguridad.\" \/>\n<meta property=\"og:url\" content=\"https:\/\/www.csj-emballages.com\/es\/produit\/25-bandejas-para-2-magdalenas-de-carton-blanco\/\" \/>\n<meta property=\"og:site_name\" content=\"CSJ Emballages\" \/>\n<meta property=\"article:publisher\" content=\"https:\/\/www.facebook.com\/csjemballages\" \/>\n<meta property=\"article:modified_time\" content=\"2026-03-12T15:18:55+00:00\" \/>\n<meta property=\"og:image\" content=\"https:\/\/www.csj-emballages.com\/wp-content\/uploads\/2024\/03\/CALBCC2.webp\" \/>\n\t<meta property=\"og:image:width\" content=\"800\" \/>\n\t<meta property=\"og:image:height\" content=\"800\" \/>\n\t<meta property=\"og:image:type\" content=\"image\/webp\" \/>\n<meta name=\"twitter:card\" content=\"summary_large_image\" \/>\n<meta name=\"twitter:label1\" content=\"Tiempo de lectura\" \/>\n\t<meta name=\"twitter:data1\" content=\"2 minutos\" \/>\n<script type=\"application\/ld+json\" class=\"yoast-schema-graph\">{\"@context\":\"https:\/\/schema.org\",\"@graph\":[{\"@type\":\"WebPage\",\"@id\":\"https:\/\/www.csj-emballages.com\/es\/produit\/25-bandejas-para-2-magdalenas-de-carton-blanco\/\",\"url\":\"https:\/\/www.csj-emballages.com\/es\/produit\/25-bandejas-para-2-magdalenas-de-carton-blanco\/\",\"name\":\"Cupcake capa 2 espacios Cartulina blanca 25 unid.\",\"isPartOf\":{\"@id\":\"https:\/\/www.csj-emballages.com\/es\/#website\"},\"primaryImageOfPage\":{\"@id\":\"https:\/\/www.csj-emballages.com\/es\/produit\/25-bandejas-para-2-magdalenas-de-carton-blanco\/#primaryimage\"},\"image\":{\"@id\":\"https:\/\/www.csj-emballages.com\/es\/produit\/25-bandejas-para-2-magdalenas-de-carton-blanco\/#primaryimage\"},\"thumbnailUrl\":\"https:\/\/www.csj-emballages.com\/wp-content\/uploads\/2024\/03\/CALBCC2.webp\",\"datePublished\":\"2024-03-01T15:55:45+00:00\",\"dateModified\":\"2026-03-12T15:18:55+00:00\",\"description\":\"Bandeja para magdalenas de cart\u00f3n blanco con 2 espacios, 25 unidades: una soluci\u00f3n pr\u00e1ctica y elegante para transportar sus pasteles con total seguridad.\",\"breadcrumb\":{\"@id\":\"https:\/\/www.csj-emballages.com\/es\/produit\/25-bandejas-para-2-magdalenas-de-carton-blanco\/#breadcrumb\"},\"inLanguage\":\"es\",\"potentialAction\":[{\"@type\":\"ReadAction\",\"target\":[\"https:\/\/www.csj-emballages.com\/es\/produit\/25-bandejas-para-2-magdalenas-de-carton-blanco\/\"]}]},{\"@type\":\"ImageObject\",\"inLanguage\":\"es\",\"@id\":\"https:\/\/www.csj-emballages.com\/es\/produit\/25-bandejas-para-2-magdalenas-de-carton-blanco\/#primaryimage\",\"url\":\"https:\/\/www.csj-emballages.com\/wp-content\/uploads\/2024\/03\/CALBCC2.webp\",\"contentUrl\":\"https:\/\/www.csj-emballages.com\/wp-content\/uploads\/2024\/03\/CALBCC2.webp\",\"width\":800,\"height\":800,\"caption\":\"Calage cupcake\"},{\"@type\":\"BreadcrumbList\",\"@id\":\"https:\/\/www.csj-emballages.com\/es\/produit\/25-bandejas-para-2-magdalenas-de-carton-blanco\/#breadcrumb\",\"itemListElement\":[{\"@type\":\"ListItem\",\"position\":1,\"name\":\"Accueil\",\"item\":\"https:\/\/www.csj-emballages.com\/es\/universo-del-envasado-alimentario\/\"},{\"@type\":\"ListItem\",\"position\":2,\"name\":\"Tienda\",\"item\":\"https:\/\/www.csj-emballages.com\/tienda\/\"},{\"@type\":\"ListItem\",\"position\":3,\"name\":\"Bandeja para magdalenas, 2 espacios, cart\u00f3n blanco, 25 unid.\"}]},{\"@type\":\"WebSite\",\"@id\":\"https:\/\/www.csj-emballages.com\/es\/#website\",\"url\":\"https:\/\/www.csj-emballages.com\/es\/\",\"name\":\"CSJ Emballages\",\"description\":\"\",\"publisher\":{\"@id\":\"https:\/\/www.csj-emballages.com\/es\/#organization\"},\"potentialAction\":[{\"@type\":\"SearchAction\",\"target\":{\"@type\":\"EntryPoint\",\"urlTemplate\":\"https:\/\/www.csj-emballages.com\/es\/?s={search_term_string}\"},\"query-input\":{\"@type\":\"PropertyValueSpecification\",\"valueRequired\":true,\"valueName\":\"search_term_string\"}}],\"inLanguage\":\"es\"},{\"@type\":\"Organization\",\"@id\":\"https:\/\/www.csj-emballages.com\/es\/#Organization\/\",\"name\":\"CSJ Emballages\",\"url\":\"https:\/\/www.csj-emballages.com\/es\/\",\"logo\":{\"@type\":\"ImageObject\",\"inLanguage\":\"es\",\"@id\":\"https:\/\/www.csj-emballages.com\/es\/#\/schema\/logo\/image\/\",\"url\":\"https:\/\/www.csj-emballages.com\/wp-content\/uploads\/2023\/10\/logo_csj.webp\",\"contentUrl\":\"https:\/\/www.csj-emballages.com\/wp-content\/uploads\/2023\/10\/logo_csj.webp\",\"width\":250,\"height\":95,\"caption\":\"CSJ Emballages\"},\"image\":{\"@id\":\"https:\/\/www.csj-emballages.com\/es\/#\/schema\/logo\/image\/\"},\"sameAs\":[\"https:\/\/www.facebook.com\/csjemballages\"],\"address\":{\"@type\":\"PostalAddress\",\"streetAddress\":\"ZI La Lechere\",\"addressLocality\":\"Patornay\",\"postalCode\":\"39130\",\"addressCountry\":\"FR\"},\"contactPoint\":[{\"@type\":\"ContactPoint\",\"contactType\":\"Service client\",\"telephone\":\"0384254272\",\"email\":\"contact@csj-emballages.com\"}]}]}<\/script>\n<!-- \/ Yoast SEO Premium plugin. -->","yoast_head_json":{"title":"Cupcake capa 2 espacios Cartulina blanca 25 unid.","description":"Bandeja para magdalenas de cart\u00f3n blanco con 2 espacios, 25 unidades: una soluci\u00f3n pr\u00e1ctica y elegante para transportar sus pasteles con total seguridad.","robots":{"index":"index","follow":"follow","max-snippet":"max-snippet:-1","max-image-preview":"max-image-preview:large","max-video-preview":"max-video-preview:-1"},"canonical":"https:\/\/www.csj-emballages.com\/es\/produit\/25-bandejas-para-2-magdalenas-de-carton-blanco\/","og_locale":"es_ES","og_type":"article","og_title":"Bandeja para magdalenas, 2 espacios, cart\u00f3n blanco, 25 unid.","og_description":"Bandeja para magdalenas de cart\u00f3n blanco con 2 espacios, 25 unidades: una soluci\u00f3n pr\u00e1ctica y elegante para transportar sus pasteles con total seguridad.","og_url":"https:\/\/www.csj-emballages.com\/es\/produit\/25-bandejas-para-2-magdalenas-de-carton-blanco\/","og_site_name":"CSJ Emballages","article_publisher":"https:\/\/www.facebook.com\/csjemballages","article_modified_time":"2026-03-12T15:18:55+00:00","og_image":[{"width":800,"height":800,"url":"https:\/\/www.csj-emballages.com\/wp-content\/uploads\/2024\/03\/CALBCC2.webp","type":"image\/webp"}],"twitter_card":"summary_large_image","twitter_misc":{"Tiempo de lectura":"2 minutos"},"schema":{"@context":"https:\/\/schema.org","@graph":[{"@type":"WebPage","@id":"https:\/\/www.csj-emballages.com\/es\/produit\/25-bandejas-para-2-magdalenas-de-carton-blanco\/","url":"https:\/\/www.csj-emballages.com\/es\/produit\/25-bandejas-para-2-magdalenas-de-carton-blanco\/","name":"Cupcake capa 2 espacios Cartulina blanca 25 unid.","isPartOf":{"@id":"https:\/\/www.csj-emballages.com\/es\/#website"},"primaryImageOfPage":{"@id":"https:\/\/www.csj-emballages.com\/es\/produit\/25-bandejas-para-2-magdalenas-de-carton-blanco\/#primaryimage"},"image":{"@id":"https:\/\/www.csj-emballages.com\/es\/produit\/25-bandejas-para-2-magdalenas-de-carton-blanco\/#primaryimage"},"thumbnailUrl":"https:\/\/www.csj-emballages.com\/wp-content\/uploads\/2024\/03\/CALBCC2.webp","datePublished":"2024-03-01T15:55:45+00:00","dateModified":"2026-03-12T15:18:55+00:00","description":"Bandeja para magdalenas de cart\u00f3n blanco con 2 espacios, 25 unidades: una soluci\u00f3n pr\u00e1ctica y elegante para transportar sus pasteles con total seguridad.","breadcrumb":{"@id":"https:\/\/www.csj-emballages.com\/es\/produit\/25-bandejas-para-2-magdalenas-de-carton-blanco\/#breadcrumb"},"inLanguage":"es","potentialAction":[{"@type":"ReadAction","target":["https:\/\/www.csj-emballages.com\/es\/produit\/25-bandejas-para-2-magdalenas-de-carton-blanco\/"]}]},{"@type":"ImageObject","inLanguage":"es","@id":"https:\/\/www.csj-emballages.com\/es\/produit\/25-bandejas-para-2-magdalenas-de-carton-blanco\/#primaryimage","url":"https:\/\/www.csj-emballages.com\/wp-content\/uploads\/2024\/03\/CALBCC2.webp","contentUrl":"https:\/\/www.csj-emballages.com\/wp-content\/uploads\/2024\/03\/CALBCC2.webp","width":800,"height":800,"caption":"Calage cupcake"},{"@type":"BreadcrumbList","@id":"https:\/\/www.csj-emballages.com\/es\/produit\/25-bandejas-para-2-magdalenas-de-carton-blanco\/#breadcrumb","itemListElement":[{"@type":"ListItem","position":1,"name":"Accueil","item":"https:\/\/www.csj-emballages.com\/es\/universo-del-envasado-alimentario\/"},{"@type":"ListItem","position":2,"name":"Tienda","item":"https:\/\/www.csj-emballages.com\/tienda\/"},{"@type":"ListItem","position":3,"name":"Bandeja para magdalenas, 2 espacios, cart\u00f3n blanco, 25 unid."}]},{"@type":"WebSite","@id":"https:\/\/www.csj-emballages.com\/es\/#website","url":"https:\/\/www.csj-emballages.com\/es\/","name":"CSJ Emballages","description":"","publisher":{"@id":"https:\/\/www.csj-emballages.com\/es\/#organization"},"potentialAction":[{"@type":"SearchAction","target":{"@type":"EntryPoint","urlTemplate":"https:\/\/www.csj-emballages.com\/es\/?s={search_term_string}"},"query-input":{"@type":"PropertyValueSpecification","valueRequired":true,"valueName":"search_term_string"}}],"inLanguage":"es"},{"@type":"Organization","@id":"https:\/\/www.csj-emballages.com\/es\/#Organization\/","name":"CSJ Emballages","url":"https:\/\/www.csj-emballages.com\/es\/","logo":{"@type":"ImageObject","inLanguage":"es","@id":"https:\/\/www.csj-emballages.com\/es\/#\/schema\/logo\/image\/","url":"https:\/\/www.csj-emballages.com\/wp-content\/uploads\/2023\/10\/logo_csj.webp","contentUrl":"https:\/\/www.csj-emballages.com\/wp-content\/uploads\/2023\/10\/logo_csj.webp","width":250,"height":95,"caption":"CSJ Emballages"},"image":{"@id":"https:\/\/www.csj-emballages.com\/es\/#\/schema\/logo\/image\/"},"sameAs":["https:\/\/www.facebook.com\/csjemballages"],"address":{"@type":"PostalAddress","streetAddress":"ZI La Lechere","addressLocality":"Patornay","postalCode":"39130","addressCountry":"FR"},"contactPoint":[{"@type":"ContactPoint","contactType":"Service client","telephone":"0384254272","email":"contact@csj-emballages.com"}]}]}},"df_price":15.16,"df_sale_price":15.16,"df_regular_price":25.27,"df_image_link":"https:\/\/www.csj-emballages.com\/wp-content\/uploads\/2024\/03\/CALBCC2-300x300.webp","tiered_pricing_type":"fixed","tiered_pricing_fixed_rules":[],"tiered_pricing_percentage_rules":[],"tiered_pricing_minimum":1,"tiered_pricing_roles_data":[],"_links":{"self":[{"href":"https:\/\/www.csj-emballages.com\/es\/wp-json\/wp\/v2\/product\/224368","targetHints":{"allow":["GET"]}}],"collection":[{"href":"https:\/\/www.csj-emballages.com\/es\/wp-json\/wp\/v2\/product"}],"about":[{"href":"https:\/\/www.csj-emballages.com\/es\/wp-json\/wp\/v2\/types\/product"}],"wp:featuredmedia":[{"embeddable":true,"href":"https:\/\/www.csj-emballages.com\/es\/wp-json\/wp\/v2\/media\/241669"}],"wp:attachment":[{"href":"https:\/\/www.csj-emballages.com\/es\/wp-json\/wp\/v2\/media?parent=224368"}],"wp:term":[{"taxonomy":"product_brand","embeddable":true,"href":"https:\/\/www.csj-emballages.com\/es\/wp-json\/wp\/v2\/product_brand?post=224368"},{"taxonomy":"product_cat","embeddable":true,"href":"https:\/\/www.csj-emballages.com\/es\/wp-json\/wp\/v2\/product_cat?post=224368"},{"taxonomy":"product_tag","embeddable":true,"href":"https:\/\/www.csj-emballages.com\/es\/wp-json\/wp\/v2\/product_tag?post=224368"}],"curies":[{"name":"wp","href":"https:\/\/api.w.org\/{rel}","templated":true}]}}