{"id":224285,"date":"2025-02-12T11:18:41","date_gmt":"2025-02-12T10:18:41","guid":{"rendered":"https:\/\/www.csj-emballages.com\/produit\/bolsa-de-vacio-de-conservacion-lisa-reforzada-20-x-30-cm-150-%c2%b5-por-100\/"},"modified":"2026-05-04T19:01:38","modified_gmt":"2026-05-04T17:01:38","slug":"bolsa-de-vacio-de-conservacion-lisa-reforzada-20-x-30-cm-150-%c2%b5-por-100","status":"publish","type":"product","link":"https:\/\/www.csj-emballages.com\/es\/produit\/bolsa-de-vacio-de-conservacion-lisa-reforzada-20-x-30-cm-150-%c2%b5-por-100\/","title":{"rendered":"Bolsa de vac\u00edo de conservaci\u00f3n lisa reforzada 20 x 30 cm 150 \u00b5 por 100"},"content":{"rendered":"<div class=\"elementor-element elementor-element-6621759 e-no-lazyload e-flex e-con-boxed e-con e-parent e-lazyloaded\" data-id=\"6621759\" data-element_type=\"container\">\n<div class=\"e-con-inner\">\n<div class=\"elementor-element elementor-element-4756e65 e-con-full e-flex e-con e-child\" data-id=\"4756e65\" data-element_type=\"container\">\n<div class=\"elementor-element elementor-element-a25940d elementor-widget elementor-widget-woocommerce-product-data-tabs\" data-id=\"a25940d\" data-element_type=\"widget\" data-widget_type=\"woocommerce-product-data-tabs.default\">\n<div class=\"elementor-widget-container\">\n<div class=\"woocommerce-tabs wc-tabs-wrapper\">\n<div id=\"tab-description\" class=\"woocommerce-Tabs-panel woocommerce-Tabs-panel--description panel entry-content wc-tab\" role=\"tabpanel\" aria-labelledby=\"tab-title-description\">\n<h2>Bolsa de vac\u00edo<\/h2>\n<hr>\n<h3>Descripci\u00f3n de nuestra bolsa de vac\u00edo lisa reforzada 20 x 30 cm 150 \u00b5 por 100<\/h3>\n<p><!--more--><\/p>\n<p data-start=\"110\" data-end=\"366\">Las <strong>bolsas de vac\u00edo lisas 20 x 30 cm<\/strong> &#8211;<strong> 150 \u00b5<\/strong> son la soluci\u00f3n ideal para los profesionales de la restauraci\u00f3n, charcuter\u00edas, carnicer\u00edas y consumidores que desean conservar la frescura y la calidad de sus alimentos durante m\u00e1s tiempo. Gracias a su <strong data-start=\"381\" data-end=\"419\">espesor reforzado de 150 micras<\/strong>, estas <strong>bolsas<\/strong> ofrecen una barrera \u00f3ptima contra el aire, la humedad y las bacterias, reduciendo el riesgo de oxidaci\u00f3n y contaminaci\u00f3n. Como resultado, sus alimentos conservan su sabor, textura y valor nutritivo durante mucho m\u00e1s tiempo, tanto si se almacenan en el frigor\u00edfico como en el congelador.  <\/p>\n<p data-start=\"368\" data-end=\"773\">Compatibles con <strong data-start=\"792\" data-end=\"841\">m\u00e1quinas externas de vac\u00edo y de campana<\/strong>, se adaptan a las necesidades de profesionales y consumidores exigentes. Su formato <strong data-start=\"936\" data-end=\"950\">de 20 x 30 cm<\/strong> es ideal para <strong>envasar al vac\u00edo<\/strong> carne, pescado, queso, verduras y platos preparados. <\/p>\n<p data-start=\"1057\" data-end=\"1238\">Estas <strong>bolsas<\/strong> est\u00e1n fabricadas con material resistente<strong data-start=\"1089\" data-end=\"1121\"> sin BPA<\/strong> que cumple las normas alimentarias, lo que garantiza un almacenamiento seguro y saludable de sus productos.<\/p>\n<p>&nbsp;<\/p>\n<p><!--more--><\/p>\n<p><span style=\"color: #ff0000;\"><strong>*Abertura de ancho<\/strong><\/span><\/p>\n<p><span style=\"color: #ff0000;\"><strong>*Bolsas de vac\u00edo sin BPA (Bisfenol A)<\/strong><\/span><\/p>\n<p>&nbsp;<\/p>\n<p><!--more--><\/p>\n<div style=\"font-family: Roboto, sans-serif;\">\n<div style=\"font-family: Roboto, sans-serif;\">\n<div style=\"font-family: Roboto, sans-serif;\">\n<div style=\"font-family: Roboto, sans-serif;\">\n<div style=\"font-family: Roboto, sans-serif;\">\n<div style=\"font-family: Roboto, sans-serif;\">\n<p style=\"text-align: left;\"><strong>Sus ventajas:<\/strong><\/p>\n<ul style=\"text-align: left;\">\n<li><strong data-start=\"1260\" data-end=\"1286\">Vida \u00fatil prolongada<\/strong>: Reduce la oxidaci\u00f3n y limita la proliferaci\u00f3n bacteriana para una frescura duradera.<\/li>\n<li><strong data-start=\"1379\" data-end=\"1399\">Gran resistencia<\/strong>: Gracias a su espesor reforzado de 150 micras, garantizan una protecci\u00f3n \u00f3ptima contra pinchazos y desgarros.<\/li>\n<li><strong data-start=\"1506\" data-end=\"1527\">Barrera eficaz<\/strong>: Estas bolsas de vac\u00edo protegen contra la humedad, los contaminantes externos y los malos olores.<\/li>\n<li><strong data-start=\"1614\" data-end=\"1637\" data-is-only-node=\"\">Uso vers\u00e1til<\/strong>: Ideal para productos frescos, congelados y cocidos, o para cocinar al vac\u00edo.<\/li>\n<li><strong data-start=\"1721\" data-end=\"1775\">Compatible con aspiradoras externas<\/strong>: F\u00e1cil de usar, perfecta para uso profesional y dom\u00e9stico.<\/li>\n<li><strong data-start=\"1854\" data-end=\"1878\">Seguridad alimentaria<\/strong>: sin BPA y conforme a las normas vigentes.<\/li>\n<\/ul>\n<\/div>\n<div style=\"font-family: Roboto, sans-serif;\"><\/div>\n<\/div>\n<\/div>\n<\/div>\n<\/div>\n<\/div>\n<p><!--more--><\/p>\n<div style=\"font-family: Roboto, sans-serif;\">\n<div style=\"font-family: Roboto, sans-serif;\">\n<div style=\"font-family: Roboto, sans-serif;\">\n<h4>Informaci\u00f3n adicional :<\/h4>\n<ul>\n<li><strong>Embalaje<\/strong>: Paquete de 100<\/li>\n<li><strong>Dimensiones<\/strong>: 20 x 30 cm<\/li>\n<li><strong>Termosellable<\/strong>: S\u00ed<\/li>\n<li><strong>Retr\u00e1ctil<\/strong>: No<\/li>\n<li><strong>Tipo<\/strong>: Liso<\/li>\n<li><strong>Resistencia<\/strong>: 150 micras<\/li>\n<li><strong>Soldadura<\/strong>: 3 lados<\/li>\n<li><strong>Temperatura de funcionamiento<\/strong>: -50\u00b0C \/ +90\u00b0C<\/li>\n<\/ul>\n<\/div>\n<\/div>\n<\/div>\n<div style=\"font-family: Roboto, sans-serif;\">\n<p>&nbsp;<\/p>\n<div style=\"font-family: Roboto, sans-serif;\">\n<div style=\"font-family: Roboto, sans-serif;\">\n<p><!--more--><\/p>\n<p><a href=\"\/?product_cat=sacs-sous-vide-lisses-90-\u03bcm\">Ver el resto de nuestra gama de bolsas de vac\u00edo lisas<\/a><\/p>\n<\/div>\n<\/div>\n<\/div>\n<\/div>\n<\/div>\n<\/div>\n<\/div>\n<\/div>\n<\/div>\n<\/div>\n","protected":false},"excerpt":{"rendered":"<p>Bolsa de vac\u00edo Descripci\u00f3n de nuestra bolsa de vac\u00edo lisa reforzada 20 x 30 cm 150 \u00b5 por 100<\/p>\n","protected":false},"featured_media":222133,"template":"","meta":{"_acf_changed":false},"product_brand":[],"product_cat":[1150,1143,3866,1245,1246,3560],"product_tag":[],"class_list":{"0":"post-224285","1":"product","2":"type-product","3":"status-publish","4":"has-post-thumbnail","6":"product_cat-envasado-de-alimentos","7":"product_cat-carniceria-y-charcuteria","8":"product_cat-bolsas-y-fundas","9":"product_cat-bolsas-de-vacio","10":"product_cat-bolsas-de-vacio-lisas","11":"product_cat-bolsas-de-vacio-lisas-150-m","13":"first","14":"instock","15":"taxable","16":"shipping-taxable","17":"purchasable","18":"product-type-simple"},"acf":[],"yoast_head":"<!-- This site is optimized with the Yoast SEO Premium plugin v26.6 (Yoast SEO v26.6) - https:\/\/yoast.com\/wordpress\/plugins\/seo\/ -->\n<title>Bolsa de vac\u00edo lisa reforzada - 20 x 30 cm 150 \u00b5<\/title>\n<meta name=\"description\" content=\"Bolsa de vac\u00edo lisa reforzada 20 x 30 cm (150 \u00b5). Ideal para una conservaci\u00f3n \u00f3ptima de los alimentos. Compatible con m\u00e1quinas de campana.\" \/>\n<meta name=\"robots\" content=\"index, follow, max-snippet:-1, max-image-preview:large, max-video-preview:-1\" \/>\n<link rel=\"canonical\" href=\"https:\/\/www.csj-emballages.com\/es\/produit\/bolsa-de-vacio-de-conservacion-lisa-reforzada-20-x-30-cm-150-%c2%b5-por-100\/\" \/>\n<meta property=\"og:locale\" content=\"es_ES\" \/>\n<meta property=\"og:type\" content=\"article\" \/>\n<meta property=\"og:title\" content=\"Bolsa de vac\u00edo de conservaci\u00f3n lisa reforzada 20 x 30 cm 150 \u00b5 por 100\" \/>\n<meta property=\"og:description\" content=\"Bolsa de vac\u00edo lisa reforzada 20 x 30 cm (150 \u00b5). Ideal para una conservaci\u00f3n \u00f3ptima de los alimentos. Compatible con m\u00e1quinas de campana.\" \/>\n<meta property=\"og:url\" content=\"https:\/\/www.csj-emballages.com\/es\/produit\/bolsa-de-vacio-de-conservacion-lisa-reforzada-20-x-30-cm-150-%c2%b5-por-100\/\" \/>\n<meta property=\"og:site_name\" content=\"CSJ Emballages\" \/>\n<meta property=\"article:publisher\" content=\"https:\/\/www.facebook.com\/csjemballages\" \/>\n<meta property=\"article:modified_time\" content=\"2026-05-04T17:01:38+00:00\" \/>\n<meta property=\"og:image\" content=\"https:\/\/www.csj-emballages.com\/wp-content\/uploads\/2025\/02\/Sac-sous-vide-lisse.webp\" \/>\n\t<meta property=\"og:image:width\" content=\"800\" \/>\n\t<meta property=\"og:image:height\" content=\"800\" \/>\n\t<meta property=\"og:image:type\" content=\"image\/webp\" \/>\n<meta name=\"twitter:card\" content=\"summary_large_image\" \/>\n<meta name=\"twitter:label1\" content=\"Tiempo de lectura\" \/>\n\t<meta name=\"twitter:data1\" content=\"2 minutos\" \/>\n<script type=\"application\/ld+json\" class=\"yoast-schema-graph\">{\"@context\":\"https:\/\/schema.org\",\"@graph\":[{\"@type\":\"WebPage\",\"@id\":\"https:\/\/www.csj-emballages.com\/es\/produit\/bolsa-de-vacio-de-conservacion-lisa-reforzada-20-x-30-cm-150-%c2%b5-por-100\/\",\"url\":\"https:\/\/www.csj-emballages.com\/es\/produit\/bolsa-de-vacio-de-conservacion-lisa-reforzada-20-x-30-cm-150-%c2%b5-por-100\/\",\"name\":\"Bolsa de vac\u00edo lisa reforzada - 20 x 30 cm 150 \u00b5\",\"isPartOf\":{\"@id\":\"https:\/\/www.csj-emballages.com\/es\/#website\"},\"primaryImageOfPage\":{\"@id\":\"https:\/\/www.csj-emballages.com\/es\/produit\/bolsa-de-vacio-de-conservacion-lisa-reforzada-20-x-30-cm-150-%c2%b5-por-100\/#primaryimage\"},\"image\":{\"@id\":\"https:\/\/www.csj-emballages.com\/es\/produit\/bolsa-de-vacio-de-conservacion-lisa-reforzada-20-x-30-cm-150-%c2%b5-por-100\/#primaryimage\"},\"thumbnailUrl\":\"https:\/\/www.csj-emballages.com\/wp-content\/uploads\/2025\/02\/Sac-sous-vide-lisse.webp\",\"datePublished\":\"2025-02-12T10:18:41+00:00\",\"dateModified\":\"2026-05-04T17:01:38+00:00\",\"description\":\"Bolsa de vac\u00edo lisa reforzada 20 x 30 cm (150 \u00b5). Ideal para una conservaci\u00f3n \u00f3ptima de los alimentos. Compatible con m\u00e1quinas de campana.\",\"breadcrumb\":{\"@id\":\"https:\/\/www.csj-emballages.com\/es\/produit\/bolsa-de-vacio-de-conservacion-lisa-reforzada-20-x-30-cm-150-%c2%b5-por-100\/#breadcrumb\"},\"inLanguage\":\"es\",\"potentialAction\":[{\"@type\":\"ReadAction\",\"target\":[\"https:\/\/www.csj-emballages.com\/es\/produit\/bolsa-de-vacio-de-conservacion-lisa-reforzada-20-x-30-cm-150-%c2%b5-por-100\/\"]}]},{\"@type\":\"ImageObject\",\"inLanguage\":\"es\",\"@id\":\"https:\/\/www.csj-emballages.com\/es\/produit\/bolsa-de-vacio-de-conservacion-lisa-reforzada-20-x-30-cm-150-%c2%b5-por-100\/#primaryimage\",\"url\":\"https:\/\/www.csj-emballages.com\/wp-content\/uploads\/2025\/02\/Sac-sous-vide-lisse.webp\",\"contentUrl\":\"https:\/\/www.csj-emballages.com\/wp-content\/uploads\/2025\/02\/Sac-sous-vide-lisse.webp\",\"width\":800,\"height\":800,\"caption\":\"Sac sous vide\"},{\"@type\":\"BreadcrumbList\",\"@id\":\"https:\/\/www.csj-emballages.com\/es\/produit\/bolsa-de-vacio-de-conservacion-lisa-reforzada-20-x-30-cm-150-%c2%b5-por-100\/#breadcrumb\",\"itemListElement\":[{\"@type\":\"ListItem\",\"position\":1,\"name\":\"Accueil\",\"item\":\"https:\/\/www.csj-emballages.com\/es\/universo-del-envasado-alimentario\/\"},{\"@type\":\"ListItem\",\"position\":2,\"name\":\"Tienda\",\"item\":\"https:\/\/www.csj-emballages.com\/tienda\/\"},{\"@type\":\"ListItem\",\"position\":3,\"name\":\"Bolsa de vac\u00edo de conservaci\u00f3n lisa reforzada 20 x 30 cm 150 \u00b5 por 100\"}]},{\"@type\":\"WebSite\",\"@id\":\"https:\/\/www.csj-emballages.com\/es\/#website\",\"url\":\"https:\/\/www.csj-emballages.com\/es\/\",\"name\":\"CSJ Emballages\",\"description\":\"\",\"publisher\":{\"@id\":\"https:\/\/www.csj-emballages.com\/es\/#organization\"},\"potentialAction\":[{\"@type\":\"SearchAction\",\"target\":{\"@type\":\"EntryPoint\",\"urlTemplate\":\"https:\/\/www.csj-emballages.com\/es\/?s={search_term_string}\"},\"query-input\":{\"@type\":\"PropertyValueSpecification\",\"valueRequired\":true,\"valueName\":\"search_term_string\"}}],\"inLanguage\":\"es\"},{\"@type\":\"Organization\",\"@id\":\"https:\/\/www.csj-emballages.com\/es\/#Organization\/\",\"name\":\"CSJ Emballages\",\"url\":\"https:\/\/www.csj-emballages.com\/es\/\",\"logo\":{\"@type\":\"ImageObject\",\"inLanguage\":\"es\",\"@id\":\"https:\/\/www.csj-emballages.com\/es\/#\/schema\/logo\/image\/\",\"url\":\"https:\/\/www.csj-emballages.com\/wp-content\/uploads\/2023\/10\/logo_csj.webp\",\"contentUrl\":\"https:\/\/www.csj-emballages.com\/wp-content\/uploads\/2023\/10\/logo_csj.webp\",\"width\":250,\"height\":95,\"caption\":\"CSJ Emballages\"},\"image\":{\"@id\":\"https:\/\/www.csj-emballages.com\/es\/#\/schema\/logo\/image\/\"},\"sameAs\":[\"https:\/\/www.facebook.com\/csjemballages\"],\"address\":{\"@type\":\"PostalAddress\",\"streetAddress\":\"ZI La Lechere\",\"addressLocality\":\"Patornay\",\"postalCode\":\"39130\",\"addressCountry\":\"FR\"},\"contactPoint\":[{\"@type\":\"ContactPoint\",\"contactType\":\"Service client\",\"telephone\":\"0384254272\",\"email\":\"contact@csj-emballages.com\"}]}]}<\/script>\n<!-- \/ Yoast SEO Premium plugin. -->","yoast_head_json":{"title":"Bolsa de vac\u00edo lisa reforzada - 20 x 30 cm 150 \u00b5","description":"Bolsa de vac\u00edo lisa reforzada 20 x 30 cm (150 \u00b5). Ideal para una conservaci\u00f3n \u00f3ptima de los alimentos. Compatible con m\u00e1quinas de campana.","robots":{"index":"index","follow":"follow","max-snippet":"max-snippet:-1","max-image-preview":"max-image-preview:large","max-video-preview":"max-video-preview:-1"},"canonical":"https:\/\/www.csj-emballages.com\/es\/produit\/bolsa-de-vacio-de-conservacion-lisa-reforzada-20-x-30-cm-150-%c2%b5-por-100\/","og_locale":"es_ES","og_type":"article","og_title":"Bolsa de vac\u00edo de conservaci\u00f3n lisa reforzada 20 x 30 cm 150 \u00b5 por 100","og_description":"Bolsa de vac\u00edo lisa reforzada 20 x 30 cm (150 \u00b5). Ideal para una conservaci\u00f3n \u00f3ptima de los alimentos. Compatible con m\u00e1quinas de campana.","og_url":"https:\/\/www.csj-emballages.com\/es\/produit\/bolsa-de-vacio-de-conservacion-lisa-reforzada-20-x-30-cm-150-%c2%b5-por-100\/","og_site_name":"CSJ Emballages","article_publisher":"https:\/\/www.facebook.com\/csjemballages","article_modified_time":"2026-05-04T17:01:38+00:00","og_image":[{"width":800,"height":800,"url":"https:\/\/www.csj-emballages.com\/wp-content\/uploads\/2025\/02\/Sac-sous-vide-lisse.webp","type":"image\/webp"}],"twitter_card":"summary_large_image","twitter_misc":{"Tiempo de lectura":"2 minutos"},"schema":{"@context":"https:\/\/schema.org","@graph":[{"@type":"WebPage","@id":"https:\/\/www.csj-emballages.com\/es\/produit\/bolsa-de-vacio-de-conservacion-lisa-reforzada-20-x-30-cm-150-%c2%b5-por-100\/","url":"https:\/\/www.csj-emballages.com\/es\/produit\/bolsa-de-vacio-de-conservacion-lisa-reforzada-20-x-30-cm-150-%c2%b5-por-100\/","name":"Bolsa de vac\u00edo lisa reforzada - 20 x 30 cm 150 \u00b5","isPartOf":{"@id":"https:\/\/www.csj-emballages.com\/es\/#website"},"primaryImageOfPage":{"@id":"https:\/\/www.csj-emballages.com\/es\/produit\/bolsa-de-vacio-de-conservacion-lisa-reforzada-20-x-30-cm-150-%c2%b5-por-100\/#primaryimage"},"image":{"@id":"https:\/\/www.csj-emballages.com\/es\/produit\/bolsa-de-vacio-de-conservacion-lisa-reforzada-20-x-30-cm-150-%c2%b5-por-100\/#primaryimage"},"thumbnailUrl":"https:\/\/www.csj-emballages.com\/wp-content\/uploads\/2025\/02\/Sac-sous-vide-lisse.webp","datePublished":"2025-02-12T10:18:41+00:00","dateModified":"2026-05-04T17:01:38+00:00","description":"Bolsa de vac\u00edo lisa reforzada 20 x 30 cm (150 \u00b5). Ideal para una conservaci\u00f3n \u00f3ptima de los alimentos. Compatible con m\u00e1quinas de campana.","breadcrumb":{"@id":"https:\/\/www.csj-emballages.com\/es\/produit\/bolsa-de-vacio-de-conservacion-lisa-reforzada-20-x-30-cm-150-%c2%b5-por-100\/#breadcrumb"},"inLanguage":"es","potentialAction":[{"@type":"ReadAction","target":["https:\/\/www.csj-emballages.com\/es\/produit\/bolsa-de-vacio-de-conservacion-lisa-reforzada-20-x-30-cm-150-%c2%b5-por-100\/"]}]},{"@type":"ImageObject","inLanguage":"es","@id":"https:\/\/www.csj-emballages.com\/es\/produit\/bolsa-de-vacio-de-conservacion-lisa-reforzada-20-x-30-cm-150-%c2%b5-por-100\/#primaryimage","url":"https:\/\/www.csj-emballages.com\/wp-content\/uploads\/2025\/02\/Sac-sous-vide-lisse.webp","contentUrl":"https:\/\/www.csj-emballages.com\/wp-content\/uploads\/2025\/02\/Sac-sous-vide-lisse.webp","width":800,"height":800,"caption":"Sac sous vide"},{"@type":"BreadcrumbList","@id":"https:\/\/www.csj-emballages.com\/es\/produit\/bolsa-de-vacio-de-conservacion-lisa-reforzada-20-x-30-cm-150-%c2%b5-por-100\/#breadcrumb","itemListElement":[{"@type":"ListItem","position":1,"name":"Accueil","item":"https:\/\/www.csj-emballages.com\/es\/universo-del-envasado-alimentario\/"},{"@type":"ListItem","position":2,"name":"Tienda","item":"https:\/\/www.csj-emballages.com\/tienda\/"},{"@type":"ListItem","position":3,"name":"Bolsa de vac\u00edo de conservaci\u00f3n lisa reforzada 20 x 30 cm 150 \u00b5 por 100"}]},{"@type":"WebSite","@id":"https:\/\/www.csj-emballages.com\/es\/#website","url":"https:\/\/www.csj-emballages.com\/es\/","name":"CSJ Emballages","description":"","publisher":{"@id":"https:\/\/www.csj-emballages.com\/es\/#organization"},"potentialAction":[{"@type":"SearchAction","target":{"@type":"EntryPoint","urlTemplate":"https:\/\/www.csj-emballages.com\/es\/?s={search_term_string}"},"query-input":{"@type":"PropertyValueSpecification","valueRequired":true,"valueName":"search_term_string"}}],"inLanguage":"es"},{"@type":"Organization","@id":"https:\/\/www.csj-emballages.com\/es\/#Organization\/","name":"CSJ Emballages","url":"https:\/\/www.csj-emballages.com\/es\/","logo":{"@type":"ImageObject","inLanguage":"es","@id":"https:\/\/www.csj-emballages.com\/es\/#\/schema\/logo\/image\/","url":"https:\/\/www.csj-emballages.com\/wp-content\/uploads\/2023\/10\/logo_csj.webp","contentUrl":"https:\/\/www.csj-emballages.com\/wp-content\/uploads\/2023\/10\/logo_csj.webp","width":250,"height":95,"caption":"CSJ Emballages"},"image":{"@id":"https:\/\/www.csj-emballages.com\/es\/#\/schema\/logo\/image\/"},"sameAs":["https:\/\/www.facebook.com\/csjemballages"],"address":{"@type":"PostalAddress","streetAddress":"ZI La Lechere","addressLocality":"Patornay","postalCode":"39130","addressCountry":"FR"},"contactPoint":[{"@type":"ContactPoint","contactType":"Service client","telephone":"0384254272","email":"contact@csj-emballages.com"}]}]}},"df_price":13.52,"df_sale_price":"","df_regular_price":13.52,"df_image_link":"https:\/\/www.csj-emballages.com\/wp-content\/uploads\/2025\/02\/Sac-sous-vide-lisse-300x300.webp","tiered_pricing_type":"fixed","tiered_pricing_fixed_rules":[],"tiered_pricing_percentage_rules":[],"tiered_pricing_minimum":1,"tiered_pricing_roles_data":[],"_links":{"self":[{"href":"https:\/\/www.csj-emballages.com\/es\/wp-json\/wp\/v2\/product\/224285","targetHints":{"allow":["GET"]}}],"collection":[{"href":"https:\/\/www.csj-emballages.com\/es\/wp-json\/wp\/v2\/product"}],"about":[{"href":"https:\/\/www.csj-emballages.com\/es\/wp-json\/wp\/v2\/types\/product"}],"wp:featuredmedia":[{"embeddable":true,"href":"https:\/\/www.csj-emballages.com\/es\/wp-json\/wp\/v2\/media\/222133"}],"wp:attachment":[{"href":"https:\/\/www.csj-emballages.com\/es\/wp-json\/wp\/v2\/media?parent=224285"}],"wp:term":[{"taxonomy":"product_brand","embeddable":true,"href":"https:\/\/www.csj-emballages.com\/es\/wp-json\/wp\/v2\/product_brand?post=224285"},{"taxonomy":"product_cat","embeddable":true,"href":"https:\/\/www.csj-emballages.com\/es\/wp-json\/wp\/v2\/product_cat?post=224285"},{"taxonomy":"product_tag","embeddable":true,"href":"https:\/\/www.csj-emballages.com\/es\/wp-json\/wp\/v2\/product_tag?post=224285"}],"curies":[{"name":"wp","href":"https:\/\/api.w.org\/{rel}","templated":true}]}}