{"id":22418,"date":"2024-03-01T16:51:23","date_gmt":"2024-03-01T15:51:23","guid":{"rendered":"https:\/\/u15jnbdpoq.preview.infomaniak.website\/produit\/100-platos-desechables-de-aluminio-1570ml\/"},"modified":"2026-03-12T16:32:07","modified_gmt":"2026-03-12T15:32:07","slug":"100-platos-desechables-de-aluminio-1570ml","status":"publish","type":"product","link":"https:\/\/www.csj-emballages.com\/es\/produit\/100-platos-desechables-de-aluminio-1570ml\/","title":{"rendered":"Plato gastr\u00f3nomo de aluminio 1570 ml por 100"},"content":{"rendered":"<h2>Plato gastron\u00f3mico<\/h2>\n<hr>\n<h3>Descripci\u00f3n de nuestro plato gastr\u00f3nomo de aluminio 1570 ml por 100<\/h3>\n<p><!--more--><\/p>\n<p data-start=\"31\" data-end=\"394\">El <strong data-start=\"34\" data-end=\"74\">gastr\u00f3nomo de aluminio de 1570 ml<\/strong> es indispensable para los <strong data-start=\"105\" data-end=\"149\">hosteleros y restauradores<\/strong> que buscan una soluci\u00f3n pr\u00e1ctica y fiable para cocinar, almacenar y transportar platos. Con su generosa capacidad de <strong>1570<\/strong> ml, es ideal para platos preparados, gratinados, asados y platos en salsa. <\/p>\n<p data-start=\"396\" data-end=\"769\">Su dise\u00f1o <strong data-start=\"413\" data-end=\"438\">de aluminio apto para alimentos<\/strong> garantiza una excelente distribuci\u00f3n del calor, lo que permite una cocci\u00f3n uniforme al tiempo que preserva el sabor y la textura de los alimentos. Duradera y ligera, esta <strong>fuente<\/strong> es apta tanto para congelar como para hornear, lo que la convierte en una soluci\u00f3n vers\u00e1til tanto para uso profesional como dom\u00e9stico. <\/p>\n<p data-start=\"771\" data-end=\"1039\">En resumen, perfecto para llevar, para eventos o para preparar comidas en grandes cantidades, \u00a1este <strong>plato gourmet<\/strong> ser\u00e1 perfecto para usted!<\/p>\n<p data-start=\"771\" data-end=\"1039\">\n<p><!--more--><\/p>\n<h4>Sus ventajas:<\/h4>\n<ul>\n<li data-start=\"1063\" data-end=\"1163\"><strong data-start=\"1065\" data-end=\"1091\">Pr\u00e1ctico y vers\u00e1til<\/strong>: este gastr\u00f3nomo es ideal para cocinar, congelar y transportar platos.<\/li>\n<li data-start=\"1164\" data-end=\"1241\"><strong data-start=\"1166\" data-end=\"1193\">Calidad profesional<\/strong>: Gracias a su dise\u00f1o en aluminio alimentario, este plato es robusto y resistente.<\/li>\n<li data-start=\"1242\" data-end=\"1327\"><strong data-start=\"1244\" data-end=\"1264\">Cocci\u00f3n uniforme<\/strong>: buena distribuci\u00f3n del calor para una cocci\u00f3n perfecta.<\/li>\n<li data-start=\"1328\" data-end=\"1424\"><strong data-start=\"1330\" data-end=\"1349\">Gran capacidad<\/strong>: Ideal para platos familiares o grandes cantidades.<\/li>\n<li data-start=\"1425\" data-end=\"1500\"><strong data-start=\"1427\" data-end=\"1452\">Higi\u00e9nico y desechable<\/strong>: f\u00e1cil de usar sin necesidad de limpieza.<\/li>\n<\/ul>\n<p>&nbsp;<\/p>\n<p><!--more--><\/p>\n<h4>Informaci\u00f3n adicional :<\/h4>\n<ul>\n<li><strong>Embalaje<\/strong>: Paquete de 100<\/li>\n<li><strong>Dimensiones<\/strong>: 263 x 160 x 55,5 ( L x A x A en mm )<\/li>\n<li><strong>Volumen<\/strong>: 1570 ml<\/li>\n<li><strong>Material<\/strong>: Aluminio<\/li>\n<li><strong>Temperatura de funcionamiento<\/strong>: -40\u00b0C \/ +350\u00b0C<\/li>\n<\/ul>\n<p>&nbsp;<\/p>\n<p><!--more--><\/p>\n<p>Este producto est\u00e1 disponible en diferentes tama\u00f1os:<span style=\"color: #d12727\"> <a style=\"color: #d12727\" href=\"https:\/\/www.csj-emballages.com\/es\/produit\/100-platos-desechables-de-aluminio-1170ml\/\">1170 ml<\/a> <span style=\"color: #000000\">\/<\/span> <a style=\"color: #d12727\" href=\"https:\/\/www.csj-emballages.com\/produit\/100-plats-gastronomes-jetables-aluminium-1700ml\/\">1700 ml<\/a> <span style=\"color: #000000\">\/<\/span> <a style=\"color: #d12727\" href=\"https:\/\/www.csj-emballages.com\/produit\/100-plats-gastronomes-jetables-aluminium-2625ml\/\">2625 ml<\/a> <span style=\"color: #000000\">\/<\/span> <a style=\"color: #d12727\" href=\"https:\/\/www.csj-emballages.com\/produit\/100-plats-gastronomes-jetables-aluminium-3600ml\/\">3600 ml<\/a> <span style=\"color: #000000\">\/<\/span> <a style=\"color: #d12727\" href=\"https:\/\/www.csj-emballages.com\/produit\/100-plats-gastronomes-jetables-aluminium-5200ml\/\">5200 ml<\/a> <\/span> <\/p>\n<p>&nbsp;<\/p>\n<p><!--more--><\/p>\n<p><a href=\"https:\/\/www.csj-emballages.com\/es\/categorie-produit\/envasado-de-alimentos\/carniceria-y-charcuteria\/bandejas-latas-y-tarros\/bandejas-platos-moldes-bandejas-de-comida-tazas-ramequines-pasteles-de-carne-de-aluminio\/platos-gourmet\/\">Ver el resto de nuestra gama de platos gourmet de aluminio<\/a><\/p>\n","protected":false},"excerpt":{"rendered":"<p>Plato gastron\u00f3mico Descripci\u00f3n de nuestro plato gastr\u00f3nomo de aluminio 1570 ml por 100<\/p>\n","protected":false},"featured_media":228293,"template":"","meta":{"_acf_changed":false},"product_brand":[],"product_cat":[1143,2006,2914],"product_tag":[],"class_list":{"0":"post-22418","1":"product","2":"type-product","3":"status-publish","4":"has-post-thumbnail","6":"product_cat-carniceria-y-charcuteria","7":"product_cat-bandejas-platos-moldes-bandejas-de-comida-tazas-ramequines-pasteles-de-carne-de-aluminio","8":"product_cat-platos-gourmet","10":"first","11":"instock","12":"taxable","13":"shipping-taxable","14":"purchasable","15":"product-type-simple"},"acf":[],"yoast_head":"<!-- This site is optimized with the Yoast SEO Premium plugin v26.6 (Yoast SEO v26.6) - https:\/\/yoast.com\/wordpress\/plugins\/seo\/ -->\n<title>Plato Gastronome de aluminio 1570 ml por 100<\/title>\n<meta name=\"description\" content=\"Plato gastron\u00f3mico de aluminio de 1570 ml, ideal para cocinar, almacenar y transportar alimentos. Resistente, pr\u00e1ctico y apto para profesionales.\" \/>\n<meta name=\"robots\" content=\"index, follow, max-snippet:-1, max-image-preview:large, max-video-preview:-1\" \/>\n<link rel=\"canonical\" href=\"https:\/\/www.csj-emballages.com\/es\/produit\/100-platos-desechables-de-aluminio-1570ml\/\" \/>\n<meta property=\"og:locale\" content=\"es_ES\" \/>\n<meta property=\"og:type\" content=\"article\" \/>\n<meta property=\"og:title\" content=\"Plato gastr\u00f3nomo de aluminio 1570 ml por 100\" \/>\n<meta property=\"og:description\" content=\"Plato gastron\u00f3mico de aluminio de 1570 ml, ideal para cocinar, almacenar y transportar alimentos. Resistente, pr\u00e1ctico y apto para profesionales.\" \/>\n<meta property=\"og:url\" content=\"https:\/\/www.csj-emballages.com\/es\/produit\/100-platos-desechables-de-aluminio-1570ml\/\" \/>\n<meta property=\"og:site_name\" content=\"CSJ Emballages\" \/>\n<meta property=\"article:publisher\" content=\"https:\/\/www.facebook.com\/csjemballages\" \/>\n<meta property=\"article:modified_time\" content=\"2026-03-12T15:32:07+00:00\" \/>\n<meta property=\"og:image\" content=\"https:\/\/www.csj-emballages.com\/wp-content\/uploads\/2024\/03\/PG-1500.webp\" \/>\n\t<meta property=\"og:image:width\" content=\"800\" \/>\n\t<meta property=\"og:image:height\" content=\"800\" \/>\n\t<meta property=\"og:image:type\" content=\"image\/webp\" \/>\n<meta name=\"twitter:card\" content=\"summary_large_image\" \/>\n<meta name=\"twitter:label1\" content=\"Tiempo de lectura\" \/>\n\t<meta name=\"twitter:data1\" content=\"1 minuto\" \/>\n<script type=\"application\/ld+json\" class=\"yoast-schema-graph\">{\"@context\":\"https:\/\/schema.org\",\"@graph\":[{\"@type\":\"WebPage\",\"@id\":\"https:\/\/www.csj-emballages.com\/es\/produit\/100-platos-desechables-de-aluminio-1570ml\/\",\"url\":\"https:\/\/www.csj-emballages.com\/es\/produit\/100-platos-desechables-de-aluminio-1570ml\/\",\"name\":\"Plato Gastronome de aluminio 1570 ml por 100\",\"isPartOf\":{\"@id\":\"https:\/\/www.csj-emballages.com\/es\/#website\"},\"primaryImageOfPage\":{\"@id\":\"https:\/\/www.csj-emballages.com\/es\/produit\/100-platos-desechables-de-aluminio-1570ml\/#primaryimage\"},\"image\":{\"@id\":\"https:\/\/www.csj-emballages.com\/es\/produit\/100-platos-desechables-de-aluminio-1570ml\/#primaryimage\"},\"thumbnailUrl\":\"https:\/\/www.csj-emballages.com\/wp-content\/uploads\/2024\/03\/PG-1500.webp\",\"datePublished\":\"2024-03-01T15:51:23+00:00\",\"dateModified\":\"2026-03-12T15:32:07+00:00\",\"description\":\"Plato gastron\u00f3mico de aluminio de 1570 ml, ideal para cocinar, almacenar y transportar alimentos. Resistente, pr\u00e1ctico y apto para profesionales.\",\"breadcrumb\":{\"@id\":\"https:\/\/www.csj-emballages.com\/es\/produit\/100-platos-desechables-de-aluminio-1570ml\/#breadcrumb\"},\"inLanguage\":\"es\",\"potentialAction\":[{\"@type\":\"ReadAction\",\"target\":[\"https:\/\/www.csj-emballages.com\/es\/produit\/100-platos-desechables-de-aluminio-1570ml\/\"]}]},{\"@type\":\"ImageObject\",\"inLanguage\":\"es\",\"@id\":\"https:\/\/www.csj-emballages.com\/es\/produit\/100-platos-desechables-de-aluminio-1570ml\/#primaryimage\",\"url\":\"https:\/\/www.csj-emballages.com\/wp-content\/uploads\/2024\/03\/PG-1500.webp\",\"contentUrl\":\"https:\/\/www.csj-emballages.com\/wp-content\/uploads\/2024\/03\/PG-1500.webp\",\"width\":800,\"height\":800,\"caption\":\"Plat gastronome\"},{\"@type\":\"BreadcrumbList\",\"@id\":\"https:\/\/www.csj-emballages.com\/es\/produit\/100-platos-desechables-de-aluminio-1570ml\/#breadcrumb\",\"itemListElement\":[{\"@type\":\"ListItem\",\"position\":1,\"name\":\"Accueil\",\"item\":\"https:\/\/www.csj-emballages.com\/es\/universo-del-envasado-alimentario\/\"},{\"@type\":\"ListItem\",\"position\":2,\"name\":\"Tienda\",\"item\":\"https:\/\/www.csj-emballages.com\/tienda\/\"},{\"@type\":\"ListItem\",\"position\":3,\"name\":\"Plato gastr\u00f3nomo de aluminio 1570 ml por 100\"}]},{\"@type\":\"WebSite\",\"@id\":\"https:\/\/www.csj-emballages.com\/es\/#website\",\"url\":\"https:\/\/www.csj-emballages.com\/es\/\",\"name\":\"CSJ Emballages\",\"description\":\"\",\"publisher\":{\"@id\":\"https:\/\/www.csj-emballages.com\/es\/#organization\"},\"potentialAction\":[{\"@type\":\"SearchAction\",\"target\":{\"@type\":\"EntryPoint\",\"urlTemplate\":\"https:\/\/www.csj-emballages.com\/es\/?s={search_term_string}\"},\"query-input\":{\"@type\":\"PropertyValueSpecification\",\"valueRequired\":true,\"valueName\":\"search_term_string\"}}],\"inLanguage\":\"es\"},{\"@type\":\"Organization\",\"@id\":\"https:\/\/www.csj-emballages.com\/es\/#Organization\/\",\"name\":\"CSJ Emballages\",\"url\":\"https:\/\/www.csj-emballages.com\/es\/\",\"logo\":{\"@type\":\"ImageObject\",\"inLanguage\":\"es\",\"@id\":\"https:\/\/www.csj-emballages.com\/es\/#\/schema\/logo\/image\/\",\"url\":\"https:\/\/www.csj-emballages.com\/wp-content\/uploads\/2023\/10\/logo_csj.webp\",\"contentUrl\":\"https:\/\/www.csj-emballages.com\/wp-content\/uploads\/2023\/10\/logo_csj.webp\",\"width\":250,\"height\":95,\"caption\":\"CSJ Emballages\"},\"image\":{\"@id\":\"https:\/\/www.csj-emballages.com\/es\/#\/schema\/logo\/image\/\"},\"sameAs\":[\"https:\/\/www.facebook.com\/csjemballages\"],\"address\":{\"@type\":\"PostalAddress\",\"streetAddress\":\"ZI La Lechere\",\"addressLocality\":\"Patornay\",\"postalCode\":\"39130\",\"addressCountry\":\"FR\"},\"contactPoint\":[{\"@type\":\"ContactPoint\",\"contactType\":\"Service client\",\"telephone\":\"0384254272\",\"email\":\"contact@csj-emballages.com\"}]}]}<\/script>\n<!-- \/ Yoast SEO Premium plugin. -->","yoast_head_json":{"title":"Plato Gastronome de aluminio 1570 ml por 100","description":"Plato gastron\u00f3mico de aluminio de 1570 ml, ideal para cocinar, almacenar y transportar alimentos. Resistente, pr\u00e1ctico y apto para profesionales.","robots":{"index":"index","follow":"follow","max-snippet":"max-snippet:-1","max-image-preview":"max-image-preview:large","max-video-preview":"max-video-preview:-1"},"canonical":"https:\/\/www.csj-emballages.com\/es\/produit\/100-platos-desechables-de-aluminio-1570ml\/","og_locale":"es_ES","og_type":"article","og_title":"Plato gastr\u00f3nomo de aluminio 1570 ml por 100","og_description":"Plato gastron\u00f3mico de aluminio de 1570 ml, ideal para cocinar, almacenar y transportar alimentos. Resistente, pr\u00e1ctico y apto para profesionales.","og_url":"https:\/\/www.csj-emballages.com\/es\/produit\/100-platos-desechables-de-aluminio-1570ml\/","og_site_name":"CSJ Emballages","article_publisher":"https:\/\/www.facebook.com\/csjemballages","article_modified_time":"2026-03-12T15:32:07+00:00","og_image":[{"width":800,"height":800,"url":"https:\/\/www.csj-emballages.com\/wp-content\/uploads\/2024\/03\/PG-1500.webp","type":"image\/webp"}],"twitter_card":"summary_large_image","twitter_misc":{"Tiempo de lectura":"1 minuto"},"schema":{"@context":"https:\/\/schema.org","@graph":[{"@type":"WebPage","@id":"https:\/\/www.csj-emballages.com\/es\/produit\/100-platos-desechables-de-aluminio-1570ml\/","url":"https:\/\/www.csj-emballages.com\/es\/produit\/100-platos-desechables-de-aluminio-1570ml\/","name":"Plato Gastronome de aluminio 1570 ml por 100","isPartOf":{"@id":"https:\/\/www.csj-emballages.com\/es\/#website"},"primaryImageOfPage":{"@id":"https:\/\/www.csj-emballages.com\/es\/produit\/100-platos-desechables-de-aluminio-1570ml\/#primaryimage"},"image":{"@id":"https:\/\/www.csj-emballages.com\/es\/produit\/100-platos-desechables-de-aluminio-1570ml\/#primaryimage"},"thumbnailUrl":"https:\/\/www.csj-emballages.com\/wp-content\/uploads\/2024\/03\/PG-1500.webp","datePublished":"2024-03-01T15:51:23+00:00","dateModified":"2026-03-12T15:32:07+00:00","description":"Plato gastron\u00f3mico de aluminio de 1570 ml, ideal para cocinar, almacenar y transportar alimentos. Resistente, pr\u00e1ctico y apto para profesionales.","breadcrumb":{"@id":"https:\/\/www.csj-emballages.com\/es\/produit\/100-platos-desechables-de-aluminio-1570ml\/#breadcrumb"},"inLanguage":"es","potentialAction":[{"@type":"ReadAction","target":["https:\/\/www.csj-emballages.com\/es\/produit\/100-platos-desechables-de-aluminio-1570ml\/"]}]},{"@type":"ImageObject","inLanguage":"es","@id":"https:\/\/www.csj-emballages.com\/es\/produit\/100-platos-desechables-de-aluminio-1570ml\/#primaryimage","url":"https:\/\/www.csj-emballages.com\/wp-content\/uploads\/2024\/03\/PG-1500.webp","contentUrl":"https:\/\/www.csj-emballages.com\/wp-content\/uploads\/2024\/03\/PG-1500.webp","width":800,"height":800,"caption":"Plat gastronome"},{"@type":"BreadcrumbList","@id":"https:\/\/www.csj-emballages.com\/es\/produit\/100-platos-desechables-de-aluminio-1570ml\/#breadcrumb","itemListElement":[{"@type":"ListItem","position":1,"name":"Accueil","item":"https:\/\/www.csj-emballages.com\/es\/universo-del-envasado-alimentario\/"},{"@type":"ListItem","position":2,"name":"Tienda","item":"https:\/\/www.csj-emballages.com\/tienda\/"},{"@type":"ListItem","position":3,"name":"Plato gastr\u00f3nomo de aluminio 1570 ml por 100"}]},{"@type":"WebSite","@id":"https:\/\/www.csj-emballages.com\/es\/#website","url":"https:\/\/www.csj-emballages.com\/es\/","name":"CSJ Emballages","description":"","publisher":{"@id":"https:\/\/www.csj-emballages.com\/es\/#organization"},"potentialAction":[{"@type":"SearchAction","target":{"@type":"EntryPoint","urlTemplate":"https:\/\/www.csj-emballages.com\/es\/?s={search_term_string}"},"query-input":{"@type":"PropertyValueSpecification","valueRequired":true,"valueName":"search_term_string"}}],"inLanguage":"es"},{"@type":"Organization","@id":"https:\/\/www.csj-emballages.com\/es\/#Organization\/","name":"CSJ Emballages","url":"https:\/\/www.csj-emballages.com\/es\/","logo":{"@type":"ImageObject","inLanguage":"es","@id":"https:\/\/www.csj-emballages.com\/es\/#\/schema\/logo\/image\/","url":"https:\/\/www.csj-emballages.com\/wp-content\/uploads\/2023\/10\/logo_csj.webp","contentUrl":"https:\/\/www.csj-emballages.com\/wp-content\/uploads\/2023\/10\/logo_csj.webp","width":250,"height":95,"caption":"CSJ Emballages"},"image":{"@id":"https:\/\/www.csj-emballages.com\/es\/#\/schema\/logo\/image\/"},"sameAs":["https:\/\/www.facebook.com\/csjemballages"],"address":{"@type":"PostalAddress","streetAddress":"ZI La Lechere","addressLocality":"Patornay","postalCode":"39130","addressCountry":"FR"},"contactPoint":[{"@type":"ContactPoint","contactType":"Service client","telephone":"0384254272","email":"contact@csj-emballages.com"}]}]}},"df_price":36,"df_sale_price":"","df_regular_price":36,"df_image_link":"https:\/\/www.csj-emballages.com\/wp-content\/uploads\/2024\/03\/PG-1500-300x300.webp","tiered_pricing_type":"fixed","tiered_pricing_fixed_rules":[],"tiered_pricing_percentage_rules":[],"tiered_pricing_minimum":1,"tiered_pricing_roles_data":[],"_links":{"self":[{"href":"https:\/\/www.csj-emballages.com\/es\/wp-json\/wp\/v2\/product\/22418","targetHints":{"allow":["GET"]}}],"collection":[{"href":"https:\/\/www.csj-emballages.com\/es\/wp-json\/wp\/v2\/product"}],"about":[{"href":"https:\/\/www.csj-emballages.com\/es\/wp-json\/wp\/v2\/types\/product"}],"wp:featuredmedia":[{"embeddable":true,"href":"https:\/\/www.csj-emballages.com\/es\/wp-json\/wp\/v2\/media\/228293"}],"wp:attachment":[{"href":"https:\/\/www.csj-emballages.com\/es\/wp-json\/wp\/v2\/media?parent=22418"}],"wp:term":[{"taxonomy":"product_brand","embeddable":true,"href":"https:\/\/www.csj-emballages.com\/es\/wp-json\/wp\/v2\/product_brand?post=22418"},{"taxonomy":"product_cat","embeddable":true,"href":"https:\/\/www.csj-emballages.com\/es\/wp-json\/wp\/v2\/product_cat?post=22418"},{"taxonomy":"product_tag","embeddable":true,"href":"https:\/\/www.csj-emballages.com\/es\/wp-json\/wp\/v2\/product_tag?post=22418"}],"curies":[{"name":"wp","href":"https:\/\/api.w.org\/{rel}","templated":true}]}}