{"id":22388,"date":"2024-03-01T16:51:25","date_gmt":"2024-03-01T15:51:25","guid":{"rendered":"https:\/\/u15jnbdpoq.preview.infomaniak.website\/produit\/100-bolsas-medianas-de-patatas-fritas-kraft\/"},"modified":"2026-04-23T02:14:51","modified_gmt":"2026-04-23T00:14:51","slug":"100-bolsas-medianas-de-patatas-fritas-kraft","status":"publish","type":"product","link":"https:\/\/www.csj-emballages.com\/es\/produit\/100-bolsas-medianas-de-patatas-fritas-kraft\/","title":{"rendered":"Bolsa mediana de cart\u00f3n para patatas fritas, 100"},"content":{"rendered":"<h2>Fichas<\/h2>\n<hr>\n<h3>Descripci\u00f3n de nuestra bolsa de cart\u00f3n mediana de Chips, paquete de 100<\/h3>\n<p><!--more--><\/p>\n<p data-start=\"187\" data-end=\"623\">Si busca una forma sencilla y eficaz de presentar sus <strong>patatas fritas<\/strong> y mantener el servicio fluido, esta<strong> bolsa<\/strong> <strong>de<\/strong> cart\u00f3n es para usted. Dise\u00f1ada para ser ligera, pr\u00e1ctica y f\u00e1cil de sujetar, tiene el tama\u00f1o perfecto para <strong>raciones<\/strong> <strong>medianas<\/strong>. En cuanto la llene, mantendr\u00e1 su forma, por lo que sus patatas fritas no se aplastar\u00e1n ni se hundir\u00e1n al servirlas.  <\/p>\n<p data-start=\"625\" data-end=\"1057\">Gracias a su <strong>resistente<\/strong> <strong>cart\u00f3n<\/strong>, soporta el calor y la humedad sin problemas, lo que resulta ideal cuando los pedidos llegan uno tras otro. Los clientes pueden disfrutar de sus patatas fritas sin riesgo de quemarse o de que se filtre la grasa, lo que realmente mejora la experiencia de comer. Su<strong> tama\u00f1o<\/strong> tambi\u00e9n lo hace muy \u00fatil para bares, food-trucks, stands de ferias o restaurantes que ofrezcan guarniciones r\u00e1pidas.  <\/p>\n<p data-start=\"1059\" data-end=\"1378\">Como viene en <strong data-start=\"1083\" data-end=\"1097\">lotes de 100<\/strong>, dispondr\u00e1 de existencias c\u00f3modas cuando las necesite. As\u00ed podr\u00e1 gestionar las prisas sin estr\u00e9s y mantener organizado su puesto de trabajo. <\/p>\n<p data-start=\"1059\" data-end=\"1378\">Con su aspecto <strong>natural<\/strong>, se integra f\u00e1cilmente en cualquier entorno culinario. Incluso puede combinarse con otros envases para crear una presentaci\u00f3n armoniosa: bandejas, sobres o <span style=\"color: #d12727;\"><a style=\"color: #d12727;\" href=\"https:\/\/www.csj-emballages.com\/es\/categorie-produit\/envasado-de-alimentos\/catering-es\/cajas-bandejas-bolsas-conos\/bandejas-cajas-de-carton\/fiambreras\/\">cajas para hamburguesas<\/a><\/span>. Su sencillez lo convierte en un soporte vers\u00e1til, perfecto para una cocina r\u00e1pida pero de gran calidad.  <\/p>\n<p data-start=\"1734\" data-end=\"1898\">En resumen, esta<strong> bolsa para patatas fritas<\/strong> combina practicidad, facilidad de uso y un buen ajuste. Imprescindible para servir la comida de forma limpia, r\u00e1pida y con estilo. <\/p>\n<p data-start=\"931\" data-end=\"1119\"><!--more--><\/p>\n<h4 data-start=\"931\" data-end=\"1119\">Ventajas :<\/h4>\n<ul>\n<li data-start=\"1926\" data-end=\"1984\">Formato compacto, perfecto para<strong> porciones est\u00e1ndar<\/strong>.<\/li>\n<li data-start=\"1987\" data-end=\"2025\"><strong>Cart\u00f3n s\u00f3lido<\/strong> que no se deforma.<\/li>\n<li data-start=\"2028\" data-end=\"2067\">Resistente al calor y a la grasa.<\/li>\n<li data-start=\"2070\" data-end=\"2112\">R\u00e1pido de abrir y f\u00e1cil de manejar.<\/li>\n<li data-start=\"2115\" data-end=\"2159\"><strong>Lote de 100<\/strong> para una gesti\u00f3n fluida de las existencias.<\/li>\n<\/ul>\n<p>.<\/p>\n<p data-start=\"931\" data-end=\"1119\"><!--more--><\/p>\n<h4>Informaci\u00f3n adicional :<\/h4>\n<ul>\n<li><strong>Embalaje<\/strong>: Paquete de 100<\/li>\n<li><strong>Dimensiones<\/strong>: 90 x 132 x 130 mm (L x A x A)<\/li>\n<li><strong>Material<\/strong>: Cart\u00f3n<\/li>\n<li><strong>Modelo<\/strong>: Medium<\/li>\n<\/ul>\n<p>&nbsp;<\/p>\n<p><!--more--><\/p>\n<p>Este producto est\u00e1 disponible en varios tama\u00f1os: <span style=\"color: #d12727;\"><a style=\"color: #d12727;\" href=\"https:\/\/www.csj-emballages.com\/es\/produit\/100-bolsas-pequenas-de-patatas-fritas-kraft\/\">Peque\u00f1o<\/a><\/span> \/ <span style=\"color: #d12727;\"><a style=\"color: #d12727;\" href=\"https:\/\/www.csj-emballages.com\/produit\/100-pochette-carton-pour-frites-kraft-grande-large-cornet\/\">Grande<\/a><\/span><\/p>\n<p>&nbsp;<\/p>\n<p><!--more--><\/p>\n<p><a href=\"https:\/\/www.csj-emballages.com\/es\/categorie-produit\/envasado-de-alimentos\/catering-es\/cajas-bandejas-bolsas-conos\/patatas-fritas-tortitas-tacos-wraps\/\">Ver el resto de nuestra gama de bolsas para patatas fritas \/ tortitas \/ tacos \/ wraps<\/a><\/p>\n","protected":false},"excerpt":{"rendered":"<p>Fichas Descripci\u00f3n de nuestra bolsa de cart\u00f3n mediana de Chips, paquete de 100<\/p>\n","protected":false},"featured_media":230446,"template":"","meta":{"_acf_changed":false},"product_brand":[],"product_cat":[1150,1179,3081],"product_tag":[],"class_list":{"0":"post-22388","1":"product","2":"type-product","3":"status-publish","4":"has-post-thumbnail","6":"product_cat-envasado-de-alimentos","7":"product_cat-catering-es","8":"product_cat-patatas-fritas-tortitas-tacos-wraps","10":"first","11":"instock","12":"taxable","13":"shipping-taxable","14":"purchasable","15":"product-type-simple"},"acf":[],"yoast_head":"<!-- This site is optimized with the Yoast SEO Premium plugin v26.6 (Yoast SEO v26.6) - https:\/\/yoast.com\/wordpress\/plugins\/seo\/ -->\n<title>Patatas fritas Bolsa mediana de cart\u00f3n 100<\/title>\n<meta name=\"description\" content=\"Bolsa mediana de cart\u00f3n para patatas fritas, vendida en paquetes de 100 unidades. Pr\u00e1ctica, resistente e ideal para bares, food-trucks y restaurantes de comida para llevar.\" \/>\n<meta name=\"robots\" content=\"index, follow, max-snippet:-1, max-image-preview:large, max-video-preview:-1\" \/>\n<link rel=\"canonical\" href=\"https:\/\/www.csj-emballages.com\/es\/produit\/100-bolsas-medianas-de-patatas-fritas-kraft\/\" \/>\n<meta property=\"og:locale\" content=\"es_ES\" \/>\n<meta property=\"og:type\" content=\"article\" \/>\n<meta property=\"og:title\" content=\"Bolsa mediana de cart\u00f3n para patatas fritas, 100\" \/>\n<meta property=\"og:description\" content=\"Bolsa mediana de cart\u00f3n para patatas fritas, vendida en paquetes de 100 unidades. Pr\u00e1ctica, resistente e ideal para bares, food-trucks y restaurantes de comida para llevar.\" \/>\n<meta property=\"og:url\" content=\"https:\/\/www.csj-emballages.com\/es\/produit\/100-bolsas-medianas-de-patatas-fritas-kraft\/\" \/>\n<meta property=\"og:site_name\" content=\"CSJ Emballages\" \/>\n<meta property=\"article:publisher\" content=\"https:\/\/www.facebook.com\/csjemballages\" \/>\n<meta property=\"article:modified_time\" content=\"2026-04-23T00:14:51+00:00\" \/>\n<meta property=\"og:image\" content=\"https:\/\/www.csj-emballages.com\/wp-content\/uploads\/2024\/03\/PF2K.webp\" \/>\n\t<meta property=\"og:image:width\" content=\"800\" \/>\n\t<meta property=\"og:image:height\" content=\"800\" \/>\n\t<meta property=\"og:image:type\" content=\"image\/webp\" \/>\n<meta name=\"twitter:card\" content=\"summary_large_image\" \/>\n<meta name=\"twitter:label1\" content=\"Tiempo de lectura\" \/>\n\t<meta name=\"twitter:data1\" content=\"2 minutos\" \/>\n<script type=\"application\/ld+json\" class=\"yoast-schema-graph\">{\"@context\":\"https:\/\/schema.org\",\"@graph\":[{\"@type\":\"WebPage\",\"@id\":\"https:\/\/www.csj-emballages.com\/es\/produit\/100-bolsas-medianas-de-patatas-fritas-kraft\/\",\"url\":\"https:\/\/www.csj-emballages.com\/es\/produit\/100-bolsas-medianas-de-patatas-fritas-kraft\/\",\"name\":\"Patatas fritas Bolsa mediana de cart\u00f3n 100\",\"isPartOf\":{\"@id\":\"https:\/\/www.csj-emballages.com\/es\/#website\"},\"primaryImageOfPage\":{\"@id\":\"https:\/\/www.csj-emballages.com\/es\/produit\/100-bolsas-medianas-de-patatas-fritas-kraft\/#primaryimage\"},\"image\":{\"@id\":\"https:\/\/www.csj-emballages.com\/es\/produit\/100-bolsas-medianas-de-patatas-fritas-kraft\/#primaryimage\"},\"thumbnailUrl\":\"https:\/\/www.csj-emballages.com\/wp-content\/uploads\/2024\/03\/PF2K.webp\",\"datePublished\":\"2024-03-01T15:51:25+00:00\",\"dateModified\":\"2026-04-23T00:14:51+00:00\",\"description\":\"Bolsa mediana de cart\u00f3n para patatas fritas, vendida en paquetes de 100 unidades. Pr\u00e1ctica, resistente e ideal para bares, food-trucks y restaurantes de comida para llevar.\",\"breadcrumb\":{\"@id\":\"https:\/\/www.csj-emballages.com\/es\/produit\/100-bolsas-medianas-de-patatas-fritas-kraft\/#breadcrumb\"},\"inLanguage\":\"es\",\"potentialAction\":[{\"@type\":\"ReadAction\",\"target\":[\"https:\/\/www.csj-emballages.com\/es\/produit\/100-bolsas-medianas-de-patatas-fritas-kraft\/\"]}]},{\"@type\":\"ImageObject\",\"inLanguage\":\"es\",\"@id\":\"https:\/\/www.csj-emballages.com\/es\/produit\/100-bolsas-medianas-de-patatas-fritas-kraft\/#primaryimage\",\"url\":\"https:\/\/www.csj-emballages.com\/wp-content\/uploads\/2024\/03\/PF2K.webp\",\"contentUrl\":\"https:\/\/www.csj-emballages.com\/wp-content\/uploads\/2024\/03\/PF2K.webp\",\"width\":800,\"height\":800,\"caption\":\"Pochette frites\"},{\"@type\":\"BreadcrumbList\",\"@id\":\"https:\/\/www.csj-emballages.com\/es\/produit\/100-bolsas-medianas-de-patatas-fritas-kraft\/#breadcrumb\",\"itemListElement\":[{\"@type\":\"ListItem\",\"position\":1,\"name\":\"Accueil\",\"item\":\"https:\/\/www.csj-emballages.com\/es\/universo-del-envasado-alimentario\/\"},{\"@type\":\"ListItem\",\"position\":2,\"name\":\"Tienda\",\"item\":\"https:\/\/www.csj-emballages.com\/tienda\/\"},{\"@type\":\"ListItem\",\"position\":3,\"name\":\"Bolsa mediana de cart\u00f3n para patatas fritas, 100\"}]},{\"@type\":\"WebSite\",\"@id\":\"https:\/\/www.csj-emballages.com\/es\/#website\",\"url\":\"https:\/\/www.csj-emballages.com\/es\/\",\"name\":\"CSJ Emballages\",\"description\":\"\",\"publisher\":{\"@id\":\"https:\/\/www.csj-emballages.com\/es\/#organization\"},\"potentialAction\":[{\"@type\":\"SearchAction\",\"target\":{\"@type\":\"EntryPoint\",\"urlTemplate\":\"https:\/\/www.csj-emballages.com\/es\/?s={search_term_string}\"},\"query-input\":{\"@type\":\"PropertyValueSpecification\",\"valueRequired\":true,\"valueName\":\"search_term_string\"}}],\"inLanguage\":\"es\"},{\"@type\":\"Organization\",\"@id\":\"https:\/\/www.csj-emballages.com\/es\/#Organization\/\",\"name\":\"CSJ Emballages\",\"url\":\"https:\/\/www.csj-emballages.com\/es\/\",\"logo\":{\"@type\":\"ImageObject\",\"inLanguage\":\"es\",\"@id\":\"https:\/\/www.csj-emballages.com\/es\/#\/schema\/logo\/image\/\",\"url\":\"https:\/\/www.csj-emballages.com\/wp-content\/uploads\/2023\/10\/logo_csj.webp\",\"contentUrl\":\"https:\/\/www.csj-emballages.com\/wp-content\/uploads\/2023\/10\/logo_csj.webp\",\"width\":250,\"height\":95,\"caption\":\"CSJ Emballages\"},\"image\":{\"@id\":\"https:\/\/www.csj-emballages.com\/es\/#\/schema\/logo\/image\/\"},\"sameAs\":[\"https:\/\/www.facebook.com\/csjemballages\"],\"address\":{\"@type\":\"PostalAddress\",\"streetAddress\":\"ZI La Lechere\",\"addressLocality\":\"Patornay\",\"postalCode\":\"39130\",\"addressCountry\":\"FR\"},\"contactPoint\":[{\"@type\":\"ContactPoint\",\"contactType\":\"Service client\",\"telephone\":\"0384254272\",\"email\":\"contact@csj-emballages.com\"}]}]}<\/script>\n<!-- \/ Yoast SEO Premium plugin. -->","yoast_head_json":{"title":"Patatas fritas Bolsa mediana de cart\u00f3n 100","description":"Bolsa mediana de cart\u00f3n para patatas fritas, vendida en paquetes de 100 unidades. Pr\u00e1ctica, resistente e ideal para bares, food-trucks y restaurantes de comida para llevar.","robots":{"index":"index","follow":"follow","max-snippet":"max-snippet:-1","max-image-preview":"max-image-preview:large","max-video-preview":"max-video-preview:-1"},"canonical":"https:\/\/www.csj-emballages.com\/es\/produit\/100-bolsas-medianas-de-patatas-fritas-kraft\/","og_locale":"es_ES","og_type":"article","og_title":"Bolsa mediana de cart\u00f3n para patatas fritas, 100","og_description":"Bolsa mediana de cart\u00f3n para patatas fritas, vendida en paquetes de 100 unidades. Pr\u00e1ctica, resistente e ideal para bares, food-trucks y restaurantes de comida para llevar.","og_url":"https:\/\/www.csj-emballages.com\/es\/produit\/100-bolsas-medianas-de-patatas-fritas-kraft\/","og_site_name":"CSJ Emballages","article_publisher":"https:\/\/www.facebook.com\/csjemballages","article_modified_time":"2026-04-23T00:14:51+00:00","og_image":[{"width":800,"height":800,"url":"https:\/\/www.csj-emballages.com\/wp-content\/uploads\/2024\/03\/PF2K.webp","type":"image\/webp"}],"twitter_card":"summary_large_image","twitter_misc":{"Tiempo de lectura":"2 minutos"},"schema":{"@context":"https:\/\/schema.org","@graph":[{"@type":"WebPage","@id":"https:\/\/www.csj-emballages.com\/es\/produit\/100-bolsas-medianas-de-patatas-fritas-kraft\/","url":"https:\/\/www.csj-emballages.com\/es\/produit\/100-bolsas-medianas-de-patatas-fritas-kraft\/","name":"Patatas fritas Bolsa mediana de cart\u00f3n 100","isPartOf":{"@id":"https:\/\/www.csj-emballages.com\/es\/#website"},"primaryImageOfPage":{"@id":"https:\/\/www.csj-emballages.com\/es\/produit\/100-bolsas-medianas-de-patatas-fritas-kraft\/#primaryimage"},"image":{"@id":"https:\/\/www.csj-emballages.com\/es\/produit\/100-bolsas-medianas-de-patatas-fritas-kraft\/#primaryimage"},"thumbnailUrl":"https:\/\/www.csj-emballages.com\/wp-content\/uploads\/2024\/03\/PF2K.webp","datePublished":"2024-03-01T15:51:25+00:00","dateModified":"2026-04-23T00:14:51+00:00","description":"Bolsa mediana de cart\u00f3n para patatas fritas, vendida en paquetes de 100 unidades. Pr\u00e1ctica, resistente e ideal para bares, food-trucks y restaurantes de comida para llevar.","breadcrumb":{"@id":"https:\/\/www.csj-emballages.com\/es\/produit\/100-bolsas-medianas-de-patatas-fritas-kraft\/#breadcrumb"},"inLanguage":"es","potentialAction":[{"@type":"ReadAction","target":["https:\/\/www.csj-emballages.com\/es\/produit\/100-bolsas-medianas-de-patatas-fritas-kraft\/"]}]},{"@type":"ImageObject","inLanguage":"es","@id":"https:\/\/www.csj-emballages.com\/es\/produit\/100-bolsas-medianas-de-patatas-fritas-kraft\/#primaryimage","url":"https:\/\/www.csj-emballages.com\/wp-content\/uploads\/2024\/03\/PF2K.webp","contentUrl":"https:\/\/www.csj-emballages.com\/wp-content\/uploads\/2024\/03\/PF2K.webp","width":800,"height":800,"caption":"Pochette frites"},{"@type":"BreadcrumbList","@id":"https:\/\/www.csj-emballages.com\/es\/produit\/100-bolsas-medianas-de-patatas-fritas-kraft\/#breadcrumb","itemListElement":[{"@type":"ListItem","position":1,"name":"Accueil","item":"https:\/\/www.csj-emballages.com\/es\/universo-del-envasado-alimentario\/"},{"@type":"ListItem","position":2,"name":"Tienda","item":"https:\/\/www.csj-emballages.com\/tienda\/"},{"@type":"ListItem","position":3,"name":"Bolsa mediana de cart\u00f3n para patatas fritas, 100"}]},{"@type":"WebSite","@id":"https:\/\/www.csj-emballages.com\/es\/#website","url":"https:\/\/www.csj-emballages.com\/es\/","name":"CSJ Emballages","description":"","publisher":{"@id":"https:\/\/www.csj-emballages.com\/es\/#organization"},"potentialAction":[{"@type":"SearchAction","target":{"@type":"EntryPoint","urlTemplate":"https:\/\/www.csj-emballages.com\/es\/?s={search_term_string}"},"query-input":{"@type":"PropertyValueSpecification","valueRequired":true,"valueName":"search_term_string"}}],"inLanguage":"es"},{"@type":"Organization","@id":"https:\/\/www.csj-emballages.com\/es\/#Organization\/","name":"CSJ Emballages","url":"https:\/\/www.csj-emballages.com\/es\/","logo":{"@type":"ImageObject","inLanguage":"es","@id":"https:\/\/www.csj-emballages.com\/es\/#\/schema\/logo\/image\/","url":"https:\/\/www.csj-emballages.com\/wp-content\/uploads\/2023\/10\/logo_csj.webp","contentUrl":"https:\/\/www.csj-emballages.com\/wp-content\/uploads\/2023\/10\/logo_csj.webp","width":250,"height":95,"caption":"CSJ Emballages"},"image":{"@id":"https:\/\/www.csj-emballages.com\/es\/#\/schema\/logo\/image\/"},"sameAs":["https:\/\/www.facebook.com\/csjemballages"],"address":{"@type":"PostalAddress","streetAddress":"ZI La Lechere","addressLocality":"Patornay","postalCode":"39130","addressCountry":"FR"},"contactPoint":[{"@type":"ContactPoint","contactType":"Service client","telephone":"0384254272","email":"contact@csj-emballages.com"}]}]}},"df_price":8.22,"df_sale_price":"","df_regular_price":8.22,"df_image_link":"https:\/\/www.csj-emballages.com\/wp-content\/uploads\/2024\/03\/PF2K-300x300.webp","tiered_pricing_type":"fixed","tiered_pricing_fixed_rules":[],"tiered_pricing_percentage_rules":[],"tiered_pricing_minimum":1,"tiered_pricing_roles_data":[],"_links":{"self":[{"href":"https:\/\/www.csj-emballages.com\/es\/wp-json\/wp\/v2\/product\/22388","targetHints":{"allow":["GET"]}}],"collection":[{"href":"https:\/\/www.csj-emballages.com\/es\/wp-json\/wp\/v2\/product"}],"about":[{"href":"https:\/\/www.csj-emballages.com\/es\/wp-json\/wp\/v2\/types\/product"}],"wp:featuredmedia":[{"embeddable":true,"href":"https:\/\/www.csj-emballages.com\/es\/wp-json\/wp\/v2\/media\/230446"}],"wp:attachment":[{"href":"https:\/\/www.csj-emballages.com\/es\/wp-json\/wp\/v2\/media?parent=22388"}],"wp:term":[{"taxonomy":"product_brand","embeddable":true,"href":"https:\/\/www.csj-emballages.com\/es\/wp-json\/wp\/v2\/product_brand?post=22388"},{"taxonomy":"product_cat","embeddable":true,"href":"https:\/\/www.csj-emballages.com\/es\/wp-json\/wp\/v2\/product_cat?post=22388"},{"taxonomy":"product_tag","embeddable":true,"href":"https:\/\/www.csj-emballages.com\/es\/wp-json\/wp\/v2\/product_tag?post=22388"}],"curies":[{"name":"wp","href":"https:\/\/api.w.org\/{rel}","templated":true}]}}