{"id":22383,"date":"2024-03-01T16:51:24","date_gmt":"2024-03-01T15:51:24","guid":{"rendered":"https:\/\/u15jnbdpoq.preview.infomaniak.website\/produit\/bola-de-rafia-naranja-chocolate-200m-x-125-mm\/"},"modified":"2026-03-12T16:31:58","modified_gmt":"2026-03-12T15:31:58","slug":"bola-de-rafia-naranja-chocolate-200m-x-125-mm","status":"publish","type":"product","link":"https:\/\/www.csj-emballages.com\/es\/produit\/bola-de-rafia-naranja-chocolate-200m-x-125-mm\/","title":{"rendered":"Bola de rafia naranja \/ chocolate 200m x 12,5 mm"},"content":{"rendered":"<h2 style=\"text-indent: 0px; box-sizing: inherit; font-family: Roboto, sans-serif;\">Ovillo de rafia<\/h2>\n<hr>\n<h3>Descubra nuestro ovillo de rafia naranja\/chocolate de 200 m x 12,5 mm<\/h3>\n<p><!--more--><\/p>\n<p data-start=\"227\" data-end=\"610\">Este <strong>ovillo de rafia<\/strong> <strong data-start=\"250\" data-end=\"271\">naranja\/chocolate<\/strong> juega con tonos c\u00e1lidos y apetitosos que aportan car\u00e1cter a sus embalajes de inmediato. La combinaci\u00f3n del <strong>naranja<\/strong> <strong>luminoso<\/strong> y el <strong>marr\u00f3n profundo<\/strong> crea un contraste elegante, a la vez moderno y c\u00e1lido. Es el tipo de detalle que llama la atenci\u00f3n sin exagerar y que da inmediatamente una impresi\u00f3n de cuidado y calidad.  <\/p>\n<p data-start=\"612\" data-end=\"991\">Con sus <strong data-start=\"621\" data-end=\"647\">200 metros de longitud<\/strong>, este <strong>ovillo<\/strong> le acompa\u00f1ar\u00e1 durante mucho tiempo. Puede utilizarlo para muchas creaciones sin tener que renovar su stock con demasiada frecuencia. Su anchura de <strong data-start=\"811\" data-end=\"820\">12,5 mm<\/strong> ofrece una buena sujeci\u00f3n y permite realizar <strong>nudos limpios<\/strong>, <strong>propios<\/strong> y <strong>regulares<\/strong>. Se manipula f\u00e1cilmente, se corta sin esfuerzo y permanece en su sitio una vez anudado.   <\/p>\n<p data-start=\"993\" data-end=\"1353\">Esta <strong>rafia bicolor<\/strong> se adapta a muchos universos. Es perfecta para tiendas de alimentaci\u00f3n, boutiques, cestas gourmet, envoltorios de regalos o decoraciones de temporada. Los colores <strong>naranja<\/strong> y <strong>chocolate<\/strong> funcionan especialmente bien en oto\u00f1o, durante las fiestas o para destacar productos artesanales y gourmet.  <\/p>\n<p data-start=\"1355\" data-end=\"1571\">En la pr\u00e1ctica, esta <strong>rafia<\/strong> permite transformar un embalaje sencillo en una presentaci\u00f3n m\u00e1s elaborada, sin complicar su d\u00eda a d\u00eda. A\u00f1ade un toque visual fuerte a la vez que discreto y f\u00e1cil de usar. <\/p>\n<p data-start=\"1573\" data-end=\"1704\">En resumen, este <strong>ovillo de rafia naranja\/chocolate<\/strong> es una excelente opci\u00f3n si busca combinar eficacia, est\u00e9tica y originalidad en sus embalajes.<\/p>\n<p data-start=\"1573\" data-end=\"1704\">\n<p data-start=\"1643\" data-end=\"1786\"><!--more--><\/p>\n<h4 data-start=\"1643\" data-end=\"1786\">Ventajas :<\/h4>\n<ul>\n<li data-start=\"1733\" data-end=\"1778\">Combinaci\u00f3n de colores c\u00e1lida y elegante.<\/li>\n<li data-start=\"1781\" data-end=\"1824\"><strong>Longitud de 200 m<\/strong> para un uso prolongado.<\/li>\n<li data-start=\"1827\" data-end=\"1867\"><strong>Anchura<\/strong> <strong>de<\/strong> <strong>10 mm<\/strong> para una buena sujeci\u00f3n.<\/li>\n<li data-start=\"1870\" data-end=\"1899\">F\u00e1cil de cortar y anudar.<\/li>\n<li data-start=\"1902\" data-end=\"1951\">Ideal para embalaje, decoraci\u00f3n y presentaci\u00f3n.<\/li>\n<\/ul>\n<p>&nbsp;<\/p>\n<p><!--more--><\/p>\n<h4 style=\"text-indent: 0px; box-sizing: inherit; font-family: Roboto, sans-serif;\">Informaci\u00f3n adicional :<\/h4>\n<ul>\n<li><strong>Embalaje<\/strong>: Por unidad<\/li>\n<li><strong>Ancho<\/strong>: 12,5 mm<\/li>\n<li><strong>Longitud<\/strong>: 200 m<\/li>\n<li><strong>Color<\/strong>: Naranja\/chocolate<\/li>\n<li><strong>Modelo<\/strong>: Rafia \u00abPapermat\u00bb<\/li>\n<li><strong>Material<\/strong>: PP<\/li>\n<\/ul>\n<h2 style=\"font-family: Roboto, sans-serif; box-sizing: inherit;\"><\/h2>\n<p><!--more--><\/p>\n<p>Este ovillo de rafia est\u00e1 disponible en diferentes colores: <span style=\"color: #d12727;\"><a style=\"color: #d12727;\" href=\"https:\/\/www.csj-emballages.com\/es\/produit\/bola-de-rafia-blanca-plateada-100m-x-10mm\/\">Blanco &#8211; Plata<\/a><\/span> \/ <span style=\"color: #d12727;\"><a style=\"color: #d12727;\" href=\"https:\/\/www.csj-emballages.com\/es\/produit\/bola-de-rafia-kraft-100m-x-10mm\/\">Kraft<\/a><\/span> \/ <span style=\"color: #d12727;\"><a style=\"color: #d12727;\" href=\"https:\/\/www.csj-emballages.com\/es\/produit\/rafia-maiz-amapola-bola-200m-x-10mm\/\">Ma\u00edz &#8211; Amapola<\/a><\/span> \/ <span style=\"color: #d12727;\"><a style=\"color: #d12727;\" href=\"https:\/\/www.csj-emballages.com\/es\/produit\/bola-de-rafia-roja-burdeos-200-m-x-125-mm\/\">Rojo &#8211; Burdeos<\/a><\/span><\/p>\n<p>&nbsp;<\/p>\n<p><!--more--><\/p>\n<p><a href=\"https:\/\/www.csj-emballages.com\/es\/categorie-produit\/envasado-de-alimentos\/panaderia-y-pasteleria\/accesorios-y-equipamiento\/accesorios-decorativos\/bolas-de-rafia\/\">Consulte el resto de nuestra gama de ovillos de rafia<\/a><\/p>\n","protected":false},"excerpt":{"rendered":"<p>Ovillo de rafia Descubra nuestro ovillo de rafia naranja\/chocolate de 200 m x 12,5 mm<\/p>\n","protected":false},"featured_media":259501,"template":"","meta":{"_acf_changed":false},"product_brand":[],"product_cat":[1150,1145,1791,3079,1488,1799,3083],"product_tag":[],"class_list":{"0":"post-22383","1":"product","2":"type-product","3":"status-publish","4":"has-post-thumbnail","6":"product_cat-envasado-de-alimentos","7":"product_cat-panaderia-y-pasteleria","8":"product_cat-accesorios-decorativos","9":"product_cat-bolas-de-rafia","10":"product_cat-tienda-y-almacen","11":"product_cat-accesorios-decorativos-es","12":"product_cat-bolas-de-rafia-es","14":"first","15":"instock","16":"taxable","17":"shipping-taxable","18":"purchasable","19":"product-type-simple"},"acf":[],"yoast_head":"<!-- This site is optimized with the Yoast SEO Premium plugin v26.6 (Yoast SEO v26.6) - https:\/\/yoast.com\/wordpress\/plugins\/seo\/ -->\n<title>Ovillo de rafia naranja\/chocolate de 200 m x 12,5 mm<\/title>\n<meta name=\"description\" content=\"Ovillo de rafia naranja\/chocolate de 200 m x 12,5 mm, bicolor y resistente. Perfecto para realzar sus embalajes y decoraciones con estilo.\" \/>\n<meta name=\"robots\" content=\"index, follow, max-snippet:-1, max-image-preview:large, max-video-preview:-1\" \/>\n<link rel=\"canonical\" href=\"https:\/\/www.csj-emballages.com\/es\/produit\/bola-de-rafia-naranja-chocolate-200m-x-125-mm\/\" \/>\n<meta property=\"og:locale\" content=\"es_ES\" \/>\n<meta property=\"og:type\" content=\"article\" \/>\n<meta property=\"og:title\" content=\"Bola de rafia naranja \/ chocolate 200m x 12,5 mm\" \/>\n<meta property=\"og:description\" content=\"Ovillo de rafia naranja\/chocolate de 200 m x 12,5 mm, bicolor y resistente. Perfecto para realzar sus embalajes y decoraciones con estilo.\" \/>\n<meta property=\"og:url\" content=\"https:\/\/www.csj-emballages.com\/es\/produit\/bola-de-rafia-naranja-chocolate-200m-x-125-mm\/\" \/>\n<meta property=\"og:site_name\" content=\"CSJ Emballages\" \/>\n<meta property=\"article:publisher\" content=\"https:\/\/www.facebook.com\/csjemballages\" \/>\n<meta property=\"article:modified_time\" content=\"2026-03-12T15:31:58+00:00\" \/>\n<meta property=\"og:image\" content=\"https:\/\/www.csj-emballages.com\/wp-content\/uploads\/2024\/03\/PELORAF81.webp\" \/>\n\t<meta property=\"og:image:width\" content=\"800\" \/>\n\t<meta property=\"og:image:height\" content=\"800\" \/>\n\t<meta property=\"og:image:type\" content=\"image\/webp\" \/>\n<meta name=\"twitter:card\" content=\"summary_large_image\" \/>\n<meta name=\"twitter:label1\" content=\"Tiempo de lectura\" \/>\n\t<meta name=\"twitter:data1\" content=\"2 minutos\" \/>\n<script type=\"application\/ld+json\" class=\"yoast-schema-graph\">{\"@context\":\"https:\/\/schema.org\",\"@graph\":[{\"@type\":\"WebPage\",\"@id\":\"https:\/\/www.csj-emballages.com\/es\/produit\/bola-de-rafia-naranja-chocolate-200m-x-125-mm\/\",\"url\":\"https:\/\/www.csj-emballages.com\/es\/produit\/bola-de-rafia-naranja-chocolate-200m-x-125-mm\/\",\"name\":\"Ovillo de rafia naranja\/chocolate de 200 m x 12,5 mm\",\"isPartOf\":{\"@id\":\"https:\/\/www.csj-emballages.com\/es\/#website\"},\"primaryImageOfPage\":{\"@id\":\"https:\/\/www.csj-emballages.com\/es\/produit\/bola-de-rafia-naranja-chocolate-200m-x-125-mm\/#primaryimage\"},\"image\":{\"@id\":\"https:\/\/www.csj-emballages.com\/es\/produit\/bola-de-rafia-naranja-chocolate-200m-x-125-mm\/#primaryimage\"},\"thumbnailUrl\":\"https:\/\/www.csj-emballages.com\/wp-content\/uploads\/2024\/03\/PELORAF81.webp\",\"datePublished\":\"2024-03-01T15:51:24+00:00\",\"dateModified\":\"2026-03-12T15:31:58+00:00\",\"description\":\"Ovillo de rafia naranja\/chocolate de 200 m x 12,5 mm, bicolor y resistente. Perfecto para realzar sus embalajes y decoraciones con estilo.\",\"breadcrumb\":{\"@id\":\"https:\/\/www.csj-emballages.com\/es\/produit\/bola-de-rafia-naranja-chocolate-200m-x-125-mm\/#breadcrumb\"},\"inLanguage\":\"es\",\"potentialAction\":[{\"@type\":\"ReadAction\",\"target\":[\"https:\/\/www.csj-emballages.com\/es\/produit\/bola-de-rafia-naranja-chocolate-200m-x-125-mm\/\"]}]},{\"@type\":\"ImageObject\",\"inLanguage\":\"es\",\"@id\":\"https:\/\/www.csj-emballages.com\/es\/produit\/bola-de-rafia-naranja-chocolate-200m-x-125-mm\/#primaryimage\",\"url\":\"https:\/\/www.csj-emballages.com\/wp-content\/uploads\/2024\/03\/PELORAF81.webp\",\"contentUrl\":\"https:\/\/www.csj-emballages.com\/wp-content\/uploads\/2024\/03\/PELORAF81.webp\",\"width\":800,\"height\":800,\"caption\":\"Pelote raffia\"},{\"@type\":\"BreadcrumbList\",\"@id\":\"https:\/\/www.csj-emballages.com\/es\/produit\/bola-de-rafia-naranja-chocolate-200m-x-125-mm\/#breadcrumb\",\"itemListElement\":[{\"@type\":\"ListItem\",\"position\":1,\"name\":\"Accueil\",\"item\":\"https:\/\/www.csj-emballages.com\/es\/universo-del-envasado-alimentario\/\"},{\"@type\":\"ListItem\",\"position\":2,\"name\":\"Tienda\",\"item\":\"https:\/\/www.csj-emballages.com\/tienda\/\"},{\"@type\":\"ListItem\",\"position\":3,\"name\":\"Bola de rafia naranja \/ chocolate 200m x 12,5 mm\"}]},{\"@type\":\"WebSite\",\"@id\":\"https:\/\/www.csj-emballages.com\/es\/#website\",\"url\":\"https:\/\/www.csj-emballages.com\/es\/\",\"name\":\"CSJ Emballages\",\"description\":\"\",\"publisher\":{\"@id\":\"https:\/\/www.csj-emballages.com\/es\/#organization\"},\"potentialAction\":[{\"@type\":\"SearchAction\",\"target\":{\"@type\":\"EntryPoint\",\"urlTemplate\":\"https:\/\/www.csj-emballages.com\/es\/?s={search_term_string}\"},\"query-input\":{\"@type\":\"PropertyValueSpecification\",\"valueRequired\":true,\"valueName\":\"search_term_string\"}}],\"inLanguage\":\"es\"},{\"@type\":\"Organization\",\"@id\":\"https:\/\/www.csj-emballages.com\/es\/#Organization\/\",\"name\":\"CSJ Emballages\",\"url\":\"https:\/\/www.csj-emballages.com\/es\/\",\"logo\":{\"@type\":\"ImageObject\",\"inLanguage\":\"es\",\"@id\":\"https:\/\/www.csj-emballages.com\/es\/#\/schema\/logo\/image\/\",\"url\":\"https:\/\/www.csj-emballages.com\/wp-content\/uploads\/2023\/10\/logo_csj.webp\",\"contentUrl\":\"https:\/\/www.csj-emballages.com\/wp-content\/uploads\/2023\/10\/logo_csj.webp\",\"width\":250,\"height\":95,\"caption\":\"CSJ Emballages\"},\"image\":{\"@id\":\"https:\/\/www.csj-emballages.com\/es\/#\/schema\/logo\/image\/\"},\"sameAs\":[\"https:\/\/www.facebook.com\/csjemballages\"],\"address\":{\"@type\":\"PostalAddress\",\"streetAddress\":\"ZI La Lechere\",\"addressLocality\":\"Patornay\",\"postalCode\":\"39130\",\"addressCountry\":\"FR\"},\"contactPoint\":[{\"@type\":\"ContactPoint\",\"contactType\":\"Service client\",\"telephone\":\"0384254272\",\"email\":\"contact@csj-emballages.com\"}]}]}<\/script>\n<!-- \/ Yoast SEO Premium plugin. -->","yoast_head_json":{"title":"Ovillo de rafia naranja\/chocolate de 200 m x 12,5 mm","description":"Ovillo de rafia naranja\/chocolate de 200 m x 12,5 mm, bicolor y resistente. Perfecto para realzar sus embalajes y decoraciones con estilo.","robots":{"index":"index","follow":"follow","max-snippet":"max-snippet:-1","max-image-preview":"max-image-preview:large","max-video-preview":"max-video-preview:-1"},"canonical":"https:\/\/www.csj-emballages.com\/es\/produit\/bola-de-rafia-naranja-chocolate-200m-x-125-mm\/","og_locale":"es_ES","og_type":"article","og_title":"Bola de rafia naranja \/ chocolate 200m x 12,5 mm","og_description":"Ovillo de rafia naranja\/chocolate de 200 m x 12,5 mm, bicolor y resistente. Perfecto para realzar sus embalajes y decoraciones con estilo.","og_url":"https:\/\/www.csj-emballages.com\/es\/produit\/bola-de-rafia-naranja-chocolate-200m-x-125-mm\/","og_site_name":"CSJ Emballages","article_publisher":"https:\/\/www.facebook.com\/csjemballages","article_modified_time":"2026-03-12T15:31:58+00:00","og_image":[{"width":800,"height":800,"url":"https:\/\/www.csj-emballages.com\/wp-content\/uploads\/2024\/03\/PELORAF81.webp","type":"image\/webp"}],"twitter_card":"summary_large_image","twitter_misc":{"Tiempo de lectura":"2 minutos"},"schema":{"@context":"https:\/\/schema.org","@graph":[{"@type":"WebPage","@id":"https:\/\/www.csj-emballages.com\/es\/produit\/bola-de-rafia-naranja-chocolate-200m-x-125-mm\/","url":"https:\/\/www.csj-emballages.com\/es\/produit\/bola-de-rafia-naranja-chocolate-200m-x-125-mm\/","name":"Ovillo de rafia naranja\/chocolate de 200 m x 12,5 mm","isPartOf":{"@id":"https:\/\/www.csj-emballages.com\/es\/#website"},"primaryImageOfPage":{"@id":"https:\/\/www.csj-emballages.com\/es\/produit\/bola-de-rafia-naranja-chocolate-200m-x-125-mm\/#primaryimage"},"image":{"@id":"https:\/\/www.csj-emballages.com\/es\/produit\/bola-de-rafia-naranja-chocolate-200m-x-125-mm\/#primaryimage"},"thumbnailUrl":"https:\/\/www.csj-emballages.com\/wp-content\/uploads\/2024\/03\/PELORAF81.webp","datePublished":"2024-03-01T15:51:24+00:00","dateModified":"2026-03-12T15:31:58+00:00","description":"Ovillo de rafia naranja\/chocolate de 200 m x 12,5 mm, bicolor y resistente. Perfecto para realzar sus embalajes y decoraciones con estilo.","breadcrumb":{"@id":"https:\/\/www.csj-emballages.com\/es\/produit\/bola-de-rafia-naranja-chocolate-200m-x-125-mm\/#breadcrumb"},"inLanguage":"es","potentialAction":[{"@type":"ReadAction","target":["https:\/\/www.csj-emballages.com\/es\/produit\/bola-de-rafia-naranja-chocolate-200m-x-125-mm\/"]}]},{"@type":"ImageObject","inLanguage":"es","@id":"https:\/\/www.csj-emballages.com\/es\/produit\/bola-de-rafia-naranja-chocolate-200m-x-125-mm\/#primaryimage","url":"https:\/\/www.csj-emballages.com\/wp-content\/uploads\/2024\/03\/PELORAF81.webp","contentUrl":"https:\/\/www.csj-emballages.com\/wp-content\/uploads\/2024\/03\/PELORAF81.webp","width":800,"height":800,"caption":"Pelote raffia"},{"@type":"BreadcrumbList","@id":"https:\/\/www.csj-emballages.com\/es\/produit\/bola-de-rafia-naranja-chocolate-200m-x-125-mm\/#breadcrumb","itemListElement":[{"@type":"ListItem","position":1,"name":"Accueil","item":"https:\/\/www.csj-emballages.com\/es\/universo-del-envasado-alimentario\/"},{"@type":"ListItem","position":2,"name":"Tienda","item":"https:\/\/www.csj-emballages.com\/tienda\/"},{"@type":"ListItem","position":3,"name":"Bola de rafia naranja \/ chocolate 200m x 12,5 mm"}]},{"@type":"WebSite","@id":"https:\/\/www.csj-emballages.com\/es\/#website","url":"https:\/\/www.csj-emballages.com\/es\/","name":"CSJ Emballages","description":"","publisher":{"@id":"https:\/\/www.csj-emballages.com\/es\/#organization"},"potentialAction":[{"@type":"SearchAction","target":{"@type":"EntryPoint","urlTemplate":"https:\/\/www.csj-emballages.com\/es\/?s={search_term_string}"},"query-input":{"@type":"PropertyValueSpecification","valueRequired":true,"valueName":"search_term_string"}}],"inLanguage":"es"},{"@type":"Organization","@id":"https:\/\/www.csj-emballages.com\/es\/#Organization\/","name":"CSJ Emballages","url":"https:\/\/www.csj-emballages.com\/es\/","logo":{"@type":"ImageObject","inLanguage":"es","@id":"https:\/\/www.csj-emballages.com\/es\/#\/schema\/logo\/image\/","url":"https:\/\/www.csj-emballages.com\/wp-content\/uploads\/2023\/10\/logo_csj.webp","contentUrl":"https:\/\/www.csj-emballages.com\/wp-content\/uploads\/2023\/10\/logo_csj.webp","width":250,"height":95,"caption":"CSJ Emballages"},"image":{"@id":"https:\/\/www.csj-emballages.com\/es\/#\/schema\/logo\/image\/"},"sameAs":["https:\/\/www.facebook.com\/csjemballages"],"address":{"@type":"PostalAddress","streetAddress":"ZI La Lechere","addressLocality":"Patornay","postalCode":"39130","addressCountry":"FR"},"contactPoint":[{"@type":"ContactPoint","contactType":"Service client","telephone":"0384254272","email":"contact@csj-emballages.com"}]}]}},"df_price":8.64,"df_sale_price":"","df_regular_price":8.64,"df_image_link":"https:\/\/www.csj-emballages.com\/wp-content\/uploads\/2024\/03\/PELORAF81-300x300.webp","tiered_pricing_type":"fixed","tiered_pricing_fixed_rules":[],"tiered_pricing_percentage_rules":[],"tiered_pricing_minimum":1,"tiered_pricing_roles_data":[],"_links":{"self":[{"href":"https:\/\/www.csj-emballages.com\/es\/wp-json\/wp\/v2\/product\/22383","targetHints":{"allow":["GET"]}}],"collection":[{"href":"https:\/\/www.csj-emballages.com\/es\/wp-json\/wp\/v2\/product"}],"about":[{"href":"https:\/\/www.csj-emballages.com\/es\/wp-json\/wp\/v2\/types\/product"}],"wp:featuredmedia":[{"embeddable":true,"href":"https:\/\/www.csj-emballages.com\/es\/wp-json\/wp\/v2\/media\/259501"}],"wp:attachment":[{"href":"https:\/\/www.csj-emballages.com\/es\/wp-json\/wp\/v2\/media?parent=22383"}],"wp:term":[{"taxonomy":"product_brand","embeddable":true,"href":"https:\/\/www.csj-emballages.com\/es\/wp-json\/wp\/v2\/product_brand?post=22383"},{"taxonomy":"product_cat","embeddable":true,"href":"https:\/\/www.csj-emballages.com\/es\/wp-json\/wp\/v2\/product_cat?post=22383"},{"taxonomy":"product_tag","embeddable":true,"href":"https:\/\/www.csj-emballages.com\/es\/wp-json\/wp\/v2\/product_tag?post=22383"}],"curies":[{"name":"wp","href":"https:\/\/api.w.org\/{rel}","templated":true}]}}