{"id":223775,"date":"2025-01-21T18:21:17","date_gmt":"2025-01-21T17:21:17","guid":{"rendered":"https:\/\/www.csj-emballages.com\/produit\/bolsa-de-vacio-negra-lisa-30-x-40-cm-90-%c2%b5-por-100\/"},"modified":"2026-04-16T02:17:06","modified_gmt":"2026-04-16T00:17:06","slug":"bolsa-de-vacio-negra-lisa-30-x-40-cm-90-%c2%b5-por-100","status":"publish","type":"product","link":"https:\/\/www.csj-emballages.com\/es\/produit\/bolsa-de-vacio-negra-lisa-30-x-40-cm-90-%c2%b5-por-100\/","title":{"rendered":"Bolsa de vac\u00edo negra lisa 30 x 40 cm 90 \u00b5 por 100"},"content":{"rendered":"<h2>Bolsa de vac\u00edo<\/h2>\n<hr>\n<h3>Descripci\u00f3n de nuestra bolsa de vac\u00edo negra lisa 30 x 40 cm 90 \u00b5 por 100<\/h3>\n<p><!--more--><\/p>\n<p><strong>Las bolsas envasadas al vac\u00edo<\/strong> son una soluci\u00f3n ideal para conservar sus alimentos y su vida \u00fatil. Su dise\u00f1o de pl\u00e1stico <strong>negro<\/strong> <strong>liso<\/strong>, con un grosor de <strong>90 micras<\/strong>, ofrece una protecci\u00f3n \u00f3ptima contra el aire, la humedad y los contaminantes externos, garantizando que sus productos conserven sus cualidades nutritivas y gustativas durante m\u00e1s tiempo. <\/p>\n<p>El uso de <strong>bolsas para alimentos envasados al<\/strong> vac\u00edo resulta especialmente ventajoso en las cocinas profesionales. Gracias a su robustez y textura <strong>suave<\/strong>, estas<b> bolsas de vac\u00edo<\/b> son compatibles con <strong><span style=\"color: #ff0000;\">envasadoras al vac\u00edo<\/span><\/strong>. Adem\u00e1s, su dise\u00f1o en negro les da un toque elegante.  <\/p>\n<p>&nbsp;<\/p>\n<p><!--more--><\/p>\n<h4>\u00bfPor qu\u00e9 utilizar nuestras bolsas de vac\u00edo?<\/h4>\n<p>Una de las principales ventajas de la <strong>bolsa de vac\u00edo<\/strong> es que prolonga la vida \u00fatil de los alimentos. Al eliminar el aire, uno de los principales factores de deterioro de los productos, estas bolsas <strong>de<\/strong> vac\u00edo ralentizan el proceso de oxidaci\u00f3n. Tanto si almacena carne, verduras, fruta, platos preparados o incluso productos secos, estas bolsas <strong>de conservaci\u00f3n lisa<\/strong> garantizan una conservaci\u00f3n \u00f3ptima.  <\/p>\n<p>Adem\u00e1s, estas <strong>bolsas<\/strong> son muy f\u00e1ciles de usar. Todo lo que tiene que hacer es colocar los alimentos dentro de la bolsa, utilizar la m\u00e1quina para eliminar el aire y, en s\u00f3lo unos segundos, tendr\u00e1 un envase seguro y herm\u00e9tico. Este proceso no s\u00f3lo conserva los alimentos durante m\u00e1s tiempo, sino que tambi\u00e9n ahorra espacio en su frigor\u00edfico o congelador. <strong>Los alimentos envasados al vac\u00edo<\/strong> se comprimen, lo que facilita su almacenamiento y organizaci\u00f3n.   <\/p>\n<p>&nbsp;<\/p>\n<p><!--more--><\/p>\n<div style=\"box-sizing: inherit; font-family: Roboto, sans-serif;\">\n<div style=\"box-sizing: inherit; font-family: Roboto, sans-serif;\">\n<div style=\"box-sizing: inherit; font-family: Roboto, sans-serif;\">\n<div style=\"box-sizing: inherit; font-family: Roboto, sans-serif;\">\n<div style=\"box-sizing: inherit; font-family: Roboto, sans-serif;\">\n<div style=\"box-sizing: inherit; font-family: Roboto, sans-serif;\">\n<div style=\"box-sizing: inherit; font-family: Roboto, sans-serif;\">\n<div style=\"box-sizing: inherit; font-family: Roboto, sans-serif;\">\n<div style=\"box-sizing: inherit; font-family: Roboto, sans-serif;\">\n<div style=\"box-sizing: inherit; font-family: Roboto, sans-serif;\">\n<div style=\"box-sizing: inherit; font-family: Roboto, sans-serif;\">\n<div style=\"box-sizing: inherit; font-family: Roboto, sans-serif;\">\n<div style=\"box-sizing: inherit; font-family: Roboto, sans-serif;\">\n<div class=\"flex flex-grow flex-col max-w-full\">\n<div class=\"min-h-[20px] text-message flex flex-col items-start whitespace-pre-wrap break-words [.text-message+&amp;]:mt-5 juice:w-full juice:items-end overflow-x-auto gap-2\" dir=\"auto\" data-message-author-role=\"assistant\" data-message-id=\"2034782e-88f9-44ef-b4dc-07dd7bf0115f\">\n<div class=\"flex w-full flex-col gap-1 juice:empty:hidden juice:first:pt-[3px]\">\n<div class=\"markdown prose w-full break-words dark:prose-invert light\">\n<div style=\"box-sizing: inherit; font-family: Roboto, sans-serif;\">\n<div style=\"box-sizing: inherit; font-family: Roboto, sans-serif;\">\n<div style=\"box-sizing: inherit; font-family: Roboto, sans-serif;\">\n<div style=\"box-sizing: inherit; font-family: Roboto, sans-serif;\">\n<div style=\"box-sizing: inherit; font-family: Roboto, sans-serif;\">\n<div style=\"box-sizing: inherit; font-family: Roboto, sans-serif;\">\n<p>Las <strong>bolsas de<\/strong> vac\u00edo negras tambi\u00e9n ofrecen una importante ventaja est\u00e9tica. Su color oscuro las diferencia de otros tipos de bolsas de vac\u00edo del mercado. Tanto si es un profesional de la restauraci\u00f3n como un particular, estas bolsas son una opci\u00f3n vers\u00e1til y duradera para el almacenamiento de alimentos.  <\/p>\n<p>Por \u00faltimo, pero no por ello menos importante, estas <strong>bolsas de vac\u00edo<\/strong> en paquetes de <strong>100<\/strong> unidades tambi\u00e9n son respetuosas con el medio ambiente, ya que contribuyen a reducir el desperdicio de alimentos. Al optimizar la vida \u00fatil de sus productos, reduce los residuos. <\/p>\n<p>En conclusi\u00f3n, <strong>las bolsas de vac\u00edo negras lisas<\/strong> son una elecci\u00f3n pr\u00e1ctica, eficaz y est\u00e9tica.<\/p>\n<\/div>\n<\/div>\n<\/div>\n<\/div>\n<\/div>\n<\/div>\n<\/div>\n<\/div>\n<\/div>\n<\/div>\n<\/div>\n<\/div>\n<\/div>\n<\/div>\n<\/div>\n<\/div>\n<\/div>\n<\/div>\n<\/div>\n<\/div>\n<\/div>\n<\/div>\n<\/div>\n<p>&nbsp;<\/p>\n<p><!--more--><\/p>\n<p><strong><span style=\"color: #ff0000;\">*Abertura de ancho<\/span><\/strong><\/p>\n<p><strong><span style=\"color: #ff0000;\">*Bolsas de vac\u00edo sin BPA (Bisfenol A)<\/span><\/strong><\/p>\n<p>&nbsp;<\/p>\n<p><!--more--><\/p>\n<h4>Sus ventajas:<\/h4>\n<ul>\n<li><strong>Conservaci\u00f3n prolongada<\/strong>: Protege contra la oxidaci\u00f3n y la contaminaci\u00f3n externa.<\/li>\n<li><strong>Material ultrarresistente<\/strong>: 90 \u00b5 de grosor para una mayor resistencia.<\/li>\n<li><strong>Compatible con varias m\u00e1quinas<\/strong>: Puede utilizarse con m\u00e1quinas de aspiraci\u00f3n externa y de campana.<\/li>\n<li><strong>Transparencia pr\u00e1ctica<\/strong>: Permite identificar f\u00e1cilmente los alimentos almacenados<\/li>\n<\/ul>\n<p>&nbsp;<\/p>\n<p><!--more--><\/p>\n<h4>Informaci\u00f3n adicional :<\/h4>\n<ul>\n<li><strong>Embalaje<\/strong>: Paquete de 100<\/li>\n<li><strong>Dimensiones<\/strong>: 30 x 40 cm<\/li>\n<li><strong>Material<\/strong>: PA\/PE 20\/70<\/li>\n<li><strong>Tipo<\/strong>: Liso<\/li>\n<li><strong>Resistencia<\/strong>: 90 micras<\/li>\n<li><strong>Soldadura<\/strong>: 3 lados<\/li>\n<li><strong>Color<\/strong>: Negro<\/li>\n<\/ul>\n<p>&nbsp;<\/p>\n<p><!--more--><\/p>\n<p>Este producto est\u00e1 disponible en varios tama\u00f1os: <span style=\"color: #d12727;\"><a style=\"color: #d12727;\" href=\"https:\/\/www.csj-emballages.com\/es\/produit\/100-bolsas-de-vacio-lisas-negras-15-x-20-cm-90-%c2%b5\/\">15 x 20 cm<\/a><\/span> \/ <span style=\"color: #d12727;\"><a style=\"color: #d12727;\" href=\"https:\/\/www.csj-emballages.com\/es\/produit\/100-bolsas-de-vacio-negras-lisas-15-x-30-cm-90-%c2%b5\/\">15 x 30 cm<\/a><\/span> \/ <span style=\"color: #d12727;\"><a style=\"color: #d12727;\" href=\"https:\/\/www.csj-emballages.com\/es\/produit\/100-bolsas-de-vacio-negras-lisas-20-x-20-cm-90-%c2%b5\/\">20 x 20 cm<\/a><\/span> \/ <span style=\"color: #d12727;\"><a style=\"color: #d12727;\" href=\"https:\/\/www.csj-emballages.com\/produit\/100-sacs-sous-vide-de-conservation-lisses-noirs-20-x-30-cm-90-%c2%b5-sachets-sous-vide\/https:\/\/www.csj-emballages.com\/produit\/100-sacs-sous-vides-de-conservation-noirs-20-x-25-cm-90-%c2%b5-sachets-sous-vide\/\">20 x 25 cm<\/a><\/span> \/ <span style=\"color: #d12727;\"><a style=\"color: #d12727;\" href=\"https:\/\/www.csj-emballages.com\/es\/produit\/100-bolsas-de-vacio-negras-lisas-20-x-30-cm-90-%c2%b5\/\">20 x 30 cm<\/a><\/span> \/ <span style=\"color: #d12727;\"><a style=\"color: #d12727;\" href=\"https:\/\/www.csj-emballages.com\/es\/produit\/100-bolsas-de-vacio-negras-lisas-25-x-35-cm-90-%c2%b5\/\">25 x 35 cm<\/a><\/span> \/ <span style=\"color: #d12727;\"><a style=\"color: #d12727;\" href=\"https:\/\/www.csj-emballages.com\/es\/produit\/bolsa-de-vacio-lisa-negra-35-x-45-cm-90-%c2%b5-por-100\/\">35 x 45 cm<\/a><\/span><\/p>\n<p>&nbsp;<\/p>\n<p><!--more--><\/p>\n<p><a href=\"https:\/\/www.csj-emballages.com\/es\/categorie-produit\/envasado-de-alimentos\/carniceria-y-charcuteria\/bolsas-y-fundas\/bolsas-de-vacio\/bolsas-de-vacio-negras-lisas\/\">Ver el resto de nuestra gama de bolsas de vac\u00edo negras lisas<\/a><\/p>\n","protected":false},"excerpt":{"rendered":"<p>Bolsa de vac\u00edo Descripci\u00f3n de nuestra bolsa de vac\u00edo negra lisa 30 x 40 cm 90 \u00b5 por 100<\/p>\n","protected":false},"featured_media":222150,"template":"","meta":{"_acf_changed":false},"product_brand":[],"product_cat":[1150,1143,3866,1245,1635],"product_tag":[],"class_list":{"0":"post-223775","1":"product","2":"type-product","3":"status-publish","4":"has-post-thumbnail","6":"product_cat-envasado-de-alimentos","7":"product_cat-carniceria-y-charcuteria","8":"product_cat-bolsas-y-fundas","9":"product_cat-bolsas-de-vacio","10":"product_cat-bolsas-de-vacio-negras-lisas","12":"first","13":"instock","14":"taxable","15":"shipping-taxable","16":"purchasable","17":"product-type-simple"},"acf":[],"yoast_head":"<!-- This site is optimized with the Yoast SEO Premium plugin v26.6 (Yoast SEO v26.6) - https:\/\/yoast.com\/wordpress\/plugins\/seo\/ -->\n<title>Bolsa de vac\u00edo lisa negra 30 x 40 cm - 90\u00b5 \/ CSJ Emballages<\/title>\n<meta name=\"description\" content=\"Las bolsas de vac\u00edo negras lisas de 30 x 40 cm (90 \u00b5) mantienen los alimentos frescos durante m\u00e1s tiempo gracias a una protecci\u00f3n herm\u00e9tica fiable y resistente.\" \/>\n<meta name=\"robots\" content=\"index, follow, max-snippet:-1, max-image-preview:large, max-video-preview:-1\" \/>\n<link rel=\"canonical\" href=\"https:\/\/www.csj-emballages.com\/es\/produit\/bolsa-de-vacio-negra-lisa-30-x-40-cm-90-%c2%b5-por-100\/\" \/>\n<meta property=\"og:locale\" content=\"es_ES\" \/>\n<meta property=\"og:type\" content=\"article\" \/>\n<meta property=\"og:title\" content=\"Bolsa de vac\u00edo negra lisa 30 x 40 cm 90 \u00b5 por 100\" \/>\n<meta property=\"og:description\" content=\"Las bolsas de vac\u00edo negras lisas de 30 x 40 cm (90 \u00b5) mantienen los alimentos frescos durante m\u00e1s tiempo gracias a una protecci\u00f3n herm\u00e9tica fiable y resistente.\" \/>\n<meta property=\"og:url\" content=\"https:\/\/www.csj-emballages.com\/es\/produit\/bolsa-de-vacio-negra-lisa-30-x-40-cm-90-%c2%b5-por-100\/\" \/>\n<meta property=\"og:site_name\" content=\"CSJ Emballages\" \/>\n<meta property=\"article:publisher\" content=\"https:\/\/www.facebook.com\/csjemballages\" \/>\n<meta property=\"article:modified_time\" content=\"2026-04-16T00:17:06+00:00\" \/>\n<meta property=\"og:image\" content=\"https:\/\/www.csj-emballages.com\/wp-content\/uploads\/2025\/01\/Sac-sous-vide-lisse-noir.webp\" \/>\n\t<meta property=\"og:image:width\" content=\"800\" \/>\n\t<meta property=\"og:image:height\" content=\"800\" \/>\n\t<meta property=\"og:image:type\" content=\"image\/webp\" \/>\n<meta name=\"twitter:card\" content=\"summary_large_image\" \/>\n<meta name=\"twitter:label1\" content=\"Tiempo de lectura\" \/>\n\t<meta name=\"twitter:data1\" content=\"3 minutos\" \/>\n<script type=\"application\/ld+json\" class=\"yoast-schema-graph\">{\"@context\":\"https:\/\/schema.org\",\"@graph\":[{\"@type\":\"WebPage\",\"@id\":\"https:\/\/www.csj-emballages.com\/es\/produit\/bolsa-de-vacio-negra-lisa-30-x-40-cm-90-%c2%b5-por-100\/\",\"url\":\"https:\/\/www.csj-emballages.com\/es\/produit\/bolsa-de-vacio-negra-lisa-30-x-40-cm-90-%c2%b5-por-100\/\",\"name\":\"Bolsa de vac\u00edo lisa negra 30 x 40 cm - 90\u00b5 \/ CSJ Emballages\",\"isPartOf\":{\"@id\":\"https:\/\/www.csj-emballages.com\/es\/#website\"},\"primaryImageOfPage\":{\"@id\":\"https:\/\/www.csj-emballages.com\/es\/produit\/bolsa-de-vacio-negra-lisa-30-x-40-cm-90-%c2%b5-por-100\/#primaryimage\"},\"image\":{\"@id\":\"https:\/\/www.csj-emballages.com\/es\/produit\/bolsa-de-vacio-negra-lisa-30-x-40-cm-90-%c2%b5-por-100\/#primaryimage\"},\"thumbnailUrl\":\"https:\/\/www.csj-emballages.com\/wp-content\/uploads\/2025\/01\/Sac-sous-vide-lisse-noir.webp\",\"datePublished\":\"2025-01-21T17:21:17+00:00\",\"dateModified\":\"2026-04-16T00:17:06+00:00\",\"description\":\"Las bolsas de vac\u00edo negras lisas de 30 x 40 cm (90 \u00b5) mantienen los alimentos frescos durante m\u00e1s tiempo gracias a una protecci\u00f3n herm\u00e9tica fiable y resistente.\",\"breadcrumb\":{\"@id\":\"https:\/\/www.csj-emballages.com\/es\/produit\/bolsa-de-vacio-negra-lisa-30-x-40-cm-90-%c2%b5-por-100\/#breadcrumb\"},\"inLanguage\":\"es\",\"potentialAction\":[{\"@type\":\"ReadAction\",\"target\":[\"https:\/\/www.csj-emballages.com\/es\/produit\/bolsa-de-vacio-negra-lisa-30-x-40-cm-90-%c2%b5-por-100\/\"]}]},{\"@type\":\"ImageObject\",\"inLanguage\":\"es\",\"@id\":\"https:\/\/www.csj-emballages.com\/es\/produit\/bolsa-de-vacio-negra-lisa-30-x-40-cm-90-%c2%b5-por-100\/#primaryimage\",\"url\":\"https:\/\/www.csj-emballages.com\/wp-content\/uploads\/2025\/01\/Sac-sous-vide-lisse-noir.webp\",\"contentUrl\":\"https:\/\/www.csj-emballages.com\/wp-content\/uploads\/2025\/01\/Sac-sous-vide-lisse-noir.webp\",\"width\":800,\"height\":800,\"caption\":\"Sac sous vide\"},{\"@type\":\"BreadcrumbList\",\"@id\":\"https:\/\/www.csj-emballages.com\/es\/produit\/bolsa-de-vacio-negra-lisa-30-x-40-cm-90-%c2%b5-por-100\/#breadcrumb\",\"itemListElement\":[{\"@type\":\"ListItem\",\"position\":1,\"name\":\"Accueil\",\"item\":\"https:\/\/www.csj-emballages.com\/es\/universo-del-envasado-alimentario\/\"},{\"@type\":\"ListItem\",\"position\":2,\"name\":\"Tienda\",\"item\":\"https:\/\/www.csj-emballages.com\/tienda\/\"},{\"@type\":\"ListItem\",\"position\":3,\"name\":\"Bolsa de vac\u00edo negra lisa 30 x 40 cm 90 \u00b5 por 100\"}]},{\"@type\":\"WebSite\",\"@id\":\"https:\/\/www.csj-emballages.com\/es\/#website\",\"url\":\"https:\/\/www.csj-emballages.com\/es\/\",\"name\":\"CSJ Emballages\",\"description\":\"\",\"publisher\":{\"@id\":\"https:\/\/www.csj-emballages.com\/es\/#organization\"},\"potentialAction\":[{\"@type\":\"SearchAction\",\"target\":{\"@type\":\"EntryPoint\",\"urlTemplate\":\"https:\/\/www.csj-emballages.com\/es\/?s={search_term_string}\"},\"query-input\":{\"@type\":\"PropertyValueSpecification\",\"valueRequired\":true,\"valueName\":\"search_term_string\"}}],\"inLanguage\":\"es\"},{\"@type\":\"Organization\",\"@id\":\"https:\/\/www.csj-emballages.com\/es\/#Organization\/\",\"name\":\"CSJ Emballages\",\"url\":\"https:\/\/www.csj-emballages.com\/es\/\",\"logo\":{\"@type\":\"ImageObject\",\"inLanguage\":\"es\",\"@id\":\"https:\/\/www.csj-emballages.com\/es\/#\/schema\/logo\/image\/\",\"url\":\"https:\/\/www.csj-emballages.com\/wp-content\/uploads\/2023\/10\/logo_csj.webp\",\"contentUrl\":\"https:\/\/www.csj-emballages.com\/wp-content\/uploads\/2023\/10\/logo_csj.webp\",\"width\":250,\"height\":95,\"caption\":\"CSJ Emballages\"},\"image\":{\"@id\":\"https:\/\/www.csj-emballages.com\/es\/#\/schema\/logo\/image\/\"},\"sameAs\":[\"https:\/\/www.facebook.com\/csjemballages\"],\"address\":{\"@type\":\"PostalAddress\",\"streetAddress\":\"ZI La Lechere\",\"addressLocality\":\"Patornay\",\"postalCode\":\"39130\",\"addressCountry\":\"FR\"},\"contactPoint\":[{\"@type\":\"ContactPoint\",\"contactType\":\"Service client\",\"telephone\":\"0384254272\",\"email\":\"contact@csj-emballages.com\"}]}]}<\/script>\n<!-- \/ Yoast SEO Premium plugin. -->","yoast_head_json":{"title":"Bolsa de vac\u00edo lisa negra 30 x 40 cm - 90\u00b5 \/ CSJ Emballages","description":"Las bolsas de vac\u00edo negras lisas de 30 x 40 cm (90 \u00b5) mantienen los alimentos frescos durante m\u00e1s tiempo gracias a una protecci\u00f3n herm\u00e9tica fiable y resistente.","robots":{"index":"index","follow":"follow","max-snippet":"max-snippet:-1","max-image-preview":"max-image-preview:large","max-video-preview":"max-video-preview:-1"},"canonical":"https:\/\/www.csj-emballages.com\/es\/produit\/bolsa-de-vacio-negra-lisa-30-x-40-cm-90-%c2%b5-por-100\/","og_locale":"es_ES","og_type":"article","og_title":"Bolsa de vac\u00edo negra lisa 30 x 40 cm 90 \u00b5 por 100","og_description":"Las bolsas de vac\u00edo negras lisas de 30 x 40 cm (90 \u00b5) mantienen los alimentos frescos durante m\u00e1s tiempo gracias a una protecci\u00f3n herm\u00e9tica fiable y resistente.","og_url":"https:\/\/www.csj-emballages.com\/es\/produit\/bolsa-de-vacio-negra-lisa-30-x-40-cm-90-%c2%b5-por-100\/","og_site_name":"CSJ Emballages","article_publisher":"https:\/\/www.facebook.com\/csjemballages","article_modified_time":"2026-04-16T00:17:06+00:00","og_image":[{"width":800,"height":800,"url":"https:\/\/www.csj-emballages.com\/wp-content\/uploads\/2025\/01\/Sac-sous-vide-lisse-noir.webp","type":"image\/webp"}],"twitter_card":"summary_large_image","twitter_misc":{"Tiempo de lectura":"3 minutos"},"schema":{"@context":"https:\/\/schema.org","@graph":[{"@type":"WebPage","@id":"https:\/\/www.csj-emballages.com\/es\/produit\/bolsa-de-vacio-negra-lisa-30-x-40-cm-90-%c2%b5-por-100\/","url":"https:\/\/www.csj-emballages.com\/es\/produit\/bolsa-de-vacio-negra-lisa-30-x-40-cm-90-%c2%b5-por-100\/","name":"Bolsa de vac\u00edo lisa negra 30 x 40 cm - 90\u00b5 \/ CSJ Emballages","isPartOf":{"@id":"https:\/\/www.csj-emballages.com\/es\/#website"},"primaryImageOfPage":{"@id":"https:\/\/www.csj-emballages.com\/es\/produit\/bolsa-de-vacio-negra-lisa-30-x-40-cm-90-%c2%b5-por-100\/#primaryimage"},"image":{"@id":"https:\/\/www.csj-emballages.com\/es\/produit\/bolsa-de-vacio-negra-lisa-30-x-40-cm-90-%c2%b5-por-100\/#primaryimage"},"thumbnailUrl":"https:\/\/www.csj-emballages.com\/wp-content\/uploads\/2025\/01\/Sac-sous-vide-lisse-noir.webp","datePublished":"2025-01-21T17:21:17+00:00","dateModified":"2026-04-16T00:17:06+00:00","description":"Las bolsas de vac\u00edo negras lisas de 30 x 40 cm (90 \u00b5) mantienen los alimentos frescos durante m\u00e1s tiempo gracias a una protecci\u00f3n herm\u00e9tica fiable y resistente.","breadcrumb":{"@id":"https:\/\/www.csj-emballages.com\/es\/produit\/bolsa-de-vacio-negra-lisa-30-x-40-cm-90-%c2%b5-por-100\/#breadcrumb"},"inLanguage":"es","potentialAction":[{"@type":"ReadAction","target":["https:\/\/www.csj-emballages.com\/es\/produit\/bolsa-de-vacio-negra-lisa-30-x-40-cm-90-%c2%b5-por-100\/"]}]},{"@type":"ImageObject","inLanguage":"es","@id":"https:\/\/www.csj-emballages.com\/es\/produit\/bolsa-de-vacio-negra-lisa-30-x-40-cm-90-%c2%b5-por-100\/#primaryimage","url":"https:\/\/www.csj-emballages.com\/wp-content\/uploads\/2025\/01\/Sac-sous-vide-lisse-noir.webp","contentUrl":"https:\/\/www.csj-emballages.com\/wp-content\/uploads\/2025\/01\/Sac-sous-vide-lisse-noir.webp","width":800,"height":800,"caption":"Sac sous vide"},{"@type":"BreadcrumbList","@id":"https:\/\/www.csj-emballages.com\/es\/produit\/bolsa-de-vacio-negra-lisa-30-x-40-cm-90-%c2%b5-por-100\/#breadcrumb","itemListElement":[{"@type":"ListItem","position":1,"name":"Accueil","item":"https:\/\/www.csj-emballages.com\/es\/universo-del-envasado-alimentario\/"},{"@type":"ListItem","position":2,"name":"Tienda","item":"https:\/\/www.csj-emballages.com\/tienda\/"},{"@type":"ListItem","position":3,"name":"Bolsa de vac\u00edo negra lisa 30 x 40 cm 90 \u00b5 por 100"}]},{"@type":"WebSite","@id":"https:\/\/www.csj-emballages.com\/es\/#website","url":"https:\/\/www.csj-emballages.com\/es\/","name":"CSJ Emballages","description":"","publisher":{"@id":"https:\/\/www.csj-emballages.com\/es\/#organization"},"potentialAction":[{"@type":"SearchAction","target":{"@type":"EntryPoint","urlTemplate":"https:\/\/www.csj-emballages.com\/es\/?s={search_term_string}"},"query-input":{"@type":"PropertyValueSpecification","valueRequired":true,"valueName":"search_term_string"}}],"inLanguage":"es"},{"@type":"Organization","@id":"https:\/\/www.csj-emballages.com\/es\/#Organization\/","name":"CSJ Emballages","url":"https:\/\/www.csj-emballages.com\/es\/","logo":{"@type":"ImageObject","inLanguage":"es","@id":"https:\/\/www.csj-emballages.com\/es\/#\/schema\/logo\/image\/","url":"https:\/\/www.csj-emballages.com\/wp-content\/uploads\/2023\/10\/logo_csj.webp","contentUrl":"https:\/\/www.csj-emballages.com\/wp-content\/uploads\/2023\/10\/logo_csj.webp","width":250,"height":95,"caption":"CSJ Emballages"},"image":{"@id":"https:\/\/www.csj-emballages.com\/es\/#\/schema\/logo\/image\/"},"sameAs":["https:\/\/www.facebook.com\/csjemballages"],"address":{"@type":"PostalAddress","streetAddress":"ZI La Lechere","addressLocality":"Patornay","postalCode":"39130","addressCountry":"FR"},"contactPoint":[{"@type":"ContactPoint","contactType":"Service client","telephone":"0384254272","email":"contact@csj-emballages.com"}]}]}},"df_price":21.07,"df_sale_price":"","df_regular_price":21.07,"df_image_link":"https:\/\/www.csj-emballages.com\/wp-content\/uploads\/2025\/01\/Sac-sous-vide-lisse-noir-300x300.webp","tiered_pricing_type":"fixed","tiered_pricing_fixed_rules":[],"tiered_pricing_percentage_rules":[],"tiered_pricing_minimum":1,"tiered_pricing_roles_data":[],"_links":{"self":[{"href":"https:\/\/www.csj-emballages.com\/es\/wp-json\/wp\/v2\/product\/223775","targetHints":{"allow":["GET"]}}],"collection":[{"href":"https:\/\/www.csj-emballages.com\/es\/wp-json\/wp\/v2\/product"}],"about":[{"href":"https:\/\/www.csj-emballages.com\/es\/wp-json\/wp\/v2\/types\/product"}],"wp:featuredmedia":[{"embeddable":true,"href":"https:\/\/www.csj-emballages.com\/es\/wp-json\/wp\/v2\/media\/222150"}],"wp:attachment":[{"href":"https:\/\/www.csj-emballages.com\/es\/wp-json\/wp\/v2\/media?parent=223775"}],"wp:term":[{"taxonomy":"product_brand","embeddable":true,"href":"https:\/\/www.csj-emballages.com\/es\/wp-json\/wp\/v2\/product_brand?post=223775"},{"taxonomy":"product_cat","embeddable":true,"href":"https:\/\/www.csj-emballages.com\/es\/wp-json\/wp\/v2\/product_cat?post=223775"},{"taxonomy":"product_tag","embeddable":true,"href":"https:\/\/www.csj-emballages.com\/es\/wp-json\/wp\/v2\/product_tag?post=223775"}],"curies":[{"name":"wp","href":"https:\/\/api.w.org\/{rel}","templated":true}]}}