{"id":22351,"date":"2024-03-01T16:51:29","date_gmt":"2024-03-01T15:51:29","guid":{"rendered":"https:\/\/u15jnbdpoq.preview.infomaniak.website\/produit\/papel-de-embalaje-interkraft-1m-x-400ml\/"},"modified":"2026-04-17T10:22:07","modified_gmt":"2026-04-17T08:22:07","slug":"papel-de-embalaje-interkraft-1m-x-400ml","status":"publish","type":"product","link":"https:\/\/www.csj-emballages.com\/es\/produit\/papel-de-embalaje-interkraft-1m-x-400ml\/","title":{"rendered":"Papel de embalaje interkraft 1m x 400ml"},"content":{"rendered":"<h2>Papel de relleno<\/h2>\n<hr>\n<h3>Descubra nuestro papel de relleno interkraft de 1 m x 400 ml<\/h3>\n<p><!--more--><\/p>\n<p data-start=\"190\" data-end=\"531\">Cuando se trata de proteger un paquete sin complicarse la vida, el <strong data-start=\"257\" data-end=\"290\">papel de relleno Interkraft<\/strong> es una apuesta segura. Dise\u00f1ado para <strong>calzar, rellenar y asegurar los productos<\/strong> durante el transporte, limita eficazmente los golpes y los movimientos en el interior de las cajas. Resultado: sus env\u00edos llegan a su destino en mucho mejor estado.  <\/p>\n<p data-start=\"533\" data-end=\"853\">Con su <strong data-start=\"542\" data-end=\"569\">formato ancho de 1 metro<\/strong> y su <strong data-start=\"576\" data-end=\"612\">longitud de 400 metros lineales<\/strong>, este <strong>papel<\/strong> permite gestionar grandes vol\u00famenes de expedici\u00f3n sin multiplicar los rollos. Se rasga f\u00e1cilmente a mano, lo que acelera la preparaci\u00f3n de los paquetes y ahorra un tiempo valioso, sobre todo cuando los pedidos se encadenan. <\/p>\n<p data-start=\"855\" data-end=\"1178\">El <span dir=\"auto\">material de <\/span><strong data-start=\"866\" data-end=\"880\"><span dir=\"auto\">Interkraf<\/span><\/strong>, a la vez resistente y flexible, se adapta a la forma de los productos para un calce eficaz. Es adecuado tanto para objetos fr\u00e1giles como para art\u00edculos m\u00e1s robustos, aportando una protecci\u00f3n sencilla pero fiable. Adem\u00e1s, su aspecto natural da una imagen cuidada y profesional a sus embalajes.  <\/p>\n<p data-start=\"1180\" data-end=\"1421\">Este <strong>papel de relleno<\/strong> es perfectamente adecuado para <strong data-start=\"1230\" data-end=\"1308\">e-comerciantes, almacenes log\u00edsticos, artesanos y empresas de expedici\u00f3n<\/strong> que buscan una soluci\u00f3n pr\u00e1ctica para asegurar sus paquetes sin complicar su organizaci\u00f3n.<\/p>\n<p data-start=\"1423\" data-end=\"1581\">En resumen, el <strong>papel de relleno Interkraft<\/strong> es un indispensable para preparar env\u00edos limpios, bien calzados y eficaces, sin p\u00e9rdida de tiempo ni de material.<\/p>\n<p data-start=\"1423\" data-end=\"1581\">\n<p data-start=\"1423\" data-end=\"1581\"><!--more--><\/p>\n<h4 data-start=\"1423\" data-end=\"1581\">Ventajas :<\/h4>\n<ul>\n<li data-start=\"1609\" data-end=\"1659\">Ideal para el calce y la protecci\u00f3n de los paquetes.<\/li>\n<li data-start=\"1662\" data-end=\"1685\">Formato ancho <strong>1 metro<\/strong>.<\/li>\n<li data-start=\"1688\" data-end=\"1730\">Gran longitud de <strong>400 metros<\/strong> lineales.<\/li>\n<li data-start=\"1733\" data-end=\"1762\">F\u00e1cil de rasgar a mano.<\/li>\n<li data-start=\"1765\" data-end=\"1787\">Resistente y flexible.<\/li>\n<li data-start=\"1790\" data-end=\"1825\">Adecuado para usos profesionales<\/li>\n<\/ul>\n<p>&nbsp;<\/p>\n<p><!--more--><\/p>\n<h4>Informaci\u00f3n adicional :<\/h4>\n<ul>\n<li><strong>Embalaje<\/strong>: Resma de 10 kg<\/li>\n<li><strong>Dimensiones<\/strong>: 1 m x 400 ml<\/li>\n<li><strong>Color<\/strong>: Marr\u00f3n<\/li>\n<li><strong>Material<\/strong>: Papel<\/li>\n<\/ul>\n<p>&nbsp;<\/p>\n<p><!--more--><\/p>\n<p>Encuentre aqu\u00ed nuestro papel blanco de peri\u00f3dico en resma de 10 kg: <span style=\"color: #d12727;\"><a style=\"color: #d12727;\" href=\"https:\/\/www.csj-emballages.com\/es\/produit\/periodico-blanco-40-x-60-cm-en-10-kg\/\">PAPJOUR<\/a><\/span><\/p>\n<p>&nbsp;<\/p>\n<p><!--more--><\/p>\n<p><a href=\"https:\/\/www.csj-emballages.com\/es\/categorie-produit\/envases-industriales\/atasco-de-papel\/\">Consulte el resto de nuestra gama de relleno de papel<\/a><\/p>\n","protected":false},"excerpt":{"rendered":"<p>Papel de relleno Descubra nuestro papel de relleno interkraft de 1 m x 400 ml<\/p>\n","protected":false},"featured_media":263369,"template":"","meta":{"_acf_changed":false},"product_brand":[],"product_cat":[1150,2682,3042],"product_tag":[],"class_list":{"0":"post-22351","1":"product","2":"type-product","3":"status-publish","4":"has-post-thumbnail","6":"product_cat-envasado-de-alimentos","7":"product_cat-carton","8":"product_cat-atasco-de-papel","10":"first","11":"instock","12":"taxable","13":"shipping-taxable","14":"purchasable","15":"product-type-simple"},"acf":[],"yoast_head":"<!-- This site is optimized with the Yoast SEO Premium plugin v26.6 (Yoast SEO v26.6) - https:\/\/yoast.com\/wordpress\/plugins\/seo\/ -->\n<title>Papel de embalaje interkraft 1m x 400ml \/ csj-embalajes<\/title>\n<meta name=\"description\" content=\"\u00a1Compra papel de relleno para proteger tus productos! \u00a1dim : 1 metro x 400 ml ! Elige un producto de calidad a un precio reducido\" \/>\n<meta name=\"robots\" content=\"index, follow, max-snippet:-1, max-image-preview:large, max-video-preview:-1\" \/>\n<link rel=\"canonical\" href=\"https:\/\/www.csj-emballages.com\/es\/produit\/papel-de-embalaje-interkraft-1m-x-400ml\/\" \/>\n<meta property=\"og:locale\" content=\"es_ES\" \/>\n<meta property=\"og:type\" content=\"article\" \/>\n<meta property=\"og:title\" content=\"Papel de embalaje interkraft 1m x 400ml\" \/>\n<meta property=\"og:description\" content=\"\u00a1Compra papel de relleno para proteger tus productos! \u00a1dim : 1 metro x 400 ml ! Elige un producto de calidad a un precio reducido\" \/>\n<meta property=\"og:url\" content=\"https:\/\/www.csj-emballages.com\/es\/produit\/papel-de-embalaje-interkraft-1m-x-400ml\/\" \/>\n<meta property=\"og:site_name\" content=\"CSJ Emballages\" \/>\n<meta property=\"article:publisher\" content=\"https:\/\/www.facebook.com\/csjemballages\" \/>\n<meta property=\"article:modified_time\" content=\"2026-04-17T08:22:07+00:00\" \/>\n<meta property=\"og:image\" content=\"https:\/\/www.csj-emballages.com\/wp-content\/uploads\/2024\/03\/Papier-de-bourrage-interkraft.webp\" \/>\n\t<meta property=\"og:image:width\" content=\"800\" \/>\n\t<meta property=\"og:image:height\" content=\"800\" \/>\n\t<meta property=\"og:image:type\" content=\"image\/webp\" \/>\n<meta name=\"twitter:card\" content=\"summary_large_image\" \/>\n<meta name=\"twitter:label1\" content=\"Tiempo de lectura\" \/>\n\t<meta name=\"twitter:data1\" content=\"2 minutos\" \/>\n<script type=\"application\/ld+json\" class=\"yoast-schema-graph\">{\"@context\":\"https:\/\/schema.org\",\"@graph\":[{\"@type\":\"WebPage\",\"@id\":\"https:\/\/www.csj-emballages.com\/es\/produit\/papel-de-embalaje-interkraft-1m-x-400ml\/\",\"url\":\"https:\/\/www.csj-emballages.com\/es\/produit\/papel-de-embalaje-interkraft-1m-x-400ml\/\",\"name\":\"Papel de embalaje interkraft 1m x 400ml \/ csj-embalajes\",\"isPartOf\":{\"@id\":\"https:\/\/www.csj-emballages.com\/es\/#website\"},\"primaryImageOfPage\":{\"@id\":\"https:\/\/www.csj-emballages.com\/es\/produit\/papel-de-embalaje-interkraft-1m-x-400ml\/#primaryimage\"},\"image\":{\"@id\":\"https:\/\/www.csj-emballages.com\/es\/produit\/papel-de-embalaje-interkraft-1m-x-400ml\/#primaryimage\"},\"thumbnailUrl\":\"https:\/\/www.csj-emballages.com\/wp-content\/uploads\/2024\/03\/Papier-de-bourrage-interkraft.webp\",\"datePublished\":\"2024-03-01T15:51:29+00:00\",\"dateModified\":\"2026-04-17T08:22:07+00:00\",\"description\":\"\u00a1Compra papel de relleno para proteger tus productos! \u00a1dim : 1 metro x 400 ml ! Elige un producto de calidad a un precio reducido\",\"breadcrumb\":{\"@id\":\"https:\/\/www.csj-emballages.com\/es\/produit\/papel-de-embalaje-interkraft-1m-x-400ml\/#breadcrumb\"},\"inLanguage\":\"es\",\"potentialAction\":[{\"@type\":\"ReadAction\",\"target\":[\"https:\/\/www.csj-emballages.com\/es\/produit\/papel-de-embalaje-interkraft-1m-x-400ml\/\"]}]},{\"@type\":\"ImageObject\",\"inLanguage\":\"es\",\"@id\":\"https:\/\/www.csj-emballages.com\/es\/produit\/papel-de-embalaje-interkraft-1m-x-400ml\/#primaryimage\",\"url\":\"https:\/\/www.csj-emballages.com\/wp-content\/uploads\/2024\/03\/Papier-de-bourrage-interkraft.webp\",\"contentUrl\":\"https:\/\/www.csj-emballages.com\/wp-content\/uploads\/2024\/03\/Papier-de-bourrage-interkraft.webp\",\"width\":800,\"height\":800,\"caption\":\"Papier de bourrage interkraft\"},{\"@type\":\"BreadcrumbList\",\"@id\":\"https:\/\/www.csj-emballages.com\/es\/produit\/papel-de-embalaje-interkraft-1m-x-400ml\/#breadcrumb\",\"itemListElement\":[{\"@type\":\"ListItem\",\"position\":1,\"name\":\"Accueil\",\"item\":\"https:\/\/www.csj-emballages.com\/es\/universo-del-envasado-alimentario\/\"},{\"@type\":\"ListItem\",\"position\":2,\"name\":\"Tienda\",\"item\":\"https:\/\/www.csj-emballages.com\/tienda\/\"},{\"@type\":\"ListItem\",\"position\":3,\"name\":\"Papel de embalaje interkraft 1m x 400ml\"}]},{\"@type\":\"WebSite\",\"@id\":\"https:\/\/www.csj-emballages.com\/es\/#website\",\"url\":\"https:\/\/www.csj-emballages.com\/es\/\",\"name\":\"CSJ Emballages\",\"description\":\"\",\"publisher\":{\"@id\":\"https:\/\/www.csj-emballages.com\/es\/#organization\"},\"potentialAction\":[{\"@type\":\"SearchAction\",\"target\":{\"@type\":\"EntryPoint\",\"urlTemplate\":\"https:\/\/www.csj-emballages.com\/es\/?s={search_term_string}\"},\"query-input\":{\"@type\":\"PropertyValueSpecification\",\"valueRequired\":true,\"valueName\":\"search_term_string\"}}],\"inLanguage\":\"es\"},{\"@type\":\"Organization\",\"@id\":\"https:\/\/www.csj-emballages.com\/es\/#Organization\/\",\"name\":\"CSJ Emballages\",\"url\":\"https:\/\/www.csj-emballages.com\/es\/\",\"logo\":{\"@type\":\"ImageObject\",\"inLanguage\":\"es\",\"@id\":\"https:\/\/www.csj-emballages.com\/es\/#\/schema\/logo\/image\/\",\"url\":\"https:\/\/www.csj-emballages.com\/wp-content\/uploads\/2023\/10\/logo_csj.webp\",\"contentUrl\":\"https:\/\/www.csj-emballages.com\/wp-content\/uploads\/2023\/10\/logo_csj.webp\",\"width\":250,\"height\":95,\"caption\":\"CSJ Emballages\"},\"image\":{\"@id\":\"https:\/\/www.csj-emballages.com\/es\/#\/schema\/logo\/image\/\"},\"sameAs\":[\"https:\/\/www.facebook.com\/csjemballages\"],\"address\":{\"@type\":\"PostalAddress\",\"streetAddress\":\"ZI La Lechere\",\"addressLocality\":\"Patornay\",\"postalCode\":\"39130\",\"addressCountry\":\"FR\"},\"contactPoint\":[{\"@type\":\"ContactPoint\",\"contactType\":\"Service client\",\"telephone\":\"0384254272\",\"email\":\"contact@csj-emballages.com\"}]}]}<\/script>\n<!-- \/ Yoast SEO Premium plugin. -->","yoast_head_json":{"title":"Papel de embalaje interkraft 1m x 400ml \/ csj-embalajes","description":"\u00a1Compra papel de relleno para proteger tus productos! \u00a1dim : 1 metro x 400 ml ! Elige un producto de calidad a un precio reducido","robots":{"index":"index","follow":"follow","max-snippet":"max-snippet:-1","max-image-preview":"max-image-preview:large","max-video-preview":"max-video-preview:-1"},"canonical":"https:\/\/www.csj-emballages.com\/es\/produit\/papel-de-embalaje-interkraft-1m-x-400ml\/","og_locale":"es_ES","og_type":"article","og_title":"Papel de embalaje interkraft 1m x 400ml","og_description":"\u00a1Compra papel de relleno para proteger tus productos! \u00a1dim : 1 metro x 400 ml ! Elige un producto de calidad a un precio reducido","og_url":"https:\/\/www.csj-emballages.com\/es\/produit\/papel-de-embalaje-interkraft-1m-x-400ml\/","og_site_name":"CSJ Emballages","article_publisher":"https:\/\/www.facebook.com\/csjemballages","article_modified_time":"2026-04-17T08:22:07+00:00","og_image":[{"width":800,"height":800,"url":"https:\/\/www.csj-emballages.com\/wp-content\/uploads\/2024\/03\/Papier-de-bourrage-interkraft.webp","type":"image\/webp"}],"twitter_card":"summary_large_image","twitter_misc":{"Tiempo de lectura":"2 minutos"},"schema":{"@context":"https:\/\/schema.org","@graph":[{"@type":"WebPage","@id":"https:\/\/www.csj-emballages.com\/es\/produit\/papel-de-embalaje-interkraft-1m-x-400ml\/","url":"https:\/\/www.csj-emballages.com\/es\/produit\/papel-de-embalaje-interkraft-1m-x-400ml\/","name":"Papel de embalaje interkraft 1m x 400ml \/ csj-embalajes","isPartOf":{"@id":"https:\/\/www.csj-emballages.com\/es\/#website"},"primaryImageOfPage":{"@id":"https:\/\/www.csj-emballages.com\/es\/produit\/papel-de-embalaje-interkraft-1m-x-400ml\/#primaryimage"},"image":{"@id":"https:\/\/www.csj-emballages.com\/es\/produit\/papel-de-embalaje-interkraft-1m-x-400ml\/#primaryimage"},"thumbnailUrl":"https:\/\/www.csj-emballages.com\/wp-content\/uploads\/2024\/03\/Papier-de-bourrage-interkraft.webp","datePublished":"2024-03-01T15:51:29+00:00","dateModified":"2026-04-17T08:22:07+00:00","description":"\u00a1Compra papel de relleno para proteger tus productos! \u00a1dim : 1 metro x 400 ml ! Elige un producto de calidad a un precio reducido","breadcrumb":{"@id":"https:\/\/www.csj-emballages.com\/es\/produit\/papel-de-embalaje-interkraft-1m-x-400ml\/#breadcrumb"},"inLanguage":"es","potentialAction":[{"@type":"ReadAction","target":["https:\/\/www.csj-emballages.com\/es\/produit\/papel-de-embalaje-interkraft-1m-x-400ml\/"]}]},{"@type":"ImageObject","inLanguage":"es","@id":"https:\/\/www.csj-emballages.com\/es\/produit\/papel-de-embalaje-interkraft-1m-x-400ml\/#primaryimage","url":"https:\/\/www.csj-emballages.com\/wp-content\/uploads\/2024\/03\/Papier-de-bourrage-interkraft.webp","contentUrl":"https:\/\/www.csj-emballages.com\/wp-content\/uploads\/2024\/03\/Papier-de-bourrage-interkraft.webp","width":800,"height":800,"caption":"Papier de bourrage interkraft"},{"@type":"BreadcrumbList","@id":"https:\/\/www.csj-emballages.com\/es\/produit\/papel-de-embalaje-interkraft-1m-x-400ml\/#breadcrumb","itemListElement":[{"@type":"ListItem","position":1,"name":"Accueil","item":"https:\/\/www.csj-emballages.com\/es\/universo-del-envasado-alimentario\/"},{"@type":"ListItem","position":2,"name":"Tienda","item":"https:\/\/www.csj-emballages.com\/tienda\/"},{"@type":"ListItem","position":3,"name":"Papel de embalaje interkraft 1m x 400ml"}]},{"@type":"WebSite","@id":"https:\/\/www.csj-emballages.com\/es\/#website","url":"https:\/\/www.csj-emballages.com\/es\/","name":"CSJ Emballages","description":"","publisher":{"@id":"https:\/\/www.csj-emballages.com\/es\/#organization"},"potentialAction":[{"@type":"SearchAction","target":{"@type":"EntryPoint","urlTemplate":"https:\/\/www.csj-emballages.com\/es\/?s={search_term_string}"},"query-input":{"@type":"PropertyValueSpecification","valueRequired":true,"valueName":"search_term_string"}}],"inLanguage":"es"},{"@type":"Organization","@id":"https:\/\/www.csj-emballages.com\/es\/#Organization\/","name":"CSJ Emballages","url":"https:\/\/www.csj-emballages.com\/es\/","logo":{"@type":"ImageObject","inLanguage":"es","@id":"https:\/\/www.csj-emballages.com\/es\/#\/schema\/logo\/image\/","url":"https:\/\/www.csj-emballages.com\/wp-content\/uploads\/2023\/10\/logo_csj.webp","contentUrl":"https:\/\/www.csj-emballages.com\/wp-content\/uploads\/2023\/10\/logo_csj.webp","width":250,"height":95,"caption":"CSJ Emballages"},"image":{"@id":"https:\/\/www.csj-emballages.com\/es\/#\/schema\/logo\/image\/"},"sameAs":["https:\/\/www.facebook.com\/csjemballages"],"address":{"@type":"PostalAddress","streetAddress":"ZI La Lechere","addressLocality":"Patornay","postalCode":"39130","addressCountry":"FR"},"contactPoint":[{"@type":"ContactPoint","contactType":"Service client","telephone":"0384254272","email":"contact@csj-emballages.com"}]}]}},"df_price":97.42,"df_sale_price":"","df_regular_price":97.42,"df_image_link":"https:\/\/www.csj-emballages.com\/wp-content\/uploads\/2024\/03\/Papier-de-bourrage-interkraft-300x300.webp","tiered_pricing_type":"fixed","tiered_pricing_fixed_rules":[],"tiered_pricing_percentage_rules":[],"tiered_pricing_minimum":1,"tiered_pricing_roles_data":[],"_links":{"self":[{"href":"https:\/\/www.csj-emballages.com\/es\/wp-json\/wp\/v2\/product\/22351","targetHints":{"allow":["GET"]}}],"collection":[{"href":"https:\/\/www.csj-emballages.com\/es\/wp-json\/wp\/v2\/product"}],"about":[{"href":"https:\/\/www.csj-emballages.com\/es\/wp-json\/wp\/v2\/types\/product"}],"wp:featuredmedia":[{"embeddable":true,"href":"https:\/\/www.csj-emballages.com\/es\/wp-json\/wp\/v2\/media\/263369"}],"wp:attachment":[{"href":"https:\/\/www.csj-emballages.com\/es\/wp-json\/wp\/v2\/media?parent=22351"}],"wp:term":[{"taxonomy":"product_brand","embeddable":true,"href":"https:\/\/www.csj-emballages.com\/es\/wp-json\/wp\/v2\/product_brand?post=22351"},{"taxonomy":"product_cat","embeddable":true,"href":"https:\/\/www.csj-emballages.com\/es\/wp-json\/wp\/v2\/product_cat?post=22351"},{"taxonomy":"product_tag","embeddable":true,"href":"https:\/\/www.csj-emballages.com\/es\/wp-json\/wp\/v2\/product_tag?post=22351"}],"curies":[{"name":"wp","href":"https:\/\/api.w.org\/{rel}","templated":true}]}}