{"id":22346,"date":"2024-03-01T16:51:26","date_gmt":"2024-03-01T15:51:26","guid":{"rendered":"https:\/\/u15jnbdpoq.preview.infomaniak.website\/produit\/100-bandejas-desechables-de-aluminio-de-3-compartimentos-con-tapa\/"},"modified":"2026-04-29T02:16:06","modified_gmt":"2026-04-29T00:16:06","slug":"100-bandejas-desechables-de-aluminio-de-3-compartimentos-con-tapa","status":"publish","type":"product","link":"https:\/\/www.csj-emballages.com\/es\/produit\/100-bandejas-desechables-de-aluminio-de-3-compartimentos-con-tapa\/","title":{"rendered":"Bandeja de comida de aluminio con 3 compartimentos y cierre herm\u00e9tico, 100 uds."},"content":{"rendered":"<h2>Bandeja de aluminio para comidas<\/h2>\n<hr>\n<h3>Descripci\u00f3n de nuestra bandeja de aluminio de 3 compartimentos sellable, paquete de 100<\/h3>\n<p><!--more--><\/p>\n<p data-start=\"191\" data-end=\"600\">La <strong data-start=\"194\" data-end=\"251\">bandeja de aluminio sellable de 3 compartimentos<\/strong> es indispensable para <strong data-start=\"283\" data-end=\"367\">empresas de catering, restaurantes, autoridades locales y organizadores de eventos<\/strong> que deseen combinar practicidad, higiene y presentaci\u00f3n profesional. Envasada en paquetes <strong>de 100 unidades<\/strong>, esta <strong>bandeja<\/strong> est\u00e1 dise\u00f1ada para satisfacer los requisitos de producci\u00f3n de grandes vol\u00famenes, garantizando al mismo tiempo una experiencia impecable para el cliente. <\/p>\n<p data-start=\"602\" data-end=\"914\">Gracias a sus <strong data-start=\"614\" data-end=\"643\">3 compartimentos independientes<\/strong>, podr\u00e1 <strong data-start=\"658\" data-end=\"695\">separar eficazmente los alimentos<\/strong>: un plato principal, una guarnici\u00f3n y un postre o entrante, por ejemplo. \u00a1Se acabaron las mezclas indeseadas! Cada preparaci\u00f3n conserva su sabor, textura y presentaci\u00f3n, incluso despu\u00e9s del transporte o almacenamiento.  <\/p>\n<p data-start=\"916\" data-end=\"1268\">Adem\u00e1s, la mayor ventaja de esta <strong>bandeja de aluminio para comidas<\/strong> es su compatibilidad con el <strong>sellado de bandejas<\/strong>. Utilizando un film adecuado, puede garantizar un <strong data-start=\"1038\" data-end=\"1061\">cierre herm\u00e9tico<\/strong> que proteja sus platos de fugas, contaminaci\u00f3n externa y deshidrataci\u00f3n. Tambi\u00e9n prolonga la vida \u00fatil y facilita el transporte a sus clientes.  <\/p>\n<p data-start=\"1270\" data-end=\"1587\">Y como est\u00e1 fabricada <strong>en aluminio<\/strong> de alta calidad, la bandeja es <strong data-start=\"1335\" data-end=\"1371\">robusta y resistente al calor<\/strong>. Puede colocarse en un horno tradicional, lo que la convierte en la soluci\u00f3n perfecta para que sus clientes recalienten directamente los platos. Adem\u00e1s, su formato est\u00e1 optimizado para los servicios de comida para llevar o a domicilio.  <\/p>\n<p data-start=\"1589\" data-end=\"1800\">Al elegir esta <strong>bandeja para comidas<\/strong>, est\u00e1 optando por una soluci\u00f3n <strong data-start=\"1650\" data-end=\"1691\">fiable, profesional y econ\u00f3mica<\/strong>, ideal para cualquiera que desee ofrecer platos bien presentados, seguros y f\u00e1ciles de transportar.<\/p>\n<p data-start=\"1589\" data-end=\"1800\">\n<p><!--more--><\/p>\n<h4>Ventajas :<\/h4>\n<ul>\n<li>3 compartimentos para separar los alimentos y conservar los sabores.<\/li>\n<li>Resistente al calor y apto para el horno.<\/li>\n<li>Ligero y robusto para un transporte seguro.<\/li>\n<li>Precintable para un transporte seguro.<\/li>\n<li>Pr\u00e1ctico e higi\u00e9nico, ideal para la restauraci\u00f3n para llevar.<\/li>\n<li>Envasado en 100 unidades para una gesti\u00f3n optimizada del volumen.<\/li>\n<\/ul>\n<p>&nbsp;<\/p>\n<p><!--more--><\/p>\n<h4>Informaci\u00f3n adicional :<\/h4>\n<ul>\n<li><strong>Embalaje<\/strong>: Paquete de 100<\/li>\n<li><strong>Volumen<\/strong>: 380 ml + 220 ml + 160 ml<\/li>\n<li><strong>Dimensiones<\/strong>: 227 x 177 x 30 (L x A x A en mm)<\/li>\n<li><strong>Material<\/strong>: Aluminio<\/li>\n<li><strong>Temperatura de funcionamiento<\/strong>: -20\u00b0C \/ +350\u00b0C<\/li>\n<\/ul>\n<p>&nbsp;<\/p>\n<p><!--more--><\/p>\n<p>Descubra nuestra bandeja de aluminio para comidas con 3 compartimentos: <span style=\"color: #d12727;\"><a style=\"color: #d12727;\" href=\"https:\/\/www.csj-emballages.com\/es\/produit\/100-bandejas-de-aluminio-desechables-de-3-compartimentos-para-comida\/\">PC3HTE<\/a><\/span><\/p>\n<p>&nbsp;<\/p>\n<p><!--more--><\/p>\n<p><a href=\"https:\/\/www.csj-emballages.com\/es\/categorie-produit\/envasado-de-alimentos\/carniceria-y-charcuteria\/bandejas\/bandejas-de-aluminio-para-comida\/\">Ver el resto de nuestra gama de bandejas de aluminio para comidas<\/a><\/p>\n","protected":false},"excerpt":{"rendered":"<p>Bandeja de aluminio para comidas Descripci\u00f3n de nuestra bandeja de aluminio de 3 compartimentos sellable, paquete de 100<\/p>\n","protected":false},"featured_media":240906,"template":"","meta":{"_acf_changed":false},"product_brand":[],"product_cat":[1150,1143,2006,3047,1288,3053,1270],"product_tag":[],"class_list":{"0":"post-22346","1":"product","2":"type-product","3":"status-publish","4":"has-post-thumbnail","6":"product_cat-envasado-de-alimentos","7":"product_cat-carniceria-y-charcuteria","8":"product_cat-bandejas-platos-moldes-bandejas-de-comida-tazas-ramequines-pasteles-de-carne-de-aluminio","9":"product_cat-bandejas-de-comida-es","10":"product_cat-bandejas","11":"product_cat-bandejas-de-aluminio-para-comida","12":"product_cat-descuentos","14":"first","15":"instock","16":"sale","17":"taxable","18":"shipping-taxable","19":"purchasable","20":"product-type-simple"},"acf":[],"yoast_head":"<!-- This site is optimized with the Yoast SEO Premium plugin v26.6 (Yoast SEO v26.6) - https:\/\/yoast.com\/wordpress\/plugins\/seo\/ -->\n<title>Bandeja de aluminio de 3 compartimentos con tapa, 100 unid.<\/title>\n<meta name=\"description\" content=\"Bandeja de aluminio de 3 compartimentos, precintable de 100 en 100: ideal para empresas de catering y restaurantes. Pr\u00e1ctica, resistente e higi\u00e9nica.\" \/>\n<meta name=\"robots\" content=\"index, follow, max-snippet:-1, max-image-preview:large, max-video-preview:-1\" \/>\n<link rel=\"canonical\" href=\"https:\/\/www.csj-emballages.com\/es\/produit\/100-bandejas-desechables-de-aluminio-de-3-compartimentos-con-tapa\/\" \/>\n<meta property=\"og:locale\" content=\"es_ES\" \/>\n<meta property=\"og:type\" content=\"article\" \/>\n<meta property=\"og:title\" content=\"Bandeja de comida de aluminio con 3 compartimentos y cierre herm\u00e9tico, 100 uds.\" \/>\n<meta property=\"og:description\" content=\"Bandeja de aluminio de 3 compartimentos, precintable de 100 en 100: ideal para empresas de catering y restaurantes. Pr\u00e1ctica, resistente e higi\u00e9nica.\" \/>\n<meta property=\"og:url\" content=\"https:\/\/www.csj-emballages.com\/es\/produit\/100-bandejas-desechables-de-aluminio-de-3-compartimentos-con-tapa\/\" \/>\n<meta property=\"og:site_name\" content=\"CSJ Emballages\" \/>\n<meta property=\"article:publisher\" content=\"https:\/\/www.facebook.com\/csjemballages\" \/>\n<meta property=\"article:modified_time\" content=\"2026-04-29T00:16:06+00:00\" \/>\n<meta property=\"og:image\" content=\"https:\/\/www.csj-emballages.com\/wp-content\/uploads\/2024\/03\/PC3HTE.webp\" \/>\n\t<meta property=\"og:image:width\" content=\"800\" \/>\n\t<meta property=\"og:image:height\" content=\"800\" \/>\n\t<meta property=\"og:image:type\" content=\"image\/webp\" \/>\n<meta name=\"twitter:card\" content=\"summary_large_image\" \/>\n<meta name=\"twitter:label1\" content=\"Tiempo de lectura\" \/>\n\t<meta name=\"twitter:data1\" content=\"2 minutos\" \/>\n<script type=\"application\/ld+json\" class=\"yoast-schema-graph\">{\"@context\":\"https:\/\/schema.org\",\"@graph\":[{\"@type\":\"WebPage\",\"@id\":\"https:\/\/www.csj-emballages.com\/es\/produit\/100-bandejas-desechables-de-aluminio-de-3-compartimentos-con-tapa\/\",\"url\":\"https:\/\/www.csj-emballages.com\/es\/produit\/100-bandejas-desechables-de-aluminio-de-3-compartimentos-con-tapa\/\",\"name\":\"Bandeja de aluminio de 3 compartimentos con tapa, 100 unid.\",\"isPartOf\":{\"@id\":\"https:\/\/www.csj-emballages.com\/es\/#website\"},\"primaryImageOfPage\":{\"@id\":\"https:\/\/www.csj-emballages.com\/es\/produit\/100-bandejas-desechables-de-aluminio-de-3-compartimentos-con-tapa\/#primaryimage\"},\"image\":{\"@id\":\"https:\/\/www.csj-emballages.com\/es\/produit\/100-bandejas-desechables-de-aluminio-de-3-compartimentos-con-tapa\/#primaryimage\"},\"thumbnailUrl\":\"https:\/\/www.csj-emballages.com\/wp-content\/uploads\/2024\/03\/PC3HTE.webp\",\"datePublished\":\"2024-03-01T15:51:26+00:00\",\"dateModified\":\"2026-04-29T00:16:06+00:00\",\"description\":\"Bandeja de aluminio de 3 compartimentos, precintable de 100 en 100: ideal para empresas de catering y restaurantes. Pr\u00e1ctica, resistente e higi\u00e9nica.\",\"breadcrumb\":{\"@id\":\"https:\/\/www.csj-emballages.com\/es\/produit\/100-bandejas-desechables-de-aluminio-de-3-compartimentos-con-tapa\/#breadcrumb\"},\"inLanguage\":\"es\",\"potentialAction\":[{\"@type\":\"ReadAction\",\"target\":[\"https:\/\/www.csj-emballages.com\/es\/produit\/100-bandejas-desechables-de-aluminio-de-3-compartimentos-con-tapa\/\"]}]},{\"@type\":\"ImageObject\",\"inLanguage\":\"es\",\"@id\":\"https:\/\/www.csj-emballages.com\/es\/produit\/100-bandejas-desechables-de-aluminio-de-3-compartimentos-con-tapa\/#primaryimage\",\"url\":\"https:\/\/www.csj-emballages.com\/wp-content\/uploads\/2024\/03\/PC3HTE.webp\",\"contentUrl\":\"https:\/\/www.csj-emballages.com\/wp-content\/uploads\/2024\/03\/PC3HTE.webp\",\"width\":800,\"height\":800,\"caption\":\"Plateau repas aluminium\"},{\"@type\":\"BreadcrumbList\",\"@id\":\"https:\/\/www.csj-emballages.com\/es\/produit\/100-bandejas-desechables-de-aluminio-de-3-compartimentos-con-tapa\/#breadcrumb\",\"itemListElement\":[{\"@type\":\"ListItem\",\"position\":1,\"name\":\"Accueil\",\"item\":\"https:\/\/www.csj-emballages.com\/es\/universo-del-envasado-alimentario\/\"},{\"@type\":\"ListItem\",\"position\":2,\"name\":\"Tienda\",\"item\":\"https:\/\/www.csj-emballages.com\/tienda\/\"},{\"@type\":\"ListItem\",\"position\":3,\"name\":\"Bandeja de comida de aluminio con 3 compartimentos y cierre herm\u00e9tico, 100 uds.\"}]},{\"@type\":\"WebSite\",\"@id\":\"https:\/\/www.csj-emballages.com\/es\/#website\",\"url\":\"https:\/\/www.csj-emballages.com\/es\/\",\"name\":\"CSJ Emballages\",\"description\":\"\",\"publisher\":{\"@id\":\"https:\/\/www.csj-emballages.com\/es\/#organization\"},\"potentialAction\":[{\"@type\":\"SearchAction\",\"target\":{\"@type\":\"EntryPoint\",\"urlTemplate\":\"https:\/\/www.csj-emballages.com\/es\/?s={search_term_string}\"},\"query-input\":{\"@type\":\"PropertyValueSpecification\",\"valueRequired\":true,\"valueName\":\"search_term_string\"}}],\"inLanguage\":\"es\"},{\"@type\":\"Organization\",\"@id\":\"https:\/\/www.csj-emballages.com\/es\/#Organization\/\",\"name\":\"CSJ Emballages\",\"url\":\"https:\/\/www.csj-emballages.com\/es\/\",\"logo\":{\"@type\":\"ImageObject\",\"inLanguage\":\"es\",\"@id\":\"https:\/\/www.csj-emballages.com\/es\/#\/schema\/logo\/image\/\",\"url\":\"https:\/\/www.csj-emballages.com\/wp-content\/uploads\/2023\/10\/logo_csj.webp\",\"contentUrl\":\"https:\/\/www.csj-emballages.com\/wp-content\/uploads\/2023\/10\/logo_csj.webp\",\"width\":250,\"height\":95,\"caption\":\"CSJ Emballages\"},\"image\":{\"@id\":\"https:\/\/www.csj-emballages.com\/es\/#\/schema\/logo\/image\/\"},\"sameAs\":[\"https:\/\/www.facebook.com\/csjemballages\"],\"address\":{\"@type\":\"PostalAddress\",\"streetAddress\":\"ZI La Lechere\",\"addressLocality\":\"Patornay\",\"postalCode\":\"39130\",\"addressCountry\":\"FR\"},\"contactPoint\":[{\"@type\":\"ContactPoint\",\"contactType\":\"Service client\",\"telephone\":\"0384254272\",\"email\":\"contact@csj-emballages.com\"}]}]}<\/script>\n<!-- \/ Yoast SEO Premium plugin. -->","yoast_head_json":{"title":"Bandeja de aluminio de 3 compartimentos con tapa, 100 unid.","description":"Bandeja de aluminio de 3 compartimentos, precintable de 100 en 100: ideal para empresas de catering y restaurantes. Pr\u00e1ctica, resistente e higi\u00e9nica.","robots":{"index":"index","follow":"follow","max-snippet":"max-snippet:-1","max-image-preview":"max-image-preview:large","max-video-preview":"max-video-preview:-1"},"canonical":"https:\/\/www.csj-emballages.com\/es\/produit\/100-bandejas-desechables-de-aluminio-de-3-compartimentos-con-tapa\/","og_locale":"es_ES","og_type":"article","og_title":"Bandeja de comida de aluminio con 3 compartimentos y cierre herm\u00e9tico, 100 uds.","og_description":"Bandeja de aluminio de 3 compartimentos, precintable de 100 en 100: ideal para empresas de catering y restaurantes. Pr\u00e1ctica, resistente e higi\u00e9nica.","og_url":"https:\/\/www.csj-emballages.com\/es\/produit\/100-bandejas-desechables-de-aluminio-de-3-compartimentos-con-tapa\/","og_site_name":"CSJ Emballages","article_publisher":"https:\/\/www.facebook.com\/csjemballages","article_modified_time":"2026-04-29T00:16:06+00:00","og_image":[{"width":800,"height":800,"url":"https:\/\/www.csj-emballages.com\/wp-content\/uploads\/2024\/03\/PC3HTE.webp","type":"image\/webp"}],"twitter_card":"summary_large_image","twitter_misc":{"Tiempo de lectura":"2 minutos"},"schema":{"@context":"https:\/\/schema.org","@graph":[{"@type":"WebPage","@id":"https:\/\/www.csj-emballages.com\/es\/produit\/100-bandejas-desechables-de-aluminio-de-3-compartimentos-con-tapa\/","url":"https:\/\/www.csj-emballages.com\/es\/produit\/100-bandejas-desechables-de-aluminio-de-3-compartimentos-con-tapa\/","name":"Bandeja de aluminio de 3 compartimentos con tapa, 100 unid.","isPartOf":{"@id":"https:\/\/www.csj-emballages.com\/es\/#website"},"primaryImageOfPage":{"@id":"https:\/\/www.csj-emballages.com\/es\/produit\/100-bandejas-desechables-de-aluminio-de-3-compartimentos-con-tapa\/#primaryimage"},"image":{"@id":"https:\/\/www.csj-emballages.com\/es\/produit\/100-bandejas-desechables-de-aluminio-de-3-compartimentos-con-tapa\/#primaryimage"},"thumbnailUrl":"https:\/\/www.csj-emballages.com\/wp-content\/uploads\/2024\/03\/PC3HTE.webp","datePublished":"2024-03-01T15:51:26+00:00","dateModified":"2026-04-29T00:16:06+00:00","description":"Bandeja de aluminio de 3 compartimentos, precintable de 100 en 100: ideal para empresas de catering y restaurantes. Pr\u00e1ctica, resistente e higi\u00e9nica.","breadcrumb":{"@id":"https:\/\/www.csj-emballages.com\/es\/produit\/100-bandejas-desechables-de-aluminio-de-3-compartimentos-con-tapa\/#breadcrumb"},"inLanguage":"es","potentialAction":[{"@type":"ReadAction","target":["https:\/\/www.csj-emballages.com\/es\/produit\/100-bandejas-desechables-de-aluminio-de-3-compartimentos-con-tapa\/"]}]},{"@type":"ImageObject","inLanguage":"es","@id":"https:\/\/www.csj-emballages.com\/es\/produit\/100-bandejas-desechables-de-aluminio-de-3-compartimentos-con-tapa\/#primaryimage","url":"https:\/\/www.csj-emballages.com\/wp-content\/uploads\/2024\/03\/PC3HTE.webp","contentUrl":"https:\/\/www.csj-emballages.com\/wp-content\/uploads\/2024\/03\/PC3HTE.webp","width":800,"height":800,"caption":"Plateau repas aluminium"},{"@type":"BreadcrumbList","@id":"https:\/\/www.csj-emballages.com\/es\/produit\/100-bandejas-desechables-de-aluminio-de-3-compartimentos-con-tapa\/#breadcrumb","itemListElement":[{"@type":"ListItem","position":1,"name":"Accueil","item":"https:\/\/www.csj-emballages.com\/es\/universo-del-envasado-alimentario\/"},{"@type":"ListItem","position":2,"name":"Tienda","item":"https:\/\/www.csj-emballages.com\/tienda\/"},{"@type":"ListItem","position":3,"name":"Bandeja de comida de aluminio con 3 compartimentos y cierre herm\u00e9tico, 100 uds."}]},{"@type":"WebSite","@id":"https:\/\/www.csj-emballages.com\/es\/#website","url":"https:\/\/www.csj-emballages.com\/es\/","name":"CSJ Emballages","description":"","publisher":{"@id":"https:\/\/www.csj-emballages.com\/es\/#organization"},"potentialAction":[{"@type":"SearchAction","target":{"@type":"EntryPoint","urlTemplate":"https:\/\/www.csj-emballages.com\/es\/?s={search_term_string}"},"query-input":{"@type":"PropertyValueSpecification","valueRequired":true,"valueName":"search_term_string"}}],"inLanguage":"es"},{"@type":"Organization","@id":"https:\/\/www.csj-emballages.com\/es\/#Organization\/","name":"CSJ Emballages","url":"https:\/\/www.csj-emballages.com\/es\/","logo":{"@type":"ImageObject","inLanguage":"es","@id":"https:\/\/www.csj-emballages.com\/es\/#\/schema\/logo\/image\/","url":"https:\/\/www.csj-emballages.com\/wp-content\/uploads\/2023\/10\/logo_csj.webp","contentUrl":"https:\/\/www.csj-emballages.com\/wp-content\/uploads\/2023\/10\/logo_csj.webp","width":250,"height":95,"caption":"CSJ Emballages"},"image":{"@id":"https:\/\/www.csj-emballages.com\/es\/#\/schema\/logo\/image\/"},"sameAs":["https:\/\/www.facebook.com\/csjemballages"],"address":{"@type":"PostalAddress","streetAddress":"ZI La Lechere","addressLocality":"Patornay","postalCode":"39130","addressCountry":"FR"},"contactPoint":[{"@type":"ContactPoint","contactType":"Service client","telephone":"0384254272","email":"contact@csj-emballages.com"}]}]}},"df_price":31.77,"df_sale_price":31.77,"df_regular_price":45.38,"df_image_link":"https:\/\/www.csj-emballages.com\/wp-content\/uploads\/2024\/03\/PC3HTE-300x300.webp","tiered_pricing_type":"fixed","tiered_pricing_fixed_rules":[],"tiered_pricing_percentage_rules":[],"tiered_pricing_minimum":1,"tiered_pricing_roles_data":[],"_links":{"self":[{"href":"https:\/\/www.csj-emballages.com\/es\/wp-json\/wp\/v2\/product\/22346","targetHints":{"allow":["GET"]}}],"collection":[{"href":"https:\/\/www.csj-emballages.com\/es\/wp-json\/wp\/v2\/product"}],"about":[{"href":"https:\/\/www.csj-emballages.com\/es\/wp-json\/wp\/v2\/types\/product"}],"wp:featuredmedia":[{"embeddable":true,"href":"https:\/\/www.csj-emballages.com\/es\/wp-json\/wp\/v2\/media\/240906"}],"wp:attachment":[{"href":"https:\/\/www.csj-emballages.com\/es\/wp-json\/wp\/v2\/media?parent=22346"}],"wp:term":[{"taxonomy":"product_brand","embeddable":true,"href":"https:\/\/www.csj-emballages.com\/es\/wp-json\/wp\/v2\/product_brand?post=22346"},{"taxonomy":"product_cat","embeddable":true,"href":"https:\/\/www.csj-emballages.com\/es\/wp-json\/wp\/v2\/product_cat?post=22346"},{"taxonomy":"product_tag","embeddable":true,"href":"https:\/\/www.csj-emballages.com\/es\/wp-json\/wp\/v2\/product_tag?post=22346"}],"curies":[{"name":"wp","href":"https:\/\/api.w.org\/{rel}","templated":true}]}}