{"id":22318,"date":"2024-03-01T16:51:28","date_gmt":"2024-03-01T15:51:28","guid":{"rendered":"https:\/\/u15jnbdpoq.preview.infomaniak.website\/produit\/50-tarros-de-crema-de-plastico-desechables-blancos-con-tapa-de-250-ml\/"},"modified":"2026-04-30T02:14:32","modified_gmt":"2026-04-30T00:14:32","slug":"50-tarros-de-crema-de-plastico-desechables-blancos-con-tapa-de-250-ml","status":"publish","type":"product","link":"https:\/\/www.csj-emballages.com\/es\/produit\/50-tarros-de-crema-de-plastico-desechables-blancos-con-tapa-de-250-ml\/","title":{"rendered":"Jarra de pl\u00e1stico blanca para nata 250 ml con tapa 50 uds."},"content":{"rendered":"<h2>Jarra de nata<\/h2>\n<hr>\n<h3>Descripci\u00f3n de nuestro tarro de crema de pl\u00e1stico blanco 250 ml con tapa, paquete de 50<\/h3>\n<p><!--more--><\/p>\n<p data-start=\"264\" data-end=\"646\">Cuando busque un recipiente sencillo pero realmente eficaz, esta <strong data-start=\"328\" data-end=\"371\">jarra de nata blanca de 250 ml con tapa<\/strong> cumple claramente su funci\u00f3n. Su tama\u00f1o es ideal para <g id=\"gid_1\">postres de nata<\/g>, <g id=\"gid_2\">salsas caseras<\/g> y otras preparaciones. Ni demasiado grande ni demasiado peque\u00f1a, es f\u00e1cil de adaptar a una amplia gama de usos de catering.  <\/p>\n<p data-start=\"648\" data-end=\"1009\">En primer lugar, su <strong>pl\u00e1stico r\u00edgido<\/strong> inspira confianza. El tarro se adapta bien a la mano, no se deforma y protege bien el contenido, incluso durante el transporte. La <strong>tapa<\/strong> se encaja f\u00e1cilmente y sella de forma segura, por lo que no hay derrames ni sorpresas desagradables en las bolsas. El resultado: usted sirve con limpieza y sus clientes se marchan tranquilos.   <\/p>\n<p data-start=\"1011\" data-end=\"1314\">En segundo lugar, su <strong>color blanco<\/strong> da un aspecto limpio y ordenado. Realza el contenido, especialmente en el caso de preparaciones visibles como postres, salsas o cremas. Tambi\u00e9n es un buen soporte si quiere a\u00f1adir una etiqueta o pegatina con su logotipo o el nombre de la receta.  <\/p>\n<p data-start=\"1316\" data-end=\"1583\">Adem\u00e1s, esta <strong>jarra de crema<\/strong> es muy pr\u00e1ctica para el uso diario. Es f\u00e1cil de apilar, lo que ahorra espacio tanto en el trastero como en la cocina. Y con un <strong data-start=\"1469\" data-end=\"1482\">paquete de 50<\/strong>, dispondr\u00e1 de un c\u00f3modo stock, perfecto para un servicio regular sin sobrecargar su espacio.  <\/p>\n<p data-start=\"1585\" data-end=\"1761\">En resumen, esta <strong>jarra para nata de 250 ml<\/strong> es una soluci\u00f3n fiable, limpia y vers\u00e1til. Simplifica el servicio, hace m\u00e1s seguro el transporte y realza sus preparaciones sin exagerar. <\/p>\n<p data-start=\"1585\" data-end=\"1761\"><!--more--><\/p>\n<h4 data-start=\"1585\" data-end=\"1761\">Ventajas :<\/h4>\n<ul>\n<li data-start=\"1789\" data-end=\"1851\">Capacidad ideal <strong>de 250 ml<\/strong> para una amplia gama de preparaciones.<\/li>\n<li data-start=\"1854\" data-end=\"1886\">Pl\u00e1stico r\u00edgido y resistente.<\/li>\n<li data-start=\"1889\" data-end=\"1940\">Tapa herm\u00e9tica para un transporte seguro.<\/li>\n<li data-start=\"1943\" data-end=\"1982\"><strong>Aspecto blanco<\/strong>, limpio y profesional.<\/li>\n<li data-start=\"1985\" data-end=\"2017\">Apilable y f\u00e1cil de almacenar.<\/li>\n<li data-start=\"2020\" data-end=\"2046\">Pr\u00e1ctico paquete de <strong>50<\/strong>.<\/li>\n<\/ul>\n<p>&nbsp;<\/p>\n<p><!--more--><\/p>\n<h4>Informaci\u00f3n adicional :<\/h4>\n<ul>\n<li><strong>Envase<\/strong>: Paquete de 50<\/li>\n<li><strong>Volumen<\/strong>: 250 ml<\/li>\n<li><strong>Color<\/strong>: blanco<\/li>\n<li><strong>Material<\/strong>: Polipropileno<\/li>\n<\/ul>\n<p>&nbsp;<\/p>\n<p><!--more--><\/p>\n<p>Esta jarra de crema tambi\u00e9n est\u00e1 disponible en 500 ml: <span style=\"color: #d12727;\"><a style=\"color: #d12727;\" href=\"https:\/\/www.csj-emballages.com\/es\/produit\/40-tarros-de-crema-de-plastico-desechables-blancos-con-tapa-500-ml\/\">PC500BP<\/a><\/span><\/p>\n<p>&nbsp;<\/p>\n<p><!--more--><\/p>\n<p><a href=\"https:\/\/www.csj-emballages.com\/es\/categorie-produit\/envasado-de-alimentos\/catering-es\/ollas-cuencos-portavasos\/tarros-de-crema\/\">Ver el resto de nuestra gama de tarros de crema  <\/a><\/p>\n","protected":false},"excerpt":{"rendered":"<p>Jarra de nata Descripci\u00f3n de nuestro tarro de crema de pl\u00e1stico blanco 250 ml con tapa, paquete de 50<\/p>\n","protected":false},"featured_media":203600,"template":"","meta":{"_acf_changed":false},"product_brand":[],"product_cat":[1179,3056],"product_tag":[],"class_list":{"0":"post-22318","1":"product","2":"type-product","3":"status-publish","4":"has-post-thumbnail","6":"product_cat-catering-es","7":"product_cat-tarros-de-crema","9":"first","10":"instock","11":"taxable","12":"shipping-taxable","13":"purchasable","14":"product-type-simple"},"acf":[],"yoast_head":"<!-- This site is optimized with the Yoast SEO Premium plugin v26.6 (Yoast SEO v26.6) - https:\/\/yoast.com\/wordpress\/plugins\/seo\/ -->\n<title>Tarro de pl\u00e1stico blanco para nata con tapa - 250 ml<\/title>\n<meta name=\"description\" content=\"Descubra nuestros tarros de crema de pl\u00e1stico blanco de 250 ml. Ideal para nata, queso, yogur y mucho m\u00e1s.\" \/>\n<meta name=\"robots\" content=\"index, follow, max-snippet:-1, max-image-preview:large, max-video-preview:-1\" \/>\n<link rel=\"canonical\" href=\"https:\/\/www.csj-emballages.com\/es\/produit\/50-tarros-de-crema-de-plastico-desechables-blancos-con-tapa-de-250-ml\/\" \/>\n<meta property=\"og:locale\" content=\"es_ES\" \/>\n<meta property=\"og:type\" content=\"article\" \/>\n<meta property=\"og:title\" content=\"Jarra de pl\u00e1stico blanca para nata 250 ml con tapa 50 uds.\" \/>\n<meta property=\"og:description\" content=\"Descubra nuestros tarros de crema de pl\u00e1stico blanco de 250 ml. Ideal para nata, queso, yogur y mucho m\u00e1s.\" \/>\n<meta property=\"og:url\" content=\"https:\/\/www.csj-emballages.com\/es\/produit\/50-tarros-de-crema-de-plastico-desechables-blancos-con-tapa-de-250-ml\/\" \/>\n<meta property=\"og:site_name\" content=\"CSJ Emballages\" \/>\n<meta property=\"article:publisher\" content=\"https:\/\/www.facebook.com\/csjemballages\" \/>\n<meta property=\"article:modified_time\" content=\"2026-04-30T00:14:32+00:00\" \/>\n<meta property=\"og:image\" content=\"https:\/\/www.csj-emballages.com\/wp-content\/uploads\/2024\/03\/POC-CREME-250.webp\" \/>\n\t<meta property=\"og:image:width\" content=\"800\" \/>\n\t<meta property=\"og:image:height\" content=\"800\" \/>\n\t<meta property=\"og:image:type\" content=\"image\/webp\" \/>\n<meta name=\"twitter:card\" content=\"summary_large_image\" \/>\n<meta name=\"twitter:label1\" content=\"Tiempo de lectura\" \/>\n\t<meta name=\"twitter:data1\" content=\"2 minutos\" \/>\n<script type=\"application\/ld+json\" class=\"yoast-schema-graph\">{\"@context\":\"https:\/\/schema.org\",\"@graph\":[{\"@type\":\"WebPage\",\"@id\":\"https:\/\/www.csj-emballages.com\/es\/produit\/50-tarros-de-crema-de-plastico-desechables-blancos-con-tapa-de-250-ml\/\",\"url\":\"https:\/\/www.csj-emballages.com\/es\/produit\/50-tarros-de-crema-de-plastico-desechables-blancos-con-tapa-de-250-ml\/\",\"name\":\"Tarro de pl\u00e1stico blanco para nata con tapa - 250 ml\",\"isPartOf\":{\"@id\":\"https:\/\/www.csj-emballages.com\/es\/#website\"},\"primaryImageOfPage\":{\"@id\":\"https:\/\/www.csj-emballages.com\/es\/produit\/50-tarros-de-crema-de-plastico-desechables-blancos-con-tapa-de-250-ml\/#primaryimage\"},\"image\":{\"@id\":\"https:\/\/www.csj-emballages.com\/es\/produit\/50-tarros-de-crema-de-plastico-desechables-blancos-con-tapa-de-250-ml\/#primaryimage\"},\"thumbnailUrl\":\"https:\/\/www.csj-emballages.com\/wp-content\/uploads\/2024\/03\/POC-CREME-250.webp\",\"datePublished\":\"2024-03-01T15:51:28+00:00\",\"dateModified\":\"2026-04-30T00:14:32+00:00\",\"description\":\"Descubra nuestros tarros de crema de pl\u00e1stico blanco de 250 ml. Ideal para nata, queso, yogur y mucho m\u00e1s.\",\"breadcrumb\":{\"@id\":\"https:\/\/www.csj-emballages.com\/es\/produit\/50-tarros-de-crema-de-plastico-desechables-blancos-con-tapa-de-250-ml\/#breadcrumb\"},\"inLanguage\":\"es\",\"potentialAction\":[{\"@type\":\"ReadAction\",\"target\":[\"https:\/\/www.csj-emballages.com\/es\/produit\/50-tarros-de-crema-de-plastico-desechables-blancos-con-tapa-de-250-ml\/\"]}]},{\"@type\":\"ImageObject\",\"inLanguage\":\"es\",\"@id\":\"https:\/\/www.csj-emballages.com\/es\/produit\/50-tarros-de-crema-de-plastico-desechables-blancos-con-tapa-de-250-ml\/#primaryimage\",\"url\":\"https:\/\/www.csj-emballages.com\/wp-content\/uploads\/2024\/03\/POC-CREME-250.webp\",\"contentUrl\":\"https:\/\/www.csj-emballages.com\/wp-content\/uploads\/2024\/03\/POC-CREME-250.webp\",\"width\":800,\"height\":800,\"caption\":\"po\"},{\"@type\":\"BreadcrumbList\",\"@id\":\"https:\/\/www.csj-emballages.com\/es\/produit\/50-tarros-de-crema-de-plastico-desechables-blancos-con-tapa-de-250-ml\/#breadcrumb\",\"itemListElement\":[{\"@type\":\"ListItem\",\"position\":1,\"name\":\"Accueil\",\"item\":\"https:\/\/www.csj-emballages.com\/es\/universo-del-envasado-alimentario\/\"},{\"@type\":\"ListItem\",\"position\":2,\"name\":\"Tienda\",\"item\":\"https:\/\/www.csj-emballages.com\/tienda\/\"},{\"@type\":\"ListItem\",\"position\":3,\"name\":\"Jarra de pl\u00e1stico blanca para nata 250 ml con tapa 50 uds.\"}]},{\"@type\":\"WebSite\",\"@id\":\"https:\/\/www.csj-emballages.com\/es\/#website\",\"url\":\"https:\/\/www.csj-emballages.com\/es\/\",\"name\":\"CSJ Emballages\",\"description\":\"\",\"publisher\":{\"@id\":\"https:\/\/www.csj-emballages.com\/es\/#organization\"},\"potentialAction\":[{\"@type\":\"SearchAction\",\"target\":{\"@type\":\"EntryPoint\",\"urlTemplate\":\"https:\/\/www.csj-emballages.com\/es\/?s={search_term_string}\"},\"query-input\":{\"@type\":\"PropertyValueSpecification\",\"valueRequired\":true,\"valueName\":\"search_term_string\"}}],\"inLanguage\":\"es\"},{\"@type\":\"Organization\",\"@id\":\"https:\/\/www.csj-emballages.com\/es\/#Organization\/\",\"name\":\"CSJ Emballages\",\"url\":\"https:\/\/www.csj-emballages.com\/es\/\",\"logo\":{\"@type\":\"ImageObject\",\"inLanguage\":\"es\",\"@id\":\"https:\/\/www.csj-emballages.com\/es\/#\/schema\/logo\/image\/\",\"url\":\"https:\/\/www.csj-emballages.com\/wp-content\/uploads\/2023\/10\/logo_csj.webp\",\"contentUrl\":\"https:\/\/www.csj-emballages.com\/wp-content\/uploads\/2023\/10\/logo_csj.webp\",\"width\":250,\"height\":95,\"caption\":\"CSJ Emballages\"},\"image\":{\"@id\":\"https:\/\/www.csj-emballages.com\/es\/#\/schema\/logo\/image\/\"},\"sameAs\":[\"https:\/\/www.facebook.com\/csjemballages\"],\"address\":{\"@type\":\"PostalAddress\",\"streetAddress\":\"ZI La Lechere\",\"addressLocality\":\"Patornay\",\"postalCode\":\"39130\",\"addressCountry\":\"FR\"},\"contactPoint\":[{\"@type\":\"ContactPoint\",\"contactType\":\"Service client\",\"telephone\":\"0384254272\",\"email\":\"contact@csj-emballages.com\"}]}]}<\/script>\n<!-- \/ Yoast SEO Premium plugin. -->","yoast_head_json":{"title":"Tarro de pl\u00e1stico blanco para nata con tapa - 250 ml","description":"Descubra nuestros tarros de crema de pl\u00e1stico blanco de 250 ml. Ideal para nata, queso, yogur y mucho m\u00e1s.","robots":{"index":"index","follow":"follow","max-snippet":"max-snippet:-1","max-image-preview":"max-image-preview:large","max-video-preview":"max-video-preview:-1"},"canonical":"https:\/\/www.csj-emballages.com\/es\/produit\/50-tarros-de-crema-de-plastico-desechables-blancos-con-tapa-de-250-ml\/","og_locale":"es_ES","og_type":"article","og_title":"Jarra de pl\u00e1stico blanca para nata 250 ml con tapa 50 uds.","og_description":"Descubra nuestros tarros de crema de pl\u00e1stico blanco de 250 ml. Ideal para nata, queso, yogur y mucho m\u00e1s.","og_url":"https:\/\/www.csj-emballages.com\/es\/produit\/50-tarros-de-crema-de-plastico-desechables-blancos-con-tapa-de-250-ml\/","og_site_name":"CSJ Emballages","article_publisher":"https:\/\/www.facebook.com\/csjemballages","article_modified_time":"2026-04-30T00:14:32+00:00","og_image":[{"width":800,"height":800,"url":"https:\/\/www.csj-emballages.com\/wp-content\/uploads\/2024\/03\/POC-CREME-250.webp","type":"image\/webp"}],"twitter_card":"summary_large_image","twitter_misc":{"Tiempo de lectura":"2 minutos"},"schema":{"@context":"https:\/\/schema.org","@graph":[{"@type":"WebPage","@id":"https:\/\/www.csj-emballages.com\/es\/produit\/50-tarros-de-crema-de-plastico-desechables-blancos-con-tapa-de-250-ml\/","url":"https:\/\/www.csj-emballages.com\/es\/produit\/50-tarros-de-crema-de-plastico-desechables-blancos-con-tapa-de-250-ml\/","name":"Tarro de pl\u00e1stico blanco para nata con tapa - 250 ml","isPartOf":{"@id":"https:\/\/www.csj-emballages.com\/es\/#website"},"primaryImageOfPage":{"@id":"https:\/\/www.csj-emballages.com\/es\/produit\/50-tarros-de-crema-de-plastico-desechables-blancos-con-tapa-de-250-ml\/#primaryimage"},"image":{"@id":"https:\/\/www.csj-emballages.com\/es\/produit\/50-tarros-de-crema-de-plastico-desechables-blancos-con-tapa-de-250-ml\/#primaryimage"},"thumbnailUrl":"https:\/\/www.csj-emballages.com\/wp-content\/uploads\/2024\/03\/POC-CREME-250.webp","datePublished":"2024-03-01T15:51:28+00:00","dateModified":"2026-04-30T00:14:32+00:00","description":"Descubra nuestros tarros de crema de pl\u00e1stico blanco de 250 ml. Ideal para nata, queso, yogur y mucho m\u00e1s.","breadcrumb":{"@id":"https:\/\/www.csj-emballages.com\/es\/produit\/50-tarros-de-crema-de-plastico-desechables-blancos-con-tapa-de-250-ml\/#breadcrumb"},"inLanguage":"es","potentialAction":[{"@type":"ReadAction","target":["https:\/\/www.csj-emballages.com\/es\/produit\/50-tarros-de-crema-de-plastico-desechables-blancos-con-tapa-de-250-ml\/"]}]},{"@type":"ImageObject","inLanguage":"es","@id":"https:\/\/www.csj-emballages.com\/es\/produit\/50-tarros-de-crema-de-plastico-desechables-blancos-con-tapa-de-250-ml\/#primaryimage","url":"https:\/\/www.csj-emballages.com\/wp-content\/uploads\/2024\/03\/POC-CREME-250.webp","contentUrl":"https:\/\/www.csj-emballages.com\/wp-content\/uploads\/2024\/03\/POC-CREME-250.webp","width":800,"height":800,"caption":"po"},{"@type":"BreadcrumbList","@id":"https:\/\/www.csj-emballages.com\/es\/produit\/50-tarros-de-crema-de-plastico-desechables-blancos-con-tapa-de-250-ml\/#breadcrumb","itemListElement":[{"@type":"ListItem","position":1,"name":"Accueil","item":"https:\/\/www.csj-emballages.com\/es\/universo-del-envasado-alimentario\/"},{"@type":"ListItem","position":2,"name":"Tienda","item":"https:\/\/www.csj-emballages.com\/tienda\/"},{"@type":"ListItem","position":3,"name":"Jarra de pl\u00e1stico blanca para nata 250 ml con tapa 50 uds."}]},{"@type":"WebSite","@id":"https:\/\/www.csj-emballages.com\/es\/#website","url":"https:\/\/www.csj-emballages.com\/es\/","name":"CSJ Emballages","description":"","publisher":{"@id":"https:\/\/www.csj-emballages.com\/es\/#organization"},"potentialAction":[{"@type":"SearchAction","target":{"@type":"EntryPoint","urlTemplate":"https:\/\/www.csj-emballages.com\/es\/?s={search_term_string}"},"query-input":{"@type":"PropertyValueSpecification","valueRequired":true,"valueName":"search_term_string"}}],"inLanguage":"es"},{"@type":"Organization","@id":"https:\/\/www.csj-emballages.com\/es\/#Organization\/","name":"CSJ Emballages","url":"https:\/\/www.csj-emballages.com\/es\/","logo":{"@type":"ImageObject","inLanguage":"es","@id":"https:\/\/www.csj-emballages.com\/es\/#\/schema\/logo\/image\/","url":"https:\/\/www.csj-emballages.com\/wp-content\/uploads\/2023\/10\/logo_csj.webp","contentUrl":"https:\/\/www.csj-emballages.com\/wp-content\/uploads\/2023\/10\/logo_csj.webp","width":250,"height":95,"caption":"CSJ Emballages"},"image":{"@id":"https:\/\/www.csj-emballages.com\/es\/#\/schema\/logo\/image\/"},"sameAs":["https:\/\/www.facebook.com\/csjemballages"],"address":{"@type":"PostalAddress","streetAddress":"ZI La Lechere","addressLocality":"Patornay","postalCode":"39130","addressCountry":"FR"},"contactPoint":[{"@type":"ContactPoint","contactType":"Service client","telephone":"0384254272","email":"contact@csj-emballages.com"}]}]}},"df_price":13.13,"df_sale_price":"","df_regular_price":13.13,"df_image_link":"https:\/\/www.csj-emballages.com\/wp-content\/uploads\/2024\/03\/POC-CREME-250-300x300.webp","tiered_pricing_type":"fixed","tiered_pricing_fixed_rules":[],"tiered_pricing_percentage_rules":[],"tiered_pricing_minimum":1,"tiered_pricing_roles_data":[],"_links":{"self":[{"href":"https:\/\/www.csj-emballages.com\/es\/wp-json\/wp\/v2\/product\/22318","targetHints":{"allow":["GET"]}}],"collection":[{"href":"https:\/\/www.csj-emballages.com\/es\/wp-json\/wp\/v2\/product"}],"about":[{"href":"https:\/\/www.csj-emballages.com\/es\/wp-json\/wp\/v2\/types\/product"}],"wp:featuredmedia":[{"embeddable":true,"href":"https:\/\/www.csj-emballages.com\/es\/wp-json\/wp\/v2\/media\/203600"}],"wp:attachment":[{"href":"https:\/\/www.csj-emballages.com\/es\/wp-json\/wp\/v2\/media?parent=22318"}],"wp:term":[{"taxonomy":"product_brand","embeddable":true,"href":"https:\/\/www.csj-emballages.com\/es\/wp-json\/wp\/v2\/product_brand?post=22318"},{"taxonomy":"product_cat","embeddable":true,"href":"https:\/\/www.csj-emballages.com\/es\/wp-json\/wp\/v2\/product_cat?post=22318"},{"taxonomy":"product_tag","embeddable":true,"href":"https:\/\/www.csj-emballages.com\/es\/wp-json\/wp\/v2\/product_tag?post=22318"}],"curies":[{"name":"wp","href":"https:\/\/api.w.org\/{rel}","templated":true}]}}