{"id":22314,"date":"2024-03-01T16:51:30","date_gmt":"2024-03-01T15:51:30","guid":{"rendered":"https:\/\/u15jnbdpoq.preview.infomaniak.website\/produit\/1000-bandejas-de-aluminio-desechables-para-comida-227-x-177-x-30-mm\/"},"modified":"2026-04-17T02:14:46","modified_gmt":"2026-04-17T00:14:46","slug":"1000-bandejas-de-aluminio-desechables-para-comida-227-x-177-x-30-mm","status":"publish","type":"product","link":"https:\/\/www.csj-emballages.com\/es\/produit\/1000-bandejas-de-aluminio-desechables-para-comida-227-x-177-x-30-mm\/","title":{"rendered":"Plato llano de aluminio 227 x 177 x 30 mm, paquete de 100"},"content":{"rendered":"<h2>Plato de aluminio<\/h2>\n<hr>\n<h3>Descripci\u00f3n de nuestro plato de aluminio 930 ml por 100<\/h3>\n<p><!--more--><\/p>\n<p class=\"\" data-start=\"110\" data-end=\"1287\">Esta <strong>fuente de aluminio de 930 ml<\/strong>, que se vende en paquetes de <strong>100 unidades<\/strong>, es ideal para empresas de catering, restaurantes y particulares que deseen preparar, cocinar y transportar sus platos con total seguridad. Fabricada <strong>en aluminio<\/strong>, tiene una excelente resistencia al calor y se cocina uniformemente en un horno tradicional. Ligero y robusto, tambi\u00e9n es perfecto para almacenar y conservar alimentos, tanto fr\u00edos como calientes. Su pr\u00e1ctico tama\u00f1o <strong>de 930<\/strong><strong> ml<\/strong> es ideal para porciones grandes, ya sea para gratinados, platos en salsa, verduras, carne o postres.<br data-start=\"682\" data-end=\"685\">Apilable, ahorra un valioso espacio en la cocina o en la c\u00e1mara frigor\u00edfica. Este <strong>plato de<\/strong> <strong>aluminio<\/strong> es imprescindible para los profesionales de la comida r\u00e1pida, los eventos y la comida para llevar.    <\/p>\n<p class=\"\" data-start=\"110\" data-end=\"1287\"><br data-start=\"990\" data-end=\"993\">Gracias a su material reciclable, tambi\u00e9n forma parte de un enfoque ecorresponsable. Su dise\u00f1o sencillo pero funcional garantiza una presentaci\u00f3n cuidada de los platos, incluso en el momento de la entrega. <strong>Resistente a las<\/strong> variaciones de temperatura, puede trasladarse f\u00e1cilmente del congelador al horno, sin alterar los alimentos. <\/p>\n<p data-start=\"110\" data-end=\"1287\">\n<p><!--more--><\/p>\n<h4>Sus ventajas:<\/h4>\n<ul>\n<li data-start=\"1003\" data-end=\"1082\"><strong data-start=\"1005\" data-end=\"1019\">Vers\u00e1til<\/strong>: apto para cocinar, refrigerar, almacenar y transportar.<\/li>\n<li data-start=\"1083\" data-end=\"1153\"><strong data-start=\"1085\" data-end=\"1111\">Resistente al calor<\/strong>: esta fuente de aluminio es compatible con el horno tradicional.<\/li>\n<li data-start=\"1226\" data-end=\"1295\"><strong data-start=\"1228\" data-end=\"1248\">Ligero y robusto<\/strong>: f\u00e1cil de manejar pero resistente.<\/li>\n<li data-start=\"1296\" data-end=\"1381\" data-is-last-node=\"\"><strong data-start=\"1298\" data-end=\"1317\">Pr\u00e1ctico formato<\/strong>: 930 ml de capacidad, perfecto para raciones individuales.<\/li>\n<\/ul>\n<p>&nbsp;<\/p>\n<p><!--more--><\/p>\n<h4>Informaci\u00f3n adicional :<\/h4>\n<ul>\n<li><strong>Embalaje<\/strong>: Paquete de 100<\/li>\n<li><strong>Dimensiones<\/strong>: 227 x 177 x 30 ( L x A x A en mm )<\/li>\n<li><strong>Volumen<\/strong>: 930 ml<\/li>\n<li><strong>Material<\/strong>: Aluminio<\/li>\n<\/ul>\n<p>&nbsp;<\/p>\n<p><!--more--><\/p>\n<p>Este producto est\u00e1 disponible en diferentes tama\u00f1os: <span style=\"color: #d12727\"><a style=\"color: #d12727\" href=\"https:\/\/www.csj-emballages.com\/es\/produit\/100-platos-desechables-de-aluminio-380-ml\/\">380 ml<\/a> <\/span>\/<span style=\"color: #d12727\"> <a style=\"color: #d12727\" href=\"https:\/\/www.csj-emballages.com\/es\/produit\/100-platos-de-aluminio-desechables-950-ml\/\">950 ml<\/a> <span style=\"color: #000000\">\/ <\/span><a style=\"color: #d12727\" href=\"https:\/\/www.csj-emballages.com\/produit\/50-plats-jetables-en-aluminium-2250-ml\/\">2250 ml<\/a> <span style=\"color: #000000\">\/ <\/span><a style=\"color: #d12727\" href=\"https:\/\/www.csj-emballages.com\/produit\/100-plats-aluminium-rigide-3100-ml\/\">3100 ml<\/a><\/span><\/p>\n<p>&nbsp;<\/p>\n<p><!--more--><\/p>\n<p><a href=\"https:\/\/www.csj-emballages.com\/es\/categorie-produit\/envasado-de-alimentos\/carniceria-y-charcuteria\/bandejas-latas-y-tarros\/bandejas-platos-moldes-bandejas-de-comida-tazas-ramequines-pasteles-de-carne-de-aluminio\/platos\/\">Ver el resto de nuestra gama de platos de aluminio<\/a><\/p>\n","protected":false},"excerpt":{"rendered":"<p>Plato de aluminio Descripci\u00f3n de nuestro plato de aluminio 930 ml por 100<\/p>\n","protected":false},"featured_media":230787,"template":"","meta":{"_acf_changed":false},"product_brand":[],"product_cat":[1143,2006,3052],"product_tag":[],"class_list":{"0":"post-22314","1":"product","2":"type-product","3":"status-publish","4":"has-post-thumbnail","6":"product_cat-carniceria-y-charcuteria","7":"product_cat-bandejas-platos-moldes-bandejas-de-comida-tazas-ramequines-pasteles-de-carne-de-aluminio","8":"product_cat-platos","10":"first","11":"instock","12":"taxable","13":"shipping-taxable","14":"purchasable","15":"product-type-simple"},"acf":[],"yoast_head":"<!-- This site is optimized with the Yoast SEO Premium plugin v26.6 (Yoast SEO v26.6) - https:\/\/yoast.com\/wordpress\/plugins\/seo\/ -->\n<title>Plato de aluminio 930 ml por 100<\/title>\n<meta name=\"description\" content=\"Plato de aluminio de 930 ml por 100, ideal para cocinar, almacenar y transportar platos. Resistente al calor y compatible con tapas.\" \/>\n<meta name=\"robots\" content=\"index, follow, max-snippet:-1, max-image-preview:large, max-video-preview:-1\" \/>\n<link rel=\"canonical\" href=\"https:\/\/www.csj-emballages.com\/es\/produit\/1000-bandejas-de-aluminio-desechables-para-comida-227-x-177-x-30-mm\/\" \/>\n<meta property=\"og:locale\" content=\"es_ES\" \/>\n<meta property=\"og:type\" content=\"article\" \/>\n<meta property=\"og:title\" content=\"Plato llano de aluminio 227 x 177 x 30 mm, paquete de 100\" \/>\n<meta property=\"og:description\" content=\"Plato de aluminio de 930 ml por 100, ideal para cocinar, almacenar y transportar platos. Resistente al calor y compatible con tapas.\" \/>\n<meta property=\"og:url\" content=\"https:\/\/www.csj-emballages.com\/es\/produit\/1000-bandejas-de-aluminio-desechables-para-comida-227-x-177-x-30-mm\/\" \/>\n<meta property=\"og:site_name\" content=\"CSJ Emballages\" \/>\n<meta property=\"article:publisher\" content=\"https:\/\/www.facebook.com\/csjemballages\" \/>\n<meta property=\"article:modified_time\" content=\"2026-04-17T00:14:46+00:00\" \/>\n<meta property=\"og:image\" content=\"https:\/\/www.csj-emballages.com\/wp-content\/uploads\/2024\/03\/PC-1.webp\" \/>\n\t<meta property=\"og:image:width\" content=\"800\" \/>\n\t<meta property=\"og:image:height\" content=\"800\" \/>\n\t<meta property=\"og:image:type\" content=\"image\/webp\" \/>\n<meta name=\"twitter:card\" content=\"summary_large_image\" \/>\n<meta name=\"twitter:label1\" content=\"Tiempo de lectura\" \/>\n\t<meta name=\"twitter:data1\" content=\"1 minuto\" \/>\n<script type=\"application\/ld+json\" class=\"yoast-schema-graph\">{\"@context\":\"https:\/\/schema.org\",\"@graph\":[{\"@type\":\"WebPage\",\"@id\":\"https:\/\/www.csj-emballages.com\/es\/produit\/1000-bandejas-de-aluminio-desechables-para-comida-227-x-177-x-30-mm\/\",\"url\":\"https:\/\/www.csj-emballages.com\/es\/produit\/1000-bandejas-de-aluminio-desechables-para-comida-227-x-177-x-30-mm\/\",\"name\":\"Plato de aluminio 930 ml por 100\",\"isPartOf\":{\"@id\":\"https:\/\/www.csj-emballages.com\/es\/#website\"},\"primaryImageOfPage\":{\"@id\":\"https:\/\/www.csj-emballages.com\/es\/produit\/1000-bandejas-de-aluminio-desechables-para-comida-227-x-177-x-30-mm\/#primaryimage\"},\"image\":{\"@id\":\"https:\/\/www.csj-emballages.com\/es\/produit\/1000-bandejas-de-aluminio-desechables-para-comida-227-x-177-x-30-mm\/#primaryimage\"},\"thumbnailUrl\":\"https:\/\/www.csj-emballages.com\/wp-content\/uploads\/2024\/03\/PC-1.webp\",\"datePublished\":\"2024-03-01T15:51:30+00:00\",\"dateModified\":\"2026-04-17T00:14:46+00:00\",\"description\":\"Plato de aluminio de 930 ml por 100, ideal para cocinar, almacenar y transportar platos. Resistente al calor y compatible con tapas.\",\"breadcrumb\":{\"@id\":\"https:\/\/www.csj-emballages.com\/es\/produit\/1000-bandejas-de-aluminio-desechables-para-comida-227-x-177-x-30-mm\/#breadcrumb\"},\"inLanguage\":\"es\",\"potentialAction\":[{\"@type\":\"ReadAction\",\"target\":[\"https:\/\/www.csj-emballages.com\/es\/produit\/1000-bandejas-de-aluminio-desechables-para-comida-227-x-177-x-30-mm\/\"]}]},{\"@type\":\"ImageObject\",\"inLanguage\":\"es\",\"@id\":\"https:\/\/www.csj-emballages.com\/es\/produit\/1000-bandejas-de-aluminio-desechables-para-comida-227-x-177-x-30-mm\/#primaryimage\",\"url\":\"https:\/\/www.csj-emballages.com\/wp-content\/uploads\/2024\/03\/PC-1.webp\",\"contentUrl\":\"https:\/\/www.csj-emballages.com\/wp-content\/uploads\/2024\/03\/PC-1.webp\",\"width\":800,\"height\":800,\"caption\":\"Plat aluminium\"},{\"@type\":\"BreadcrumbList\",\"@id\":\"https:\/\/www.csj-emballages.com\/es\/produit\/1000-bandejas-de-aluminio-desechables-para-comida-227-x-177-x-30-mm\/#breadcrumb\",\"itemListElement\":[{\"@type\":\"ListItem\",\"position\":1,\"name\":\"Accueil\",\"item\":\"https:\/\/www.csj-emballages.com\/es\/universo-del-envasado-alimentario\/\"},{\"@type\":\"ListItem\",\"position\":2,\"name\":\"Tienda\",\"item\":\"https:\/\/www.csj-emballages.com\/tienda\/\"},{\"@type\":\"ListItem\",\"position\":3,\"name\":\"Plato llano de aluminio 227 x 177 x 30 mm, paquete de 100\"}]},{\"@type\":\"WebSite\",\"@id\":\"https:\/\/www.csj-emballages.com\/es\/#website\",\"url\":\"https:\/\/www.csj-emballages.com\/es\/\",\"name\":\"CSJ Emballages\",\"description\":\"\",\"publisher\":{\"@id\":\"https:\/\/www.csj-emballages.com\/es\/#organization\"},\"potentialAction\":[{\"@type\":\"SearchAction\",\"target\":{\"@type\":\"EntryPoint\",\"urlTemplate\":\"https:\/\/www.csj-emballages.com\/es\/?s={search_term_string}\"},\"query-input\":{\"@type\":\"PropertyValueSpecification\",\"valueRequired\":true,\"valueName\":\"search_term_string\"}}],\"inLanguage\":\"es\"},{\"@type\":\"Organization\",\"@id\":\"https:\/\/www.csj-emballages.com\/es\/#Organization\/\",\"name\":\"CSJ Emballages\",\"url\":\"https:\/\/www.csj-emballages.com\/es\/\",\"logo\":{\"@type\":\"ImageObject\",\"inLanguage\":\"es\",\"@id\":\"https:\/\/www.csj-emballages.com\/es\/#\/schema\/logo\/image\/\",\"url\":\"https:\/\/www.csj-emballages.com\/wp-content\/uploads\/2023\/10\/logo_csj.webp\",\"contentUrl\":\"https:\/\/www.csj-emballages.com\/wp-content\/uploads\/2023\/10\/logo_csj.webp\",\"width\":250,\"height\":95,\"caption\":\"CSJ Emballages\"},\"image\":{\"@id\":\"https:\/\/www.csj-emballages.com\/es\/#\/schema\/logo\/image\/\"},\"sameAs\":[\"https:\/\/www.facebook.com\/csjemballages\"],\"address\":{\"@type\":\"PostalAddress\",\"streetAddress\":\"ZI La Lechere\",\"addressLocality\":\"Patornay\",\"postalCode\":\"39130\",\"addressCountry\":\"FR\"},\"contactPoint\":[{\"@type\":\"ContactPoint\",\"contactType\":\"Service client\",\"telephone\":\"0384254272\",\"email\":\"contact@csj-emballages.com\"}]}]}<\/script>\n<!-- \/ Yoast SEO Premium plugin. -->","yoast_head_json":{"title":"Plato de aluminio 930 ml por 100","description":"Plato de aluminio de 930 ml por 100, ideal para cocinar, almacenar y transportar platos. Resistente al calor y compatible con tapas.","robots":{"index":"index","follow":"follow","max-snippet":"max-snippet:-1","max-image-preview":"max-image-preview:large","max-video-preview":"max-video-preview:-1"},"canonical":"https:\/\/www.csj-emballages.com\/es\/produit\/1000-bandejas-de-aluminio-desechables-para-comida-227-x-177-x-30-mm\/","og_locale":"es_ES","og_type":"article","og_title":"Plato llano de aluminio 227 x 177 x 30 mm, paquete de 100","og_description":"Plato de aluminio de 930 ml por 100, ideal para cocinar, almacenar y transportar platos. Resistente al calor y compatible con tapas.","og_url":"https:\/\/www.csj-emballages.com\/es\/produit\/1000-bandejas-de-aluminio-desechables-para-comida-227-x-177-x-30-mm\/","og_site_name":"CSJ Emballages","article_publisher":"https:\/\/www.facebook.com\/csjemballages","article_modified_time":"2026-04-17T00:14:46+00:00","og_image":[{"width":800,"height":800,"url":"https:\/\/www.csj-emballages.com\/wp-content\/uploads\/2024\/03\/PC-1.webp","type":"image\/webp"}],"twitter_card":"summary_large_image","twitter_misc":{"Tiempo de lectura":"1 minuto"},"schema":{"@context":"https:\/\/schema.org","@graph":[{"@type":"WebPage","@id":"https:\/\/www.csj-emballages.com\/es\/produit\/1000-bandejas-de-aluminio-desechables-para-comida-227-x-177-x-30-mm\/","url":"https:\/\/www.csj-emballages.com\/es\/produit\/1000-bandejas-de-aluminio-desechables-para-comida-227-x-177-x-30-mm\/","name":"Plato de aluminio 930 ml por 100","isPartOf":{"@id":"https:\/\/www.csj-emballages.com\/es\/#website"},"primaryImageOfPage":{"@id":"https:\/\/www.csj-emballages.com\/es\/produit\/1000-bandejas-de-aluminio-desechables-para-comida-227-x-177-x-30-mm\/#primaryimage"},"image":{"@id":"https:\/\/www.csj-emballages.com\/es\/produit\/1000-bandejas-de-aluminio-desechables-para-comida-227-x-177-x-30-mm\/#primaryimage"},"thumbnailUrl":"https:\/\/www.csj-emballages.com\/wp-content\/uploads\/2024\/03\/PC-1.webp","datePublished":"2024-03-01T15:51:30+00:00","dateModified":"2026-04-17T00:14:46+00:00","description":"Plato de aluminio de 930 ml por 100, ideal para cocinar, almacenar y transportar platos. Resistente al calor y compatible con tapas.","breadcrumb":{"@id":"https:\/\/www.csj-emballages.com\/es\/produit\/1000-bandejas-de-aluminio-desechables-para-comida-227-x-177-x-30-mm\/#breadcrumb"},"inLanguage":"es","potentialAction":[{"@type":"ReadAction","target":["https:\/\/www.csj-emballages.com\/es\/produit\/1000-bandejas-de-aluminio-desechables-para-comida-227-x-177-x-30-mm\/"]}]},{"@type":"ImageObject","inLanguage":"es","@id":"https:\/\/www.csj-emballages.com\/es\/produit\/1000-bandejas-de-aluminio-desechables-para-comida-227-x-177-x-30-mm\/#primaryimage","url":"https:\/\/www.csj-emballages.com\/wp-content\/uploads\/2024\/03\/PC-1.webp","contentUrl":"https:\/\/www.csj-emballages.com\/wp-content\/uploads\/2024\/03\/PC-1.webp","width":800,"height":800,"caption":"Plat aluminium"},{"@type":"BreadcrumbList","@id":"https:\/\/www.csj-emballages.com\/es\/produit\/1000-bandejas-de-aluminio-desechables-para-comida-227-x-177-x-30-mm\/#breadcrumb","itemListElement":[{"@type":"ListItem","position":1,"name":"Accueil","item":"https:\/\/www.csj-emballages.com\/es\/universo-del-envasado-alimentario\/"},{"@type":"ListItem","position":2,"name":"Tienda","item":"https:\/\/www.csj-emballages.com\/tienda\/"},{"@type":"ListItem","position":3,"name":"Plato llano de aluminio 227 x 177 x 30 mm, paquete de 100"}]},{"@type":"WebSite","@id":"https:\/\/www.csj-emballages.com\/es\/#website","url":"https:\/\/www.csj-emballages.com\/es\/","name":"CSJ Emballages","description":"","publisher":{"@id":"https:\/\/www.csj-emballages.com\/es\/#organization"},"potentialAction":[{"@type":"SearchAction","target":{"@type":"EntryPoint","urlTemplate":"https:\/\/www.csj-emballages.com\/es\/?s={search_term_string}"},"query-input":{"@type":"PropertyValueSpecification","valueRequired":true,"valueName":"search_term_string"}}],"inLanguage":"es"},{"@type":"Organization","@id":"https:\/\/www.csj-emballages.com\/es\/#Organization\/","name":"CSJ Emballages","url":"https:\/\/www.csj-emballages.com\/es\/","logo":{"@type":"ImageObject","inLanguage":"es","@id":"https:\/\/www.csj-emballages.com\/es\/#\/schema\/logo\/image\/","url":"https:\/\/www.csj-emballages.com\/wp-content\/uploads\/2023\/10\/logo_csj.webp","contentUrl":"https:\/\/www.csj-emballages.com\/wp-content\/uploads\/2023\/10\/logo_csj.webp","width":250,"height":95,"caption":"CSJ Emballages"},"image":{"@id":"https:\/\/www.csj-emballages.com\/es\/#\/schema\/logo\/image\/"},"sameAs":["https:\/\/www.facebook.com\/csjemballages"],"address":{"@type":"PostalAddress","streetAddress":"ZI La Lechere","addressLocality":"Patornay","postalCode":"39130","addressCountry":"FR"},"contactPoint":[{"@type":"ContactPoint","contactType":"Service client","telephone":"0384254272","email":"contact@csj-emballages.com"}]}]}},"df_price":22.21,"df_sale_price":"","df_regular_price":22.21,"df_image_link":"https:\/\/www.csj-emballages.com\/wp-content\/uploads\/2024\/03\/PC-1-300x300.webp","tiered_pricing_type":"fixed","tiered_pricing_fixed_rules":[],"tiered_pricing_percentage_rules":[],"tiered_pricing_minimum":1,"tiered_pricing_roles_data":[],"_links":{"self":[{"href":"https:\/\/www.csj-emballages.com\/es\/wp-json\/wp\/v2\/product\/22314","targetHints":{"allow":["GET"]}}],"collection":[{"href":"https:\/\/www.csj-emballages.com\/es\/wp-json\/wp\/v2\/product"}],"about":[{"href":"https:\/\/www.csj-emballages.com\/es\/wp-json\/wp\/v2\/types\/product"}],"wp:featuredmedia":[{"embeddable":true,"href":"https:\/\/www.csj-emballages.com\/es\/wp-json\/wp\/v2\/media\/230787"}],"wp:attachment":[{"href":"https:\/\/www.csj-emballages.com\/es\/wp-json\/wp\/v2\/media?parent=22314"}],"wp:term":[{"taxonomy":"product_brand","embeddable":true,"href":"https:\/\/www.csj-emballages.com\/es\/wp-json\/wp\/v2\/product_brand?post=22314"},{"taxonomy":"product_cat","embeddable":true,"href":"https:\/\/www.csj-emballages.com\/es\/wp-json\/wp\/v2\/product_cat?post=22314"},{"taxonomy":"product_tag","embeddable":true,"href":"https:\/\/www.csj-emballages.com\/es\/wp-json\/wp\/v2\/product_tag?post=22314"}],"curies":[{"name":"wp","href":"https:\/\/api.w.org\/{rel}","templated":true}]}}