{"id":22300,"date":"2024-03-01T16:51:32","date_gmt":"2024-03-01T15:51:32","guid":{"rendered":"https:\/\/u15jnbdpoq.preview.infomaniak.website\/produit\/100-pajitas-rectas-cucharas-200-mm-papel-de-color-o-8-mm\/"},"modified":"2026-05-05T02:17:06","modified_gmt":"2026-05-05T00:17:06","slug":"100-pajitas-rectas-cucharas-200-mm-papel-de-color-o-8-mm","status":"publish","type":"product","link":"https:\/\/www.csj-emballages.com\/es\/produit\/100-pajitas-rectas-cucharas-200-mm-papel-de-color-o-8-mm\/","title":{"rendered":"Cuchara de paja de papel negra \/ blanca recta 200 mm \u00d8 8 mm por 100"},"content":{"rendered":"<h2>Paja<\/h2>\n<hr>\n<h3>Descripci\u00f3n de nuestra Cuchara de paja de papel negro \/ blanco recto 200 mm \u00d8 8 mm por 100<\/h3>\n<p><!--more--><\/p>\n<p>Descubre nuestra incre\u00edble pajita de papel con forma de cuchara de 200 mm x 8 mm, dise\u00f1ada para a\u00f1adir un toque de diversi\u00f3n a cada bebida. Fabricada con papel de colores, es ecol\u00f3gica y biodegradable, perfecta para el medio ambiente. Su di\u00e1metro de 8 mm es ideal para disfrutar de batidos, smoothies, granizados y otras bebidas espesas. Gracias a su ingenioso dise\u00f1o, estas pajitas combinan una cuchara y una pajita en un pr\u00e1ctico producto. Ofrezca a sus invitados una experiencia de degustaci\u00f3n \u00fanica con estas pajitas multifunci\u00f3n. Resistentes y duraderas, no se deshacen ni en las bebidas m\u00e1s espesas. Son perfectas para cafeter\u00edas, restaurantes, bares y, por supuesto, en casa. F\u00e1ciles de usar y desechables, son pr\u00e1cticas para todas las ocasiones.       <\/p>\n<p>&nbsp;<\/p>\n<p><!--more--><\/p>\n<p>Su dise\u00f1o innovador gusta tanto a ni\u00f1os como a adultos.<\/p>\n<p>&nbsp;<\/p>\n<p><!--more--><\/p>\n<p><strong>Sus ventajas:<\/strong><\/p>\n<ul>\n<li><strong>Multifuncionales: Una <\/strong>ingeniosa combinaci\u00f3n de pajita y cuchara, son perfectas para bebidas espesas como batidos y smoothies.<\/li>\n<li>Ideal <strong>para uso profesional y privado<\/strong>: perfecto para cafeter\u00edas, restaurantes, bares y tambi\u00e9n para uso dom\u00e9stico en fiestas o comidas familiares.<\/li>\n<li><strong>Ecol\u00f3gicas y biodegradables<\/strong>: Hechas de papel, son respetuosas con el medio ambiente y contribuyen a reducir los residuos pl\u00e1sticos.<\/li>\n<li><strong>Pr\u00e1cticas y desechables<\/strong>: F\u00e1ciles de usar, ofrecen una soluci\u00f3n pr\u00e1ctica para todas tus bebidas, sin la molestia de limpiarlas.<\/li>\n<\/ul>\n<p>&nbsp;<\/p>\n<p><!--more--><\/p>\n<p><a href=\"\/?product_cat=pailles\">Ver el resto de nuestra gama de pajitas biodegradables<\/a><\/p>\n","protected":false},"excerpt":{"rendered":"<p>Paja Descripci\u00f3n de nuestra Cuchara de paja de papel negro \/ blanco recto 200 mm \u00d8 8 mm por 100<\/p>\n","protected":false},"featured_media":32435,"template":"","meta":{"_acf_changed":false},"product_brand":[],"product_cat":[1150,1179,3036,1163,3033],"product_tag":[],"class_list":{"0":"post-22300","1":"product","2":"type-product","3":"status-publish","4":"has-post-thumbnail","6":"product_cat-envasado-de-alimentos","7":"product_cat-catering-es","8":"product_cat-pajitas","9":"product_cat-gama-ecologica","10":"product_cat-pajitas-ecologicas","12":"first","13":"instock","14":"taxable","15":"shipping-taxable","16":"purchasable","17":"product-type-simple"},"acf":[],"yoast_head":"<!-- This site is optimized with the Yoast SEO Premium plugin v26.6 (Yoast SEO v26.6) - https:\/\/yoast.com\/wordpress\/plugins\/seo\/ -->\n<title>Cucharas de paja de papel de colores - 200 mm x 8 mm<\/title>\n<meta name=\"description\" content=\"Descubra nuestra Cuchara recta de pajita de papel 200 mm x 8 mm: ecol\u00f3gica, multifuncional, resistente y perfecta para todas sus bebidas.\" \/>\n<meta name=\"robots\" content=\"index, follow, max-snippet:-1, max-image-preview:large, max-video-preview:-1\" \/>\n<link rel=\"canonical\" href=\"https:\/\/www.csj-emballages.com\/es\/produit\/100-pajitas-rectas-cucharas-200-mm-papel-de-color-o-8-mm\/\" \/>\n<meta property=\"og:locale\" content=\"es_ES\" \/>\n<meta property=\"og:type\" content=\"article\" \/>\n<meta property=\"og:title\" content=\"Cucharas de paja de papel de colores - 200 mm x 8 mm\" \/>\n<meta property=\"og:description\" content=\"Descubra nuestra Cuchara recta de pajita de papel 200 mm x 8 mm: ecol\u00f3gica, multifuncional, resistente y perfecta para todas sus bebidas.\" \/>\n<meta property=\"og:url\" content=\"https:\/\/www.csj-emballages.com\/es\/produit\/100-pajitas-rectas-cucharas-200-mm-papel-de-color-o-8-mm\/\" \/>\n<meta property=\"og:site_name\" content=\"CSJ Emballages\" \/>\n<meta property=\"article:publisher\" content=\"https:\/\/www.facebook.com\/csjemballages\" \/>\n<meta property=\"article:modified_time\" content=\"2026-05-05T00:17:06+00:00\" \/>\n<meta property=\"og:image\" content=\"https:\/\/www.csj-emballages.com\/wp-content\/uploads\/2024\/03\/001010794-1-scaled-e1721638323186.webp\" \/>\n\t<meta property=\"og:image:width\" content=\"2560\" \/>\n\t<meta property=\"og:image:height\" content=\"1707\" \/>\n\t<meta property=\"og:image:type\" content=\"image\/jpeg\" \/>\n<meta name=\"twitter:card\" content=\"summary_large_image\" \/>\n<meta name=\"twitter:title\" content=\"Cucharas de paja de papel de colores - 200 mm x 8 mm\" \/>\n<meta name=\"twitter:description\" content=\"Descubra nuestras pajitas de papel Straight Spoon de 200 mm x 8 mm: ecol\u00f3gicas, multifuncionales, resistentes y perfectas para todas sus bebidas.\" \/>\n<meta name=\"twitter:label1\" content=\"Tiempo de lectura\" \/>\n\t<meta name=\"twitter:data1\" content=\"1 minuto\" \/>\n<script type=\"application\/ld+json\" class=\"yoast-schema-graph\">{\"@context\":\"https:\/\/schema.org\",\"@graph\":[{\"@type\":\"WebPage\",\"@id\":\"https:\/\/www.csj-emballages.com\/es\/produit\/100-pajitas-rectas-cucharas-200-mm-papel-de-color-o-8-mm\/\",\"url\":\"https:\/\/www.csj-emballages.com\/es\/produit\/100-pajitas-rectas-cucharas-200-mm-papel-de-color-o-8-mm\/\",\"name\":\"Cucharas de paja de papel de colores - 200 mm x 8 mm\",\"isPartOf\":{\"@id\":\"https:\/\/www.csj-emballages.com\/es\/#website\"},\"primaryImageOfPage\":{\"@id\":\"https:\/\/www.csj-emballages.com\/es\/produit\/100-pajitas-rectas-cucharas-200-mm-papel-de-color-o-8-mm\/#primaryimage\"},\"image\":{\"@id\":\"https:\/\/www.csj-emballages.com\/es\/produit\/100-pajitas-rectas-cucharas-200-mm-papel-de-color-o-8-mm\/#primaryimage\"},\"thumbnailUrl\":\"https:\/\/www.csj-emballages.com\/wp-content\/uploads\/2024\/03\/001010794-1-scaled-e1721638323186.webp\",\"datePublished\":\"2024-03-01T15:51:32+00:00\",\"dateModified\":\"2026-05-05T00:17:06+00:00\",\"description\":\"Descubra nuestra Cuchara recta de pajita de papel 200 mm x 8 mm: ecol\u00f3gica, multifuncional, resistente y perfecta para todas sus bebidas.\",\"breadcrumb\":{\"@id\":\"https:\/\/www.csj-emballages.com\/es\/produit\/100-pajitas-rectas-cucharas-200-mm-papel-de-color-o-8-mm\/#breadcrumb\"},\"inLanguage\":\"es\",\"potentialAction\":[{\"@type\":\"ReadAction\",\"target\":[\"https:\/\/www.csj-emballages.com\/es\/produit\/100-pajitas-rectas-cucharas-200-mm-papel-de-color-o-8-mm\/\"]}]},{\"@type\":\"ImageObject\",\"inLanguage\":\"es\",\"@id\":\"https:\/\/www.csj-emballages.com\/es\/produit\/100-pajitas-rectas-cucharas-200-mm-papel-de-color-o-8-mm\/#primaryimage\",\"url\":\"https:\/\/www.csj-emballages.com\/wp-content\/uploads\/2024\/03\/001010794-1-scaled-e1721638323186.webp\",\"contentUrl\":\"https:\/\/www.csj-emballages.com\/wp-content\/uploads\/2024\/03\/001010794-1-scaled-e1721638323186.webp\",\"width\":2560,\"height\":1707,\"caption\":\"Pailles droites cuill\u00e8res 200mm\"},{\"@type\":\"BreadcrumbList\",\"@id\":\"https:\/\/www.csj-emballages.com\/es\/produit\/100-pajitas-rectas-cucharas-200-mm-papel-de-color-o-8-mm\/#breadcrumb\",\"itemListElement\":[{\"@type\":\"ListItem\",\"position\":1,\"name\":\"Accueil\",\"item\":\"https:\/\/www.csj-emballages.com\/es\/universo-del-envasado-alimentario\/\"},{\"@type\":\"ListItem\",\"position\":2,\"name\":\"Tienda\",\"item\":\"https:\/\/www.csj-emballages.com\/tienda\/\"},{\"@type\":\"ListItem\",\"position\":3,\"name\":\"Cuchara de paja de papel negra \/ blanca recta 200 mm \u00d8 8 mm por 100\"}]},{\"@type\":\"WebSite\",\"@id\":\"https:\/\/www.csj-emballages.com\/es\/#website\",\"url\":\"https:\/\/www.csj-emballages.com\/es\/\",\"name\":\"CSJ Emballages\",\"description\":\"\",\"publisher\":{\"@id\":\"https:\/\/www.csj-emballages.com\/es\/#organization\"},\"potentialAction\":[{\"@type\":\"SearchAction\",\"target\":{\"@type\":\"EntryPoint\",\"urlTemplate\":\"https:\/\/www.csj-emballages.com\/es\/?s={search_term_string}\"},\"query-input\":{\"@type\":\"PropertyValueSpecification\",\"valueRequired\":true,\"valueName\":\"search_term_string\"}}],\"inLanguage\":\"es\"},{\"@type\":\"Organization\",\"@id\":\"https:\/\/www.csj-emballages.com\/es\/#Organization\/\",\"name\":\"CSJ Emballages\",\"url\":\"https:\/\/www.csj-emballages.com\/es\/\",\"logo\":{\"@type\":\"ImageObject\",\"inLanguage\":\"es\",\"@id\":\"https:\/\/www.csj-emballages.com\/es\/#\/schema\/logo\/image\/\",\"url\":\"https:\/\/www.csj-emballages.com\/wp-content\/uploads\/2023\/10\/logo_csj.webp\",\"contentUrl\":\"https:\/\/www.csj-emballages.com\/wp-content\/uploads\/2023\/10\/logo_csj.webp\",\"width\":250,\"height\":95,\"caption\":\"CSJ Emballages\"},\"image\":{\"@id\":\"https:\/\/www.csj-emballages.com\/es\/#\/schema\/logo\/image\/\"},\"sameAs\":[\"https:\/\/www.facebook.com\/csjemballages\"],\"address\":{\"@type\":\"PostalAddress\",\"streetAddress\":\"ZI La Lechere\",\"addressLocality\":\"Patornay\",\"postalCode\":\"39130\",\"addressCountry\":\"FR\"},\"contactPoint\":[{\"@type\":\"ContactPoint\",\"contactType\":\"Service client\",\"telephone\":\"0384254272\",\"email\":\"contact@csj-emballages.com\"}]}]}<\/script>\n<!-- \/ Yoast SEO Premium plugin. -->","yoast_head_json":{"title":"Cucharas de paja de papel de colores - 200 mm x 8 mm","description":"Descubra nuestra Cuchara recta de pajita de papel 200 mm x 8 mm: ecol\u00f3gica, multifuncional, resistente y perfecta para todas sus bebidas.","robots":{"index":"index","follow":"follow","max-snippet":"max-snippet:-1","max-image-preview":"max-image-preview:large","max-video-preview":"max-video-preview:-1"},"canonical":"https:\/\/www.csj-emballages.com\/es\/produit\/100-pajitas-rectas-cucharas-200-mm-papel-de-color-o-8-mm\/","og_locale":"es_ES","og_type":"article","og_title":"Cucharas de paja de papel de colores - 200 mm x 8 mm","og_description":"Descubra nuestra Cuchara recta de pajita de papel 200 mm x 8 mm: ecol\u00f3gica, multifuncional, resistente y perfecta para todas sus bebidas.","og_url":"https:\/\/www.csj-emballages.com\/es\/produit\/100-pajitas-rectas-cucharas-200-mm-papel-de-color-o-8-mm\/","og_site_name":"CSJ Emballages","article_publisher":"https:\/\/www.facebook.com\/csjemballages","article_modified_time":"2026-05-05T00:17:06+00:00","og_image":[{"width":2560,"height":1707,"url":"https:\/\/www.csj-emballages.com\/wp-content\/uploads\/2024\/03\/001010794-1-scaled-e1721638323186.webp","type":"image\/jpeg"}],"twitter_card":"summary_large_image","twitter_title":"Cucharas de paja de papel de colores - 200 mm x 8 mm","twitter_description":"Descubra nuestras pajitas de papel Straight Spoon de 200 mm x 8 mm: ecol\u00f3gicas, multifuncionales, resistentes y perfectas para todas sus bebidas.","twitter_misc":{"Tiempo de lectura":"1 minuto"},"schema":{"@context":"https:\/\/schema.org","@graph":[{"@type":"WebPage","@id":"https:\/\/www.csj-emballages.com\/es\/produit\/100-pajitas-rectas-cucharas-200-mm-papel-de-color-o-8-mm\/","url":"https:\/\/www.csj-emballages.com\/es\/produit\/100-pajitas-rectas-cucharas-200-mm-papel-de-color-o-8-mm\/","name":"Cucharas de paja de papel de colores - 200 mm x 8 mm","isPartOf":{"@id":"https:\/\/www.csj-emballages.com\/es\/#website"},"primaryImageOfPage":{"@id":"https:\/\/www.csj-emballages.com\/es\/produit\/100-pajitas-rectas-cucharas-200-mm-papel-de-color-o-8-mm\/#primaryimage"},"image":{"@id":"https:\/\/www.csj-emballages.com\/es\/produit\/100-pajitas-rectas-cucharas-200-mm-papel-de-color-o-8-mm\/#primaryimage"},"thumbnailUrl":"https:\/\/www.csj-emballages.com\/wp-content\/uploads\/2024\/03\/001010794-1-scaled-e1721638323186.webp","datePublished":"2024-03-01T15:51:32+00:00","dateModified":"2026-05-05T00:17:06+00:00","description":"Descubra nuestra Cuchara recta de pajita de papel 200 mm x 8 mm: ecol\u00f3gica, multifuncional, resistente y perfecta para todas sus bebidas.","breadcrumb":{"@id":"https:\/\/www.csj-emballages.com\/es\/produit\/100-pajitas-rectas-cucharas-200-mm-papel-de-color-o-8-mm\/#breadcrumb"},"inLanguage":"es","potentialAction":[{"@type":"ReadAction","target":["https:\/\/www.csj-emballages.com\/es\/produit\/100-pajitas-rectas-cucharas-200-mm-papel-de-color-o-8-mm\/"]}]},{"@type":"ImageObject","inLanguage":"es","@id":"https:\/\/www.csj-emballages.com\/es\/produit\/100-pajitas-rectas-cucharas-200-mm-papel-de-color-o-8-mm\/#primaryimage","url":"https:\/\/www.csj-emballages.com\/wp-content\/uploads\/2024\/03\/001010794-1-scaled-e1721638323186.webp","contentUrl":"https:\/\/www.csj-emballages.com\/wp-content\/uploads\/2024\/03\/001010794-1-scaled-e1721638323186.webp","width":2560,"height":1707,"caption":"Pailles droites cuill\u00e8res 200mm"},{"@type":"BreadcrumbList","@id":"https:\/\/www.csj-emballages.com\/es\/produit\/100-pajitas-rectas-cucharas-200-mm-papel-de-color-o-8-mm\/#breadcrumb","itemListElement":[{"@type":"ListItem","position":1,"name":"Accueil","item":"https:\/\/www.csj-emballages.com\/es\/universo-del-envasado-alimentario\/"},{"@type":"ListItem","position":2,"name":"Tienda","item":"https:\/\/www.csj-emballages.com\/tienda\/"},{"@type":"ListItem","position":3,"name":"Cuchara de paja de papel negra \/ blanca recta 200 mm \u00d8 8 mm por 100"}]},{"@type":"WebSite","@id":"https:\/\/www.csj-emballages.com\/es\/#website","url":"https:\/\/www.csj-emballages.com\/es\/","name":"CSJ Emballages","description":"","publisher":{"@id":"https:\/\/www.csj-emballages.com\/es\/#organization"},"potentialAction":[{"@type":"SearchAction","target":{"@type":"EntryPoint","urlTemplate":"https:\/\/www.csj-emballages.com\/es\/?s={search_term_string}"},"query-input":{"@type":"PropertyValueSpecification","valueRequired":true,"valueName":"search_term_string"}}],"inLanguage":"es"},{"@type":"Organization","@id":"https:\/\/www.csj-emballages.com\/es\/#Organization\/","name":"CSJ Emballages","url":"https:\/\/www.csj-emballages.com\/es\/","logo":{"@type":"ImageObject","inLanguage":"es","@id":"https:\/\/www.csj-emballages.com\/es\/#\/schema\/logo\/image\/","url":"https:\/\/www.csj-emballages.com\/wp-content\/uploads\/2023\/10\/logo_csj.webp","contentUrl":"https:\/\/www.csj-emballages.com\/wp-content\/uploads\/2023\/10\/logo_csj.webp","width":250,"height":95,"caption":"CSJ Emballages"},"image":{"@id":"https:\/\/www.csj-emballages.com\/es\/#\/schema\/logo\/image\/"},"sameAs":["https:\/\/www.facebook.com\/csjemballages"],"address":{"@type":"PostalAddress","streetAddress":"ZI La Lechere","addressLocality":"Patornay","postalCode":"39130","addressCountry":"FR"},"contactPoint":[{"@type":"ContactPoint","contactType":"Service client","telephone":"0384254272","email":"contact@csj-emballages.com"}]}]}},"df_price":2.02,"df_sale_price":"","df_regular_price":2.02,"df_image_link":"https:\/\/www.csj-emballages.com\/wp-content\/uploads\/2024\/03\/001010794-1-300x200.webp","tiered_pricing_type":"fixed","tiered_pricing_fixed_rules":[],"tiered_pricing_percentage_rules":[],"tiered_pricing_minimum":1,"tiered_pricing_roles_data":[],"_links":{"self":[{"href":"https:\/\/www.csj-emballages.com\/es\/wp-json\/wp\/v2\/product\/22300","targetHints":{"allow":["GET"]}}],"collection":[{"href":"https:\/\/www.csj-emballages.com\/es\/wp-json\/wp\/v2\/product"}],"about":[{"href":"https:\/\/www.csj-emballages.com\/es\/wp-json\/wp\/v2\/types\/product"}],"wp:featuredmedia":[{"embeddable":true,"href":"https:\/\/www.csj-emballages.com\/es\/wp-json\/wp\/v2\/media\/32435"}],"wp:attachment":[{"href":"https:\/\/www.csj-emballages.com\/es\/wp-json\/wp\/v2\/media?parent=22300"}],"wp:term":[{"taxonomy":"product_brand","embeddable":true,"href":"https:\/\/www.csj-emballages.com\/es\/wp-json\/wp\/v2\/product_brand?post=22300"},{"taxonomy":"product_cat","embeddable":true,"href":"https:\/\/www.csj-emballages.com\/es\/wp-json\/wp\/v2\/product_cat?post=22300"},{"taxonomy":"product_tag","embeddable":true,"href":"https:\/\/www.csj-emballages.com\/es\/wp-json\/wp\/v2\/product_tag?post=22300"}],"curies":[{"name":"wp","href":"https:\/\/api.w.org\/{rel}","templated":true}]}}