{"id":22298,"date":"2024-03-01T16:51:31","date_gmt":"2024-03-01T15:51:31","guid":{"rendered":"https:\/\/u15jnbdpoq.preview.infomaniak.website\/produit\/periodico-blanco-40-x-60-cm-en-10-kg\/"},"modified":"2026-04-17T10:21:54","modified_gmt":"2026-04-17T08:21:54","slug":"periodico-blanco-40-x-60-cm-en-10-kg","status":"publish","type":"product","link":"https:\/\/www.csj-emballages.com\/es\/produit\/periodico-blanco-40-x-60-cm-en-10-kg\/","title":{"rendered":"Papel blanco de peri\u00f3dico de 40 x 60 cm en resma de 10 kg"},"content":{"rendered":"<h2>Papel blanco<\/h2>\n<hr>\n<h3>Descubra nuestro papel blanco de peri\u00f3dico de 40 x 60 cm en resma de 10 kg<\/h3>\n<p><!--more--><\/p>\n<p data-start=\"201\" data-end=\"526\">Este <strong data-start=\"204\" data-end=\"254\">papel blanco tipo peri\u00f3dico en formato de 40 x 60 cm<\/strong> es una soluci\u00f3n sencilla y eficaz para proteger, calzar y embalar sus productos con total tranquilidad. Ligero pero resistente, se adapta f\u00e1cilmente a todas las formas y a todos los vol\u00famenes, lo que lo convierte en un aliado valioso para la preparaci\u00f3n de paquetes y el almacenamiento. <\/p>\n<p data-start=\"528\" data-end=\"899\">Gracias a su flexibilidad, este papel se arruga r\u00e1pidamente y permite <strong data-start=\"595\" data-end=\"627\">rellenar los espacios vac\u00edos<\/strong> en las cajas. Absorbe los golpes ligeros, limita la fricci\u00f3n y ayuda a mantener los productos en su lugar durante el transporte. Es una alternativa pr\u00e1ctica a las soluciones de calce m\u00e1s voluminosas, especialmente cuando busca ahorrar tiempo y espacio.  <\/p>\n<p data-start=\"901\" data-end=\"1215\">Su color <strong data-start=\"912\" data-end=\"923\">blanco<\/strong> aporta un aspecto limpio y neutro, apreciado tanto en log\u00edstica como en tiendas o talleres. Es perfecto para embalar objetos fr\u00e1giles, proteger superficies o separar productos entre s\u00ed. F\u00e1cil de manipular, permite un embalaje r\u00e1pido sin material espec\u00edfico.  <\/p>\n<p data-start=\"1217\" data-end=\"1556\">Propuesto en <strong data-start=\"1228\" data-end=\"1245\">resma de 10 kg<\/strong>, este papel de peri\u00f3dico ofrece una gran autonom\u00eda, ideal para los profesionales que env\u00edan regularmente. Se integra naturalmente en las actividades de comercio electr\u00f3nico, mudanzas, artesan\u00eda o almacenamiento industrial. Siempre tendr\u00e1 la cantidad adecuada a mano para garantizar una protecci\u00f3n eficaz.  <\/p>\n<p data-start=\"1558\" data-end=\"1758\">En resumen, este papel blanco tipo peri\u00f3dico es una soluci\u00f3n vers\u00e1til, econ\u00f3mica y pr\u00e1ctica para asegurar sus productos y mejorar la calidad de sus env\u00edos, sin complicar su organizaci\u00f3n.<\/p>\n<p data-start=\"1558\" data-end=\"1758\">\n<p data-start=\"1558\" data-end=\"1758\"><!--more--><\/p>\n<h4 data-start=\"1558\" data-end=\"1758\">Ventajas :<\/h4>\n<ul>\n<li data-start=\"1786\" data-end=\"1815\">Formato pr\u00e1ctico de <strong>40 x 60 cm<\/strong>.<\/li>\n<li data-start=\"1818\" data-end=\"1859\">Ideal para rellenar y calzar.<\/li>\n<li data-start=\"1862\" data-end=\"1904\">Protege contra golpes y fricciones.<\/li>\n<li data-start=\"1907\" data-end=\"1944\"><strong>Papel flexible<\/strong> y f\u00e1cil de usar.<\/li>\n<li data-start=\"1947\" data-end=\"1972\">Acabado limpio y neutro.<\/li>\n<li data-start=\"1975\" data-end=\"2000\">Resma econ\u00f3mica de <strong>10 kg<\/strong>.<\/li>\n<\/ul>\n<p>&nbsp;<\/p>\n<p><!--more--><\/p>\n<h4>Informaci\u00f3n adicional :<\/h4>\n<ul>\n<li><strong>Embalaje<\/strong>: Resma de 10 kg<\/li>\n<li><strong>Dimensiones<\/strong>: 40 x 60 cm<\/li>\n<li><strong>Gramaje<\/strong>: 65 g\/m\u00b2<\/li>\n<li><strong>Color<\/strong>: blanco<\/li>\n<li><strong>Material<\/strong>: Papel<\/li>\n<\/ul>\n<p>&nbsp;<\/p>\n<p><!--more--><\/p>\n<p>Encuentre aqu\u00ed nuestro papel de relleno interkraft: <span style=\"color: #d12727;\"><a style=\"color: #d12727;\" href=\"https:\/\/www.csj-emballages.com\/es\/produit\/papel-de-embalaje-interkraft-1m-x-400ml\/\">PB1X400<\/a><\/span><\/p>\n<p>&nbsp;<\/p>\n<p><!--more--><\/p>\n<p><a href=\"https:\/\/www.csj-emballages.com\/es\/categorie-produit\/envases-industriales\/atasco-de-papel\/\">Consulte el resto de nuestra gama de relleno de papel<\/a><\/p>\n","protected":false},"excerpt":{"rendered":"<p>Papel blanco Descubra nuestro papel blanco de peri\u00f3dico de 40 x 60 cm en resma de 10 kg<\/p>\n","protected":false},"featured_media":263343,"template":"","meta":{"_acf_changed":false},"product_brand":[],"product_cat":[1150,2682,3042],"product_tag":[],"class_list":{"0":"post-22298","1":"product","2":"type-product","3":"status-publish","4":"has-post-thumbnail","6":"product_cat-envasado-de-alimentos","7":"product_cat-carton","8":"product_cat-atasco-de-papel","10":"first","11":"instock","12":"taxable","13":"shipping-taxable","14":"purchasable","15":"product-type-simple"},"acf":[],"yoast_head":"<!-- This site is optimized with the Yoast SEO Premium plugin v26.6 (Yoast SEO v26.6) - https:\/\/yoast.com\/wordpress\/plugins\/seo\/ -->\n<title>Papel Blanco de Peri\u00f3dico de 40 x 60 cm en Resma de 10 kg<\/title>\n<meta name=\"description\" content=\"Papel blanco tipo peri\u00f3dico de 40 x 60 cm en resma de 10 kg. Ideal para rellenar, calzar y proteger los productos durante los env\u00edos.\" \/>\n<meta name=\"robots\" content=\"index, follow, max-snippet:-1, max-image-preview:large, max-video-preview:-1\" \/>\n<link rel=\"canonical\" href=\"https:\/\/www.csj-emballages.com\/es\/produit\/periodico-blanco-40-x-60-cm-en-10-kg\/\" \/>\n<meta property=\"og:locale\" content=\"es_ES\" \/>\n<meta property=\"og:type\" content=\"article\" \/>\n<meta property=\"og:title\" content=\"Papel blanco de peri\u00f3dico de 40 x 60 cm en resma de 10 kg\" \/>\n<meta property=\"og:description\" content=\"Papel blanco tipo peri\u00f3dico de 40 x 60 cm en resma de 10 kg. Ideal para rellenar, calzar y proteger los productos durante los env\u00edos.\" \/>\n<meta property=\"og:url\" content=\"https:\/\/www.csj-emballages.com\/es\/produit\/periodico-blanco-40-x-60-cm-en-10-kg\/\" \/>\n<meta property=\"og:site_name\" content=\"CSJ Emballages\" \/>\n<meta property=\"article:publisher\" content=\"https:\/\/www.facebook.com\/csjemballages\" \/>\n<meta property=\"article:modified_time\" content=\"2026-04-17T08:21:54+00:00\" \/>\n<meta property=\"og:image\" content=\"https:\/\/www.csj-emballages.com\/wp-content\/uploads\/2024\/03\/PAPJOUR.webp\" \/>\n\t<meta property=\"og:image:width\" content=\"800\" \/>\n\t<meta property=\"og:image:height\" content=\"800\" \/>\n\t<meta property=\"og:image:type\" content=\"image\/webp\" \/>\n<meta name=\"twitter:card\" content=\"summary_large_image\" \/>\n<meta name=\"twitter:label1\" content=\"Tiempo de lectura\" \/>\n\t<meta name=\"twitter:data1\" content=\"2 minutos\" \/>\n<script type=\"application\/ld+json\" class=\"yoast-schema-graph\">{\"@context\":\"https:\/\/schema.org\",\"@graph\":[{\"@type\":\"WebPage\",\"@id\":\"https:\/\/www.csj-emballages.com\/es\/produit\/periodico-blanco-40-x-60-cm-en-10-kg\/\",\"url\":\"https:\/\/www.csj-emballages.com\/es\/produit\/periodico-blanco-40-x-60-cm-en-10-kg\/\",\"name\":\"Papel Blanco de Peri\u00f3dico de 40 x 60 cm en Resma de 10 kg\",\"isPartOf\":{\"@id\":\"https:\/\/www.csj-emballages.com\/es\/#website\"},\"primaryImageOfPage\":{\"@id\":\"https:\/\/www.csj-emballages.com\/es\/produit\/periodico-blanco-40-x-60-cm-en-10-kg\/#primaryimage\"},\"image\":{\"@id\":\"https:\/\/www.csj-emballages.com\/es\/produit\/periodico-blanco-40-x-60-cm-en-10-kg\/#primaryimage\"},\"thumbnailUrl\":\"https:\/\/www.csj-emballages.com\/wp-content\/uploads\/2024\/03\/PAPJOUR.webp\",\"datePublished\":\"2024-03-01T15:51:31+00:00\",\"dateModified\":\"2026-04-17T08:21:54+00:00\",\"description\":\"Papel blanco tipo peri\u00f3dico de 40 x 60 cm en resma de 10 kg. Ideal para rellenar, calzar y proteger los productos durante los env\u00edos.\",\"breadcrumb\":{\"@id\":\"https:\/\/www.csj-emballages.com\/es\/produit\/periodico-blanco-40-x-60-cm-en-10-kg\/#breadcrumb\"},\"inLanguage\":\"es\",\"potentialAction\":[{\"@type\":\"ReadAction\",\"target\":[\"https:\/\/www.csj-emballages.com\/es\/produit\/periodico-blanco-40-x-60-cm-en-10-kg\/\"]}]},{\"@type\":\"ImageObject\",\"inLanguage\":\"es\",\"@id\":\"https:\/\/www.csj-emballages.com\/es\/produit\/periodico-blanco-40-x-60-cm-en-10-kg\/#primaryimage\",\"url\":\"https:\/\/www.csj-emballages.com\/wp-content\/uploads\/2024\/03\/PAPJOUR.webp\",\"contentUrl\":\"https:\/\/www.csj-emballages.com\/wp-content\/uploads\/2024\/03\/PAPJOUR.webp\",\"width\":800,\"height\":800,\"caption\":\"Papier blanc\"},{\"@type\":\"BreadcrumbList\",\"@id\":\"https:\/\/www.csj-emballages.com\/es\/produit\/periodico-blanco-40-x-60-cm-en-10-kg\/#breadcrumb\",\"itemListElement\":[{\"@type\":\"ListItem\",\"position\":1,\"name\":\"Accueil\",\"item\":\"https:\/\/www.csj-emballages.com\/es\/universo-del-envasado-alimentario\/\"},{\"@type\":\"ListItem\",\"position\":2,\"name\":\"Tienda\",\"item\":\"https:\/\/www.csj-emballages.com\/tienda\/\"},{\"@type\":\"ListItem\",\"position\":3,\"name\":\"Papel blanco de peri\u00f3dico de 40 x 60 cm en resma de 10 kg\"}]},{\"@type\":\"WebSite\",\"@id\":\"https:\/\/www.csj-emballages.com\/es\/#website\",\"url\":\"https:\/\/www.csj-emballages.com\/es\/\",\"name\":\"CSJ Emballages\",\"description\":\"\",\"publisher\":{\"@id\":\"https:\/\/www.csj-emballages.com\/es\/#organization\"},\"potentialAction\":[{\"@type\":\"SearchAction\",\"target\":{\"@type\":\"EntryPoint\",\"urlTemplate\":\"https:\/\/www.csj-emballages.com\/es\/?s={search_term_string}\"},\"query-input\":{\"@type\":\"PropertyValueSpecification\",\"valueRequired\":true,\"valueName\":\"search_term_string\"}}],\"inLanguage\":\"es\"},{\"@type\":\"Organization\",\"@id\":\"https:\/\/www.csj-emballages.com\/es\/#Organization\/\",\"name\":\"CSJ Emballages\",\"url\":\"https:\/\/www.csj-emballages.com\/es\/\",\"logo\":{\"@type\":\"ImageObject\",\"inLanguage\":\"es\",\"@id\":\"https:\/\/www.csj-emballages.com\/es\/#\/schema\/logo\/image\/\",\"url\":\"https:\/\/www.csj-emballages.com\/wp-content\/uploads\/2023\/10\/logo_csj.webp\",\"contentUrl\":\"https:\/\/www.csj-emballages.com\/wp-content\/uploads\/2023\/10\/logo_csj.webp\",\"width\":250,\"height\":95,\"caption\":\"CSJ Emballages\"},\"image\":{\"@id\":\"https:\/\/www.csj-emballages.com\/es\/#\/schema\/logo\/image\/\"},\"sameAs\":[\"https:\/\/www.facebook.com\/csjemballages\"],\"address\":{\"@type\":\"PostalAddress\",\"streetAddress\":\"ZI La Lechere\",\"addressLocality\":\"Patornay\",\"postalCode\":\"39130\",\"addressCountry\":\"FR\"},\"contactPoint\":[{\"@type\":\"ContactPoint\",\"contactType\":\"Service client\",\"telephone\":\"0384254272\",\"email\":\"contact@csj-emballages.com\"}]}]}<\/script>\n<!-- \/ Yoast SEO Premium plugin. -->","yoast_head_json":{"title":"Papel Blanco de Peri\u00f3dico de 40 x 60 cm en Resma de 10 kg","description":"Papel blanco tipo peri\u00f3dico de 40 x 60 cm en resma de 10 kg. Ideal para rellenar, calzar y proteger los productos durante los env\u00edos.","robots":{"index":"index","follow":"follow","max-snippet":"max-snippet:-1","max-image-preview":"max-image-preview:large","max-video-preview":"max-video-preview:-1"},"canonical":"https:\/\/www.csj-emballages.com\/es\/produit\/periodico-blanco-40-x-60-cm-en-10-kg\/","og_locale":"es_ES","og_type":"article","og_title":"Papel blanco de peri\u00f3dico de 40 x 60 cm en resma de 10 kg","og_description":"Papel blanco tipo peri\u00f3dico de 40 x 60 cm en resma de 10 kg. Ideal para rellenar, calzar y proteger los productos durante los env\u00edos.","og_url":"https:\/\/www.csj-emballages.com\/es\/produit\/periodico-blanco-40-x-60-cm-en-10-kg\/","og_site_name":"CSJ Emballages","article_publisher":"https:\/\/www.facebook.com\/csjemballages","article_modified_time":"2026-04-17T08:21:54+00:00","og_image":[{"width":800,"height":800,"url":"https:\/\/www.csj-emballages.com\/wp-content\/uploads\/2024\/03\/PAPJOUR.webp","type":"image\/webp"}],"twitter_card":"summary_large_image","twitter_misc":{"Tiempo de lectura":"2 minutos"},"schema":{"@context":"https:\/\/schema.org","@graph":[{"@type":"WebPage","@id":"https:\/\/www.csj-emballages.com\/es\/produit\/periodico-blanco-40-x-60-cm-en-10-kg\/","url":"https:\/\/www.csj-emballages.com\/es\/produit\/periodico-blanco-40-x-60-cm-en-10-kg\/","name":"Papel Blanco de Peri\u00f3dico de 40 x 60 cm en Resma de 10 kg","isPartOf":{"@id":"https:\/\/www.csj-emballages.com\/es\/#website"},"primaryImageOfPage":{"@id":"https:\/\/www.csj-emballages.com\/es\/produit\/periodico-blanco-40-x-60-cm-en-10-kg\/#primaryimage"},"image":{"@id":"https:\/\/www.csj-emballages.com\/es\/produit\/periodico-blanco-40-x-60-cm-en-10-kg\/#primaryimage"},"thumbnailUrl":"https:\/\/www.csj-emballages.com\/wp-content\/uploads\/2024\/03\/PAPJOUR.webp","datePublished":"2024-03-01T15:51:31+00:00","dateModified":"2026-04-17T08:21:54+00:00","description":"Papel blanco tipo peri\u00f3dico de 40 x 60 cm en resma de 10 kg. Ideal para rellenar, calzar y proteger los productos durante los env\u00edos.","breadcrumb":{"@id":"https:\/\/www.csj-emballages.com\/es\/produit\/periodico-blanco-40-x-60-cm-en-10-kg\/#breadcrumb"},"inLanguage":"es","potentialAction":[{"@type":"ReadAction","target":["https:\/\/www.csj-emballages.com\/es\/produit\/periodico-blanco-40-x-60-cm-en-10-kg\/"]}]},{"@type":"ImageObject","inLanguage":"es","@id":"https:\/\/www.csj-emballages.com\/es\/produit\/periodico-blanco-40-x-60-cm-en-10-kg\/#primaryimage","url":"https:\/\/www.csj-emballages.com\/wp-content\/uploads\/2024\/03\/PAPJOUR.webp","contentUrl":"https:\/\/www.csj-emballages.com\/wp-content\/uploads\/2024\/03\/PAPJOUR.webp","width":800,"height":800,"caption":"Papier blanc"},{"@type":"BreadcrumbList","@id":"https:\/\/www.csj-emballages.com\/es\/produit\/periodico-blanco-40-x-60-cm-en-10-kg\/#breadcrumb","itemListElement":[{"@type":"ListItem","position":1,"name":"Accueil","item":"https:\/\/www.csj-emballages.com\/es\/universo-del-envasado-alimentario\/"},{"@type":"ListItem","position":2,"name":"Tienda","item":"https:\/\/www.csj-emballages.com\/tienda\/"},{"@type":"ListItem","position":3,"name":"Papel blanco de peri\u00f3dico de 40 x 60 cm en resma de 10 kg"}]},{"@type":"WebSite","@id":"https:\/\/www.csj-emballages.com\/es\/#website","url":"https:\/\/www.csj-emballages.com\/es\/","name":"CSJ Emballages","description":"","publisher":{"@id":"https:\/\/www.csj-emballages.com\/es\/#organization"},"potentialAction":[{"@type":"SearchAction","target":{"@type":"EntryPoint","urlTemplate":"https:\/\/www.csj-emballages.com\/es\/?s={search_term_string}"},"query-input":{"@type":"PropertyValueSpecification","valueRequired":true,"valueName":"search_term_string"}}],"inLanguage":"es"},{"@type":"Organization","@id":"https:\/\/www.csj-emballages.com\/es\/#Organization\/","name":"CSJ Emballages","url":"https:\/\/www.csj-emballages.com\/es\/","logo":{"@type":"ImageObject","inLanguage":"es","@id":"https:\/\/www.csj-emballages.com\/es\/#\/schema\/logo\/image\/","url":"https:\/\/www.csj-emballages.com\/wp-content\/uploads\/2023\/10\/logo_csj.webp","contentUrl":"https:\/\/www.csj-emballages.com\/wp-content\/uploads\/2023\/10\/logo_csj.webp","width":250,"height":95,"caption":"CSJ Emballages"},"image":{"@id":"https:\/\/www.csj-emballages.com\/es\/#\/schema\/logo\/image\/"},"sameAs":["https:\/\/www.facebook.com\/csjemballages"],"address":{"@type":"PostalAddress","streetAddress":"ZI La Lechere","addressLocality":"Patornay","postalCode":"39130","addressCountry":"FR"},"contactPoint":[{"@type":"ContactPoint","contactType":"Service client","telephone":"0384254272","email":"contact@csj-emballages.com"}]}]}},"df_price":53.93,"df_sale_price":"","df_regular_price":53.93,"df_image_link":"https:\/\/www.csj-emballages.com\/wp-content\/uploads\/2024\/03\/PAPJOUR-300x300.webp","tiered_pricing_type":"fixed","tiered_pricing_fixed_rules":[],"tiered_pricing_percentage_rules":[],"tiered_pricing_minimum":1,"tiered_pricing_roles_data":[],"_links":{"self":[{"href":"https:\/\/www.csj-emballages.com\/es\/wp-json\/wp\/v2\/product\/22298","targetHints":{"allow":["GET"]}}],"collection":[{"href":"https:\/\/www.csj-emballages.com\/es\/wp-json\/wp\/v2\/product"}],"about":[{"href":"https:\/\/www.csj-emballages.com\/es\/wp-json\/wp\/v2\/types\/product"}],"wp:featuredmedia":[{"embeddable":true,"href":"https:\/\/www.csj-emballages.com\/es\/wp-json\/wp\/v2\/media\/263343"}],"wp:attachment":[{"href":"https:\/\/www.csj-emballages.com\/es\/wp-json\/wp\/v2\/media?parent=22298"}],"wp:term":[{"taxonomy":"product_brand","embeddable":true,"href":"https:\/\/www.csj-emballages.com\/es\/wp-json\/wp\/v2\/product_brand?post=22298"},{"taxonomy":"product_cat","embeddable":true,"href":"https:\/\/www.csj-emballages.com\/es\/wp-json\/wp\/v2\/product_cat?post=22298"},{"taxonomy":"product_tag","embeddable":true,"href":"https:\/\/www.csj-emballages.com\/es\/wp-json\/wp\/v2\/product_tag?post=22298"}],"curies":[{"name":"wp","href":"https:\/\/api.w.org\/{rel}","templated":true}]}}