{"id":22277,"date":"2024-03-01T16:51:33","date_gmt":"2024-03-01T15:51:33","guid":{"rendered":"https:\/\/u15jnbdpoq.preview.infomaniak.website\/produit\/100-pajitas-rectas-200-mm-papel-negro-o-6-mm\/"},"modified":"2026-04-29T13:00:48","modified_gmt":"2026-04-29T11:00:48","slug":"100-pajitas-rectas-200-mm-papel-negro-o-6-mm","status":"publish","type":"product","link":"https:\/\/www.csj-emballages.com\/es\/produit\/100-pajitas-rectas-200-mm-papel-negro-o-6-mm\/","title":{"rendered":"Pajita de papel negra recta 200 mm \u00d8 6 mm por 100"},"content":{"rendered":"<h2>Paja negra<\/h2>\n<hr>\n<h3>Descubra nuestra pajita de papel negra recta 200 mm \u00d8 6 mm por 100<\/h3>\n<p><!--more--><\/p>\n<p data-start=\"261\" data-end=\"745\">Sobria, elegante y sobre todo <strong data-start=\"289\" data-end=\"308\">eco-responsable<\/strong>, esta <strong>pajita de papel negra<\/strong> es la alternativa perfecta a las pajitas de pl\u00e1stico de un solo uso. Con <strong data-start=\"416\" data-end=\"438\">200 mm de longitud<\/strong> y <strong data-start=\"445\" data-end=\"465\">6 mm de di\u00e1metro<\/strong>, es ideal para una gran variedad de bebidas: c\u00f3cteles, refrescos, zumos, batidos ligeros&#8230; Es recta, r\u00edgida y est\u00e1 dise\u00f1ada para soportar la humedad durante toda la bebida, sin ablandarse en los primeros minutos como algunas pajitas de gama inferior. <\/p>\n<p data-start=\"747\" data-end=\"1008\">Est\u00e1 dirigido a <strong data-start=\"777\" data-end=\"814\">profesionales de la restauraci\u00f3n<\/strong> -cafeter\u00edas, bares, empresas de catering, establecimientos de comida r\u00e1pida-, as\u00ed como a <strong data-start=\"861\" data-end=\"877\">particulares<\/strong> deseosos de ofrecer una alternativa responsable a sus invitados en un evento privado, un picnic o una fiesta de cumplea\u00f1os.<\/p>\n<p data-start=\"1010\" data-end=\"1269\">Su <strong data-start=\"1014\" data-end=\"1033\">dise\u00f1o en negro mate<\/strong> aporta un toque de modernidad y refinamiento a sus bebidas, respetando al mismo tiempo las normas medioambientales. Fabricado con <strong>papel<\/strong> alimentario, es <strong data-start=\"1211\" data-end=\"1228\">biodegradable<\/strong> e <strong data-start=\"1232\" data-end=\"1247\">inocuo<\/strong> para el medio ambiente. <\/p>\n<p data-start=\"1271\" data-end=\"1467\"><strong>Envasada en paquetes de 100<\/strong> unidades, esta <strong>pajita de papel<\/strong> es f\u00e1cil de guardar e ideal para un uso regular. Una soluci\u00f3n sencilla, econ\u00f3mica y responsable para acompa\u00f1ar sus bebidas a diario o cuando est\u00e9 de servicio. <\/p>\n<p><!--more--><\/p>\n<h4>Ventajas :<\/h4>\n<ul>\n<li>100% biodegradable y sin pl\u00e1stico.<\/li>\n<li>Resiste la humedad durante varias horas.<\/li>\n<li>Longitud ideal para objetivos altos (200 mm).<\/li>\n<li>Negro sobrio y elegante.<\/li>\n<li>Perfecto para bebidas fr\u00edas, c\u00f3cteles y refrescos.<\/li>\n<\/ul>\n<p>&nbsp;<\/p>\n<p><!--more--><\/p>\n<h4>Informaci\u00f3n adicional :<\/h4>\n<ul>\n<li><strong>Embalaje<\/strong>: Paquete de 100<\/li>\n<li><strong>Dimensiones<\/strong>: 200 mm \u00d8 6 mm<\/li>\n<li><strong>Color<\/strong>: Negro<\/li>\n<li><strong>Material<\/strong>: Papel<\/li>\n<\/ul>\n<h2><\/h2>\n<p><!--more--><\/p>\n<p>Aqu\u00ed encontrar\u00e1 todos los tama\u00f1os disponibles de pajitas negras: <span style=\"color: #d12727;\"><a style=\"color: #d12727;\" href=\"https:\/\/www.csj-emballages.com\/es\/produit\/100-pajitas-rectas-120-mm-papel-negro-o-6-mm\/\">120 mm x \u00d8 6 mm<\/a><\/span> \/ <span style=\"color: #d12727;\"><a style=\"color: #d12727;\" href=\"https:\/\/www.csj-emballages.com\/es\/produit\/16-pajitas-de-papel-negras-rectas-de-20-cm\/\">200 mm x \u00d8 8 mm<\/a><\/span><\/p>\n<p>&nbsp;<\/p>\n<p><!--more--><\/p>\n<p><a href=\"https:\/\/www.csj-emballages.com\/es\/categorie-produit\/envasado-de-alimentos\/gama-ecologica\/cubiertos-pajitas\/pajitas-ecologicas\/\">Ver el resto de nuestra gama de pajitas de papel<\/a><\/p>\n","protected":false},"excerpt":{"rendered":"<p>Paja negra Descubra nuestra pajita de papel negra recta 200 mm \u00d8 6 mm por 100<\/p>\n","protected":false},"featured_media":8405,"template":"","meta":{"_acf_changed":false},"product_brand":[],"product_cat":[1150,1179,3036,1163,3033],"product_tag":[],"class_list":{"0":"post-22277","1":"product","2":"type-product","3":"status-publish","4":"has-post-thumbnail","6":"product_cat-envasado-de-alimentos","7":"product_cat-catering-es","8":"product_cat-pajitas","9":"product_cat-gama-ecologica","10":"product_cat-pajitas-ecologicas","12":"first","13":"instock","14":"taxable","15":"shipping-taxable","16":"purchasable","17":"product-type-simple"},"acf":[],"yoast_head":"<!-- This site is optimized with the Yoast SEO Premium plugin v26.6 (Yoast SEO v26.6) - https:\/\/yoast.com\/wordpress\/plugins\/seo\/ -->\n<title>Pajita de papel recta negra 200 mm \u00d8 6 mm por 100<\/title>\n<meta name=\"description\" content=\"Descubra nuestra pajita recta de papel negro 200mm \u00d86mm. Elija una alternativa sostenible y respetuosa con el medio ambiente.\" \/>\n<meta name=\"robots\" content=\"index, follow, max-snippet:-1, max-image-preview:large, max-video-preview:-1\" \/>\n<link rel=\"canonical\" href=\"https:\/\/www.csj-emballages.com\/es\/produit\/100-pajitas-rectas-200-mm-papel-negro-o-6-mm\/\" \/>\n<meta property=\"og:locale\" content=\"es_ES\" \/>\n<meta property=\"og:type\" content=\"article\" \/>\n<meta property=\"og:title\" content=\"Pajita de papel negra recta 200 mm \u00d8 6 mm por 100\" \/>\n<meta property=\"og:description\" content=\"Descubra nuestra pajita recta de papel negro 200mm \u00d86mm. Elija una alternativa sostenible y respetuosa con el medio ambiente.\" \/>\n<meta property=\"og:url\" content=\"https:\/\/www.csj-emballages.com\/es\/produit\/100-pajitas-rectas-200-mm-papel-negro-o-6-mm\/\" \/>\n<meta property=\"og:site_name\" content=\"CSJ Emballages\" \/>\n<meta property=\"article:publisher\" content=\"https:\/\/www.facebook.com\/csjemballages\" \/>\n<meta property=\"article:modified_time\" content=\"2026-04-29T11:00:48+00:00\" \/>\n<meta property=\"og:image\" content=\"https:\/\/www.csj-emballages.com\/wp-content\/uploads\/2024\/03\/paille-papier-noir-cocoktail-noir-grossiste-csj-emballages-zoom-jpg.webp\" \/>\n\t<meta property=\"og:image:width\" content=\"800\" \/>\n\t<meta property=\"og:image:height\" content=\"800\" \/>\n\t<meta property=\"og:image:type\" content=\"image\/jpeg\" \/>\n<meta name=\"twitter:card\" content=\"summary_large_image\" \/>\n<meta name=\"twitter:label1\" content=\"Tiempo de lectura\" \/>\n\t<meta name=\"twitter:data1\" content=\"1 minuto\" \/>\n<script type=\"application\/ld+json\" class=\"yoast-schema-graph\">{\"@context\":\"https:\/\/schema.org\",\"@graph\":[{\"@type\":\"WebPage\",\"@id\":\"https:\/\/www.csj-emballages.com\/es\/produit\/100-pajitas-rectas-200-mm-papel-negro-o-6-mm\/\",\"url\":\"https:\/\/www.csj-emballages.com\/es\/produit\/100-pajitas-rectas-200-mm-papel-negro-o-6-mm\/\",\"name\":\"Pajita de papel recta negra 200 mm \u00d8 6 mm por 100\",\"isPartOf\":{\"@id\":\"https:\/\/www.csj-emballages.com\/es\/#website\"},\"primaryImageOfPage\":{\"@id\":\"https:\/\/www.csj-emballages.com\/es\/produit\/100-pajitas-rectas-200-mm-papel-negro-o-6-mm\/#primaryimage\"},\"image\":{\"@id\":\"https:\/\/www.csj-emballages.com\/es\/produit\/100-pajitas-rectas-200-mm-papel-negro-o-6-mm\/#primaryimage\"},\"thumbnailUrl\":\"https:\/\/www.csj-emballages.com\/wp-content\/uploads\/2024\/03\/paille-papier-noir-cocoktail-noir-grossiste-csj-emballages-zoom-jpg.webp\",\"datePublished\":\"2024-03-01T15:51:33+00:00\",\"dateModified\":\"2026-04-29T11:00:48+00:00\",\"description\":\"Descubra nuestra pajita recta de papel negro 200mm \u00d86mm. Elija una alternativa sostenible y respetuosa con el medio ambiente.\",\"breadcrumb\":{\"@id\":\"https:\/\/www.csj-emballages.com\/es\/produit\/100-pajitas-rectas-200-mm-papel-negro-o-6-mm\/#breadcrumb\"},\"inLanguage\":\"es\",\"potentialAction\":[{\"@type\":\"ReadAction\",\"target\":[\"https:\/\/www.csj-emballages.com\/es\/produit\/100-pajitas-rectas-200-mm-papel-negro-o-6-mm\/\"]}]},{\"@type\":\"ImageObject\",\"inLanguage\":\"es\",\"@id\":\"https:\/\/www.csj-emballages.com\/es\/produit\/100-pajitas-rectas-200-mm-papel-negro-o-6-mm\/#primaryimage\",\"url\":\"https:\/\/www.csj-emballages.com\/wp-content\/uploads\/2024\/03\/paille-papier-noir-cocoktail-noir-grossiste-csj-emballages-zoom-jpg.webp\",\"contentUrl\":\"https:\/\/www.csj-emballages.com\/wp-content\/uploads\/2024\/03\/paille-papier-noir-cocoktail-noir-grossiste-csj-emballages-zoom-jpg.webp\",\"width\":800,\"height\":800,\"caption\":\"Paille\"},{\"@type\":\"BreadcrumbList\",\"@id\":\"https:\/\/www.csj-emballages.com\/es\/produit\/100-pajitas-rectas-200-mm-papel-negro-o-6-mm\/#breadcrumb\",\"itemListElement\":[{\"@type\":\"ListItem\",\"position\":1,\"name\":\"Accueil\",\"item\":\"https:\/\/www.csj-emballages.com\/es\/universo-del-envasado-alimentario\/\"},{\"@type\":\"ListItem\",\"position\":2,\"name\":\"Tienda\",\"item\":\"https:\/\/www.csj-emballages.com\/tienda\/\"},{\"@type\":\"ListItem\",\"position\":3,\"name\":\"Pajita de papel negra recta 200 mm \u00d8 6 mm por 100\"}]},{\"@type\":\"WebSite\",\"@id\":\"https:\/\/www.csj-emballages.com\/es\/#website\",\"url\":\"https:\/\/www.csj-emballages.com\/es\/\",\"name\":\"CSJ Emballages\",\"description\":\"\",\"publisher\":{\"@id\":\"https:\/\/www.csj-emballages.com\/es\/#organization\"},\"potentialAction\":[{\"@type\":\"SearchAction\",\"target\":{\"@type\":\"EntryPoint\",\"urlTemplate\":\"https:\/\/www.csj-emballages.com\/es\/?s={search_term_string}\"},\"query-input\":{\"@type\":\"PropertyValueSpecification\",\"valueRequired\":true,\"valueName\":\"search_term_string\"}}],\"inLanguage\":\"es\"},{\"@type\":\"Organization\",\"@id\":\"https:\/\/www.csj-emballages.com\/es\/#Organization\/\",\"name\":\"CSJ Emballages\",\"url\":\"https:\/\/www.csj-emballages.com\/es\/\",\"logo\":{\"@type\":\"ImageObject\",\"inLanguage\":\"es\",\"@id\":\"https:\/\/www.csj-emballages.com\/es\/#\/schema\/logo\/image\/\",\"url\":\"https:\/\/www.csj-emballages.com\/wp-content\/uploads\/2023\/10\/logo_csj.webp\",\"contentUrl\":\"https:\/\/www.csj-emballages.com\/wp-content\/uploads\/2023\/10\/logo_csj.webp\",\"width\":250,\"height\":95,\"caption\":\"CSJ Emballages\"},\"image\":{\"@id\":\"https:\/\/www.csj-emballages.com\/es\/#\/schema\/logo\/image\/\"},\"sameAs\":[\"https:\/\/www.facebook.com\/csjemballages\"],\"address\":{\"@type\":\"PostalAddress\",\"streetAddress\":\"ZI La Lechere\",\"addressLocality\":\"Patornay\",\"postalCode\":\"39130\",\"addressCountry\":\"FR\"},\"contactPoint\":[{\"@type\":\"ContactPoint\",\"contactType\":\"Service client\",\"telephone\":\"0384254272\",\"email\":\"contact@csj-emballages.com\"}]}]}<\/script>\n<!-- \/ Yoast SEO Premium plugin. -->","yoast_head_json":{"title":"Pajita de papel recta negra 200 mm \u00d8 6 mm por 100","description":"Descubra nuestra pajita recta de papel negro 200mm \u00d86mm. Elija una alternativa sostenible y respetuosa con el medio ambiente.","robots":{"index":"index","follow":"follow","max-snippet":"max-snippet:-1","max-image-preview":"max-image-preview:large","max-video-preview":"max-video-preview:-1"},"canonical":"https:\/\/www.csj-emballages.com\/es\/produit\/100-pajitas-rectas-200-mm-papel-negro-o-6-mm\/","og_locale":"es_ES","og_type":"article","og_title":"Pajita de papel negra recta 200 mm \u00d8 6 mm por 100","og_description":"Descubra nuestra pajita recta de papel negro 200mm \u00d86mm. Elija una alternativa sostenible y respetuosa con el medio ambiente.","og_url":"https:\/\/www.csj-emballages.com\/es\/produit\/100-pajitas-rectas-200-mm-papel-negro-o-6-mm\/","og_site_name":"CSJ Emballages","article_publisher":"https:\/\/www.facebook.com\/csjemballages","article_modified_time":"2026-04-29T11:00:48+00:00","og_image":[{"width":800,"height":800,"url":"https:\/\/www.csj-emballages.com\/wp-content\/uploads\/2024\/03\/paille-papier-noir-cocoktail-noir-grossiste-csj-emballages-zoom-jpg.webp","type":"image\/jpeg"}],"twitter_card":"summary_large_image","twitter_misc":{"Tiempo de lectura":"1 minuto"},"schema":{"@context":"https:\/\/schema.org","@graph":[{"@type":"WebPage","@id":"https:\/\/www.csj-emballages.com\/es\/produit\/100-pajitas-rectas-200-mm-papel-negro-o-6-mm\/","url":"https:\/\/www.csj-emballages.com\/es\/produit\/100-pajitas-rectas-200-mm-papel-negro-o-6-mm\/","name":"Pajita de papel recta negra 200 mm \u00d8 6 mm por 100","isPartOf":{"@id":"https:\/\/www.csj-emballages.com\/es\/#website"},"primaryImageOfPage":{"@id":"https:\/\/www.csj-emballages.com\/es\/produit\/100-pajitas-rectas-200-mm-papel-negro-o-6-mm\/#primaryimage"},"image":{"@id":"https:\/\/www.csj-emballages.com\/es\/produit\/100-pajitas-rectas-200-mm-papel-negro-o-6-mm\/#primaryimage"},"thumbnailUrl":"https:\/\/www.csj-emballages.com\/wp-content\/uploads\/2024\/03\/paille-papier-noir-cocoktail-noir-grossiste-csj-emballages-zoom-jpg.webp","datePublished":"2024-03-01T15:51:33+00:00","dateModified":"2026-04-29T11:00:48+00:00","description":"Descubra nuestra pajita recta de papel negro 200mm \u00d86mm. Elija una alternativa sostenible y respetuosa con el medio ambiente.","breadcrumb":{"@id":"https:\/\/www.csj-emballages.com\/es\/produit\/100-pajitas-rectas-200-mm-papel-negro-o-6-mm\/#breadcrumb"},"inLanguage":"es","potentialAction":[{"@type":"ReadAction","target":["https:\/\/www.csj-emballages.com\/es\/produit\/100-pajitas-rectas-200-mm-papel-negro-o-6-mm\/"]}]},{"@type":"ImageObject","inLanguage":"es","@id":"https:\/\/www.csj-emballages.com\/es\/produit\/100-pajitas-rectas-200-mm-papel-negro-o-6-mm\/#primaryimage","url":"https:\/\/www.csj-emballages.com\/wp-content\/uploads\/2024\/03\/paille-papier-noir-cocoktail-noir-grossiste-csj-emballages-zoom-jpg.webp","contentUrl":"https:\/\/www.csj-emballages.com\/wp-content\/uploads\/2024\/03\/paille-papier-noir-cocoktail-noir-grossiste-csj-emballages-zoom-jpg.webp","width":800,"height":800,"caption":"Paille"},{"@type":"BreadcrumbList","@id":"https:\/\/www.csj-emballages.com\/es\/produit\/100-pajitas-rectas-200-mm-papel-negro-o-6-mm\/#breadcrumb","itemListElement":[{"@type":"ListItem","position":1,"name":"Accueil","item":"https:\/\/www.csj-emballages.com\/es\/universo-del-envasado-alimentario\/"},{"@type":"ListItem","position":2,"name":"Tienda","item":"https:\/\/www.csj-emballages.com\/tienda\/"},{"@type":"ListItem","position":3,"name":"Pajita de papel negra recta 200 mm \u00d8 6 mm por 100"}]},{"@type":"WebSite","@id":"https:\/\/www.csj-emballages.com\/es\/#website","url":"https:\/\/www.csj-emballages.com\/es\/","name":"CSJ Emballages","description":"","publisher":{"@id":"https:\/\/www.csj-emballages.com\/es\/#organization"},"potentialAction":[{"@type":"SearchAction","target":{"@type":"EntryPoint","urlTemplate":"https:\/\/www.csj-emballages.com\/es\/?s={search_term_string}"},"query-input":{"@type":"PropertyValueSpecification","valueRequired":true,"valueName":"search_term_string"}}],"inLanguage":"es"},{"@type":"Organization","@id":"https:\/\/www.csj-emballages.com\/es\/#Organization\/","name":"CSJ Emballages","url":"https:\/\/www.csj-emballages.com\/es\/","logo":{"@type":"ImageObject","inLanguage":"es","@id":"https:\/\/www.csj-emballages.com\/es\/#\/schema\/logo\/image\/","url":"https:\/\/www.csj-emballages.com\/wp-content\/uploads\/2023\/10\/logo_csj.webp","contentUrl":"https:\/\/www.csj-emballages.com\/wp-content\/uploads\/2023\/10\/logo_csj.webp","width":250,"height":95,"caption":"CSJ Emballages"},"image":{"@id":"https:\/\/www.csj-emballages.com\/es\/#\/schema\/logo\/image\/"},"sameAs":["https:\/\/www.facebook.com\/csjemballages"],"address":{"@type":"PostalAddress","streetAddress":"ZI La Lechere","addressLocality":"Patornay","postalCode":"39130","addressCountry":"FR"},"contactPoint":[{"@type":"ContactPoint","contactType":"Service client","telephone":"0384254272","email":"contact@csj-emballages.com"}]}]}},"df_price":1.14,"df_sale_price":"","df_regular_price":1.14,"df_image_link":"https:\/\/www.csj-emballages.com\/wp-content\/uploads\/2024\/03\/paille-papier-noir-cocoktail-noir-grossiste-csj-emballages-zoom-300x300.webp","tiered_pricing_type":"fixed","tiered_pricing_fixed_rules":[],"tiered_pricing_percentage_rules":[],"tiered_pricing_minimum":1,"tiered_pricing_roles_data":[],"_links":{"self":[{"href":"https:\/\/www.csj-emballages.com\/es\/wp-json\/wp\/v2\/product\/22277","targetHints":{"allow":["GET"]}}],"collection":[{"href":"https:\/\/www.csj-emballages.com\/es\/wp-json\/wp\/v2\/product"}],"about":[{"href":"https:\/\/www.csj-emballages.com\/es\/wp-json\/wp\/v2\/types\/product"}],"wp:featuredmedia":[{"embeddable":true,"href":"https:\/\/www.csj-emballages.com\/es\/wp-json\/wp\/v2\/media\/8405"}],"wp:attachment":[{"href":"https:\/\/www.csj-emballages.com\/es\/wp-json\/wp\/v2\/media?parent=22277"}],"wp:term":[{"taxonomy":"product_brand","embeddable":true,"href":"https:\/\/www.csj-emballages.com\/es\/wp-json\/wp\/v2\/product_brand?post=22277"},{"taxonomy":"product_cat","embeddable":true,"href":"https:\/\/www.csj-emballages.com\/es\/wp-json\/wp\/v2\/product_cat?post=22277"},{"taxonomy":"product_tag","embeddable":true,"href":"https:\/\/www.csj-emballages.com\/es\/wp-json\/wp\/v2\/product_tag?post=22277"}],"curies":[{"name":"wp","href":"https:\/\/api.w.org\/{rel}","templated":true}]}}