{"id":22272,"date":"2024-03-01T16:51:32","date_gmt":"2024-03-01T15:51:32","guid":{"rendered":"https:\/\/u15jnbdpoq.preview.infomaniak.website\/produit\/100-pajitas-rectas-200-mm-papel-de-color-o-6-mm\/"},"modified":"2026-04-28T02:16:51","modified_gmt":"2026-04-28T00:16:51","slug":"100-pajitas-rectas-200-mm-papel-de-color-o-6-mm","status":"publish","type":"product","link":"https:\/\/www.csj-emballages.com\/es\/produit\/100-pajitas-rectas-200-mm-papel-de-color-o-6-mm\/","title":{"rendered":"Pajita recta de papel de color 200 mm \u00d8 6 mm por 100"},"content":{"rendered":"<h2>Pajita de papel de colores<\/h2>\n<hr>\n<h3>Descubra nuestra pajita de papel de color recta 200 mm \u00d8 6 mm por 100<\/h3>\n<p><!--more--><\/p>\n<p data-start=\"223\" data-end=\"747\">A\u00f1ada un toque de diversi\u00f3n a sus bebidas con estas pajitas rectas de papel de colores, ideales para todas sus preparaciones fr\u00edas: zumos, refrescos, c\u00f3cteles, batidos, t\u00e9s helados, etc. Con unas medidas de 200 mm de largo y 6 mm de di\u00e1metro, son perfectas tanto para vasos est\u00e1ndar como para vasos para llevar. Se venden en paquetes de 100 unidades y est\u00e1n dise\u00f1ados tanto para uso profesional como personal: perfectos para <strong data-start=\"644\" data-end=\"696\">bares, empresas de catering, food trucks, eventos festivos<\/strong> o simplemente para recibir a los amigos. <\/p>\n<p data-start=\"749\" data-end=\"1097\">Fabricadas en <strong data-start=\"763\" data-end=\"807\">papel de alta calidad apto para uso alimentario<\/strong>, estas pajitas son resistentes a la humedad y conservan su rigidez durante todo el proceso de consumo. Su colorido dise\u00f1o a\u00f1ade de inmediato un ambiente agradable y din\u00e1mico a la mesa, y es un bienvenido sustituto de las alternativas de pl\u00e1stico ahora prohibidas. <\/p>\n<p data-start=\"1099\" data-end=\"1408\">Como profesional, usted demuestra a sus clientes que presta atenci\u00f3n a <strong data-start=\"1187\" data-end=\"1198\">los detalles<\/strong>, pero tambi\u00e9n al<strong data-start=\"1215\" data-end=\"1232\">medio ambiente<\/strong>: estas pajitas son <strong data-start=\"1252\" data-end=\"1286\">biodegradables y compostables<\/strong>. Una soluci\u00f3n sencilla, econ\u00f3mica y atractiva para cumplir la normativa al tiempo que mejora su imagen de marca. <\/p>\n<p data-start=\"1410\" data-end=\"1583\">Listos para usar, pueden dispensarse r\u00e1pidamente, sin preparaci\u00f3n ni p\u00e9rdida de tiempo. Individuales o a granel, caben f\u00e1cilmente en todo tipo de recipientes. <\/p>\n<p data-start=\"1410\" data-end=\"1583\"><!--more--><\/p>\n<h4 data-start=\"1410\" data-end=\"1583\">Ventajas :<\/h4>\n<ul>\n<li>Colorido, divertido y perfecto para todo tipo de bebidas.<\/li>\n<li>Resistentes a la humedad, duran varias horas.<\/li>\n<li>Papel de calidad, ins\u00edpido e inodoro.<\/li>\n<li>100% biodegradable y compostable.<\/li>\n<li><strong>Tama\u00f1o est\u00e1ndar<\/strong>: 200 mm de longitud, 6 mm de di\u00e1metro.<\/li>\n<li>Cumple las normas alimentarias europeas.<\/li>\n<\/ul>\n<p>&nbsp;<\/p>\n<p><!--more--><\/p>\n<h4>Informaci\u00f3n adicional :<\/h4>\n<ul>\n<li><strong>Embalaje<\/strong>: Paquete de 100<\/li>\n<li><strong>Dimensiones<\/strong>: 200 mm \u00d8 6 mm<\/li>\n<li><strong>Color<\/strong>: Azul \/ Rojo \/ Verde \/ Amarillo<\/li>\n<li><strong>Material<\/strong>: Papel<\/li>\n<\/ul>\n<p>&nbsp;<\/p>\n<p><!--more--><\/p>\n<p>Estas pajitas tambi\u00e9n est\u00e1n disponibles en color kraft: <span style=\"color: #d12727;\"><a style=\"color: #d12727;\" href=\"https:\/\/www.csj-emballages.com\/es\/produit\/100-pajitas-rectas-200-mm-papel-kraft-o-6-mm\/\">PAILP200X6KRA<\/a><\/span><\/p>\n<h2><\/h2>\n<p><!--more--><\/p>\n<p><a href=\"https:\/\/www.csj-emballages.com\/es\/categorie-produit\/envasado-de-alimentos\/gama-ecologica\/cubiertos-pajitas\/pajitas-ecologicas\/\">Consulte el resto de nuestra gama de pajitas de papel aqu\u00ed<\/a><\/p>\n","protected":false},"excerpt":{"rendered":"<p>Pajita de papel de colores Descubra nuestra pajita de papel de color recta 200 mm \u00d8 6 mm por 100<\/p>\n","protected":false},"featured_media":240083,"template":"","meta":{"_acf_changed":false},"product_brand":[],"product_cat":[1150,1179,3036,1163,3033],"product_tag":[],"class_list":{"0":"post-22272","1":"product","2":"type-product","3":"status-publish","4":"has-post-thumbnail","6":"product_cat-envasado-de-alimentos","7":"product_cat-catering-es","8":"product_cat-pajitas","9":"product_cat-gama-ecologica","10":"product_cat-pajitas-ecologicas","12":"first","13":"instock","14":"taxable","15":"shipping-taxable","16":"purchasable","17":"product-type-simple"},"acf":[],"yoast_head":"<!-- This site is optimized with the Yoast SEO Premium plugin v26.6 (Yoast SEO v26.6) - https:\/\/yoast.com\/wordpress\/plugins\/seo\/ -->\n<title>Pajita de papel de colores recta 200 mm \u00d8 6 mm por 100<\/title>\n<meta name=\"description\" content=\"Paquete de 100 pajitas rectas de papel de colores, de 200 mm x 6 mm. Resistentes, compostables e ideales para bebidas fr\u00edas, para profesionales o particulares.\" \/>\n<meta name=\"robots\" content=\"index, follow, max-snippet:-1, max-image-preview:large, max-video-preview:-1\" \/>\n<link rel=\"canonical\" href=\"https:\/\/www.csj-emballages.com\/es\/produit\/100-pajitas-rectas-200-mm-papel-de-color-o-6-mm\/\" \/>\n<meta property=\"og:locale\" content=\"es_ES\" \/>\n<meta property=\"og:type\" content=\"article\" \/>\n<meta property=\"og:title\" content=\"Pajita recta de papel de color 200 mm \u00d8 6 mm por 100\" \/>\n<meta property=\"og:description\" content=\"Paquete de 100 pajitas rectas de papel de colores, de 200 mm x 6 mm. Resistentes, compostables e ideales para bebidas fr\u00edas, para profesionales o particulares.\" \/>\n<meta property=\"og:url\" content=\"https:\/\/www.csj-emballages.com\/es\/produit\/100-pajitas-rectas-200-mm-papel-de-color-o-6-mm\/\" \/>\n<meta property=\"og:site_name\" content=\"CSJ Emballages\" \/>\n<meta property=\"article:publisher\" content=\"https:\/\/www.facebook.com\/csjemballages\" \/>\n<meta property=\"article:modified_time\" content=\"2026-04-28T00:16:51+00:00\" \/>\n<meta property=\"og:image\" content=\"https:\/\/www.csj-emballages.com\/wp-content\/uploads\/2024\/03\/GCANAPCL-800x800-Photoroom.png\" \/>\n\t<meta property=\"og:image:width\" content=\"800\" \/>\n\t<meta property=\"og:image:height\" content=\"800\" \/>\n\t<meta property=\"og:image:type\" content=\"image\/png\" \/>\n<meta name=\"twitter:card\" content=\"summary_large_image\" \/>\n<meta name=\"twitter:label1\" content=\"Tiempo de lectura\" \/>\n\t<meta name=\"twitter:data1\" content=\"2 minutos\" \/>\n<script type=\"application\/ld+json\" class=\"yoast-schema-graph\">{\"@context\":\"https:\/\/schema.org\",\"@graph\":[{\"@type\":\"WebPage\",\"@id\":\"https:\/\/www.csj-emballages.com\/es\/produit\/100-pajitas-rectas-200-mm-papel-de-color-o-6-mm\/\",\"url\":\"https:\/\/www.csj-emballages.com\/es\/produit\/100-pajitas-rectas-200-mm-papel-de-color-o-6-mm\/\",\"name\":\"Pajita de papel de colores recta 200 mm \u00d8 6 mm por 100\",\"isPartOf\":{\"@id\":\"https:\/\/www.csj-emballages.com\/es\/#website\"},\"primaryImageOfPage\":{\"@id\":\"https:\/\/www.csj-emballages.com\/es\/produit\/100-pajitas-rectas-200-mm-papel-de-color-o-6-mm\/#primaryimage\"},\"image\":{\"@id\":\"https:\/\/www.csj-emballages.com\/es\/produit\/100-pajitas-rectas-200-mm-papel-de-color-o-6-mm\/#primaryimage\"},\"thumbnailUrl\":\"https:\/\/www.csj-emballages.com\/wp-content\/uploads\/2024\/03\/GCANAPCL-800x800-Photoroom.png\",\"datePublished\":\"2024-03-01T15:51:32+00:00\",\"dateModified\":\"2026-04-28T00:16:51+00:00\",\"description\":\"Paquete de 100 pajitas rectas de papel de colores, de 200 mm x 6 mm. Resistentes, compostables e ideales para bebidas fr\u00edas, para profesionales o particulares.\",\"breadcrumb\":{\"@id\":\"https:\/\/www.csj-emballages.com\/es\/produit\/100-pajitas-rectas-200-mm-papel-de-color-o-6-mm\/#breadcrumb\"},\"inLanguage\":\"es\",\"potentialAction\":[{\"@type\":\"ReadAction\",\"target\":[\"https:\/\/www.csj-emballages.com\/es\/produit\/100-pajitas-rectas-200-mm-papel-de-color-o-6-mm\/\"]}]},{\"@type\":\"ImageObject\",\"inLanguage\":\"es\",\"@id\":\"https:\/\/www.csj-emballages.com\/es\/produit\/100-pajitas-rectas-200-mm-papel-de-color-o-6-mm\/#primaryimage\",\"url\":\"https:\/\/www.csj-emballages.com\/wp-content\/uploads\/2024\/03\/GCANAPCL-800x800-Photoroom.png\",\"contentUrl\":\"https:\/\/www.csj-emballages.com\/wp-content\/uploads\/2024\/03\/GCANAPCL-800x800-Photoroom.png\",\"width\":800,\"height\":800,\"caption\":\"Paille en papier color\u00e9e\"},{\"@type\":\"BreadcrumbList\",\"@id\":\"https:\/\/www.csj-emballages.com\/es\/produit\/100-pajitas-rectas-200-mm-papel-de-color-o-6-mm\/#breadcrumb\",\"itemListElement\":[{\"@type\":\"ListItem\",\"position\":1,\"name\":\"Accueil\",\"item\":\"https:\/\/www.csj-emballages.com\/es\/universo-del-envasado-alimentario\/\"},{\"@type\":\"ListItem\",\"position\":2,\"name\":\"Tienda\",\"item\":\"https:\/\/www.csj-emballages.com\/tienda\/\"},{\"@type\":\"ListItem\",\"position\":3,\"name\":\"Pajita recta de papel de color 200 mm \u00d8 6 mm por 100\"}]},{\"@type\":\"WebSite\",\"@id\":\"https:\/\/www.csj-emballages.com\/es\/#website\",\"url\":\"https:\/\/www.csj-emballages.com\/es\/\",\"name\":\"CSJ Emballages\",\"description\":\"\",\"publisher\":{\"@id\":\"https:\/\/www.csj-emballages.com\/es\/#organization\"},\"potentialAction\":[{\"@type\":\"SearchAction\",\"target\":{\"@type\":\"EntryPoint\",\"urlTemplate\":\"https:\/\/www.csj-emballages.com\/es\/?s={search_term_string}\"},\"query-input\":{\"@type\":\"PropertyValueSpecification\",\"valueRequired\":true,\"valueName\":\"search_term_string\"}}],\"inLanguage\":\"es\"},{\"@type\":\"Organization\",\"@id\":\"https:\/\/www.csj-emballages.com\/es\/#Organization\/\",\"name\":\"CSJ Emballages\",\"url\":\"https:\/\/www.csj-emballages.com\/es\/\",\"logo\":{\"@type\":\"ImageObject\",\"inLanguage\":\"es\",\"@id\":\"https:\/\/www.csj-emballages.com\/es\/#\/schema\/logo\/image\/\",\"url\":\"https:\/\/www.csj-emballages.com\/wp-content\/uploads\/2023\/10\/logo_csj.webp\",\"contentUrl\":\"https:\/\/www.csj-emballages.com\/wp-content\/uploads\/2023\/10\/logo_csj.webp\",\"width\":250,\"height\":95,\"caption\":\"CSJ Emballages\"},\"image\":{\"@id\":\"https:\/\/www.csj-emballages.com\/es\/#\/schema\/logo\/image\/\"},\"sameAs\":[\"https:\/\/www.facebook.com\/csjemballages\"],\"address\":{\"@type\":\"PostalAddress\",\"streetAddress\":\"ZI La Lechere\",\"addressLocality\":\"Patornay\",\"postalCode\":\"39130\",\"addressCountry\":\"FR\"},\"contactPoint\":[{\"@type\":\"ContactPoint\",\"contactType\":\"Service client\",\"telephone\":\"0384254272\",\"email\":\"contact@csj-emballages.com\"}]}]}<\/script>\n<!-- \/ Yoast SEO Premium plugin. -->","yoast_head_json":{"title":"Pajita de papel de colores recta 200 mm \u00d8 6 mm por 100","description":"Paquete de 100 pajitas rectas de papel de colores, de 200 mm x 6 mm. Resistentes, compostables e ideales para bebidas fr\u00edas, para profesionales o particulares.","robots":{"index":"index","follow":"follow","max-snippet":"max-snippet:-1","max-image-preview":"max-image-preview:large","max-video-preview":"max-video-preview:-1"},"canonical":"https:\/\/www.csj-emballages.com\/es\/produit\/100-pajitas-rectas-200-mm-papel-de-color-o-6-mm\/","og_locale":"es_ES","og_type":"article","og_title":"Pajita recta de papel de color 200 mm \u00d8 6 mm por 100","og_description":"Paquete de 100 pajitas rectas de papel de colores, de 200 mm x 6 mm. Resistentes, compostables e ideales para bebidas fr\u00edas, para profesionales o particulares.","og_url":"https:\/\/www.csj-emballages.com\/es\/produit\/100-pajitas-rectas-200-mm-papel-de-color-o-6-mm\/","og_site_name":"CSJ Emballages","article_publisher":"https:\/\/www.facebook.com\/csjemballages","article_modified_time":"2026-04-28T00:16:51+00:00","og_image":[{"width":800,"height":800,"url":"https:\/\/www.csj-emballages.com\/wp-content\/uploads\/2024\/03\/GCANAPCL-800x800-Photoroom.png","type":"image\/png"}],"twitter_card":"summary_large_image","twitter_misc":{"Tiempo de lectura":"2 minutos"},"schema":{"@context":"https:\/\/schema.org","@graph":[{"@type":"WebPage","@id":"https:\/\/www.csj-emballages.com\/es\/produit\/100-pajitas-rectas-200-mm-papel-de-color-o-6-mm\/","url":"https:\/\/www.csj-emballages.com\/es\/produit\/100-pajitas-rectas-200-mm-papel-de-color-o-6-mm\/","name":"Pajita de papel de colores recta 200 mm \u00d8 6 mm por 100","isPartOf":{"@id":"https:\/\/www.csj-emballages.com\/es\/#website"},"primaryImageOfPage":{"@id":"https:\/\/www.csj-emballages.com\/es\/produit\/100-pajitas-rectas-200-mm-papel-de-color-o-6-mm\/#primaryimage"},"image":{"@id":"https:\/\/www.csj-emballages.com\/es\/produit\/100-pajitas-rectas-200-mm-papel-de-color-o-6-mm\/#primaryimage"},"thumbnailUrl":"https:\/\/www.csj-emballages.com\/wp-content\/uploads\/2024\/03\/GCANAPCL-800x800-Photoroom.png","datePublished":"2024-03-01T15:51:32+00:00","dateModified":"2026-04-28T00:16:51+00:00","description":"Paquete de 100 pajitas rectas de papel de colores, de 200 mm x 6 mm. Resistentes, compostables e ideales para bebidas fr\u00edas, para profesionales o particulares.","breadcrumb":{"@id":"https:\/\/www.csj-emballages.com\/es\/produit\/100-pajitas-rectas-200-mm-papel-de-color-o-6-mm\/#breadcrumb"},"inLanguage":"es","potentialAction":[{"@type":"ReadAction","target":["https:\/\/www.csj-emballages.com\/es\/produit\/100-pajitas-rectas-200-mm-papel-de-color-o-6-mm\/"]}]},{"@type":"ImageObject","inLanguage":"es","@id":"https:\/\/www.csj-emballages.com\/es\/produit\/100-pajitas-rectas-200-mm-papel-de-color-o-6-mm\/#primaryimage","url":"https:\/\/www.csj-emballages.com\/wp-content\/uploads\/2024\/03\/GCANAPCL-800x800-Photoroom.png","contentUrl":"https:\/\/www.csj-emballages.com\/wp-content\/uploads\/2024\/03\/GCANAPCL-800x800-Photoroom.png","width":800,"height":800,"caption":"Paille en papier color\u00e9e"},{"@type":"BreadcrumbList","@id":"https:\/\/www.csj-emballages.com\/es\/produit\/100-pajitas-rectas-200-mm-papel-de-color-o-6-mm\/#breadcrumb","itemListElement":[{"@type":"ListItem","position":1,"name":"Accueil","item":"https:\/\/www.csj-emballages.com\/es\/universo-del-envasado-alimentario\/"},{"@type":"ListItem","position":2,"name":"Tienda","item":"https:\/\/www.csj-emballages.com\/tienda\/"},{"@type":"ListItem","position":3,"name":"Pajita recta de papel de color 200 mm \u00d8 6 mm por 100"}]},{"@type":"WebSite","@id":"https:\/\/www.csj-emballages.com\/es\/#website","url":"https:\/\/www.csj-emballages.com\/es\/","name":"CSJ Emballages","description":"","publisher":{"@id":"https:\/\/www.csj-emballages.com\/es\/#organization"},"potentialAction":[{"@type":"SearchAction","target":{"@type":"EntryPoint","urlTemplate":"https:\/\/www.csj-emballages.com\/es\/?s={search_term_string}"},"query-input":{"@type":"PropertyValueSpecification","valueRequired":true,"valueName":"search_term_string"}}],"inLanguage":"es"},{"@type":"Organization","@id":"https:\/\/www.csj-emballages.com\/es\/#Organization\/","name":"CSJ Emballages","url":"https:\/\/www.csj-emballages.com\/es\/","logo":{"@type":"ImageObject","inLanguage":"es","@id":"https:\/\/www.csj-emballages.com\/es\/#\/schema\/logo\/image\/","url":"https:\/\/www.csj-emballages.com\/wp-content\/uploads\/2023\/10\/logo_csj.webp","contentUrl":"https:\/\/www.csj-emballages.com\/wp-content\/uploads\/2023\/10\/logo_csj.webp","width":250,"height":95,"caption":"CSJ Emballages"},"image":{"@id":"https:\/\/www.csj-emballages.com\/es\/#\/schema\/logo\/image\/"},"sameAs":["https:\/\/www.facebook.com\/csjemballages"],"address":{"@type":"PostalAddress","streetAddress":"ZI La Lechere","addressLocality":"Patornay","postalCode":"39130","addressCountry":"FR"},"contactPoint":[{"@type":"ContactPoint","contactType":"Service client","telephone":"0384254272","email":"contact@csj-emballages.com"}]}]}},"df_price":1.7,"df_sale_price":"","df_regular_price":1.7,"df_image_link":"https:\/\/www.csj-emballages.com\/wp-content\/uploads\/2024\/03\/GCANAPCL-800x800-Photoroom-300x300.png","tiered_pricing_type":"fixed","tiered_pricing_fixed_rules":[],"tiered_pricing_percentage_rules":[],"tiered_pricing_minimum":1,"tiered_pricing_roles_data":[],"_links":{"self":[{"href":"https:\/\/www.csj-emballages.com\/es\/wp-json\/wp\/v2\/product\/22272","targetHints":{"allow":["GET"]}}],"collection":[{"href":"https:\/\/www.csj-emballages.com\/es\/wp-json\/wp\/v2\/product"}],"about":[{"href":"https:\/\/www.csj-emballages.com\/es\/wp-json\/wp\/v2\/types\/product"}],"wp:featuredmedia":[{"embeddable":true,"href":"https:\/\/www.csj-emballages.com\/es\/wp-json\/wp\/v2\/media\/240083"}],"wp:attachment":[{"href":"https:\/\/www.csj-emballages.com\/es\/wp-json\/wp\/v2\/media?parent=22272"}],"wp:term":[{"taxonomy":"product_brand","embeddable":true,"href":"https:\/\/www.csj-emballages.com\/es\/wp-json\/wp\/v2\/product_brand?post=22272"},{"taxonomy":"product_cat","embeddable":true,"href":"https:\/\/www.csj-emballages.com\/es\/wp-json\/wp\/v2\/product_cat?post=22272"},{"taxonomy":"product_tag","embeddable":true,"href":"https:\/\/www.csj-emballages.com\/es\/wp-json\/wp\/v2\/product_tag?post=22272"}],"curies":[{"name":"wp","href":"https:\/\/api.w.org\/{rel}","templated":true}]}}