{"id":22270,"date":"2024-03-01T16:51:31","date_gmt":"2024-03-01T15:51:31","guid":{"rendered":"https:\/\/u15jnbdpoq.preview.infomaniak.website\/produit\/100-picos-de-palma-de-colores-de-15-cm\/"},"modified":"2026-04-21T02:14:58","modified_gmt":"2026-04-21T00:14:58","slug":"100-picos-de-palma-de-colores-de-15-cm","status":"publish","type":"product","link":"https:\/\/www.csj-emballages.com\/es\/produit\/100-picos-de-palma-de-colores-de-15-cm\/","title":{"rendered":"Palillo palmera de colores 15 cm pack de 100"},"content":{"rendered":"<h2 class=\"p1\">Picos de palma<\/h2>\n<hr>\n<h3>Descripci\u00f3n de nuestros picos de palma de colores 15 cm por 100<\/h3>\n<p><!--more--><\/p>\n<p data-start=\"257\" data-end=\"548\">El <strong>palillo palmera de colores de 15 cm<\/strong> es el accesorio ideal para aportar un toque festivo y ex\u00f3tico a sus presentaciones culinarias. Perfecto para c\u00f3cteles, buf\u00e9s, aperitivos o eventos tem\u00e1ticos, permite decorar y servir con originalidad manteni\u00e9ndose pr\u00e1ctico y funcional. <\/p>\n<p data-start=\"550\" data-end=\"913\">Fabricado en <strong>madera<\/strong>, este <strong>palillo para c\u00f3cteles<\/strong> es a la vez ligero y resistente, asegurando una buena sujeci\u00f3n en los alimentos. Su <strong>longitud de 15 cm<\/strong> lo hace perfectamente adaptado para brochetas de aperitivo, frutas, canap\u00e9s, minipostres o c\u00f3cteles. La decoraci\u00f3n en forma de <strong>palmera<\/strong>, disponible en colores vivos, aporta una nota alegre y acogedora que atrae inmediatamente la mirada.  <\/p>\n<p data-start=\"915\" data-end=\"1246\">Muy apreciado en bares, restaurantes, servicios de catering y durante fiestas, el <strong>palillo palmera<\/strong> permite identificar f\u00e1cilmente las copas o los bocados embelleciendo al mismo tiempo la presentaci\u00f3n. Es ideal para crear un ambiente estival, tropical o l\u00fadico, ya sea para un evento profesional o una recepci\u00f3n privada. <\/p>\n<p data-start=\"1248\" data-end=\"1525\">Acondicionado en lotes de <strong>100 unidades<\/strong>, el <strong>palillo palmera de colores de 15 cm<\/strong> es perfecto para uso puntual o regular. Pr\u00e1ctico, decorativo y f\u00e1cil de usar, constituye un peque\u00f1o detalle que marca toda la diferencia en la puesta en escena de sus mesas y buf\u00e9s. <\/p>\n<p>&nbsp;<\/p>\n<p><!--more--><\/p>\n<h4>Ventajas :<\/h4>\n<ul>\n<li data-start=\"1563\" data-end=\"1611\"><strong>Decoraci\u00f3n palmera<\/strong> de colores para un ambiente festivo.<\/li>\n<li data-start=\"1614\" data-end=\"1669\"><strong>Longitud de 15 cm<\/strong> ideal para c\u00f3cteles y canap\u00e9s.<\/li>\n<li data-start=\"1672\" data-end=\"1697\">Madera ligera y resistente.<\/li>\n<li data-start=\"1700\" data-end=\"1729\">Apto para contacto alimentario.<\/li>\n<li data-start=\"1732\" data-end=\"1779\">Perfecto para buf\u00e9s, aperitivos y eventos.<\/li>\n<li data-start=\"1782\" data-end=\"1824\">Aporta un toque ex\u00f3tico y original.<\/li>\n<li data-start=\"1863\" data-end=\"1904\">Acondicionamiento pr\u00e1ctico de <strong>100 palillos<\/strong>.<\/li>\n<\/ul>\n<p>&nbsp;<\/p>\n<p><!--more--><\/p>\n<h4><span style=\"font-weight: bold;\"> Otra informaci\u00f3n:<\/span><\/h4>\n<ul>\n<li><strong>Embalaje<\/strong>: Paquete de 100<\/li>\n<li><strong>Longitud<\/strong>: 15 cm<\/li>\n<li><strong>Material<\/strong>: Madera \/ Pl\u00e1stico<\/li>\n<li><strong>Color<\/strong>: Rosa \/ Rojo \/ Amarillo \/ Plata \/ Azul \/ Verde<\/li>\n<\/ul>\n<p>&nbsp;<\/p>\n<p><!--more--><\/p>\n<p>Tambi\u00e9n le puede interesar este producto: <span style=\"color: #d12727;\"><a style=\"color: #d12727;\" href=\"https:\/\/www.csj-emballages.com\/es\/produit\/144-puas-de-paraguas-de-colores-de-9-cm\/\">Sombrillas de colores<\/a><\/span><\/p>\n<p>&nbsp;<\/p>\n<p><!--more--><\/p>\n<p><a href=\"https:\/\/www.csj-emballages.com\/es\/categorie-produit\/envasado-de-alimentos\/carniceria-y-charcuteria\/recogida-de-alimentos\/pinchos-decorativos\/\">Ver el resto de nuestra gama de pinchos decorativos  <\/a><\/p>\n","protected":false},"excerpt":{"rendered":"<p>Picos de palma Descripci\u00f3n de nuestros picos de palma de colores 15 cm por 100<\/p>\n","protected":false},"featured_media":225230,"template":"","meta":{"_acf_changed":false},"product_brand":[],"product_cat":[1150,1143,1324,3867,2926,1816,1824,1145,1791,2927,1488,1799,2929],"product_tag":[],"class_list":{"0":"post-22270","1":"product","2":"type-product","3":"status-publish","4":"has-post-thumbnail","6":"product_cat-envasado-de-alimentos","7":"product_cat-carniceria-y-charcuteria","8":"product_cat-tazas-tarros-vasos","9":"product_cat-recogida-de-alimentos","10":"product_cat-pinchos-decorativos","11":"product_cat-aperitivos","12":"product_cat-picos-de-madera-para-cocteles","13":"product_cat-panaderia-y-pasteleria","14":"product_cat-accesorios-decorativos","15":"product_cat-pinchos-decorativos-es","16":"product_cat-tienda-y-almacen","17":"product_cat-accesorios-decorativos-es","18":"product_cat-pinchos-decorativos-es-2","20":"first","21":"instock","22":"taxable","23":"shipping-taxable","24":"purchasable","25":"product-type-simple"},"acf":[],"yoast_head":"<!-- This site is optimized with the Yoast SEO Premium plugin v26.6 (Yoast SEO v26.6) - https:\/\/yoast.com\/wordpress\/plugins\/seo\/ -->\n<title>Palillos de colores de 15 cm por 100<\/title>\n<meta name=\"description\" content=\"A\u00f1ada color a sus aperitivos con estos palillos palmera de colores de 15 cm (lote de 100). Ideales para c\u00f3cteles, canap\u00e9s y buf\u00e9s festivos\" \/>\n<meta name=\"robots\" content=\"index, follow, max-snippet:-1, max-image-preview:large, max-video-preview:-1\" \/>\n<link rel=\"canonical\" href=\"https:\/\/www.csj-emballages.com\/es\/produit\/100-picos-de-palma-de-colores-de-15-cm\/\" \/>\n<meta property=\"og:locale\" content=\"es_ES\" \/>\n<meta property=\"og:type\" content=\"article\" \/>\n<meta property=\"og:title\" content=\"Palillo palmera de colores 15 cm pack de 100\" \/>\n<meta property=\"og:description\" content=\"A\u00f1ada color a sus aperitivos con estos palillos palmera de colores de 15 cm (lote de 100). Ideales para c\u00f3cteles, canap\u00e9s y buf\u00e9s festivos\" \/>\n<meta property=\"og:url\" content=\"https:\/\/www.csj-emballages.com\/es\/produit\/100-picos-de-palma-de-colores-de-15-cm\/\" \/>\n<meta property=\"og:site_name\" content=\"CSJ Emballages\" \/>\n<meta property=\"article:publisher\" content=\"https:\/\/www.facebook.com\/csjemballages\" \/>\n<meta property=\"article:modified_time\" content=\"2026-04-21T00:14:58+00:00\" \/>\n<meta property=\"og:image\" content=\"https:\/\/www.csj-emballages.com\/wp-content\/uploads\/2024\/03\/Palmier.webp\" \/>\n\t<meta property=\"og:image:width\" content=\"800\" \/>\n\t<meta property=\"og:image:height\" content=\"800\" \/>\n\t<meta property=\"og:image:type\" content=\"image\/webp\" \/>\n<meta name=\"twitter:card\" content=\"summary_large_image\" \/>\n<meta name=\"twitter:label1\" content=\"Tiempo de lectura\" \/>\n\t<meta name=\"twitter:data1\" content=\"2 minutos\" \/>\n<script type=\"application\/ld+json\" class=\"yoast-schema-graph\">{\"@context\":\"https:\/\/schema.org\",\"@graph\":[{\"@type\":\"WebPage\",\"@id\":\"https:\/\/www.csj-emballages.com\/es\/produit\/100-picos-de-palma-de-colores-de-15-cm\/\",\"url\":\"https:\/\/www.csj-emballages.com\/es\/produit\/100-picos-de-palma-de-colores-de-15-cm\/\",\"name\":\"Palillos de colores de 15 cm por 100\",\"isPartOf\":{\"@id\":\"https:\/\/www.csj-emballages.com\/es\/#website\"},\"primaryImageOfPage\":{\"@id\":\"https:\/\/www.csj-emballages.com\/es\/produit\/100-picos-de-palma-de-colores-de-15-cm\/#primaryimage\"},\"image\":{\"@id\":\"https:\/\/www.csj-emballages.com\/es\/produit\/100-picos-de-palma-de-colores-de-15-cm\/#primaryimage\"},\"thumbnailUrl\":\"https:\/\/www.csj-emballages.com\/wp-content\/uploads\/2024\/03\/Palmier.webp\",\"datePublished\":\"2024-03-01T15:51:31+00:00\",\"dateModified\":\"2026-04-21T00:14:58+00:00\",\"description\":\"A\u00f1ada color a sus aperitivos con estos palillos palmera de colores de 15 cm (lote de 100). Ideales para c\u00f3cteles, canap\u00e9s y buf\u00e9s festivos\",\"breadcrumb\":{\"@id\":\"https:\/\/www.csj-emballages.com\/es\/produit\/100-picos-de-palma-de-colores-de-15-cm\/#breadcrumb\"},\"inLanguage\":\"es\",\"potentialAction\":[{\"@type\":\"ReadAction\",\"target\":[\"https:\/\/www.csj-emballages.com\/es\/produit\/100-picos-de-palma-de-colores-de-15-cm\/\"]}]},{\"@type\":\"ImageObject\",\"inLanguage\":\"es\",\"@id\":\"https:\/\/www.csj-emballages.com\/es\/produit\/100-picos-de-palma-de-colores-de-15-cm\/#primaryimage\",\"url\":\"https:\/\/www.csj-emballages.com\/wp-content\/uploads\/2024\/03\/Palmier.webp\",\"contentUrl\":\"https:\/\/www.csj-emballages.com\/wp-content\/uploads\/2024\/03\/Palmier.webp\",\"width\":800,\"height\":800,\"caption\":\"Piques palmier\"},{\"@type\":\"BreadcrumbList\",\"@id\":\"https:\/\/www.csj-emballages.com\/es\/produit\/100-picos-de-palma-de-colores-de-15-cm\/#breadcrumb\",\"itemListElement\":[{\"@type\":\"ListItem\",\"position\":1,\"name\":\"Accueil\",\"item\":\"https:\/\/www.csj-emballages.com\/es\/universo-del-envasado-alimentario\/\"},{\"@type\":\"ListItem\",\"position\":2,\"name\":\"Tienda\",\"item\":\"https:\/\/www.csj-emballages.com\/tienda\/\"},{\"@type\":\"ListItem\",\"position\":3,\"name\":\"Palillo palmera de colores 15 cm pack de 100\"}]},{\"@type\":\"WebSite\",\"@id\":\"https:\/\/www.csj-emballages.com\/es\/#website\",\"url\":\"https:\/\/www.csj-emballages.com\/es\/\",\"name\":\"CSJ Emballages\",\"description\":\"\",\"publisher\":{\"@id\":\"https:\/\/www.csj-emballages.com\/es\/#organization\"},\"potentialAction\":[{\"@type\":\"SearchAction\",\"target\":{\"@type\":\"EntryPoint\",\"urlTemplate\":\"https:\/\/www.csj-emballages.com\/es\/?s={search_term_string}\"},\"query-input\":{\"@type\":\"PropertyValueSpecification\",\"valueRequired\":true,\"valueName\":\"search_term_string\"}}],\"inLanguage\":\"es\"},{\"@type\":\"Organization\",\"@id\":\"https:\/\/www.csj-emballages.com\/es\/#Organization\/\",\"name\":\"CSJ Emballages\",\"url\":\"https:\/\/www.csj-emballages.com\/es\/\",\"logo\":{\"@type\":\"ImageObject\",\"inLanguage\":\"es\",\"@id\":\"https:\/\/www.csj-emballages.com\/es\/#\/schema\/logo\/image\/\",\"url\":\"https:\/\/www.csj-emballages.com\/wp-content\/uploads\/2023\/10\/logo_csj.webp\",\"contentUrl\":\"https:\/\/www.csj-emballages.com\/wp-content\/uploads\/2023\/10\/logo_csj.webp\",\"width\":250,\"height\":95,\"caption\":\"CSJ Emballages\"},\"image\":{\"@id\":\"https:\/\/www.csj-emballages.com\/es\/#\/schema\/logo\/image\/\"},\"sameAs\":[\"https:\/\/www.facebook.com\/csjemballages\"],\"address\":{\"@type\":\"PostalAddress\",\"streetAddress\":\"ZI La Lechere\",\"addressLocality\":\"Patornay\",\"postalCode\":\"39130\",\"addressCountry\":\"FR\"},\"contactPoint\":[{\"@type\":\"ContactPoint\",\"contactType\":\"Service client\",\"telephone\":\"0384254272\",\"email\":\"contact@csj-emballages.com\"}]}]}<\/script>\n<!-- \/ Yoast SEO Premium plugin. -->","yoast_head_json":{"title":"Palillos de colores de 15 cm por 100","description":"A\u00f1ada color a sus aperitivos con estos palillos palmera de colores de 15 cm (lote de 100). Ideales para c\u00f3cteles, canap\u00e9s y buf\u00e9s festivos","robots":{"index":"index","follow":"follow","max-snippet":"max-snippet:-1","max-image-preview":"max-image-preview:large","max-video-preview":"max-video-preview:-1"},"canonical":"https:\/\/www.csj-emballages.com\/es\/produit\/100-picos-de-palma-de-colores-de-15-cm\/","og_locale":"es_ES","og_type":"article","og_title":"Palillo palmera de colores 15 cm pack de 100","og_description":"A\u00f1ada color a sus aperitivos con estos palillos palmera de colores de 15 cm (lote de 100). Ideales para c\u00f3cteles, canap\u00e9s y buf\u00e9s festivos","og_url":"https:\/\/www.csj-emballages.com\/es\/produit\/100-picos-de-palma-de-colores-de-15-cm\/","og_site_name":"CSJ Emballages","article_publisher":"https:\/\/www.facebook.com\/csjemballages","article_modified_time":"2026-04-21T00:14:58+00:00","og_image":[{"width":800,"height":800,"url":"https:\/\/www.csj-emballages.com\/wp-content\/uploads\/2024\/03\/Palmier.webp","type":"image\/webp"}],"twitter_card":"summary_large_image","twitter_misc":{"Tiempo de lectura":"2 minutos"},"schema":{"@context":"https:\/\/schema.org","@graph":[{"@type":"WebPage","@id":"https:\/\/www.csj-emballages.com\/es\/produit\/100-picos-de-palma-de-colores-de-15-cm\/","url":"https:\/\/www.csj-emballages.com\/es\/produit\/100-picos-de-palma-de-colores-de-15-cm\/","name":"Palillos de colores de 15 cm por 100","isPartOf":{"@id":"https:\/\/www.csj-emballages.com\/es\/#website"},"primaryImageOfPage":{"@id":"https:\/\/www.csj-emballages.com\/es\/produit\/100-picos-de-palma-de-colores-de-15-cm\/#primaryimage"},"image":{"@id":"https:\/\/www.csj-emballages.com\/es\/produit\/100-picos-de-palma-de-colores-de-15-cm\/#primaryimage"},"thumbnailUrl":"https:\/\/www.csj-emballages.com\/wp-content\/uploads\/2024\/03\/Palmier.webp","datePublished":"2024-03-01T15:51:31+00:00","dateModified":"2026-04-21T00:14:58+00:00","description":"A\u00f1ada color a sus aperitivos con estos palillos palmera de colores de 15 cm (lote de 100). Ideales para c\u00f3cteles, canap\u00e9s y buf\u00e9s festivos","breadcrumb":{"@id":"https:\/\/www.csj-emballages.com\/es\/produit\/100-picos-de-palma-de-colores-de-15-cm\/#breadcrumb"},"inLanguage":"es","potentialAction":[{"@type":"ReadAction","target":["https:\/\/www.csj-emballages.com\/es\/produit\/100-picos-de-palma-de-colores-de-15-cm\/"]}]},{"@type":"ImageObject","inLanguage":"es","@id":"https:\/\/www.csj-emballages.com\/es\/produit\/100-picos-de-palma-de-colores-de-15-cm\/#primaryimage","url":"https:\/\/www.csj-emballages.com\/wp-content\/uploads\/2024\/03\/Palmier.webp","contentUrl":"https:\/\/www.csj-emballages.com\/wp-content\/uploads\/2024\/03\/Palmier.webp","width":800,"height":800,"caption":"Piques palmier"},{"@type":"BreadcrumbList","@id":"https:\/\/www.csj-emballages.com\/es\/produit\/100-picos-de-palma-de-colores-de-15-cm\/#breadcrumb","itemListElement":[{"@type":"ListItem","position":1,"name":"Accueil","item":"https:\/\/www.csj-emballages.com\/es\/universo-del-envasado-alimentario\/"},{"@type":"ListItem","position":2,"name":"Tienda","item":"https:\/\/www.csj-emballages.com\/tienda\/"},{"@type":"ListItem","position":3,"name":"Palillo palmera de colores 15 cm pack de 100"}]},{"@type":"WebSite","@id":"https:\/\/www.csj-emballages.com\/es\/#website","url":"https:\/\/www.csj-emballages.com\/es\/","name":"CSJ Emballages","description":"","publisher":{"@id":"https:\/\/www.csj-emballages.com\/es\/#organization"},"potentialAction":[{"@type":"SearchAction","target":{"@type":"EntryPoint","urlTemplate":"https:\/\/www.csj-emballages.com\/es\/?s={search_term_string}"},"query-input":{"@type":"PropertyValueSpecification","valueRequired":true,"valueName":"search_term_string"}}],"inLanguage":"es"},{"@type":"Organization","@id":"https:\/\/www.csj-emballages.com\/es\/#Organization\/","name":"CSJ Emballages","url":"https:\/\/www.csj-emballages.com\/es\/","logo":{"@type":"ImageObject","inLanguage":"es","@id":"https:\/\/www.csj-emballages.com\/es\/#\/schema\/logo\/image\/","url":"https:\/\/www.csj-emballages.com\/wp-content\/uploads\/2023\/10\/logo_csj.webp","contentUrl":"https:\/\/www.csj-emballages.com\/wp-content\/uploads\/2023\/10\/logo_csj.webp","width":250,"height":95,"caption":"CSJ Emballages"},"image":{"@id":"https:\/\/www.csj-emballages.com\/es\/#\/schema\/logo\/image\/"},"sameAs":["https:\/\/www.facebook.com\/csjemballages"],"address":{"@type":"PostalAddress","streetAddress":"ZI La Lechere","addressLocality":"Patornay","postalCode":"39130","addressCountry":"FR"},"contactPoint":[{"@type":"ContactPoint","contactType":"Service client","telephone":"0384254272","email":"contact@csj-emballages.com"}]}]}},"df_price":3.92,"df_sale_price":"","df_regular_price":3.92,"df_image_link":"https:\/\/www.csj-emballages.com\/wp-content\/uploads\/2024\/03\/Palmier-300x300.webp","tiered_pricing_type":"fixed","tiered_pricing_fixed_rules":[],"tiered_pricing_percentage_rules":[],"tiered_pricing_minimum":1,"tiered_pricing_roles_data":[],"_links":{"self":[{"href":"https:\/\/www.csj-emballages.com\/es\/wp-json\/wp\/v2\/product\/22270","targetHints":{"allow":["GET"]}}],"collection":[{"href":"https:\/\/www.csj-emballages.com\/es\/wp-json\/wp\/v2\/product"}],"about":[{"href":"https:\/\/www.csj-emballages.com\/es\/wp-json\/wp\/v2\/types\/product"}],"wp:featuredmedia":[{"embeddable":true,"href":"https:\/\/www.csj-emballages.com\/es\/wp-json\/wp\/v2\/media\/225230"}],"wp:attachment":[{"href":"https:\/\/www.csj-emballages.com\/es\/wp-json\/wp\/v2\/media?parent=22270"}],"wp:term":[{"taxonomy":"product_brand","embeddable":true,"href":"https:\/\/www.csj-emballages.com\/es\/wp-json\/wp\/v2\/product_brand?post=22270"},{"taxonomy":"product_cat","embeddable":true,"href":"https:\/\/www.csj-emballages.com\/es\/wp-json\/wp\/v2\/product_cat?post=22270"},{"taxonomy":"product_tag","embeddable":true,"href":"https:\/\/www.csj-emballages.com\/es\/wp-json\/wp\/v2\/product_tag?post=22270"}],"curies":[{"name":"wp","href":"https:\/\/api.w.org\/{rel}","templated":true}]}}