{"id":22200,"date":"2024-03-01T16:51:37","date_gmt":"2024-03-01T15:51:37","guid":{"rendered":"https:\/\/u15jnbdpoq.preview.infomaniak.website\/produit\/rollo-de-mantel-de-papel-damasco-chocolate-118-x-25-m\/"},"modified":"2026-04-03T02:17:55","modified_gmt":"2026-04-03T00:17:55","slug":"rollo-de-mantel-de-papel-damasco-chocolate-118-x-25-m","status":"publish","type":"product","link":"https:\/\/www.csj-emballages.com\/es\/produit\/rollo-de-mantel-de-papel-damasco-chocolate-118-x-25-m\/","title":{"rendered":"Mantel de papel damasco chocolate en rollo 1,20 x 25 m"},"content":{"rendered":"<h2>Mantel de papel<\/h2>\n<hr>\n<h3>Descripci\u00f3n de nuestro mantel de papel damasco chocolate en rollo 1,20 x 25 m<\/h3>\n<p><!--more--><\/p>\n<p>El <strong>mantel de papel adamascado<\/strong> <strong>chocolate en rollo de 1,20 x 25 m<\/strong> es una soluci\u00f3n ideal para quienes buscan a la vez practicidad y est\u00e9tica. Dise\u00f1ado para dar a sus mesas un aspecto cuidado y elegante, este <strong>mantel adamascado<\/strong> combina una textura agradable con la facilidad de uso. Es especialmente popular para recepciones, comidas familiares y otros eventos. Adem\u00e1s, gracias a su formato en rollo, se adapta f\u00e1cilmente a mesas de distintos tama\u00f1os.   <\/p>\n<p>El <strong>mantel marr\u00f3n<\/strong> es una elecci\u00f3n atemporal que combina perfectamente con muchos tipos de decoraci\u00f3n. Su dise\u00f1o sobrio y elegante realza la vajilla a la vez que proporciona un entorno de comedor cuidado. Puede utilizarse para comidas informales o eventos m\u00e1s sofisticados. F\u00e1cil de cortar, crea la cubierta perfecta para adaptarse al tama\u00f1o de la mesa. Es un producto sencillo que facilita la preparaci\u00f3n de las comidas al tiempo que a\u00f1ade un toque de clase.    <\/p>\n<p>&nbsp;<\/p>\n<p><!--more--><\/p>\n<h4><strong>Una soluci\u00f3n pr\u00e1ctica para todo tipo de eventos<\/strong><\/h4>\n<p>Una de las principales ventajas de este <strong>mantel de papel<\/strong> es su facilidad de uso. Est\u00e1 listo para usar nada m\u00e1s desenrollarlo, lo que le ahorrar\u00e1 tiempo a la hora de preparar sus eventos. Una vez colocado, el mantel <strong>damasco<\/strong> confiere inmediatamente un aspecto refinado a la mesa, a la vez que es muy f\u00e1cil de mantener. Al final del evento, basta con tirarlo. Esto elimina la necesidad de limpieza, lo que supone una ventaja considerable para quienes desean simplificar la organizaci\u00f3n de sus comidas.    <\/p>\n<p>Su textura <strong>adamascada<\/strong> a\u00f1ade adem\u00e1s una agradable dimensi\u00f3n visual. El <strong>mantel marr\u00f3n<\/strong> est\u00e1 sutilmente estampado, lo que a\u00f1ade un ligero relieve y un toque de elegancia. A diferencia de los manteles normales, tiene un aspecto refinado pero funcional. Este producto es tan adecuado para cenas en casa como para grandes recepciones, como bodas, cumplea\u00f1os o fiestas de empresa.   <\/p>\n<p>Adem\u00e1s, el <strong>rollo de 25 metros<\/strong> permite cubrir una gran superficie. Puede utilizarlo para varios eventos o para una mesa grande. El formato en rollo tambi\u00e9n garantiza un almacenamiento pr\u00e1ctico, evitando desperdicios. Puede cortar la cantidad que necesite para cada evento, por lo que resulta econ\u00f3mico.   <\/p>\n<p>&nbsp;<\/p>\n<p><!--more--><\/p>\n<h4><strong>Un mantel f\u00e1cil de usar y mantener<\/strong><\/h4>\n<p>Este <strong>mantel de papel<\/strong> es muy f\u00e1cil de usar. No requiere ninguna preparaci\u00f3n especial. Basta con desenrollarlo y colocarlo sobre la mesa. Gracias a su agradable textura y sus generosas dimensiones, cubre la superficie de la mesa sin esfuerzo. En cuanto al mantenimiento, no puede ser m\u00e1s sencillo. A diferencia de los manteles de tela, no es necesario lavar este <strong>mantel marr\u00f3n<\/strong>. Una vez terminado el evento, basta con tirarlo. As\u00ed ahorrar\u00e1 tiempo y el estr\u00e9s de limpiar los manteles tradicionales. Este producto es una opci\u00f3n ideal para quienes buscan una soluci\u00f3n pr\u00e1ctica pero con estilo.        <\/p>\n<p>En resumen, el <strong>mantel de papel<\/strong> <strong>damasco chocolate en rollo de 1,20 x 25 m<\/strong> es una soluci\u00f3n sencilla, pr\u00e1ctica y econ\u00f3mica para vestir sus mesas en eventos. Combina est\u00e9tica y facilidad de uso, con la ventaja de no necesitar mantenimiento despu\u00e9s del evento. <\/p>\n<p>&nbsp;<\/p>\n<p><!--more--><\/p>\n<p><strong>Ventajas:<\/strong><\/p>\n<ul>\n<li><strong>Pr\u00e1ctico<\/strong>: f\u00e1cil de desenrollar e instalar, se adapta a todos los tama\u00f1os de mesa.<\/li>\n<li><strong>Ahorra tiempo<\/strong>: no hace falta lavarla ni plancharla, basta con tirarla una vez terminado el evento.<\/li>\n<li><strong>Econ\u00f3mico<\/strong>: el formato de rollo de 25 metros le permite utilizar la cantidad que necesite sin derrochar.<\/li>\n<li><strong>Est\u00e9tica sencilla y elegante<\/strong>: El dise\u00f1o adamascado a\u00f1ade un toque refinado.<\/li>\n<\/ul>\n<p>&nbsp;<\/p>\n<p><!--more--><\/p>\n<h4>Informaci\u00f3n adicional :<\/h4>\n<ul>\n<li><strong>Embalaje<\/strong>: Por unidad<\/li>\n<li><strong>Dimensiones<\/strong>: 1,20 x 25 m (ancho x largo)<\/li>\n<li><strong>Color<\/strong>: chocolate<\/li>\n<li><strong>Material<\/strong>: Papel<\/li>\n<li><strong>Categor\u00eda<\/strong>: Damasco<\/li>\n<li><strong>Uso<\/strong>: Desechable<\/li>\n<\/ul>\n<p>&nbsp;<\/p>\n<p><!--more--><\/p>\n<p><span style=\"color: #d12727;\"><span style=\"color: #000000;\">Producto disponible en varios colores: <a style=\"color: #d12727;\" href=\"https:\/\/www.csj-emballages.com\/es\/produit\/rollo-de-mantel-de-papel-damasco-blanco-120-x-25-m\/\">Blanco<\/a> \/ <a style=\"color: #d12727;\" href=\"https:\/\/www.csj-emballages.com\/es\/produit\/mantel-de-papel-damasco-rosa-pastel-en-rollo-120-x-25-m\/\">Rosa pastel<\/a> \/ <a style=\"color: #d12727;\" href=\"https:\/\/www.csj-emballages.com\/es\/produit\/mantel-de-papel-damasco-negro-en-rollo-120-x-25-m\/\">Negro<\/a> \/ <a style=\"color: #d12727;\" href=\"https:\/\/www.csj-emballages.com\/es\/produit\/mantel-de-papel-damasco-rojo-en-rollo-120-x-25-m\/\">Rojo<\/a> \/ <a style=\"color: #d12727;\" href=\"https:\/\/www.csj-emballages.com\/es\/produit\/mantel-de-papel-damasco-azul-pastel-en-rollo-120-x-25-m\/\">Azul pastel<\/a> \/ <a style=\"color: #d12727;\" href=\"https:\/\/www.csj-emballages.com\/es\/produit\/mantel-de-papel-damasco-gris-en-rollo-120-x-25-m\/\">Gris<\/a> \/ <a style=\"color: #d12727;\" href=\"https:\/\/www.csj-emballages.com\/es\/produit\/mantel-de-papel-damasco-burdeos-en-rollo-120-x-25-m\/\">Burdeos<\/a> \/ <a style=\"color: #d12727;\" href=\"https:\/\/www.csj-emballages.com\/es\/produit\/mantel-de-papel-damasco-marfil-en-rollo-120-x-25-m\/\">Marfil<\/a> \/ <a style=\"color: #d12727;\" href=\"https:\/\/www.csj-emballages.com\/es\/produit\/mantel-de-papel-damasco-verde-abeto-en-rollo-120-x-25-m\/\">Verde abeto<\/a> \/ <a style=\"color: #d12727;\" href=\"https:\/\/www.csj-emballages.com\/es\/produit\/mantel-de-papel-damasco-papel-verde-anis-en-rollo-120-x-25-m\/\">Verde an\u00eds<\/a><\/span><\/span><\/p>\n<p>&nbsp;<\/p>\n<p><!--more--><\/p>\n<p><a href=\"https:\/\/www.csj-emballages.com\/es\/categorie-produit\/envasado-de-alimentos\/catering-es\/servilletas-manteles-individuales-manteles\/manteles\/manteles-de-damasco\/\">Ver el resto de nuestra gama de manteles adamascados<\/a><\/p>\n","protected":false},"excerpt":{"rendered":"<p>Mantel de papel Descripci\u00f3n de nuestro mantel de papel damasco chocolate en rollo 1,20 x 25 m<\/p>\n","protected":false},"featured_media":200456,"template":"","meta":{"_acf_changed":false},"product_brand":[],"product_cat":[1150,1179,1182,2910,2913],"product_tag":[],"class_list":{"0":"post-22200","1":"product","2":"type-product","3":"status-publish","4":"has-post-thumbnail","6":"product_cat-envasado-de-alimentos","7":"product_cat-catering-es","8":"product_cat-servilletas-manteles-individuales-manteles","9":"product_cat-manteles","10":"product_cat-manteles-de-damasco","11":"product_shipping_class-no-permitido-en-reles","13":"first","14":"instock","15":"taxable","16":"shipping-taxable","17":"purchasable","18":"product-type-simple"},"acf":[],"yoast_head":"<!-- This site is optimized with the Yoast SEO Premium plugin v26.6 (Yoast SEO v26.6) - https:\/\/yoast.com\/wordpress\/plugins\/seo\/ -->\n<title>Mantel de Papel Damasco Chocolate - 1,18 x 25 m<\/title>\n<meta name=\"description\" content=\"Mantel de papel damasco chocolate en rollo de 1,20 x 25 m, pr\u00e1ctico, elegante y f\u00e1cil de usar para sus eventos.\" \/>\n<meta name=\"robots\" content=\"index, follow, max-snippet:-1, max-image-preview:large, max-video-preview:-1\" \/>\n<link rel=\"canonical\" href=\"https:\/\/www.csj-emballages.com\/es\/produit\/rollo-de-mantel-de-papel-damasco-chocolate-118-x-25-m\/\" \/>\n<meta property=\"og:locale\" content=\"es_ES\" \/>\n<meta property=\"og:type\" content=\"article\" \/>\n<meta property=\"og:title\" content=\"Mantel de papel damasco chocolate en rollo 1,20 x 25 m\" \/>\n<meta property=\"og:description\" content=\"Mantel de papel damasco chocolate en rollo de 1,20 x 25 m, pr\u00e1ctico, elegante y f\u00e1cil de usar para sus eventos.\" \/>\n<meta property=\"og:url\" content=\"https:\/\/www.csj-emballages.com\/es\/produit\/rollo-de-mantel-de-papel-damasco-chocolate-118-x-25-m\/\" \/>\n<meta property=\"og:site_name\" content=\"CSJ Emballages\" \/>\n<meta property=\"article:publisher\" content=\"https:\/\/www.facebook.com\/csjemballages\" \/>\n<meta property=\"article:modified_time\" content=\"2026-04-03T00:17:55+00:00\" \/>\n<meta property=\"og:image\" content=\"https:\/\/www.csj-emballages.com\/wp-content\/uploads\/2024\/03\/Nappe-damassee-chocolat.webp\" \/>\n\t<meta property=\"og:image:width\" content=\"800\" \/>\n\t<meta property=\"og:image:height\" content=\"800\" \/>\n\t<meta property=\"og:image:type\" content=\"image\/webp\" \/>\n<meta name=\"twitter:card\" content=\"summary_large_image\" \/>\n<meta name=\"twitter:label1\" content=\"Tiempo de lectura\" \/>\n\t<meta name=\"twitter:data1\" content=\"3 minutos\" \/>\n<script type=\"application\/ld+json\" class=\"yoast-schema-graph\">{\"@context\":\"https:\/\/schema.org\",\"@graph\":[{\"@type\":\"WebPage\",\"@id\":\"https:\/\/www.csj-emballages.com\/es\/produit\/rollo-de-mantel-de-papel-damasco-chocolate-118-x-25-m\/\",\"url\":\"https:\/\/www.csj-emballages.com\/es\/produit\/rollo-de-mantel-de-papel-damasco-chocolate-118-x-25-m\/\",\"name\":\"Mantel de Papel Damasco Chocolate - 1,18 x 25 m\",\"isPartOf\":{\"@id\":\"https:\/\/www.csj-emballages.com\/es\/#website\"},\"primaryImageOfPage\":{\"@id\":\"https:\/\/www.csj-emballages.com\/es\/produit\/rollo-de-mantel-de-papel-damasco-chocolate-118-x-25-m\/#primaryimage\"},\"image\":{\"@id\":\"https:\/\/www.csj-emballages.com\/es\/produit\/rollo-de-mantel-de-papel-damasco-chocolate-118-x-25-m\/#primaryimage\"},\"thumbnailUrl\":\"https:\/\/www.csj-emballages.com\/wp-content\/uploads\/2024\/03\/Nappe-damassee-chocolat.webp\",\"datePublished\":\"2024-03-01T15:51:37+00:00\",\"dateModified\":\"2026-04-03T00:17:55+00:00\",\"description\":\"Mantel de papel damasco chocolate en rollo de 1,20 x 25 m, pr\u00e1ctico, elegante y f\u00e1cil de usar para sus eventos.\",\"breadcrumb\":{\"@id\":\"https:\/\/www.csj-emballages.com\/es\/produit\/rollo-de-mantel-de-papel-damasco-chocolate-118-x-25-m\/#breadcrumb\"},\"inLanguage\":\"es\",\"potentialAction\":[{\"@type\":\"ReadAction\",\"target\":[\"https:\/\/www.csj-emballages.com\/es\/produit\/rollo-de-mantel-de-papel-damasco-chocolate-118-x-25-m\/\"]}]},{\"@type\":\"ImageObject\",\"inLanguage\":\"es\",\"@id\":\"https:\/\/www.csj-emballages.com\/es\/produit\/rollo-de-mantel-de-papel-damasco-chocolate-118-x-25-m\/#primaryimage\",\"url\":\"https:\/\/www.csj-emballages.com\/wp-content\/uploads\/2024\/03\/Nappe-damassee-chocolat.webp\",\"contentUrl\":\"https:\/\/www.csj-emballages.com\/wp-content\/uploads\/2024\/03\/Nappe-damassee-chocolat.webp\",\"width\":800,\"height\":800,\"caption\":\"Nappe papier\"},{\"@type\":\"BreadcrumbList\",\"@id\":\"https:\/\/www.csj-emballages.com\/es\/produit\/rollo-de-mantel-de-papel-damasco-chocolate-118-x-25-m\/#breadcrumb\",\"itemListElement\":[{\"@type\":\"ListItem\",\"position\":1,\"name\":\"Accueil\",\"item\":\"https:\/\/www.csj-emballages.com\/es\/universo-del-envasado-alimentario\/\"},{\"@type\":\"ListItem\",\"position\":2,\"name\":\"Tienda\",\"item\":\"https:\/\/www.csj-emballages.com\/tienda\/\"},{\"@type\":\"ListItem\",\"position\":3,\"name\":\"Mantel de papel damasco chocolate en rollo 1,20 x 25 m\"}]},{\"@type\":\"WebSite\",\"@id\":\"https:\/\/www.csj-emballages.com\/es\/#website\",\"url\":\"https:\/\/www.csj-emballages.com\/es\/\",\"name\":\"CSJ Emballages\",\"description\":\"\",\"publisher\":{\"@id\":\"https:\/\/www.csj-emballages.com\/es\/#organization\"},\"potentialAction\":[{\"@type\":\"SearchAction\",\"target\":{\"@type\":\"EntryPoint\",\"urlTemplate\":\"https:\/\/www.csj-emballages.com\/es\/?s={search_term_string}\"},\"query-input\":{\"@type\":\"PropertyValueSpecification\",\"valueRequired\":true,\"valueName\":\"search_term_string\"}}],\"inLanguage\":\"es\"},{\"@type\":\"Organization\",\"@id\":\"https:\/\/www.csj-emballages.com\/es\/#Organization\/\",\"name\":\"CSJ Emballages\",\"url\":\"https:\/\/www.csj-emballages.com\/es\/\",\"logo\":{\"@type\":\"ImageObject\",\"inLanguage\":\"es\",\"@id\":\"https:\/\/www.csj-emballages.com\/es\/#\/schema\/logo\/image\/\",\"url\":\"https:\/\/www.csj-emballages.com\/wp-content\/uploads\/2023\/10\/logo_csj.webp\",\"contentUrl\":\"https:\/\/www.csj-emballages.com\/wp-content\/uploads\/2023\/10\/logo_csj.webp\",\"width\":250,\"height\":95,\"caption\":\"CSJ Emballages\"},\"image\":{\"@id\":\"https:\/\/www.csj-emballages.com\/es\/#\/schema\/logo\/image\/\"},\"sameAs\":[\"https:\/\/www.facebook.com\/csjemballages\"],\"address\":{\"@type\":\"PostalAddress\",\"streetAddress\":\"ZI La Lechere\",\"addressLocality\":\"Patornay\",\"postalCode\":\"39130\",\"addressCountry\":\"FR\"},\"contactPoint\":[{\"@type\":\"ContactPoint\",\"contactType\":\"Service client\",\"telephone\":\"0384254272\",\"email\":\"contact@csj-emballages.com\"}]}]}<\/script>\n<!-- \/ Yoast SEO Premium plugin. -->","yoast_head_json":{"title":"Mantel de Papel Damasco Chocolate - 1,18 x 25 m","description":"Mantel de papel damasco chocolate en rollo de 1,20 x 25 m, pr\u00e1ctico, elegante y f\u00e1cil de usar para sus eventos.","robots":{"index":"index","follow":"follow","max-snippet":"max-snippet:-1","max-image-preview":"max-image-preview:large","max-video-preview":"max-video-preview:-1"},"canonical":"https:\/\/www.csj-emballages.com\/es\/produit\/rollo-de-mantel-de-papel-damasco-chocolate-118-x-25-m\/","og_locale":"es_ES","og_type":"article","og_title":"Mantel de papel damasco chocolate en rollo 1,20 x 25 m","og_description":"Mantel de papel damasco chocolate en rollo de 1,20 x 25 m, pr\u00e1ctico, elegante y f\u00e1cil de usar para sus eventos.","og_url":"https:\/\/www.csj-emballages.com\/es\/produit\/rollo-de-mantel-de-papel-damasco-chocolate-118-x-25-m\/","og_site_name":"CSJ Emballages","article_publisher":"https:\/\/www.facebook.com\/csjemballages","article_modified_time":"2026-04-03T00:17:55+00:00","og_image":[{"width":800,"height":800,"url":"https:\/\/www.csj-emballages.com\/wp-content\/uploads\/2024\/03\/Nappe-damassee-chocolat.webp","type":"image\/webp"}],"twitter_card":"summary_large_image","twitter_misc":{"Tiempo de lectura":"3 minutos"},"schema":{"@context":"https:\/\/schema.org","@graph":[{"@type":"WebPage","@id":"https:\/\/www.csj-emballages.com\/es\/produit\/rollo-de-mantel-de-papel-damasco-chocolate-118-x-25-m\/","url":"https:\/\/www.csj-emballages.com\/es\/produit\/rollo-de-mantel-de-papel-damasco-chocolate-118-x-25-m\/","name":"Mantel de Papel Damasco Chocolate - 1,18 x 25 m","isPartOf":{"@id":"https:\/\/www.csj-emballages.com\/es\/#website"},"primaryImageOfPage":{"@id":"https:\/\/www.csj-emballages.com\/es\/produit\/rollo-de-mantel-de-papel-damasco-chocolate-118-x-25-m\/#primaryimage"},"image":{"@id":"https:\/\/www.csj-emballages.com\/es\/produit\/rollo-de-mantel-de-papel-damasco-chocolate-118-x-25-m\/#primaryimage"},"thumbnailUrl":"https:\/\/www.csj-emballages.com\/wp-content\/uploads\/2024\/03\/Nappe-damassee-chocolat.webp","datePublished":"2024-03-01T15:51:37+00:00","dateModified":"2026-04-03T00:17:55+00:00","description":"Mantel de papel damasco chocolate en rollo de 1,20 x 25 m, pr\u00e1ctico, elegante y f\u00e1cil de usar para sus eventos.","breadcrumb":{"@id":"https:\/\/www.csj-emballages.com\/es\/produit\/rollo-de-mantel-de-papel-damasco-chocolate-118-x-25-m\/#breadcrumb"},"inLanguage":"es","potentialAction":[{"@type":"ReadAction","target":["https:\/\/www.csj-emballages.com\/es\/produit\/rollo-de-mantel-de-papel-damasco-chocolate-118-x-25-m\/"]}]},{"@type":"ImageObject","inLanguage":"es","@id":"https:\/\/www.csj-emballages.com\/es\/produit\/rollo-de-mantel-de-papel-damasco-chocolate-118-x-25-m\/#primaryimage","url":"https:\/\/www.csj-emballages.com\/wp-content\/uploads\/2024\/03\/Nappe-damassee-chocolat.webp","contentUrl":"https:\/\/www.csj-emballages.com\/wp-content\/uploads\/2024\/03\/Nappe-damassee-chocolat.webp","width":800,"height":800,"caption":"Nappe papier"},{"@type":"BreadcrumbList","@id":"https:\/\/www.csj-emballages.com\/es\/produit\/rollo-de-mantel-de-papel-damasco-chocolate-118-x-25-m\/#breadcrumb","itemListElement":[{"@type":"ListItem","position":1,"name":"Accueil","item":"https:\/\/www.csj-emballages.com\/es\/universo-del-envasado-alimentario\/"},{"@type":"ListItem","position":2,"name":"Tienda","item":"https:\/\/www.csj-emballages.com\/tienda\/"},{"@type":"ListItem","position":3,"name":"Mantel de papel damasco chocolate en rollo 1,20 x 25 m"}]},{"@type":"WebSite","@id":"https:\/\/www.csj-emballages.com\/es\/#website","url":"https:\/\/www.csj-emballages.com\/es\/","name":"CSJ Emballages","description":"","publisher":{"@id":"https:\/\/www.csj-emballages.com\/es\/#organization"},"potentialAction":[{"@type":"SearchAction","target":{"@type":"EntryPoint","urlTemplate":"https:\/\/www.csj-emballages.com\/es\/?s={search_term_string}"},"query-input":{"@type":"PropertyValueSpecification","valueRequired":true,"valueName":"search_term_string"}}],"inLanguage":"es"},{"@type":"Organization","@id":"https:\/\/www.csj-emballages.com\/es\/#Organization\/","name":"CSJ Emballages","url":"https:\/\/www.csj-emballages.com\/es\/","logo":{"@type":"ImageObject","inLanguage":"es","@id":"https:\/\/www.csj-emballages.com\/es\/#\/schema\/logo\/image\/","url":"https:\/\/www.csj-emballages.com\/wp-content\/uploads\/2023\/10\/logo_csj.webp","contentUrl":"https:\/\/www.csj-emballages.com\/wp-content\/uploads\/2023\/10\/logo_csj.webp","width":250,"height":95,"caption":"CSJ Emballages"},"image":{"@id":"https:\/\/www.csj-emballages.com\/es\/#\/schema\/logo\/image\/"},"sameAs":["https:\/\/www.facebook.com\/csjemballages"],"address":{"@type":"PostalAddress","streetAddress":"ZI La Lechere","addressLocality":"Patornay","postalCode":"39130","addressCountry":"FR"},"contactPoint":[{"@type":"ContactPoint","contactType":"Service client","telephone":"0384254272","email":"contact@csj-emballages.com"}]}]}},"df_price":12.1,"df_sale_price":"","df_regular_price":12.1,"df_image_link":"https:\/\/www.csj-emballages.com\/wp-content\/uploads\/2024\/03\/Nappe-damassee-chocolat-300x300.webp","tiered_pricing_type":"fixed","tiered_pricing_fixed_rules":[],"tiered_pricing_percentage_rules":[],"tiered_pricing_minimum":1,"tiered_pricing_roles_data":[],"_links":{"self":[{"href":"https:\/\/www.csj-emballages.com\/es\/wp-json\/wp\/v2\/product\/22200","targetHints":{"allow":["GET"]}}],"collection":[{"href":"https:\/\/www.csj-emballages.com\/es\/wp-json\/wp\/v2\/product"}],"about":[{"href":"https:\/\/www.csj-emballages.com\/es\/wp-json\/wp\/v2\/types\/product"}],"wp:featuredmedia":[{"embeddable":true,"href":"https:\/\/www.csj-emballages.com\/es\/wp-json\/wp\/v2\/media\/200456"}],"wp:attachment":[{"href":"https:\/\/www.csj-emballages.com\/es\/wp-json\/wp\/v2\/media?parent=22200"}],"wp:term":[{"taxonomy":"product_brand","embeddable":true,"href":"https:\/\/www.csj-emballages.com\/es\/wp-json\/wp\/v2\/product_brand?post=22200"},{"taxonomy":"product_cat","embeddable":true,"href":"https:\/\/www.csj-emballages.com\/es\/wp-json\/wp\/v2\/product_cat?post=22200"},{"taxonomy":"product_tag","embeddable":true,"href":"https:\/\/www.csj-emballages.com\/es\/wp-json\/wp\/v2\/product_tag?post=22200"}],"curies":[{"name":"wp","href":"https:\/\/api.w.org\/{rel}","templated":true}]}}