{"id":22192,"date":"2024-03-01T16:51:37","date_gmt":"2024-03-01T15:51:37","guid":{"rendered":"https:\/\/u15jnbdpoq.preview.infomaniak.website\/produit\/144-puas-de-paraguas-de-colores-de-9-cm\/"},"modified":"2026-04-24T02:14:56","modified_gmt":"2026-04-24T00:14:56","slug":"144-puas-de-paraguas-de-colores-de-9-cm","status":"publish","type":"product","link":"https:\/\/www.csj-emballages.com\/es\/produit\/144-puas-de-paraguas-de-colores-de-9-cm\/","title":{"rendered":"P\u00faa sombrilla colorida de 9 cm por 144"},"content":{"rendered":"<h2 class=\"p1\">Parag\u00fceros<\/h2>\n<hr>\n<h3>Descripci\u00f3n de nuestras varillas de colores para paraguas de 9 cm por 144<\/h3>\n<p><!--more--><\/p>\n<p>A\u00f1ade un toque festivo y ex\u00f3tico a tus bebidas y platos con estos <strong data-start=\"108\" data-end=\"145\">coloridos picos de paraguas de 9 cm<\/strong>. Ideales para realzar c\u00f3cteles, postres y buffets, aportan un toque decorativo divertido y original. Fabricados en <strong>madera<\/strong> con un <strong>paraguas de papel de colores<\/strong>, son f\u00e1ciles de usar y perfectos para eventos, ya sea para un bar, un catering o una fiesta en casa. <\/p>\n<p>&nbsp;<\/p>\n<p><!--more--><\/p>\n<h4>Ventajas :<\/h4>\n<ul>\n<li data-start=\"455\" data-end=\"535\">Ideales para c\u00f3cteles, postres y aperitivos.<\/li>\n<li data-start=\"536\" data-end=\"618\">Formato pr\u00e1ctico de 9 cm para un manejo sencillo.<\/li>\n<li data-start=\"619\" data-end=\"695\">Estas p\u00faas paraguas est\u00e1n disponibles en una variedad de colores para una presentaci\u00f3n atractiva.<\/li>\n<li data-start=\"696\" data-end=\"811\">Perfectas para bares, restaurantes, empresas de catering y fiestas privadas.<\/li>\n<\/ul>\n<p>&nbsp;<\/p>\n<p><!--more--><\/p>\n<h4><span style=\"font-weight: bold;\"> Otra informaci\u00f3n:<\/span><\/h4>\n<ul>\n<li><strong>Embalaje<\/strong>: Paquete de 144<\/li>\n<li><strong>Longitud<\/strong>: 9 cm<\/li>\n<li><strong>Material<\/strong>: Madera \/ Pl\u00e1stico<\/li>\n<li><strong>Color<\/strong>: Azul \/ Naranja \/ Rojo \/ Amarillo \/ Verde<\/li>\n<\/ul>\n<p>&nbsp;<\/p>\n<p><!--more--><\/p>\n<p>Tambi\u00e9n le puede interesar este producto: <span style=\"color: #d12727;\"><a style=\"color: #d12727;\" href=\"https:\/\/www.csj-emballages.com\/es\/produit\/100-picos-de-palma-de-colores-de-15-cm\/\">Picos de palma de colores<\/a><\/span><\/p>\n<p>&nbsp;<\/p>\n<p><!--more--><\/p>\n<p><a href=\"https:\/\/www.csj-emballages.com\/es\/categorie-produit\/envasado-de-alimentos\/carniceria-y-charcuteria\/recogida-de-alimentos\/pinchos-decorativos\/\">Ver el resto de nuestra gama de pinchos decorativos  <\/a><\/p>\n","protected":false},"excerpt":{"rendered":"<p>Parag\u00fceros Descripci\u00f3n de nuestras varillas de colores para paraguas de 9 cm por 144<\/p>\n","protected":false},"featured_media":225236,"template":"","meta":{"_acf_changed":false},"product_brand":[],"product_cat":[1150,1143,1324,2926,1816,1824,1145,1791,2927,1488,1799,2929],"product_tag":[],"class_list":{"0":"post-22192","1":"product","2":"type-product","3":"status-publish","4":"has-post-thumbnail","6":"product_cat-envasado-de-alimentos","7":"product_cat-carniceria-y-charcuteria","8":"product_cat-tazas-tarros-vasos","9":"product_cat-pinchos-decorativos","10":"product_cat-aperitivos","11":"product_cat-picos-de-madera-para-cocteles","12":"product_cat-panaderia-y-pasteleria","13":"product_cat-accesorios-decorativos","14":"product_cat-pinchos-decorativos-es","15":"product_cat-tienda-y-almacen","16":"product_cat-accesorios-decorativos-es","17":"product_cat-pinchos-decorativos-es-2","19":"first","20":"instock","21":"taxable","22":"shipping-taxable","23":"purchasable","24":"product-type-simple"},"acf":[],"yoast_head":"<!-- This site is optimized with the Yoast SEO Premium plugin v26.6 (Yoast SEO v26.6) - https:\/\/yoast.com\/wordpress\/plugins\/seo\/ -->\n<title>Pinzas de colores para paraguas 9 cm por 144<\/title>\n<meta name=\"description\" content=\"\u00a1A\u00f1ada un toque festivo a sus c\u00f3cteles y postres con estas p\u00faas sombrilla coloridas de 9 cm! Ideales para bares, empresas de catering y particulares.\" \/>\n<meta name=\"robots\" content=\"index, follow, max-snippet:-1, max-image-preview:large, max-video-preview:-1\" \/>\n<link rel=\"canonical\" href=\"https:\/\/www.csj-emballages.com\/es\/produit\/144-puas-de-paraguas-de-colores-de-9-cm\/\" \/>\n<meta property=\"og:locale\" content=\"es_ES\" \/>\n<meta property=\"og:type\" content=\"article\" \/>\n<meta property=\"og:title\" content=\"P\u00faa sombrilla colorida de 9 cm por 144\" \/>\n<meta property=\"og:description\" content=\"\u00a1A\u00f1ada un toque festivo a sus c\u00f3cteles y postres con estas p\u00faas sombrilla coloridas de 9 cm! Ideales para bares, empresas de catering y particulares.\" \/>\n<meta property=\"og:url\" content=\"https:\/\/www.csj-emballages.com\/es\/produit\/144-puas-de-paraguas-de-colores-de-9-cm\/\" \/>\n<meta property=\"og:site_name\" content=\"CSJ Emballages\" \/>\n<meta property=\"article:publisher\" content=\"https:\/\/www.facebook.com\/csjemballages\" \/>\n<meta property=\"article:modified_time\" content=\"2026-04-24T00:14:56+00:00\" \/>\n<meta property=\"og:image\" content=\"https:\/\/www.csj-emballages.com\/wp-content\/uploads\/2024\/03\/Ombrelle.webp\" \/>\n\t<meta property=\"og:image:width\" content=\"800\" \/>\n\t<meta property=\"og:image:height\" content=\"800\" \/>\n\t<meta property=\"og:image:type\" content=\"image\/webp\" \/>\n<meta name=\"twitter:card\" content=\"summary_large_image\" \/>\n<meta name=\"twitter:label1\" content=\"Tiempo de lectura\" \/>\n\t<meta name=\"twitter:data1\" content=\"1 minuto\" \/>\n<script type=\"application\/ld+json\" class=\"yoast-schema-graph\">{\"@context\":\"https:\/\/schema.org\",\"@graph\":[{\"@type\":\"WebPage\",\"@id\":\"https:\/\/www.csj-emballages.com\/es\/produit\/144-puas-de-paraguas-de-colores-de-9-cm\/\",\"url\":\"https:\/\/www.csj-emballages.com\/es\/produit\/144-puas-de-paraguas-de-colores-de-9-cm\/\",\"name\":\"Pinzas de colores para paraguas 9 cm por 144\",\"isPartOf\":{\"@id\":\"https:\/\/www.csj-emballages.com\/es\/#website\"},\"primaryImageOfPage\":{\"@id\":\"https:\/\/www.csj-emballages.com\/es\/produit\/144-puas-de-paraguas-de-colores-de-9-cm\/#primaryimage\"},\"image\":{\"@id\":\"https:\/\/www.csj-emballages.com\/es\/produit\/144-puas-de-paraguas-de-colores-de-9-cm\/#primaryimage\"},\"thumbnailUrl\":\"https:\/\/www.csj-emballages.com\/wp-content\/uploads\/2024\/03\/Ombrelle.webp\",\"datePublished\":\"2024-03-01T15:51:37+00:00\",\"dateModified\":\"2026-04-24T00:14:56+00:00\",\"description\":\"\u00a1A\u00f1ada un toque festivo a sus c\u00f3cteles y postres con estas p\u00faas sombrilla coloridas de 9 cm! Ideales para bares, empresas de catering y particulares.\",\"breadcrumb\":{\"@id\":\"https:\/\/www.csj-emballages.com\/es\/produit\/144-puas-de-paraguas-de-colores-de-9-cm\/#breadcrumb\"},\"inLanguage\":\"es\",\"potentialAction\":[{\"@type\":\"ReadAction\",\"target\":[\"https:\/\/www.csj-emballages.com\/es\/produit\/144-puas-de-paraguas-de-colores-de-9-cm\/\"]}]},{\"@type\":\"ImageObject\",\"inLanguage\":\"es\",\"@id\":\"https:\/\/www.csj-emballages.com\/es\/produit\/144-puas-de-paraguas-de-colores-de-9-cm\/#primaryimage\",\"url\":\"https:\/\/www.csj-emballages.com\/wp-content\/uploads\/2024\/03\/Ombrelle.webp\",\"contentUrl\":\"https:\/\/www.csj-emballages.com\/wp-content\/uploads\/2024\/03\/Ombrelle.webp\",\"width\":800,\"height\":800,\"caption\":\"piques ombrelles\"},{\"@type\":\"BreadcrumbList\",\"@id\":\"https:\/\/www.csj-emballages.com\/es\/produit\/144-puas-de-paraguas-de-colores-de-9-cm\/#breadcrumb\",\"itemListElement\":[{\"@type\":\"ListItem\",\"position\":1,\"name\":\"Accueil\",\"item\":\"https:\/\/www.csj-emballages.com\/es\/universo-del-envasado-alimentario\/\"},{\"@type\":\"ListItem\",\"position\":2,\"name\":\"Tienda\",\"item\":\"https:\/\/www.csj-emballages.com\/tienda\/\"},{\"@type\":\"ListItem\",\"position\":3,\"name\":\"P\u00faa sombrilla colorida de 9 cm por 144\"}]},{\"@type\":\"WebSite\",\"@id\":\"https:\/\/www.csj-emballages.com\/es\/#website\",\"url\":\"https:\/\/www.csj-emballages.com\/es\/\",\"name\":\"CSJ Emballages\",\"description\":\"\",\"publisher\":{\"@id\":\"https:\/\/www.csj-emballages.com\/es\/#organization\"},\"potentialAction\":[{\"@type\":\"SearchAction\",\"target\":{\"@type\":\"EntryPoint\",\"urlTemplate\":\"https:\/\/www.csj-emballages.com\/es\/?s={search_term_string}\"},\"query-input\":{\"@type\":\"PropertyValueSpecification\",\"valueRequired\":true,\"valueName\":\"search_term_string\"}}],\"inLanguage\":\"es\"},{\"@type\":\"Organization\",\"@id\":\"https:\/\/www.csj-emballages.com\/es\/#Organization\/\",\"name\":\"CSJ Emballages\",\"url\":\"https:\/\/www.csj-emballages.com\/es\/\",\"logo\":{\"@type\":\"ImageObject\",\"inLanguage\":\"es\",\"@id\":\"https:\/\/www.csj-emballages.com\/es\/#\/schema\/logo\/image\/\",\"url\":\"https:\/\/www.csj-emballages.com\/wp-content\/uploads\/2023\/10\/logo_csj.webp\",\"contentUrl\":\"https:\/\/www.csj-emballages.com\/wp-content\/uploads\/2023\/10\/logo_csj.webp\",\"width\":250,\"height\":95,\"caption\":\"CSJ Emballages\"},\"image\":{\"@id\":\"https:\/\/www.csj-emballages.com\/es\/#\/schema\/logo\/image\/\"},\"sameAs\":[\"https:\/\/www.facebook.com\/csjemballages\"],\"address\":{\"@type\":\"PostalAddress\",\"streetAddress\":\"ZI La Lechere\",\"addressLocality\":\"Patornay\",\"postalCode\":\"39130\",\"addressCountry\":\"FR\"},\"contactPoint\":[{\"@type\":\"ContactPoint\",\"contactType\":\"Service client\",\"telephone\":\"0384254272\",\"email\":\"contact@csj-emballages.com\"}]}]}<\/script>\n<!-- \/ Yoast SEO Premium plugin. -->","yoast_head_json":{"title":"Pinzas de colores para paraguas 9 cm por 144","description":"\u00a1A\u00f1ada un toque festivo a sus c\u00f3cteles y postres con estas p\u00faas sombrilla coloridas de 9 cm! Ideales para bares, empresas de catering y particulares.","robots":{"index":"index","follow":"follow","max-snippet":"max-snippet:-1","max-image-preview":"max-image-preview:large","max-video-preview":"max-video-preview:-1"},"canonical":"https:\/\/www.csj-emballages.com\/es\/produit\/144-puas-de-paraguas-de-colores-de-9-cm\/","og_locale":"es_ES","og_type":"article","og_title":"P\u00faa sombrilla colorida de 9 cm por 144","og_description":"\u00a1A\u00f1ada un toque festivo a sus c\u00f3cteles y postres con estas p\u00faas sombrilla coloridas de 9 cm! Ideales para bares, empresas de catering y particulares.","og_url":"https:\/\/www.csj-emballages.com\/es\/produit\/144-puas-de-paraguas-de-colores-de-9-cm\/","og_site_name":"CSJ Emballages","article_publisher":"https:\/\/www.facebook.com\/csjemballages","article_modified_time":"2026-04-24T00:14:56+00:00","og_image":[{"width":800,"height":800,"url":"https:\/\/www.csj-emballages.com\/wp-content\/uploads\/2024\/03\/Ombrelle.webp","type":"image\/webp"}],"twitter_card":"summary_large_image","twitter_misc":{"Tiempo de lectura":"1 minuto"},"schema":{"@context":"https:\/\/schema.org","@graph":[{"@type":"WebPage","@id":"https:\/\/www.csj-emballages.com\/es\/produit\/144-puas-de-paraguas-de-colores-de-9-cm\/","url":"https:\/\/www.csj-emballages.com\/es\/produit\/144-puas-de-paraguas-de-colores-de-9-cm\/","name":"Pinzas de colores para paraguas 9 cm por 144","isPartOf":{"@id":"https:\/\/www.csj-emballages.com\/es\/#website"},"primaryImageOfPage":{"@id":"https:\/\/www.csj-emballages.com\/es\/produit\/144-puas-de-paraguas-de-colores-de-9-cm\/#primaryimage"},"image":{"@id":"https:\/\/www.csj-emballages.com\/es\/produit\/144-puas-de-paraguas-de-colores-de-9-cm\/#primaryimage"},"thumbnailUrl":"https:\/\/www.csj-emballages.com\/wp-content\/uploads\/2024\/03\/Ombrelle.webp","datePublished":"2024-03-01T15:51:37+00:00","dateModified":"2026-04-24T00:14:56+00:00","description":"\u00a1A\u00f1ada un toque festivo a sus c\u00f3cteles y postres con estas p\u00faas sombrilla coloridas de 9 cm! Ideales para bares, empresas de catering y particulares.","breadcrumb":{"@id":"https:\/\/www.csj-emballages.com\/es\/produit\/144-puas-de-paraguas-de-colores-de-9-cm\/#breadcrumb"},"inLanguage":"es","potentialAction":[{"@type":"ReadAction","target":["https:\/\/www.csj-emballages.com\/es\/produit\/144-puas-de-paraguas-de-colores-de-9-cm\/"]}]},{"@type":"ImageObject","inLanguage":"es","@id":"https:\/\/www.csj-emballages.com\/es\/produit\/144-puas-de-paraguas-de-colores-de-9-cm\/#primaryimage","url":"https:\/\/www.csj-emballages.com\/wp-content\/uploads\/2024\/03\/Ombrelle.webp","contentUrl":"https:\/\/www.csj-emballages.com\/wp-content\/uploads\/2024\/03\/Ombrelle.webp","width":800,"height":800,"caption":"piques ombrelles"},{"@type":"BreadcrumbList","@id":"https:\/\/www.csj-emballages.com\/es\/produit\/144-puas-de-paraguas-de-colores-de-9-cm\/#breadcrumb","itemListElement":[{"@type":"ListItem","position":1,"name":"Accueil","item":"https:\/\/www.csj-emballages.com\/es\/universo-del-envasado-alimentario\/"},{"@type":"ListItem","position":2,"name":"Tienda","item":"https:\/\/www.csj-emballages.com\/tienda\/"},{"@type":"ListItem","position":3,"name":"P\u00faa sombrilla colorida de 9 cm por 144"}]},{"@type":"WebSite","@id":"https:\/\/www.csj-emballages.com\/es\/#website","url":"https:\/\/www.csj-emballages.com\/es\/","name":"CSJ Emballages","description":"","publisher":{"@id":"https:\/\/www.csj-emballages.com\/es\/#organization"},"potentialAction":[{"@type":"SearchAction","target":{"@type":"EntryPoint","urlTemplate":"https:\/\/www.csj-emballages.com\/es\/?s={search_term_string}"},"query-input":{"@type":"PropertyValueSpecification","valueRequired":true,"valueName":"search_term_string"}}],"inLanguage":"es"},{"@type":"Organization","@id":"https:\/\/www.csj-emballages.com\/es\/#Organization\/","name":"CSJ Emballages","url":"https:\/\/www.csj-emballages.com\/es\/","logo":{"@type":"ImageObject","inLanguage":"es","@id":"https:\/\/www.csj-emballages.com\/es\/#\/schema\/logo\/image\/","url":"https:\/\/www.csj-emballages.com\/wp-content\/uploads\/2023\/10\/logo_csj.webp","contentUrl":"https:\/\/www.csj-emballages.com\/wp-content\/uploads\/2023\/10\/logo_csj.webp","width":250,"height":95,"caption":"CSJ Emballages"},"image":{"@id":"https:\/\/www.csj-emballages.com\/es\/#\/schema\/logo\/image\/"},"sameAs":["https:\/\/www.facebook.com\/csjemballages"],"address":{"@type":"PostalAddress","streetAddress":"ZI La Lechere","addressLocality":"Patornay","postalCode":"39130","addressCountry":"FR"},"contactPoint":[{"@type":"ContactPoint","contactType":"Service client","telephone":"0384254272","email":"contact@csj-emballages.com"}]}]}},"df_price":5.35,"df_sale_price":"","df_regular_price":5.35,"df_image_link":"https:\/\/www.csj-emballages.com\/wp-content\/uploads\/2024\/03\/Ombrelle-300x300.webp","tiered_pricing_type":"fixed","tiered_pricing_fixed_rules":[],"tiered_pricing_percentage_rules":[],"tiered_pricing_minimum":1,"tiered_pricing_roles_data":[],"_links":{"self":[{"href":"https:\/\/www.csj-emballages.com\/es\/wp-json\/wp\/v2\/product\/22192","targetHints":{"allow":["GET"]}}],"collection":[{"href":"https:\/\/www.csj-emballages.com\/es\/wp-json\/wp\/v2\/product"}],"about":[{"href":"https:\/\/www.csj-emballages.com\/es\/wp-json\/wp\/v2\/types\/product"}],"wp:featuredmedia":[{"embeddable":true,"href":"https:\/\/www.csj-emballages.com\/es\/wp-json\/wp\/v2\/media\/225236"}],"wp:attachment":[{"href":"https:\/\/www.csj-emballages.com\/es\/wp-json\/wp\/v2\/media?parent=22192"}],"wp:term":[{"taxonomy":"product_brand","embeddable":true,"href":"https:\/\/www.csj-emballages.com\/es\/wp-json\/wp\/v2\/product_brand?post=22192"},{"taxonomy":"product_cat","embeddable":true,"href":"https:\/\/www.csj-emballages.com\/es\/wp-json\/wp\/v2\/product_cat?post=22192"},{"taxonomy":"product_tag","embeddable":true,"href":"https:\/\/www.csj-emballages.com\/es\/wp-json\/wp\/v2\/product_tag?post=22192"}],"curies":[{"name":"wp","href":"https:\/\/api.w.org\/{rel}","templated":true}]}}