{"id":22104,"date":"2024-03-01T16:51:41","date_gmt":"2024-03-01T15:51:41","guid":{"rendered":"https:\/\/u15jnbdpoq.preview.infomaniak.website\/produit\/4-rollos-de-papel-de-envolver-de-070-x-2-m\/"},"modified":"2026-03-12T16:30:00","modified_gmt":"2026-03-12T15:30:00","slug":"4-rollos-de-papel-de-envolver-de-070-x-2-m","status":"publish","type":"product","link":"https:\/\/www.csj-emballages.com\/es\/produit\/4-rollos-de-papel-de-envolver-de-070-x-2-m\/","title":{"rendered":"Rollo de papel de embalar de 0,70 x 2 m, paquete de 4"},"content":{"rendered":"<div style=\"font-family: Roboto, sans-serif;\">\n<div style=\"font-family: Roboto, sans-serif;\">\n<div style=\"box-sizing: inherit; font-family: Roboto, sans-serif;\">\n<div style=\"box-sizing: inherit; font-family: Roboto, sans-serif;\">\n<div style=\"box-sizing: inherit; font-family: Roboto, sans-serif;\">\n<div style=\"box-sizing: inherit; font-family: Roboto, sans-serif;\">\n<div style=\"box-sizing: inherit; font-family: Roboto, sans-serif;\">\n<div style=\"box-sizing: inherit; font-family: Roboto, sans-serif;\">\n<div style=\"box-sizing: inherit; font-family: Roboto, sans-serif;\">\n<div style=\"box-sizing: inherit; font-family: Roboto, sans-serif;\">\n<div style=\"box-sizing: inherit; font-family: Roboto, sans-serif;\">\n<div style=\"box-sizing: inherit; font-family: Roboto, sans-serif;\">\n<div style=\"box-sizing: inherit; font-family: Roboto, sans-serif;\">\n<div style=\"box-sizing: inherit; font-family: Roboto, sans-serif;\">\n<div style=\"box-sizing: inherit; font-family: Roboto, sans-serif;\">\n<div class=\"flex flex-grow flex-col max-w-full\">\n<div class=\"min-h-[20px] text-message flex flex-col items-start whitespace-pre-wrap break-words [.text-message+&amp;]:mt-5 juice:w-full juice:items-end overflow-x-auto gap-2\" dir=\"auto\" data-message-author-role=\"assistant\" data-message-id=\"2034782e-88f9-44ef-b4dc-07dd7bf0115f\">\n<div class=\"flex w-full flex-col gap-1 juice:empty:hidden juice:first:pt-[3px]\">\n<div class=\"markdown prose w-full break-words dark:prose-invert light\">\n<div style=\"box-sizing: inherit; font-family: Roboto, sans-serif;\">\n<div style=\"box-sizing: inherit; font-family: Roboto, sans-serif;\">\n<div style=\"box-sizing: inherit; font-family: Roboto, sans-serif;\">\n<div style=\"box-sizing: inherit; font-family: Roboto, sans-serif;\">\n<div style=\"box-sizing: inherit; font-family: Roboto, sans-serif;\">\n<div style=\"box-sizing: inherit; font-family: Roboto, sans-serif;\">\n<h2 class=\"p1\">Rollo de papel de regalo<\/h2>\n<div style=\"box-sizing: inherit; font-family: Roboto, sans-serif;\">\n<div style=\"box-sizing: inherit; font-family: Roboto, sans-serif;\">\n<div style=\"box-sizing: inherit; font-family: Roboto, sans-serif;\">\n<div style=\"text-align: center;\">\n<div style=\"box-sizing: inherit; font-family: Roboto, sans-serif;\">\n<div style=\"box-sizing: inherit; font-family: Roboto, sans-serif;\">\n<div style=\"box-sizing: inherit; font-family: Roboto, sans-serif;\">\n<div style=\"box-sizing: inherit; font-family: Roboto, sans-serif;\">\n<div style=\"box-sizing: inherit; font-family: Roboto, sans-serif;\">\n<div style=\"box-sizing: inherit; font-family: Roboto, sans-serif; text-align: left;\">\n<hr>\n<h3 style=\"text-align: left;\">Descripci\u00f3n de nuestro rollo de papel de regalo 0,70 x 2 m por 4<\/h3>\n<h3 style=\"text-align: left;\"><!--more--><\/h3>\n<\/div>\n<\/div>\n<\/div>\n<\/div>\n<\/div>\n<\/div>\n<\/div>\n<\/div>\n<\/div>\n<\/div>\n<\/div>\n<\/div>\n<\/div>\n<\/div>\n<\/div>\n<\/div>\n<\/div>\n<\/div>\n<\/div>\n<\/div>\n<\/div>\n<\/div>\n<\/div>\n<\/div>\n<\/div>\n<\/div>\n<\/div>\n<\/div>\n<\/div>\n<\/div>\n<\/div>\n<\/div>\n<\/div>\n<div style=\"box-sizing: inherit; font-family: Roboto, sans-serif;\">\n<div style=\"box-sizing: inherit; font-family: Roboto, sans-serif;\">\n<div style=\"box-sizing: inherit; font-family: Roboto, sans-serif;\">\n<div style=\"box-sizing: inherit; font-family: Roboto, sans-serif;\">\n<div style=\"box-sizing: inherit; font-family: Roboto, sans-serif;\">\n<div style=\"box-sizing: inherit; font-family: Roboto, sans-serif;\">\n<div style=\"box-sizing: inherit; font-family: Roboto, sans-serif;\">\n<div style=\"box-sizing: inherit; font-family: Roboto, sans-serif;\">\n<div style=\"box-sizing: inherit; font-family: Roboto, sans-serif;\">\n<div style=\"box-sizing: inherit; font-family: Roboto, sans-serif;\">\n<div style=\"box-sizing: inherit; font-family: Roboto, sans-serif;\">\n<div style=\"box-sizing: inherit; font-family: Roboto, sans-serif;\">\n<div style=\"box-sizing: inherit; font-family: Roboto, sans-serif;\">\n<div class=\"flex flex-grow flex-col max-w-full\">\n<div class=\"min-h-[20px] text-message flex flex-col items-start whitespace-pre-wrap break-words [.text-message+&amp;]:mt-5 juice:w-full juice:items-end overflow-x-auto gap-2\" dir=\"auto\" data-message-author-role=\"assistant\" data-message-id=\"2034782e-88f9-44ef-b4dc-07dd7bf0115f\">\n<div class=\"flex w-full flex-col gap-1 juice:empty:hidden juice:first:pt-[3px]\">\n<div class=\"markdown prose w-full break-words dark:prose-invert light\">\n<div style=\"box-sizing: inherit; font-family: Roboto, sans-serif;\">\n<div style=\"box-sizing: inherit; font-family: Roboto, sans-serif;\">\n<div style=\"box-sizing: inherit; font-family: Roboto, sans-serif;\">\n<div style=\"box-sizing: inherit; font-family: Roboto, sans-serif;\">\n<div style=\"box-sizing: inherit; font-family: Roboto, sans-serif;\">\n<div style=\"box-sizing: inherit; font-family: Roboto, sans-serif;\">\n<p data-start=\"0\" data-end=\"519\">A\u00f1ada un toque de<strong data-start=\"52\" data-end=\"64\">elegancia<\/strong> y <strong data-start=\"71\" data-end=\"86\">refinamiento<\/strong> a sus envoltorios de regalo con estos <strong data-start=\"120\" data-end=\"159\">rollos de papel de regalo dorado y negro<\/strong>. Perfectos para cualquier ocasi\u00f3n, ya sea un <strong data-start=\"217\" data-end=\"233\">cumplea\u00f1os<\/strong>, una <strong data-start=\"239\" data-end=\"262\">fiesta de fin de a\u00f1o<\/strong> o un <strong data-start=\"269\" data-end=\"296\">evento empresarial, <\/strong>estos <strong>papeles de<\/strong> regalo le seducir\u00e1n por su estilo chic y atemporal. Gracias a sus combinaciones de <strong data-start=\"376\" data-end=\"400\" data-is-only-node=\"\">colores contrastados<\/strong>, el<strong data-start=\"404\" data-end=\"422\">dorado resplandeciente<\/strong> contrasta con el <strong data-start=\"440\" data-end=\"456\">negro intenso<\/strong>, creando un aspecto de alta gama que sin duda atraer\u00e1 todas las miradas.  <\/p>\n<p data-start=\"521\" data-end=\"922\">Con sus <strong data-start=\"530\" data-end=\"555\">generosas dimensiones<\/strong> de <strong data-start=\"559\" data-end=\"575\">0,70 m x 2 m<\/strong>, cada rollo ofrece una superficie ideal para envolver tanto peque\u00f1os objetos preciosos como regalos de mayor tama\u00f1o. Vendido en <strong data-start=\"712\" data-end=\"724\">paquetes de 4<\/strong> unidades, le ofrece un pr\u00e1ctico stock, tanto si es un <strong data-start=\"792\" data-end=\"829\">particular apasionado del envoltorio<\/strong> como si es un <strong data-start=\"836\" data-end=\"853\">profesional<\/strong> que busca un producto fiable para sus preparativos festivos. <\/p>\n<p data-start=\"924\" data-end=\"1239\">Adem\u00e1s, su <strong data-start=\"937\" data-end=\"958\">papel<\/strong> se pliega f\u00e1cilmente y resiste las roturas, lo que garantiza un embalaje limpio y ordenado en un abrir y cerrar de ojos. Para un resultado a\u00fan m\u00e1s espectacular, comb\u00ednelos con una cinta de raso dorada o etiquetas personalizadas. <\/p>\n<p data-start=\"1241\" data-end=\"1603\">Al elegir estos <strong data-start=\"1259\" data-end=\"1295\">rollos de papel de regalo dorado\/negro<\/strong>, combinar\u00e1 <strong data-start=\"1311\" data-end=\"1324\">practicidad<\/strong>, <strong data-start=\"1326\" data-end=\"1340\">est\u00e9tica<\/strong> y <strong data-start=\"1344\" data-end=\"1358\">eficacia<\/strong>. Ideales para <strong data-start=\"1428\" data-end=\"1441\">boutiques<\/strong>, <strong data-start=\"1447\" data-end=\"1470\">comercios<\/strong> o <strong data-start=\"1478\" data-end=\"1499\">talleres creativos<\/strong>, se adaptan a cualquier ambiente festivo y garantizan siempre un acabado profesional. <\/p>\n<p><!--more--><\/p>\n<h4 style=\"text-align: left;\">Ventajas :<\/h4>\n<ul style=\"text-align: left;\">\n<li><strong data-start=\"1829\" data-end=\"1847\">Dise\u00f1o elegante<\/strong>: un refinado contraste entre el<strong data-start=\"1876\" data-end=\"1891\">oro luminoso<\/strong> y el <strong data-start=\"1898\" data-end=\"1914\">negro profundo.<\/strong><\/li>\n<li><strong data-start=\"1920\" data-end=\"1938\">Gran superficie<\/strong>: rollo de <strong data-start=\"1952\" data-end=\"1966\">0,70 x 2 m<\/strong>, pr\u00e1ctico para diferentes formatos.<\/li>\n<li><strong data-start=\"2006\" data-end=\"2028\">Calidad resistente<\/strong>: papel grueso, f\u00e1cil de plegar y resistente al desgarro.<\/li>\n<li><strong data-start=\"2083\" data-end=\"2101\">Envase econ\u00f3mico<\/strong>: se vende en paquetes de <strong data-start=\"2114\" data-end=\"2128\">4 rollos<\/strong>, ideales para uso dom\u00e9stico y profesional.<\/li>\n<\/ul>\n<\/div>\n<\/div>\n<\/div>\n<\/div>\n<\/div>\n<\/div>\n<\/div>\n<\/div>\n<\/div>\n<\/div>\n<\/div>\n<\/div>\n<p>&nbsp;<\/p>\n<\/div>\n<\/div>\n<\/div>\n<\/div>\n<\/div>\n<\/div>\n<\/div>\n<\/div>\n<\/div>\n<\/div>\n<\/div>\n<p><!--more--><\/p>\n<h4>Informaci\u00f3n adicional :<\/h4>\n<ul style=\"box-sizing: inherit; font-family: Roboto, sans-serif;\">\n<li><strong>Envase<\/strong>: Paquete de 4<\/li>\n<li><span style=\"font-weight: bold;\">Dimensiones <\/span>: 0,70 x 2 m<\/li>\n<li><strong>Color<\/strong>: Oro \/ Negro<\/li>\n<\/ul>\n<p>&nbsp;<\/p>\n<\/div>\n<\/div>\n<p><!--more--><\/p>\n<div style=\"font-family: Roboto, sans-serif;\">\n<div style=\"font-family: Roboto, sans-serif;\">\n<div style=\"box-sizing: inherit; font-family: Roboto, sans-serif;\">\n<div style=\"box-sizing: inherit; font-family: Roboto, sans-serif;\">\n<div style=\"box-sizing: inherit; font-family: Roboto, sans-serif;\">\n<div style=\"box-sizing: inherit; font-family: Roboto, sans-serif;\">\n<div style=\"box-sizing: inherit; font-family: Roboto, sans-serif;\">\n<div style=\"box-sizing: inherit; font-family: Roboto, sans-serif;\">\n<p>Estos rollos de papel de regalo tambi\u00e9n est\u00e1n disponibles en otro color: <span style=\"color: #d12727;\"><a style=\"color: #d12727;\" href=\"https:\/\/www.csj-emballages.com\/produit\/rouleau-papier-cadeaux-chic-0-70-x-2-m\/\">CHIC2M<\/a><\/span><\/p>\n<p><!--more--><\/p>\n<p><a href=\"\/?product_cat=papier-cadeaux-2\">Ver el resto de nuestra gama de papel de regalo<\/a><\/p>\n<\/div>\n<\/div>\n<\/div>\n<\/div>\n<\/div>\n<\/div>\n<\/div>\n<\/div>\n","protected":false},"excerpt":{"rendered":"<p>Rollo de papel de regalo Descripci\u00f3n de nuestro rollo de papel de regalo 0,70 x 2 m por 4<\/p>\n","protected":false},"featured_media":243912,"template":"","meta":{"_acf_changed":false},"product_brand":[],"product_cat":[1150,1488,2901],"product_tag":[],"class_list":{"0":"post-22104","1":"product","2":"type-product","3":"status-publish","4":"has-post-thumbnail","6":"product_cat-envasado-de-alimentos","7":"product_cat-tienda-y-almacen","8":"product_cat-papel-de-regalo","10":"first","11":"outofstock","12":"taxable","13":"shipping-taxable","14":"purchasable","15":"product-type-simple"},"acf":[],"yoast_head":"<!-- This site is optimized with the Yoast SEO Premium plugin v26.6 (Yoast SEO v26.6) - https:\/\/yoast.com\/wordpress\/plugins\/seo\/ -->\n<title>Rollo de papel de regalo de 0,70 x 2 m, paquete de 4<\/title>\n<meta name=\"description\" content=\"Haga que sus regalos sean \u00fanicos con estos rollos de papel de regalo dorado\/negro de 0,70 x 2 m (paquete de 4): elegantes, resistentes y perfectos para cualquier ocasi\u00f3n.\" \/>\n<meta name=\"robots\" content=\"index, follow, max-snippet:-1, max-image-preview:large, max-video-preview:-1\" \/>\n<link rel=\"canonical\" href=\"https:\/\/www.csj-emballages.com\/es\/produit\/4-rollos-de-papel-de-envolver-de-070-x-2-m\/\" \/>\n<meta property=\"og:locale\" content=\"es_ES\" \/>\n<meta property=\"og:type\" content=\"article\" \/>\n<meta property=\"og:title\" content=\"Rollo de papel de embalar de 0,70 x 2 m, paquete de 4\" \/>\n<meta property=\"og:description\" content=\"Haga que sus regalos sean \u00fanicos con estos rollos de papel de regalo dorado\/negro de 0,70 x 2 m (paquete de 4): elegantes, resistentes y perfectos para cualquier ocasi\u00f3n.\" \/>\n<meta property=\"og:url\" content=\"https:\/\/www.csj-emballages.com\/es\/produit\/4-rollos-de-papel-de-envolver-de-070-x-2-m\/\" \/>\n<meta property=\"og:site_name\" content=\"CSJ Emballages\" \/>\n<meta property=\"article:publisher\" content=\"https:\/\/www.facebook.com\/csjemballages\" \/>\n<meta property=\"article:modified_time\" content=\"2026-03-12T15:30:00+00:00\" \/>\n<meta property=\"og:image\" content=\"https:\/\/www.csj-emballages.com\/wp-content\/uploads\/2024\/03\/NB2M.webp\" \/>\n\t<meta property=\"og:image:width\" content=\"800\" \/>\n\t<meta property=\"og:image:height\" content=\"800\" \/>\n\t<meta property=\"og:image:type\" content=\"image\/webp\" \/>\n<meta name=\"twitter:card\" content=\"summary_large_image\" \/>\n<meta name=\"twitter:label1\" content=\"Tiempo de lectura\" \/>\n\t<meta name=\"twitter:data1\" content=\"2 minutos\" \/>\n<script type=\"application\/ld+json\" class=\"yoast-schema-graph\">{\"@context\":\"https:\/\/schema.org\",\"@graph\":[{\"@type\":\"WebPage\",\"@id\":\"https:\/\/www.csj-emballages.com\/es\/produit\/4-rollos-de-papel-de-envolver-de-070-x-2-m\/\",\"url\":\"https:\/\/www.csj-emballages.com\/es\/produit\/4-rollos-de-papel-de-envolver-de-070-x-2-m\/\",\"name\":\"Rollo de papel de regalo de 0,70 x 2 m, paquete de 4\",\"isPartOf\":{\"@id\":\"https:\/\/www.csj-emballages.com\/es\/#website\"},\"primaryImageOfPage\":{\"@id\":\"https:\/\/www.csj-emballages.com\/es\/produit\/4-rollos-de-papel-de-envolver-de-070-x-2-m\/#primaryimage\"},\"image\":{\"@id\":\"https:\/\/www.csj-emballages.com\/es\/produit\/4-rollos-de-papel-de-envolver-de-070-x-2-m\/#primaryimage\"},\"thumbnailUrl\":\"https:\/\/www.csj-emballages.com\/wp-content\/uploads\/2024\/03\/NB2M.webp\",\"datePublished\":\"2024-03-01T15:51:41+00:00\",\"dateModified\":\"2026-03-12T15:30:00+00:00\",\"description\":\"Haga que sus regalos sean \u00fanicos con estos rollos de papel de regalo dorado\/negro de 0,70 x 2 m (paquete de 4): elegantes, resistentes y perfectos para cualquier ocasi\u00f3n.\",\"breadcrumb\":{\"@id\":\"https:\/\/www.csj-emballages.com\/es\/produit\/4-rollos-de-papel-de-envolver-de-070-x-2-m\/#breadcrumb\"},\"inLanguage\":\"es\",\"potentialAction\":[{\"@type\":\"ReadAction\",\"target\":[\"https:\/\/www.csj-emballages.com\/es\/produit\/4-rollos-de-papel-de-envolver-de-070-x-2-m\/\"]}]},{\"@type\":\"ImageObject\",\"inLanguage\":\"es\",\"@id\":\"https:\/\/www.csj-emballages.com\/es\/produit\/4-rollos-de-papel-de-envolver-de-070-x-2-m\/#primaryimage\",\"url\":\"https:\/\/www.csj-emballages.com\/wp-content\/uploads\/2024\/03\/NB2M.webp\",\"contentUrl\":\"https:\/\/www.csj-emballages.com\/wp-content\/uploads\/2024\/03\/NB2M.webp\",\"width\":800,\"height\":800,\"caption\":\"Rouleau papier cadeau\"},{\"@type\":\"BreadcrumbList\",\"@id\":\"https:\/\/www.csj-emballages.com\/es\/produit\/4-rollos-de-papel-de-envolver-de-070-x-2-m\/#breadcrumb\",\"itemListElement\":[{\"@type\":\"ListItem\",\"position\":1,\"name\":\"Accueil\",\"item\":\"https:\/\/www.csj-emballages.com\/es\/universo-del-envasado-alimentario\/\"},{\"@type\":\"ListItem\",\"position\":2,\"name\":\"Tienda\",\"item\":\"https:\/\/www.csj-emballages.com\/tienda\/\"},{\"@type\":\"ListItem\",\"position\":3,\"name\":\"Rollo de papel de embalar de 0,70 x 2 m, paquete de 4\"}]},{\"@type\":\"WebSite\",\"@id\":\"https:\/\/www.csj-emballages.com\/es\/#website\",\"url\":\"https:\/\/www.csj-emballages.com\/es\/\",\"name\":\"CSJ Emballages\",\"description\":\"\",\"publisher\":{\"@id\":\"https:\/\/www.csj-emballages.com\/es\/#organization\"},\"potentialAction\":[{\"@type\":\"SearchAction\",\"target\":{\"@type\":\"EntryPoint\",\"urlTemplate\":\"https:\/\/www.csj-emballages.com\/es\/?s={search_term_string}\"},\"query-input\":{\"@type\":\"PropertyValueSpecification\",\"valueRequired\":true,\"valueName\":\"search_term_string\"}}],\"inLanguage\":\"es\"},{\"@type\":\"Organization\",\"@id\":\"https:\/\/www.csj-emballages.com\/es\/#Organization\/\",\"name\":\"CSJ Emballages\",\"url\":\"https:\/\/www.csj-emballages.com\/es\/\",\"logo\":{\"@type\":\"ImageObject\",\"inLanguage\":\"es\",\"@id\":\"https:\/\/www.csj-emballages.com\/es\/#\/schema\/logo\/image\/\",\"url\":\"https:\/\/www.csj-emballages.com\/wp-content\/uploads\/2023\/10\/logo_csj.webp\",\"contentUrl\":\"https:\/\/www.csj-emballages.com\/wp-content\/uploads\/2023\/10\/logo_csj.webp\",\"width\":250,\"height\":95,\"caption\":\"CSJ Emballages\"},\"image\":{\"@id\":\"https:\/\/www.csj-emballages.com\/es\/#\/schema\/logo\/image\/\"},\"sameAs\":[\"https:\/\/www.facebook.com\/csjemballages\"],\"address\":{\"@type\":\"PostalAddress\",\"streetAddress\":\"ZI La Lechere\",\"addressLocality\":\"Patornay\",\"postalCode\":\"39130\",\"addressCountry\":\"FR\"},\"contactPoint\":[{\"@type\":\"ContactPoint\",\"contactType\":\"Service client\",\"telephone\":\"0384254272\",\"email\":\"contact@csj-emballages.com\"}]}]}<\/script>\n<!-- \/ Yoast SEO Premium plugin. -->","yoast_head_json":{"title":"Rollo de papel de regalo de 0,70 x 2 m, paquete de 4","description":"Haga que sus regalos sean \u00fanicos con estos rollos de papel de regalo dorado\/negro de 0,70 x 2 m (paquete de 4): elegantes, resistentes y perfectos para cualquier ocasi\u00f3n.","robots":{"index":"index","follow":"follow","max-snippet":"max-snippet:-1","max-image-preview":"max-image-preview:large","max-video-preview":"max-video-preview:-1"},"canonical":"https:\/\/www.csj-emballages.com\/es\/produit\/4-rollos-de-papel-de-envolver-de-070-x-2-m\/","og_locale":"es_ES","og_type":"article","og_title":"Rollo de papel de embalar de 0,70 x 2 m, paquete de 4","og_description":"Haga que sus regalos sean \u00fanicos con estos rollos de papel de regalo dorado\/negro de 0,70 x 2 m (paquete de 4): elegantes, resistentes y perfectos para cualquier ocasi\u00f3n.","og_url":"https:\/\/www.csj-emballages.com\/es\/produit\/4-rollos-de-papel-de-envolver-de-070-x-2-m\/","og_site_name":"CSJ Emballages","article_publisher":"https:\/\/www.facebook.com\/csjemballages","article_modified_time":"2026-03-12T15:30:00+00:00","og_image":[{"width":800,"height":800,"url":"https:\/\/www.csj-emballages.com\/wp-content\/uploads\/2024\/03\/NB2M.webp","type":"image\/webp"}],"twitter_card":"summary_large_image","twitter_misc":{"Tiempo de lectura":"2 minutos"},"schema":{"@context":"https:\/\/schema.org","@graph":[{"@type":"WebPage","@id":"https:\/\/www.csj-emballages.com\/es\/produit\/4-rollos-de-papel-de-envolver-de-070-x-2-m\/","url":"https:\/\/www.csj-emballages.com\/es\/produit\/4-rollos-de-papel-de-envolver-de-070-x-2-m\/","name":"Rollo de papel de regalo de 0,70 x 2 m, paquete de 4","isPartOf":{"@id":"https:\/\/www.csj-emballages.com\/es\/#website"},"primaryImageOfPage":{"@id":"https:\/\/www.csj-emballages.com\/es\/produit\/4-rollos-de-papel-de-envolver-de-070-x-2-m\/#primaryimage"},"image":{"@id":"https:\/\/www.csj-emballages.com\/es\/produit\/4-rollos-de-papel-de-envolver-de-070-x-2-m\/#primaryimage"},"thumbnailUrl":"https:\/\/www.csj-emballages.com\/wp-content\/uploads\/2024\/03\/NB2M.webp","datePublished":"2024-03-01T15:51:41+00:00","dateModified":"2026-03-12T15:30:00+00:00","description":"Haga que sus regalos sean \u00fanicos con estos rollos de papel de regalo dorado\/negro de 0,70 x 2 m (paquete de 4): elegantes, resistentes y perfectos para cualquier ocasi\u00f3n.","breadcrumb":{"@id":"https:\/\/www.csj-emballages.com\/es\/produit\/4-rollos-de-papel-de-envolver-de-070-x-2-m\/#breadcrumb"},"inLanguage":"es","potentialAction":[{"@type":"ReadAction","target":["https:\/\/www.csj-emballages.com\/es\/produit\/4-rollos-de-papel-de-envolver-de-070-x-2-m\/"]}]},{"@type":"ImageObject","inLanguage":"es","@id":"https:\/\/www.csj-emballages.com\/es\/produit\/4-rollos-de-papel-de-envolver-de-070-x-2-m\/#primaryimage","url":"https:\/\/www.csj-emballages.com\/wp-content\/uploads\/2024\/03\/NB2M.webp","contentUrl":"https:\/\/www.csj-emballages.com\/wp-content\/uploads\/2024\/03\/NB2M.webp","width":800,"height":800,"caption":"Rouleau papier cadeau"},{"@type":"BreadcrumbList","@id":"https:\/\/www.csj-emballages.com\/es\/produit\/4-rollos-de-papel-de-envolver-de-070-x-2-m\/#breadcrumb","itemListElement":[{"@type":"ListItem","position":1,"name":"Accueil","item":"https:\/\/www.csj-emballages.com\/es\/universo-del-envasado-alimentario\/"},{"@type":"ListItem","position":2,"name":"Tienda","item":"https:\/\/www.csj-emballages.com\/tienda\/"},{"@type":"ListItem","position":3,"name":"Rollo de papel de embalar de 0,70 x 2 m, paquete de 4"}]},{"@type":"WebSite","@id":"https:\/\/www.csj-emballages.com\/es\/#website","url":"https:\/\/www.csj-emballages.com\/es\/","name":"CSJ Emballages","description":"","publisher":{"@id":"https:\/\/www.csj-emballages.com\/es\/#organization"},"potentialAction":[{"@type":"SearchAction","target":{"@type":"EntryPoint","urlTemplate":"https:\/\/www.csj-emballages.com\/es\/?s={search_term_string}"},"query-input":{"@type":"PropertyValueSpecification","valueRequired":true,"valueName":"search_term_string"}}],"inLanguage":"es"},{"@type":"Organization","@id":"https:\/\/www.csj-emballages.com\/es\/#Organization\/","name":"CSJ Emballages","url":"https:\/\/www.csj-emballages.com\/es\/","logo":{"@type":"ImageObject","inLanguage":"es","@id":"https:\/\/www.csj-emballages.com\/es\/#\/schema\/logo\/image\/","url":"https:\/\/www.csj-emballages.com\/wp-content\/uploads\/2023\/10\/logo_csj.webp","contentUrl":"https:\/\/www.csj-emballages.com\/wp-content\/uploads\/2023\/10\/logo_csj.webp","width":250,"height":95,"caption":"CSJ Emballages"},"image":{"@id":"https:\/\/www.csj-emballages.com\/es\/#\/schema\/logo\/image\/"},"sameAs":["https:\/\/www.facebook.com\/csjemballages"],"address":{"@type":"PostalAddress","streetAddress":"ZI La Lechere","addressLocality":"Patornay","postalCode":"39130","addressCountry":"FR"},"contactPoint":[{"@type":"ContactPoint","contactType":"Service client","telephone":"0384254272","email":"contact@csj-emballages.com"}]}]}},"df_price":4.4,"df_sale_price":"","df_regular_price":4.4,"df_image_link":"https:\/\/www.csj-emballages.com\/wp-content\/uploads\/2024\/03\/NB2M-300x300.webp","tiered_pricing_type":"fixed","tiered_pricing_fixed_rules":[],"tiered_pricing_percentage_rules":[],"tiered_pricing_minimum":1,"tiered_pricing_roles_data":[],"_links":{"self":[{"href":"https:\/\/www.csj-emballages.com\/es\/wp-json\/wp\/v2\/product\/22104","targetHints":{"allow":["GET"]}}],"collection":[{"href":"https:\/\/www.csj-emballages.com\/es\/wp-json\/wp\/v2\/product"}],"about":[{"href":"https:\/\/www.csj-emballages.com\/es\/wp-json\/wp\/v2\/types\/product"}],"wp:featuredmedia":[{"embeddable":true,"href":"https:\/\/www.csj-emballages.com\/es\/wp-json\/wp\/v2\/media\/243912"}],"wp:attachment":[{"href":"https:\/\/www.csj-emballages.com\/es\/wp-json\/wp\/v2\/media?parent=22104"}],"wp:term":[{"taxonomy":"product_brand","embeddable":true,"href":"https:\/\/www.csj-emballages.com\/es\/wp-json\/wp\/v2\/product_brand?post=22104"},{"taxonomy":"product_cat","embeddable":true,"href":"https:\/\/www.csj-emballages.com\/es\/wp-json\/wp\/v2\/product_cat?post=22104"},{"taxonomy":"product_tag","embeddable":true,"href":"https:\/\/www.csj-emballages.com\/es\/wp-json\/wp\/v2\/product_tag?post=22104"}],"curies":[{"name":"wp","href":"https:\/\/api.w.org\/{rel}","templated":true}]}}