{"id":22098,"date":"2024-03-01T16:51:42","date_gmt":"2024-03-01T15:51:42","guid":{"rendered":"https:\/\/u15jnbdpoq.preview.infomaniak.website\/produit\/marco-de-escoba-de-coco-29-cm\/"},"modified":"2026-04-29T02:15:55","modified_gmt":"2026-04-29T00:15:55","slug":"marco-de-escoba-de-coco-29-cm","status":"publish","type":"product","link":"https:\/\/www.csj-emballages.com\/es\/produit\/marco-de-escoba-de-coco-29-cm\/","title":{"rendered":"Marco de escoba de coco 29 cm"},"content":{"rendered":"<h2>Montura de escoba de coco<\/h2>\n<hr>\n<h3>Descubra nuestra montura de escoba de coco de 29 cm<\/h3>\n<p><!--more--><\/p>\n<p data-start=\"213\" data-end=\"613\">La <strong>montura de escoba de coco<\/strong> <strong data-start=\"235\" data-end=\"244\">de 29 cm<\/strong> es el tipo de herramienta sencilla pero indispensable, la que se coge sin pensar cuando hay que limpiar eficazmente. Con sus <strong>fibras naturales de coco<\/strong>, asegura un barrido regular y preciso, incluso en suelos un poco rugosos. Capta f\u00e1cilmente <strong>polvo, suciedad y peque\u00f1os residuos<\/strong>, sin dispersarlos, lo que hace que la limpieza sea m\u00e1s r\u00e1pida y agradable.  <\/p>\n<p data-start=\"615\" data-end=\"982\">Gracias a su <strong>anchura de 29 cm<\/strong>, esta montura ofrece un buen equilibrio entre manejabilidad y eficacia. Pasa f\u00e1cilmente por zonas estrechas a la vez que cubre una superficie suficiente para evitar tener que pasar varias veces. Ya sea en un almac\u00e9n, un taller, una terraza, un garaje o zonas exteriores, se adapta sin problemas a los usos cotidianos.  <\/p>\n<p data-start=\"984\" data-end=\"1360\">Su estructura robusta le permite resistir un uso regular, incluso en entornos exigentes. Las <strong>fibras de coco<\/strong> conservan su firmeza con el tiempo y mantienen una buena rigidez, ideal para despegar la suciedad sin da\u00f1ar el suelo. Adem\u00e1s, su rosca est\u00e1ndar permite asociarla f\u00e1cilmente a un mango compatible, para un agarre c\u00f3modo.  <\/p>\n<p data-start=\"1362\" data-end=\"1694\">Al elegir esta <strong>montura de escoba de coco<\/strong>, opta por una herramienta sencilla, duradera y eficaz, sin lujos. Hace exactamente lo que se espera de ella: barrer limpiamente, sin esfuerzo in\u00fatil. Una elecci\u00f3n segura tanto para profesionales como para particulares que desean un material fiable, f\u00e1cil de usar y pensado para durar.  <\/p>\n<p data-start=\"1362\" data-end=\"1694\">\n<p data-start=\"1570\" data-end=\"1680\"><!--more--><\/p>\n<h4 data-start=\"1570\" data-end=\"1680\">Ventajas :<\/h4>\n<ul>\n<li data-start=\"123\" data-end=\"177\"><strong>Fibras naturales de coco<\/strong> para un barrido eficaz.<\/li>\n<li data-start=\"180\" data-end=\"223\">Buena adherencia del polvo y la suciedad.<\/li>\n<li data-start=\"226\" data-end=\"277\"><strong>Anchura de 29 cm<\/strong> ideal para una limpieza precisa.<\/li>\n<li data-start=\"280\" data-end=\"323\">S\u00f3lida y resistente al uso diario.<\/li>\n<li data-start=\"326\" data-end=\"371\">Adecuada para suelos interiores y exteriores.<\/li>\n<li data-start=\"374\" data-end=\"426\">Compatible con mangos de rosca est\u00e1ndar.<\/li>\n<\/ul>\n<p>&nbsp;<\/p>\n<p><!--more--><\/p>\n<h4>Informaci\u00f3n adicional :<\/h4>\n<ul>\n<li><strong>Embalaje<\/strong>: Por unidad<\/li>\n<li><strong>Longitud<\/strong>: 29 cm<\/li>\n<li><strong>Material<\/strong>: Madera \/ Fibra de coco<\/li>\n<\/ul>\n<p>&nbsp;<\/p>\n<p><!--more--><\/p>\n<p>Encuentre aqu\u00ed nuestra escobilla de coco de madera: <span style=\"color: #d12727;\"><a style=\"color: #d12727;\" href=\"https:\/\/www.csj-emballages.com\/es\/produit\/escoba-de-madera-de-coco\/\">46142<\/a><\/span><\/p>\n<p>&nbsp;<\/p>\n<p><!--more--><\/p>\n<p><a href=\"\/?product_cat=balai-brosse-plumeau\">Consulte el resto de nuestra gama de escobas \/ cepillos \/ plumeros<\/a><\/p>\n","protected":false},"excerpt":{"rendered":"<p>Montura de escoba de coco Descubra nuestra montura de escoba de coco de 29 cm<\/p>\n","protected":false},"featured_media":7677,"template":"","meta":{"_acf_changed":false},"product_brand":[],"product_cat":[1226,1420,1832,1835],"product_tag":[],"class_list":{"0":"post-22098","1":"product","2":"type-product","3":"status-publish","4":"has-post-thumbnail","6":"product_cat-higiene-y-mantenimiento","7":"product_cat-cepillos-y-escobas","8":"product_cat-escoba-cepillo-plumero","9":"product_cat-escobas-barredoras-plumeros","11":"first","12":"instock","13":"taxable","14":"shipping-taxable","15":"purchasable","16":"product-type-simple"},"acf":[],"yoast_head":"<!-- This site is optimized with the Yoast SEO Premium plugin v26.6 (Yoast SEO v26.6) - https:\/\/yoast.com\/wordpress\/plugins\/seo\/ -->\n<title>Montura de escoba de coco 29 cm<\/title>\n<meta name=\"description\" content=\"Montura de escoba de coco de 29 cm en fibras naturales. Eficaz y resistente, ideal para la limpieza diaria de suelos interiores y exteriores.\" \/>\n<meta name=\"robots\" content=\"index, follow, max-snippet:-1, max-image-preview:large, max-video-preview:-1\" \/>\n<link rel=\"canonical\" href=\"https:\/\/www.csj-emballages.com\/es\/produit\/marco-de-escoba-de-coco-29-cm\/\" \/>\n<meta property=\"og:locale\" content=\"es_ES\" \/>\n<meta property=\"og:type\" content=\"article\" \/>\n<meta property=\"og:title\" content=\"Marco de escoba de coco 29 cm\" \/>\n<meta property=\"og:description\" content=\"Montura de escoba de coco de 29 cm en fibras naturales. Eficaz y resistente, ideal para la limpieza diaria de suelos interiores y exteriores.\" \/>\n<meta property=\"og:url\" content=\"https:\/\/www.csj-emballages.com\/es\/produit\/marco-de-escoba-de-coco-29-cm\/\" \/>\n<meta property=\"og:site_name\" content=\"CSJ Emballages\" \/>\n<meta property=\"article:publisher\" content=\"https:\/\/www.facebook.com\/csjemballages\" \/>\n<meta property=\"article:modified_time\" content=\"2026-04-29T00:15:55+00:00\" \/>\n<meta property=\"og:image\" content=\"https:\/\/www.csj-emballages.com\/wp-content\/uploads\/2024\/03\/balai-coco-zoom-jpg.webp\" \/>\n\t<meta property=\"og:image:width\" content=\"700\" \/>\n\t<meta property=\"og:image:height\" content=\"700\" \/>\n\t<meta property=\"og:image:type\" content=\"image\/jpeg\" \/>\n<meta name=\"twitter:card\" content=\"summary_large_image\" \/>\n<meta name=\"twitter:label1\" content=\"Tiempo de lectura\" \/>\n\t<meta name=\"twitter:data1\" content=\"2 minutos\" \/>\n<script type=\"application\/ld+json\" class=\"yoast-schema-graph\">{\"@context\":\"https:\/\/schema.org\",\"@graph\":[{\"@type\":\"WebPage\",\"@id\":\"https:\/\/www.csj-emballages.com\/es\/produit\/marco-de-escoba-de-coco-29-cm\/\",\"url\":\"https:\/\/www.csj-emballages.com\/es\/produit\/marco-de-escoba-de-coco-29-cm\/\",\"name\":\"Montura de escoba de coco 29 cm\",\"isPartOf\":{\"@id\":\"https:\/\/www.csj-emballages.com\/es\/#website\"},\"primaryImageOfPage\":{\"@id\":\"https:\/\/www.csj-emballages.com\/es\/produit\/marco-de-escoba-de-coco-29-cm\/#primaryimage\"},\"image\":{\"@id\":\"https:\/\/www.csj-emballages.com\/es\/produit\/marco-de-escoba-de-coco-29-cm\/#primaryimage\"},\"thumbnailUrl\":\"https:\/\/www.csj-emballages.com\/wp-content\/uploads\/2024\/03\/balai-coco-zoom-jpg.webp\",\"datePublished\":\"2024-03-01T15:51:42+00:00\",\"dateModified\":\"2026-04-29T00:15:55+00:00\",\"description\":\"Montura de escoba de coco de 29 cm en fibras naturales. Eficaz y resistente, ideal para la limpieza diaria de suelos interiores y exteriores.\",\"breadcrumb\":{\"@id\":\"https:\/\/www.csj-emballages.com\/es\/produit\/marco-de-escoba-de-coco-29-cm\/#breadcrumb\"},\"inLanguage\":\"es\",\"potentialAction\":[{\"@type\":\"ReadAction\",\"target\":[\"https:\/\/www.csj-emballages.com\/es\/produit\/marco-de-escoba-de-coco-29-cm\/\"]}]},{\"@type\":\"ImageObject\",\"inLanguage\":\"es\",\"@id\":\"https:\/\/www.csj-emballages.com\/es\/produit\/marco-de-escoba-de-coco-29-cm\/#primaryimage\",\"url\":\"https:\/\/www.csj-emballages.com\/wp-content\/uploads\/2024\/03\/balai-coco-zoom-jpg.webp\",\"contentUrl\":\"https:\/\/www.csj-emballages.com\/wp-content\/uploads\/2024\/03\/balai-coco-zoom-jpg.webp\",\"width\":700,\"height\":700},{\"@type\":\"BreadcrumbList\",\"@id\":\"https:\/\/www.csj-emballages.com\/es\/produit\/marco-de-escoba-de-coco-29-cm\/#breadcrumb\",\"itemListElement\":[{\"@type\":\"ListItem\",\"position\":1,\"name\":\"Accueil\",\"item\":\"https:\/\/www.csj-emballages.com\/es\/universo-del-envasado-alimentario\/\"},{\"@type\":\"ListItem\",\"position\":2,\"name\":\"Tienda\",\"item\":\"https:\/\/www.csj-emballages.com\/tienda\/\"},{\"@type\":\"ListItem\",\"position\":3,\"name\":\"Marco de escoba de coco 29 cm\"}]},{\"@type\":\"WebSite\",\"@id\":\"https:\/\/www.csj-emballages.com\/es\/#website\",\"url\":\"https:\/\/www.csj-emballages.com\/es\/\",\"name\":\"CSJ Emballages\",\"description\":\"\",\"publisher\":{\"@id\":\"https:\/\/www.csj-emballages.com\/es\/#organization\"},\"potentialAction\":[{\"@type\":\"SearchAction\",\"target\":{\"@type\":\"EntryPoint\",\"urlTemplate\":\"https:\/\/www.csj-emballages.com\/es\/?s={search_term_string}\"},\"query-input\":{\"@type\":\"PropertyValueSpecification\",\"valueRequired\":true,\"valueName\":\"search_term_string\"}}],\"inLanguage\":\"es\"},{\"@type\":\"Organization\",\"@id\":\"https:\/\/www.csj-emballages.com\/es\/#Organization\/\",\"name\":\"CSJ Emballages\",\"url\":\"https:\/\/www.csj-emballages.com\/es\/\",\"logo\":{\"@type\":\"ImageObject\",\"inLanguage\":\"es\",\"@id\":\"https:\/\/www.csj-emballages.com\/es\/#\/schema\/logo\/image\/\",\"url\":\"https:\/\/www.csj-emballages.com\/wp-content\/uploads\/2023\/10\/logo_csj.webp\",\"contentUrl\":\"https:\/\/www.csj-emballages.com\/wp-content\/uploads\/2023\/10\/logo_csj.webp\",\"width\":250,\"height\":95,\"caption\":\"CSJ Emballages\"},\"image\":{\"@id\":\"https:\/\/www.csj-emballages.com\/es\/#\/schema\/logo\/image\/\"},\"sameAs\":[\"https:\/\/www.facebook.com\/csjemballages\"],\"address\":{\"@type\":\"PostalAddress\",\"streetAddress\":\"ZI La Lechere\",\"addressLocality\":\"Patornay\",\"postalCode\":\"39130\",\"addressCountry\":\"FR\"},\"contactPoint\":[{\"@type\":\"ContactPoint\",\"contactType\":\"Service client\",\"telephone\":\"0384254272\",\"email\":\"contact@csj-emballages.com\"}]}]}<\/script>\n<!-- \/ Yoast SEO Premium plugin. -->","yoast_head_json":{"title":"Montura de escoba de coco 29 cm","description":"Montura de escoba de coco de 29 cm en fibras naturales. Eficaz y resistente, ideal para la limpieza diaria de suelos interiores y exteriores.","robots":{"index":"index","follow":"follow","max-snippet":"max-snippet:-1","max-image-preview":"max-image-preview:large","max-video-preview":"max-video-preview:-1"},"canonical":"https:\/\/www.csj-emballages.com\/es\/produit\/marco-de-escoba-de-coco-29-cm\/","og_locale":"es_ES","og_type":"article","og_title":"Marco de escoba de coco 29 cm","og_description":"Montura de escoba de coco de 29 cm en fibras naturales. Eficaz y resistente, ideal para la limpieza diaria de suelos interiores y exteriores.","og_url":"https:\/\/www.csj-emballages.com\/es\/produit\/marco-de-escoba-de-coco-29-cm\/","og_site_name":"CSJ Emballages","article_publisher":"https:\/\/www.facebook.com\/csjemballages","article_modified_time":"2026-04-29T00:15:55+00:00","og_image":[{"width":700,"height":700,"url":"https:\/\/www.csj-emballages.com\/wp-content\/uploads\/2024\/03\/balai-coco-zoom-jpg.webp","type":"image\/jpeg"}],"twitter_card":"summary_large_image","twitter_misc":{"Tiempo de lectura":"2 minutos"},"schema":{"@context":"https:\/\/schema.org","@graph":[{"@type":"WebPage","@id":"https:\/\/www.csj-emballages.com\/es\/produit\/marco-de-escoba-de-coco-29-cm\/","url":"https:\/\/www.csj-emballages.com\/es\/produit\/marco-de-escoba-de-coco-29-cm\/","name":"Montura de escoba de coco 29 cm","isPartOf":{"@id":"https:\/\/www.csj-emballages.com\/es\/#website"},"primaryImageOfPage":{"@id":"https:\/\/www.csj-emballages.com\/es\/produit\/marco-de-escoba-de-coco-29-cm\/#primaryimage"},"image":{"@id":"https:\/\/www.csj-emballages.com\/es\/produit\/marco-de-escoba-de-coco-29-cm\/#primaryimage"},"thumbnailUrl":"https:\/\/www.csj-emballages.com\/wp-content\/uploads\/2024\/03\/balai-coco-zoom-jpg.webp","datePublished":"2024-03-01T15:51:42+00:00","dateModified":"2026-04-29T00:15:55+00:00","description":"Montura de escoba de coco de 29 cm en fibras naturales. Eficaz y resistente, ideal para la limpieza diaria de suelos interiores y exteriores.","breadcrumb":{"@id":"https:\/\/www.csj-emballages.com\/es\/produit\/marco-de-escoba-de-coco-29-cm\/#breadcrumb"},"inLanguage":"es","potentialAction":[{"@type":"ReadAction","target":["https:\/\/www.csj-emballages.com\/es\/produit\/marco-de-escoba-de-coco-29-cm\/"]}]},{"@type":"ImageObject","inLanguage":"es","@id":"https:\/\/www.csj-emballages.com\/es\/produit\/marco-de-escoba-de-coco-29-cm\/#primaryimage","url":"https:\/\/www.csj-emballages.com\/wp-content\/uploads\/2024\/03\/balai-coco-zoom-jpg.webp","contentUrl":"https:\/\/www.csj-emballages.com\/wp-content\/uploads\/2024\/03\/balai-coco-zoom-jpg.webp","width":700,"height":700},{"@type":"BreadcrumbList","@id":"https:\/\/www.csj-emballages.com\/es\/produit\/marco-de-escoba-de-coco-29-cm\/#breadcrumb","itemListElement":[{"@type":"ListItem","position":1,"name":"Accueil","item":"https:\/\/www.csj-emballages.com\/es\/universo-del-envasado-alimentario\/"},{"@type":"ListItem","position":2,"name":"Tienda","item":"https:\/\/www.csj-emballages.com\/tienda\/"},{"@type":"ListItem","position":3,"name":"Marco de escoba de coco 29 cm"}]},{"@type":"WebSite","@id":"https:\/\/www.csj-emballages.com\/es\/#website","url":"https:\/\/www.csj-emballages.com\/es\/","name":"CSJ Emballages","description":"","publisher":{"@id":"https:\/\/www.csj-emballages.com\/es\/#organization"},"potentialAction":[{"@type":"SearchAction","target":{"@type":"EntryPoint","urlTemplate":"https:\/\/www.csj-emballages.com\/es\/?s={search_term_string}"},"query-input":{"@type":"PropertyValueSpecification","valueRequired":true,"valueName":"search_term_string"}}],"inLanguage":"es"},{"@type":"Organization","@id":"https:\/\/www.csj-emballages.com\/es\/#Organization\/","name":"CSJ Emballages","url":"https:\/\/www.csj-emballages.com\/es\/","logo":{"@type":"ImageObject","inLanguage":"es","@id":"https:\/\/www.csj-emballages.com\/es\/#\/schema\/logo\/image\/","url":"https:\/\/www.csj-emballages.com\/wp-content\/uploads\/2023\/10\/logo_csj.webp","contentUrl":"https:\/\/www.csj-emballages.com\/wp-content\/uploads\/2023\/10\/logo_csj.webp","width":250,"height":95,"caption":"CSJ Emballages"},"image":{"@id":"https:\/\/www.csj-emballages.com\/es\/#\/schema\/logo\/image\/"},"sameAs":["https:\/\/www.facebook.com\/csjemballages"],"address":{"@type":"PostalAddress","streetAddress":"ZI La Lechere","addressLocality":"Patornay","postalCode":"39130","addressCountry":"FR"},"contactPoint":[{"@type":"ContactPoint","contactType":"Service client","telephone":"0384254272","email":"contact@csj-emballages.com"}]}]}},"df_price":2.77,"df_sale_price":"","df_regular_price":2.77,"df_image_link":"https:\/\/www.csj-emballages.com\/wp-content\/uploads\/2024\/03\/balai-coco-zoom-300x300.webp","tiered_pricing_type":"fixed","tiered_pricing_fixed_rules":[],"tiered_pricing_percentage_rules":[],"tiered_pricing_minimum":1,"tiered_pricing_roles_data":[],"_links":{"self":[{"href":"https:\/\/www.csj-emballages.com\/es\/wp-json\/wp\/v2\/product\/22098","targetHints":{"allow":["GET"]}}],"collection":[{"href":"https:\/\/www.csj-emballages.com\/es\/wp-json\/wp\/v2\/product"}],"about":[{"href":"https:\/\/www.csj-emballages.com\/es\/wp-json\/wp\/v2\/types\/product"}],"wp:featuredmedia":[{"embeddable":true,"href":"https:\/\/www.csj-emballages.com\/es\/wp-json\/wp\/v2\/media\/7677"}],"wp:attachment":[{"href":"https:\/\/www.csj-emballages.com\/es\/wp-json\/wp\/v2\/media?parent=22098"}],"wp:term":[{"taxonomy":"product_brand","embeddable":true,"href":"https:\/\/www.csj-emballages.com\/es\/wp-json\/wp\/v2\/product_brand?post=22098"},{"taxonomy":"product_cat","embeddable":true,"href":"https:\/\/www.csj-emballages.com\/es\/wp-json\/wp\/v2\/product_cat?post=22098"},{"taxonomy":"product_tag","embeddable":true,"href":"https:\/\/www.csj-emballages.com\/es\/wp-json\/wp\/v2\/product_tag?post=22098"}],"curies":[{"name":"wp","href":"https:\/\/api.w.org\/{rel}","templated":true}]}}