{"id":22091,"date":"2024-03-01T16:51:42","date_gmt":"2024-03-01T15:51:42","guid":{"rendered":"https:\/\/u15jnbdpoq.preview.infomaniak.website\/produit\/marco-magnetico-de-40-cm-con-lengueta-y-bolsillo\/"},"modified":"2026-04-23T02:14:28","modified_gmt":"2026-04-23T00:14:28","slug":"marco-magnetico-de-40-cm-con-lengueta-y-bolsillo","status":"publish","type":"product","link":"https:\/\/www.csj-emballages.com\/es\/produit\/marco-magnetico-de-40-cm-con-lengueta-y-bolsillo\/","title":{"rendered":"Soporte magn\u00e9tico de 40 cm con leng\u00fcetas y bolsillos"},"content":{"rendered":"<h2>Soporte magn\u00e9tico<\/h2>\n<hr>\n<h3>Descubra nuestro soporte magn\u00e9tico de 40 cm con leng\u00fcetas y bolsillos<\/h3>\n<p><!--more--><\/p>\n<p data-start=\"310\" data-end=\"696\">Este <strong data-start=\"316\" data-end=\"344\">soporte magn\u00e9tico de 40 cm<\/strong> est\u00e1 pensado para que la limpieza sea m\u00e1s sencilla, r\u00e1pida y, sobre todo, menos engorrosa a diario. Desde el primer uso, se entiende r\u00e1pidamente su utilidad: todo est\u00e1 dise\u00f1ado para ahorrar tiempo sin sacrificar la eficacia. Gracias a su sistema magn\u00e9tico, la fijaci\u00f3n de las mopas se realiza en un gesto, sin forzar y sin manipulaci\u00f3n complicada.  <\/p>\n<p data-start=\"698\" data-end=\"1082\">La <strong data-start=\"701\" data-end=\"723\">leng\u00fceta integrada<\/strong> permite <strong>retirar la mopa<\/strong> f\u00e1cilmente, sin tener que tocarla. Es una verdadera ventaja en t\u00e9rminos de higiene, especialmente en entornos profesionales donde los gestos deben ser r\u00e1pidos y limpios. Adem\u00e1s, el <strong data-start=\"937\" data-end=\"955\">bolsillo central<\/strong> mantiene perfectamente la mopa en su sitio durante el uso, evitando que se deslice o se suelte mientras se trabaja.  <\/p>\n<p data-start=\"1084\" data-end=\"1431\">Con sus <strong data-start=\"1093\" data-end=\"1102\">40 cm<\/strong>, este soporte ofrece una buena superficie de limpieza. Cubre eficazmente los suelos sin dejar de ser manejable, incluso en las zonas m\u00e1s estrechas. Su dise\u00f1o robusto soporta un uso intensivo, lo que lo hace perfectamente adecuado para colectividades, empresas de limpieza, cocinas profesionales o centros de salud.  <\/p>\n<p data-start=\"1433\" data-end=\"1644\">Adem\u00e1s, su <strong>c\u00f3digo de color azul y rojo<\/strong> permite una organizaci\u00f3n m\u00e1s clara del material, especialmente para respetar los protocolos de limpieza por zonas. De este modo, se limitan los errores y se gana en eficacia. <\/p>\n<p data-start=\"1646\" data-end=\"1802\">En resumen, este <strong>soporte magn\u00e9tico<\/strong> no es solo un soporte: es una herramienta fiable, pr\u00e1ctica y pensada para facilitar el trabajo de los profesionales d\u00eda tras d\u00eda.<\/p>\n<p data-start=\"1646\" data-end=\"1802\">\n<p data-start=\"1570\" data-end=\"1680\"><!--more--><\/p>\n<h4 data-start=\"1570\" data-end=\"1680\">Ventajas :<\/h4>\n<ul>\n<li data-start=\"1830\" data-end=\"1871\">Fijaci\u00f3n magn\u00e9tica r\u00e1pida y segura.<\/li>\n<li data-start=\"1874\" data-end=\"1923\"><strong>Leng\u00fceta pr\u00e1ctica<\/strong> para una retirada sin contacto.<\/li>\n<li data-start=\"1926\" data-end=\"1976\">Bolsillo central para una buena sujeci\u00f3n de la mopa.<\/li>\n<li data-start=\"1979\" data-end=\"2021\"><strong>Ancho de 40 cm<\/strong> para una limpieza eficaz.<\/li>\n<li data-start=\"2024\" data-end=\"2063\">S\u00f3lido y adaptado a un uso intensivo.<\/li>\n<li data-start=\"2066\" data-end=\"2113\">Ideal para entornos profesionales.<\/li>\n<\/ul>\n<p>&nbsp;<\/p>\n<p><!--more--><\/p>\n<h4>Informaci\u00f3n adicional :<\/h4>\n<ul>\n<li><strong>Embalaje<\/strong>: Por unidad<\/li>\n<li><strong>Longitud<\/strong>: 40 cm<\/li>\n<li><strong>Material<\/strong>: Pl\u00e1stico<\/li>\n<\/ul>\n<p>&nbsp;<\/p>\n<p><!--more--><\/p>\n<p>Encuentre aqu\u00ed nuestra mopa de microfibra azul con bolsillos y leng\u00fcetas: <span style=\"color: #d12727;\"><a style=\"color: #d12727;\" href=\"https:\/\/www.csj-emballages.com\/es\/produit\/flecos-de-microfibra-azul-de-40-cm-con-bolsillos-y-lengueta-con-agujero\/\">6363<\/a><\/span><\/p>\n<p>&nbsp;<\/p>\n<p><!--more--><\/p>\n<p><a href=\"\/?product_cat=balai-brosse-plumeau\">Consulte el resto de nuestra gama de escobas \/ cepillos \/ plumeros<\/a><\/p>\n","protected":false},"excerpt":{"rendered":"<p>Soporte magn\u00e9tico Descubra nuestro soporte magn\u00e9tico de 40 cm con leng\u00fcetas y bolsillos<\/p>\n","protected":false},"featured_media":7689,"template":"","meta":{"_acf_changed":false},"product_brand":[],"product_cat":[1226,1420,1832,1908],"product_tag":[],"class_list":{"0":"post-22091","1":"product","2":"type-product","3":"status-publish","4":"has-post-thumbnail","6":"product_cat-higiene-y-mantenimiento","7":"product_cat-cepillos-y-escobas","8":"product_cat-escoba-cepillo-plumero","9":"product_cat-gama-speedy-es","11":"first","12":"instock","13":"taxable","14":"shipping-taxable","15":"purchasable","16":"product-type-simple"},"acf":[],"yoast_head":"<!-- This site is optimized with the Yoast SEO Premium plugin v26.6 (Yoast SEO v26.6) - https:\/\/yoast.com\/wordpress\/plugins\/seo\/ -->\n<title>Soporte magn\u00e9tico de 40 cm con leng\u00fcetas y bolsillos<\/title>\n<meta name=\"description\" content=\"Soporte magn\u00e9tico de 40 cm con leng\u00fceta y bolsillo, ideal para la limpieza profesional. Fijaci\u00f3n r\u00e1pida, higi\u00e9nica y uso sencillo a diario.\" \/>\n<meta name=\"robots\" content=\"index, follow, max-snippet:-1, max-image-preview:large, max-video-preview:-1\" \/>\n<link rel=\"canonical\" href=\"https:\/\/www.csj-emballages.com\/es\/produit\/marco-magnetico-de-40-cm-con-lengueta-y-bolsillo\/\" \/>\n<meta property=\"og:locale\" content=\"es_ES\" \/>\n<meta property=\"og:type\" content=\"article\" \/>\n<meta property=\"og:title\" content=\"Soporte magn\u00e9tico de 40 cm con leng\u00fcetas y bolsillos\" \/>\n<meta property=\"og:description\" content=\"Soporte magn\u00e9tico de 40 cm con leng\u00fceta y bolsillo, ideal para la limpieza profesional. Fijaci\u00f3n r\u00e1pida, higi\u00e9nica y uso sencillo a diario.\" \/>\n<meta property=\"og:url\" content=\"https:\/\/www.csj-emballages.com\/es\/produit\/marco-magnetico-de-40-cm-con-lengueta-y-bolsillo\/\" \/>\n<meta property=\"og:site_name\" content=\"CSJ Emballages\" \/>\n<meta property=\"article:publisher\" content=\"https:\/\/www.facebook.com\/csjemballages\" \/>\n<meta property=\"article:modified_time\" content=\"2026-04-23T00:14:28+00:00\" \/>\n<meta property=\"og:image\" content=\"https:\/\/www.csj-emballages.com\/wp-content\/uploads\/2024\/03\/monture-speedy-plastique-poche-languette-grossiste-csj-emballages-zoom-jpg-e1711549375808.webp\" \/>\n\t<meta property=\"og:image:width\" content=\"300\" \/>\n\t<meta property=\"og:image:height\" content=\"300\" \/>\n\t<meta property=\"og:image:type\" content=\"image\/jpeg\" \/>\n<meta name=\"twitter:card\" content=\"summary_large_image\" \/>\n<meta name=\"twitter:label1\" content=\"Tiempo de lectura\" \/>\n\t<meta name=\"twitter:data1\" content=\"2 minutos\" \/>\n<script type=\"application\/ld+json\" class=\"yoast-schema-graph\">{\"@context\":\"https:\/\/schema.org\",\"@graph\":[{\"@type\":\"WebPage\",\"@id\":\"https:\/\/www.csj-emballages.com\/es\/produit\/marco-magnetico-de-40-cm-con-lengueta-y-bolsillo\/\",\"url\":\"https:\/\/www.csj-emballages.com\/es\/produit\/marco-magnetico-de-40-cm-con-lengueta-y-bolsillo\/\",\"name\":\"Soporte magn\u00e9tico de 40 cm con leng\u00fcetas y bolsillos\",\"isPartOf\":{\"@id\":\"https:\/\/www.csj-emballages.com\/es\/#website\"},\"primaryImageOfPage\":{\"@id\":\"https:\/\/www.csj-emballages.com\/es\/produit\/marco-magnetico-de-40-cm-con-lengueta-y-bolsillo\/#primaryimage\"},\"image\":{\"@id\":\"https:\/\/www.csj-emballages.com\/es\/produit\/marco-magnetico-de-40-cm-con-lengueta-y-bolsillo\/#primaryimage\"},\"thumbnailUrl\":\"https:\/\/www.csj-emballages.com\/wp-content\/uploads\/2024\/03\/monture-speedy-plastique-poche-languette-grossiste-csj-emballages-zoom-jpg-e1711549375808.webp\",\"datePublished\":\"2024-03-01T15:51:42+00:00\",\"dateModified\":\"2026-04-23T00:14:28+00:00\",\"description\":\"Soporte magn\u00e9tico de 40 cm con leng\u00fceta y bolsillo, ideal para la limpieza profesional. Fijaci\u00f3n r\u00e1pida, higi\u00e9nica y uso sencillo a diario.\",\"breadcrumb\":{\"@id\":\"https:\/\/www.csj-emballages.com\/es\/produit\/marco-magnetico-de-40-cm-con-lengueta-y-bolsillo\/#breadcrumb\"},\"inLanguage\":\"es\",\"potentialAction\":[{\"@type\":\"ReadAction\",\"target\":[\"https:\/\/www.csj-emballages.com\/es\/produit\/marco-magnetico-de-40-cm-con-lengueta-y-bolsillo\/\"]}]},{\"@type\":\"ImageObject\",\"inLanguage\":\"es\",\"@id\":\"https:\/\/www.csj-emballages.com\/es\/produit\/marco-magnetico-de-40-cm-con-lengueta-y-bolsillo\/#primaryimage\",\"url\":\"https:\/\/www.csj-emballages.com\/wp-content\/uploads\/2024\/03\/monture-speedy-plastique-poche-languette-grossiste-csj-emballages-zoom-jpg-e1711549375808.webp\",\"contentUrl\":\"https:\/\/www.csj-emballages.com\/wp-content\/uploads\/2024\/03\/monture-speedy-plastique-poche-languette-grossiste-csj-emballages-zoom-jpg-e1711549375808.webp\",\"width\":300,\"height\":300,\"caption\":\"Monture magnet\"},{\"@type\":\"BreadcrumbList\",\"@id\":\"https:\/\/www.csj-emballages.com\/es\/produit\/marco-magnetico-de-40-cm-con-lengueta-y-bolsillo\/#breadcrumb\",\"itemListElement\":[{\"@type\":\"ListItem\",\"position\":1,\"name\":\"Accueil\",\"item\":\"https:\/\/www.csj-emballages.com\/es\/universo-del-envasado-alimentario\/\"},{\"@type\":\"ListItem\",\"position\":2,\"name\":\"Tienda\",\"item\":\"https:\/\/www.csj-emballages.com\/tienda\/\"},{\"@type\":\"ListItem\",\"position\":3,\"name\":\"Soporte magn\u00e9tico de 40 cm con leng\u00fcetas y bolsillos\"}]},{\"@type\":\"WebSite\",\"@id\":\"https:\/\/www.csj-emballages.com\/es\/#website\",\"url\":\"https:\/\/www.csj-emballages.com\/es\/\",\"name\":\"CSJ Emballages\",\"description\":\"\",\"publisher\":{\"@id\":\"https:\/\/www.csj-emballages.com\/es\/#organization\"},\"potentialAction\":[{\"@type\":\"SearchAction\",\"target\":{\"@type\":\"EntryPoint\",\"urlTemplate\":\"https:\/\/www.csj-emballages.com\/es\/?s={search_term_string}\"},\"query-input\":{\"@type\":\"PropertyValueSpecification\",\"valueRequired\":true,\"valueName\":\"search_term_string\"}}],\"inLanguage\":\"es\"},{\"@type\":\"Organization\",\"@id\":\"https:\/\/www.csj-emballages.com\/es\/#Organization\/\",\"name\":\"CSJ Emballages\",\"url\":\"https:\/\/www.csj-emballages.com\/es\/\",\"logo\":{\"@type\":\"ImageObject\",\"inLanguage\":\"es\",\"@id\":\"https:\/\/www.csj-emballages.com\/es\/#\/schema\/logo\/image\/\",\"url\":\"https:\/\/www.csj-emballages.com\/wp-content\/uploads\/2023\/10\/logo_csj.webp\",\"contentUrl\":\"https:\/\/www.csj-emballages.com\/wp-content\/uploads\/2023\/10\/logo_csj.webp\",\"width\":250,\"height\":95,\"caption\":\"CSJ Emballages\"},\"image\":{\"@id\":\"https:\/\/www.csj-emballages.com\/es\/#\/schema\/logo\/image\/\"},\"sameAs\":[\"https:\/\/www.facebook.com\/csjemballages\"],\"address\":{\"@type\":\"PostalAddress\",\"streetAddress\":\"ZI La Lechere\",\"addressLocality\":\"Patornay\",\"postalCode\":\"39130\",\"addressCountry\":\"FR\"},\"contactPoint\":[{\"@type\":\"ContactPoint\",\"contactType\":\"Service client\",\"telephone\":\"0384254272\",\"email\":\"contact@csj-emballages.com\"}]}]}<\/script>\n<!-- \/ Yoast SEO Premium plugin. -->","yoast_head_json":{"title":"Soporte magn\u00e9tico de 40 cm con leng\u00fcetas y bolsillos","description":"Soporte magn\u00e9tico de 40 cm con leng\u00fceta y bolsillo, ideal para la limpieza profesional. Fijaci\u00f3n r\u00e1pida, higi\u00e9nica y uso sencillo a diario.","robots":{"index":"index","follow":"follow","max-snippet":"max-snippet:-1","max-image-preview":"max-image-preview:large","max-video-preview":"max-video-preview:-1"},"canonical":"https:\/\/www.csj-emballages.com\/es\/produit\/marco-magnetico-de-40-cm-con-lengueta-y-bolsillo\/","og_locale":"es_ES","og_type":"article","og_title":"Soporte magn\u00e9tico de 40 cm con leng\u00fcetas y bolsillos","og_description":"Soporte magn\u00e9tico de 40 cm con leng\u00fceta y bolsillo, ideal para la limpieza profesional. Fijaci\u00f3n r\u00e1pida, higi\u00e9nica y uso sencillo a diario.","og_url":"https:\/\/www.csj-emballages.com\/es\/produit\/marco-magnetico-de-40-cm-con-lengueta-y-bolsillo\/","og_site_name":"CSJ Emballages","article_publisher":"https:\/\/www.facebook.com\/csjemballages","article_modified_time":"2026-04-23T00:14:28+00:00","og_image":[{"width":300,"height":300,"url":"https:\/\/www.csj-emballages.com\/wp-content\/uploads\/2024\/03\/monture-speedy-plastique-poche-languette-grossiste-csj-emballages-zoom-jpg-e1711549375808.webp","type":"image\/jpeg"}],"twitter_card":"summary_large_image","twitter_misc":{"Tiempo de lectura":"2 minutos"},"schema":{"@context":"https:\/\/schema.org","@graph":[{"@type":"WebPage","@id":"https:\/\/www.csj-emballages.com\/es\/produit\/marco-magnetico-de-40-cm-con-lengueta-y-bolsillo\/","url":"https:\/\/www.csj-emballages.com\/es\/produit\/marco-magnetico-de-40-cm-con-lengueta-y-bolsillo\/","name":"Soporte magn\u00e9tico de 40 cm con leng\u00fcetas y bolsillos","isPartOf":{"@id":"https:\/\/www.csj-emballages.com\/es\/#website"},"primaryImageOfPage":{"@id":"https:\/\/www.csj-emballages.com\/es\/produit\/marco-magnetico-de-40-cm-con-lengueta-y-bolsillo\/#primaryimage"},"image":{"@id":"https:\/\/www.csj-emballages.com\/es\/produit\/marco-magnetico-de-40-cm-con-lengueta-y-bolsillo\/#primaryimage"},"thumbnailUrl":"https:\/\/www.csj-emballages.com\/wp-content\/uploads\/2024\/03\/monture-speedy-plastique-poche-languette-grossiste-csj-emballages-zoom-jpg-e1711549375808.webp","datePublished":"2024-03-01T15:51:42+00:00","dateModified":"2026-04-23T00:14:28+00:00","description":"Soporte magn\u00e9tico de 40 cm con leng\u00fceta y bolsillo, ideal para la limpieza profesional. Fijaci\u00f3n r\u00e1pida, higi\u00e9nica y uso sencillo a diario.","breadcrumb":{"@id":"https:\/\/www.csj-emballages.com\/es\/produit\/marco-magnetico-de-40-cm-con-lengueta-y-bolsillo\/#breadcrumb"},"inLanguage":"es","potentialAction":[{"@type":"ReadAction","target":["https:\/\/www.csj-emballages.com\/es\/produit\/marco-magnetico-de-40-cm-con-lengueta-y-bolsillo\/"]}]},{"@type":"ImageObject","inLanguage":"es","@id":"https:\/\/www.csj-emballages.com\/es\/produit\/marco-magnetico-de-40-cm-con-lengueta-y-bolsillo\/#primaryimage","url":"https:\/\/www.csj-emballages.com\/wp-content\/uploads\/2024\/03\/monture-speedy-plastique-poche-languette-grossiste-csj-emballages-zoom-jpg-e1711549375808.webp","contentUrl":"https:\/\/www.csj-emballages.com\/wp-content\/uploads\/2024\/03\/monture-speedy-plastique-poche-languette-grossiste-csj-emballages-zoom-jpg-e1711549375808.webp","width":300,"height":300,"caption":"Monture magnet"},{"@type":"BreadcrumbList","@id":"https:\/\/www.csj-emballages.com\/es\/produit\/marco-magnetico-de-40-cm-con-lengueta-y-bolsillo\/#breadcrumb","itemListElement":[{"@type":"ListItem","position":1,"name":"Accueil","item":"https:\/\/www.csj-emballages.com\/es\/universo-del-envasado-alimentario\/"},{"@type":"ListItem","position":2,"name":"Tienda","item":"https:\/\/www.csj-emballages.com\/tienda\/"},{"@type":"ListItem","position":3,"name":"Soporte magn\u00e9tico de 40 cm con leng\u00fcetas y bolsillos"}]},{"@type":"WebSite","@id":"https:\/\/www.csj-emballages.com\/es\/#website","url":"https:\/\/www.csj-emballages.com\/es\/","name":"CSJ Emballages","description":"","publisher":{"@id":"https:\/\/www.csj-emballages.com\/es\/#organization"},"potentialAction":[{"@type":"SearchAction","target":{"@type":"EntryPoint","urlTemplate":"https:\/\/www.csj-emballages.com\/es\/?s={search_term_string}"},"query-input":{"@type":"PropertyValueSpecification","valueRequired":true,"valueName":"search_term_string"}}],"inLanguage":"es"},{"@type":"Organization","@id":"https:\/\/www.csj-emballages.com\/es\/#Organization\/","name":"CSJ Emballages","url":"https:\/\/www.csj-emballages.com\/es\/","logo":{"@type":"ImageObject","inLanguage":"es","@id":"https:\/\/www.csj-emballages.com\/es\/#\/schema\/logo\/image\/","url":"https:\/\/www.csj-emballages.com\/wp-content\/uploads\/2023\/10\/logo_csj.webp","contentUrl":"https:\/\/www.csj-emballages.com\/wp-content\/uploads\/2023\/10\/logo_csj.webp","width":250,"height":95,"caption":"CSJ Emballages"},"image":{"@id":"https:\/\/www.csj-emballages.com\/es\/#\/schema\/logo\/image\/"},"sameAs":["https:\/\/www.facebook.com\/csjemballages"],"address":{"@type":"PostalAddress","streetAddress":"ZI La Lechere","addressLocality":"Patornay","postalCode":"39130","addressCountry":"FR"},"contactPoint":[{"@type":"ContactPoint","contactType":"Service client","telephone":"0384254272","email":"contact@csj-emballages.com"}]}]}},"df_price":12.56,"df_sale_price":"","df_regular_price":12.56,"df_image_link":"https:\/\/www.csj-emballages.com\/wp-content\/uploads\/2024\/03\/monture-speedy-plastique-poche-languette-grossiste-csj-emballages-zoom-300x300.webp","tiered_pricing_type":"fixed","tiered_pricing_fixed_rules":[],"tiered_pricing_percentage_rules":[],"tiered_pricing_minimum":1,"tiered_pricing_roles_data":[],"_links":{"self":[{"href":"https:\/\/www.csj-emballages.com\/es\/wp-json\/wp\/v2\/product\/22091","targetHints":{"allow":["GET"]}}],"collection":[{"href":"https:\/\/www.csj-emballages.com\/es\/wp-json\/wp\/v2\/product"}],"about":[{"href":"https:\/\/www.csj-emballages.com\/es\/wp-json\/wp\/v2\/types\/product"}],"wp:featuredmedia":[{"embeddable":true,"href":"https:\/\/www.csj-emballages.com\/es\/wp-json\/wp\/v2\/media\/7689"}],"wp:attachment":[{"href":"https:\/\/www.csj-emballages.com\/es\/wp-json\/wp\/v2\/media?parent=22091"}],"wp:term":[{"taxonomy":"product_brand","embeddable":true,"href":"https:\/\/www.csj-emballages.com\/es\/wp-json\/wp\/v2\/product_brand?post=22091"},{"taxonomy":"product_cat","embeddable":true,"href":"https:\/\/www.csj-emballages.com\/es\/wp-json\/wp\/v2\/product_cat?post=22091"},{"taxonomy":"product_tag","embeddable":true,"href":"https:\/\/www.csj-emballages.com\/es\/wp-json\/wp\/v2\/product_tag?post=22091"}],"curies":[{"name":"wp","href":"https:\/\/api.w.org\/{rel}","templated":true}]}}