{"id":22082,"date":"2024-03-01T16:51:42","date_gmt":"2024-03-01T15:51:42","guid":{"rendered":"https:\/\/u15jnbdpoq.preview.infomaniak.website\/produit\/papel-de-seda-33x40cm-10-kg\/"},"modified":"2026-04-10T02:14:15","modified_gmt":"2026-04-10T00:14:15","slug":"papel-de-seda-33x40cm-10-kg","status":"publish","type":"product","link":"https:\/\/www.csj-emballages.com\/es\/produit\/papel-de-seda-33x40cm-10-kg\/","title":{"rendered":"Papel de seda 33x40cm 10 kg"},"content":{"rendered":"<h2>Hoja de papel de seda<\/h2>\n<hr>\n<h3>Descripci\u00f3n de nuestro papel muselina 33 x 40 cm 10 kg<\/h3>\n<p><!--more--><\/p>\n<p data-start=\"231\" data-end=\"453\">\u00bfBusca un envase <strong data-start=\"268\" data-end=\"279\">elegante<\/strong>, <strong data-start=\"281\" data-end=\"295\">vers\u00e1til<\/strong> y <strong data-start=\"299\" data-end=\"311\">pr\u00e1ctico<\/strong> para sus preparaciones alimenticias? Nuestras <strong data-start=\"353\" data-end=\"407\">hojas de papel tis\u00fa impresas de 33 x 40 cm<\/strong> en paquetes <strong>de 10 kg<\/strong> son la soluci\u00f3n ideal. <\/p>\n<p data-start=\"455\" data-end=\"912\">El <strong>papel de seda<\/strong> es famoso por su <strong data-start=\"506\" data-end=\"518\">ligereza<\/strong> y <strong data-start=\"525\" data-end=\"536\">finura<\/strong>, lo que le permite proteger sus productos y ofrecer una presentaci\u00f3n impecable. Gracias a su formato <strong data-start=\"642\" data-end=\"656\">de 33 x 40 cm<\/strong>, es f\u00e1cil de adaptar a distintos tipos de alimentos: bocadillos, boller\u00eda, quesos, embutidos o incluso comida para llevar. Adem\u00e1s, la impresi\u00f3n aporta un toque <strong data-start=\"832\" data-end=\"851\">profesional<\/strong> y <strong data-start=\"855\" data-end=\"869\">atractivo<\/strong> que realza su imagen de marca.  <\/p>\n<p data-start=\"914\" data-end=\"1305\">Pero eso no es todo. <strong>El papel de seda<\/strong> tambi\u00e9n destaca por su <strong data-start=\"989\" data-end=\"1004\">versatilidad<\/strong>. Puede utilizarse tanto para envolver como para separar los platos, evitando que los alimentos se peguen entre s\u00ed. Su textura suave y resistente lo convierte en un aliado indispensable en el d\u00eda a d\u00eda de <strong data-start=\"1225\" data-end=\"1241\">panader\u00edas<\/strong>, <strong data-start=\"1243\" data-end=\"1253\">cafeter\u00edas<\/strong>, <strong data-start=\"1255\" data-end=\"1278\">restaurantes de comida r\u00e1pida<\/strong> y <strong data-start=\"1289\" data-end=\"1302\">empresas de catering<\/strong>.   <\/p>\n<p data-start=\"1307\" data-end=\"1606\">Al elegir este paquete de <strong data-start=\"1344\" data-end=\"1353\">10 kg<\/strong>, est\u00e1 optando por un stock generoso, que le ahorra tiempo y reduce las reposiciones. Es una soluci\u00f3n econ\u00f3mica, pero tambi\u00e9n pr\u00e1ctica, porque siempre tendr\u00e1 a mano el papel que necesita para satisfacer sus necesidades. <\/p>\n<p data-start=\"1608\" data-end=\"1835\">En resumen, este <strong data-start=\"1622\" data-end=\"1651\">papel tis\u00fa impreso<\/strong> combina <strong data-start=\"1670\" data-end=\"1684\">est\u00e9tica<\/strong>, <strong data-start=\"1686\" data-end=\"1699\">practicidad<\/strong> y <strong data-start=\"1703\" data-end=\"1717\">eficacia<\/strong>. Es imprescindible para cualquiera que desee ofrecer a sus clientes un envase de tan alta calidad como sus productos. <\/p>\n<p data-start=\"1608\" data-end=\"1835\">\n<p data-start=\"1506\" data-end=\"1740\"><!--more--><\/p>\n<h4 data-start=\"1506\" data-end=\"1740\">Ventajas :<\/h4>\n<ul>\n<li data-start=\"1506\" data-end=\"1740\">Formato de <strong data-start=\"2072\" data-end=\"2086\">33 x 40 cm<\/strong> adecuado para una amplia gama de usos alimentarios.<\/li>\n<li data-start=\"1506\" data-end=\"1740\">Papel <strong data-start=\"2139\" data-end=\"2166\">ligero, fino y resistente.<\/strong><\/li>\n<li data-start=\"1506\" data-end=\"1740\">Una presentaci\u00f3n <strong data-start=\"2196\" data-end=\"2226\">profesional y pulida.<\/strong><\/li>\n<li data-start=\"1506\" data-end=\"1740\">Envasado econ\u00f3mico en <strong data-start=\"2261\" data-end=\"2270\">10 kg.<\/strong><\/li>\n<li data-start=\"1506\" data-end=\"1740\">Ideal para panader\u00edas, bares, empresas de catering y establecimientos de comida r\u00e1pida.<\/li>\n<\/ul>\n<p>&nbsp;<\/p>\n<p><!--more--><\/p>\n<h4>Informaci\u00f3n adicional :<\/h4>\n<ul>\n<li><strong>Embalaje<\/strong>: Caja de 10 kg<\/li>\n<li><strong>Material<\/strong>: Papel<\/li>\n<li><strong>Dimensiones<\/strong>: <span style=\"caret-color: #212529; background-color: #ffffff;\">33 x 40 cm<\/span><\/li>\n<li><strong>Color<\/strong>: Blanco \/ Amarillo<\/li>\n<\/ul>\n<p>&nbsp;<\/p>\n<p><!--more--><\/p>\n<p><a href=\"https:\/\/www.csj-emballages.com\/es\/categorie-produit\/envasado-de-alimentos\/panaderia-y-pasteleria\/bolsas-sobres-y-papel\/papel-de-seda-es\/\">Ver el resto de nuestra gama de papeles tis\u00fa<\/a><\/p>\n","protected":false},"excerpt":{"rendered":"<p>Hoja de papel de seda Descripci\u00f3n de nuestro papel muselina 33 x 40 cm 10 kg<\/p>\n","protected":false},"featured_media":6785,"template":"","meta":{"_acf_changed":false},"product_brand":[],"product_cat":[1145,3871,2891],"product_tag":[],"class_list":{"0":"post-22082","1":"product","2":"type-product","3":"status-publish","4":"has-post-thumbnail","6":"product_cat-panaderia-y-pasteleria","7":"product_cat-bolsas-sobres-y-papel","8":"product_cat-papel-de-seda-es","10":"first","11":"instock","12":"taxable","13":"shipping-taxable","14":"purchasable","15":"product-type-simple"},"acf":[],"yoast_head":"<!-- This site is optimized with the Yoast SEO Premium plugin v26.6 (Yoast SEO v26.6) - https:\/\/yoast.com\/wordpress\/plugins\/seo\/ -->\n<title>Hoja de papel muselina 33 x 40 cm 10 kg<\/title>\n<meta name=\"description\" content=\"Papel de seda impreso 33x40 cm - 10 kg. Pr\u00e1ctico, elegante y vers\u00e1til para envolver y proteger sus alimentos con estilo.\" \/>\n<meta name=\"robots\" content=\"index, follow, max-snippet:-1, max-image-preview:large, max-video-preview:-1\" \/>\n<link rel=\"canonical\" href=\"https:\/\/www.csj-emballages.com\/es\/produit\/papel-de-seda-33x40cm-10-kg\/\" \/>\n<meta property=\"og:locale\" content=\"es_ES\" \/>\n<meta property=\"og:type\" content=\"article\" \/>\n<meta property=\"og:title\" content=\"Papel de seda 33x40cm 10 kg\" \/>\n<meta property=\"og:description\" content=\"Papel de seda impreso 33x40 cm - 10 kg. Pr\u00e1ctico, elegante y vers\u00e1til para envolver y proteger sus alimentos con estilo.\" \/>\n<meta property=\"og:url\" content=\"https:\/\/www.csj-emballages.com\/es\/produit\/papel-de-seda-33x40cm-10-kg\/\" \/>\n<meta property=\"og:site_name\" content=\"CSJ Emballages\" \/>\n<meta property=\"article:publisher\" content=\"https:\/\/www.facebook.com\/csjemballages\" \/>\n<meta property=\"article:modified_time\" content=\"2026-04-10T00:14:15+00:00\" \/>\n<meta property=\"og:image\" content=\"https:\/\/www.csj-emballages.com\/wp-content\/uploads\/2024\/03\/mousseline-avec-decor-37x60-cm-x-1-firplast-014967003-product-zoom-zoom-jpg.webp\" \/>\n\t<meta property=\"og:image:width\" content=\"640\" \/>\n\t<meta property=\"og:image:height\" content=\"480\" \/>\n\t<meta property=\"og:image:type\" content=\"image\/jpeg\" \/>\n<meta name=\"twitter:card\" content=\"summary_large_image\" \/>\n<meta name=\"twitter:label1\" content=\"Tiempo de lectura\" \/>\n\t<meta name=\"twitter:data1\" content=\"2 minutos\" \/>\n<script type=\"application\/ld+json\" class=\"yoast-schema-graph\">{\"@context\":\"https:\/\/schema.org\",\"@graph\":[{\"@type\":\"WebPage\",\"@id\":\"https:\/\/www.csj-emballages.com\/es\/produit\/papel-de-seda-33x40cm-10-kg\/\",\"url\":\"https:\/\/www.csj-emballages.com\/es\/produit\/papel-de-seda-33x40cm-10-kg\/\",\"name\":\"Hoja de papel muselina 33 x 40 cm 10 kg\",\"isPartOf\":{\"@id\":\"https:\/\/www.csj-emballages.com\/es\/#website\"},\"primaryImageOfPage\":{\"@id\":\"https:\/\/www.csj-emballages.com\/es\/produit\/papel-de-seda-33x40cm-10-kg\/#primaryimage\"},\"image\":{\"@id\":\"https:\/\/www.csj-emballages.com\/es\/produit\/papel-de-seda-33x40cm-10-kg\/#primaryimage\"},\"thumbnailUrl\":\"https:\/\/www.csj-emballages.com\/wp-content\/uploads\/2024\/03\/mousseline-avec-decor-37x60-cm-x-1-firplast-014967003-product-zoom-zoom-jpg.webp\",\"datePublished\":\"2024-03-01T15:51:42+00:00\",\"dateModified\":\"2026-04-10T00:14:15+00:00\",\"description\":\"Papel de seda impreso 33x40 cm - 10 kg. Pr\u00e1ctico, elegante y vers\u00e1til para envolver y proteger sus alimentos con estilo.\",\"breadcrumb\":{\"@id\":\"https:\/\/www.csj-emballages.com\/es\/produit\/papel-de-seda-33x40cm-10-kg\/#breadcrumb\"},\"inLanguage\":\"es\",\"potentialAction\":[{\"@type\":\"ReadAction\",\"target\":[\"https:\/\/www.csj-emballages.com\/es\/produit\/papel-de-seda-33x40cm-10-kg\/\"]}]},{\"@type\":\"ImageObject\",\"inLanguage\":\"es\",\"@id\":\"https:\/\/www.csj-emballages.com\/es\/produit\/papel-de-seda-33x40cm-10-kg\/#primaryimage\",\"url\":\"https:\/\/www.csj-emballages.com\/wp-content\/uploads\/2024\/03\/mousseline-avec-decor-37x60-cm-x-1-firplast-014967003-product-zoom-zoom-jpg.webp\",\"contentUrl\":\"https:\/\/www.csj-emballages.com\/wp-content\/uploads\/2024\/03\/mousseline-avec-decor-37x60-cm-x-1-firplast-014967003-product-zoom-zoom-jpg.webp\",\"width\":640,\"height\":480,\"caption\":\"Feuille de papier mousseline\u00a0\"},{\"@type\":\"BreadcrumbList\",\"@id\":\"https:\/\/www.csj-emballages.com\/es\/produit\/papel-de-seda-33x40cm-10-kg\/#breadcrumb\",\"itemListElement\":[{\"@type\":\"ListItem\",\"position\":1,\"name\":\"Accueil\",\"item\":\"https:\/\/www.csj-emballages.com\/es\/universo-del-envasado-alimentario\/\"},{\"@type\":\"ListItem\",\"position\":2,\"name\":\"Tienda\",\"item\":\"https:\/\/www.csj-emballages.com\/tienda\/\"},{\"@type\":\"ListItem\",\"position\":3,\"name\":\"Papel de seda 33x40cm 10 kg\"}]},{\"@type\":\"WebSite\",\"@id\":\"https:\/\/www.csj-emballages.com\/es\/#website\",\"url\":\"https:\/\/www.csj-emballages.com\/es\/\",\"name\":\"CSJ Emballages\",\"description\":\"\",\"publisher\":{\"@id\":\"https:\/\/www.csj-emballages.com\/es\/#organization\"},\"potentialAction\":[{\"@type\":\"SearchAction\",\"target\":{\"@type\":\"EntryPoint\",\"urlTemplate\":\"https:\/\/www.csj-emballages.com\/es\/?s={search_term_string}\"},\"query-input\":{\"@type\":\"PropertyValueSpecification\",\"valueRequired\":true,\"valueName\":\"search_term_string\"}}],\"inLanguage\":\"es\"},{\"@type\":\"Organization\",\"@id\":\"https:\/\/www.csj-emballages.com\/es\/#Organization\/\",\"name\":\"CSJ Emballages\",\"url\":\"https:\/\/www.csj-emballages.com\/es\/\",\"logo\":{\"@type\":\"ImageObject\",\"inLanguage\":\"es\",\"@id\":\"https:\/\/www.csj-emballages.com\/es\/#\/schema\/logo\/image\/\",\"url\":\"https:\/\/www.csj-emballages.com\/wp-content\/uploads\/2023\/10\/logo_csj.webp\",\"contentUrl\":\"https:\/\/www.csj-emballages.com\/wp-content\/uploads\/2023\/10\/logo_csj.webp\",\"width\":250,\"height\":95,\"caption\":\"CSJ Emballages\"},\"image\":{\"@id\":\"https:\/\/www.csj-emballages.com\/es\/#\/schema\/logo\/image\/\"},\"sameAs\":[\"https:\/\/www.facebook.com\/csjemballages\"],\"address\":{\"@type\":\"PostalAddress\",\"streetAddress\":\"ZI La Lechere\",\"addressLocality\":\"Patornay\",\"postalCode\":\"39130\",\"addressCountry\":\"FR\"},\"contactPoint\":[{\"@type\":\"ContactPoint\",\"contactType\":\"Service client\",\"telephone\":\"0384254272\",\"email\":\"contact@csj-emballages.com\"}]}]}<\/script>\n<!-- \/ Yoast SEO Premium plugin. -->","yoast_head_json":{"title":"Hoja de papel muselina 33 x 40 cm 10 kg","description":"Papel de seda impreso 33x40 cm - 10 kg. Pr\u00e1ctico, elegante y vers\u00e1til para envolver y proteger sus alimentos con estilo.","robots":{"index":"index","follow":"follow","max-snippet":"max-snippet:-1","max-image-preview":"max-image-preview:large","max-video-preview":"max-video-preview:-1"},"canonical":"https:\/\/www.csj-emballages.com\/es\/produit\/papel-de-seda-33x40cm-10-kg\/","og_locale":"es_ES","og_type":"article","og_title":"Papel de seda 33x40cm 10 kg","og_description":"Papel de seda impreso 33x40 cm - 10 kg. Pr\u00e1ctico, elegante y vers\u00e1til para envolver y proteger sus alimentos con estilo.","og_url":"https:\/\/www.csj-emballages.com\/es\/produit\/papel-de-seda-33x40cm-10-kg\/","og_site_name":"CSJ Emballages","article_publisher":"https:\/\/www.facebook.com\/csjemballages","article_modified_time":"2026-04-10T00:14:15+00:00","og_image":[{"width":640,"height":480,"url":"https:\/\/www.csj-emballages.com\/wp-content\/uploads\/2024\/03\/mousseline-avec-decor-37x60-cm-x-1-firplast-014967003-product-zoom-zoom-jpg.webp","type":"image\/jpeg"}],"twitter_card":"summary_large_image","twitter_misc":{"Tiempo de lectura":"2 minutos"},"schema":{"@context":"https:\/\/schema.org","@graph":[{"@type":"WebPage","@id":"https:\/\/www.csj-emballages.com\/es\/produit\/papel-de-seda-33x40cm-10-kg\/","url":"https:\/\/www.csj-emballages.com\/es\/produit\/papel-de-seda-33x40cm-10-kg\/","name":"Hoja de papel muselina 33 x 40 cm 10 kg","isPartOf":{"@id":"https:\/\/www.csj-emballages.com\/es\/#website"},"primaryImageOfPage":{"@id":"https:\/\/www.csj-emballages.com\/es\/produit\/papel-de-seda-33x40cm-10-kg\/#primaryimage"},"image":{"@id":"https:\/\/www.csj-emballages.com\/es\/produit\/papel-de-seda-33x40cm-10-kg\/#primaryimage"},"thumbnailUrl":"https:\/\/www.csj-emballages.com\/wp-content\/uploads\/2024\/03\/mousseline-avec-decor-37x60-cm-x-1-firplast-014967003-product-zoom-zoom-jpg.webp","datePublished":"2024-03-01T15:51:42+00:00","dateModified":"2026-04-10T00:14:15+00:00","description":"Papel de seda impreso 33x40 cm - 10 kg. Pr\u00e1ctico, elegante y vers\u00e1til para envolver y proteger sus alimentos con estilo.","breadcrumb":{"@id":"https:\/\/www.csj-emballages.com\/es\/produit\/papel-de-seda-33x40cm-10-kg\/#breadcrumb"},"inLanguage":"es","potentialAction":[{"@type":"ReadAction","target":["https:\/\/www.csj-emballages.com\/es\/produit\/papel-de-seda-33x40cm-10-kg\/"]}]},{"@type":"ImageObject","inLanguage":"es","@id":"https:\/\/www.csj-emballages.com\/es\/produit\/papel-de-seda-33x40cm-10-kg\/#primaryimage","url":"https:\/\/www.csj-emballages.com\/wp-content\/uploads\/2024\/03\/mousseline-avec-decor-37x60-cm-x-1-firplast-014967003-product-zoom-zoom-jpg.webp","contentUrl":"https:\/\/www.csj-emballages.com\/wp-content\/uploads\/2024\/03\/mousseline-avec-decor-37x60-cm-x-1-firplast-014967003-product-zoom-zoom-jpg.webp","width":640,"height":480,"caption":"Feuille de papier mousseline\u00a0"},{"@type":"BreadcrumbList","@id":"https:\/\/www.csj-emballages.com\/es\/produit\/papel-de-seda-33x40cm-10-kg\/#breadcrumb","itemListElement":[{"@type":"ListItem","position":1,"name":"Accueil","item":"https:\/\/www.csj-emballages.com\/es\/universo-del-envasado-alimentario\/"},{"@type":"ListItem","position":2,"name":"Tienda","item":"https:\/\/www.csj-emballages.com\/tienda\/"},{"@type":"ListItem","position":3,"name":"Papel de seda 33x40cm 10 kg"}]},{"@type":"WebSite","@id":"https:\/\/www.csj-emballages.com\/es\/#website","url":"https:\/\/www.csj-emballages.com\/es\/","name":"CSJ Emballages","description":"","publisher":{"@id":"https:\/\/www.csj-emballages.com\/es\/#organization"},"potentialAction":[{"@type":"SearchAction","target":{"@type":"EntryPoint","urlTemplate":"https:\/\/www.csj-emballages.com\/es\/?s={search_term_string}"},"query-input":{"@type":"PropertyValueSpecification","valueRequired":true,"valueName":"search_term_string"}}],"inLanguage":"es"},{"@type":"Organization","@id":"https:\/\/www.csj-emballages.com\/es\/#Organization\/","name":"CSJ Emballages","url":"https:\/\/www.csj-emballages.com\/es\/","logo":{"@type":"ImageObject","inLanguage":"es","@id":"https:\/\/www.csj-emballages.com\/es\/#\/schema\/logo\/image\/","url":"https:\/\/www.csj-emballages.com\/wp-content\/uploads\/2023\/10\/logo_csj.webp","contentUrl":"https:\/\/www.csj-emballages.com\/wp-content\/uploads\/2023\/10\/logo_csj.webp","width":250,"height":95,"caption":"CSJ Emballages"},"image":{"@id":"https:\/\/www.csj-emballages.com\/es\/#\/schema\/logo\/image\/"},"sameAs":["https:\/\/www.facebook.com\/csjemballages"],"address":{"@type":"PostalAddress","streetAddress":"ZI La Lechere","addressLocality":"Patornay","postalCode":"39130","addressCountry":"FR"},"contactPoint":[{"@type":"ContactPoint","contactType":"Service client","telephone":"0384254272","email":"contact@csj-emballages.com"}]}]}},"df_price":42,"df_sale_price":"","df_regular_price":42,"df_image_link":"https:\/\/www.csj-emballages.com\/wp-content\/uploads\/2024\/03\/mousseline-avec-decor-37x60-cm-x-1-firplast-014967003-product-zoom-zoom-300x225.webp","tiered_pricing_type":"fixed","tiered_pricing_fixed_rules":[],"tiered_pricing_percentage_rules":[],"tiered_pricing_minimum":1,"tiered_pricing_roles_data":[],"_links":{"self":[{"href":"https:\/\/www.csj-emballages.com\/es\/wp-json\/wp\/v2\/product\/22082","targetHints":{"allow":["GET"]}}],"collection":[{"href":"https:\/\/www.csj-emballages.com\/es\/wp-json\/wp\/v2\/product"}],"about":[{"href":"https:\/\/www.csj-emballages.com\/es\/wp-json\/wp\/v2\/types\/product"}],"wp:featuredmedia":[{"embeddable":true,"href":"https:\/\/www.csj-emballages.com\/es\/wp-json\/wp\/v2\/media\/6785"}],"wp:attachment":[{"href":"https:\/\/www.csj-emballages.com\/es\/wp-json\/wp\/v2\/media?parent=22082"}],"wp:term":[{"taxonomy":"product_brand","embeddable":true,"href":"https:\/\/www.csj-emballages.com\/es\/wp-json\/wp\/v2\/product_brand?post=22082"},{"taxonomy":"product_cat","embeddable":true,"href":"https:\/\/www.csj-emballages.com\/es\/wp-json\/wp\/v2\/product_cat?post=22082"},{"taxonomy":"product_tag","embeddable":true,"href":"https:\/\/www.csj-emballages.com\/es\/wp-json\/wp\/v2\/product_tag?post=22082"}],"curies":[{"name":"wp","href":"https:\/\/api.w.org\/{rel}","templated":true}]}}