{"id":22076,"date":"2024-03-01T16:51:43","date_gmt":"2024-03-01T15:51:43","guid":{"rendered":"https:\/\/u15jnbdpoq.preview.infomaniak.website\/produit\/100-moldes-desechables-de-aluminio-para-tartas-595-ml\/"},"modified":"2026-04-03T02:17:45","modified_gmt":"2026-04-03T00:17:45","slug":"100-moldes-desechables-de-aluminio-para-tartas-595-ml","status":"publish","type":"product","link":"https:\/\/www.csj-emballages.com\/es\/produit\/100-moldes-desechables-de-aluminio-para-tartas-595-ml\/","title":{"rendered":"Molde para bizcocho de aluminio 540 ml por 100"},"content":{"rendered":"<h2>Molde para tartas<\/h2>\n<hr>\n<h3>Descripci\u00f3n de nuestro molde de aluminio 595 ml por 100<\/h3>\n<p><!--more--><\/p>\n<p data-start=\"28\" data-end=\"413\">El <strong data-start=\"31\" data-end=\"68\">molde para bizcocho de aluminio de 595 ml<\/strong> es un imprescindible para <strong data-start=\"99\" data-end=\"157\">panader\u00edas, servicios de catering, restauradores y particulares<\/strong> que deseen preparar y hornear sus bizcochos, panes y otras elaboraciones dulces o saladas con total facilidad. Gracias a su material de aluminio, ofrece una excelente conducci\u00f3n del calor, garantizando una cocci\u00f3n uniforme y homog\u00e9nea de sus recetas. Dise\u00f1ado para ser resistente y pr\u00e1ctico, este <strong>molde de aluminio<\/strong> es ideal para comidas para llevar, eventos o uso profesional a gran escala. Asimismo, su formato de <strong>595 ml<\/strong> se adapta perfectamente a raciones generosas y permite una presentaci\u00f3n cuidada de los platos.<\/p>\n<p data-start=\"722\" data-end=\"970\">Su dise\u00f1o robusto mantiene bien la forma de los alimentos, pero es ligero y f\u00e1cil de manejar. En resumen, este <strong>molde para bizcocho<\/strong> es <strong data-start=\"838\" data-end=\"858\">reciclable<\/strong>, lo que ofrece una soluci\u00f3n pr\u00e1ctica y ecol\u00f3gica para la cocci\u00f3n y el transporte de sus creaciones culinarias.<\/p>\n<p><!--more--><\/p>\n<p><strong>Sus ventajas:<\/strong><\/p>\n<ul>\n<li data-start=\"990\" data-end=\"1077\"><strong data-start=\"992\" data-end=\"1012\">Cocci\u00f3n uniforme<\/strong>: excelente conducci\u00f3n del calor para unos resultados \u00f3ptimos.<\/li>\n<li data-start=\"1078\" data-end=\"1155\"><strong data-start=\"1080\" data-end=\"1099\">Tama\u00f1o generoso<\/strong>: 595 ml de capacidad, ideal para pasteles y panes.<\/li>\n<li data-start=\"1156\" data-end=\"1240\"><strong data-start=\"1158\" data-end=\"1183\">Pr\u00e1ctico y resistente<\/strong>: Mantiene los preparados en forma sin deformarlos.<\/li>\n<li data-start=\"1241\" data-end=\"1325\"><strong data-start=\"1243\" data-end=\"1268\">Desechables y reciclables<\/strong>: f\u00e1ciles de usar y respetuosos con el medio ambiente.<\/li>\n<li data-start=\"1326\" data-end=\"1401\"><strong data-start=\"1328\" data-end=\"1348\">Uso vers\u00e1til<\/strong>: este molde es adecuado tanto para uso profesional como privado.<\/li>\n<\/ul>\n<p>&nbsp;<\/p>\n<p><!--more--><\/p>\n<h4>Informaci\u00f3n adicional :<\/h4>\n<ul>\n<li><strong>Embalaje<\/strong>: Paquete de 100<\/li>\n<li><strong>Dimensiones interiores<\/strong>: 165 x 70 mm<\/li>\n<li><strong>Dimensiones exteriores<\/strong>: 200 x 90 mm<\/li>\n<li><strong>Altura<\/strong>: 50 mm<\/li>\n<li><strong>Volumen<\/strong>: 595 ml<\/li>\n<li><strong>Material<\/strong>: Aluminio<\/li>\n<li><b>Temperatura de funcionamiento <\/b>: -40\u00b0C \/ +350\u00b0C<\/li>\n<\/ul>\n<p>&nbsp;<\/p>\n<p><!--more--><\/p>\n<p>Este producto est\u00e1 disponible en varios tama\u00f1os: <span style=\"color: #d12727\"><a style=\"color: #d12727\" href=\"https:\/\/www.csj-emballages.com\/produit\/100-moules-a-cake-jetables-aluminium-600-ml\/\">600 ml<\/a> <span style=\"color: #000000\">\/ <\/span><a style=\"color: #d12727\" href=\"https:\/\/www.csj-emballages.com\/es\/produit\/100-moldes-desechables-de-aluminio-para-tartas-1050-ml\/\">1050 ml<\/a> <span style=\"color: #000000\">\/ <\/span><a style=\"color: #d12727\" href=\"https:\/\/www.csj-emballages.com\/produit\/50-moules-a-cake-jetables-aluminium-1640-ml\/\">1640 ml<\/a> <\/span>\/ <span style=\"color: #d12727\"><a style=\"color: #d12727\" href=\"https:\/\/www.csj-emballages.com\/es\/produit\/50-moldes-desechables-de-aluminio-para-tartas-2270-ml\/\">2270 ml<\/a><\/span><\/p>\n<p>&nbsp;<\/p>\n<p><!--more--><\/p>\n<p><a href=\"https:\/\/www.csj-emballages.com\/es\/categorie-produit\/envasado-de-alimentos\/carniceria-y-charcuteria\/bandejas-latas-y-tarros\/bandejas-platos-moldes-bandejas-de-comida-tazas-ramequines-pasteles-de-carne-de-aluminio\/moldes-para-tartas\/\">Ver el resto de nuestra gama de moldes para tartas<\/a><\/p>\n","protected":false},"excerpt":{"rendered":"<p>Molde para tartas Descripci\u00f3n de nuestro molde de aluminio 595 ml por 100<\/p>\n","protected":false},"featured_media":228054,"template":"","meta":{"_acf_changed":false},"product_brand":[],"product_cat":[1150,1143,2006,2873],"product_tag":[],"class_list":{"0":"post-22076","1":"product","2":"type-product","3":"status-publish","4":"has-post-thumbnail","6":"product_cat-envasado-de-alimentos","7":"product_cat-carniceria-y-charcuteria","8":"product_cat-bandejas-platos-moldes-bandejas-de-comida-tazas-ramequines-pasteles-de-carne-de-aluminio","9":"product_cat-moldes-para-tartas","11":"first","12":"instock","13":"taxable","14":"shipping-taxable","15":"purchasable","16":"product-type-simple"},"acf":[],"yoast_head":"<!-- This site is optimized with the Yoast SEO Premium plugin v26.6 (Yoast SEO v26.6) - https:\/\/yoast.com\/wordpress\/plugins\/seo\/ -->\n<title>Molde de aluminio para tartas 595 ml por 100<\/title>\n<meta name=\"description\" content=\"Molde de aluminio para tartas de 595 ml, paquete de 100, ideal para una cocci\u00f3n uniforme y un transporte seguro. Pr\u00e1ctico, reciclable y resistente.\" \/>\n<meta name=\"robots\" content=\"index, follow, max-snippet:-1, max-image-preview:large, max-video-preview:-1\" \/>\n<link rel=\"canonical\" href=\"https:\/\/www.csj-emballages.com\/es\/produit\/100-moldes-desechables-de-aluminio-para-tartas-595-ml\/\" \/>\n<meta property=\"og:locale\" content=\"es_ES\" \/>\n<meta property=\"og:type\" content=\"article\" \/>\n<meta property=\"og:title\" content=\"Molde para bizcocho de aluminio 540 ml por 100\" \/>\n<meta property=\"og:description\" content=\"Molde de aluminio para tartas de 595 ml, paquete de 100, ideal para una cocci\u00f3n uniforme y un transporte seguro. Pr\u00e1ctico, reciclable y resistente.\" \/>\n<meta property=\"og:url\" content=\"https:\/\/www.csj-emballages.com\/es\/produit\/100-moldes-desechables-de-aluminio-para-tartas-595-ml\/\" \/>\n<meta property=\"og:site_name\" content=\"CSJ Emballages\" \/>\n<meta property=\"article:publisher\" content=\"https:\/\/www.facebook.com\/csjemballages\" \/>\n<meta property=\"article:modified_time\" content=\"2026-04-03T00:17:45+00:00\" \/>\n<meta property=\"og:image\" content=\"https:\/\/www.csj-emballages.com\/wp-content\/uploads\/2024\/03\/MO-600-X-60.webp\" \/>\n\t<meta property=\"og:image:width\" content=\"800\" \/>\n\t<meta property=\"og:image:height\" content=\"800\" \/>\n\t<meta property=\"og:image:type\" content=\"image\/webp\" \/>\n<meta name=\"twitter:card\" content=\"summary_large_image\" \/>\n<meta name=\"twitter:label1\" content=\"Tiempo de lectura\" \/>\n\t<meta name=\"twitter:data1\" content=\"1 minuto\" \/>\n<script type=\"application\/ld+json\" class=\"yoast-schema-graph\">{\"@context\":\"https:\/\/schema.org\",\"@graph\":[{\"@type\":\"WebPage\",\"@id\":\"https:\/\/www.csj-emballages.com\/es\/produit\/100-moldes-desechables-de-aluminio-para-tartas-595-ml\/\",\"url\":\"https:\/\/www.csj-emballages.com\/es\/produit\/100-moldes-desechables-de-aluminio-para-tartas-595-ml\/\",\"name\":\"Molde de aluminio para tartas 595 ml por 100\",\"isPartOf\":{\"@id\":\"https:\/\/www.csj-emballages.com\/es\/#website\"},\"primaryImageOfPage\":{\"@id\":\"https:\/\/www.csj-emballages.com\/es\/produit\/100-moldes-desechables-de-aluminio-para-tartas-595-ml\/#primaryimage\"},\"image\":{\"@id\":\"https:\/\/www.csj-emballages.com\/es\/produit\/100-moldes-desechables-de-aluminio-para-tartas-595-ml\/#primaryimage\"},\"thumbnailUrl\":\"https:\/\/www.csj-emballages.com\/wp-content\/uploads\/2024\/03\/MO-600-X-60.webp\",\"datePublished\":\"2024-03-01T15:51:43+00:00\",\"dateModified\":\"2026-04-03T00:17:45+00:00\",\"description\":\"Molde de aluminio para tartas de 595 ml, paquete de 100, ideal para una cocci\u00f3n uniforme y un transporte seguro. Pr\u00e1ctico, reciclable y resistente.\",\"breadcrumb\":{\"@id\":\"https:\/\/www.csj-emballages.com\/es\/produit\/100-moldes-desechables-de-aluminio-para-tartas-595-ml\/#breadcrumb\"},\"inLanguage\":\"es\",\"potentialAction\":[{\"@type\":\"ReadAction\",\"target\":[\"https:\/\/www.csj-emballages.com\/es\/produit\/100-moldes-desechables-de-aluminio-para-tartas-595-ml\/\"]}]},{\"@type\":\"ImageObject\",\"inLanguage\":\"es\",\"@id\":\"https:\/\/www.csj-emballages.com\/es\/produit\/100-moldes-desechables-de-aluminio-para-tartas-595-ml\/#primaryimage\",\"url\":\"https:\/\/www.csj-emballages.com\/wp-content\/uploads\/2024\/03\/MO-600-X-60.webp\",\"contentUrl\":\"https:\/\/www.csj-emballages.com\/wp-content\/uploads\/2024\/03\/MO-600-X-60.webp\",\"width\":800,\"height\":800,\"caption\":\"Moule \u00e0 cake\"},{\"@type\":\"BreadcrumbList\",\"@id\":\"https:\/\/www.csj-emballages.com\/es\/produit\/100-moldes-desechables-de-aluminio-para-tartas-595-ml\/#breadcrumb\",\"itemListElement\":[{\"@type\":\"ListItem\",\"position\":1,\"name\":\"Accueil\",\"item\":\"https:\/\/www.csj-emballages.com\/es\/universo-del-envasado-alimentario\/\"},{\"@type\":\"ListItem\",\"position\":2,\"name\":\"Tienda\",\"item\":\"https:\/\/www.csj-emballages.com\/tienda\/\"},{\"@type\":\"ListItem\",\"position\":3,\"name\":\"Molde para bizcocho de aluminio 540 ml por 100\"}]},{\"@type\":\"WebSite\",\"@id\":\"https:\/\/www.csj-emballages.com\/es\/#website\",\"url\":\"https:\/\/www.csj-emballages.com\/es\/\",\"name\":\"CSJ Emballages\",\"description\":\"\",\"publisher\":{\"@id\":\"https:\/\/www.csj-emballages.com\/es\/#organization\"},\"potentialAction\":[{\"@type\":\"SearchAction\",\"target\":{\"@type\":\"EntryPoint\",\"urlTemplate\":\"https:\/\/www.csj-emballages.com\/es\/?s={search_term_string}\"},\"query-input\":{\"@type\":\"PropertyValueSpecification\",\"valueRequired\":true,\"valueName\":\"search_term_string\"}}],\"inLanguage\":\"es\"},{\"@type\":\"Organization\",\"@id\":\"https:\/\/www.csj-emballages.com\/es\/#Organization\/\",\"name\":\"CSJ Emballages\",\"url\":\"https:\/\/www.csj-emballages.com\/es\/\",\"logo\":{\"@type\":\"ImageObject\",\"inLanguage\":\"es\",\"@id\":\"https:\/\/www.csj-emballages.com\/es\/#\/schema\/logo\/image\/\",\"url\":\"https:\/\/www.csj-emballages.com\/wp-content\/uploads\/2023\/10\/logo_csj.webp\",\"contentUrl\":\"https:\/\/www.csj-emballages.com\/wp-content\/uploads\/2023\/10\/logo_csj.webp\",\"width\":250,\"height\":95,\"caption\":\"CSJ Emballages\"},\"image\":{\"@id\":\"https:\/\/www.csj-emballages.com\/es\/#\/schema\/logo\/image\/\"},\"sameAs\":[\"https:\/\/www.facebook.com\/csjemballages\"],\"address\":{\"@type\":\"PostalAddress\",\"streetAddress\":\"ZI La Lechere\",\"addressLocality\":\"Patornay\",\"postalCode\":\"39130\",\"addressCountry\":\"FR\"},\"contactPoint\":[{\"@type\":\"ContactPoint\",\"contactType\":\"Service client\",\"telephone\":\"0384254272\",\"email\":\"contact@csj-emballages.com\"}]}]}<\/script>\n<!-- \/ Yoast SEO Premium plugin. -->","yoast_head_json":{"title":"Molde de aluminio para tartas 595 ml por 100","description":"Molde de aluminio para tartas de 595 ml, paquete de 100, ideal para una cocci\u00f3n uniforme y un transporte seguro. Pr\u00e1ctico, reciclable y resistente.","robots":{"index":"index","follow":"follow","max-snippet":"max-snippet:-1","max-image-preview":"max-image-preview:large","max-video-preview":"max-video-preview:-1"},"canonical":"https:\/\/www.csj-emballages.com\/es\/produit\/100-moldes-desechables-de-aluminio-para-tartas-595-ml\/","og_locale":"es_ES","og_type":"article","og_title":"Molde para bizcocho de aluminio 540 ml por 100","og_description":"Molde de aluminio para tartas de 595 ml, paquete de 100, ideal para una cocci\u00f3n uniforme y un transporte seguro. Pr\u00e1ctico, reciclable y resistente.","og_url":"https:\/\/www.csj-emballages.com\/es\/produit\/100-moldes-desechables-de-aluminio-para-tartas-595-ml\/","og_site_name":"CSJ Emballages","article_publisher":"https:\/\/www.facebook.com\/csjemballages","article_modified_time":"2026-04-03T00:17:45+00:00","og_image":[{"width":800,"height":800,"url":"https:\/\/www.csj-emballages.com\/wp-content\/uploads\/2024\/03\/MO-600-X-60.webp","type":"image\/webp"}],"twitter_card":"summary_large_image","twitter_misc":{"Tiempo de lectura":"1 minuto"},"schema":{"@context":"https:\/\/schema.org","@graph":[{"@type":"WebPage","@id":"https:\/\/www.csj-emballages.com\/es\/produit\/100-moldes-desechables-de-aluminio-para-tartas-595-ml\/","url":"https:\/\/www.csj-emballages.com\/es\/produit\/100-moldes-desechables-de-aluminio-para-tartas-595-ml\/","name":"Molde de aluminio para tartas 595 ml por 100","isPartOf":{"@id":"https:\/\/www.csj-emballages.com\/es\/#website"},"primaryImageOfPage":{"@id":"https:\/\/www.csj-emballages.com\/es\/produit\/100-moldes-desechables-de-aluminio-para-tartas-595-ml\/#primaryimage"},"image":{"@id":"https:\/\/www.csj-emballages.com\/es\/produit\/100-moldes-desechables-de-aluminio-para-tartas-595-ml\/#primaryimage"},"thumbnailUrl":"https:\/\/www.csj-emballages.com\/wp-content\/uploads\/2024\/03\/MO-600-X-60.webp","datePublished":"2024-03-01T15:51:43+00:00","dateModified":"2026-04-03T00:17:45+00:00","description":"Molde de aluminio para tartas de 595 ml, paquete de 100, ideal para una cocci\u00f3n uniforme y un transporte seguro. Pr\u00e1ctico, reciclable y resistente.","breadcrumb":{"@id":"https:\/\/www.csj-emballages.com\/es\/produit\/100-moldes-desechables-de-aluminio-para-tartas-595-ml\/#breadcrumb"},"inLanguage":"es","potentialAction":[{"@type":"ReadAction","target":["https:\/\/www.csj-emballages.com\/es\/produit\/100-moldes-desechables-de-aluminio-para-tartas-595-ml\/"]}]},{"@type":"ImageObject","inLanguage":"es","@id":"https:\/\/www.csj-emballages.com\/es\/produit\/100-moldes-desechables-de-aluminio-para-tartas-595-ml\/#primaryimage","url":"https:\/\/www.csj-emballages.com\/wp-content\/uploads\/2024\/03\/MO-600-X-60.webp","contentUrl":"https:\/\/www.csj-emballages.com\/wp-content\/uploads\/2024\/03\/MO-600-X-60.webp","width":800,"height":800,"caption":"Moule \u00e0 cake"},{"@type":"BreadcrumbList","@id":"https:\/\/www.csj-emballages.com\/es\/produit\/100-moldes-desechables-de-aluminio-para-tartas-595-ml\/#breadcrumb","itemListElement":[{"@type":"ListItem","position":1,"name":"Accueil","item":"https:\/\/www.csj-emballages.com\/es\/universo-del-envasado-alimentario\/"},{"@type":"ListItem","position":2,"name":"Tienda","item":"https:\/\/www.csj-emballages.com\/tienda\/"},{"@type":"ListItem","position":3,"name":"Molde para bizcocho de aluminio 540 ml por 100"}]},{"@type":"WebSite","@id":"https:\/\/www.csj-emballages.com\/es\/#website","url":"https:\/\/www.csj-emballages.com\/es\/","name":"CSJ Emballages","description":"","publisher":{"@id":"https:\/\/www.csj-emballages.com\/es\/#organization"},"potentialAction":[{"@type":"SearchAction","target":{"@type":"EntryPoint","urlTemplate":"https:\/\/www.csj-emballages.com\/es\/?s={search_term_string}"},"query-input":{"@type":"PropertyValueSpecification","valueRequired":true,"valueName":"search_term_string"}}],"inLanguage":"es"},{"@type":"Organization","@id":"https:\/\/www.csj-emballages.com\/es\/#Organization\/","name":"CSJ Emballages","url":"https:\/\/www.csj-emballages.com\/es\/","logo":{"@type":"ImageObject","inLanguage":"es","@id":"https:\/\/www.csj-emballages.com\/es\/#\/schema\/logo\/image\/","url":"https:\/\/www.csj-emballages.com\/wp-content\/uploads\/2023\/10\/logo_csj.webp","contentUrl":"https:\/\/www.csj-emballages.com\/wp-content\/uploads\/2023\/10\/logo_csj.webp","width":250,"height":95,"caption":"CSJ Emballages"},"image":{"@id":"https:\/\/www.csj-emballages.com\/es\/#\/schema\/logo\/image\/"},"sameAs":["https:\/\/www.facebook.com\/csjemballages"],"address":{"@type":"PostalAddress","streetAddress":"ZI La Lechere","addressLocality":"Patornay","postalCode":"39130","addressCountry":"FR"},"contactPoint":[{"@type":"ContactPoint","contactType":"Service client","telephone":"0384254272","email":"contact@csj-emballages.com"}]}]}},"df_price":16.78,"df_sale_price":"","df_regular_price":16.78,"df_image_link":"https:\/\/www.csj-emballages.com\/wp-content\/uploads\/2024\/03\/MO-600-X-60-300x300.webp","tiered_pricing_type":"fixed","tiered_pricing_fixed_rules":[],"tiered_pricing_percentage_rules":[],"tiered_pricing_minimum":1,"tiered_pricing_roles_data":[],"_links":{"self":[{"href":"https:\/\/www.csj-emballages.com\/es\/wp-json\/wp\/v2\/product\/22076","targetHints":{"allow":["GET"]}}],"collection":[{"href":"https:\/\/www.csj-emballages.com\/es\/wp-json\/wp\/v2\/product"}],"about":[{"href":"https:\/\/www.csj-emballages.com\/es\/wp-json\/wp\/v2\/types\/product"}],"wp:featuredmedia":[{"embeddable":true,"href":"https:\/\/www.csj-emballages.com\/es\/wp-json\/wp\/v2\/media\/228054"}],"wp:attachment":[{"href":"https:\/\/www.csj-emballages.com\/es\/wp-json\/wp\/v2\/media?parent=22076"}],"wp:term":[{"taxonomy":"product_brand","embeddable":true,"href":"https:\/\/www.csj-emballages.com\/es\/wp-json\/wp\/v2\/product_brand?post=22076"},{"taxonomy":"product_cat","embeddable":true,"href":"https:\/\/www.csj-emballages.com\/es\/wp-json\/wp\/v2\/product_cat?post=22076"},{"taxonomy":"product_tag","embeddable":true,"href":"https:\/\/www.csj-emballages.com\/es\/wp-json\/wp\/v2\/product_tag?post=22076"}],"curies":[{"name":"wp","href":"https:\/\/api.w.org\/{rel}","templated":true}]}}