{"id":22061,"date":"2024-03-01T16:51:43","date_gmt":"2024-03-01T15:51:43","guid":{"rendered":"https:\/\/u15jnbdpoq.preview.infomaniak.website\/produit\/100-panuelos-blancos-en-caja-de-2-capas-con-etiqueta-ecologica\/"},"modified":"2026-04-24T02:14:49","modified_gmt":"2026-04-24T00:14:49","slug":"100-panuelos-blancos-en-caja-de-2-capas-con-etiqueta-ecologica","status":"publish","type":"product","link":"https:\/\/www.csj-emballages.com\/es\/produit\/100-panuelos-blancos-en-caja-de-2-capas-con-etiqueta-ecologica\/","title":{"rendered":"Caja de pa\u00f1uelos blanca de 2 capas con etiqueta ecol\u00f3gica, paquete de 100"},"content":{"rendered":"<h2>Caja de pa\u00f1uelos<\/h2>\n<hr>\n<h3>Descripci\u00f3n de nuestra caja de pa\u00f1uelos blanca de 2 capas con etiqueta ecol\u00f3gica, paquete de 100<\/h3>\n<p><!--more--><\/p>\n<div class=\"flex max-w-full flex-col flex-grow\">\n<div class=\"min-h-8 text-message flex w-full flex-col items-end gap-2 whitespace-normal break-words text-start [.text-message+&amp;]:mt-5\" dir=\"auto\" data-message-author-role=\"assistant\" data-message-id=\"266ca6f3-5e07-4948-bd20-80ac5e6da4a5\" data-message-model-slug=\"gpt-4o\">\n<div class=\"flex w-full flex-col gap-1 empty:hidden first:pt-[3px]\">\n<div class=\"markdown prose w-full break-words dark:prose-invert dark\">\n<p data-start=\"274\" data-end=\"642\">La <strong data-start=\"277\" data-end=\"312\">caja de pa\u00f1uelos Wepa Prestige<\/strong> a\u00fana confort, practicidad y calidad superior, sin dejar de ser discreta y elegante. Con sus <strong data-start=\"413\" data-end=\"423\">2 capas<\/strong>, estos <strong>pa\u00f1uelos cosm\u00e9ticos<\/strong> ofrecen una <strong>agradable suavidad al contacto con la piel<\/strong>, a la vez que garantizan una buena resistencia al uso. Son perfectos para entornos donde el confort importa tanto como la higiene.  <\/p>\n<p data-start=\"644\" data-end=\"997\">La <strong>caja<\/strong>, con un dise\u00f1o elegante, se integra f\u00e1cilmente en todos los espacios: <strong>oficinas, sanitarios, habitaciones de hotel, colectividades o centros de salud<\/strong>. Su sistema de <strong data-start=\"820\" data-end=\"861\">distribuci\u00f3n en la parte delantera y trasera<\/strong> permite un f\u00e1cil acceso a los pa\u00f1uelos, sea cual sea la posici\u00f3n de la caja. Es un detalle sencillo, pero muy pr\u00e1ctico en el d\u00eda a d\u00eda.  <\/p>\n<p data-start=\"999\" data-end=\"1312\">Otro punto inteligente: la <strong data-start=\"1022\" data-end=\"1044\">ranura transparente<\/strong> integrada en la <strong>caja<\/strong>. Permite visualizar r\u00e1pidamente el nivel de llenado y anticipar la sustituci\u00f3n, sin tener que abrir la caja o esperar a la \u00faltima hoja. Esto facilita la gesti\u00f3n de los consumibles, sobre todo en lugares con mucha afluencia.  <\/p>\n<p data-start=\"1314\" data-end=\"1531\">Certificados con la <strong data-start=\"1324\" data-end=\"1336\">etiqueta Ecolabel<\/strong>, estos <strong>pa\u00f1uelos<\/strong> tambi\u00e9n responden a un enfoque m\u00e1s responsable, sin comprometer la calidad. Son adecuados para un uso frecuente, respetando al mismo tiempo criterios medioambientales reconocidos. <\/p>\n<p data-start=\"1533\" data-end=\"1802\">Vendidos <strong data-start=\"1540\" data-end=\"1568\">en lotes de 100 pa\u00f1uelos<\/strong>, ofrecen una soluci\u00f3n pr\u00e1ctica, fiable y c\u00f3moda para el uso diario. En resumen, esta caja de pa\u00f1uelos combina elegancia, funcionalidad y suavidad para satisfacer las exigencias tanto de profesionales como de particulares. <\/p>\n<p data-start=\"1533\" data-end=\"1802\">\n<\/div>\n<\/div>\n<\/div>\n<\/div>\n<p><!--more--><\/p>\n<h4>Ventajas :<\/h4>\n<ul>\n<li data-start=\"1830\" data-end=\"1869\"><strong>Pa\u00f1uelos de 2 capas<\/strong>, suaves y resistentes.<\/li>\n<li data-start=\"1872\" data-end=\"1910\">Calidad superior <strong>Wepa Prestige<\/strong>.<\/li>\n<li data-start=\"1913\" data-end=\"1965\">Distribuci\u00f3n en la parte delantera y trasera de la caja.<\/li>\n<li data-start=\"1968\" data-end=\"2017\">Ventana transparente para visualizar el nivel.<\/li>\n<li data-start=\"2020\" data-end=\"2045\"><strong>Certificaci\u00f3n Ecolabel<\/strong>.<\/li>\n<li data-start=\"2048\" data-end=\"2086\">Dise\u00f1o blanco discreto y profesional.<\/li>\n<\/ul>\n<p>&nbsp;<\/p>\n<p><!--more--><\/p>\n<h4>Informaci\u00f3n adicional :<\/h4>\n<ul>\n<li><strong>N\u00famero de pa\u00f1uelos<\/strong>: 100<\/li>\n<li><strong>Material<\/strong>: Guata pura<\/li>\n<li><strong>Dimensiones<\/strong>: 21,0 x 20,5<\/li>\n<li><strong>N\u00famero de capas<\/strong>: 2<\/li>\n<li><strong>Tipo<\/strong>: Gofre<\/li>\n<li><strong>Etiqueta ecol\u00f3gica<\/strong>: S\u00ed<\/li>\n<li><strong>Color<\/strong>: blanco<\/li>\n<\/ul>\n<p>&nbsp;<\/p>\n<p><!--more--><\/p>\n<p><a href=\"https:\/\/www.csj-emballages.com\/es\/categorie-produit\/higiene-y-mantenimiento\/limpiar\/papel-higienico-es\/\">Consulte el resto de nuestra gama de papeles higi\u00e9nicos<\/a><\/p>\n","protected":false},"excerpt":{"rendered":"<p>Caja de pa\u00f1uelos Descripci\u00f3n de nuestra caja de pa\u00f1uelos blanca de 2 capas con etiqueta ecol\u00f3gica, paquete de 100<\/p>\n","protected":false},"featured_media":263194,"template":"","meta":{"_acf_changed":false},"product_brand":[],"product_cat":[1226,1388,1389],"product_tag":[],"class_list":{"0":"post-22061","1":"product","2":"type-product","3":"status-publish","4":"has-post-thumbnail","6":"product_cat-higiene-y-mantenimiento","7":"product_cat-limpiar","8":"product_cat-papel-higienico-es","10":"first","11":"instock","12":"taxable","13":"shipping-taxable","14":"purchasable","15":"product-type-simple"},"acf":[],"yoast_head":"<!-- This site is optimized with the Yoast SEO Premium plugin v26.6 (Yoast SEO v26.6) - https:\/\/yoast.com\/wordpress\/plugins\/seo\/ -->\n<title>Caja de pa\u00f1uelos blanca de 2 capas con etiqueta ecol\u00f3gica, paquete de 100<\/title>\n<meta name=\"description\" content=\"Descubra nuestra caja de pa\u00f1uelos de 2 capas con etiqueta ecol\u00f3gica, paquete de 100. Suaves, resistentes y respetuosos con el medio ambiente, pa\u00f1uelos perfectos para el uso diario.\" \/>\n<meta name=\"robots\" content=\"index, follow, max-snippet:-1, max-image-preview:large, max-video-preview:-1\" \/>\n<link rel=\"canonical\" href=\"https:\/\/www.csj-emballages.com\/es\/produit\/100-panuelos-blancos-en-caja-de-2-capas-con-etiqueta-ecologica\/\" \/>\n<meta property=\"og:locale\" content=\"es_ES\" \/>\n<meta property=\"og:type\" content=\"article\" \/>\n<meta property=\"og:title\" content=\"Caja de pa\u00f1uelos blanca de 2 capas con etiqueta ecol\u00f3gica, paquete de 100\" \/>\n<meta property=\"og:description\" content=\"Descubra nuestra caja de pa\u00f1uelos de 2 capas con etiqueta ecol\u00f3gica, paquete de 100. Suaves, resistentes y respetuosos con el medio ambiente, pa\u00f1uelos perfectos para el uso diario.\" \/>\n<meta property=\"og:url\" content=\"https:\/\/www.csj-emballages.com\/es\/produit\/100-panuelos-blancos-en-caja-de-2-capas-con-etiqueta-ecologica\/\" \/>\n<meta property=\"og:site_name\" content=\"CSJ Emballages\" \/>\n<meta property=\"article:publisher\" content=\"https:\/\/www.facebook.com\/csjemballages\" \/>\n<meta property=\"article:modified_time\" content=\"2026-04-24T00:14:49+00:00\" \/>\n<meta property=\"og:image\" content=\"https:\/\/www.csj-emballages.com\/wp-content\/uploads\/2024\/03\/Boite-a-mouchoir.webp\" \/>\n\t<meta property=\"og:image:width\" content=\"800\" \/>\n\t<meta property=\"og:image:height\" content=\"800\" \/>\n\t<meta property=\"og:image:type\" content=\"image\/webp\" \/>\n<meta name=\"twitter:card\" content=\"summary_large_image\" \/>\n<meta name=\"twitter:label1\" content=\"Tiempo de lectura\" \/>\n\t<meta name=\"twitter:data1\" content=\"2 minutos\" \/>\n<script type=\"application\/ld+json\" class=\"yoast-schema-graph\">{\"@context\":\"https:\/\/schema.org\",\"@graph\":[{\"@type\":\"WebPage\",\"@id\":\"https:\/\/www.csj-emballages.com\/es\/produit\/100-panuelos-blancos-en-caja-de-2-capas-con-etiqueta-ecologica\/\",\"url\":\"https:\/\/www.csj-emballages.com\/es\/produit\/100-panuelos-blancos-en-caja-de-2-capas-con-etiqueta-ecologica\/\",\"name\":\"Caja de pa\u00f1uelos blanca de 2 capas con etiqueta ecol\u00f3gica, paquete de 100\",\"isPartOf\":{\"@id\":\"https:\/\/www.csj-emballages.com\/es\/#website\"},\"primaryImageOfPage\":{\"@id\":\"https:\/\/www.csj-emballages.com\/es\/produit\/100-panuelos-blancos-en-caja-de-2-capas-con-etiqueta-ecologica\/#primaryimage\"},\"image\":{\"@id\":\"https:\/\/www.csj-emballages.com\/es\/produit\/100-panuelos-blancos-en-caja-de-2-capas-con-etiqueta-ecologica\/#primaryimage\"},\"thumbnailUrl\":\"https:\/\/www.csj-emballages.com\/wp-content\/uploads\/2024\/03\/Boite-a-mouchoir.webp\",\"datePublished\":\"2024-03-01T15:51:43+00:00\",\"dateModified\":\"2026-04-24T00:14:49+00:00\",\"description\":\"Descubra nuestra caja de pa\u00f1uelos de 2 capas con etiqueta ecol\u00f3gica, paquete de 100. Suaves, resistentes y respetuosos con el medio ambiente, pa\u00f1uelos perfectos para el uso diario.\",\"breadcrumb\":{\"@id\":\"https:\/\/www.csj-emballages.com\/es\/produit\/100-panuelos-blancos-en-caja-de-2-capas-con-etiqueta-ecologica\/#breadcrumb\"},\"inLanguage\":\"es\",\"potentialAction\":[{\"@type\":\"ReadAction\",\"target\":[\"https:\/\/www.csj-emballages.com\/es\/produit\/100-panuelos-blancos-en-caja-de-2-capas-con-etiqueta-ecologica\/\"]}]},{\"@type\":\"ImageObject\",\"inLanguage\":\"es\",\"@id\":\"https:\/\/www.csj-emballages.com\/es\/produit\/100-panuelos-blancos-en-caja-de-2-capas-con-etiqueta-ecologica\/#primaryimage\",\"url\":\"https:\/\/www.csj-emballages.com\/wp-content\/uploads\/2024\/03\/Boite-a-mouchoir.webp\",\"contentUrl\":\"https:\/\/www.csj-emballages.com\/wp-content\/uploads\/2024\/03\/Boite-a-mouchoir.webp\",\"width\":800,\"height\":800,\"caption\":\"Boite \u00e0 mouchoir\"},{\"@type\":\"BreadcrumbList\",\"@id\":\"https:\/\/www.csj-emballages.com\/es\/produit\/100-panuelos-blancos-en-caja-de-2-capas-con-etiqueta-ecologica\/#breadcrumb\",\"itemListElement\":[{\"@type\":\"ListItem\",\"position\":1,\"name\":\"Accueil\",\"item\":\"https:\/\/www.csj-emballages.com\/es\/universo-del-envasado-alimentario\/\"},{\"@type\":\"ListItem\",\"position\":2,\"name\":\"Tienda\",\"item\":\"https:\/\/www.csj-emballages.com\/tienda\/\"},{\"@type\":\"ListItem\",\"position\":3,\"name\":\"Caja de pa\u00f1uelos blanca de 2 capas con etiqueta ecol\u00f3gica, paquete de 100\"}]},{\"@type\":\"WebSite\",\"@id\":\"https:\/\/www.csj-emballages.com\/es\/#website\",\"url\":\"https:\/\/www.csj-emballages.com\/es\/\",\"name\":\"CSJ Emballages\",\"description\":\"\",\"publisher\":{\"@id\":\"https:\/\/www.csj-emballages.com\/es\/#organization\"},\"potentialAction\":[{\"@type\":\"SearchAction\",\"target\":{\"@type\":\"EntryPoint\",\"urlTemplate\":\"https:\/\/www.csj-emballages.com\/es\/?s={search_term_string}\"},\"query-input\":{\"@type\":\"PropertyValueSpecification\",\"valueRequired\":true,\"valueName\":\"search_term_string\"}}],\"inLanguage\":\"es\"},{\"@type\":\"Organization\",\"@id\":\"https:\/\/www.csj-emballages.com\/es\/#Organization\/\",\"name\":\"CSJ Emballages\",\"url\":\"https:\/\/www.csj-emballages.com\/es\/\",\"logo\":{\"@type\":\"ImageObject\",\"inLanguage\":\"es\",\"@id\":\"https:\/\/www.csj-emballages.com\/es\/#\/schema\/logo\/image\/\",\"url\":\"https:\/\/www.csj-emballages.com\/wp-content\/uploads\/2023\/10\/logo_csj.webp\",\"contentUrl\":\"https:\/\/www.csj-emballages.com\/wp-content\/uploads\/2023\/10\/logo_csj.webp\",\"width\":250,\"height\":95,\"caption\":\"CSJ Emballages\"},\"image\":{\"@id\":\"https:\/\/www.csj-emballages.com\/es\/#\/schema\/logo\/image\/\"},\"sameAs\":[\"https:\/\/www.facebook.com\/csjemballages\"],\"address\":{\"@type\":\"PostalAddress\",\"streetAddress\":\"ZI La Lechere\",\"addressLocality\":\"Patornay\",\"postalCode\":\"39130\",\"addressCountry\":\"FR\"},\"contactPoint\":[{\"@type\":\"ContactPoint\",\"contactType\":\"Service client\",\"telephone\":\"0384254272\",\"email\":\"contact@csj-emballages.com\"}]}]}<\/script>\n<!-- \/ Yoast SEO Premium plugin. -->","yoast_head_json":{"title":"Caja de pa\u00f1uelos blanca de 2 capas con etiqueta ecol\u00f3gica, paquete de 100","description":"Descubra nuestra caja de pa\u00f1uelos de 2 capas con etiqueta ecol\u00f3gica, paquete de 100. Suaves, resistentes y respetuosos con el medio ambiente, pa\u00f1uelos perfectos para el uso diario.","robots":{"index":"index","follow":"follow","max-snippet":"max-snippet:-1","max-image-preview":"max-image-preview:large","max-video-preview":"max-video-preview:-1"},"canonical":"https:\/\/www.csj-emballages.com\/es\/produit\/100-panuelos-blancos-en-caja-de-2-capas-con-etiqueta-ecologica\/","og_locale":"es_ES","og_type":"article","og_title":"Caja de pa\u00f1uelos blanca de 2 capas con etiqueta ecol\u00f3gica, paquete de 100","og_description":"Descubra nuestra caja de pa\u00f1uelos de 2 capas con etiqueta ecol\u00f3gica, paquete de 100. Suaves, resistentes y respetuosos con el medio ambiente, pa\u00f1uelos perfectos para el uso diario.","og_url":"https:\/\/www.csj-emballages.com\/es\/produit\/100-panuelos-blancos-en-caja-de-2-capas-con-etiqueta-ecologica\/","og_site_name":"CSJ Emballages","article_publisher":"https:\/\/www.facebook.com\/csjemballages","article_modified_time":"2026-04-24T00:14:49+00:00","og_image":[{"width":800,"height":800,"url":"https:\/\/www.csj-emballages.com\/wp-content\/uploads\/2024\/03\/Boite-a-mouchoir.webp","type":"image\/webp"}],"twitter_card":"summary_large_image","twitter_misc":{"Tiempo de lectura":"2 minutos"},"schema":{"@context":"https:\/\/schema.org","@graph":[{"@type":"WebPage","@id":"https:\/\/www.csj-emballages.com\/es\/produit\/100-panuelos-blancos-en-caja-de-2-capas-con-etiqueta-ecologica\/","url":"https:\/\/www.csj-emballages.com\/es\/produit\/100-panuelos-blancos-en-caja-de-2-capas-con-etiqueta-ecologica\/","name":"Caja de pa\u00f1uelos blanca de 2 capas con etiqueta ecol\u00f3gica, paquete de 100","isPartOf":{"@id":"https:\/\/www.csj-emballages.com\/es\/#website"},"primaryImageOfPage":{"@id":"https:\/\/www.csj-emballages.com\/es\/produit\/100-panuelos-blancos-en-caja-de-2-capas-con-etiqueta-ecologica\/#primaryimage"},"image":{"@id":"https:\/\/www.csj-emballages.com\/es\/produit\/100-panuelos-blancos-en-caja-de-2-capas-con-etiqueta-ecologica\/#primaryimage"},"thumbnailUrl":"https:\/\/www.csj-emballages.com\/wp-content\/uploads\/2024\/03\/Boite-a-mouchoir.webp","datePublished":"2024-03-01T15:51:43+00:00","dateModified":"2026-04-24T00:14:49+00:00","description":"Descubra nuestra caja de pa\u00f1uelos de 2 capas con etiqueta ecol\u00f3gica, paquete de 100. Suaves, resistentes y respetuosos con el medio ambiente, pa\u00f1uelos perfectos para el uso diario.","breadcrumb":{"@id":"https:\/\/www.csj-emballages.com\/es\/produit\/100-panuelos-blancos-en-caja-de-2-capas-con-etiqueta-ecologica\/#breadcrumb"},"inLanguage":"es","potentialAction":[{"@type":"ReadAction","target":["https:\/\/www.csj-emballages.com\/es\/produit\/100-panuelos-blancos-en-caja-de-2-capas-con-etiqueta-ecologica\/"]}]},{"@type":"ImageObject","inLanguage":"es","@id":"https:\/\/www.csj-emballages.com\/es\/produit\/100-panuelos-blancos-en-caja-de-2-capas-con-etiqueta-ecologica\/#primaryimage","url":"https:\/\/www.csj-emballages.com\/wp-content\/uploads\/2024\/03\/Boite-a-mouchoir.webp","contentUrl":"https:\/\/www.csj-emballages.com\/wp-content\/uploads\/2024\/03\/Boite-a-mouchoir.webp","width":800,"height":800,"caption":"Boite \u00e0 mouchoir"},{"@type":"BreadcrumbList","@id":"https:\/\/www.csj-emballages.com\/es\/produit\/100-panuelos-blancos-en-caja-de-2-capas-con-etiqueta-ecologica\/#breadcrumb","itemListElement":[{"@type":"ListItem","position":1,"name":"Accueil","item":"https:\/\/www.csj-emballages.com\/es\/universo-del-envasado-alimentario\/"},{"@type":"ListItem","position":2,"name":"Tienda","item":"https:\/\/www.csj-emballages.com\/tienda\/"},{"@type":"ListItem","position":3,"name":"Caja de pa\u00f1uelos blanca de 2 capas con etiqueta ecol\u00f3gica, paquete de 100"}]},{"@type":"WebSite","@id":"https:\/\/www.csj-emballages.com\/es\/#website","url":"https:\/\/www.csj-emballages.com\/es\/","name":"CSJ Emballages","description":"","publisher":{"@id":"https:\/\/www.csj-emballages.com\/es\/#organization"},"potentialAction":[{"@type":"SearchAction","target":{"@type":"EntryPoint","urlTemplate":"https:\/\/www.csj-emballages.com\/es\/?s={search_term_string}"},"query-input":{"@type":"PropertyValueSpecification","valueRequired":true,"valueName":"search_term_string"}}],"inLanguage":"es"},{"@type":"Organization","@id":"https:\/\/www.csj-emballages.com\/es\/#Organization\/","name":"CSJ Emballages","url":"https:\/\/www.csj-emballages.com\/es\/","logo":{"@type":"ImageObject","inLanguage":"es","@id":"https:\/\/www.csj-emballages.com\/es\/#\/schema\/logo\/image\/","url":"https:\/\/www.csj-emballages.com\/wp-content\/uploads\/2023\/10\/logo_csj.webp","contentUrl":"https:\/\/www.csj-emballages.com\/wp-content\/uploads\/2023\/10\/logo_csj.webp","width":250,"height":95,"caption":"CSJ Emballages"},"image":{"@id":"https:\/\/www.csj-emballages.com\/es\/#\/schema\/logo\/image\/"},"sameAs":["https:\/\/www.facebook.com\/csjemballages"],"address":{"@type":"PostalAddress","streetAddress":"ZI La Lechere","addressLocality":"Patornay","postalCode":"39130","addressCountry":"FR"},"contactPoint":[{"@type":"ContactPoint","contactType":"Service client","telephone":"0384254272","email":"contact@csj-emballages.com"}]}]}},"df_price":1.19,"df_sale_price":"","df_regular_price":1.19,"df_image_link":"https:\/\/www.csj-emballages.com\/wp-content\/uploads\/2024\/03\/Boite-a-mouchoir-300x300.webp","tiered_pricing_type":"fixed","tiered_pricing_fixed_rules":[],"tiered_pricing_percentage_rules":[],"tiered_pricing_minimum":1,"tiered_pricing_roles_data":[],"_links":{"self":[{"href":"https:\/\/www.csj-emballages.com\/es\/wp-json\/wp\/v2\/product\/22061","targetHints":{"allow":["GET"]}}],"collection":[{"href":"https:\/\/www.csj-emballages.com\/es\/wp-json\/wp\/v2\/product"}],"about":[{"href":"https:\/\/www.csj-emballages.com\/es\/wp-json\/wp\/v2\/types\/product"}],"wp:featuredmedia":[{"embeddable":true,"href":"https:\/\/www.csj-emballages.com\/es\/wp-json\/wp\/v2\/media\/263194"}],"wp:attachment":[{"href":"https:\/\/www.csj-emballages.com\/es\/wp-json\/wp\/v2\/media?parent=22061"}],"wp:term":[{"taxonomy":"product_brand","embeddable":true,"href":"https:\/\/www.csj-emballages.com\/es\/wp-json\/wp\/v2\/product_brand?post=22061"},{"taxonomy":"product_cat","embeddable":true,"href":"https:\/\/www.csj-emballages.com\/es\/wp-json\/wp\/v2\/product_cat?post=22061"},{"taxonomy":"product_tag","embeddable":true,"href":"https:\/\/www.csj-emballages.com\/es\/wp-json\/wp\/v2\/product_tag?post=22061"}],"curies":[{"name":"wp","href":"https:\/\/api.w.org\/{rel}","templated":true}]}}