{"id":22054,"date":"2024-03-01T16:51:44","date_gmt":"2024-03-01T15:51:44","guid":{"rendered":"https:\/\/u15jnbdpoq.preview.infomaniak.website\/produit\/1-mini-palet-de-madera-30-x-20-x-2-cm\/"},"modified":"2026-04-30T09:00:54","modified_gmt":"2026-04-30T07:00:54","slug":"1-mini-palet-de-madera-30-x-20-x-2-cm","status":"publish","type":"product","link":"https:\/\/www.csj-emballages.com\/es\/produit\/1-mini-palet-de-madera-30-x-20-x-2-cm\/","title":{"rendered":"Mini palet de madera 30 x 20 x 2 cm"},"content":{"rendered":"<h2>Mini pal\u00e9<\/h2>\n<hr>\n<h3>Descripci\u00f3n de nuestro mini pal\u00e9 de madera 30 x 20 x 2 cm<\/h3>\n<p><!--more--><\/p>\n<p data-start=\"0\" data-end=\"477\">El <strong data-start=\"34\" data-end=\"73\">minipal\u00e9 de madera de 30 x 20 x 2 cm<\/strong> es ideal para exponer <strong>peque\u00f1as exquisiteces<\/strong>. Inspirado en los pal\u00e9s industriales, aporta un toque r\u00fastico y original a sus expositores. Perfecto para <strong data-start=\"276\" data-end=\"333\" data-is-only-node=\"\">hosteleros, restauradores, minoristas y particulares<\/strong>, puede utilizarse como soporte decorativo, bandeja para servir o expositor para alimentos, cosm\u00e9ticos o productos artesanales.  <\/p>\n<p><!--more--><\/p>\n<div style=\"font-family: Roboto, sans-serif;\">\n<div style=\"font-family: Roboto, sans-serif;\">\n<div style=\"font-family: Roboto, sans-serif;\">\n<div style=\"font-family: Roboto, sans-serif;\">\n<div style=\"font-family: Roboto, sans-serif;\">\n<div style=\"font-family: Roboto, sans-serif;\">\n<p style=\"text-align: left;\"><strong>Sus ventajas:<\/strong><\/p>\n<ul style=\"text-align: left;\">\n<li data-start=\"497\" data-end=\"569\"><strong data-start=\"499\" data-end=\"521\">Robusto y duradero<\/strong>: este mini pal\u00e9 de madera est\u00e1 fabricado con madera resistente para un uso repetido.<\/li>\n<li data-start=\"570\" data-end=\"689\"><strong data-start=\"572\" data-end=\"587\">Vers\u00e1til<\/strong>: Ideal para exposici\u00f3n de productos, escaparatismo o servicio de restaurante.<\/li>\n<li data-start=\"690\" data-end=\"762\"><strong data-start=\"692\" data-end=\"716\">Aspecto natural<\/strong>: Proporciona un aspecto aut\u00e9ntico y elegante.<\/li>\n<li data-start=\"763\" data-end=\"839\"><strong data-start=\"765\" data-end=\"779\">Ecol\u00f3gico<\/strong>: Hecho de madera, un material natural y reciclable.<\/li>\n<li data-start=\"840\" data-end=\"928\"><strong data-start=\"842\" data-end=\"865\">F\u00e1cil de mantener<\/strong>: se limpia r\u00e1pidamente con un pa\u00f1o seco o ligeramente humedecido.<\/li>\n<\/ul>\n<\/div>\n<div style=\"font-family: Roboto, sans-serif;\"><\/div>\n<\/div>\n<\/div>\n<\/div>\n<\/div>\n<\/div>\n<p><!--more--><\/p>\n<div style=\"font-family: Roboto, sans-serif;\">\n<div style=\"font-family: Roboto, sans-serif;\">\n<div style=\"font-family: Roboto, sans-serif;\">\n<h4>Informaci\u00f3n adicional :<\/h4>\n<ul>\n<li><strong>Embalaje<\/strong>: Por unidad<\/li>\n<li><strong>Dimensiones<\/strong>: 30 x 20 x 2 cm<\/li>\n<li><strong>Material<\/strong>: Madera<\/li>\n<li><strong>Color<\/strong>: Beige<\/li>\n<\/ul>\n<p>&nbsp;<\/p>\n<\/div>\n<\/div>\n<\/div>\n<div style=\"font-family: Roboto, sans-serif;\">\n<div style=\"font-family: Roboto, sans-serif;\">\n<div style=\"font-family: Roboto, sans-serif;\">\n<p><!--more--><\/p>\n<p><a href=\"https:\/\/www.csj-emballages.com\/es\/categorie-produit\/envasado-de-alimentos\/carniceria-y-charcuteria\/bandejas\/bandejas-verrines-mignardise\/\">Ver el resto de nuestra gama de platos mignardises<\/a><\/p>\n<\/div>\n<\/div>\n<\/div>\n","protected":false},"excerpt":{"rendered":"<p>Mini pal\u00e9 Descripci\u00f3n de nuestro mini pal\u00e9 de madera 30 x 20 x 2 cm<\/p>\n","protected":false},"featured_media":227358,"template":"","meta":{"_acf_changed":false},"product_brand":[],"product_cat":[1143,2885,1324],"product_tag":[],"class_list":{"0":"post-22054","1":"product","2":"type-product","3":"status-publish","4":"has-post-thumbnail","6":"product_cat-carniceria-y-charcuteria","7":"product_cat-bandejas-verrines-mignardise","8":"product_cat-tazas-tarros-vasos","10":"first","11":"outofstock","12":"taxable","13":"shipping-taxable","14":"purchasable","15":"product-type-simple"},"acf":[],"yoast_head":"<!-- This site is optimized with the Yoast SEO Premium plugin v26.6 (Yoast SEO v26.6) - https:\/\/yoast.com\/wordpress\/plugins\/seo\/ -->\n<title>Mini pal\u00e9 de presentaci\u00f3n de madera 300 x 200 x 20 mm<\/title>\n<meta name=\"description\" content=\"Descubra nuestro minipal\u00e9 de madera de 30 x 20 x 2 cm, perfecto para exponer y transportar sus productos con estilo. Resistente, vers\u00e1til y respetuoso con el medio ambiente.\" \/>\n<meta name=\"robots\" content=\"index, follow, max-snippet:-1, max-image-preview:large, max-video-preview:-1\" \/>\n<link rel=\"canonical\" href=\"https:\/\/www.csj-emballages.com\/es\/produit\/1-mini-palet-de-madera-30-x-20-x-2-cm\/\" \/>\n<meta property=\"og:locale\" content=\"es_ES\" \/>\n<meta property=\"og:type\" content=\"article\" \/>\n<meta property=\"og:title\" content=\"Mini palet de madera 30 x 20 x 2 cm\" \/>\n<meta property=\"og:description\" content=\"Descubra nuestro minipal\u00e9 de madera de 30 x 20 x 2 cm, perfecto para exponer y transportar sus productos con estilo. Resistente, vers\u00e1til y respetuoso con el medio ambiente.\" \/>\n<meta property=\"og:url\" content=\"https:\/\/www.csj-emballages.com\/es\/produit\/1-mini-palet-de-madera-30-x-20-x-2-cm\/\" \/>\n<meta property=\"og:site_name\" content=\"CSJ Emballages\" \/>\n<meta property=\"article:publisher\" content=\"https:\/\/www.facebook.com\/csjemballages\" \/>\n<meta property=\"article:modified_time\" content=\"2026-04-30T07:00:54+00:00\" \/>\n<meta property=\"og:image\" content=\"https:\/\/www.csj-emballages.com\/wp-content\/uploads\/2024\/03\/mini-palette.webp\" \/>\n\t<meta property=\"og:image:width\" content=\"800\" \/>\n\t<meta property=\"og:image:height\" content=\"800\" \/>\n\t<meta property=\"og:image:type\" content=\"image\/webp\" \/>\n<meta name=\"twitter:card\" content=\"summary_large_image\" \/>\n<script type=\"application\/ld+json\" class=\"yoast-schema-graph\">{\"@context\":\"https:\/\/schema.org\",\"@graph\":[{\"@type\":\"WebPage\",\"@id\":\"https:\/\/www.csj-emballages.com\/es\/produit\/1-mini-palet-de-madera-30-x-20-x-2-cm\/\",\"url\":\"https:\/\/www.csj-emballages.com\/es\/produit\/1-mini-palet-de-madera-30-x-20-x-2-cm\/\",\"name\":\"Mini pal\u00e9 de presentaci\u00f3n de madera 300 x 200 x 20 mm\",\"isPartOf\":{\"@id\":\"https:\/\/www.csj-emballages.com\/es\/#website\"},\"primaryImageOfPage\":{\"@id\":\"https:\/\/www.csj-emballages.com\/es\/produit\/1-mini-palet-de-madera-30-x-20-x-2-cm\/#primaryimage\"},\"image\":{\"@id\":\"https:\/\/www.csj-emballages.com\/es\/produit\/1-mini-palet-de-madera-30-x-20-x-2-cm\/#primaryimage\"},\"thumbnailUrl\":\"https:\/\/www.csj-emballages.com\/wp-content\/uploads\/2024\/03\/mini-palette.webp\",\"datePublished\":\"2024-03-01T15:51:44+00:00\",\"dateModified\":\"2026-04-30T07:00:54+00:00\",\"description\":\"Descubra nuestro minipal\u00e9 de madera de 30 x 20 x 2 cm, perfecto para exponer y transportar sus productos con estilo. Resistente, vers\u00e1til y respetuoso con el medio ambiente.\",\"breadcrumb\":{\"@id\":\"https:\/\/www.csj-emballages.com\/es\/produit\/1-mini-palet-de-madera-30-x-20-x-2-cm\/#breadcrumb\"},\"inLanguage\":\"es\",\"potentialAction\":[{\"@type\":\"ReadAction\",\"target\":[\"https:\/\/www.csj-emballages.com\/es\/produit\/1-mini-palet-de-madera-30-x-20-x-2-cm\/\"]}]},{\"@type\":\"ImageObject\",\"inLanguage\":\"es\",\"@id\":\"https:\/\/www.csj-emballages.com\/es\/produit\/1-mini-palet-de-madera-30-x-20-x-2-cm\/#primaryimage\",\"url\":\"https:\/\/www.csj-emballages.com\/wp-content\/uploads\/2024\/03\/mini-palette.webp\",\"contentUrl\":\"https:\/\/www.csj-emballages.com\/wp-content\/uploads\/2024\/03\/mini-palette.webp\",\"width\":800,\"height\":800,\"caption\":\"mini palette\"},{\"@type\":\"BreadcrumbList\",\"@id\":\"https:\/\/www.csj-emballages.com\/es\/produit\/1-mini-palet-de-madera-30-x-20-x-2-cm\/#breadcrumb\",\"itemListElement\":[{\"@type\":\"ListItem\",\"position\":1,\"name\":\"Accueil\",\"item\":\"https:\/\/www.csj-emballages.com\/es\/universo-del-envasado-alimentario\/\"},{\"@type\":\"ListItem\",\"position\":2,\"name\":\"Tienda\",\"item\":\"https:\/\/www.csj-emballages.com\/tienda\/\"},{\"@type\":\"ListItem\",\"position\":3,\"name\":\"Mini palet de madera 30 x 20 x 2 cm\"}]},{\"@type\":\"WebSite\",\"@id\":\"https:\/\/www.csj-emballages.com\/es\/#website\",\"url\":\"https:\/\/www.csj-emballages.com\/es\/\",\"name\":\"CSJ Emballages\",\"description\":\"\",\"publisher\":{\"@id\":\"https:\/\/www.csj-emballages.com\/es\/#organization\"},\"potentialAction\":[{\"@type\":\"SearchAction\",\"target\":{\"@type\":\"EntryPoint\",\"urlTemplate\":\"https:\/\/www.csj-emballages.com\/es\/?s={search_term_string}\"},\"query-input\":{\"@type\":\"PropertyValueSpecification\",\"valueRequired\":true,\"valueName\":\"search_term_string\"}}],\"inLanguage\":\"es\"},{\"@type\":\"Organization\",\"@id\":\"https:\/\/www.csj-emballages.com\/es\/#Organization\/\",\"name\":\"CSJ Emballages\",\"url\":\"https:\/\/www.csj-emballages.com\/es\/\",\"logo\":{\"@type\":\"ImageObject\",\"inLanguage\":\"es\",\"@id\":\"https:\/\/www.csj-emballages.com\/es\/#\/schema\/logo\/image\/\",\"url\":\"https:\/\/www.csj-emballages.com\/wp-content\/uploads\/2023\/10\/logo_csj.webp\",\"contentUrl\":\"https:\/\/www.csj-emballages.com\/wp-content\/uploads\/2023\/10\/logo_csj.webp\",\"width\":250,\"height\":95,\"caption\":\"CSJ Emballages\"},\"image\":{\"@id\":\"https:\/\/www.csj-emballages.com\/es\/#\/schema\/logo\/image\/\"},\"sameAs\":[\"https:\/\/www.facebook.com\/csjemballages\"],\"address\":{\"@type\":\"PostalAddress\",\"streetAddress\":\"ZI La Lechere\",\"addressLocality\":\"Patornay\",\"postalCode\":\"39130\",\"addressCountry\":\"FR\"},\"contactPoint\":[{\"@type\":\"ContactPoint\",\"contactType\":\"Service client\",\"telephone\":\"0384254272\",\"email\":\"contact@csj-emballages.com\"}]}]}<\/script>\n<!-- \/ Yoast SEO Premium plugin. -->","yoast_head_json":{"title":"Mini pal\u00e9 de presentaci\u00f3n de madera 300 x 200 x 20 mm","description":"Descubra nuestro minipal\u00e9 de madera de 30 x 20 x 2 cm, perfecto para exponer y transportar sus productos con estilo. Resistente, vers\u00e1til y respetuoso con el medio ambiente.","robots":{"index":"index","follow":"follow","max-snippet":"max-snippet:-1","max-image-preview":"max-image-preview:large","max-video-preview":"max-video-preview:-1"},"canonical":"https:\/\/www.csj-emballages.com\/es\/produit\/1-mini-palet-de-madera-30-x-20-x-2-cm\/","og_locale":"es_ES","og_type":"article","og_title":"Mini palet de madera 30 x 20 x 2 cm","og_description":"Descubra nuestro minipal\u00e9 de madera de 30 x 20 x 2 cm, perfecto para exponer y transportar sus productos con estilo. Resistente, vers\u00e1til y respetuoso con el medio ambiente.","og_url":"https:\/\/www.csj-emballages.com\/es\/produit\/1-mini-palet-de-madera-30-x-20-x-2-cm\/","og_site_name":"CSJ Emballages","article_publisher":"https:\/\/www.facebook.com\/csjemballages","article_modified_time":"2026-04-30T07:00:54+00:00","og_image":[{"width":800,"height":800,"url":"https:\/\/www.csj-emballages.com\/wp-content\/uploads\/2024\/03\/mini-palette.webp","type":"image\/webp"}],"twitter_card":"summary_large_image","schema":{"@context":"https:\/\/schema.org","@graph":[{"@type":"WebPage","@id":"https:\/\/www.csj-emballages.com\/es\/produit\/1-mini-palet-de-madera-30-x-20-x-2-cm\/","url":"https:\/\/www.csj-emballages.com\/es\/produit\/1-mini-palet-de-madera-30-x-20-x-2-cm\/","name":"Mini pal\u00e9 de presentaci\u00f3n de madera 300 x 200 x 20 mm","isPartOf":{"@id":"https:\/\/www.csj-emballages.com\/es\/#website"},"primaryImageOfPage":{"@id":"https:\/\/www.csj-emballages.com\/es\/produit\/1-mini-palet-de-madera-30-x-20-x-2-cm\/#primaryimage"},"image":{"@id":"https:\/\/www.csj-emballages.com\/es\/produit\/1-mini-palet-de-madera-30-x-20-x-2-cm\/#primaryimage"},"thumbnailUrl":"https:\/\/www.csj-emballages.com\/wp-content\/uploads\/2024\/03\/mini-palette.webp","datePublished":"2024-03-01T15:51:44+00:00","dateModified":"2026-04-30T07:00:54+00:00","description":"Descubra nuestro minipal\u00e9 de madera de 30 x 20 x 2 cm, perfecto para exponer y transportar sus productos con estilo. Resistente, vers\u00e1til y respetuoso con el medio ambiente.","breadcrumb":{"@id":"https:\/\/www.csj-emballages.com\/es\/produit\/1-mini-palet-de-madera-30-x-20-x-2-cm\/#breadcrumb"},"inLanguage":"es","potentialAction":[{"@type":"ReadAction","target":["https:\/\/www.csj-emballages.com\/es\/produit\/1-mini-palet-de-madera-30-x-20-x-2-cm\/"]}]},{"@type":"ImageObject","inLanguage":"es","@id":"https:\/\/www.csj-emballages.com\/es\/produit\/1-mini-palet-de-madera-30-x-20-x-2-cm\/#primaryimage","url":"https:\/\/www.csj-emballages.com\/wp-content\/uploads\/2024\/03\/mini-palette.webp","contentUrl":"https:\/\/www.csj-emballages.com\/wp-content\/uploads\/2024\/03\/mini-palette.webp","width":800,"height":800,"caption":"mini palette"},{"@type":"BreadcrumbList","@id":"https:\/\/www.csj-emballages.com\/es\/produit\/1-mini-palet-de-madera-30-x-20-x-2-cm\/#breadcrumb","itemListElement":[{"@type":"ListItem","position":1,"name":"Accueil","item":"https:\/\/www.csj-emballages.com\/es\/universo-del-envasado-alimentario\/"},{"@type":"ListItem","position":2,"name":"Tienda","item":"https:\/\/www.csj-emballages.com\/tienda\/"},{"@type":"ListItem","position":3,"name":"Mini palet de madera 30 x 20 x 2 cm"}]},{"@type":"WebSite","@id":"https:\/\/www.csj-emballages.com\/es\/#website","url":"https:\/\/www.csj-emballages.com\/es\/","name":"CSJ Emballages","description":"","publisher":{"@id":"https:\/\/www.csj-emballages.com\/es\/#organization"},"potentialAction":[{"@type":"SearchAction","target":{"@type":"EntryPoint","urlTemplate":"https:\/\/www.csj-emballages.com\/es\/?s={search_term_string}"},"query-input":{"@type":"PropertyValueSpecification","valueRequired":true,"valueName":"search_term_string"}}],"inLanguage":"es"},{"@type":"Organization","@id":"https:\/\/www.csj-emballages.com\/es\/#Organization\/","name":"CSJ Emballages","url":"https:\/\/www.csj-emballages.com\/es\/","logo":{"@type":"ImageObject","inLanguage":"es","@id":"https:\/\/www.csj-emballages.com\/es\/#\/schema\/logo\/image\/","url":"https:\/\/www.csj-emballages.com\/wp-content\/uploads\/2023\/10\/logo_csj.webp","contentUrl":"https:\/\/www.csj-emballages.com\/wp-content\/uploads\/2023\/10\/logo_csj.webp","width":250,"height":95,"caption":"CSJ Emballages"},"image":{"@id":"https:\/\/www.csj-emballages.com\/es\/#\/schema\/logo\/image\/"},"sameAs":["https:\/\/www.facebook.com\/csjemballages"],"address":{"@type":"PostalAddress","streetAddress":"ZI La Lechere","addressLocality":"Patornay","postalCode":"39130","addressCountry":"FR"},"contactPoint":[{"@type":"ContactPoint","contactType":"Service client","telephone":"0384254272","email":"contact@csj-emballages.com"}]}]}},"df_price":4.58,"df_sale_price":"","df_regular_price":4.58,"df_image_link":"https:\/\/www.csj-emballages.com\/wp-content\/uploads\/2024\/03\/mini-palette-300x300.webp","tiered_pricing_type":"fixed","tiered_pricing_fixed_rules":[],"tiered_pricing_percentage_rules":[],"tiered_pricing_minimum":1,"tiered_pricing_roles_data":[],"_links":{"self":[{"href":"https:\/\/www.csj-emballages.com\/es\/wp-json\/wp\/v2\/product\/22054","targetHints":{"allow":["GET"]}}],"collection":[{"href":"https:\/\/www.csj-emballages.com\/es\/wp-json\/wp\/v2\/product"}],"about":[{"href":"https:\/\/www.csj-emballages.com\/es\/wp-json\/wp\/v2\/types\/product"}],"wp:featuredmedia":[{"embeddable":true,"href":"https:\/\/www.csj-emballages.com\/es\/wp-json\/wp\/v2\/media\/227358"}],"wp:attachment":[{"href":"https:\/\/www.csj-emballages.com\/es\/wp-json\/wp\/v2\/media?parent=22054"}],"wp:term":[{"taxonomy":"product_brand","embeddable":true,"href":"https:\/\/www.csj-emballages.com\/es\/wp-json\/wp\/v2\/product_brand?post=22054"},{"taxonomy":"product_cat","embeddable":true,"href":"https:\/\/www.csj-emballages.com\/es\/wp-json\/wp\/v2\/product_cat?post=22054"},{"taxonomy":"product_tag","embeddable":true,"href":"https:\/\/www.csj-emballages.com\/es\/wp-json\/wp\/v2\/product_tag?post=22054"}],"curies":[{"name":"wp","href":"https:\/\/api.w.org\/{rel}","templated":true}]}}