{"id":22052,"date":"2024-03-01T16:51:47","date_gmt":"2024-03-01T15:51:47","guid":{"rendered":"https:\/\/u15jnbdpoq.preview.infomaniak.website\/produit\/50-mini-cucharas-verrines-de-plastico-cristal\/"},"modified":"2026-04-09T20:00:22","modified_gmt":"2026-04-09T18:00:22","slug":"50-mini-cucharas-verrines-de-plastico-cristal","status":"publish","type":"product","link":"https:\/\/www.csj-emballages.com\/es\/produit\/50-mini-cucharas-verrines-de-plastico-cristal\/","title":{"rendered":"Mini cuchara de pl\u00e1stico para verrines, 50 uds."},"content":{"rendered":"<h2 class=\"p1 ai-optimize-26\"><span class=\"s1\">Mini<\/span> cuchara de pl\u00e1stico<\/h2>\n<div style=\"font-family: Roboto, sans-serif;\">\n<div style=\"font-family: Roboto, sans-serif;\">\n<div style=\"font-family: Roboto, sans-serif;\">\n<div style=\"font-family: Roboto, sans-serif;\">\n<div style=\"font-family: Roboto, sans-serif;\">\n<div style=\"font-family: Roboto, sans-serif;\">\n<hr>\n<h3 class=\"ai-optimize-27\">Descripci\u00f3n de nuestra<span class=\"s1\">mini<\/span> cuchara verrine de pl\u00e1stico cristal, 50 uds.<\/h3>\n<p><!--more--><\/p>\n<\/div>\n<\/div>\n<\/div>\n<\/div>\n<\/div>\n<\/div>\n<p class=\"ai-optimize-38 ai-optimize-introduction\" data-start=\"281\" data-end=\"606\">Perfectas para todas sus recepciones, estas <strong>mini cucharas de pl\u00e1stico cristal<\/strong> son indispensables para realzar sus buffets, c\u00f3cteles, aperitivos o postres. Su formato peque\u00f1o, elegante y transparente las hace ideales para <strong data-start=\"511\" data-end=\"541\">verrines dulces o salados<\/strong>, realzando las preparaciones sin oscurecer su presentaci\u00f3n. Fabricadas en <strong>pl\u00e1stico r\u00edgido<\/strong>, estas <strong>cucharas<\/strong> son a la vez <strong data-start=\"681\" data-end=\"712\">pr\u00e1cticas y atractivas<\/strong>. Son f\u00e1ciles de sujetar a pesar de su peque\u00f1o tama\u00f1o, y no se doblan cuando se utilizan. Pueden utilizarse tanto en eventos profesionales (hosteleros, restauradores, pasteleros, organizadores de eventos) como en ocasiones personales como cumplea\u00f1os, bodas o comidas festivas con amigos.    <\/p>\n<p class=\"ai-optimize-39\" data-start=\"1044\" data-end=\"1305\">Adem\u00e1s de su aspecto sobrio y refinado, son <strong data-start=\"1094\" data-end=\"1106\">desechables<\/strong>, lo que facilita enormemente el servicio y la limpieza despu\u00e9s del evento. Se suministran en paquetes de <strong>50<\/strong> unidades, lo que le permite planificar un n\u00famero generoso de bocados sin salirse <strong data-start=\"1285\" data-end=\"1304\">del presupuesto<\/strong>. <\/p>\n<p class=\"ai-optimize-40\" data-start=\"1307\" data-end=\"1511\">Ideales para presentaciones individuales, a\u00f1aden un toque de <strong data-start=\"1388\" data-end=\"1403\">refinamiento<\/strong> a sus creaciones, sin renunciar a la practicidad. \u00a1Ahorre tiempo sin renunciar a la elegancia! <\/p>\n<p data-start=\"1307\" data-end=\"1511\">\n<p><!--more--><\/p>\n<div style=\"font-family: Roboto, sans-serif;\">\n<div style=\"font-family: Roboto, sans-serif;\">\n<div style=\"font-family: Roboto, sans-serif;\">\n<div style=\"font-family: Roboto, sans-serif;\">\n<div style=\"font-family: Roboto, sans-serif;\">\n<div style=\"font-family: Roboto, sans-serif;\">\n<p class=\"ai-optimize-30\"><strong>Sus ventajas:<\/strong><\/p>\n<ul>\n<li class=\"ai-optimize-31\">Pr\u00e1ctico formato mini para verrines, mignardises y degustaciones.<\/li>\n<li class=\"ai-optimize-32\">Aspecto cristalino para una apariencia elegante.<\/li>\n<li class=\"ai-optimize-33\"><strong>Pl\u00e1stico r\u00edgido de alta calidad<\/strong>: no se dobla, agradable de usar.<\/li>\n<li class=\"ai-optimize-34\"><strong>Desechables<\/strong>: ahorran tiempo y son pr\u00e1cticos para el servicio.<\/li>\n<\/ul>\n<p>&nbsp;<\/p>\n<\/div>\n<\/div>\n<\/div>\n<\/div>\n<\/div>\n<\/div>\n<p><!--more--><\/p>\n<p class=\"ai-optimize-35\">Ver tambi\u00e9n nuestra mini horquilla de cristal verrine: <span style=\"color: #d12727;\"><a style=\"color: #d12727;\" href=\"https:\/\/www.csj-emballages.com\/es\/produit\/50-mini-tenedores-de-cristal-de-plastico-para-verrines\/\">MINIFOUR<\/a><\/span><\/p>\n<p>&nbsp;<\/p>\n<p><!--more--><\/p>\n<p class=\"ai-optimize-41\"><a href=\"https:\/\/www.csj-emballages.com\/es\/categorie-produit\/envasado-de-alimentos\/carniceria-y-charcuteria\/tazas-tarros-vasos\/verrines-es\/cucharas-tenedores\/\">Ver el resto de nuestra gama de mini cucharas \/ tenedores<\/a><\/p>\n","protected":false},"excerpt":{"rendered":"<p>Mini cuchara de pl\u00e1stico Descripci\u00f3n de nuestramini cuchara verrine de pl\u00e1stico cristal, 50 uds.<\/p>\n","protected":false},"featured_media":237558,"template":"","meta":{"_acf_changed":false},"product_brand":[],"product_cat":[1143,1324,1326,2876],"product_tag":[],"class_list":{"0":"post-22052","1":"product","2":"type-product","3":"status-publish","4":"has-post-thumbnail","6":"product_cat-carniceria-y-charcuteria","7":"product_cat-tazas-tarros-vasos","8":"product_cat-verrines-es","9":"product_cat-cucharas-tenedores","11":"first","12":"instock","13":"taxable","14":"shipping-taxable","15":"purchasable","16":"product-type-simple"},"acf":[],"yoast_head":"<!-- This site is optimized with the Yoast SEO Premium plugin v26.6 (Yoast SEO v26.6) - https:\/\/yoast.com\/wordpress\/plugins\/seo\/ -->\n<title>Mini cuchara de cristal de pl\u00e1stico 50 piezas<\/title>\n<meta name=\"description\" content=\"Mini cucharas de pl\u00e1stico de cristal, paquete de 50, perfectas para verrines, c\u00f3cteles y buffets. Elegantes, pr\u00e1cticas y desechables, ideales para servicios de catering.\" \/>\n<meta name=\"robots\" content=\"index, follow, max-snippet:-1, max-image-preview:large, max-video-preview:-1\" \/>\n<link rel=\"canonical\" href=\"https:\/\/www.csj-emballages.com\/es\/produit\/50-mini-cucharas-verrines-de-plastico-cristal\/\" \/>\n<meta property=\"og:locale\" content=\"es_ES\" \/>\n<meta property=\"og:type\" content=\"article\" \/>\n<meta property=\"og:title\" content=\"Mini cuchara de pl\u00e1stico para verrines, 50 uds.\" \/>\n<meta property=\"og:description\" content=\"Mini cucharas de pl\u00e1stico de cristal, paquete de 50, perfectas para verrines, c\u00f3cteles y buffets. Elegantes, pr\u00e1cticas y desechables, ideales para servicios de catering.\" \/>\n<meta property=\"og:url\" content=\"https:\/\/www.csj-emballages.com\/es\/produit\/50-mini-cucharas-verrines-de-plastico-cristal\/\" \/>\n<meta property=\"og:site_name\" content=\"CSJ Emballages\" \/>\n<meta property=\"article:publisher\" content=\"https:\/\/www.facebook.com\/csjemballages\" \/>\n<meta property=\"article:modified_time\" content=\"2026-04-09T18:00:22+00:00\" \/>\n<meta property=\"og:image\" content=\"https:\/\/www.csj-emballages.com\/wp-content\/uploads\/2024\/03\/MINICV.webp\" \/>\n\t<meta property=\"og:image:width\" content=\"800\" \/>\n\t<meta property=\"og:image:height\" content=\"800\" \/>\n\t<meta property=\"og:image:type\" content=\"image\/webp\" \/>\n<meta name=\"twitter:card\" content=\"summary_large_image\" \/>\n<meta name=\"twitter:label1\" content=\"Tiempo de lectura\" \/>\n\t<meta name=\"twitter:data1\" content=\"1 minuto\" \/>\n<script type=\"application\/ld+json\" class=\"yoast-schema-graph\">{\"@context\":\"https:\/\/schema.org\",\"@graph\":[{\"@type\":\"WebPage\",\"@id\":\"https:\/\/www.csj-emballages.com\/es\/produit\/50-mini-cucharas-verrines-de-plastico-cristal\/\",\"url\":\"https:\/\/www.csj-emballages.com\/es\/produit\/50-mini-cucharas-verrines-de-plastico-cristal\/\",\"name\":\"Mini cuchara de cristal de pl\u00e1stico 50 piezas\",\"isPartOf\":{\"@id\":\"https:\/\/www.csj-emballages.com\/es\/#website\"},\"primaryImageOfPage\":{\"@id\":\"https:\/\/www.csj-emballages.com\/es\/produit\/50-mini-cucharas-verrines-de-plastico-cristal\/#primaryimage\"},\"image\":{\"@id\":\"https:\/\/www.csj-emballages.com\/es\/produit\/50-mini-cucharas-verrines-de-plastico-cristal\/#primaryimage\"},\"thumbnailUrl\":\"https:\/\/www.csj-emballages.com\/wp-content\/uploads\/2024\/03\/MINICV.webp\",\"datePublished\":\"2024-03-01T15:51:47+00:00\",\"dateModified\":\"2026-04-09T18:00:22+00:00\",\"description\":\"Mini cucharas de pl\u00e1stico de cristal, paquete de 50, perfectas para verrines, c\u00f3cteles y buffets. Elegantes, pr\u00e1cticas y desechables, ideales para servicios de catering.\",\"breadcrumb\":{\"@id\":\"https:\/\/www.csj-emballages.com\/es\/produit\/50-mini-cucharas-verrines-de-plastico-cristal\/#breadcrumb\"},\"inLanguage\":\"es\",\"potentialAction\":[{\"@type\":\"ReadAction\",\"target\":[\"https:\/\/www.csj-emballages.com\/es\/produit\/50-mini-cucharas-verrines-de-plastico-cristal\/\"]}]},{\"@type\":\"ImageObject\",\"inLanguage\":\"es\",\"@id\":\"https:\/\/www.csj-emballages.com\/es\/produit\/50-mini-cucharas-verrines-de-plastico-cristal\/#primaryimage\",\"url\":\"https:\/\/www.csj-emballages.com\/wp-content\/uploads\/2024\/03\/MINICV.webp\",\"contentUrl\":\"https:\/\/www.csj-emballages.com\/wp-content\/uploads\/2024\/03\/MINICV.webp\",\"width\":800,\"height\":800,\"caption\":\"Mini cuill\u00e8re plastique\"},{\"@type\":\"BreadcrumbList\",\"@id\":\"https:\/\/www.csj-emballages.com\/es\/produit\/50-mini-cucharas-verrines-de-plastico-cristal\/#breadcrumb\",\"itemListElement\":[{\"@type\":\"ListItem\",\"position\":1,\"name\":\"Accueil\",\"item\":\"https:\/\/www.csj-emballages.com\/es\/universo-del-envasado-alimentario\/\"},{\"@type\":\"ListItem\",\"position\":2,\"name\":\"Tienda\",\"item\":\"https:\/\/www.csj-emballages.com\/tienda\/\"},{\"@type\":\"ListItem\",\"position\":3,\"name\":\"Mini cuchara de pl\u00e1stico para verrines, 50 uds.\"}]},{\"@type\":\"WebSite\",\"@id\":\"https:\/\/www.csj-emballages.com\/es\/#website\",\"url\":\"https:\/\/www.csj-emballages.com\/es\/\",\"name\":\"CSJ Emballages\",\"description\":\"\",\"publisher\":{\"@id\":\"https:\/\/www.csj-emballages.com\/es\/#organization\"},\"potentialAction\":[{\"@type\":\"SearchAction\",\"target\":{\"@type\":\"EntryPoint\",\"urlTemplate\":\"https:\/\/www.csj-emballages.com\/es\/?s={search_term_string}\"},\"query-input\":{\"@type\":\"PropertyValueSpecification\",\"valueRequired\":true,\"valueName\":\"search_term_string\"}}],\"inLanguage\":\"es\"},{\"@type\":\"Organization\",\"@id\":\"https:\/\/www.csj-emballages.com\/es\/#Organization\/\",\"name\":\"CSJ Emballages\",\"url\":\"https:\/\/www.csj-emballages.com\/es\/\",\"logo\":{\"@type\":\"ImageObject\",\"inLanguage\":\"es\",\"@id\":\"https:\/\/www.csj-emballages.com\/es\/#\/schema\/logo\/image\/\",\"url\":\"https:\/\/www.csj-emballages.com\/wp-content\/uploads\/2023\/10\/logo_csj.webp\",\"contentUrl\":\"https:\/\/www.csj-emballages.com\/wp-content\/uploads\/2023\/10\/logo_csj.webp\",\"width\":250,\"height\":95,\"caption\":\"CSJ Emballages\"},\"image\":{\"@id\":\"https:\/\/www.csj-emballages.com\/es\/#\/schema\/logo\/image\/\"},\"sameAs\":[\"https:\/\/www.facebook.com\/csjemballages\"],\"address\":{\"@type\":\"PostalAddress\",\"streetAddress\":\"ZI La Lechere\",\"addressLocality\":\"Patornay\",\"postalCode\":\"39130\",\"addressCountry\":\"FR\"},\"contactPoint\":[{\"@type\":\"ContactPoint\",\"contactType\":\"Service client\",\"telephone\":\"0384254272\",\"email\":\"contact@csj-emballages.com\"}]}]}<\/script>\n<!-- \/ Yoast SEO Premium plugin. -->","yoast_head_json":{"title":"Mini cuchara de cristal de pl\u00e1stico 50 piezas","description":"Mini cucharas de pl\u00e1stico de cristal, paquete de 50, perfectas para verrines, c\u00f3cteles y buffets. Elegantes, pr\u00e1cticas y desechables, ideales para servicios de catering.","robots":{"index":"index","follow":"follow","max-snippet":"max-snippet:-1","max-image-preview":"max-image-preview:large","max-video-preview":"max-video-preview:-1"},"canonical":"https:\/\/www.csj-emballages.com\/es\/produit\/50-mini-cucharas-verrines-de-plastico-cristal\/","og_locale":"es_ES","og_type":"article","og_title":"Mini cuchara de pl\u00e1stico para verrines, 50 uds.","og_description":"Mini cucharas de pl\u00e1stico de cristal, paquete de 50, perfectas para verrines, c\u00f3cteles y buffets. Elegantes, pr\u00e1cticas y desechables, ideales para servicios de catering.","og_url":"https:\/\/www.csj-emballages.com\/es\/produit\/50-mini-cucharas-verrines-de-plastico-cristal\/","og_site_name":"CSJ Emballages","article_publisher":"https:\/\/www.facebook.com\/csjemballages","article_modified_time":"2026-04-09T18:00:22+00:00","og_image":[{"width":800,"height":800,"url":"https:\/\/www.csj-emballages.com\/wp-content\/uploads\/2024\/03\/MINICV.webp","type":"image\/webp"}],"twitter_card":"summary_large_image","twitter_misc":{"Tiempo de lectura":"1 minuto"},"schema":{"@context":"https:\/\/schema.org","@graph":[{"@type":"WebPage","@id":"https:\/\/www.csj-emballages.com\/es\/produit\/50-mini-cucharas-verrines-de-plastico-cristal\/","url":"https:\/\/www.csj-emballages.com\/es\/produit\/50-mini-cucharas-verrines-de-plastico-cristal\/","name":"Mini cuchara de cristal de pl\u00e1stico 50 piezas","isPartOf":{"@id":"https:\/\/www.csj-emballages.com\/es\/#website"},"primaryImageOfPage":{"@id":"https:\/\/www.csj-emballages.com\/es\/produit\/50-mini-cucharas-verrines-de-plastico-cristal\/#primaryimage"},"image":{"@id":"https:\/\/www.csj-emballages.com\/es\/produit\/50-mini-cucharas-verrines-de-plastico-cristal\/#primaryimage"},"thumbnailUrl":"https:\/\/www.csj-emballages.com\/wp-content\/uploads\/2024\/03\/MINICV.webp","datePublished":"2024-03-01T15:51:47+00:00","dateModified":"2026-04-09T18:00:22+00:00","description":"Mini cucharas de pl\u00e1stico de cristal, paquete de 50, perfectas para verrines, c\u00f3cteles y buffets. Elegantes, pr\u00e1cticas y desechables, ideales para servicios de catering.","breadcrumb":{"@id":"https:\/\/www.csj-emballages.com\/es\/produit\/50-mini-cucharas-verrines-de-plastico-cristal\/#breadcrumb"},"inLanguage":"es","potentialAction":[{"@type":"ReadAction","target":["https:\/\/www.csj-emballages.com\/es\/produit\/50-mini-cucharas-verrines-de-plastico-cristal\/"]}]},{"@type":"ImageObject","inLanguage":"es","@id":"https:\/\/www.csj-emballages.com\/es\/produit\/50-mini-cucharas-verrines-de-plastico-cristal\/#primaryimage","url":"https:\/\/www.csj-emballages.com\/wp-content\/uploads\/2024\/03\/MINICV.webp","contentUrl":"https:\/\/www.csj-emballages.com\/wp-content\/uploads\/2024\/03\/MINICV.webp","width":800,"height":800,"caption":"Mini cuill\u00e8re plastique"},{"@type":"BreadcrumbList","@id":"https:\/\/www.csj-emballages.com\/es\/produit\/50-mini-cucharas-verrines-de-plastico-cristal\/#breadcrumb","itemListElement":[{"@type":"ListItem","position":1,"name":"Accueil","item":"https:\/\/www.csj-emballages.com\/es\/universo-del-envasado-alimentario\/"},{"@type":"ListItem","position":2,"name":"Tienda","item":"https:\/\/www.csj-emballages.com\/tienda\/"},{"@type":"ListItem","position":3,"name":"Mini cuchara de pl\u00e1stico para verrines, 50 uds."}]},{"@type":"WebSite","@id":"https:\/\/www.csj-emballages.com\/es\/#website","url":"https:\/\/www.csj-emballages.com\/es\/","name":"CSJ Emballages","description":"","publisher":{"@id":"https:\/\/www.csj-emballages.com\/es\/#organization"},"potentialAction":[{"@type":"SearchAction","target":{"@type":"EntryPoint","urlTemplate":"https:\/\/www.csj-emballages.com\/es\/?s={search_term_string}"},"query-input":{"@type":"PropertyValueSpecification","valueRequired":true,"valueName":"search_term_string"}}],"inLanguage":"es"},{"@type":"Organization","@id":"https:\/\/www.csj-emballages.com\/es\/#Organization\/","name":"CSJ Emballages","url":"https:\/\/www.csj-emballages.com\/es\/","logo":{"@type":"ImageObject","inLanguage":"es","@id":"https:\/\/www.csj-emballages.com\/es\/#\/schema\/logo\/image\/","url":"https:\/\/www.csj-emballages.com\/wp-content\/uploads\/2023\/10\/logo_csj.webp","contentUrl":"https:\/\/www.csj-emballages.com\/wp-content\/uploads\/2023\/10\/logo_csj.webp","width":250,"height":95,"caption":"CSJ Emballages"},"image":{"@id":"https:\/\/www.csj-emballages.com\/es\/#\/schema\/logo\/image\/"},"sameAs":["https:\/\/www.facebook.com\/csjemballages"],"address":{"@type":"PostalAddress","streetAddress":"ZI La Lechere","addressLocality":"Patornay","postalCode":"39130","addressCountry":"FR"},"contactPoint":[{"@type":"ContactPoint","contactType":"Service client","telephone":"0384254272","email":"contact@csj-emballages.com"}]}]}},"df_price":1.86,"df_sale_price":"","df_regular_price":1.86,"df_image_link":"https:\/\/www.csj-emballages.com\/wp-content\/uploads\/2024\/03\/MINICV-300x300.webp","tiered_pricing_type":"fixed","tiered_pricing_fixed_rules":[],"tiered_pricing_percentage_rules":[],"tiered_pricing_minimum":1,"tiered_pricing_roles_data":[],"_links":{"self":[{"href":"https:\/\/www.csj-emballages.com\/es\/wp-json\/wp\/v2\/product\/22052","targetHints":{"allow":["GET"]}}],"collection":[{"href":"https:\/\/www.csj-emballages.com\/es\/wp-json\/wp\/v2\/product"}],"about":[{"href":"https:\/\/www.csj-emballages.com\/es\/wp-json\/wp\/v2\/types\/product"}],"wp:featuredmedia":[{"embeddable":true,"href":"https:\/\/www.csj-emballages.com\/es\/wp-json\/wp\/v2\/media\/237558"}],"wp:attachment":[{"href":"https:\/\/www.csj-emballages.com\/es\/wp-json\/wp\/v2\/media?parent=22052"}],"wp:term":[{"taxonomy":"product_brand","embeddable":true,"href":"https:\/\/www.csj-emballages.com\/es\/wp-json\/wp\/v2\/product_brand?post=22052"},{"taxonomy":"product_cat","embeddable":true,"href":"https:\/\/www.csj-emballages.com\/es\/wp-json\/wp\/v2\/product_cat?post=22052"},{"taxonomy":"product_tag","embeddable":true,"href":"https:\/\/www.csj-emballages.com\/es\/wp-json\/wp\/v2\/product_tag?post=22052"}],"curies":[{"name":"wp","href":"https:\/\/api.w.org\/{rel}","templated":true}]}}