{"id":22039,"date":"2024-03-01T16:51:44","date_gmt":"2024-03-01T15:51:44","guid":{"rendered":"https:\/\/u15jnbdpoq.preview.infomaniak.website\/produit\/25-moldes-de-papel-para-hornear-1033-ml\/"},"modified":"2026-04-24T02:14:47","modified_gmt":"2026-04-24T00:14:47","slug":"25-moldes-de-papel-para-hornear-1033-ml","status":"publish","type":"product","link":"https:\/\/www.csj-emballages.com\/es\/produit\/25-moldes-de-papel-para-hornear-1033-ml\/","title":{"rendered":"Molde de papel para hornear 1033 ml \u00e0 25"},"content":{"rendered":"<h2 class=\"p1\">Molde para hornear<\/h2>\n<hr>\n<h3>Descripci\u00f3n de nuestro molde de papel para hornear 1033 ml por 25<\/h3>\n<p><!--more--><\/p>\n<p class=\"\" data-start=\"28\" data-end=\"414\">Descubra nuestro <strong data-start=\"44\" data-end=\"81\">molde de papel de 1033 ml<\/strong>, indispensable para panaderos, pasteleros, restauradores y aficionados a la cocina. Dise\u00f1ado para soportar altas temperaturas, garantiza una cocci\u00f3n uniforme de sus preparaciones dulces y saladas. Su material de <strong>papel antigrasa apto para alimentos<\/strong> es compostable y biodegradable. Gracias a su robusto dise\u00f1o, esta <strong>bandeja de papel para hornear<\/strong> mantiene perfectamente su forma, incluso con masas ligeras o l\u00edquidas. Es ideal para hornear pasteles dulces y salados y otras delicias dulces.    <\/p>\n<p class=\"\" data-start=\"713\" data-end=\"1010\">Perfecto para uso profesional o dom\u00e9stico, le ahorrar\u00e1 tiempo y esfuerzo al eliminar la necesidad de engrasar y limpiar los moldes tradicionales. Pr\u00e1ctico y econ\u00f3mico, se vende en <strong>paquetes de 25 unidades<\/strong> para satisfacer las necesidades de peque\u00f1as y grandes producciones. <\/p>\n<p>&nbsp;<\/p>\n<p><!--more--><\/p>\n<h4>Sus ventajas:<\/h4>\n<ul style=\"margin-top: 0;margin-bottom: 0\">\n<li><strong data-start=\"1203\" data-end=\"1240\">Resistente a altas temperaturas<\/strong> para una cocci\u00f3n \u00f3ptima.<\/li>\n<li><strong data-start=\"1272\" data-end=\"1288\">Antiadherente<\/strong>: f\u00e1cil de desmoldar sin a\u00f1adir grasa.<\/li>\n<li><strong data-start=\"1342\" data-end=\"1365\">Pr\u00e1ctica y reciclable<\/strong>: esta bandeja de horno es respetuosa con el medio ambiente.<\/li>\n<li><strong data-start=\"1403\" data-end=\"1417\">Vers\u00e1til<\/strong>: apto para recetas dulces y saladas.<\/li>\n<li><strong data-start=\"1463\" data-end=\"1485\">Se venden en paquetes de 25 unidades<\/strong> para satisfacer las necesidades de profesionales y particulares.<\/li>\n<\/ul>\n<p>&nbsp;<\/p>\n<p><!--more--><\/p>\n<h4>Informaci\u00f3n adicional :<\/h4>\n<ul style=\"margin-top: 0;margin-bottom: 0\">\n<li><strong>Envase<\/strong>: Paquete de 25<\/li>\n<li><strong>Dimensiones interiores <\/strong>: 200 x 73 (L x A en mm)<\/li>\n<li><strong>Dimensiones exteriores<\/strong>: 210 x 92 (L x A en mm)<\/li>\n<li><strong>Altura<\/strong>: 60 mm<\/li>\n<li><strong>Volumen<\/strong>: 1033 ml<\/li>\n<li><strong>Color<\/strong>: Marr\u00f3n<\/li>\n<li><strong>Material<\/strong>: Papel sulfurizado<\/li>\n<li><strong>Temperatura de funcionamiento<\/strong>: -40\u00b0C \/ +220\u00b0C<\/li>\n<\/ul>\n<p>&nbsp;<\/p>\n<p><!--more--><\/p>\n<p>Este producto est\u00e1 disponible en varios tama\u00f1os y formas: <span style=\"color: #d12727\"><a style=\"color: #d12727\" href=\"https:\/\/www.csj-emballages.com\/es\/produit\/50-moldes-de-papel-para-hornear-105-ml\/\">Cubo<\/a><\/span> \/ <span style=\"color: #d12727\"><a style=\"color: #d12727\" href=\"https:\/\/www.csj-emballages.com\/es\/produit\/50-moldes-de-papel-para-hornear-de-109-mm\/\">Tartaleta<\/a><\/span> \/ <span style=\"color: #d12727\"><a style=\"color: #d12727\" href=\"https:\/\/www.csj-emballages.com\/es\/produit\/25-moldes-de-papel-para-hornear-247-mm\/\">Tarta<\/a><\/span> \/ <span style=\"color: #d12727\"><a style=\"color: #d12727\" href=\"https:\/\/www.csj-emballages.com\/es\/produit\/50-moldes-de-papel-para-hornear-167-ml\/\">Mini Tarta<\/a><\/span> \/ <span style=\"color: #d12727\"><a style=\"color: #d12727\" href=\"https:\/\/www.csj-emballages.com\/es\/produit\/25-moldes-de-papel-para-hornear-550-ml\/\">Tarta 550 ml<\/a><\/span><\/p>\n<p>&nbsp;<\/p>\n<p><!--more--><\/p>\n<p><a href=\"\/?product_cat=moules-cuissons\">Ver el resto de nuestra gama de moldes de papel para hornear<\/a><\/p>\n","protected":false},"excerpt":{"rendered":"<p>Molde para hornear Descripci\u00f3n de nuestro molde de papel para hornear 1033 ml por 25<\/p>\n","protected":false},"featured_media":229518,"template":"","meta":{"_acf_changed":false},"product_brand":[],"product_cat":[1150,1145,2743],"product_tag":[],"class_list":{"0":"post-22039","1":"product","2":"type-product","3":"status-publish","4":"has-post-thumbnail","6":"product_cat-envasado-de-alimentos","7":"product_cat-panaderia-y-pasteleria","8":"product_cat-mejillones-al-horno","10":"first","11":"instock","12":"taxable","13":"shipping-taxable","14":"purchasable","15":"product-type-simple"},"acf":[],"yoast_head":"<!-- This site is optimized with the Yoast SEO Premium plugin v26.6 (Yoast SEO v26.6) - https:\/\/yoast.com\/wordpress\/plugins\/seo\/ -->\n<title>Molde de papel para hornear 1033 ml \u00e0 25<\/title>\n<meta name=\"description\" content=\"Molde de papel para hornear de 1033 ml, ideal para reposter\u00eda y platos salados. Resistente al calor, antiadherente y se vende en paquetes de 25 unidades.\" \/>\n<meta name=\"robots\" content=\"index, follow, max-snippet:-1, max-image-preview:large, max-video-preview:-1\" \/>\n<link rel=\"canonical\" href=\"https:\/\/www.csj-emballages.com\/es\/produit\/25-moldes-de-papel-para-hornear-1033-ml\/\" \/>\n<meta property=\"og:locale\" content=\"es_ES\" \/>\n<meta property=\"og:type\" content=\"article\" \/>\n<meta property=\"og:title\" content=\"Molde de papel para hornear 1033 ml \u00e0 25\" \/>\n<meta property=\"og:description\" content=\"Molde de papel para hornear de 1033 ml, ideal para reposter\u00eda y platos salados. Resistente al calor, antiadherente y se vende en paquetes de 25 unidades.\" \/>\n<meta property=\"og:url\" content=\"https:\/\/www.csj-emballages.com\/es\/produit\/25-moldes-de-papel-para-hornear-1033-ml\/\" \/>\n<meta property=\"og:site_name\" content=\"CSJ Emballages\" \/>\n<meta property=\"article:publisher\" content=\"https:\/\/www.facebook.com\/csjemballages\" \/>\n<meta property=\"article:modified_time\" content=\"2026-04-24T00:14:47+00:00\" \/>\n<meta property=\"og:image\" content=\"https:\/\/www.csj-emballages.com\/wp-content\/uploads\/2024\/03\/MO1300P-1.webp\" \/>\n\t<meta property=\"og:image:width\" content=\"800\" \/>\n\t<meta property=\"og:image:height\" content=\"800\" \/>\n\t<meta property=\"og:image:type\" content=\"image\/webp\" \/>\n<meta name=\"twitter:card\" content=\"summary_large_image\" \/>\n<meta name=\"twitter:label1\" content=\"Tiempo de lectura\" \/>\n\t<meta name=\"twitter:data1\" content=\"1 minuto\" \/>\n<script type=\"application\/ld+json\" class=\"yoast-schema-graph\">{\"@context\":\"https:\/\/schema.org\",\"@graph\":[{\"@type\":\"WebPage\",\"@id\":\"https:\/\/www.csj-emballages.com\/es\/produit\/25-moldes-de-papel-para-hornear-1033-ml\/\",\"url\":\"https:\/\/www.csj-emballages.com\/es\/produit\/25-moldes-de-papel-para-hornear-1033-ml\/\",\"name\":\"Molde de papel para hornear 1033 ml \u00e0 25\",\"isPartOf\":{\"@id\":\"https:\/\/www.csj-emballages.com\/es\/#website\"},\"primaryImageOfPage\":{\"@id\":\"https:\/\/www.csj-emballages.com\/es\/produit\/25-moldes-de-papel-para-hornear-1033-ml\/#primaryimage\"},\"image\":{\"@id\":\"https:\/\/www.csj-emballages.com\/es\/produit\/25-moldes-de-papel-para-hornear-1033-ml\/#primaryimage\"},\"thumbnailUrl\":\"https:\/\/www.csj-emballages.com\/wp-content\/uploads\/2024\/03\/MO1300P-1.webp\",\"datePublished\":\"2024-03-01T15:51:44+00:00\",\"dateModified\":\"2026-04-24T00:14:47+00:00\",\"description\":\"Molde de papel para hornear de 1033 ml, ideal para reposter\u00eda y platos salados. Resistente al calor, antiadherente y se vende en paquetes de 25 unidades.\",\"breadcrumb\":{\"@id\":\"https:\/\/www.csj-emballages.com\/es\/produit\/25-moldes-de-papel-para-hornear-1033-ml\/#breadcrumb\"},\"inLanguage\":\"es\",\"potentialAction\":[{\"@type\":\"ReadAction\",\"target\":[\"https:\/\/www.csj-emballages.com\/es\/produit\/25-moldes-de-papel-para-hornear-1033-ml\/\"]}]},{\"@type\":\"ImageObject\",\"inLanguage\":\"es\",\"@id\":\"https:\/\/www.csj-emballages.com\/es\/produit\/25-moldes-de-papel-para-hornear-1033-ml\/#primaryimage\",\"url\":\"https:\/\/www.csj-emballages.com\/wp-content\/uploads\/2024\/03\/MO1300P-1.webp\",\"contentUrl\":\"https:\/\/www.csj-emballages.com\/wp-content\/uploads\/2024\/03\/MO1300P-1.webp\",\"width\":800,\"height\":800,\"caption\":\"Moule cuisson\"},{\"@type\":\"BreadcrumbList\",\"@id\":\"https:\/\/www.csj-emballages.com\/es\/produit\/25-moldes-de-papel-para-hornear-1033-ml\/#breadcrumb\",\"itemListElement\":[{\"@type\":\"ListItem\",\"position\":1,\"name\":\"Accueil\",\"item\":\"https:\/\/www.csj-emballages.com\/es\/universo-del-envasado-alimentario\/\"},{\"@type\":\"ListItem\",\"position\":2,\"name\":\"Tienda\",\"item\":\"https:\/\/www.csj-emballages.com\/tienda\/\"},{\"@type\":\"ListItem\",\"position\":3,\"name\":\"Molde de papel para hornear 1033 ml \u00e0 25\"}]},{\"@type\":\"WebSite\",\"@id\":\"https:\/\/www.csj-emballages.com\/es\/#website\",\"url\":\"https:\/\/www.csj-emballages.com\/es\/\",\"name\":\"CSJ Emballages\",\"description\":\"\",\"publisher\":{\"@id\":\"https:\/\/www.csj-emballages.com\/es\/#organization\"},\"potentialAction\":[{\"@type\":\"SearchAction\",\"target\":{\"@type\":\"EntryPoint\",\"urlTemplate\":\"https:\/\/www.csj-emballages.com\/es\/?s={search_term_string}\"},\"query-input\":{\"@type\":\"PropertyValueSpecification\",\"valueRequired\":true,\"valueName\":\"search_term_string\"}}],\"inLanguage\":\"es\"},{\"@type\":\"Organization\",\"@id\":\"https:\/\/www.csj-emballages.com\/es\/#Organization\/\",\"name\":\"CSJ Emballages\",\"url\":\"https:\/\/www.csj-emballages.com\/es\/\",\"logo\":{\"@type\":\"ImageObject\",\"inLanguage\":\"es\",\"@id\":\"https:\/\/www.csj-emballages.com\/es\/#\/schema\/logo\/image\/\",\"url\":\"https:\/\/www.csj-emballages.com\/wp-content\/uploads\/2023\/10\/logo_csj.webp\",\"contentUrl\":\"https:\/\/www.csj-emballages.com\/wp-content\/uploads\/2023\/10\/logo_csj.webp\",\"width\":250,\"height\":95,\"caption\":\"CSJ Emballages\"},\"image\":{\"@id\":\"https:\/\/www.csj-emballages.com\/es\/#\/schema\/logo\/image\/\"},\"sameAs\":[\"https:\/\/www.facebook.com\/csjemballages\"],\"address\":{\"@type\":\"PostalAddress\",\"streetAddress\":\"ZI La Lechere\",\"addressLocality\":\"Patornay\",\"postalCode\":\"39130\",\"addressCountry\":\"FR\"},\"contactPoint\":[{\"@type\":\"ContactPoint\",\"contactType\":\"Service client\",\"telephone\":\"0384254272\",\"email\":\"contact@csj-emballages.com\"}]}]}<\/script>\n<!-- \/ Yoast SEO Premium plugin. -->","yoast_head_json":{"title":"Molde de papel para hornear 1033 ml \u00e0 25","description":"Molde de papel para hornear de 1033 ml, ideal para reposter\u00eda y platos salados. Resistente al calor, antiadherente y se vende en paquetes de 25 unidades.","robots":{"index":"index","follow":"follow","max-snippet":"max-snippet:-1","max-image-preview":"max-image-preview:large","max-video-preview":"max-video-preview:-1"},"canonical":"https:\/\/www.csj-emballages.com\/es\/produit\/25-moldes-de-papel-para-hornear-1033-ml\/","og_locale":"es_ES","og_type":"article","og_title":"Molde de papel para hornear 1033 ml \u00e0 25","og_description":"Molde de papel para hornear de 1033 ml, ideal para reposter\u00eda y platos salados. Resistente al calor, antiadherente y se vende en paquetes de 25 unidades.","og_url":"https:\/\/www.csj-emballages.com\/es\/produit\/25-moldes-de-papel-para-hornear-1033-ml\/","og_site_name":"CSJ Emballages","article_publisher":"https:\/\/www.facebook.com\/csjemballages","article_modified_time":"2026-04-24T00:14:47+00:00","og_image":[{"width":800,"height":800,"url":"https:\/\/www.csj-emballages.com\/wp-content\/uploads\/2024\/03\/MO1300P-1.webp","type":"image\/webp"}],"twitter_card":"summary_large_image","twitter_misc":{"Tiempo de lectura":"1 minuto"},"schema":{"@context":"https:\/\/schema.org","@graph":[{"@type":"WebPage","@id":"https:\/\/www.csj-emballages.com\/es\/produit\/25-moldes-de-papel-para-hornear-1033-ml\/","url":"https:\/\/www.csj-emballages.com\/es\/produit\/25-moldes-de-papel-para-hornear-1033-ml\/","name":"Molde de papel para hornear 1033 ml \u00e0 25","isPartOf":{"@id":"https:\/\/www.csj-emballages.com\/es\/#website"},"primaryImageOfPage":{"@id":"https:\/\/www.csj-emballages.com\/es\/produit\/25-moldes-de-papel-para-hornear-1033-ml\/#primaryimage"},"image":{"@id":"https:\/\/www.csj-emballages.com\/es\/produit\/25-moldes-de-papel-para-hornear-1033-ml\/#primaryimage"},"thumbnailUrl":"https:\/\/www.csj-emballages.com\/wp-content\/uploads\/2024\/03\/MO1300P-1.webp","datePublished":"2024-03-01T15:51:44+00:00","dateModified":"2026-04-24T00:14:47+00:00","description":"Molde de papel para hornear de 1033 ml, ideal para reposter\u00eda y platos salados. Resistente al calor, antiadherente y se vende en paquetes de 25 unidades.","breadcrumb":{"@id":"https:\/\/www.csj-emballages.com\/es\/produit\/25-moldes-de-papel-para-hornear-1033-ml\/#breadcrumb"},"inLanguage":"es","potentialAction":[{"@type":"ReadAction","target":["https:\/\/www.csj-emballages.com\/es\/produit\/25-moldes-de-papel-para-hornear-1033-ml\/"]}]},{"@type":"ImageObject","inLanguage":"es","@id":"https:\/\/www.csj-emballages.com\/es\/produit\/25-moldes-de-papel-para-hornear-1033-ml\/#primaryimage","url":"https:\/\/www.csj-emballages.com\/wp-content\/uploads\/2024\/03\/MO1300P-1.webp","contentUrl":"https:\/\/www.csj-emballages.com\/wp-content\/uploads\/2024\/03\/MO1300P-1.webp","width":800,"height":800,"caption":"Moule cuisson"},{"@type":"BreadcrumbList","@id":"https:\/\/www.csj-emballages.com\/es\/produit\/25-moldes-de-papel-para-hornear-1033-ml\/#breadcrumb","itemListElement":[{"@type":"ListItem","position":1,"name":"Accueil","item":"https:\/\/www.csj-emballages.com\/es\/universo-del-envasado-alimentario\/"},{"@type":"ListItem","position":2,"name":"Tienda","item":"https:\/\/www.csj-emballages.com\/tienda\/"},{"@type":"ListItem","position":3,"name":"Molde de papel para hornear 1033 ml \u00e0 25"}]},{"@type":"WebSite","@id":"https:\/\/www.csj-emballages.com\/es\/#website","url":"https:\/\/www.csj-emballages.com\/es\/","name":"CSJ Emballages","description":"","publisher":{"@id":"https:\/\/www.csj-emballages.com\/es\/#organization"},"potentialAction":[{"@type":"SearchAction","target":{"@type":"EntryPoint","urlTemplate":"https:\/\/www.csj-emballages.com\/es\/?s={search_term_string}"},"query-input":{"@type":"PropertyValueSpecification","valueRequired":true,"valueName":"search_term_string"}}],"inLanguage":"es"},{"@type":"Organization","@id":"https:\/\/www.csj-emballages.com\/es\/#Organization\/","name":"CSJ Emballages","url":"https:\/\/www.csj-emballages.com\/es\/","logo":{"@type":"ImageObject","inLanguage":"es","@id":"https:\/\/www.csj-emballages.com\/es\/#\/schema\/logo\/image\/","url":"https:\/\/www.csj-emballages.com\/wp-content\/uploads\/2023\/10\/logo_csj.webp","contentUrl":"https:\/\/www.csj-emballages.com\/wp-content\/uploads\/2023\/10\/logo_csj.webp","width":250,"height":95,"caption":"CSJ Emballages"},"image":{"@id":"https:\/\/www.csj-emballages.com\/es\/#\/schema\/logo\/image\/"},"sameAs":["https:\/\/www.facebook.com\/csjemballages"],"address":{"@type":"PostalAddress","streetAddress":"ZI La Lechere","addressLocality":"Patornay","postalCode":"39130","addressCountry":"FR"},"contactPoint":[{"@type":"ContactPoint","contactType":"Service client","telephone":"0384254272","email":"contact@csj-emballages.com"}]}]}},"df_price":15.56,"df_sale_price":"","df_regular_price":15.56,"df_image_link":"https:\/\/www.csj-emballages.com\/wp-content\/uploads\/2024\/03\/MO1300P-1-300x300.webp","tiered_pricing_type":"fixed","tiered_pricing_fixed_rules":[],"tiered_pricing_percentage_rules":[],"tiered_pricing_minimum":1,"tiered_pricing_roles_data":[],"_links":{"self":[{"href":"https:\/\/www.csj-emballages.com\/es\/wp-json\/wp\/v2\/product\/22039","targetHints":{"allow":["GET"]}}],"collection":[{"href":"https:\/\/www.csj-emballages.com\/es\/wp-json\/wp\/v2\/product"}],"about":[{"href":"https:\/\/www.csj-emballages.com\/es\/wp-json\/wp\/v2\/types\/product"}],"wp:featuredmedia":[{"embeddable":true,"href":"https:\/\/www.csj-emballages.com\/es\/wp-json\/wp\/v2\/media\/229518"}],"wp:attachment":[{"href":"https:\/\/www.csj-emballages.com\/es\/wp-json\/wp\/v2\/media?parent=22039"}],"wp:term":[{"taxonomy":"product_brand","embeddable":true,"href":"https:\/\/www.csj-emballages.com\/es\/wp-json\/wp\/v2\/product_brand?post=22039"},{"taxonomy":"product_cat","embeddable":true,"href":"https:\/\/www.csj-emballages.com\/es\/wp-json\/wp\/v2\/product_cat?post=22039"},{"taxonomy":"product_tag","embeddable":true,"href":"https:\/\/www.csj-emballages.com\/es\/wp-json\/wp\/v2\/product_tag?post=22039"}],"curies":[{"name":"wp","href":"https:\/\/api.w.org\/{rel}","templated":true}]}}