{"id":22034,"date":"2024-03-01T16:51:48","date_gmt":"2024-03-01T15:51:48","guid":{"rendered":"https:\/\/u15jnbdpoq.preview.infomaniak.website\/produit\/1-mascara-blanca-tipo-modelo-kn95\/"},"modified":"2026-03-25T02:14:38","modified_gmt":"2026-03-25T01:14:38","slug":"1-mascara-blanca-tipo-modelo-kn95","status":"publish","type":"product","link":"https:\/\/www.csj-emballages.com\/es\/produit\/1-mascara-blanca-tipo-modelo-kn95\/","title":{"rendered":"Mascarilla FFP2 filtrante blanca con forma de concha sin v\u00e1lvula NR D &#8211; Talla \u00fanica"},"content":{"rendered":"<h2 class=\"p1\">Mascarilla quir\u00fargica<\/h2>\n<hr>\n<h3>Descubra nuestra mascarilla quir\u00fargica azul de 3 capas de alta filtraci\u00f3n con gomas el\u00e1sticas, pack de 50<\/h3>\n<p><!--more--><\/p>\n<p data-start=\"235\" data-end=\"546\">Esta <strong data-start=\"238\" data-end=\"270\">mascarilla FFP2 filtrante con forma de concha<\/strong> est\u00e1 dise\u00f1ada para ofrecer un <strong>alto nivel de protecci\u00f3n<\/strong> sin renunciar a la comodidad. Su estructura r\u00edgida con forma de concha permite que la mascarilla se mantenga en su sitio, sin aplastar el rostro. Resultado: la respiraci\u00f3n es m\u00e1s agradable, incluso si se lleva puesta durante mucho tiempo.  <\/p>\n<p data-start=\"548\" data-end=\"911\">Gracias a su <strong data-start=\"559\" data-end=\"585\">filtraci\u00f3n eficaz<\/strong>, esta mascarilla limita eficazmente la inhalaci\u00f3n de part\u00edculas finas. La ausencia de v\u00e1lvula garantiza una protecci\u00f3n bidireccional, lo que la hace perfecta para entornos en los que la seguridad colectiva es esencial. Su color blanco, sobrio y discreto, se integra f\u00e1cilmente en cualquier contexto profesional.  <\/p>\n<p data-start=\"913\" data-end=\"1265\">La <strong data-start=\"916\" data-end=\"933\">talla \u00fanica<\/strong> se adapta a la <strong>mayor\u00eda de los rostros<\/strong> gracias a una sujeci\u00f3n fiable y una buena ergonom\u00eda. La mascarilla se sujeta correctamente sin ejercer una presi\u00f3n excesiva, lo que mejora la comodidad con el paso de las horas. Adem\u00e1s, su dise\u00f1o <strong data-start=\"1154\" data-end=\"1162\">NR D<\/strong> indica que est\u00e1 destinada a un solo uso y que resiste la obstrucci\u00f3n, incluso en entornos polvorientos.  <\/p>\n<p data-start=\"1267\" data-end=\"1548\">Este modelo es adecuado tanto para profesionales como para particulares que necesiten una protecci\u00f3n reforzada: <strong>sectores m\u00e9dicos, industriales, obras, colectividades o entornos concurridos<\/strong>. Se coloca f\u00e1cilmente y permanece estable durante todo el tiempo de uso. <\/p>\n<p data-start=\"1550\" data-end=\"1752\">En resumen, esta <strong>mascarilla FFP2 con forma de concha sin v\u00e1lvula<\/strong> combina alta protecci\u00f3n, comodidad y sencillez. Es una soluci\u00f3n fiable para protegerse eficazmente, sin renunciar a la comodidad ni a la transpirabilidad. <\/p>\n<p data-start=\"1550\" data-end=\"1752\">\n<p data-start=\"1568\" data-end=\"1745\"><!--more--><\/p>\n<h4 data-start=\"1568\" data-end=\"1745\">Ventajas :<\/h4>\n<ul>\n<li data-start=\"1780\" data-end=\"1813\"><strong>Mascarilla FFP2<\/strong> de alta filtraci\u00f3n.<\/li>\n<li data-start=\"1816\" data-end=\"1856\">Forma de concha para una mejor sujeci\u00f3n.<\/li>\n<li data-start=\"1859\" data-end=\"1901\"><strong>Sin v\u00e1lvula<\/strong> para una protecci\u00f3n completa.<\/li>\n<li data-start=\"1904\" data-end=\"1936\">Resistente a la obstrucci\u00f3n (<strong>NR D<\/strong>).<\/li>\n<li data-start=\"1939\" data-end=\"1973\">Talla \u00fanica, f\u00e1cil de ajustar.<\/li>\n<li data-start=\"1976\" data-end=\"2014\">C\u00f3moda incluso durante un uso prolongado.<\/li>\n<\/ul>\n<p>&nbsp;<\/p>\n<p><!--more--><\/p>\n<h4>Informaci\u00f3n adicional :<\/h4>\n<ul>\n<li><strong>Embalaje<\/strong>: Por unidad<\/li>\n<li><strong>Dimensiones<\/strong>: 139 x 127 x 54 mm<\/li>\n<li><strong>Material<\/strong>: Polipropileno<\/li>\n<\/ul>\n<p>&nbsp;<\/p>\n<p><!--more--><\/p>\n<p>Encuentre aqu\u00ed nuestra mascarilla quir\u00fargica azul: <span style=\"color: #d12727;\"><a style=\"color: #d12727;\" href=\"https:\/\/www.csj-emballages.com\/produit\/50-masques-chirurgical-bleu-3-plis-de-chirurgie-haute-filtration-a-elastiques\/?_gl=1*otih6i*_up*MQ..*_ga*MTc1MDkwOTk4Ny4xNzY5Njk1NTI5*_ga_YNVJLRSSZT*czE3Njk2OTU1MjgkbzEkZzAkdDE3Njk2OTU4NzEkajUzJGwwJGg3NjE0ODY1Njg.\">MASQ2<\/a><\/span><\/p>\n<p>&nbsp;<\/p>\n<p><!--more--><\/p>\n<p><a href=\"https:\/\/www.csj-emballages.com\/categorie-produit\/hygiene-et-entretiens\/equipements-individuels\/masques\/?_gl=1*v3bgse*_up*MQ..*_ga*MTk4MDE3NTE0Ny4xNzY5NjkzMzEz*_ga_YNVJLRSSZT*czE3Njk2OTMzMTIkbzEkZzAkdDE3Njk2OTMzNjYkajYkbDAkaDE3Nzc1ODQ4ODQ.\">Consulte el resto de nuestra gama de mascarillas<\/a><\/p>\n<p>&nbsp;<\/p>\n","protected":false},"excerpt":{"rendered":"<p>Mascarilla quir\u00fargica Descubra nuestra mascarilla quir\u00fargica azul de 3 capas de alta filtraci\u00f3n con gomas el\u00e1sticas, pack de 50<\/p>\n","protected":false},"featured_media":262795,"template":"","meta":{"_acf_changed":false},"product_brand":[],"product_cat":[1150,1226,2325,2869,10272],"product_tag":[],"class_list":{"0":"post-22034","1":"product","2":"type-product","3":"status-publish","4":"has-post-thumbnail","6":"product_cat-envasado-de-alimentos","7":"product_cat-higiene-y-mantenimiento","8":"product_cat-equipamiento-individual","9":"product_cat-mascaras-es","10":"product_cat-liquidacion","12":"first","13":"instock","14":"sale","15":"taxable","16":"shipping-taxable","17":"purchasable","18":"product-type-simple"},"acf":[],"yoast_head":"<!-- This site is optimized with the Yoast SEO Premium plugin v26.6 (Yoast SEO v26.6) - https:\/\/yoast.com\/wordpress\/plugins\/seo\/ -->\n<title>Mascarilla FFP2 filtrante blanca con forma de concha sin v\u00e1lvula - Talla \u00fanica<\/title>\n<meta name=\"description\" content=\"Mascarilla FFP2 blanca con forma de concha sin v\u00e1lvula NR D. Alta filtraci\u00f3n, talla \u00fanica y sujeci\u00f3n c\u00f3moda para una protecci\u00f3n reforzada a diario.\" \/>\n<meta name=\"robots\" content=\"index, follow, max-snippet:-1, max-image-preview:large, max-video-preview:-1\" \/>\n<link rel=\"canonical\" href=\"https:\/\/www.csj-emballages.com\/es\/produit\/1-mascara-blanca-tipo-modelo-kn95\/\" \/>\n<meta property=\"og:locale\" content=\"es_ES\" \/>\n<meta property=\"og:type\" content=\"article\" \/>\n<meta property=\"og:title\" content=\"Mascarilla FFP2 filtrante blanca con forma de concha sin v\u00e1lvula NR D - Talla \u00fanica\" \/>\n<meta property=\"og:description\" content=\"Mascarilla FFP2 blanca con forma de concha sin v\u00e1lvula NR D. Alta filtraci\u00f3n, talla \u00fanica y sujeci\u00f3n c\u00f3moda para una protecci\u00f3n reforzada a diario.\" \/>\n<meta property=\"og:url\" content=\"https:\/\/www.csj-emballages.com\/es\/produit\/1-mascara-blanca-tipo-modelo-kn95\/\" \/>\n<meta property=\"og:site_name\" content=\"CSJ Emballages\" \/>\n<meta property=\"article:publisher\" content=\"https:\/\/www.facebook.com\/csjemballages\" \/>\n<meta property=\"article:modified_time\" content=\"2026-03-25T01:14:38+00:00\" \/>\n<meta property=\"og:image\" content=\"https:\/\/www.csj-emballages.com\/wp-content\/uploads\/2024\/03\/masque-FFP2.webp\" \/>\n\t<meta property=\"og:image:width\" content=\"800\" \/>\n\t<meta property=\"og:image:height\" content=\"800\" \/>\n\t<meta property=\"og:image:type\" content=\"image\/webp\" \/>\n<meta name=\"twitter:card\" content=\"summary_large_image\" \/>\n<script type=\"application\/ld+json\" class=\"yoast-schema-graph\">{\"@context\":\"https:\/\/schema.org\",\"@graph\":[{\"@type\":\"WebPage\",\"@id\":\"https:\/\/www.csj-emballages.com\/es\/produit\/1-mascara-blanca-tipo-modelo-kn95\/\",\"url\":\"https:\/\/www.csj-emballages.com\/es\/produit\/1-mascara-blanca-tipo-modelo-kn95\/\",\"name\":\"Mascarilla FFP2 filtrante blanca con forma de concha sin v\u00e1lvula - Talla \u00fanica\",\"isPartOf\":{\"@id\":\"https:\/\/www.csj-emballages.com\/es\/#website\"},\"primaryImageOfPage\":{\"@id\":\"https:\/\/www.csj-emballages.com\/es\/produit\/1-mascara-blanca-tipo-modelo-kn95\/#primaryimage\"},\"image\":{\"@id\":\"https:\/\/www.csj-emballages.com\/es\/produit\/1-mascara-blanca-tipo-modelo-kn95\/#primaryimage\"},\"thumbnailUrl\":\"https:\/\/www.csj-emballages.com\/wp-content\/uploads\/2024\/03\/masque-FFP2.webp\",\"datePublished\":\"2024-03-01T15:51:48+00:00\",\"dateModified\":\"2026-03-25T01:14:38+00:00\",\"description\":\"Mascarilla FFP2 blanca con forma de concha sin v\u00e1lvula NR D. Alta filtraci\u00f3n, talla \u00fanica y sujeci\u00f3n c\u00f3moda para una protecci\u00f3n reforzada a diario.\",\"breadcrumb\":{\"@id\":\"https:\/\/www.csj-emballages.com\/es\/produit\/1-mascara-blanca-tipo-modelo-kn95\/#breadcrumb\"},\"inLanguage\":\"es\",\"potentialAction\":[{\"@type\":\"ReadAction\",\"target\":[\"https:\/\/www.csj-emballages.com\/es\/produit\/1-mascara-blanca-tipo-modelo-kn95\/\"]}]},{\"@type\":\"ImageObject\",\"inLanguage\":\"es\",\"@id\":\"https:\/\/www.csj-emballages.com\/es\/produit\/1-mascara-blanca-tipo-modelo-kn95\/#primaryimage\",\"url\":\"https:\/\/www.csj-emballages.com\/wp-content\/uploads\/2024\/03\/masque-FFP2.webp\",\"contentUrl\":\"https:\/\/www.csj-emballages.com\/wp-content\/uploads\/2024\/03\/masque-FFP2.webp\",\"width\":800,\"height\":800,\"caption\":\"Masque FFP2\"},{\"@type\":\"BreadcrumbList\",\"@id\":\"https:\/\/www.csj-emballages.com\/es\/produit\/1-mascara-blanca-tipo-modelo-kn95\/#breadcrumb\",\"itemListElement\":[{\"@type\":\"ListItem\",\"position\":1,\"name\":\"Accueil\",\"item\":\"https:\/\/www.csj-emballages.com\/es\/universo-del-envasado-alimentario\/\"},{\"@type\":\"ListItem\",\"position\":2,\"name\":\"Tienda\",\"item\":\"https:\/\/www.csj-emballages.com\/tienda\/\"},{\"@type\":\"ListItem\",\"position\":3,\"name\":\"Mascarilla FFP2 filtrante blanca con forma de concha sin v\u00e1lvula NR D &#8211; Talla \u00fanica\"}]},{\"@type\":\"WebSite\",\"@id\":\"https:\/\/www.csj-emballages.com\/es\/#website\",\"url\":\"https:\/\/www.csj-emballages.com\/es\/\",\"name\":\"CSJ Emballages\",\"description\":\"\",\"publisher\":{\"@id\":\"https:\/\/www.csj-emballages.com\/es\/#organization\"},\"potentialAction\":[{\"@type\":\"SearchAction\",\"target\":{\"@type\":\"EntryPoint\",\"urlTemplate\":\"https:\/\/www.csj-emballages.com\/es\/?s={search_term_string}\"},\"query-input\":{\"@type\":\"PropertyValueSpecification\",\"valueRequired\":true,\"valueName\":\"search_term_string\"}}],\"inLanguage\":\"es\"},{\"@type\":\"Organization\",\"@id\":\"https:\/\/www.csj-emballages.com\/es\/#Organization\/\",\"name\":\"CSJ Emballages\",\"url\":\"https:\/\/www.csj-emballages.com\/es\/\",\"logo\":{\"@type\":\"ImageObject\",\"inLanguage\":\"es\",\"@id\":\"https:\/\/www.csj-emballages.com\/es\/#\/schema\/logo\/image\/\",\"url\":\"https:\/\/www.csj-emballages.com\/wp-content\/uploads\/2023\/10\/logo_csj.webp\",\"contentUrl\":\"https:\/\/www.csj-emballages.com\/wp-content\/uploads\/2023\/10\/logo_csj.webp\",\"width\":250,\"height\":95,\"caption\":\"CSJ Emballages\"},\"image\":{\"@id\":\"https:\/\/www.csj-emballages.com\/es\/#\/schema\/logo\/image\/\"},\"sameAs\":[\"https:\/\/www.facebook.com\/csjemballages\"],\"address\":{\"@type\":\"PostalAddress\",\"streetAddress\":\"ZI La Lechere\",\"addressLocality\":\"Patornay\",\"postalCode\":\"39130\",\"addressCountry\":\"FR\"},\"contactPoint\":[{\"@type\":\"ContactPoint\",\"contactType\":\"Service client\",\"telephone\":\"0384254272\",\"email\":\"contact@csj-emballages.com\"}]}]}<\/script>\n<!-- \/ Yoast SEO Premium plugin. -->","yoast_head_json":{"title":"Mascarilla FFP2 filtrante blanca con forma de concha sin v\u00e1lvula - Talla \u00fanica","description":"Mascarilla FFP2 blanca con forma de concha sin v\u00e1lvula NR D. Alta filtraci\u00f3n, talla \u00fanica y sujeci\u00f3n c\u00f3moda para una protecci\u00f3n reforzada a diario.","robots":{"index":"index","follow":"follow","max-snippet":"max-snippet:-1","max-image-preview":"max-image-preview:large","max-video-preview":"max-video-preview:-1"},"canonical":"https:\/\/www.csj-emballages.com\/es\/produit\/1-mascara-blanca-tipo-modelo-kn95\/","og_locale":"es_ES","og_type":"article","og_title":"Mascarilla FFP2 filtrante blanca con forma de concha sin v\u00e1lvula NR D - Talla \u00fanica","og_description":"Mascarilla FFP2 blanca con forma de concha sin v\u00e1lvula NR D. Alta filtraci\u00f3n, talla \u00fanica y sujeci\u00f3n c\u00f3moda para una protecci\u00f3n reforzada a diario.","og_url":"https:\/\/www.csj-emballages.com\/es\/produit\/1-mascara-blanca-tipo-modelo-kn95\/","og_site_name":"CSJ Emballages","article_publisher":"https:\/\/www.facebook.com\/csjemballages","article_modified_time":"2026-03-25T01:14:38+00:00","og_image":[{"width":800,"height":800,"url":"https:\/\/www.csj-emballages.com\/wp-content\/uploads\/2024\/03\/masque-FFP2.webp","type":"image\/webp"}],"twitter_card":"summary_large_image","schema":{"@context":"https:\/\/schema.org","@graph":[{"@type":"WebPage","@id":"https:\/\/www.csj-emballages.com\/es\/produit\/1-mascara-blanca-tipo-modelo-kn95\/","url":"https:\/\/www.csj-emballages.com\/es\/produit\/1-mascara-blanca-tipo-modelo-kn95\/","name":"Mascarilla FFP2 filtrante blanca con forma de concha sin v\u00e1lvula - Talla \u00fanica","isPartOf":{"@id":"https:\/\/www.csj-emballages.com\/es\/#website"},"primaryImageOfPage":{"@id":"https:\/\/www.csj-emballages.com\/es\/produit\/1-mascara-blanca-tipo-modelo-kn95\/#primaryimage"},"image":{"@id":"https:\/\/www.csj-emballages.com\/es\/produit\/1-mascara-blanca-tipo-modelo-kn95\/#primaryimage"},"thumbnailUrl":"https:\/\/www.csj-emballages.com\/wp-content\/uploads\/2024\/03\/masque-FFP2.webp","datePublished":"2024-03-01T15:51:48+00:00","dateModified":"2026-03-25T01:14:38+00:00","description":"Mascarilla FFP2 blanca con forma de concha sin v\u00e1lvula NR D. Alta filtraci\u00f3n, talla \u00fanica y sujeci\u00f3n c\u00f3moda para una protecci\u00f3n reforzada a diario.","breadcrumb":{"@id":"https:\/\/www.csj-emballages.com\/es\/produit\/1-mascara-blanca-tipo-modelo-kn95\/#breadcrumb"},"inLanguage":"es","potentialAction":[{"@type":"ReadAction","target":["https:\/\/www.csj-emballages.com\/es\/produit\/1-mascara-blanca-tipo-modelo-kn95\/"]}]},{"@type":"ImageObject","inLanguage":"es","@id":"https:\/\/www.csj-emballages.com\/es\/produit\/1-mascara-blanca-tipo-modelo-kn95\/#primaryimage","url":"https:\/\/www.csj-emballages.com\/wp-content\/uploads\/2024\/03\/masque-FFP2.webp","contentUrl":"https:\/\/www.csj-emballages.com\/wp-content\/uploads\/2024\/03\/masque-FFP2.webp","width":800,"height":800,"caption":"Masque FFP2"},{"@type":"BreadcrumbList","@id":"https:\/\/www.csj-emballages.com\/es\/produit\/1-mascara-blanca-tipo-modelo-kn95\/#breadcrumb","itemListElement":[{"@type":"ListItem","position":1,"name":"Accueil","item":"https:\/\/www.csj-emballages.com\/es\/universo-del-envasado-alimentario\/"},{"@type":"ListItem","position":2,"name":"Tienda","item":"https:\/\/www.csj-emballages.com\/tienda\/"},{"@type":"ListItem","position":3,"name":"Mascarilla FFP2 filtrante blanca con forma de concha sin v\u00e1lvula NR D &#8211; Talla \u00fanica"}]},{"@type":"WebSite","@id":"https:\/\/www.csj-emballages.com\/es\/#website","url":"https:\/\/www.csj-emballages.com\/es\/","name":"CSJ Emballages","description":"","publisher":{"@id":"https:\/\/www.csj-emballages.com\/es\/#organization"},"potentialAction":[{"@type":"SearchAction","target":{"@type":"EntryPoint","urlTemplate":"https:\/\/www.csj-emballages.com\/es\/?s={search_term_string}"},"query-input":{"@type":"PropertyValueSpecification","valueRequired":true,"valueName":"search_term_string"}}],"inLanguage":"es"},{"@type":"Organization","@id":"https:\/\/www.csj-emballages.com\/es\/#Organization\/","name":"CSJ Emballages","url":"https:\/\/www.csj-emballages.com\/es\/","logo":{"@type":"ImageObject","inLanguage":"es","@id":"https:\/\/www.csj-emballages.com\/es\/#\/schema\/logo\/image\/","url":"https:\/\/www.csj-emballages.com\/wp-content\/uploads\/2023\/10\/logo_csj.webp","contentUrl":"https:\/\/www.csj-emballages.com\/wp-content\/uploads\/2023\/10\/logo_csj.webp","width":250,"height":95,"caption":"CSJ Emballages"},"image":{"@id":"https:\/\/www.csj-emballages.com\/es\/#\/schema\/logo\/image\/"},"sameAs":["https:\/\/www.facebook.com\/csjemballages"],"address":{"@type":"PostalAddress","streetAddress":"ZI La Lechere","addressLocality":"Patornay","postalCode":"39130","addressCountry":"FR"},"contactPoint":[{"@type":"ContactPoint","contactType":"Service client","telephone":"0384254272","email":"contact@csj-emballages.com"}]}]}},"df_price":0.93,"df_sale_price":0.93,"df_regular_price":1.16,"df_image_link":"https:\/\/www.csj-emballages.com\/wp-content\/uploads\/2024\/03\/masque-FFP2-300x300.webp","tiered_pricing_type":"fixed","tiered_pricing_fixed_rules":[],"tiered_pricing_percentage_rules":[],"tiered_pricing_minimum":1,"tiered_pricing_roles_data":[],"_links":{"self":[{"href":"https:\/\/www.csj-emballages.com\/es\/wp-json\/wp\/v2\/product\/22034","targetHints":{"allow":["GET"]}}],"collection":[{"href":"https:\/\/www.csj-emballages.com\/es\/wp-json\/wp\/v2\/product"}],"about":[{"href":"https:\/\/www.csj-emballages.com\/es\/wp-json\/wp\/v2\/types\/product"}],"wp:featuredmedia":[{"embeddable":true,"href":"https:\/\/www.csj-emballages.com\/es\/wp-json\/wp\/v2\/media\/262795"}],"wp:attachment":[{"href":"https:\/\/www.csj-emballages.com\/es\/wp-json\/wp\/v2\/media?parent=22034"}],"wp:term":[{"taxonomy":"product_brand","embeddable":true,"href":"https:\/\/www.csj-emballages.com\/es\/wp-json\/wp\/v2\/product_brand?post=22034"},{"taxonomy":"product_cat","embeddable":true,"href":"https:\/\/www.csj-emballages.com\/es\/wp-json\/wp\/v2\/product_cat?post=22034"},{"taxonomy":"product_tag","embeddable":true,"href":"https:\/\/www.csj-emballages.com\/es\/wp-json\/wp\/v2\/product_tag?post=22034"}],"curies":[{"name":"wp","href":"https:\/\/api.w.org\/{rel}","templated":true}]}}