{"id":22033,"date":"2024-03-01T16:51:46","date_gmt":"2024-03-01T15:51:46","guid":{"rendered":"https:\/\/u15jnbdpoq.preview.infomaniak.website\/produit\/200-moldes-para-magdalenas-de-15-x-15-cm-marrones-y-antigrasa\/"},"modified":"2026-04-28T02:16:29","modified_gmt":"2026-04-28T00:16:29","slug":"200-moldes-para-magdalenas-de-15-x-15-cm-marrones-y-antigrasa","status":"publish","type":"product","link":"https:\/\/www.csj-emballages.com\/es\/produit\/200-moldes-para-magdalenas-de-15-x-15-cm-marrones-y-antigrasa\/","title":{"rendered":"Molde marr\u00f3n para magdalenas papel sulfurizado 15 x 15 cm x 200"},"content":{"rendered":"<h2>Estuche para magdalenas<\/h2>\n<hr>\n<h3>Descripci\u00f3n de nuestro molde marr\u00f3n para magdalenas, papel sulfurizado 15 x 15 cm, paquete de 200<\/h3>\n<p><!--more--><\/p>\n<p data-start=\"0\" data-end=\"496\">A\u00f1ada un toque de<strong data-start=\"70\" data-end=\"82\">elegancia<\/strong> a sus creaciones con el <strong data-start=\"107\" data-end=\"179\">molde para magdalenas de papel sulfurizado marr\u00f3n de 15 x 15 cm por 200<\/strong>. Ideales para realzar sus <strong data-start=\"207\" data-end=\"219\">magdalenas<\/strong>, <strong data-start=\"221\" data-end=\"232\">muffins<\/strong> u otros dulces, estas <strong>bandejas<\/strong> destacan por su dise\u00f1o refinado y su calidad profesional. Gracias a su papel <strong data-start=\"360\" data-end=\"381\">sulfurizado de 50 g\/m\u00b2<\/strong>, garantizan una cocci\u00f3n homog\u00e9nea y una presentaci\u00f3n impecable, incluso para las recetas m\u00e1s gourmet.  <\/p>\n<p data-start=\"498\" data-end=\"981\">Dise\u00f1ados para soportar temperaturas de <strong data-start=\"523\" data-end=\"542\">-40\u00b0C a 220\u00b0C<\/strong>, pueden utilizarse en el <strong data-start=\"572\" data-end=\"587\">congelador<\/strong> o en el <strong data-start=\"591\" data-end=\"599\">horno<\/strong>, lo que le ofrece una <strong data-start=\"624\" data-end=\"639\">versatilidad<\/strong> inigualable. Su <g id=\"gid_4\">papel antigrasa<\/g> garantiza un f\u00e1cil desmoldado y, sobre todo, una superficie libre de manchas de aceite o mantequilla, para que sus platos luzcan lo mejor posible. Su <strong data-start=\"826\" data-end=\"842\">forma de tulip\u00e1n<\/strong> les confiere un aspecto festivo y profesional, perfecto para un buf\u00e9, un expositor de pasteler\u00eda o un evento especial.  <\/p>\n<p data-start=\"983\" data-end=\"1437\">Cada <strong>bandeja<\/strong> abierta mide <strong data-start=\"1017\" data-end=\"1035\">17,5 x 17,5 cm<\/strong>, con un di\u00e1metro en la base de <strong data-start=\"1059\" data-end=\"1067\">5 cm<\/strong> y una altura que oscila<strong data-start=\"1108\" data-end=\"1127\"> entre<\/strong> 5<strong data-start=\"1108\" data-end=\"1127\">,5 cm y 8 cm<\/strong>. Este generoso tama\u00f1o es ideal para porciones individuales, al tiempo que deja mucho espacio para preparaciones gourmet aireadas. Adem\u00e1s, su color <strong>marr\u00f3n<\/strong> atraer\u00e1 todas las miradas y har\u00e1 que sus creaciones dulces o saladas destaquen entre la multitud.  <\/p>\n<p data-start=\"1439\" data-end=\"1742\">Envasadas en paquetes de <strong data-start=\"1457\" data-end=\"1471\">200<\/strong> unidades, son perfectas para <strong data-start=\"1503\" data-end=\"1517\">pasteleros<\/strong>, <strong data-start=\"1519\" data-end=\"1532\">servicios de catering<\/strong> y aficionados a la cocina. En definitiva, con estas <strong>cajas marrones<\/strong>, cada <strong>magdalena<\/strong> se convierte en una peque\u00f1a obra maestra lista para seducir a los ojos antes que a las papilas gustativas. <\/p>\n<p><!--more--><\/p>\n<p><strong>Ventajas :<\/strong><\/p>\n<ul>\n<li><strong data-start=\"1958\" data-end=\"1981\">Papel sulfurizado<\/strong>: horneado limpio y desmoldado f\u00e1cil.<\/li>\n<li><strong data-start=\"2024\" data-end=\"2048\">Resistencia t\u00e9rmica<\/strong> de -40\u00b0C a 220\u00b0C.<\/li>\n<li><strong data-start=\"2073\" data-end=\"2097\">Dise\u00f1o de tulip\u00e1n marr\u00f3n<\/strong> para realzar sus creaciones.<\/li>\n<li>Ideal para <strong data-start=\"2153\" data-end=\"2165\">magdalenas<\/strong> y <strong data-start=\"2169\" data-end=\"2180\">muffins<\/strong> individuales.<\/li>\n<li>Pr\u00e1ctico paquete <strong data-start=\"2217\" data-end=\"2231\">de 200 piezas<\/strong> para profesionales y aficionados.<\/li>\n<\/ul>\n<p>&nbsp;<\/p>\n<p><!--more--><\/p>\n<h4>Informaci\u00f3n adicional :<\/h4>\n<ul>\n<li><strong>Envase<\/strong>: Paquete de 200<\/li>\n<li><b>Di\u00e1metro <\/b>: 5 cm<\/li>\n<li><strong>Peso<\/strong>: 50 gr \/ m\u00b2<\/li>\n<li><strong>Altura<\/strong>: 5,5 \/ 8 cm<\/li>\n<li><strong>Color<\/strong>: Marr\u00f3n<\/li>\n<li><strong>Material<\/strong>: Papel sulfurizado<\/li>\n<li><strong>Temperatura de funcionamiento<\/strong>: -40 \u00b0C \/ 220 \u00b0C<\/li>\n<\/ul>\n<p>&nbsp;<\/p>\n<p><!--more--><\/p>\n<p>Estos estuches para magdalenas tambi\u00e9n est\u00e1n disponibles en marr\u00f3n: <span style=\"color: #d12727;\"><a style=\"color: #d12727;\" href=\"https:\/\/www.csj-emballages.com\/es\/produit\/150-moldes-surtidos-para-magdalenas-tulipan-papel-sulfurizado-50-x-100-mm\/\">MF175<\/a><\/span><\/p>\n<p>&nbsp;<\/p>\n<p><!--more--><\/p>\n<p><a href=\"https:\/\/www.csj-emballages.com\/es\/categorie-produit\/envasado-de-alimentos\/panaderia-y-pasteleria\/cajas-es-3\/cajas-de-tulipanes\/\">Ver el resto de nuestra gama de estuches para magdalenas<\/a><\/p>\n","protected":false},"excerpt":{"rendered":"<p>Estuche para magdalenas Descripci\u00f3n de nuestro molde marr\u00f3n para magdalenas, papel sulfurizado 15 x 15 cm, paquete de 200<\/p>\n","protected":false},"featured_media":244373,"template":"","meta":{"_acf_changed":false},"product_brand":[],"product_cat":[1145,2872],"product_tag":[],"class_list":{"0":"post-22033","1":"product","2":"type-product","3":"status-publish","4":"has-post-thumbnail","6":"product_cat-panaderia-y-pasteleria","7":"product_cat-cajas-de-tulipanes","9":"first","10":"instock","11":"taxable","12":"shipping-taxable","13":"purchasable","14":"product-type-simple"},"acf":[],"yoast_head":"<!-- This site is optimized with the Yoast SEO Premium plugin v26.6 (Yoast SEO v26.6) - https:\/\/yoast.com\/wordpress\/plugins\/seo\/ -->\n<title>Estuche marr\u00f3n para magdalenas Papel sulfurizado 15 x 15 cm por 200<\/title>\n<meta name=\"description\" content=\"Molde para magdalenas tulip\u00e1n de 15 x 15 cm, paquete de 200, papel sulfurizado, de -40 \u00b0C a 220 \u00b0C, marr\u00f3n para magdalenas y cupcakes.\" \/>\n<meta name=\"robots\" content=\"index, follow, max-snippet:-1, max-image-preview:large, max-video-preview:-1\" \/>\n<link rel=\"canonical\" href=\"https:\/\/www.csj-emballages.com\/es\/produit\/200-moldes-para-magdalenas-de-15-x-15-cm-marrones-y-antigrasa\/\" \/>\n<meta property=\"og:locale\" content=\"es_ES\" \/>\n<meta property=\"og:type\" content=\"article\" \/>\n<meta property=\"og:title\" content=\"Molde marr\u00f3n para magdalenas papel sulfurizado 15 x 15 cm x 200\" \/>\n<meta property=\"og:description\" content=\"Molde para magdalenas tulip\u00e1n de 15 x 15 cm, paquete de 200, papel sulfurizado, de -40 \u00b0C a 220 \u00b0C, marr\u00f3n para magdalenas y cupcakes.\" \/>\n<meta property=\"og:url\" content=\"https:\/\/www.csj-emballages.com\/es\/produit\/200-moldes-para-magdalenas-de-15-x-15-cm-marrones-y-antigrasa\/\" \/>\n<meta property=\"og:site_name\" content=\"CSJ Emballages\" \/>\n<meta property=\"article:publisher\" content=\"https:\/\/www.facebook.com\/csjemballages\" \/>\n<meta property=\"article:modified_time\" content=\"2026-04-28T00:16:29+00:00\" \/>\n<meta property=\"og:image\" content=\"https:\/\/www.csj-emballages.com\/wp-content\/uploads\/2024\/03\/MF150M.png\" \/>\n\t<meta property=\"og:image:width\" content=\"800\" \/>\n\t<meta property=\"og:image:height\" content=\"800\" \/>\n\t<meta property=\"og:image:type\" content=\"image\/png\" \/>\n<meta name=\"twitter:card\" content=\"summary_large_image\" \/>\n<meta name=\"twitter:label1\" content=\"Tiempo de lectura\" \/>\n\t<meta name=\"twitter:data1\" content=\"2 minutos\" \/>\n<script type=\"application\/ld+json\" class=\"yoast-schema-graph\">{\"@context\":\"https:\/\/schema.org\",\"@graph\":[{\"@type\":\"WebPage\",\"@id\":\"https:\/\/www.csj-emballages.com\/es\/produit\/200-moldes-para-magdalenas-de-15-x-15-cm-marrones-y-antigrasa\/\",\"url\":\"https:\/\/www.csj-emballages.com\/es\/produit\/200-moldes-para-magdalenas-de-15-x-15-cm-marrones-y-antigrasa\/\",\"name\":\"Estuche marr\u00f3n para magdalenas Papel sulfurizado 15 x 15 cm por 200\",\"isPartOf\":{\"@id\":\"https:\/\/www.csj-emballages.com\/es\/#website\"},\"primaryImageOfPage\":{\"@id\":\"https:\/\/www.csj-emballages.com\/es\/produit\/200-moldes-para-magdalenas-de-15-x-15-cm-marrones-y-antigrasa\/#primaryimage\"},\"image\":{\"@id\":\"https:\/\/www.csj-emballages.com\/es\/produit\/200-moldes-para-magdalenas-de-15-x-15-cm-marrones-y-antigrasa\/#primaryimage\"},\"thumbnailUrl\":\"https:\/\/www.csj-emballages.com\/wp-content\/uploads\/2024\/03\/MF150M.png\",\"datePublished\":\"2024-03-01T15:51:46+00:00\",\"dateModified\":\"2026-04-28T00:16:29+00:00\",\"description\":\"Molde para magdalenas tulip\u00e1n de 15 x 15 cm, paquete de 200, papel sulfurizado, de -40 \u00b0C a 220 \u00b0C, marr\u00f3n para magdalenas y cupcakes.\",\"breadcrumb\":{\"@id\":\"https:\/\/www.csj-emballages.com\/es\/produit\/200-moldes-para-magdalenas-de-15-x-15-cm-marrones-y-antigrasa\/#breadcrumb\"},\"inLanguage\":\"es\",\"potentialAction\":[{\"@type\":\"ReadAction\",\"target\":[\"https:\/\/www.csj-emballages.com\/es\/produit\/200-moldes-para-magdalenas-de-15-x-15-cm-marrones-y-antigrasa\/\"]}]},{\"@type\":\"ImageObject\",\"inLanguage\":\"es\",\"@id\":\"https:\/\/www.csj-emballages.com\/es\/produit\/200-moldes-para-magdalenas-de-15-x-15-cm-marrones-y-antigrasa\/#primaryimage\",\"url\":\"https:\/\/www.csj-emballages.com\/wp-content\/uploads\/2024\/03\/MF150M.png\",\"contentUrl\":\"https:\/\/www.csj-emballages.com\/wp-content\/uploads\/2024\/03\/MF150M.png\",\"width\":800,\"height\":800,\"caption\":\"Caissette \u00e0 muffin\"},{\"@type\":\"BreadcrumbList\",\"@id\":\"https:\/\/www.csj-emballages.com\/es\/produit\/200-moldes-para-magdalenas-de-15-x-15-cm-marrones-y-antigrasa\/#breadcrumb\",\"itemListElement\":[{\"@type\":\"ListItem\",\"position\":1,\"name\":\"Accueil\",\"item\":\"https:\/\/www.csj-emballages.com\/es\/universo-del-envasado-alimentario\/\"},{\"@type\":\"ListItem\",\"position\":2,\"name\":\"Tienda\",\"item\":\"https:\/\/www.csj-emballages.com\/tienda\/\"},{\"@type\":\"ListItem\",\"position\":3,\"name\":\"Molde marr\u00f3n para magdalenas papel sulfurizado 15 x 15 cm x 200\"}]},{\"@type\":\"WebSite\",\"@id\":\"https:\/\/www.csj-emballages.com\/es\/#website\",\"url\":\"https:\/\/www.csj-emballages.com\/es\/\",\"name\":\"CSJ Emballages\",\"description\":\"\",\"publisher\":{\"@id\":\"https:\/\/www.csj-emballages.com\/es\/#organization\"},\"potentialAction\":[{\"@type\":\"SearchAction\",\"target\":{\"@type\":\"EntryPoint\",\"urlTemplate\":\"https:\/\/www.csj-emballages.com\/es\/?s={search_term_string}\"},\"query-input\":{\"@type\":\"PropertyValueSpecification\",\"valueRequired\":true,\"valueName\":\"search_term_string\"}}],\"inLanguage\":\"es\"},{\"@type\":\"Organization\",\"@id\":\"https:\/\/www.csj-emballages.com\/es\/#Organization\/\",\"name\":\"CSJ Emballages\",\"url\":\"https:\/\/www.csj-emballages.com\/es\/\",\"logo\":{\"@type\":\"ImageObject\",\"inLanguage\":\"es\",\"@id\":\"https:\/\/www.csj-emballages.com\/es\/#\/schema\/logo\/image\/\",\"url\":\"https:\/\/www.csj-emballages.com\/wp-content\/uploads\/2023\/10\/logo_csj.webp\",\"contentUrl\":\"https:\/\/www.csj-emballages.com\/wp-content\/uploads\/2023\/10\/logo_csj.webp\",\"width\":250,\"height\":95,\"caption\":\"CSJ Emballages\"},\"image\":{\"@id\":\"https:\/\/www.csj-emballages.com\/es\/#\/schema\/logo\/image\/\"},\"sameAs\":[\"https:\/\/www.facebook.com\/csjemballages\"],\"address\":{\"@type\":\"PostalAddress\",\"streetAddress\":\"ZI La Lechere\",\"addressLocality\":\"Patornay\",\"postalCode\":\"39130\",\"addressCountry\":\"FR\"},\"contactPoint\":[{\"@type\":\"ContactPoint\",\"contactType\":\"Service client\",\"telephone\":\"0384254272\",\"email\":\"contact@csj-emballages.com\"}]}]}<\/script>\n<!-- \/ Yoast SEO Premium plugin. -->","yoast_head_json":{"title":"Estuche marr\u00f3n para magdalenas Papel sulfurizado 15 x 15 cm por 200","description":"Molde para magdalenas tulip\u00e1n de 15 x 15 cm, paquete de 200, papel sulfurizado, de -40 \u00b0C a 220 \u00b0C, marr\u00f3n para magdalenas y cupcakes.","robots":{"index":"index","follow":"follow","max-snippet":"max-snippet:-1","max-image-preview":"max-image-preview:large","max-video-preview":"max-video-preview:-1"},"canonical":"https:\/\/www.csj-emballages.com\/es\/produit\/200-moldes-para-magdalenas-de-15-x-15-cm-marrones-y-antigrasa\/","og_locale":"es_ES","og_type":"article","og_title":"Molde marr\u00f3n para magdalenas papel sulfurizado 15 x 15 cm x 200","og_description":"Molde para magdalenas tulip\u00e1n de 15 x 15 cm, paquete de 200, papel sulfurizado, de -40 \u00b0C a 220 \u00b0C, marr\u00f3n para magdalenas y cupcakes.","og_url":"https:\/\/www.csj-emballages.com\/es\/produit\/200-moldes-para-magdalenas-de-15-x-15-cm-marrones-y-antigrasa\/","og_site_name":"CSJ Emballages","article_publisher":"https:\/\/www.facebook.com\/csjemballages","article_modified_time":"2026-04-28T00:16:29+00:00","og_image":[{"width":800,"height":800,"url":"https:\/\/www.csj-emballages.com\/wp-content\/uploads\/2024\/03\/MF150M.png","type":"image\/png"}],"twitter_card":"summary_large_image","twitter_misc":{"Tiempo de lectura":"2 minutos"},"schema":{"@context":"https:\/\/schema.org","@graph":[{"@type":"WebPage","@id":"https:\/\/www.csj-emballages.com\/es\/produit\/200-moldes-para-magdalenas-de-15-x-15-cm-marrones-y-antigrasa\/","url":"https:\/\/www.csj-emballages.com\/es\/produit\/200-moldes-para-magdalenas-de-15-x-15-cm-marrones-y-antigrasa\/","name":"Estuche marr\u00f3n para magdalenas Papel sulfurizado 15 x 15 cm por 200","isPartOf":{"@id":"https:\/\/www.csj-emballages.com\/es\/#website"},"primaryImageOfPage":{"@id":"https:\/\/www.csj-emballages.com\/es\/produit\/200-moldes-para-magdalenas-de-15-x-15-cm-marrones-y-antigrasa\/#primaryimage"},"image":{"@id":"https:\/\/www.csj-emballages.com\/es\/produit\/200-moldes-para-magdalenas-de-15-x-15-cm-marrones-y-antigrasa\/#primaryimage"},"thumbnailUrl":"https:\/\/www.csj-emballages.com\/wp-content\/uploads\/2024\/03\/MF150M.png","datePublished":"2024-03-01T15:51:46+00:00","dateModified":"2026-04-28T00:16:29+00:00","description":"Molde para magdalenas tulip\u00e1n de 15 x 15 cm, paquete de 200, papel sulfurizado, de -40 \u00b0C a 220 \u00b0C, marr\u00f3n para magdalenas y cupcakes.","breadcrumb":{"@id":"https:\/\/www.csj-emballages.com\/es\/produit\/200-moldes-para-magdalenas-de-15-x-15-cm-marrones-y-antigrasa\/#breadcrumb"},"inLanguage":"es","potentialAction":[{"@type":"ReadAction","target":["https:\/\/www.csj-emballages.com\/es\/produit\/200-moldes-para-magdalenas-de-15-x-15-cm-marrones-y-antigrasa\/"]}]},{"@type":"ImageObject","inLanguage":"es","@id":"https:\/\/www.csj-emballages.com\/es\/produit\/200-moldes-para-magdalenas-de-15-x-15-cm-marrones-y-antigrasa\/#primaryimage","url":"https:\/\/www.csj-emballages.com\/wp-content\/uploads\/2024\/03\/MF150M.png","contentUrl":"https:\/\/www.csj-emballages.com\/wp-content\/uploads\/2024\/03\/MF150M.png","width":800,"height":800,"caption":"Caissette \u00e0 muffin"},{"@type":"BreadcrumbList","@id":"https:\/\/www.csj-emballages.com\/es\/produit\/200-moldes-para-magdalenas-de-15-x-15-cm-marrones-y-antigrasa\/#breadcrumb","itemListElement":[{"@type":"ListItem","position":1,"name":"Accueil","item":"https:\/\/www.csj-emballages.com\/es\/universo-del-envasado-alimentario\/"},{"@type":"ListItem","position":2,"name":"Tienda","item":"https:\/\/www.csj-emballages.com\/tienda\/"},{"@type":"ListItem","position":3,"name":"Molde marr\u00f3n para magdalenas papel sulfurizado 15 x 15 cm x 200"}]},{"@type":"WebSite","@id":"https:\/\/www.csj-emballages.com\/es\/#website","url":"https:\/\/www.csj-emballages.com\/es\/","name":"CSJ Emballages","description":"","publisher":{"@id":"https:\/\/www.csj-emballages.com\/es\/#organization"},"potentialAction":[{"@type":"SearchAction","target":{"@type":"EntryPoint","urlTemplate":"https:\/\/www.csj-emballages.com\/es\/?s={search_term_string}"},"query-input":{"@type":"PropertyValueSpecification","valueRequired":true,"valueName":"search_term_string"}}],"inLanguage":"es"},{"@type":"Organization","@id":"https:\/\/www.csj-emballages.com\/es\/#Organization\/","name":"CSJ Emballages","url":"https:\/\/www.csj-emballages.com\/es\/","logo":{"@type":"ImageObject","inLanguage":"es","@id":"https:\/\/www.csj-emballages.com\/es\/#\/schema\/logo\/image\/","url":"https:\/\/www.csj-emballages.com\/wp-content\/uploads\/2023\/10\/logo_csj.webp","contentUrl":"https:\/\/www.csj-emballages.com\/wp-content\/uploads\/2023\/10\/logo_csj.webp","width":250,"height":95,"caption":"CSJ Emballages"},"image":{"@id":"https:\/\/www.csj-emballages.com\/es\/#\/schema\/logo\/image\/"},"sameAs":["https:\/\/www.facebook.com\/csjemballages"],"address":{"@type":"PostalAddress","streetAddress":"ZI La Lechere","addressLocality":"Patornay","postalCode":"39130","addressCountry":"FR"},"contactPoint":[{"@type":"ContactPoint","contactType":"Service client","telephone":"0384254272","email":"contact@csj-emballages.com"}]}]}},"df_price":7.12,"df_sale_price":"","df_regular_price":7.12,"df_image_link":"https:\/\/www.csj-emballages.com\/wp-content\/uploads\/2024\/03\/MF150M-300x300.png","tiered_pricing_type":"fixed","tiered_pricing_fixed_rules":[],"tiered_pricing_percentage_rules":[],"tiered_pricing_minimum":1,"tiered_pricing_roles_data":[],"_links":{"self":[{"href":"https:\/\/www.csj-emballages.com\/es\/wp-json\/wp\/v2\/product\/22033","targetHints":{"allow":["GET"]}}],"collection":[{"href":"https:\/\/www.csj-emballages.com\/es\/wp-json\/wp\/v2\/product"}],"about":[{"href":"https:\/\/www.csj-emballages.com\/es\/wp-json\/wp\/v2\/types\/product"}],"wp:featuredmedia":[{"embeddable":true,"href":"https:\/\/www.csj-emballages.com\/es\/wp-json\/wp\/v2\/media\/244373"}],"wp:attachment":[{"href":"https:\/\/www.csj-emballages.com\/es\/wp-json\/wp\/v2\/media?parent=22033"}],"wp:term":[{"taxonomy":"product_brand","embeddable":true,"href":"https:\/\/www.csj-emballages.com\/es\/wp-json\/wp\/v2\/product_brand?post=22033"},{"taxonomy":"product_cat","embeddable":true,"href":"https:\/\/www.csj-emballages.com\/es\/wp-json\/wp\/v2\/product_cat?post=22033"},{"taxonomy":"product_tag","embeddable":true,"href":"https:\/\/www.csj-emballages.com\/es\/wp-json\/wp\/v2\/product_tag?post=22033"}],"curies":[{"name":"wp","href":"https:\/\/api.w.org\/{rel}","templated":true}]}}