{"id":22029,"date":"2024-03-01T16:51:48","date_gmt":"2024-03-01T15:51:48","guid":{"rendered":"https:\/\/u15jnbdpoq.preview.infomaniak.website\/produit\/250-moldes-de-plastico-para-conos-de-jamon-de-gelatina\/"},"modified":"2026-03-28T02:13:55","modified_gmt":"2026-03-28T01:13:55","slug":"250-moldes-de-plastico-para-conos-de-jamon-de-gelatina","status":"publish","type":"product","link":"https:\/\/www.csj-emballages.com\/es\/produit\/250-moldes-de-plastico-para-conos-de-jamon-de-gelatina\/","title":{"rendered":"Molde de aspic de cono de jam\u00f3n, pl\u00e1stico, 250 uds."},"content":{"rendered":"<h2>Molde de aspic<\/h2>\n<hr>\n<h3>Descripci\u00f3n de nuestro molde aspic cono de jam\u00f3n de pl\u00e1stico por 250<\/h3>\n<p><!--more--><\/p>\n<div class=\"flex max-w-full flex-col flex-grow\">\n<div class=\"min-h-8 text-message flex w-full flex-col items-end gap-2 whitespace-normal break-words text-start [.text-message+&amp;]:mt-5\" dir=\"auto\" data-message-author-role=\"assistant\" data-message-id=\"266ca6f3-5e07-4948-bd20-80ac5e6da4a5\" data-message-model-slug=\"gpt-4o\">\n<div class=\"flex w-full flex-col gap-1 empty:hidden first:pt-[3px]\">\n<div class=\"markdown prose w-full break-words dark:prose-invert dark\">\n<p data-start=\"211\" data-end=\"619\">El <strong>molde para \u00e1spic cucurucho de jam\u00f3n<\/strong> de <strong>pl\u00e1stico<\/strong> est\u00e1 especialmente dise\u00f1ado para la elaboraci\u00f3n y presentaci\u00f3n cuidada de preparaciones fr\u00edas como <strong>\u00e1spics, cucuruchos de jam\u00f3n, entrantes de hosteler\u00eda o aperitivos individuales<\/strong>. Su <strong>forma c\u00f3nica<\/strong> permite crear presentaciones elegantes y uniformes, ideales para realzar las preparaciones en vitrina, durante buf\u00e9s o eventos profesionales. <\/p>\n<p data-start=\"621\" data-end=\"1085\">Fabricado en pl\u00e1stico r\u00edgido de calidad alimentaria, este molde asegura una buena consistencia de las preparaciones durante todo el proceso de <strong>llenado, cuajado en fr\u00edo y desmoldado<\/strong>. Asimismo, su <strong>transparencia realza los ingredientes<\/strong> y las capas de la receta, ofreciendo un resultado <strong>visual atractivo y profesional<\/strong>. Es especialmente valorado por <strong>hosteleros, charcuteros, restauradores y organizadores de eventos<\/strong> que buscan una soluci\u00f3n pr\u00e1ctica y est\u00e9tica.  <\/p>\n<p data-start=\"1087\" data-end=\"1368\">El formato <strong>cucurucho<\/strong> est\u00e1 perfectamente adaptado a las preparaciones a base de <strong>jam\u00f3n, queso fresco, mousse, verduras o gelatina<\/strong>, permitiendo una dosificaci\u00f3n precisa y homog\u00e9nea. F\u00e1cil de manipular, este <strong>molde<\/strong> simplifica el trabajo en cocina y garantiza un resultado uniforme, incluso en producci\u00f3n en serie. <\/p>\n<p data-start=\"1370\" data-end=\"1628\">Acondicionado por <strong>lote de 250 unidades<\/strong>, el <strong>molde para \u00e1spic cucurucho de jam\u00f3n<\/strong> es ideal para un uso profesional intensivo. En resumen, permite un ahorro de tiempo considerable asegurando al mismo tiempo una presentaci\u00f3n cuidada e higi\u00e9nica, conforme a las exigencias de los oficios de la alimentaci\u00f3n. <\/p>\n<p data-start=\"1370\" data-end=\"1628\">\n<\/div>\n<\/div>\n<\/div>\n<\/div>\n<p><!--more--><\/p>\n<h4>Ventajas :<\/h4>\n<ul>\n<li>El pl\u00e1stico liso permite retirar las preparaciones sin esfuerzo ni riesgo de rotura, garantizando una presentaci\u00f3n impecable.<\/li>\n<li>Cada molde ofrece dimensiones id\u00e9nticas, perfectas para una presentaci\u00f3n profesional y armoniosa.<\/li>\n<li>Soporta las preparaciones fr\u00edas o templadas sin deformaci\u00f3n.<\/li>\n<li>Gracias a su acondicionamiento de 250, es ideal para grandes producciones o eventos.<\/li>\n<li>Los \u00e1spics u otras preparaciones permanecen intactos, gracias a la solidez de los moldes.<\/li>\n<\/ul>\n<p>&nbsp;<\/p>\n<p><!--more--><\/p>\n<h4>Informaci\u00f3n adicional :<\/h4>\n<ul>\n<li><strong>Envase<\/strong>: Paquete de 250<\/li>\n<li><strong>Dimensiones<\/strong>: 67 x 83 (\u00d8 x A en mm)<\/li>\n<li><strong>Material<\/strong>: Tereftalato de polietileno (PET)<\/li>\n<li><strong>Uso<\/strong>: Fr\u00edo<\/li>\n<li><strong>Formato<\/strong>: Cornet \/ Smooth<\/li>\n<li><strong>Temperatura de funcionamiento<\/strong>: -40\u00b0C\/+70\u00b0C<\/li>\n<\/ul>\n<p>&nbsp;<\/p>\n<p><!--more--><\/p>\n<p>Producto disponible en distintos formatos: <span style=\"color: #d12727;\"><a style=\"color: #d12727;\" href=\"https:\/\/www.csj-emballages.com\/es\/produit\/150-moldes-ovalados-para-aspic-70-ml\/\">Oval<\/a><\/span> \/ <span style=\"color: #d12727;\"><a style=\"color: #d12727;\" href=\"https:\/\/www.csj-emballages.com\/es\/produit\/250-moldes-de-aspic-medallon-70-ml\/\">Medall\u00f3n<\/a><\/span> \/ <span style=\"color: #d12727;\"><a style=\"color: #d12727;\" href=\"https:\/\/www.csj-emballages.com\/es\/produit\/100-moldes-de-plastico-para-agujas-de-gelatina\/\">Aguja<\/a><\/span><\/p>\n<p>&nbsp;<\/p>\n<p><!--more--><\/p>\n<p><a href=\"https:\/\/www.csj-emballages.com\/es\/categorie-produit\/envasado-de-alimentos\/carniceria-y-charcuteria\/bandejas-latas-y-tarros\/bandejas-latas-tarros-de-comida\/moldes-de-aspic\/\">Ver el resto de nuestra gama de moldes para \u00e1spic<\/a><\/p>\n","protected":false},"excerpt":{"rendered":"<p>Molde de aspic Descripci\u00f3n de nuestro molde aspic cono de jam\u00f3n de pl\u00e1stico por 250<\/p>\n","protected":false},"featured_media":220985,"template":"","meta":{"_acf_changed":false},"product_brand":[],"product_cat":[1150,1143,1491,2866],"product_tag":[],"class_list":{"0":"post-22029","1":"product","2":"type-product","3":"status-publish","4":"has-post-thumbnail","6":"product_cat-envasado-de-alimentos","7":"product_cat-carniceria-y-charcuteria","8":"product_cat-bandejas-latas-tarros-de-comida","9":"product_cat-moldes-de-aspic","11":"first","12":"instock","13":"taxable","14":"shipping-taxable","15":"purchasable","16":"product-type-simple"},"acf":[],"yoast_head":"<!-- This site is optimized with the Yoast SEO Premium plugin v26.6 (Yoast SEO v26.6) - https:\/\/yoast.com\/wordpress\/plugins\/seo\/ -->\n<title>Molde aspic Cono jam\u00f3n, pl\u00e1stico, 250 uds.<\/title>\n<meta name=\"description\" content=\"Molde para \u00e1spic cucurucho de jam\u00f3n de pl\u00e1stico por 250 \u2013 Ideal para hosteleros y particulares. Porciones uniformes, f\u00e1cil desmoldeo, higi\u00e9nico y pr\u00e1ctico.\" \/>\n<meta name=\"robots\" content=\"index, follow, max-snippet:-1, max-image-preview:large, max-video-preview:-1\" \/>\n<link rel=\"canonical\" href=\"https:\/\/www.csj-emballages.com\/es\/produit\/250-moldes-de-plastico-para-conos-de-jamon-de-gelatina\/\" \/>\n<meta property=\"og:locale\" content=\"es_ES\" \/>\n<meta property=\"og:type\" content=\"article\" \/>\n<meta property=\"og:title\" content=\"Molde de aspic de cono de jam\u00f3n, pl\u00e1stico, 250 uds.\" \/>\n<meta property=\"og:description\" content=\"Molde para \u00e1spic cucurucho de jam\u00f3n de pl\u00e1stico por 250 \u2013 Ideal para hosteleros y particulares. Porciones uniformes, f\u00e1cil desmoldeo, higi\u00e9nico y pr\u00e1ctico.\" \/>\n<meta property=\"og:url\" content=\"https:\/\/www.csj-emballages.com\/es\/produit\/250-moldes-de-plastico-para-conos-de-jamon-de-gelatina\/\" \/>\n<meta property=\"og:site_name\" content=\"CSJ Emballages\" \/>\n<meta property=\"article:publisher\" content=\"https:\/\/www.facebook.com\/csjemballages\" \/>\n<meta property=\"article:modified_time\" content=\"2026-03-28T01:13:55+00:00\" \/>\n<meta property=\"og:image\" content=\"https:\/\/www.csj-emballages.com\/wp-content\/uploads\/2024\/03\/cornet-jambon.webp\" \/>\n\t<meta property=\"og:image:width\" content=\"800\" \/>\n\t<meta property=\"og:image:height\" content=\"800\" \/>\n\t<meta property=\"og:image:type\" content=\"image\/webp\" \/>\n<meta name=\"twitter:card\" content=\"summary_large_image\" \/>\n<meta name=\"twitter:label1\" content=\"Tiempo de lectura\" \/>\n\t<meta name=\"twitter:data1\" content=\"2 minutos\" \/>\n<script type=\"application\/ld+json\" class=\"yoast-schema-graph\">{\"@context\":\"https:\/\/schema.org\",\"@graph\":[{\"@type\":\"WebPage\",\"@id\":\"https:\/\/www.csj-emballages.com\/es\/produit\/250-moldes-de-plastico-para-conos-de-jamon-de-gelatina\/\",\"url\":\"https:\/\/www.csj-emballages.com\/es\/produit\/250-moldes-de-plastico-para-conos-de-jamon-de-gelatina\/\",\"name\":\"Molde aspic Cono jam\u00f3n, pl\u00e1stico, 250 uds.\",\"isPartOf\":{\"@id\":\"https:\/\/www.csj-emballages.com\/es\/#website\"},\"primaryImageOfPage\":{\"@id\":\"https:\/\/www.csj-emballages.com\/es\/produit\/250-moldes-de-plastico-para-conos-de-jamon-de-gelatina\/#primaryimage\"},\"image\":{\"@id\":\"https:\/\/www.csj-emballages.com\/es\/produit\/250-moldes-de-plastico-para-conos-de-jamon-de-gelatina\/#primaryimage\"},\"thumbnailUrl\":\"https:\/\/www.csj-emballages.com\/wp-content\/uploads\/2024\/03\/cornet-jambon.webp\",\"datePublished\":\"2024-03-01T15:51:48+00:00\",\"dateModified\":\"2026-03-28T01:13:55+00:00\",\"description\":\"Molde para \u00e1spic cucurucho de jam\u00f3n de pl\u00e1stico por 250 \u2013 Ideal para hosteleros y particulares. Porciones uniformes, f\u00e1cil desmoldeo, higi\u00e9nico y pr\u00e1ctico.\",\"breadcrumb\":{\"@id\":\"https:\/\/www.csj-emballages.com\/es\/produit\/250-moldes-de-plastico-para-conos-de-jamon-de-gelatina\/#breadcrumb\"},\"inLanguage\":\"es\",\"potentialAction\":[{\"@type\":\"ReadAction\",\"target\":[\"https:\/\/www.csj-emballages.com\/es\/produit\/250-moldes-de-plastico-para-conos-de-jamon-de-gelatina\/\"]}]},{\"@type\":\"ImageObject\",\"inLanguage\":\"es\",\"@id\":\"https:\/\/www.csj-emballages.com\/es\/produit\/250-moldes-de-plastico-para-conos-de-jamon-de-gelatina\/#primaryimage\",\"url\":\"https:\/\/www.csj-emballages.com\/wp-content\/uploads\/2024\/03\/cornet-jambon.webp\",\"contentUrl\":\"https:\/\/www.csj-emballages.com\/wp-content\/uploads\/2024\/03\/cornet-jambon.webp\",\"width\":800,\"height\":800,\"caption\":\"Moule \u00e0 aspic\"},{\"@type\":\"BreadcrumbList\",\"@id\":\"https:\/\/www.csj-emballages.com\/es\/produit\/250-moldes-de-plastico-para-conos-de-jamon-de-gelatina\/#breadcrumb\",\"itemListElement\":[{\"@type\":\"ListItem\",\"position\":1,\"name\":\"Accueil\",\"item\":\"https:\/\/www.csj-emballages.com\/es\/universo-del-envasado-alimentario\/\"},{\"@type\":\"ListItem\",\"position\":2,\"name\":\"Tienda\",\"item\":\"https:\/\/www.csj-emballages.com\/tienda\/\"},{\"@type\":\"ListItem\",\"position\":3,\"name\":\"Molde de aspic de cono de jam\u00f3n, pl\u00e1stico, 250 uds.\"}]},{\"@type\":\"WebSite\",\"@id\":\"https:\/\/www.csj-emballages.com\/es\/#website\",\"url\":\"https:\/\/www.csj-emballages.com\/es\/\",\"name\":\"CSJ Emballages\",\"description\":\"\",\"publisher\":{\"@id\":\"https:\/\/www.csj-emballages.com\/es\/#organization\"},\"potentialAction\":[{\"@type\":\"SearchAction\",\"target\":{\"@type\":\"EntryPoint\",\"urlTemplate\":\"https:\/\/www.csj-emballages.com\/es\/?s={search_term_string}\"},\"query-input\":{\"@type\":\"PropertyValueSpecification\",\"valueRequired\":true,\"valueName\":\"search_term_string\"}}],\"inLanguage\":\"es\"},{\"@type\":\"Organization\",\"@id\":\"https:\/\/www.csj-emballages.com\/es\/#Organization\/\",\"name\":\"CSJ Emballages\",\"url\":\"https:\/\/www.csj-emballages.com\/es\/\",\"logo\":{\"@type\":\"ImageObject\",\"inLanguage\":\"es\",\"@id\":\"https:\/\/www.csj-emballages.com\/es\/#\/schema\/logo\/image\/\",\"url\":\"https:\/\/www.csj-emballages.com\/wp-content\/uploads\/2023\/10\/logo_csj.webp\",\"contentUrl\":\"https:\/\/www.csj-emballages.com\/wp-content\/uploads\/2023\/10\/logo_csj.webp\",\"width\":250,\"height\":95,\"caption\":\"CSJ Emballages\"},\"image\":{\"@id\":\"https:\/\/www.csj-emballages.com\/es\/#\/schema\/logo\/image\/\"},\"sameAs\":[\"https:\/\/www.facebook.com\/csjemballages\"],\"address\":{\"@type\":\"PostalAddress\",\"streetAddress\":\"ZI La Lechere\",\"addressLocality\":\"Patornay\",\"postalCode\":\"39130\",\"addressCountry\":\"FR\"},\"contactPoint\":[{\"@type\":\"ContactPoint\",\"contactType\":\"Service client\",\"telephone\":\"0384254272\",\"email\":\"contact@csj-emballages.com\"}]}]}<\/script>\n<!-- \/ Yoast SEO Premium plugin. -->","yoast_head_json":{"title":"Molde aspic Cono jam\u00f3n, pl\u00e1stico, 250 uds.","description":"Molde para \u00e1spic cucurucho de jam\u00f3n de pl\u00e1stico por 250 \u2013 Ideal para hosteleros y particulares. Porciones uniformes, f\u00e1cil desmoldeo, higi\u00e9nico y pr\u00e1ctico.","robots":{"index":"index","follow":"follow","max-snippet":"max-snippet:-1","max-image-preview":"max-image-preview:large","max-video-preview":"max-video-preview:-1"},"canonical":"https:\/\/www.csj-emballages.com\/es\/produit\/250-moldes-de-plastico-para-conos-de-jamon-de-gelatina\/","og_locale":"es_ES","og_type":"article","og_title":"Molde de aspic de cono de jam\u00f3n, pl\u00e1stico, 250 uds.","og_description":"Molde para \u00e1spic cucurucho de jam\u00f3n de pl\u00e1stico por 250 \u2013 Ideal para hosteleros y particulares. Porciones uniformes, f\u00e1cil desmoldeo, higi\u00e9nico y pr\u00e1ctico.","og_url":"https:\/\/www.csj-emballages.com\/es\/produit\/250-moldes-de-plastico-para-conos-de-jamon-de-gelatina\/","og_site_name":"CSJ Emballages","article_publisher":"https:\/\/www.facebook.com\/csjemballages","article_modified_time":"2026-03-28T01:13:55+00:00","og_image":[{"width":800,"height":800,"url":"https:\/\/www.csj-emballages.com\/wp-content\/uploads\/2024\/03\/cornet-jambon.webp","type":"image\/webp"}],"twitter_card":"summary_large_image","twitter_misc":{"Tiempo de lectura":"2 minutos"},"schema":{"@context":"https:\/\/schema.org","@graph":[{"@type":"WebPage","@id":"https:\/\/www.csj-emballages.com\/es\/produit\/250-moldes-de-plastico-para-conos-de-jamon-de-gelatina\/","url":"https:\/\/www.csj-emballages.com\/es\/produit\/250-moldes-de-plastico-para-conos-de-jamon-de-gelatina\/","name":"Molde aspic Cono jam\u00f3n, pl\u00e1stico, 250 uds.","isPartOf":{"@id":"https:\/\/www.csj-emballages.com\/es\/#website"},"primaryImageOfPage":{"@id":"https:\/\/www.csj-emballages.com\/es\/produit\/250-moldes-de-plastico-para-conos-de-jamon-de-gelatina\/#primaryimage"},"image":{"@id":"https:\/\/www.csj-emballages.com\/es\/produit\/250-moldes-de-plastico-para-conos-de-jamon-de-gelatina\/#primaryimage"},"thumbnailUrl":"https:\/\/www.csj-emballages.com\/wp-content\/uploads\/2024\/03\/cornet-jambon.webp","datePublished":"2024-03-01T15:51:48+00:00","dateModified":"2026-03-28T01:13:55+00:00","description":"Molde para \u00e1spic cucurucho de jam\u00f3n de pl\u00e1stico por 250 \u2013 Ideal para hosteleros y particulares. Porciones uniformes, f\u00e1cil desmoldeo, higi\u00e9nico y pr\u00e1ctico.","breadcrumb":{"@id":"https:\/\/www.csj-emballages.com\/es\/produit\/250-moldes-de-plastico-para-conos-de-jamon-de-gelatina\/#breadcrumb"},"inLanguage":"es","potentialAction":[{"@type":"ReadAction","target":["https:\/\/www.csj-emballages.com\/es\/produit\/250-moldes-de-plastico-para-conos-de-jamon-de-gelatina\/"]}]},{"@type":"ImageObject","inLanguage":"es","@id":"https:\/\/www.csj-emballages.com\/es\/produit\/250-moldes-de-plastico-para-conos-de-jamon-de-gelatina\/#primaryimage","url":"https:\/\/www.csj-emballages.com\/wp-content\/uploads\/2024\/03\/cornet-jambon.webp","contentUrl":"https:\/\/www.csj-emballages.com\/wp-content\/uploads\/2024\/03\/cornet-jambon.webp","width":800,"height":800,"caption":"Moule \u00e0 aspic"},{"@type":"BreadcrumbList","@id":"https:\/\/www.csj-emballages.com\/es\/produit\/250-moldes-de-plastico-para-conos-de-jamon-de-gelatina\/#breadcrumb","itemListElement":[{"@type":"ListItem","position":1,"name":"Accueil","item":"https:\/\/www.csj-emballages.com\/es\/universo-del-envasado-alimentario\/"},{"@type":"ListItem","position":2,"name":"Tienda","item":"https:\/\/www.csj-emballages.com\/tienda\/"},{"@type":"ListItem","position":3,"name":"Molde de aspic de cono de jam\u00f3n, pl\u00e1stico, 250 uds."}]},{"@type":"WebSite","@id":"https:\/\/www.csj-emballages.com\/es\/#website","url":"https:\/\/www.csj-emballages.com\/es\/","name":"CSJ Emballages","description":"","publisher":{"@id":"https:\/\/www.csj-emballages.com\/es\/#organization"},"potentialAction":[{"@type":"SearchAction","target":{"@type":"EntryPoint","urlTemplate":"https:\/\/www.csj-emballages.com\/es\/?s={search_term_string}"},"query-input":{"@type":"PropertyValueSpecification","valueRequired":true,"valueName":"search_term_string"}}],"inLanguage":"es"},{"@type":"Organization","@id":"https:\/\/www.csj-emballages.com\/es\/#Organization\/","name":"CSJ Emballages","url":"https:\/\/www.csj-emballages.com\/es\/","logo":{"@type":"ImageObject","inLanguage":"es","@id":"https:\/\/www.csj-emballages.com\/es\/#\/schema\/logo\/image\/","url":"https:\/\/www.csj-emballages.com\/wp-content\/uploads\/2023\/10\/logo_csj.webp","contentUrl":"https:\/\/www.csj-emballages.com\/wp-content\/uploads\/2023\/10\/logo_csj.webp","width":250,"height":95,"caption":"CSJ Emballages"},"image":{"@id":"https:\/\/www.csj-emballages.com\/es\/#\/schema\/logo\/image\/"},"sameAs":["https:\/\/www.facebook.com\/csjemballages"],"address":{"@type":"PostalAddress","streetAddress":"ZI La Lechere","addressLocality":"Patornay","postalCode":"39130","addressCountry":"FR"},"contactPoint":[{"@type":"ContactPoint","contactType":"Service client","telephone":"0384254272","email":"contact@csj-emballages.com"}]}]}},"df_price":28.63,"df_sale_price":"","df_regular_price":28.63,"df_image_link":"https:\/\/www.csj-emballages.com\/wp-content\/uploads\/2024\/03\/cornet-jambon-300x300.webp","tiered_pricing_type":"fixed","tiered_pricing_fixed_rules":[],"tiered_pricing_percentage_rules":[],"tiered_pricing_minimum":1,"tiered_pricing_roles_data":[],"_links":{"self":[{"href":"https:\/\/www.csj-emballages.com\/es\/wp-json\/wp\/v2\/product\/22029","targetHints":{"allow":["GET"]}}],"collection":[{"href":"https:\/\/www.csj-emballages.com\/es\/wp-json\/wp\/v2\/product"}],"about":[{"href":"https:\/\/www.csj-emballages.com\/es\/wp-json\/wp\/v2\/types\/product"}],"wp:featuredmedia":[{"embeddable":true,"href":"https:\/\/www.csj-emballages.com\/es\/wp-json\/wp\/v2\/media\/220985"}],"wp:attachment":[{"href":"https:\/\/www.csj-emballages.com\/es\/wp-json\/wp\/v2\/media?parent=22029"}],"wp:term":[{"taxonomy":"product_brand","embeddable":true,"href":"https:\/\/www.csj-emballages.com\/es\/wp-json\/wp\/v2\/product_brand?post=22029"},{"taxonomy":"product_cat","embeddable":true,"href":"https:\/\/www.csj-emballages.com\/es\/wp-json\/wp\/v2\/product_cat?post=22029"},{"taxonomy":"product_tag","embeddable":true,"href":"https:\/\/www.csj-emballages.com\/es\/wp-json\/wp\/v2\/product_tag?post=22029"}],"curies":[{"name":"wp","href":"https:\/\/api.w.org\/{rel}","templated":true}]}}